{"id":6964,"date":"2019-07-05T13:43:50","date_gmt":"2019-07-05T13:43:50","guid":{"rendered":"http:\/\/srfb-wp.dphi.be\/?page_id=6964"},"modified":"2025-11-12T15:53:08","modified_gmt":"2025-11-12T14:53:08","slug":"forestcoaches","status":"publish","type":"page","link":"https:\/\/srfb.be\/en\/formations-et-activites\/lescoachsforestiers\/","title":{"rendered":"Forestry coaches"},"content":{"rendered":"<div class=\"yoast-breadcrumbs\"><span><span><a href=\"https:\/\/kbbm.be\/de\/\">Accueil<\/a><\/span> &gt; <span><a href=\"https:\/\/kbbm.be\/en\/trainings-and-activities\/\">Formations et activit\u00e9s<\/a><\/span> &gt; <span class=\"breadcrumb_last\" aria-current=\"page\"><strong>Les coachs forestiers<\/strong><\/span><\/span><\/div>\n\n\n<div class=\"wp-block-columns is-layout-flex wp-container-core-columns-is-layout-45c10ec9 wp-block-columns-is-layout-flex\" style=\"margin-top:var(--wp--preset--spacing--60);margin-bottom:var(--wp--preset--spacing--60)\">\n<div class=\"wp-block-column is-layout-flow wp-block-column-is-layout-flow\">\n<h2 class=\"wp-block-heading\">Ils sont l\u00e0 pour vous aider :<br>les Coachs forestiers<\/h2>\n\n\n\n<p class=\"has-orange-color-color has-text-color has-link-color wp-elements-2f4afdb48a0f14851992601844274437\">R\u00e9serv\u00e9 aux membres<\/p>\n\n\n\n<p>Toute une \u00e9quipe de forestiers volontaires exp\u00e9riment\u00e9s et form\u00e9s par la SRFB, via&nbsp;<a href=\"\/formations-et-activites\/\">les diverses formations<\/a>&nbsp;tout au long de l\u2019ann\u00e9e, vont \u00e0 la rencontre des propri\u00e9taires en questionnement.<\/p>\n\n\n\n<p>Vous ne savez pas par o\u00f9 commencer et vous posez des milliers de questions concernant votre for\u00eat ?&nbsp;<em><a href=\"\/formations-et-activites\/je-me-forme-pour-ma-foret\/ressources-educatives-eforown\/vendre_du_bois\/\" target=\"_blank\" rel=\"noreferrer noopener\">Vente de bois<\/a>,&nbsp;<a href=\"\/notions_cubage\/\" target=\"_blank\" rel=\"noreferrer noopener\">cubage<\/a>,&nbsp;<a href=\"\/notre-vision-de-la-foret-et-de-la-sylviculture\/\">diversification<\/a>,&nbsp;<a href=\"\/informations-sur-les-forets\/le_scolyte\/\">scolytes<\/a>,&nbsp;<a href=\"https:\/\/www.youtube.com\/watch?v=o2yKgsnQ0Rs\" target=\"_blank\" rel=\"noreferrer noopener\">\u00e9claircies<\/a>,&nbsp;<a href=\"\/informations-sur-les-forets\/la-sante-des-forets\/\">sant\u00e9 de votre for\u00eat<\/a>, etc.<\/em><\/p>\n\n\n\n<p>Les Coachs forestiers de la SRFB sont des propri\u00e9taires forestiers qui partagent leur exp\u00e9rience de propri\u00e9taire. C\u2019est bien dans ce contexte qu\u2019ils viennent \u00e0 votre rencontre et parcourent votre propri\u00e9t\u00e9 avec vous. Ils vous orientent vers les professionnels le cas \u00e9ch\u00e9ant.<\/p>\n\n\n\n<div class=\"wp-block-buttons is-layout-flex wp-block-buttons-is-layout-flex\">\n<div class=\"wp-block-button\"><a class=\"wp-block-button__link has-vert-fonce-color-color has-text-color has-background has-link-color wp-element-button\" href=\"\/formations-et-activites\/\" style=\"background-color:#f2f2f2\"><i class=\"fas fa-graduation-cap\"><\/i> Trouver une formation<\/a><\/div>\n<\/div>\n<\/div>\n\n\n\n<div class=\"wp-block-column is-layout-flow wp-block-column-is-layout-flow\">\n<figure class=\"wp-block-image size-large\"><img decoding=\"async\" src=\"\/wp-content\/uploads\/2019\/07\/P5290098-scaled-1024x768.jpg\" alt=\"Toute une \u00e9quipe de forestiers volontaires exp\u00e9riment\u00e9s. Coach forestier.\"\/><\/figure>\n<\/div>\n<\/div>\n\n\n\n<h2 class=\"wp-block-heading has-text-align-center\">Envoyez votre demande<\/h2>\n\n\n\n<div class=\"wp-block-group is-layout-constrained wp-container-core-group-is-layout-bdbfdc43 wp-block-group-is-layout-constrained\"><div class='fluentform ff-default fluentform_wrapper_13  ff_guten_block ff_guten_block-13 ffs_custom_wrap'><form data-form_id=\"13\" id=\"fluentform_13\" class=\"frm-fluent-form fluent_form_13 ff-el-form-top ff_form_instance_13_1 ff-form-loading ff_has_v3_recptcha ffs_custom\" data-form_instance=\"ff_form_instance_13_1\" method=\"POST\" data-recptcha_key=\"6Le57_caAAAAAONi-tUbBRgh8pY4WFvTwsva_Nwx\" ><fieldset  style=\"border: none!important;margin: 0!important;padding: 0!important;background-color: transparent!important;box-shadow: none!important;outline: none!important; min-inline-size: 100%;\">\n                    <legend class=\"ff_screen_reader_title\" style=\"display: block; margin: 0!important;padding: 0!important;height: 0!important;text-indent: -999999px;width: 0!important;overflow:hidden;\">Demandes personnalis\u00e9es<\/legend><p style=\"display: none !important;\" class=\"akismet-fields-container\" data-prefix=\"ak_\"><label>&#916;<textarea name=\"ak_hp_textarea\" cols=\"45\" rows=\"8\" maxlength=\"100\"><\/textarea><\/label><input type=\"hidden\" id=\"ak_js_1\" name=\"ak_js\" value=\"10\"\/><script>document.getElementById( \"ak_js_1\" ).setAttribute( \"value\", ( new Date() ).getTime() );<\/script><\/p><input type='hidden' name='__fluent_form_embded_post_id' value='6964' \/><input type=\"hidden\" id=\"_fluentform_13_fluentformnonce\" name=\"_fluentform_13_fluentformnonce\" value=\"e03e84f063\" \/><input type=\"hidden\" name=\"_wp_http_referer\" value=\"\/en\/wp-json\/wp\/v2\/pages\/6964\" \/><div class='ff-el-group has-conditions'><div class=\"ff-el-input--label ff-el-is-required asterisk-right\"><label for='ff_13_hectar_number' id='label_ff_13_hectar_number' aria-label=\"Combien d&#039;hectar avez-vous ?\">Combien d&rsquo;hectar avez-vous ?<\/label><\/div><div class='ff-el-input--content'><input type=\"number\" name=\"hectar_number\" value=\"1\" id=\"ff_13_hectar_number\" class=\"ff-el-form-control\" data-name=\"hectar_number\" inputmode=\"numeric\" step=\"any\" min=\"1\" aria-valuemin=\"1\"  aria-invalid=\"false\" aria-required=true><\/div><\/div><div data-type=\"name-element\" data-name=\"names\" class=\" ff-field_container ff-name-field-wrapper\" ><div class='ff-t-container'><div class='ff-t-cell '><div class='ff-el-group  ff-el-form-top'><div class=\"ff-el-input--label ff-el-is-required asterisk-right\"><label for='ff_13_names_first_name_' id='label_ff_13_names_first_name_' >Pr\u00e9nom<\/label><\/div><div class='ff-el-input--content'><input type=\"text\" name=\"names[first_name]\" value=\"\" id=\"ff_13_names_first_name_\" class=\"ff-el-form-control\" placeholder=\"Pr\u00e9nom\" aria-invalid=\"false\" aria-required=true><\/div><\/div><\/div><div class='ff-t-cell '><div class='ff-el-group  ff-el-form-top'><div class=\"ff-el-input--label ff-el-is-required asterisk-right\"><label for='ff_13_names_last_name_' id='label_ff_13_names_last_name_' >Nom de famille<\/label><\/div><div class='ff-el-input--content'><input type=\"text\" name=\"names[last_name]\" value=\"\" id=\"ff_13_names_last_name_\" class=\"ff-el-form-control\" placeholder=\"Nom de famille\" aria-invalid=\"false\" aria-required=true><\/div><\/div><\/div><\/div><\/div><div data-name=\"ff_cn_id_1\"  class='ff-t-container ff-column-container ff_columns_total_2 '><div class='ff-t-cell ff-t-column-1' style='flex-basis: 50%;'><div class='ff-el-group'><div class=\"ff-el-input--label ff-el-is-required asterisk-right\"><label for='ff_13_email' id='label_ff_13_email' aria-label=\"E-mail\">E-mail<\/label><\/div><div class='ff-el-input--content'><input type=\"email\" name=\"email\" value=\"\" id=\"ff_13_email\" class=\"ff-el-form-control\" placeholder=\"info@srfb-kbbm.be\" data-name=\"email\"  aria-invalid=\"false\" aria-required=true><\/div><\/div><\/div><div class='ff-t-cell ff-t-column-2' style='flex-basis: 50%;'><div class='ff-el-group'><div class=\"ff-el-input--label asterisk-right\"><label for='ff_13_phone' id='label_ff_13_phone' aria-label=\"T\u00e9l\u00e9phone\">T\u00e9l\u00e9phone<\/label><\/div><div class='ff-el-input--content'><input name=\"phone\" class=\"ff-el-form-control ff-el-phone ff_el_with_extended_validation\" type=\"tel\" placeholder=\"Num\u00e9ro de portable\" data-name=\"phone\" id=\"ff_13_phone\" inputmode=\"tel\"  aria-invalid='false' aria-required=false><\/div><\/div><\/div><\/div><div class='ff-el-group center ff_list_buttons'><div class=\"ff-el-input--label asterisk-right\"><label   aria-label=\"Je suis membre ...\">Je suis membre &#8230;<\/label><div class=\"ff-el-tooltip\" data-content=\"Choix multiple possible\"><svg width=\"16\" height=\"16\" viewBox=\"0 0 25 25\"><path d=\"m329 393l0-46c0-2-1-4-2-6-2-2-4-3-7-3l-27 0 0-146c0-3-1-5-3-7-2-1-4-2-7-2l-91 0c-3 0-5 1-7 2-1 2-2 4-2 7l0 46c0 2 1 5 2 6 2 2 4 3 7 3l27 0 0 91-27 0c-3 0-5 1-7 3-1 2-2 4-2 6l0 46c0 3 1 5 2 7 2 1 4 2 7 2l128 0c3 0 5-1 7-2 1-2 2-4 2-7z m-36-256l0-46c0-2-1-4-3-6-2-2-4-3-7-3l-54 0c-3 0-5 1-7 3-2 2-3 4-3 6l0 46c0 3 1 5 3 7 2 1 4 2 7 2l54 0c3 0 5-1 7-2 2-2 3-4 3-7z m182 119c0 40-9 77-29 110-20 34-46 60-80 80-33 20-70 29-110 29-40 0-77-9-110-29-34-20-60-46-80-80-20-33-29-70-29-110 0-40 9-77 29-110 20-34 46-60 80-80 33-20 70-29 110-29 40 0 77 9 110 29 34 20 60 46 80 80 20 33 29 70 29 110z\" transform=\"scale(0.046875 0.046875)\"><\/path><\/svg><\/div><\/div><div class='ff-el-input--content'><div class='ff-el-form-check ff-el-form-check-'><label class='ff-el-form-check-label' for='checkbox_79d3b5e038cf6ffa53813bc7cd6c31e1'><input  type=\"checkbox\" name=\"checkbox[]\" data-name=\"checkbox\" class=\"ff-el-form-check-input ff-el-form-check-checkbox\" value=\"SRFB\"  id='checkbox_79d3b5e038cf6ffa53813bc7cd6c31e1' aria-label='SRFB' aria-invalid='false' aria-required=false> <span>SRFB<\/span><\/label><\/div><div class='ff-el-form-check ff-el-form-check-'><label class='ff-el-form-check-label' for='checkbox_8ca5e594e91badaa16e6be64b0247f52'><input  type=\"checkbox\" name=\"checkbox[]\" data-name=\"checkbox\" class=\"ff-el-form-check-input ff-el-form-check-checkbox\" value=\"NTF\"  id='checkbox_8ca5e594e91badaa16e6be64b0247f52' aria-label='NTF' aria-invalid='false' aria-required=false> <span>NTF<\/span><\/label><\/div><div class='ff-el-form-check ff-el-form-check-'><label class='ff-el-form-check-label' for='checkbox_f23a9bb644a665758fc7139b1d6e95ed'><input  type=\"checkbox\" name=\"checkbox[]\" data-name=\"checkbox\" class=\"ff-el-form-check-input ff-el-form-check-checkbox\" value=\"LV\"  id='checkbox_f23a9bb644a665758fc7139b1d6e95ed' aria-label='LV' aria-invalid='false' aria-required=false> <span>LV<\/span><\/label><\/div><\/div><\/div><div class='ff-el-group'><div class=\"ff-el-input--label ff-el-is-required asterisk-right\"><label for='ff_13_message' id='label_ff_13_message' aria-label=\"R\u00e9digez votre demande\">R\u00e9digez votre demande<\/label><\/div><div class='ff-el-input--content'><textarea aria-required=\"true\" aria-labelledby=\"label_ff_13_message\" name=\"message\" id=\"ff_13_message\" class=\"ff-el-form-control\" placeholder=\"R\u00e9digez votre demande...\" rows=\"5\" cols=\"2\" data-name=\"message\" ><\/textarea><\/div><\/div><div class='ff-el-group  ff-custom_html' tabindex='-1' data-name=\"custom_html-13_1\" ><p><i>En nous envoyant votre demande, vous affirmez avoir lu et acceptez la <a href=\"https:\/\/srfb.be\/declaration-de-confidentialite\" target=\"_blank\" rel=\"noopener\">d\u00e9claration de confidentialit\u00e9<\/a>\u00a0et \u00eates conscient d&rsquo;avoir le droit \u00e0 tout moment de vous r\u00e9tracter en faisant part de votre d\u00e9cision \u00e0 la SRFB Boulevard Bischoffsheim, 1-8 \u00e0 1000 Bruxelles ou par mail \u00e0\u00a0<a id=\"OWAb79d679b-bcaa-5714-6911-22a5d7fae149\" class=\"x_OWAAutoLink\" title=\"mailto:secretariat@srfb-kbbm.be\" href=\"mailto:secretariat@srfb-kbbm.be\" data-linkindex=\"2\">secretariat@srfb-kbbm.be<\/a><\/i><\/p><\/div><div class='ff-el-group ff-text-right bold ff_submit_btn_wrapper ff_submit_btn_wrapper_custom'><button class=\"ff-btn ff-btn-submit ff-btn-md ff_btn_style\" type=\"submit\" name=\"custom_submit_button-13_2\" data-name=\"custom_submit_button-13_2\"  aria-label=\"Envoyer\">Envoyer<\/button><style>form.fluent_form_13 .ff-btn-submit { background-color: #1a7efb; color: #ffffff; }<\/style><\/div><input type=\"hidden\" name=\"post_id\" value=\"6964\" data-name=\"post_id\" ><\/fieldset><\/form><div id='fluentform_13_errors' class='ff-errors-in-stack ff_form_instance_13_1 ff-form-loading_errors ff_form_instance_13_1_errors'><\/div><\/div>            <script type=\"text\/javascript\">\n                window.fluent_form_ff_form_instance_13_1 = {\"id\":\"13\",\"settings\":{\"layout\":{\"labelPlacement\":\"top\",\"helpMessagePlacement\":\"with_label\",\"errorMessagePlacement\":\"inline\",\"asteriskPlacement\":\"asterisk-right\"},\"restrictions\":{\"denyEmptySubmission\":{\"enabled\":false}}},\"form_instance\":\"ff_form_instance_13_1\",\"form_id_selector\":\"fluentform_13\",\"rules\":{\"hectar_number\":{\"required\":{\"value\":true,\"message\":\"Ce champ est obligatoire\",\"global\":false,\"global_message\":\"Ce champ est obligatoire\"},\"numeric\":{\"value\":true,\"message\":\"Ce champ doit contenir une valeur num\\u00e9rique\",\"global\":false,\"global_message\":\"Ce champ doit contenir une valeur num\\u00e9rique\"},\"min\":{\"value\":\"1\",\"message\":\"Valeur minimale est \",\"global\":false,\"global_message\":\"La validation \\u00e9choue pour la valeur minimale\"},\"max\":{\"value\":\"\",\"message\":\"Valeur maximale est \",\"global\":false,\"global_message\":\"La validation \\u00e9choue pour la valeur maximale\"},\"digits\":{\"value\":\"\",\"message\":\"Le nombre de chiffres doit \\u00eatre \",\"global\":false,\"global_message\":\"La validation \\u00e9choue pour les chiffres limit\\u00e9s\"}},\"names[first_name]\":{\"required\":{\"value\":true,\"message\":\"Ce champ est obligatoire\",\"global\":false,\"global_message\":\"Ce champ est obligatoire\"}},\"names[middle_name]\":{\"required\":{\"value\":false,\"message\":\"Ce champ est obligatoire\",\"global\":false,\"global_message\":\"Ce champ est obligatoire\"}},\"names[last_name]\":{\"required\":{\"value\":true,\"message\":\"Ce champ est obligatoire\",\"global\":false,\"global_message\":\"Ce champ est obligatoire\"}},\"email\":{\"required\":{\"value\":true,\"message\":\"Ce champ est obligatoire\",\"global\":false,\"global_message\":\"Ce champ est obligatoire\"},\"email\":{\"value\":true,\"message\":\"Ce champ doit contenir un e-mail valide\",\"global\":false,\"global_message\":\"Ce champ doit contenir un courriel valide\"}},\"phone\":{\"required\":{\"value\":false,\"message\":\"Ce champ est requis\",\"global\":false,\"global_message\":\"Ce champ est obligatoire\"},\"valid_phone_number\":{\"value\":true,\"message\":\"Le num\\u00e9ro de t\\u00e9l\\u00e9phone n'est pas valide\",\"global\":false,\"global_message\":\"Le num\\u00e9ro de t\\u00e9l\\u00e9phone n\\u2019est pas valide\"}},\"checkbox\":{\"required\":{\"value\":false,\"message\":\"Ce champ est obligatoire\",\"global\":false,\"global_message\":\"Ce champ est obligatoire\"}},\"message\":{\"required\":{\"value\":true,\"message\":\"Ce champ est obligatoire\",\"global\":false,\"global_message\":\"Ce champ est obligatoire\"}},\"g-recaptcha-response\":[]},\"debounce_time\":300,\"conditionals\":{\"hectar_number\":{\"type\":\"any\",\"status\":true,\"conditions\":[{\"field\":\"post_id\",\"value\":\"11918\",\"operator\":\"=\"},{\"field\":\"post_id\",\"value\":\"7906\",\"operator\":\"=\"}]}}};\n                            <\/script>\n            <\/div>\n","protected":false},"excerpt":{"rendered":"<p>Ils sont l\u00e0 pour vous aider :les Coachs forestiers R\u00e9serv\u00e9 aux membres Toute une \u00e9quipe de forestiers volontaires exp\u00e9riment\u00e9s et form\u00e9s par la SRFB, via&nbsp;les diverses formations&nbsp;tout au long de l\u2019ann\u00e9e, vont \u00e0 la rencontre des propri\u00e9taires en questionnement. Vous ne savez pas par o\u00f9 commencer et vous posez des milliers de questions concernant votre&#8230; <\/p>\n<div class=\"clear\"><\/div>\n<p><a href=\"https:\/\/srfb.be\/en\/formations-et-activites\/lescoachsforestiers\/\" class=\"excerpt-read-more\">Read More<\/a><\/p>","protected":false},"author":18,"featured_media":8659,"parent":5959,"menu_order":0,"comment_status":"closed","ping_status":"closed","template":"","meta":{"iawp_total_views":347,"footnotes":""},"class_list":["post-6964","page","type-page","status-publish","has-post-thumbnail","hentry"],"yoast_head":"<!-- This site is optimized with the Yoast SEO plugin v27.3 - https:\/\/yoast.com\/product\/yoast-seo-wordpress\/ -->\n<title>Les coachs forestiers - Soci\u00e9t\u00e9 Royale Foresti\u00e8re de Belgique<\/title>\n<meta name=\"description\" content=\"Toute une \u00e9quipe de coachs forestiers volontaires exp\u00e9riment\u00e9s et form\u00e9s pour aller \u00e0 la rencontre des propri\u00e9taires en questionnement.\" \/>\n<meta name=\"robots\" content=\"index, follow, max-snippet:-1, max-image-preview:large, max-video-preview:-1\" \/>\n<link rel=\"canonical\" href=\"https:\/\/srfb.be\/en\/trainings-and-activities\/forestcoaches\/\" \/>\n<meta property=\"og:locale\" content=\"en_GB\" \/>\n<meta property=\"og:type\" content=\"article\" \/>\n<meta property=\"og:title\" content=\"Les coachs forestiers - Soci\u00e9t\u00e9 Royale Foresti\u00e8re de Belgique\" \/>\n<meta property=\"og:description\" content=\"Toute une \u00e9quipe de coachs forestiers volontaires exp\u00e9riment\u00e9s et form\u00e9s pour aller \u00e0 la rencontre des propri\u00e9taires en questionnement.\" \/>\n<meta property=\"og:url\" content=\"https:\/\/srfb.be\/en\/trainings-and-activities\/forestcoaches\/\" \/>\n<meta property=\"og:site_name\" content=\"Soci\u00e9t\u00e9 Royale Foresti\u00e8re de Belgique\" \/>\n<meta property=\"article:publisher\" content=\"https:\/\/www.facebook.com\/srfb.be\" \/>\n<meta property=\"article:modified_time\" content=\"2025-11-12T14:53:08+00:00\" \/>\n<meta property=\"og:image\" content=\"https:\/\/srfb.be\/wp-content\/uploads\/2019\/07\/retouch\u00e9-2-e1563866657661.jpg\" \/>\n\t<meta property=\"og:image:width\" content=\"1700\" \/>\n\t<meta property=\"og:image:height\" content=\"1204\" \/>\n\t<meta property=\"og:image:type\" content=\"image\/jpeg\" \/>\n<script type=\"application\/ld+json\" class=\"yoast-schema-graph\">{\"@context\":\"https:\\\/\\\/schema.org\",\"@graph\":[{\"@type\":\"WebPage\",\"@id\":\"https:\\\/\\\/srfb.be\\\/nl\\\/opleidingen-en-activiteiten\\\/deboscoaches\\\/\",\"url\":\"https:\\\/\\\/srfb.be\\\/nl\\\/opleidingen-en-activiteiten\\\/deboscoaches\\\/\",\"name\":\"Les coachs forestiers - Soci\u00e9t\u00e9 Royale Foresti\u00e8re de Belgique\",\"isPartOf\":{\"@id\":\"https:\\\/\\\/kbbm.be\\\/de\\\/#website\"},\"primaryImageOfPage\":{\"@id\":\"https:\\\/\\\/srfb.be\\\/nl\\\/opleidingen-en-activiteiten\\\/deboscoaches\\\/#primaryimage\"},\"image\":{\"@id\":\"https:\\\/\\\/srfb.be\\\/nl\\\/opleidingen-en-activiteiten\\\/deboscoaches\\\/#primaryimage\"},\"thumbnailUrl\":\"https:\\\/\\\/srfb.be\\\/wp-content\\\/uploads\\\/2019\\\/07\\\/retouch\u00e9-2-e1563866657661.jpg\",\"datePublished\":\"2019-07-05T13:43:50+00:00\",\"dateModified\":\"2025-11-12T14:53:08+00:00\",\"description\":\"Toute une \u00e9quipe de coachs forestiers volontaires exp\u00e9riment\u00e9s et form\u00e9s pour aller \u00e0 la rencontre des propri\u00e9taires en questionnement.\",\"breadcrumb\":{\"@id\":\"https:\\\/\\\/srfb.be\\\/nl\\\/opleidingen-en-activiteiten\\\/deboscoaches\\\/#breadcrumb\"},\"inLanguage\":\"en-GB\",\"potentialAction\":[{\"@type\":\"ReadAction\",\"target\":[\"https:\\\/\\\/srfb.be\\\/nl\\\/opleidingen-en-activiteiten\\\/deboscoaches\\\/\"]}]},{\"@type\":\"ImageObject\",\"inLanguage\":\"en-GB\",\"@id\":\"https:\\\/\\\/srfb.be\\\/nl\\\/opleidingen-en-activiteiten\\\/deboscoaches\\\/#primaryimage\",\"url\":\"https:\\\/\\\/srfb.be\\\/wp-content\\\/uploads\\\/2019\\\/07\\\/retouch\u00e9-2-e1563866657661.jpg\",\"contentUrl\":\"https:\\\/\\\/srfb.be\\\/wp-content\\\/uploads\\\/2019\\\/07\\\/retouch\u00e9-2-e1563866657661.jpg\",\"width\":1700,\"height\":1204,\"caption\":\"OLYMPUS DIGITAL CAMERA\"},{\"@type\":\"BreadcrumbList\",\"@id\":\"https:\\\/\\\/srfb.be\\\/nl\\\/opleidingen-en-activiteiten\\\/deboscoaches\\\/#breadcrumb\",\"itemListElement\":[{\"@type\":\"ListItem\",\"position\":1,\"name\":\"Accueil\",\"item\":\"https:\\\/\\\/kbbm.be\\\/de\\\/\"},{\"@type\":\"ListItem\",\"position\":2,\"name\":\"Formations et activit\u00e9s\",\"item\":\"https:\\\/\\\/kbbm.be\\\/en\\\/trainings-and-activities\\\/\"},{\"@type\":\"ListItem\",\"position\":3,\"name\":\"Les coachs forestiers\"}]},{\"@type\":\"WebSite\",\"@id\":\"https:\\\/\\\/kbbm.be\\\/de\\\/#website\",\"url\":\"https:\\\/\\\/kbbm.be\\\/de\\\/\",\"name\":\"Soci\u00e9t\u00e9 Royale Foresti\u00e8re de Belgique\",\"description\":\"Au service de la for\u00eat et des forestiers\",\"publisher\":{\"@id\":\"https:\\\/\\\/kbbm.be\\\/de\\\/#organization\"},\"alternateName\":\"SRFB-KBBM\",\"potentialAction\":[{\"@type\":\"SearchAction\",\"target\":{\"@type\":\"EntryPoint\",\"urlTemplate\":\"https:\\\/\\\/kbbm.be\\\/de\\\/?s={search_term_string}\"},\"query-input\":{\"@type\":\"PropertyValueSpecification\",\"valueRequired\":true,\"valueName\":\"search_term_string\"}}],\"inLanguage\":\"en-GB\"},{\"@type\":\"Organization\",\"@id\":\"https:\\\/\\\/kbbm.be\\\/de\\\/#organization\",\"name\":\"Soci\u00e9t\u00e9 Royale Foresti\u00e8re De Belgique - Koninklijke Belgische Bosbouwmaatschappij\",\"alternateName\":\"SRFB-KBBM\",\"url\":\"https:\\\/\\\/kbbm.be\\\/de\\\/\",\"logo\":{\"@type\":\"ImageObject\",\"inLanguage\":\"en-GB\",\"@id\":\"https:\\\/\\\/kbbm.be\\\/de\\\/#\\\/schema\\\/logo\\\/image\\\/\",\"url\":\"https:\\\/\\\/srfb.be\\\/wp-content\\\/uploads\\\/2019\\\/06\\\/android-chrome-256x256.png\",\"contentUrl\":\"https:\\\/\\\/srfb.be\\\/wp-content\\\/uploads\\\/2019\\\/06\\\/android-chrome-256x256.png\",\"width\":1200,\"height\":1232,\"caption\":\"Soci\u00e9t\u00e9 Royale Foresti\u00e8re De Belgique - Koninklijke Belgische Bosbouwmaatschappij\"},\"image\":{\"@id\":\"https:\\\/\\\/kbbm.be\\\/de\\\/#\\\/schema\\\/logo\\\/image\\\/\"},\"sameAs\":[\"https:\\\/\\\/www.facebook.com\\\/srfb.be\",\"https:\\\/\\\/www.instagram.com\\\/srfb_kbbm\\\/\",\"https:\\\/\\\/www.linkedin.com\\\/company\\\/srfb-kbbm\\\/\",\"https:\\\/\\\/www.youtube.com\\\/user\\\/srfbkbbm\"]}]}<\/script>\n<!-- \/ Yoast SEO plugin. -->","yoast_head_json":{"title":"Forestry coaches - Royal Belgian Forestry Society","description":"A whole team of experienced volunteer forestry coaches trained to go out and meet owners with questions.","robots":{"index":"index","follow":"follow","max-snippet":"max-snippet:-1","max-image-preview":"max-image-preview:large","max-video-preview":"max-video-preview:-1"},"canonical":"https:\/\/srfb.be\/en\/trainings-and-activities\/forestcoaches\/","og_locale":"en_GB","og_type":"article","og_title":"Les coachs forestiers - Soci\u00e9t\u00e9 Royale Foresti\u00e8re de Belgique","og_description":"Toute une \u00e9quipe de coachs forestiers volontaires exp\u00e9riment\u00e9s et form\u00e9s pour aller \u00e0 la rencontre des propri\u00e9taires en questionnement.","og_url":"https:\/\/srfb.be\/en\/trainings-and-activities\/forestcoaches\/","og_site_name":"Soci\u00e9t\u00e9 Royale Foresti\u00e8re de Belgique","article_publisher":"https:\/\/www.facebook.com\/srfb.be","article_modified_time":"2025-11-12T14:53:08+00:00","og_image":[{"width":1700,"height":1204,"url":"https:\/\/srfb.be\/wp-content\/uploads\/2019\/07\/retouch\u00e9-2-e1563866657661.jpg","type":"image\/jpeg"}],"schema":{"@context":"https:\/\/schema.org","@graph":[{"@type":"WebPage","@id":"https:\/\/srfb.be\/nl\/opleidingen-en-activiteiten\/deboscoaches\/","url":"https:\/\/srfb.be\/nl\/opleidingen-en-activiteiten\/deboscoaches\/","name":"Forestry coaches - Royal Belgian Forestry Society","isPartOf":{"@id":"https:\/\/kbbm.be\/de\/#website"},"primaryImageOfPage":{"@id":"https:\/\/srfb.be\/nl\/opleidingen-en-activiteiten\/deboscoaches\/#primaryimage"},"image":{"@id":"https:\/\/srfb.be\/nl\/opleidingen-en-activiteiten\/deboscoaches\/#primaryimage"},"thumbnailUrl":"https:\/\/srfb.be\/wp-content\/uploads\/2019\/07\/retouch\u00e9-2-e1563866657661.jpg","datePublished":"2019-07-05T13:43:50+00:00","dateModified":"2025-11-12T14:53:08+00:00","description":"A whole team of experienced volunteer forestry coaches trained to go out and meet owners with questions.","breadcrumb":{"@id":"https:\/\/srfb.be\/nl\/opleidingen-en-activiteiten\/deboscoaches\/#breadcrumb"},"inLanguage":"en-GB","potentialAction":[{"@type":"ReadAction","target":["https:\/\/srfb.be\/nl\/opleidingen-en-activiteiten\/deboscoaches\/"]}]},{"@type":"ImageObject","inLanguage":"en-GB","@id":"https:\/\/srfb.be\/nl\/opleidingen-en-activiteiten\/deboscoaches\/#primaryimage","url":"https:\/\/srfb.be\/wp-content\/uploads\/2019\/07\/retouch\u00e9-2-e1563866657661.jpg","contentUrl":"https:\/\/srfb.be\/wp-content\/uploads\/2019\/07\/retouch\u00e9-2-e1563866657661.jpg","width":1700,"height":1204,"caption":"OLYMPUS DIGITAL CAMERA"},{"@type":"BreadcrumbList","@id":"https:\/\/srfb.be\/nl\/opleidingen-en-activiteiten\/deboscoaches\/#breadcrumb","itemListElement":[{"@type":"ListItem","position":1,"name":"Accueil","item":"https:\/\/kbbm.be\/de\/"},{"@type":"ListItem","position":2,"name":"Formations et activit\u00e9s","item":"https:\/\/kbbm.be\/en\/trainings-and-activities\/"},{"@type":"ListItem","position":3,"name":"Les coachs forestiers"}]},{"@type":"WebSite","@id":"https:\/\/kbbm.be\/de\/#website","url":"https:\/\/kbbm.be\/de\/","name":"Royal Forestry Society of Belgium","description":"Serving forests and foresters","publisher":{"@id":"https:\/\/kbbm.be\/de\/#organization"},"alternateName":"SRFB-KBBM","potentialAction":[{"@type":"SearchAction","target":{"@type":"EntryPoint","urlTemplate":"https:\/\/kbbm.be\/de\/?s={search_term_string}"},"query-input":{"@type":"PropertyValueSpecification","valueRequired":true,"valueName":"search_term_string"}}],"inLanguage":"en-GB"},{"@type":"Organization","@id":"https:\/\/kbbm.be\/de\/#organization","name":"Soci\u00e9t\u00e9 Royale Foresti\u00e8re De Belgique - Koninklijke Belgische Bosbouwmaatschappij","alternateName":"SRFB-KBBM","url":"https:\/\/kbbm.be\/de\/","logo":{"@type":"ImageObject","inLanguage":"en-GB","@id":"https:\/\/kbbm.be\/de\/#\/schema\/logo\/image\/","url":"https:\/\/srfb.be\/wp-content\/uploads\/2019\/06\/android-chrome-256x256.png","contentUrl":"https:\/\/srfb.be\/wp-content\/uploads\/2019\/06\/android-chrome-256x256.png","width":1200,"height":1232,"caption":"Soci\u00e9t\u00e9 Royale Foresti\u00e8re De Belgique - Koninklijke Belgische Bosbouwmaatschappij"},"image":{"@id":"https:\/\/kbbm.be\/de\/#\/schema\/logo\/image\/"},"sameAs":["https:\/\/www.facebook.com\/srfb.be","https:\/\/www.instagram.com\/srfb_kbbm\/","https:\/\/www.linkedin.com\/company\/srfb-kbbm\/","https:\/\/www.youtube.com\/user\/srfbkbbm"]}]}},"_links":{"self":[{"href":"https:\/\/srfb.be\/en\/wp-json\/wp\/v2\/pages\/6964","targetHints":{"allow":["GET"]}}],"collection":[{"href":"https:\/\/srfb.be\/en\/wp-json\/wp\/v2\/pages"}],"about":[{"href":"https:\/\/srfb.be\/en\/wp-json\/wp\/v2\/types\/page"}],"author":[{"embeddable":true,"href":"https:\/\/srfb.be\/en\/wp-json\/wp\/v2\/users\/18"}],"replies":[{"embeddable":true,"href":"https:\/\/srfb.be\/en\/wp-json\/wp\/v2\/comments?post=6964"}],"version-history":[{"count":0,"href":"https:\/\/srfb.be\/en\/wp-json\/wp\/v2\/pages\/6964\/revisions"}],"up":[{"embeddable":true,"href":"https:\/\/srfb.be\/en\/wp-json\/wp\/v2\/pages\/5959"}],"wp:featuredmedia":[{"embeddable":true,"href":"https:\/\/srfb.be\/en\/wp-json\/wp\/v2\/media\/8659"}],"wp:attachment":[{"href":"https:\/\/srfb.be\/en\/wp-json\/wp\/v2\/media?parent=6964"}],"curies":[{"name":"wp","href":"https:\/\/api.w.org\/{rel}","templated":true}]}}