{"id":39664,"date":"2026-02-18T14:23:10","date_gmt":"2026-02-18T13:23:10","guid":{"rendered":"https:\/\/srfb.be\/?page_id=39664"},"modified":"2026-02-24T09:49:27","modified_gmt":"2026-02-24T08:49:27","slug":"course-a-la-lumiere","status":"publish","type":"page","link":"https:\/\/srfb.be\/en\/forest-friends\/services-et-activites\/proprietaires-ou-gestionnaires-forestiers\/course-a-la-lumiere\/","title":{"rendered":"Course \u00e0 la lumi\u00e8re !"},"content":{"rendered":"<div class=\"wp-block-group is-layout-constrained wp-block-group-is-layout-constrained\" style=\"margin-top:var(--wp--preset--spacing--60);margin-bottom:var(--wp--preset--spacing--60)\"><div class=\"yoast-breadcrumbs\"><span><span><a href=\"https:\/\/srfb.be\/en\/\">Home<\/a><\/span> &gt; <span><a href=\"https:\/\/srfb.be\/en\/forest-friends\/\">Discover Forest Friends<\/a><\/span> &gt; <span><a href=\"https:\/\/kbbm.be\/en\/forest-friends\/services-and-activities\/\">Services and activities<\/a><\/span> &gt; <span><a href=\"https:\/\/kbbm.be\/en\/forest-friends\/services-and-activities\/forest-owners-or-managers\/\">Forest owners or managers<\/a><\/span> &gt; <span class=\"breadcrumb_last\" aria-current=\"page\"><strong>Course \u00e0 la lumi\u00e8re !<\/strong><\/span><\/span><\/div><\/div>\n\n\n\n<div class=\"wp-block-group is-layout-constrained wp-container-core-group-is-layout-bdbfdc43 wp-block-group-is-layout-constrained\">\n<div class=\"wp-block-group has-grey-color-background-color has-background is-layout-constrained wp-container-core-group-is-layout-db32e940 wp-block-group-is-layout-constrained\" style=\"border-top-left-radius:7px;border-top-right-radius:7px;border-bottom-left-radius:7px;border-bottom-right-radius:7px;padding-top:var(--wp--preset--spacing--60);padding-right:var(--wp--preset--spacing--60);padding-bottom:var(--wp--preset--spacing--60);padding-left:var(--wp--preset--spacing--60)\">\n<p><em>Les arbres grandissent tous vers le soleil, mais la place est limit\u00e9e. Les forestiers en enl\u00e8vent quelques-uns pour laisser les plus prometteurs grossir et devenir le bois de nos maisons et nos meubles.<\/em>&nbsp;<\/p>\n\n\n\n<p>Cette op\u00e9ration sylvicole s\u2019appelle une \u00ab\u202f\u00e9claircie\u202f\u00bb et vise sp\u00e9cifiquement \u00e0\u202f:&nbsp;<\/p>\n\n\n\n<ul class=\"wp-block-list\">\n<li><strong>Favoriser la croissance<\/strong>\u202f: Les arbres s\u00e9lectionn\u00e9s b\u00e9n\u00e9ficient de plus de ressources pour cro\u00eetre en volume et en qualit\u00e9.&nbsp;<\/li>\n\n\n\n<li><strong>S\u00e9lectionner les meilleurs<\/strong>\u202f: On retire les arbres faibles, malades, mal form\u00e9s ou mal plac\u00e9s pour ne garder que les plus prometteurs (arbres d&rsquo;avenir).&nbsp;Ces arbres d\u2019avenir donneront&nbsp;du bois d\u2019\u0153uvre pour les b\u00e2timents, le mobilier\u2026Les bois d\u2019\u00e9claircie sont quant \u00e0 eux valoris\u00e9s en&nbsp;p\u00e2te \u00e0 papier ou bois de chauffage par exemple.&nbsp;<\/li>\n\n\n\n<li><strong>Am\u00e9liorer la sant\u00e9<\/strong>\u202f: On \u00e9limine les arbres atteints de maladies ou d&rsquo;insectes pour&nbsp;pr\u00e9server la sant\u00e9 de la for\u00eat.&nbsp;<\/li>\n\n\n\n<li><strong>G\u00e9rer la densit\u00e9<\/strong>\u202f: Cela r\u00e9duit la concurrence entre les arbres sur une m\u00eame surface.\u202f&nbsp;<\/li>\n<\/ul>\n<\/div>\n\n\n\n<div class=\"wp-block-group is-content-justification-center is-nowrap is-layout-flex wp-container-core-group-is-layout-35e816eb wp-block-group-is-layout-flex\" style=\"margin-top:var(--wp--preset--spacing--70);margin-bottom:var(--wp--preset--spacing--70)\">\n<hr class=\"wp-block-separator has-text-color has-grey-color-color has-alpha-channel-opacity has-grey-color-background-color has-background wp-container-content-759e20a8\" style=\"margin-top:0;margin-bottom:0\"\/>\n\n\n\n<figure class=\"wp-block-image size-large wp-container-content-e1bb55cb\"><img decoding=\"async\" src=\"https:\/\/srfb.be\/wp-content\/uploads\/2019\/07\/intro_offrez-vous.png\" alt=\"treat yourself\"\/><\/figure>\n\n\n\n<hr class=\"wp-block-separator has-text-color has-grey-color-color has-alpha-channel-opacity has-grey-color-background-color has-background wp-container-content-759e20a8\" style=\"margin-top:0;margin-bottom:0\"\/>\n<\/div>\n\n\n\n<h2 class=\"wp-block-heading has-text-align-center\"><strong>Quelle ambiance\u202f!<\/strong><\/h2>\n\n\n\n<p><em>La for\u00eat est un cocon peu habitu\u00e9 aux changements soudains. Les forestiers interviennent par petites touches, en respectant l\u2019ambiance naturelle de la for\u00eat et ses habitants.<\/em>&nbsp;<\/p>\n\n\n\n<p>Pour ce faire, les forestiers s\u00e9lectionnent avec soin les arbres \u00e0 pr\u00e9lever \u00e0 travers une op\u00e9ration nomm\u00e9e \u00ab\u202f<strong>hammering<\/strong>\u202f\u00bb qui consiste&nbsp;\u00e0 marquer les arbres choisis.&nbsp;<\/p>\n\n\n\n<p>En r\u00e9sum\u00e9, c&rsquo;est une intervention cibl\u00e9e pour sculpter la for\u00eat et garantir que les arbres qui atteindront la maturit\u00e9 seront de la meilleure qualit\u00e9 possible, optimisant ainsi la production de bois et&nbsp;le maintien d\u2019une ambiance foresti\u00e8re.&nbsp;<\/p>\n\n\n\n<div class=\"wp-block-group is-content-justification-center is-nowrap is-layout-flex wp-container-core-group-is-layout-35e816eb wp-block-group-is-layout-flex\" style=\"margin-top:var(--wp--preset--spacing--70);margin-bottom:var(--wp--preset--spacing--70)\">\n<hr class=\"wp-block-separator has-text-color has-grey-color-color has-alpha-channel-opacity has-grey-color-background-color has-background wp-container-content-759e20a8\" style=\"margin-top:0;margin-bottom:0\"\/>\n\n\n\n<figure class=\"wp-block-image size-large wp-container-content-e1bb55cb\"><img decoding=\"async\" src=\"https:\/\/srfb.be\/wp-content\/uploads\/2019\/07\/intro_offrez-vous.png\" alt=\"treat yourself\"\/><\/figure>\n\n\n\n<hr class=\"wp-block-separator has-text-color has-grey-color-color has-alpha-channel-opacity has-grey-color-background-color has-background wp-container-content-759e20a8\" style=\"margin-top:0;margin-bottom:0\"\/>\n<\/div>\n\n\n\n<h2 class=\"wp-block-heading has-text-align-center\"><strong>Lumi\u00e8res sur les petits nouveaux\u202f!<\/strong><\/h2>\n\n\n\n<p><em>Cette \u00e9claircie favorise aussi&nbsp;l\u2019arriv\u00e9e de jeunes arbres qui&nbsp;assureront l\u2019avenir de la for\u00eat,&nbsp;accompagn\u00e9s de fleurs et petits&nbsp;animaux aimant le soleil.<\/em>&nbsp;<\/p>\n\n\n\n<p>Le pr\u00e9l\u00e8vement de certains arbres permet aussi \u00e0 la lumi\u00e8re d\u2019entrer dans le peuplement, au b\u00e9n\u00e9fice des semis pr\u00e9sents sous le couvert.&nbsp;Ceux-ci pourront, \u00e0 terme, assurer la rel\u00e8ve pour&nbsp;<strong>r\u00e9g\u00e9n\u00e9rer<\/strong>&nbsp;la for\u00eat.&nbsp;&nbsp;<\/p>\n\n\n\n<p>Certaines fleurs comme&nbsp;la digitale pourpre (<em>Digitalis&nbsp;purpurea<\/em>)&nbsp;et beaucoup d\u2019autres profitent \u00e9galement de cette aubaine ainsi que diff\u00e9rents insectes, oiseaux ou encore reptiles.&nbsp;<\/p>\n\n\n\n<div class=\"wp-block-group is-content-justification-center is-nowrap is-layout-flex wp-container-core-group-is-layout-35e816eb wp-block-group-is-layout-flex\" style=\"margin-top:var(--wp--preset--spacing--70);margin-bottom:var(--wp--preset--spacing--70)\">\n<hr class=\"wp-block-separator has-text-color has-grey-color-color has-alpha-channel-opacity has-grey-color-background-color has-background wp-container-content-759e20a8\" style=\"margin-top:0;margin-bottom:0\"\/>\n\n\n\n<figure class=\"wp-block-image size-large wp-container-content-e1bb55cb\"><img decoding=\"async\" src=\"https:\/\/srfb.be\/wp-content\/uploads\/2019\/07\/intro_offrez-vous.png\" alt=\"treat yourself\"\/><\/figure>\n\n\n\n<hr class=\"wp-block-separator has-text-color has-grey-color-color has-alpha-channel-opacity has-grey-color-background-color has-background wp-container-content-759e20a8\" style=\"margin-top:0;margin-bottom:0\"\/>\n<\/div>\n\n\n\n<div class=\"wp-block-group has-white-color has-vert-claire-color-background-color has-text-color has-background has-link-color wp-elements-d7bc09e38df6dfdd64485d4415164648 is-layout-constrained wp-container-core-group-is-layout-db32e940 wp-block-group-is-layout-constrained\" style=\"border-top-left-radius:7px;border-top-right-radius:7px;border-bottom-left-radius:7px;border-bottom-right-radius:7px;padding-top:var(--wp--preset--spacing--60);padding-right:var(--wp--preset--spacing--60);padding-bottom:var(--wp--preset--spacing--60);padding-left:var(--wp--preset--spacing--60)\">\n<h2 class=\"wp-block-heading has-text-align-center has-white-color has-text-color has-link-color wp-elements-56261198feba380afc088d4fcfa1800b\"><strong>Good to know<\/strong>&nbsp;<\/h2>\n\n\n\n<p>Les op\u00e9rations d\u2019\u00e9claircie sont r\u00e9p\u00e9t\u00e9es tout au long de la vie du peuplement, \u00e0 des intervalles r\u00e9guliers nomm\u00e9s \u00ab\u202frotation\u202f\u00bb. La dur\u00e9e d\u2019une rotation d\u00e9pend des essences, de la structure du peuplement et du type de sylviculture. Citons par exemple la \u00ab\u202fSylviculture M\u00e9lang\u00e9e \u00e0 Couvert Continu\u202f\u00bb qui veille&nbsp;notamment&nbsp;\u00e0 doser l\u2019apport en lumi\u00e8re&nbsp;par des pr\u00e9l\u00e8vements cibl\u00e9s&nbsp;tout en pr\u00e9servant un couvert forestier permanent.&nbsp;<\/p>\n<\/div>\n\n\n\n<div class=\"wp-block-group has-grey-color-background-color has-background has-small-font-size is-layout-constrained wp-container-core-group-is-layout-db32e940 wp-block-group-is-layout-constrained\" style=\"border-top-left-radius:7px;border-top-right-radius:7px;border-bottom-left-radius:7px;border-bottom-right-radius:7px;padding-top:var(--wp--preset--spacing--60);padding-right:var(--wp--preset--spacing--60);padding-bottom:var(--wp--preset--spacing--60);padding-left:var(--wp--preset--spacing--60)\">\n<h3 class=\"wp-block-heading has-text-align-center\"><strong>Pour aller plus loin<\/strong>&nbsp;<\/h3>\n\n\n\n<ul class=\"wp-block-list\">\n<li>ForDiL\u202f: <a href=\"https:\/\/srfb.be\/en\/trainings-and-activities\/our-projects\/fordil\/\" type=\"page\" id=\"35676\">projet Erasmus+ visant le d\u00e9veloppement d\u2019une application num\u00e9rique d\u2019apprentissage de la SMCC<\/a>.&nbsp;<\/li>\n\n\n\n<li>Ressources en ligne\u202f: <a href=\"https:\/\/srfb.be\/en\/trainings-and-activities\/train-for-my-forest\/educational-resources\/lighten_your_population\/\" type=\"link\" id=\"https:\/\/srfb.be\/formations-et-activites\/je-me-forme-pour-ma-foret\/ressources-educatives\/eclaircir_ses_peuplements\/\" target=\"_blank\" rel=\"noreferrer noopener\">\u00e9claircir ses peuplements<\/a><\/li>\n\n\n\n<li>Campagne papier.be\u202f:\u00a0<a href=\"https:\/\/www.papier.be\/fr\/au-coeur-de-leconomie-circulaire\/\" target=\"_blank\" rel=\"noreferrer noopener\">https:\/\/www.papier.be\/fr\/au-coeur-de-leconomie-circulaire\/<\/a>\u00a0<\/li>\n<\/ul>\n<\/div>\n<\/div>","protected":false},"excerpt":{"rendered":"<p>Les arbres grandissent tous vers le soleil, mais la place est limit\u00e9e. Les forestiers en enl\u00e8vent quelques-uns pour laisser les plus prometteurs grossir et devenir le bois de nos maisons et nos meubles.&nbsp; Cette op\u00e9ration sylvicole s\u2019appelle une \u00ab\u202f\u00e9claircie\u202f\u00bb et vise sp\u00e9cifiquement \u00e0\u202f:&nbsp; Quelle ambiance\u202f! La for\u00eat est un cocon peu habitu\u00e9 aux changements soudains&#8230;. <\/p>\n<div class=\"clear\"><\/div>\n<p><a href=\"https:\/\/srfb.be\/en\/forest-friends\/services-et-activites\/proprietaires-ou-gestionnaires-forestiers\/course-a-la-lumiere\/\" class=\"excerpt-read-more\">Read More<\/a><\/p>","protected":false},"author":18,"featured_media":39650,"parent":31243,"menu_order":0,"comment_status":"closed","ping_status":"closed","template":"","meta":{"iawp_total_views":55,"footnotes":""},"class_list":["post-39664","page","type-page","status-publish","has-post-thumbnail","hentry"],"yoast_head":"<!-- This site is optimized with the Yoast SEO plugin v27.4 - https:\/\/yoast.com\/product\/yoast-seo-wordpress\/ -->\n<title>Course \u00e0 la lumi\u00e8re ! - Soci\u00e9t\u00e9 Royale Foresti\u00e8re de Belgique<\/title>\n<meta name=\"robots\" content=\"index, follow, max-snippet:-1, max-image-preview:large, max-video-preview:-1\" \/>\n<link rel=\"canonical\" href=\"https:\/\/srfb.be\/en\/forest-friends\/services-and-activities\/forest-owners-or-managers\/course-a-la-lumiere\/\" \/>\n<meta property=\"og:locale\" content=\"en_GB\" \/>\n<meta property=\"og:type\" content=\"article\" \/>\n<meta property=\"og:title\" content=\"Course \u00e0 la lumi\u00e8re ! - Soci\u00e9t\u00e9 Royale Foresti\u00e8re de Belgique\" \/>\n<meta property=\"og:description\" content=\"Les arbres grandissent tous vers le soleil, mais la place est limit\u00e9e. Les forestiers en enl\u00e8vent quelques-uns pour laisser les plus prometteurs grossir et devenir le bois de nos maisons et nos meubles.&nbsp; Cette op\u00e9ration sylvicole s\u2019appelle une \u00ab\u202f\u00e9claircie\u202f\u00bb et vise sp\u00e9cifiquement \u00e0\u202f:&nbsp; Quelle ambiance\u202f! La for\u00eat est un cocon peu habitu\u00e9 aux changements soudains.... Read More\" \/>\n<meta property=\"og:url\" content=\"https:\/\/srfb.be\/en\/forest-friends\/services-and-activities\/forest-owners-or-managers\/course-a-la-lumiere\/\" \/>\n<meta property=\"og:site_name\" content=\"Soci\u00e9t\u00e9 Royale Foresti\u00e8re de Belgique\" \/>\n<meta property=\"article:publisher\" content=\"https:\/\/www.facebook.com\/srfb.be\" \/>\n<meta property=\"article:modified_time\" content=\"2026-02-24T08:49:27+00:00\" \/>\n<meta property=\"og:image\" content=\"https:\/\/srfb.be\/wp-content\/uploads\/2026\/02\/2.jpg\" \/>\n\t<meta property=\"og:image:width\" content=\"1080\" \/>\n\t<meta property=\"og:image:height\" content=\"1080\" \/>\n\t<meta property=\"og:image:type\" content=\"image\/jpeg\" \/>\n<script type=\"application\/ld+json\" class=\"yoast-schema-graph\">{\"@context\":\"https:\\\/\\\/schema.org\",\"@graph\":[{\"@type\":\"WebPage\",\"@id\":\"https:\\\/\\\/srfb.be\\\/forest-friends\\\/services-et-activites\\\/proprietaires-ou-gestionnaires-forestiers\\\/course-a-la-lumiere\\\/\",\"url\":\"https:\\\/\\\/srfb.be\\\/forest-friends\\\/services-et-activites\\\/proprietaires-ou-gestionnaires-forestiers\\\/course-a-la-lumiere\\\/\",\"name\":\"Course \u00e0 la lumi\u00e8re ! - Soci\u00e9t\u00e9 Royale Foresti\u00e8re de Belgique\",\"isPartOf\":{\"@id\":\"https:\\\/\\\/srfb.be\\\/#website\"},\"primaryImageOfPage\":{\"@id\":\"https:\\\/\\\/srfb.be\\\/forest-friends\\\/services-et-activites\\\/proprietaires-ou-gestionnaires-forestiers\\\/course-a-la-lumiere\\\/#primaryimage\"},\"image\":{\"@id\":\"https:\\\/\\\/srfb.be\\\/forest-friends\\\/services-et-activites\\\/proprietaires-ou-gestionnaires-forestiers\\\/course-a-la-lumiere\\\/#primaryimage\"},\"thumbnailUrl\":\"https:\\\/\\\/srfb.be\\\/wp-content\\\/uploads\\\/2026\\\/02\\\/2.jpg\",\"datePublished\":\"2026-02-18T13:23:10+00:00\",\"dateModified\":\"2026-02-24T08:49:27+00:00\",\"breadcrumb\":{\"@id\":\"https:\\\/\\\/srfb.be\\\/forest-friends\\\/services-et-activites\\\/proprietaires-ou-gestionnaires-forestiers\\\/course-a-la-lumiere\\\/#breadcrumb\"},\"inLanguage\":\"en-GB\",\"potentialAction\":[{\"@type\":\"ReadAction\",\"target\":[\"https:\\\/\\\/srfb.be\\\/forest-friends\\\/services-et-activites\\\/proprietaires-ou-gestionnaires-forestiers\\\/course-a-la-lumiere\\\/\"]}]},{\"@type\":\"ImageObject\",\"inLanguage\":\"en-GB\",\"@id\":\"https:\\\/\\\/srfb.be\\\/forest-friends\\\/services-et-activites\\\/proprietaires-ou-gestionnaires-forestiers\\\/course-a-la-lumiere\\\/#primaryimage\",\"url\":\"https:\\\/\\\/srfb.be\\\/wp-content\\\/uploads\\\/2026\\\/02\\\/2.jpg\",\"contentUrl\":\"https:\\\/\\\/srfb.be\\\/wp-content\\\/uploads\\\/2026\\\/02\\\/2.jpg\",\"width\":1080,\"height\":1080,\"caption\":\"Course \u00e0 la lumi\u00e8re !\"},{\"@type\":\"BreadcrumbList\",\"@id\":\"https:\\\/\\\/srfb.be\\\/forest-friends\\\/services-et-activites\\\/proprietaires-ou-gestionnaires-forestiers\\\/course-a-la-lumiere\\\/#breadcrumb\",\"itemListElement\":[{\"@type\":\"ListItem\",\"position\":1,\"name\":\"Accueil\",\"item\":\"https:\\\/\\\/srfb.be\\\/\"},{\"@type\":\"ListItem\",\"position\":2,\"name\":\"D\u00e9couvrez Forest Friends\",\"item\":\"https:\\\/\\\/srfb.be\\\/forest-friends\\\/\"},{\"@type\":\"ListItem\",\"position\":3,\"name\":\"Services et activit\u00e9s\",\"item\":\"https:\\\/\\\/kbbm.be\\\/en\\\/forest-friends\\\/services-and-activities\\\/\"},{\"@type\":\"ListItem\",\"position\":4,\"name\":\"Propri\u00e9taires ou gestionnaires forestiers\",\"item\":\"https:\\\/\\\/kbbm.be\\\/en\\\/forest-friends\\\/services-and-activities\\\/forest-owners-or-managers\\\/\"},{\"@type\":\"ListItem\",\"position\":5,\"name\":\"Course \u00e0 la lumi\u00e8re !\"}]},{\"@type\":\"WebSite\",\"@id\":\"https:\\\/\\\/srfb.be\\\/#website\",\"url\":\"https:\\\/\\\/srfb.be\\\/\",\"name\":\"Soci\u00e9t\u00e9 Royale Foresti\u00e8re de Belgique\",\"description\":\"Au service de la for\u00eat et des forestiers\",\"publisher\":{\"@id\":\"https:\\\/\\\/srfb.be\\\/#organization\"},\"alternateName\":\"SRFB-KBBM\",\"potentialAction\":[{\"@type\":\"SearchAction\",\"target\":{\"@type\":\"EntryPoint\",\"urlTemplate\":\"https:\\\/\\\/srfb.be\\\/?s={search_term_string}\"},\"query-input\":{\"@type\":\"PropertyValueSpecification\",\"valueRequired\":true,\"valueName\":\"search_term_string\"}}],\"inLanguage\":\"en-GB\"},{\"@type\":\"Organization\",\"@id\":\"https:\\\/\\\/srfb.be\\\/#organization\",\"name\":\"Soci\u00e9t\u00e9 Royale Foresti\u00e8re De Belgique - Koninklijke Belgische Bosbouwmaatschappij\",\"alternateName\":\"SRFB-KBBM\",\"url\":\"https:\\\/\\\/srfb.be\\\/\",\"logo\":{\"@type\":\"ImageObject\",\"inLanguage\":\"en-GB\",\"@id\":\"https:\\\/\\\/srfb.be\\\/#\\\/schema\\\/logo\\\/image\\\/\",\"url\":\"https:\\\/\\\/srfb.be\\\/wp-content\\\/uploads\\\/2019\\\/06\\\/android-chrome-256x256.png\",\"contentUrl\":\"https:\\\/\\\/srfb.be\\\/wp-content\\\/uploads\\\/2019\\\/06\\\/android-chrome-256x256.png\",\"width\":1200,\"height\":1232,\"caption\":\"Soci\u00e9t\u00e9 Royale Foresti\u00e8re De Belgique - Koninklijke Belgische Bosbouwmaatschappij\"},\"image\":{\"@id\":\"https:\\\/\\\/srfb.be\\\/#\\\/schema\\\/logo\\\/image\\\/\"},\"sameAs\":[\"https:\\\/\\\/www.facebook.com\\\/srfb.be\",\"https:\\\/\\\/www.instagram.com\\\/srfb_kbbm\\\/\",\"https:\\\/\\\/www.linkedin.com\\\/company\\\/srfb-kbbm\\\/\",\"https:\\\/\\\/www.youtube.com\\\/user\\\/srfbkbbm\"]}]}<\/script>\n<!-- \/ Yoast SEO plugin. -->","yoast_head_json":{"title":"Course \u00e0 la lumi\u00e8re ! - Soci\u00e9t\u00e9 Royale Foresti\u00e8re de Belgique","robots":{"index":"index","follow":"follow","max-snippet":"max-snippet:-1","max-image-preview":"max-image-preview:large","max-video-preview":"max-video-preview:-1"},"canonical":"https:\/\/srfb.be\/en\/forest-friends\/services-and-activities\/forest-owners-or-managers\/course-a-la-lumiere\/","og_locale":"en_GB","og_type":"article","og_title":"Course \u00e0 la lumi\u00e8re ! - Soci\u00e9t\u00e9 Royale Foresti\u00e8re de Belgique","og_description":"Les arbres grandissent tous vers le soleil, mais la place est limit\u00e9e. Les forestiers en enl\u00e8vent quelques-uns pour laisser les plus prometteurs grossir et devenir le bois de nos maisons et nos meubles.&nbsp; Cette op\u00e9ration sylvicole s\u2019appelle une \u00ab\u202f\u00e9claircie\u202f\u00bb et vise sp\u00e9cifiquement \u00e0\u202f:&nbsp; Quelle ambiance\u202f! La for\u00eat est un cocon peu habitu\u00e9 aux changements soudains.... Read More","og_url":"https:\/\/srfb.be\/en\/forest-friends\/services-and-activities\/forest-owners-or-managers\/course-a-la-lumiere\/","og_site_name":"Soci\u00e9t\u00e9 Royale Foresti\u00e8re de Belgique","article_publisher":"https:\/\/www.facebook.com\/srfb.be","article_modified_time":"2026-02-24T08:49:27+00:00","og_image":[{"width":1080,"height":1080,"url":"https:\/\/srfb.be\/wp-content\/uploads\/2026\/02\/2.jpg","type":"image\/jpeg"}],"schema":{"@context":"https:\/\/schema.org","@graph":[{"@type":"WebPage","@id":"https:\/\/srfb.be\/forest-friends\/services-et-activites\/proprietaires-ou-gestionnaires-forestiers\/course-a-la-lumiere\/","url":"https:\/\/srfb.be\/forest-friends\/services-et-activites\/proprietaires-ou-gestionnaires-forestiers\/course-a-la-lumiere\/","name":"Course \u00e0 la lumi\u00e8re ! - Soci\u00e9t\u00e9 Royale Foresti\u00e8re de Belgique","isPartOf":{"@id":"https:\/\/srfb.be\/#website"},"primaryImageOfPage":{"@id":"https:\/\/srfb.be\/forest-friends\/services-et-activites\/proprietaires-ou-gestionnaires-forestiers\/course-a-la-lumiere\/#primaryimage"},"image":{"@id":"https:\/\/srfb.be\/forest-friends\/services-et-activites\/proprietaires-ou-gestionnaires-forestiers\/course-a-la-lumiere\/#primaryimage"},"thumbnailUrl":"https:\/\/srfb.be\/wp-content\/uploads\/2026\/02\/2.jpg","datePublished":"2026-02-18T13:23:10+00:00","dateModified":"2026-02-24T08:49:27+00:00","breadcrumb":{"@id":"https:\/\/srfb.be\/forest-friends\/services-et-activites\/proprietaires-ou-gestionnaires-forestiers\/course-a-la-lumiere\/#breadcrumb"},"inLanguage":"en-GB","potentialAction":[{"@type":"ReadAction","target":["https:\/\/srfb.be\/forest-friends\/services-et-activites\/proprietaires-ou-gestionnaires-forestiers\/course-a-la-lumiere\/"]}]},{"@type":"ImageObject","inLanguage":"en-GB","@id":"https:\/\/srfb.be\/forest-friends\/services-et-activites\/proprietaires-ou-gestionnaires-forestiers\/course-a-la-lumiere\/#primaryimage","url":"https:\/\/srfb.be\/wp-content\/uploads\/2026\/02\/2.jpg","contentUrl":"https:\/\/srfb.be\/wp-content\/uploads\/2026\/02\/2.jpg","width":1080,"height":1080,"caption":"Course \u00e0 la lumi\u00e8re !"},{"@type":"BreadcrumbList","@id":"https:\/\/srfb.be\/forest-friends\/services-et-activites\/proprietaires-ou-gestionnaires-forestiers\/course-a-la-lumiere\/#breadcrumb","itemListElement":[{"@type":"ListItem","position":1,"name":"Accueil","item":"https:\/\/srfb.be\/"},{"@type":"ListItem","position":2,"name":"D\u00e9couvrez Forest Friends","item":"https:\/\/srfb.be\/forest-friends\/"},{"@type":"ListItem","position":3,"name":"Services et activit\u00e9s","item":"https:\/\/kbbm.be\/en\/forest-friends\/services-and-activities\/"},{"@type":"ListItem","position":4,"name":"Propri\u00e9taires ou gestionnaires forestiers","item":"https:\/\/kbbm.be\/en\/forest-friends\/services-and-activities\/forest-owners-or-managers\/"},{"@type":"ListItem","position":5,"name":"Course \u00e0 la lumi\u00e8re !"}]},{"@type":"WebSite","@id":"https:\/\/srfb.be\/#website","url":"https:\/\/srfb.be\/","name":"Royal Forestry Society of Belgium","description":"Serving forests and foresters","publisher":{"@id":"https:\/\/srfb.be\/#organization"},"alternateName":"SRFB-KBBM","potentialAction":[{"@type":"SearchAction","target":{"@type":"EntryPoint","urlTemplate":"https:\/\/srfb.be\/?s={search_term_string}"},"query-input":{"@type":"PropertyValueSpecification","valueRequired":true,"valueName":"search_term_string"}}],"inLanguage":"en-GB"},{"@type":"Organization","@id":"https:\/\/srfb.be\/#organization","name":"Soci\u00e9t\u00e9 Royale Foresti\u00e8re De Belgique - Koninklijke Belgische Bosbouwmaatschappij","alternateName":"SRFB-KBBM","url":"https:\/\/srfb.be\/","logo":{"@type":"ImageObject","inLanguage":"en-GB","@id":"https:\/\/srfb.be\/#\/schema\/logo\/image\/","url":"https:\/\/srfb.be\/wp-content\/uploads\/2019\/06\/android-chrome-256x256.png","contentUrl":"https:\/\/srfb.be\/wp-content\/uploads\/2019\/06\/android-chrome-256x256.png","width":1200,"height":1232,"caption":"Soci\u00e9t\u00e9 Royale Foresti\u00e8re De Belgique - Koninklijke Belgische Bosbouwmaatschappij"},"image":{"@id":"https:\/\/srfb.be\/#\/schema\/logo\/image\/"},"sameAs":["https:\/\/www.facebook.com\/srfb.be","https:\/\/www.instagram.com\/srfb_kbbm\/","https:\/\/www.linkedin.com\/company\/srfb-kbbm\/","https:\/\/www.youtube.com\/user\/srfbkbbm"]}]}},"_links":{"self":[{"href":"https:\/\/srfb.be\/en\/wp-json\/wp\/v2\/pages\/39664","targetHints":{"allow":["GET"]}}],"collection":[{"href":"https:\/\/srfb.be\/en\/wp-json\/wp\/v2\/pages"}],"about":[{"href":"https:\/\/srfb.be\/en\/wp-json\/wp\/v2\/types\/page"}],"author":[{"embeddable":true,"href":"https:\/\/srfb.be\/en\/wp-json\/wp\/v2\/users\/18"}],"replies":[{"embeddable":true,"href":"https:\/\/srfb.be\/en\/wp-json\/wp\/v2\/comments?post=39664"}],"version-history":[{"count":2,"href":"https:\/\/srfb.be\/en\/wp-json\/wp\/v2\/pages\/39664\/revisions"}],"predecessor-version":[{"id":39696,"href":"https:\/\/srfb.be\/en\/wp-json\/wp\/v2\/pages\/39664\/revisions\/39696"}],"up":[{"embeddable":true,"href":"https:\/\/srfb.be\/en\/wp-json\/wp\/v2\/pages\/31243"}],"wp:featuredmedia":[{"embeddable":true,"href":"https:\/\/srfb.be\/en\/wp-json\/wp\/v2\/media\/39650"}],"wp:attachment":[{"href":"https:\/\/srfb.be\/en\/wp-json\/wp\/v2\/media?parent=39664"}],"curies":[{"name":"wp","href":"https:\/\/api.w.org\/{rel}","templated":true}]}}