{"id":39657,"date":"2026-02-18T14:02:39","date_gmt":"2026-02-18T13:02:39","guid":{"rendered":"https:\/\/srfb.be\/?page_id=39657"},"modified":"2026-02-24T09:53:38","modified_gmt":"2026-02-24T08:53:38","slug":"plantons-des-arbres","status":"publish","type":"page","link":"https:\/\/srfb.be\/en\/forest-friends\/services-et-activites\/proprietaires-ou-gestionnaires-forestiers\/plantons-des-arbres\/","title":{"rendered":"Let's plant trees!"},"content":{"rendered":"<div class=\"wp-block-group is-layout-constrained wp-block-group-is-layout-constrained\" style=\"margin-top:var(--wp--preset--spacing--60);margin-bottom:var(--wp--preset--spacing--60)\"><div class=\"yoast-breadcrumbs\"><span><span><a href=\"https:\/\/srfb.be\/nl\/\">Home<\/a><\/span> &gt; <span><a href=\"https:\/\/srfb.be\/en\/forest-friends\/\">Discover Forest Friends<\/a><\/span> &gt; <span><a href=\"https:\/\/srfb.be\/en\/forest-friends\/services-and-activities\/\">Services and activities<\/a><\/span> &gt; <span><a href=\"https:\/\/kbbm.be\/nl\/forest-friends\/diensten-en-activiteiten\/boseigenaren-of-beheerders\/\">Forest owners or managers<\/a><\/span> &gt; <span class=\"breadcrumb_last\" aria-current=\"page\"><strong>Let's plant trees!<\/strong><\/span><\/span><\/div><\/div>\n\n\n\n<div class=\"wp-block-group is-layout-constrained wp-container-core-group-is-layout-bdbfdc43 wp-block-group-is-layout-constrained\">\n<div class=\"wp-block-group has-grey-color-background-color has-background is-layout-constrained wp-container-core-group-is-layout-db32e940 wp-block-group-is-layout-constrained\" style=\"border-top-left-radius:7px;border-top-right-radius:7px;border-bottom-left-radius:7px;border-bottom-right-radius:7px;padding-top:var(--wp--preset--spacing--60);padding-right:var(--wp--preset--spacing--60);padding-bottom:var(--wp--preset--spacing--60);padding-left:var(--wp--preset--spacing--60)\">\n<p><em>In order to regenerate the forest, foresters plant trees suited to the soil and climate.<\/em>&nbsp;<\/p>\n\n\n\n<p>Plantations are among the tools available to foresters for regenerating a forest.&nbsp;<br>However, they do not plant just any tree, anywhere: each species has specific needs to ensure its growth, health, and ability to cope with adverse events.&nbsp;<\/p>\n\n\n\n<p>In technical terms, we talk about \u2019fuel-station suitability\u00ab.&nbsp;<br>This refers to the optimal compatibility between a tree species and its forest site (the soil, climate, and local conditions in which it is planted) in order to produce quality timber.&nbsp;<\/p>\n<\/div>\n\n\n\n<div class=\"wp-block-group is-content-justification-center is-nowrap is-layout-flex wp-container-core-group-is-layout-35e816eb wp-block-group-is-layout-flex\" style=\"margin-top:var(--wp--preset--spacing--70);margin-bottom:var(--wp--preset--spacing--70)\">\n<hr class=\"wp-block-separator has-text-color has-grey-color-color has-alpha-channel-opacity has-grey-color-background-color has-background wp-container-content-759e20a8\" style=\"margin-top:0;margin-bottom:0\"\/>\n\n\n\n<figure class=\"wp-block-image size-large wp-container-content-e1bb55cb\"><img decoding=\"async\" src=\"https:\/\/srfb.be\/wp-content\/uploads\/2019\/07\/intro_offrez-vous.png\" alt=\"treat yourself\"\/><\/figure>\n\n\n\n<hr class=\"wp-block-separator has-text-color has-grey-color-color has-alpha-channel-opacity has-grey-color-background-color has-background wp-container-content-759e20a8\" style=\"margin-top:0;margin-bottom:0\"\/>\n<\/div>\n\n\n\n<h2 class=\"wp-block-heading has-text-align-center\"><strong>Why plant?<\/strong>&nbsp;<\/h2>\n\n\n\n<p><em>To diversify the forest and help it cope with climate change, using species that are potentially better adapted without being invasive.<\/em>&nbsp;<\/p>\n\n\n\n<p>By planting species in forests that are potentially better suited to current and future climatic conditions \u2013 whether these are local, less common species, species from other regions, or a broader genetic diversity within existing species \u2013 foresters aim to strengthen the resilience of stands.&nbsp;<br>By resilience, we mean the capacity of a forest ecosystem to withstand disturbances (droughts, diseases, storms, etc.) and then recover, without losing its essential functions.&nbsp;<\/p>\n\n\n\n<p>These interventions aim not only to preserve the forest as a natural habitat but also to meet the needs for wood production (an essential resource for the sector) and for numerous societal uses.&nbsp;<\/p>\n\n\n\n<p>Our forests have been profoundly modified, simplified, and homogenised by centuries of human management, making them more vulnerable today to rapid climate changes and health crises. Left<strong>&nbsp;<\/strong>Nature would eventually find its own balance, even after major disturbances. However, our societies and the timber industry depend on specific forest services (production, stability, accessibility, safety, etc.) which could be severely compromised if no action were taken.&nbsp;<\/p>\n\n\n\n<p>When essences from other regions are considered, their selection is made with caution.&nbsp;<br>Foresters ensure that only non-invasive species are introduced, species that can integrate harmoniously with local ecosystems without upsetting existing environments.&nbsp;<\/p>\n\n\n\n<div class=\"wp-block-group is-content-justification-center is-nowrap is-layout-flex wp-container-core-group-is-layout-35e816eb wp-block-group-is-layout-flex\" style=\"margin-top:var(--wp--preset--spacing--70);margin-bottom:var(--wp--preset--spacing--70)\">\n<hr class=\"wp-block-separator has-text-color has-grey-color-color has-alpha-channel-opacity has-grey-color-background-color has-background wp-container-content-759e20a8\" style=\"margin-top:0;margin-bottom:0\"\/>\n\n\n\n<figure class=\"wp-block-image size-large wp-container-content-e1bb55cb\"><img decoding=\"async\" src=\"https:\/\/srfb.be\/wp-content\/uploads\/2019\/07\/intro_offrez-vous.png\" alt=\"treat yourself\"\/><\/figure>\n\n\n\n<hr class=\"wp-block-separator has-text-color has-grey-color-color has-alpha-channel-opacity has-grey-color-background-color has-background wp-container-content-759e20a8\" style=\"margin-top:0;margin-bottom:0\"\/>\n<\/div>\n\n\n\n<h2 class=\"wp-block-heading has-text-align-center\"><strong>Natural regeneration as a gift<\/strong>&nbsp;<\/h2>\n\n\n\n<p><em>Nature replants too! Foresters support this regeneration to preserve diversity and obtain sustainable, quality timber.<\/em>&nbsp;<\/p>\n\n\n\n<p>reproduction naturelle&nbsp;<strong>natural regeneration<\/strong>.&nbsp;<\/p>\n\n\n\n<p>In this case, the role of the forester is&nbsp;<strong>to accompany&nbsp;<\/strong>this natural process by different targeted interventions, for example:&nbsp;<\/p>\n\n\n\n<ul class=\"wp-block-list\">\n<li>protect young plants against damage from deer, stag and\/or wild boar,&nbsp;<\/li>\n\n\n\n<li>limit excessive vegetation growth,&nbsp;<\/li>\n\n\n\n<li>select the most robust trees to form the future stand,&nbsp;<\/li>\n\n\n\n<li>maintaining diversity by encouraging different spontaneous species,&nbsp;<\/li>\n\n\n\n<li>ensuring good wood quality by nurturing the growth of the most promising trees.&nbsp;<\/li>\n<\/ul>\n\n\n\n<div class=\"wp-block-group is-content-justification-center is-nowrap is-layout-flex wp-container-core-group-is-layout-35e816eb wp-block-group-is-layout-flex\" style=\"margin-top:var(--wp--preset--spacing--70);margin-bottom:var(--wp--preset--spacing--70)\">\n<hr class=\"wp-block-separator has-text-color has-grey-color-color has-alpha-channel-opacity has-grey-color-background-color has-background wp-container-content-759e20a8\" style=\"margin-top:0;margin-bottom:0\"\/>\n\n\n\n<figure class=\"wp-block-image size-large wp-container-content-e1bb55cb\"><img decoding=\"async\" src=\"https:\/\/srfb.be\/wp-content\/uploads\/2019\/07\/intro_offrez-vous.png\" alt=\"treat yourself\"\/><\/figure>\n\n\n\n<hr class=\"wp-block-separator has-text-color has-grey-color-color has-alpha-channel-opacity has-grey-color-background-color has-background wp-container-content-759e20a8\" style=\"margin-top:0;margin-bottom:0\"\/>\n<\/div>\n\n\n\n<div class=\"wp-block-group has-white-color has-vert-claire-color-background-color has-text-color has-background has-link-color wp-elements-d2562a8e72f2676dfb4bc1443c484e27 is-layout-constrained wp-container-core-group-is-layout-db32e940 wp-block-group-is-layout-constrained\" style=\"border-top-left-radius:7px;border-top-right-radius:7px;border-bottom-left-radius:7px;border-bottom-right-radius:7px;padding-top:var(--wp--preset--spacing--60);padding-right:var(--wp--preset--spacing--60);padding-bottom:var(--wp--preset--spacing--60);padding-left:var(--wp--preset--spacing--60)\">\n<h2 class=\"wp-block-heading has-text-align-center has-white-color has-text-color has-link-color wp-elements-56261198feba380afc088d4fcfa1800b\"><strong>Good to know<\/strong>&nbsp;<\/h2>\n\n\n\n<p>There is no single way to create the forest of tomorrow.&nbsp;<br>The foresters combine&nbsp;<strong>plantation<\/strong>&nbsp;and&nbsp;<strong>natural regeneration<\/strong>&nbsp;depending on the contexts, always with the aim of obtaining settlements&nbsp;<strong>scientific, diversified and resilient<\/strong>.&nbsp;<\/p>\n\n\n\n<p>By choosing the right species and allowing ample room for natural processes, they help to build a forest capable of&nbsp;<strong>resist, adapt and continue to offer us its many benefits<\/strong>.&nbsp;<\/p>\n<\/div>\n\n\n\n<div class=\"wp-block-group has-grey-color-background-color has-background has-small-font-size is-layout-constrained wp-container-core-group-is-layout-db32e940 wp-block-group-is-layout-constrained\" style=\"border-top-left-radius:7px;border-top-right-radius:7px;border-bottom-left-radius:7px;border-bottom-right-radius:7px;padding-top:var(--wp--preset--spacing--60);padding-right:var(--wp--preset--spacing--60);padding-bottom:var(--wp--preset--spacing--60);padding-left:var(--wp--preset--spacing--60)\">\n<h3 class=\"wp-block-heading has-text-align-center\"><strong>To go further<\/strong>&nbsp;<\/h3>\n\n\n\n<ul class=\"wp-block-list\">\n<li>Position of the SRFB: <a href=\"https:\/\/srfb.be\/en\/informations-on-forests\/forest-health\/nouvelles-essences-et-provenances-en-reponse-aux-changements-climatiques\/\" type=\"page\" id=\"39357\">Introducing new species and provenances in response to climate change: daring or reckless?&nbsp;<\/a><\/li>\n\n\n\n<li>Migforest <a href=\"https:\/\/srfb.be\/en\/trainings-and-activities\/our-projects\/migforest\/\" type=\"page\" id=\"35810\">European Interreg project aiming to deploy \u00abassisted migration\u00bb in Northwestern Europe.<\/a>&nbsp;<\/li>\n\n\n\n<li>Trees for the Future <a href=\"https:\/\/treesforfuture.be\/en\/\" type=\"link\" id=\"https:\/\/treesforfuture.be\/\" target=\"_blank\" rel=\"noreferrer noopener\">Experimental project aimed at identifying tree species and forest origins that will contribute to the adaptation of forests to climate change.&nbsp;<\/a><\/li>\n\n\n\n<li>FSC Belgium <a href=\"https:\/\/be.fsc.org\/be-fr\" target=\"_blank\" rel=\"noreferrer noopener\">https:\/\/be.fsc.org\/be-fr<\/a><\/li>\n\n\n\n<li>Fibowa, a media outlet on the future of the Walloon wood sector: <a href=\"https:\/\/fibowa.be\/\" target=\"_blank\" rel=\"noreferrer noopener\">https:\/\/fibowa.be\/<\/a><\/li>\n<\/ul>\n<\/div>\n<\/div>","protected":false},"excerpt":{"rendered":"<p>Afin de r\u00e9g\u00e9n\u00e9rer la for\u00eat, les forestiers plantent des arbres adapt\u00e9s au sol et au climat.&nbsp; Les plantations font partie des outils \u00e0 disposition des forestiers pour r\u00e9g\u00e9n\u00e9rer une for\u00eat.&nbsp;Ils ne plantent cependant pas n\u2019importe quel arbre, n\u2019importe o\u00f9 : chaque essence a des besoins sp\u00e9cifiques pour assurer sa croissance, sa sant\u00e9 et sa capacit\u00e9&#8230; <\/p>\n<div class=\"clear\"><\/div>\n<p><a href=\"https:\/\/srfb.be\/en\/forest-friends\/services-et-activites\/proprietaires-ou-gestionnaires-forestiers\/plantons-des-arbres\/\" class=\"excerpt-read-more\">Read More<\/a><\/p>","protected":false},"author":18,"featured_media":39649,"parent":31243,"menu_order":0,"comment_status":"closed","ping_status":"closed","template":"","meta":{"iawp_total_views":91,"footnotes":""},"class_list":["post-39657","page","type-page","status-publish","has-post-thumbnail","hentry"],"yoast_head":"<!-- This site is optimized with the Yoast SEO plugin v27.6 - https:\/\/yoast.com\/product\/yoast-seo-wordpress\/ -->\n<title>Plantons des arbres ! - Soci\u00e9t\u00e9 Royale Foresti\u00e8re de Belgique<\/title>\n<meta name=\"robots\" content=\"index, follow, max-snippet:-1, max-image-preview:large, max-video-preview:-1\" \/>\n<link rel=\"canonical\" href=\"https:\/\/srfb.be\/en\/forest-friends\/services-and-activities\/forest-owners-or-managers\/plantons-des-arbres\/\" \/>\n<meta property=\"og:locale\" content=\"en_GB\" \/>\n<meta property=\"og:type\" content=\"article\" \/>\n<meta property=\"og:title\" content=\"Plantons des arbres ! - Soci\u00e9t\u00e9 Royale Foresti\u00e8re de Belgique\" \/>\n<meta property=\"og:description\" content=\"Afin de r\u00e9g\u00e9n\u00e9rer la for\u00eat, les forestiers plantent des arbres adapt\u00e9s au sol et au climat.&nbsp; Les plantations font partie des outils \u00e0 disposition des forestiers pour r\u00e9g\u00e9n\u00e9rer une for\u00eat.&nbsp;Ils ne plantent cependant pas n\u2019importe quel arbre, n\u2019importe o\u00f9 : chaque essence a des besoins sp\u00e9cifiques pour assurer sa croissance, sa sant\u00e9 et sa capacit\u00e9... Read More\" \/>\n<meta property=\"og:url\" content=\"https:\/\/srfb.be\/en\/forest-friends\/services-and-activities\/forest-owners-or-managers\/plantons-des-arbres\/\" \/>\n<meta property=\"og:site_name\" content=\"Soci\u00e9t\u00e9 Royale Foresti\u00e8re de Belgique\" \/>\n<meta property=\"article:publisher\" content=\"https:\/\/www.facebook.com\/srfb.be\" \/>\n<meta property=\"article:modified_time\" content=\"2026-02-24T08:53:38+00:00\" \/>\n<meta property=\"og:image\" content=\"https:\/\/srfb.be\/wp-content\/uploads\/2026\/02\/1.jpg\" \/>\n\t<meta property=\"og:image:width\" content=\"1080\" \/>\n\t<meta property=\"og:image:height\" content=\"1080\" \/>\n\t<meta property=\"og:image:type\" content=\"image\/jpeg\" \/>\n<script type=\"application\/ld+json\" class=\"yoast-schema-graph\">{\"@context\":\"https:\\\/\\\/schema.org\",\"@graph\":[{\"@type\":\"WebPage\",\"@id\":\"https:\\\/\\\/srfb.be\\\/en\\\/forest-friends\\\/services-and-activities\\\/forest-owners-or-managers\\\/plantons-des-arbres\\\/\",\"url\":\"https:\\\/\\\/srfb.be\\\/en\\\/forest-friends\\\/services-and-activities\\\/forest-owners-or-managers\\\/plantons-des-arbres\\\/\",\"name\":\"Plantons des arbres ! - Soci\u00e9t\u00e9 Royale Foresti\u00e8re de Belgique\",\"isPartOf\":{\"@id\":\"https:\\\/\\\/srfb.be\\\/nl\\\/#website\"},\"primaryImageOfPage\":{\"@id\":\"https:\\\/\\\/srfb.be\\\/en\\\/forest-friends\\\/services-and-activities\\\/forest-owners-or-managers\\\/plantons-des-arbres\\\/#primaryimage\"},\"image\":{\"@id\":\"https:\\\/\\\/srfb.be\\\/en\\\/forest-friends\\\/services-and-activities\\\/forest-owners-or-managers\\\/plantons-des-arbres\\\/#primaryimage\"},\"thumbnailUrl\":\"https:\\\/\\\/srfb.be\\\/wp-content\\\/uploads\\\/2026\\\/02\\\/1.jpg\",\"datePublished\":\"2026-02-18T13:02:39+00:00\",\"dateModified\":\"2026-02-24T08:53:38+00:00\",\"breadcrumb\":{\"@id\":\"https:\\\/\\\/srfb.be\\\/en\\\/forest-friends\\\/services-and-activities\\\/forest-owners-or-managers\\\/plantons-des-arbres\\\/#breadcrumb\"},\"inLanguage\":\"en-GB\",\"potentialAction\":[{\"@type\":\"ReadAction\",\"target\":[\"https:\\\/\\\/srfb.be\\\/en\\\/forest-friends\\\/services-and-activities\\\/forest-owners-or-managers\\\/plantons-des-arbres\\\/\"]}]},{\"@type\":\"ImageObject\",\"inLanguage\":\"en-GB\",\"@id\":\"https:\\\/\\\/srfb.be\\\/en\\\/forest-friends\\\/services-and-activities\\\/forest-owners-or-managers\\\/plantons-des-arbres\\\/#primaryimage\",\"url\":\"https:\\\/\\\/srfb.be\\\/wp-content\\\/uploads\\\/2026\\\/02\\\/1.jpg\",\"contentUrl\":\"https:\\\/\\\/srfb.be\\\/wp-content\\\/uploads\\\/2026\\\/02\\\/1.jpg\",\"width\":1080,\"height\":1080,\"caption\":\"Plantons des arbres !\"},{\"@type\":\"BreadcrumbList\",\"@id\":\"https:\\\/\\\/srfb.be\\\/en\\\/forest-friends\\\/services-and-activities\\\/forest-owners-or-managers\\\/plantons-des-arbres\\\/#breadcrumb\",\"itemListElement\":[{\"@type\":\"ListItem\",\"position\":1,\"name\":\"Accueil\",\"item\":\"https:\\\/\\\/srfb.be\\\/nl\\\/\"},{\"@type\":\"ListItem\",\"position\":2,\"name\":\"D\u00e9couvrez Forest Friends\",\"item\":\"https:\\\/\\\/srfb.be\\\/forest-friends\\\/\"},{\"@type\":\"ListItem\",\"position\":3,\"name\":\"Services et activit\u00e9s\",\"item\":\"https:\\\/\\\/srfb.be\\\/forest-friends\\\/services-et-activites\\\/\"},{\"@type\":\"ListItem\",\"position\":4,\"name\":\"Propri\u00e9taires ou gestionnaires forestiers\",\"item\":\"https:\\\/\\\/kbbm.be\\\/nl\\\/forest-friends\\\/diensten-en-activiteiten\\\/boseigenaren-of-beheerders\\\/\"},{\"@type\":\"ListItem\",\"position\":5,\"name\":\"Plantons des arbres !\"}]},{\"@type\":\"WebSite\",\"@id\":\"https:\\\/\\\/srfb.be\\\/nl\\\/#website\",\"url\":\"https:\\\/\\\/srfb.be\\\/nl\\\/\",\"name\":\"Soci\u00e9t\u00e9 Royale Foresti\u00e8re de Belgique\",\"description\":\"Au service de la for\u00eat et des forestiers\",\"publisher\":{\"@id\":\"https:\\\/\\\/srfb.be\\\/nl\\\/#organization\"},\"alternateName\":\"SRFB-KBBM\",\"potentialAction\":[{\"@type\":\"SearchAction\",\"target\":{\"@type\":\"EntryPoint\",\"urlTemplate\":\"https:\\\/\\\/srfb.be\\\/nl\\\/?s={search_term_string}\"},\"query-input\":{\"@type\":\"PropertyValueSpecification\",\"valueRequired\":true,\"valueName\":\"search_term_string\"}}],\"inLanguage\":\"en-GB\"},{\"@type\":\"Organization\",\"@id\":\"https:\\\/\\\/srfb.be\\\/nl\\\/#organization\",\"name\":\"Soci\u00e9t\u00e9 Royale Foresti\u00e8re De Belgique - Koninklijke Belgische Bosbouwmaatschappij\",\"alternateName\":\"SRFB-KBBM\",\"url\":\"https:\\\/\\\/srfb.be\\\/nl\\\/\",\"logo\":{\"@type\":\"ImageObject\",\"inLanguage\":\"en-GB\",\"@id\":\"https:\\\/\\\/srfb.be\\\/nl\\\/#\\\/schema\\\/logo\\\/image\\\/\",\"url\":\"https:\\\/\\\/srfb.be\\\/wp-content\\\/uploads\\\/2019\\\/06\\\/android-chrome-256x256.png\",\"contentUrl\":\"https:\\\/\\\/srfb.be\\\/wp-content\\\/uploads\\\/2019\\\/06\\\/android-chrome-256x256.png\",\"width\":1200,\"height\":1232,\"caption\":\"Soci\u00e9t\u00e9 Royale Foresti\u00e8re De Belgique - Koninklijke Belgische Bosbouwmaatschappij\"},\"image\":{\"@id\":\"https:\\\/\\\/srfb.be\\\/nl\\\/#\\\/schema\\\/logo\\\/image\\\/\"},\"sameAs\":[\"https:\\\/\\\/www.facebook.com\\\/srfb.be\",\"https:\\\/\\\/www.instagram.com\\\/srfb_kbbm\\\/\",\"https:\\\/\\\/www.linkedin.com\\\/company\\\/srfb-kbbm\\\/\",\"https:\\\/\\\/www.youtube.com\\\/user\\\/srfbkbbm\"]}]}<\/script>\n<!-- \/ Yoast SEO plugin. -->","yoast_head_json":{"title":"Let's plant trees! - Royal Forest Society of Belgium","robots":{"index":"index","follow":"follow","max-snippet":"max-snippet:-1","max-image-preview":"max-image-preview:large","max-video-preview":"max-video-preview:-1"},"canonical":"https:\/\/srfb.be\/en\/forest-friends\/services-and-activities\/forest-owners-or-managers\/plantons-des-arbres\/","og_locale":"en_GB","og_type":"article","og_title":"Plantons des arbres ! - Soci\u00e9t\u00e9 Royale Foresti\u00e8re de Belgique","og_description":"Afin de r\u00e9g\u00e9n\u00e9rer la for\u00eat, les forestiers plantent des arbres adapt\u00e9s au sol et au climat.&nbsp; Les plantations font partie des outils \u00e0 disposition des forestiers pour r\u00e9g\u00e9n\u00e9rer une for\u00eat.&nbsp;Ils ne plantent cependant pas n\u2019importe quel arbre, n\u2019importe o\u00f9 : chaque essence a des besoins sp\u00e9cifiques pour assurer sa croissance, sa sant\u00e9 et sa capacit\u00e9... Read More","og_url":"https:\/\/srfb.be\/en\/forest-friends\/services-and-activities\/forest-owners-or-managers\/plantons-des-arbres\/","og_site_name":"Soci\u00e9t\u00e9 Royale Foresti\u00e8re de Belgique","article_publisher":"https:\/\/www.facebook.com\/srfb.be","article_modified_time":"2026-02-24T08:53:38+00:00","og_image":[{"width":1080,"height":1080,"url":"https:\/\/srfb.be\/wp-content\/uploads\/2026\/02\/1.jpg","type":"image\/jpeg"}],"schema":{"@context":"https:\/\/schema.org","@graph":[{"@type":"WebPage","@id":"https:\/\/srfb.be\/en\/forest-friends\/services-and-activities\/forest-owners-or-managers\/plantons-des-arbres\/","url":"https:\/\/srfb.be\/en\/forest-friends\/services-and-activities\/forest-owners-or-managers\/plantons-des-arbres\/","name":"Let's plant trees! - Royal Forest Society of Belgium","isPartOf":{"@id":"https:\/\/srfb.be\/nl\/#website"},"primaryImageOfPage":{"@id":"https:\/\/srfb.be\/en\/forest-friends\/services-and-activities\/forest-owners-or-managers\/plantons-des-arbres\/#primaryimage"},"image":{"@id":"https:\/\/srfb.be\/en\/forest-friends\/services-and-activities\/forest-owners-or-managers\/plantons-des-arbres\/#primaryimage"},"thumbnailUrl":"https:\/\/srfb.be\/wp-content\/uploads\/2026\/02\/1.jpg","datePublished":"2026-02-18T13:02:39+00:00","dateModified":"2026-02-24T08:53:38+00:00","breadcrumb":{"@id":"https:\/\/srfb.be\/en\/forest-friends\/services-and-activities\/forest-owners-or-managers\/plantons-des-arbres\/#breadcrumb"},"inLanguage":"en-GB","potentialAction":[{"@type":"ReadAction","target":["https:\/\/srfb.be\/en\/forest-friends\/services-and-activities\/forest-owners-or-managers\/plantons-des-arbres\/"]}]},{"@type":"ImageObject","inLanguage":"en-GB","@id":"https:\/\/srfb.be\/en\/forest-friends\/services-and-activities\/forest-owners-or-managers\/plantons-des-arbres\/#primaryimage","url":"https:\/\/srfb.be\/wp-content\/uploads\/2026\/02\/1.jpg","contentUrl":"https:\/\/srfb.be\/wp-content\/uploads\/2026\/02\/1.jpg","width":1080,"height":1080,"caption":"Plantons des arbres !"},{"@type":"BreadcrumbList","@id":"https:\/\/srfb.be\/en\/forest-friends\/services-and-activities\/forest-owners-or-managers\/plantons-des-arbres\/#breadcrumb","itemListElement":[{"@type":"ListItem","position":1,"name":"Accueil","item":"https:\/\/srfb.be\/nl\/"},{"@type":"ListItem","position":2,"name":"D\u00e9couvrez Forest Friends","item":"https:\/\/srfb.be\/forest-friends\/"},{"@type":"ListItem","position":3,"name":"Services et activit\u00e9s","item":"https:\/\/srfb.be\/forest-friends\/services-et-activites\/"},{"@type":"ListItem","position":4,"name":"Propri\u00e9taires ou gestionnaires forestiers","item":"https:\/\/kbbm.be\/nl\/forest-friends\/diensten-en-activiteiten\/boseigenaren-of-beheerders\/"},{"@type":"ListItem","position":5,"name":"Plantons des arbres !"}]},{"@type":"WebSite","@id":"https:\/\/srfb.be\/nl\/#website","url":"https:\/\/srfb.be\/nl\/","name":"Royal Forestry Society of Belgium","description":"Serving forests and foresters","publisher":{"@id":"https:\/\/srfb.be\/nl\/#organization"},"alternateName":"SRFB-KBBM","potentialAction":[{"@type":"SearchAction","target":{"@type":"EntryPoint","urlTemplate":"https:\/\/srfb.be\/nl\/?s={search_term_string}"},"query-input":{"@type":"PropertyValueSpecification","valueRequired":true,"valueName":"search_term_string"}}],"inLanguage":"en-GB"},{"@type":"Organization","@id":"https:\/\/srfb.be\/nl\/#organization","name":"Soci\u00e9t\u00e9 Royale Foresti\u00e8re De Belgique - Koninklijke Belgische Bosbouwmaatschappij","alternateName":"SRFB-KBBM","url":"https:\/\/srfb.be\/nl\/","logo":{"@type":"ImageObject","inLanguage":"en-GB","@id":"https:\/\/srfb.be\/nl\/#\/schema\/logo\/image\/","url":"https:\/\/srfb.be\/wp-content\/uploads\/2019\/06\/android-chrome-256x256.png","contentUrl":"https:\/\/srfb.be\/wp-content\/uploads\/2019\/06\/android-chrome-256x256.png","width":1200,"height":1232,"caption":"Soci\u00e9t\u00e9 Royale Foresti\u00e8re De Belgique - Koninklijke Belgische Bosbouwmaatschappij"},"image":{"@id":"https:\/\/srfb.be\/nl\/#\/schema\/logo\/image\/"},"sameAs":["https:\/\/www.facebook.com\/srfb.be","https:\/\/www.instagram.com\/srfb_kbbm\/","https:\/\/www.linkedin.com\/company\/srfb-kbbm\/","https:\/\/www.youtube.com\/user\/srfbkbbm"]}]}},"_links":{"self":[{"href":"https:\/\/srfb.be\/en\/wp-json\/wp\/v2\/pages\/39657","targetHints":{"allow":["GET"]}}],"collection":[{"href":"https:\/\/srfb.be\/en\/wp-json\/wp\/v2\/pages"}],"about":[{"href":"https:\/\/srfb.be\/en\/wp-json\/wp\/v2\/types\/page"}],"author":[{"embeddable":true,"href":"https:\/\/srfb.be\/en\/wp-json\/wp\/v2\/users\/18"}],"replies":[{"embeddable":true,"href":"https:\/\/srfb.be\/en\/wp-json\/wp\/v2\/comments?post=39657"}],"version-history":[{"count":3,"href":"https:\/\/srfb.be\/en\/wp-json\/wp\/v2\/pages\/39657\/revisions"}],"predecessor-version":[{"id":39700,"href":"https:\/\/srfb.be\/en\/wp-json\/wp\/v2\/pages\/39657\/revisions\/39700"}],"up":[{"embeddable":true,"href":"https:\/\/srfb.be\/en\/wp-json\/wp\/v2\/pages\/31243"}],"wp:featuredmedia":[{"embeddable":true,"href":"https:\/\/srfb.be\/en\/wp-json\/wp\/v2\/media\/39649"}],"wp:attachment":[{"href":"https:\/\/srfb.be\/en\/wp-json\/wp\/v2\/media?parent=39657"}],"curies":[{"name":"wp","href":"https:\/\/api.w.org\/{rel}","templated":true}]}}