{"id":38345,"date":"2025-04-14T16:18:47","date_gmt":"2025-04-14T14:18:47","guid":{"rendered":"https:\/\/srfb.be\/?page_id=38345"},"modified":"2025-04-14T16:18:50","modified_gmt":"2025-04-14T14:18:50","slug":"premiere-rencontre-internationale-du-projet-fordil-un-lancement-prometteur","status":"publish","type":"page","link":"https:\/\/srfb.be\/en\/formations-et-activites\/nos-projets\/fordil\/premiere-rencontre-internationale-du-projet-fordil-un-lancement-prometteur\/","title":{"rendered":"First international meeting of the ForDiL project: a promising launch!"},"content":{"rendered":"<div class=\"wp-block-columns is-layout-flex wp-container-core-columns-is-layout-28f84493 wp-block-columns-is-layout-flex\">\n<div class=\"wp-block-column is-layout-flow wp-block-column-is-layout-flow\" style=\"flex-basis:33.33%\">\n<figure class=\"wp-block-image aligncenter size-full is-resized\"><img loading=\"lazy\" decoding=\"async\" width=\"899\" height=\"946\" src=\"https:\/\/srfb.be\/wp-content\/uploads\/2024\/03\/EN_co_fundedvertical_RGB_POS.png\" alt=\"\" class=\"wp-image-35792\" style=\"width:183px;height:auto\" srcset=\"https:\/\/srfb.be\/wp-content\/uploads\/2024\/03\/EN_co_fundedvertical_RGB_POS.png 899w, https:\/\/srfb.be\/wp-content\/uploads\/2024\/03\/EN_co_fundedvertical_RGB_POS-285x300.png 285w, https:\/\/srfb.be\/wp-content\/uploads\/2024\/03\/EN_co_fundedvertical_RGB_POS-11x12.png 11w, https:\/\/srfb.be\/wp-content\/uploads\/2024\/03\/EN_co_fundedvertical_RGB_POS-600x631.png 600w\" sizes=\"auto, (max-width: 899px) 100vw, 899px\" \/><\/figure>\n<\/div>\n\n\n\n<div class=\"wp-block-column is-layout-flow wp-block-column-is-layout-flow\" style=\"flex-basis:66.66%\">\n<p><\/p>\n\n\n\n<p>This first meeting marks the official launch of the project, supported by the Erasmus+ programme. This ambitious project aims to promote the learning of continuous cover forestry (CCF) independently thanks to innovative digital tools.<\/p>\n\n\n\n<p class=\"translation-block\">The project partners \u2013 SRFB (Belgium), Mendel University (Czech Republic), Institut Genech (France), Institut Technique Horticole de Gembloux (Belgium) and Centre de D\u00e9veloppement Agroforestier de Chimay (Belgium) \u2013 have come together for an initial international meeting.<\/p>\n<\/div>\n<\/div>\n\n\n\n<hr class=\"wp-block-separator has-text-color has-cyan-bluish-gray-color has-alpha-channel-opacity has-cyan-bluish-gray-background-color has-background\"\/>\n\n\n\n<figure class=\"wp-block-image size-large\"><img loading=\"lazy\" decoding=\"async\" width=\"1024\" height=\"167\" src=\"https:\/\/srfb.be\/wp-content\/uploads\/2024\/03\/Partenaires-1024x167.png\" alt=\"\" class=\"wp-image-35800\" srcset=\"https:\/\/srfb.be\/wp-content\/uploads\/2024\/03\/Partenaires-1024x167.png 1024w, https:\/\/srfb.be\/wp-content\/uploads\/2024\/03\/Partenaires-300x49.png 300w, https:\/\/srfb.be\/wp-content\/uploads\/2024\/03\/Partenaires-18x3.png 18w, https:\/\/srfb.be\/wp-content\/uploads\/2024\/03\/Partenaires-600x98.png 600w, https:\/\/srfb.be\/wp-content\/uploads\/2024\/03\/Partenaires.png 1262w\" sizes=\"auto, (max-width: 1024px) 100vw, 1024px\" \/><\/figure>\n\n\n\n<hr class=\"wp-block-separator has-text-color has-cyan-bluish-gray-color has-alpha-channel-opacity has-cyan-bluish-gray-background-color has-background\"\/>\n\n\n\n<p>This key moment allowed the teams to get to know each other better, both on a personal and institutional level. It was also a question of defining the common vision of the project and establishing a clear working framework for the different aspects of ForDiL:<\/p>\n\n\n\n<ul class=\"wp-block-list\">\n<li>The main stages of the project and the distribution of contributions from each partner<\/li>\n\n\n\n<li>The educational infrastructure and tools to be developed, including hammer scopes, work scopes and a digital application dedicated to CCF approach.<\/li>\n\n\n\n<li>The educational approach, with enriching exchanges between the educational organisations involved.<\/li>\n<\/ul>\n\n\n\n<h2 class=\"wp-block-heading\">ForDiL: visual identity<\/h2>\n\n\n\n<p>This first meeting also saw a symbolic decision: the choice of the project name, logo and baseline. Shortly after this meeting, ForDiL for Forest Digital Learning was officially born, with a clear visual identity reflecting its ambitions.<\/p>\n\n\n\n<figure class=\"wp-block-image aligncenter size-full is-resized\"><img loading=\"lazy\" decoding=\"async\" width=\"480\" height=\"410\" src=\"https:\/\/srfb.be\/wp-content\/uploads\/2024\/03\/FORDIL2.png\" alt=\"\" class=\"wp-image-35663\" style=\"width:314px;height:auto\" srcset=\"https:\/\/srfb.be\/wp-content\/uploads\/2024\/03\/FORDIL2.png 480w, https:\/\/srfb.be\/wp-content\/uploads\/2024\/03\/FORDIL2-300x256.png 300w, https:\/\/srfb.be\/wp-content\/uploads\/2024\/03\/FORDIL2-14x12.png 14w\" sizes=\"auto, (max-width: 480px) 100vw, 480px\" \/><\/figure>\n\n\n\n<h2 class=\"wp-block-heading\">A collective project for a more resilient forest<\/h2>\n\n\n\n<p>All the partners are now motivated to make ForDiL a reality and offer forestry managers and students training tools adapted to current and future challenges. Everything is in place... Let's go!<br><\/p>","protected":false},"excerpt":{"rendered":"<p>Cette premi\u00e8re rencontre marque le lancement officiel du projet, soutenu par le programme Erasmus+. Ce projet ambitieux vise \u00e0 promouvoir l\u2019apprentissage de la sylviculture en couvert continu (SMCC) en autonomie gr\u00e2ce \u00e0 des outils num\u00e9riques innovants. Les partenaires du projet \u2013 SRFB (Belgique), Mendel University (R\u00e9publique Tch\u00e8que), Institut Genech (France), Institut Technique Horticole de Gembloux&#8230; <\/p>\n<div class=\"clear\"><\/div>\n<p><a href=\"https:\/\/srfb.be\/en\/formations-et-activites\/nos-projets\/fordil\/premiere-rencontre-internationale-du-projet-fordil-un-lancement-prometteur\/\" class=\"excerpt-read-more\">Read More<\/a><\/p>","protected":false},"author":21,"featured_media":0,"parent":35676,"menu_order":0,"comment_status":"closed","ping_status":"closed","template":"","meta":{"iawp_total_views":15,"footnotes":""},"class_list":["post-38345","page","type-page","status-publish","hentry"],"yoast_head":"<!-- This site is optimized with the Yoast SEO plugin v27.3 - https:\/\/yoast.com\/product\/yoast-seo-wordpress\/ -->\n<title>Premi\u00e8re rencontre internationale du projet ForDiL : un lancement prometteur ! - Soci\u00e9t\u00e9 Royale Foresti\u00e8re de Belgique<\/title>\n<meta name=\"robots\" content=\"index, follow, max-snippet:-1, max-image-preview:large, max-video-preview:-1\" \/>\n<link rel=\"canonical\" href=\"https:\/\/srfb.be\/en\/trainings-and-activities\/our-projects\/fordil\/premiere-rencontre-internationale-du-projet-fordil-un-lancement-prometteur\/\" \/>\n<meta property=\"og:locale\" content=\"en_GB\" \/>\n<meta property=\"og:type\" content=\"article\" \/>\n<meta property=\"og:title\" content=\"Premi\u00e8re rencontre internationale du projet ForDiL : un lancement prometteur ! - Soci\u00e9t\u00e9 Royale Foresti\u00e8re de Belgique\" \/>\n<meta property=\"og:description\" content=\"Cette premi\u00e8re rencontre marque le lancement officiel du projet, soutenu par le programme Erasmus+. Ce projet ambitieux vise \u00e0 promouvoir l\u2019apprentissage de la sylviculture en couvert continu (SMCC) en autonomie gr\u00e2ce \u00e0 des outils num\u00e9riques innovants. Les partenaires du projet \u2013 SRFB (Belgique), Mendel University (R\u00e9publique Tch\u00e8que), Institut Genech (France), Institut Technique Horticole de Gembloux... Read More\" \/>\n<meta property=\"og:url\" content=\"https:\/\/srfb.be\/en\/trainings-and-activities\/our-projects\/fordil\/premiere-rencontre-internationale-du-projet-fordil-un-lancement-prometteur\/\" \/>\n<meta property=\"og:site_name\" content=\"Soci\u00e9t\u00e9 Royale Foresti\u00e8re de Belgique\" \/>\n<meta property=\"article:publisher\" content=\"https:\/\/www.facebook.com\/srfb.be\" \/>\n<meta property=\"article:modified_time\" content=\"2025-04-14T14:18:50+00:00\" \/>\n<meta property=\"og:image\" content=\"https:\/\/srfb.be\/wp-content\/uploads\/2024\/03\/EN_co_fundedvertical_RGB_POS.png\" \/>\n<script type=\"application\/ld+json\" class=\"yoast-schema-graph\">{\"@context\":\"https:\\\/\\\/schema.org\",\"@graph\":[{\"@type\":\"WebPage\",\"@id\":\"https:\\\/\\\/srfb.be\\\/formations-et-activites\\\/nos-projets\\\/fordil\\\/premiere-rencontre-internationale-du-projet-fordil-un-lancement-prometteur\\\/\",\"url\":\"https:\\\/\\\/srfb.be\\\/formations-et-activites\\\/nos-projets\\\/fordil\\\/premiere-rencontre-internationale-du-projet-fordil-un-lancement-prometteur\\\/\",\"name\":\"Premi\u00e8re rencontre internationale du projet ForDiL : un lancement prometteur ! - Soci\u00e9t\u00e9 Royale Foresti\u00e8re de Belgique\",\"isPartOf\":{\"@id\":\"https:\\\/\\\/kbbm.be\\\/de\\\/#website\"},\"primaryImageOfPage\":{\"@id\":\"https:\\\/\\\/srfb.be\\\/formations-et-activites\\\/nos-projets\\\/fordil\\\/premiere-rencontre-internationale-du-projet-fordil-un-lancement-prometteur\\\/#primaryimage\"},\"image\":{\"@id\":\"https:\\\/\\\/srfb.be\\\/formations-et-activites\\\/nos-projets\\\/fordil\\\/premiere-rencontre-internationale-du-projet-fordil-un-lancement-prometteur\\\/#primaryimage\"},\"thumbnailUrl\":\"https:\\\/\\\/srfb.be\\\/wp-content\\\/uploads\\\/2024\\\/03\\\/EN_co_fundedvertical_RGB_POS.png\",\"datePublished\":\"2025-04-14T14:18:47+00:00\",\"dateModified\":\"2025-04-14T14:18:50+00:00\",\"breadcrumb\":{\"@id\":\"https:\\\/\\\/srfb.be\\\/formations-et-activites\\\/nos-projets\\\/fordil\\\/premiere-rencontre-internationale-du-projet-fordil-un-lancement-prometteur\\\/#breadcrumb\"},\"inLanguage\":\"en-GB\",\"potentialAction\":[{\"@type\":\"ReadAction\",\"target\":[\"https:\\\/\\\/srfb.be\\\/formations-et-activites\\\/nos-projets\\\/fordil\\\/premiere-rencontre-internationale-du-projet-fordil-un-lancement-prometteur\\\/\"]}]},{\"@type\":\"ImageObject\",\"inLanguage\":\"en-GB\",\"@id\":\"https:\\\/\\\/srfb.be\\\/formations-et-activites\\\/nos-projets\\\/fordil\\\/premiere-rencontre-internationale-du-projet-fordil-un-lancement-prometteur\\\/#primaryimage\",\"url\":\"https:\\\/\\\/srfb.be\\\/wp-content\\\/uploads\\\/2024\\\/03\\\/EN_co_fundedvertical_RGB_POS.png\",\"contentUrl\":\"https:\\\/\\\/srfb.be\\\/wp-content\\\/uploads\\\/2024\\\/03\\\/EN_co_fundedvertical_RGB_POS.png\"},{\"@type\":\"BreadcrumbList\",\"@id\":\"https:\\\/\\\/srfb.be\\\/formations-et-activites\\\/nos-projets\\\/fordil\\\/premiere-rencontre-internationale-du-projet-fordil-un-lancement-prometteur\\\/#breadcrumb\",\"itemListElement\":[{\"@type\":\"ListItem\",\"position\":1,\"name\":\"Accueil\",\"item\":\"https:\\\/\\\/kbbm.be\\\/de\\\/\"},{\"@type\":\"ListItem\",\"position\":2,\"name\":\"Formations et activit\u00e9s\",\"item\":\"https:\\\/\\\/kbbm.be\\\/nl\\\/opleidingen-en-activiteiten\\\/\"},{\"@type\":\"ListItem\",\"position\":3,\"name\":\"Nos projets\",\"item\":\"https:\\\/\\\/kbbm.be\\\/nl\\\/opleidingen-en-activiteiten\\\/ons-projecten\\\/\"},{\"@type\":\"ListItem\",\"position\":4,\"name\":\"ForDiL\",\"item\":\"https:\\\/\\\/kbbm.be\\\/nl\\\/formations-et-activites\\\/nos-projets\\\/fordil\\\/\"},{\"@type\":\"ListItem\",\"position\":5,\"name\":\"Premi\u00e8re rencontre internationale du projet ForDiL : un lancement prometteur !\"}]},{\"@type\":\"WebSite\",\"@id\":\"https:\\\/\\\/kbbm.be\\\/de\\\/#website\",\"url\":\"https:\\\/\\\/kbbm.be\\\/de\\\/\",\"name\":\"Soci\u00e9t\u00e9 Royale Foresti\u00e8re de Belgique\",\"description\":\"Au service de la for\u00eat et des forestiers\",\"publisher\":{\"@id\":\"https:\\\/\\\/kbbm.be\\\/de\\\/#organization\"},\"alternateName\":\"SRFB-KBBM\",\"potentialAction\":[{\"@type\":\"SearchAction\",\"target\":{\"@type\":\"EntryPoint\",\"urlTemplate\":\"https:\\\/\\\/kbbm.be\\\/de\\\/?s={search_term_string}\"},\"query-input\":{\"@type\":\"PropertyValueSpecification\",\"valueRequired\":true,\"valueName\":\"search_term_string\"}}],\"inLanguage\":\"en-GB\"},{\"@type\":\"Organization\",\"@id\":\"https:\\\/\\\/kbbm.be\\\/de\\\/#organization\",\"name\":\"Soci\u00e9t\u00e9 Royale Foresti\u00e8re De Belgique - Koninklijke Belgische Bosbouwmaatschappij\",\"alternateName\":\"SRFB-KBBM\",\"url\":\"https:\\\/\\\/kbbm.be\\\/de\\\/\",\"logo\":{\"@type\":\"ImageObject\",\"inLanguage\":\"en-GB\",\"@id\":\"https:\\\/\\\/kbbm.be\\\/de\\\/#\\\/schema\\\/logo\\\/image\\\/\",\"url\":\"https:\\\/\\\/srfb.be\\\/wp-content\\\/uploads\\\/2019\\\/06\\\/android-chrome-256x256.png\",\"contentUrl\":\"https:\\\/\\\/srfb.be\\\/wp-content\\\/uploads\\\/2019\\\/06\\\/android-chrome-256x256.png\",\"width\":1200,\"height\":1232,\"caption\":\"Soci\u00e9t\u00e9 Royale Foresti\u00e8re De Belgique - Koninklijke Belgische Bosbouwmaatschappij\"},\"image\":{\"@id\":\"https:\\\/\\\/kbbm.be\\\/de\\\/#\\\/schema\\\/logo\\\/image\\\/\"},\"sameAs\":[\"https:\\\/\\\/www.facebook.com\\\/srfb.be\",\"https:\\\/\\\/www.instagram.com\\\/srfb_kbbm\\\/\",\"https:\\\/\\\/www.linkedin.com\\\/company\\\/srfb-kbbm\\\/\",\"https:\\\/\\\/www.youtube.com\\\/user\\\/srfbkbbm\"]}]}<\/script>\n<!-- \/ Yoast SEO plugin. -->","yoast_head_json":{"title":"Premi\u00e8re rencontre internationale du projet ForDiL : un lancement prometteur ! - Soci\u00e9t\u00e9 Royale Foresti\u00e8re de Belgique","robots":{"index":"index","follow":"follow","max-snippet":"max-snippet:-1","max-image-preview":"max-image-preview:large","max-video-preview":"max-video-preview:-1"},"canonical":"https:\/\/srfb.be\/en\/trainings-and-activities\/our-projects\/fordil\/premiere-rencontre-internationale-du-projet-fordil-un-lancement-prometteur\/","og_locale":"en_GB","og_type":"article","og_title":"Premi\u00e8re rencontre internationale du projet ForDiL : un lancement prometteur ! - Soci\u00e9t\u00e9 Royale Foresti\u00e8re de Belgique","og_description":"Cette premi\u00e8re rencontre marque le lancement officiel du projet, soutenu par le programme Erasmus+. Ce projet ambitieux vise \u00e0 promouvoir l\u2019apprentissage de la sylviculture en couvert continu (SMCC) en autonomie gr\u00e2ce \u00e0 des outils num\u00e9riques innovants. Les partenaires du projet \u2013 SRFB (Belgique), Mendel University (R\u00e9publique Tch\u00e8que), Institut Genech (France), Institut Technique Horticole de Gembloux... Read More","og_url":"https:\/\/srfb.be\/en\/trainings-and-activities\/our-projects\/fordil\/premiere-rencontre-internationale-du-projet-fordil-un-lancement-prometteur\/","og_site_name":"Soci\u00e9t\u00e9 Royale Foresti\u00e8re de Belgique","article_publisher":"https:\/\/www.facebook.com\/srfb.be","article_modified_time":"2025-04-14T14:18:50+00:00","og_image":[{"url":"https:\/\/srfb.be\/wp-content\/uploads\/2024\/03\/EN_co_fundedvertical_RGB_POS.png","type":"","width":"","height":""}],"schema":{"@context":"https:\/\/schema.org","@graph":[{"@type":"WebPage","@id":"https:\/\/srfb.be\/formations-et-activites\/nos-projets\/fordil\/premiere-rencontre-internationale-du-projet-fordil-un-lancement-prometteur\/","url":"https:\/\/srfb.be\/formations-et-activites\/nos-projets\/fordil\/premiere-rencontre-internationale-du-projet-fordil-un-lancement-prometteur\/","name":"Premi\u00e8re rencontre internationale du projet ForDiL : un lancement prometteur ! - Soci\u00e9t\u00e9 Royale Foresti\u00e8re de Belgique","isPartOf":{"@id":"https:\/\/kbbm.be\/de\/#website"},"primaryImageOfPage":{"@id":"https:\/\/srfb.be\/formations-et-activites\/nos-projets\/fordil\/premiere-rencontre-internationale-du-projet-fordil-un-lancement-prometteur\/#primaryimage"},"image":{"@id":"https:\/\/srfb.be\/formations-et-activites\/nos-projets\/fordil\/premiere-rencontre-internationale-du-projet-fordil-un-lancement-prometteur\/#primaryimage"},"thumbnailUrl":"https:\/\/srfb.be\/wp-content\/uploads\/2024\/03\/EN_co_fundedvertical_RGB_POS.png","datePublished":"2025-04-14T14:18:47+00:00","dateModified":"2025-04-14T14:18:50+00:00","breadcrumb":{"@id":"https:\/\/srfb.be\/formations-et-activites\/nos-projets\/fordil\/premiere-rencontre-internationale-du-projet-fordil-un-lancement-prometteur\/#breadcrumb"},"inLanguage":"en-GB","potentialAction":[{"@type":"ReadAction","target":["https:\/\/srfb.be\/formations-et-activites\/nos-projets\/fordil\/premiere-rencontre-internationale-du-projet-fordil-un-lancement-prometteur\/"]}]},{"@type":"ImageObject","inLanguage":"en-GB","@id":"https:\/\/srfb.be\/formations-et-activites\/nos-projets\/fordil\/premiere-rencontre-internationale-du-projet-fordil-un-lancement-prometteur\/#primaryimage","url":"https:\/\/srfb.be\/wp-content\/uploads\/2024\/03\/EN_co_fundedvertical_RGB_POS.png","contentUrl":"https:\/\/srfb.be\/wp-content\/uploads\/2024\/03\/EN_co_fundedvertical_RGB_POS.png"},{"@type":"BreadcrumbList","@id":"https:\/\/srfb.be\/formations-et-activites\/nos-projets\/fordil\/premiere-rencontre-internationale-du-projet-fordil-un-lancement-prometteur\/#breadcrumb","itemListElement":[{"@type":"ListItem","position":1,"name":"Accueil","item":"https:\/\/kbbm.be\/de\/"},{"@type":"ListItem","position":2,"name":"Formations et activit\u00e9s","item":"https:\/\/kbbm.be\/nl\/opleidingen-en-activiteiten\/"},{"@type":"ListItem","position":3,"name":"Nos projets","item":"https:\/\/kbbm.be\/nl\/opleidingen-en-activiteiten\/ons-projecten\/"},{"@type":"ListItem","position":4,"name":"ForDiL","item":"https:\/\/kbbm.be\/nl\/formations-et-activites\/nos-projets\/fordil\/"},{"@type":"ListItem","position":5,"name":"Premi\u00e8re rencontre internationale du projet ForDiL : un lancement prometteur !"}]},{"@type":"WebSite","@id":"https:\/\/kbbm.be\/de\/#website","url":"https:\/\/kbbm.be\/de\/","name":"Royal Forestry Society of Belgium","description":"Serving forests and foresters","publisher":{"@id":"https:\/\/kbbm.be\/de\/#organization"},"alternateName":"SRFB-KBBM","potentialAction":[{"@type":"SearchAction","target":{"@type":"EntryPoint","urlTemplate":"https:\/\/kbbm.be\/de\/?s={search_term_string}"},"query-input":{"@type":"PropertyValueSpecification","valueRequired":true,"valueName":"search_term_string"}}],"inLanguage":"en-GB"},{"@type":"Organization","@id":"https:\/\/kbbm.be\/de\/#organization","name":"Soci\u00e9t\u00e9 Royale Foresti\u00e8re De Belgique - Koninklijke Belgische Bosbouwmaatschappij","alternateName":"SRFB-KBBM","url":"https:\/\/kbbm.be\/de\/","logo":{"@type":"ImageObject","inLanguage":"en-GB","@id":"https:\/\/kbbm.be\/de\/#\/schema\/logo\/image\/","url":"https:\/\/srfb.be\/wp-content\/uploads\/2019\/06\/android-chrome-256x256.png","contentUrl":"https:\/\/srfb.be\/wp-content\/uploads\/2019\/06\/android-chrome-256x256.png","width":1200,"height":1232,"caption":"Soci\u00e9t\u00e9 Royale Foresti\u00e8re De Belgique - Koninklijke Belgische Bosbouwmaatschappij"},"image":{"@id":"https:\/\/kbbm.be\/de\/#\/schema\/logo\/image\/"},"sameAs":["https:\/\/www.facebook.com\/srfb.be","https:\/\/www.instagram.com\/srfb_kbbm\/","https:\/\/www.linkedin.com\/company\/srfb-kbbm\/","https:\/\/www.youtube.com\/user\/srfbkbbm"]}]}},"_links":{"self":[{"href":"https:\/\/srfb.be\/en\/wp-json\/wp\/v2\/pages\/38345","targetHints":{"allow":["GET"]}}],"collection":[{"href":"https:\/\/srfb.be\/en\/wp-json\/wp\/v2\/pages"}],"about":[{"href":"https:\/\/srfb.be\/en\/wp-json\/wp\/v2\/types\/page"}],"author":[{"embeddable":true,"href":"https:\/\/srfb.be\/en\/wp-json\/wp\/v2\/users\/21"}],"replies":[{"embeddable":true,"href":"https:\/\/srfb.be\/en\/wp-json\/wp\/v2\/comments?post=38345"}],"version-history":[{"count":0,"href":"https:\/\/srfb.be\/en\/wp-json\/wp\/v2\/pages\/38345\/revisions"}],"up":[{"embeddable":true,"href":"https:\/\/srfb.be\/en\/wp-json\/wp\/v2\/pages\/35676"}],"wp:attachment":[{"href":"https:\/\/srfb.be\/en\/wp-json\/wp\/v2\/media?parent=38345"}],"curies":[{"name":"wp","href":"https:\/\/api.w.org\/{rel}","templated":true}]}}