{"id":35810,"date":"2024-04-03T15:28:37","date_gmt":"2024-04-03T13:28:37","guid":{"rendered":"https:\/\/srfb.be\/?page_id=35810"},"modified":"2026-01-08T16:42:33","modified_gmt":"2026-01-08T15:42:33","slug":"migforest","status":"publish","type":"page","link":"https:\/\/srfb.be\/en\/formations-et-activites\/nos-projets\/migforest\/","title":{"rendered":"MigForest"},"content":{"rendered":"<div class=\"yoast-breadcrumbs\"><span><span><a href=\"https:\/\/srfb.be\/en\/\">Home<\/a><\/span> &gt; <span><a href=\"https:\/\/srfb.be\/de\/schulungen-und-aktivitaten\/\">Trainings and activities<\/a><\/span> &gt; <span><a href=\"https:\/\/www.kbbm.be\/de\/schulungen-und-aktivitaten\/unsere-projekte\/\">Our projects<\/a><\/span> &gt; <span class=\"breadcrumb_last\" aria-current=\"page\"><strong>MigForest<\/strong><\/span><\/span><\/div>\n\n\n<div style=\"height:35px\" aria-hidden=\"true\" class=\"wp-block-spacer\"><\/div>\n\n\n\n<h3 class=\"wp-block-heading has-text-align-center has-vert-fonce-color-color has-text-color has-link-color wp-elements-591a5fcc1a16d42154dd92f43470393d\">Deploying assisted tree species migration in North-West Europe<\/h3>\n\n\n\n<div class=\"wp-block-columns is-layout-flex wp-container-core-columns-is-layout-28f84493 wp-block-columns-is-layout-flex\">\n<div class=\"wp-block-column is-layout-flow wp-block-column-is-layout-flow\" style=\"flex-basis:33.33%\">\n<figure class=\"wp-block-image size-full is-resized\"><img decoding=\"async\" src=\"https:\/\/srfb.be\/wp-content\/uploads\/2024\/03\/Logo-MigFoRest-RGB.svg\" alt=\"\" class=\"wp-image-35811\" style=\"width:313px;height:auto\"\/><\/figure>\n<\/div>\n\n\n\n<div class=\"wp-block-column is-layout-flow wp-block-column-is-layout-flow\" style=\"flex-basis:66.66%\">\n<p>The Royal Forestry Society of Belgium is the lead partner in a new European Interreg North-West Europe project called MigFoRest, which stands for \"Assisted Migration to increase Forest Resilience in NWE\". The project has 6 partners, including two from France (Office National des For\u00eats and NeoSylva), one from Germany (FVA : Forstliche Versuchs- und Forschungsanstalt Baden-W\u00fcrttemberg) and three Belgians (Royal Forestry Society of Belgium, Centre wallon de recherches agronomiques and Instituut voor Natuur- en Bosondorzoek), who will work together to deploy assisted migration of species and provenances as one of the solutions for increasing the resilience of forests in North-Western Europe in the face of climate change. With a total budget of \u20ac7.1m, the project will last four and a half years.<\/p>\n\n\n\n<div class=\"wp-block-buttons is-layout-flex wp-block-buttons-is-layout-flex\">\n<div class=\"wp-block-button\"><a class=\"wp-block-button__link has-small-font-size has-custom-font-size wp-element-button\" href=\"https:\/\/migforest.nweurope.eu\/\" target=\"_blank\" rel=\"noreferrer noopener\">Project website<\/a><\/div>\n<\/div>\n<\/div>\n<\/div>\n\n\n\n<hr class=\"wp-block-separator has-text-color has-grey-color-color has-alpha-channel-opacity has-grey-color-background-color has-background is-style-wide\"\/>\n\n\n\n<figure class=\"wp-block-image size-large\"><img loading=\"lazy\" decoding=\"async\" width=\"1024\" height=\"153\" src=\"https:\/\/srfb.be\/wp-content\/uploads\/2024\/03\/Partenaires-1-1024x153.png\" alt=\"\" class=\"wp-image-35813\" srcset=\"https:\/\/srfb.be\/wp-content\/uploads\/2024\/03\/Partenaires-1-1024x153.png 1024w, https:\/\/srfb.be\/wp-content\/uploads\/2024\/03\/Partenaires-1-300x45.png 300w, https:\/\/srfb.be\/wp-content\/uploads\/2024\/03\/Partenaires-1-18x3.png 18w, https:\/\/srfb.be\/wp-content\/uploads\/2024\/03\/Partenaires-1-600x90.png 600w, https:\/\/srfb.be\/wp-content\/uploads\/2024\/03\/Partenaires-1.png 1324w\" sizes=\"auto, (max-width: 1024px) 100vw, 1024px\" \/><\/figure>\n\n\n\n<hr class=\"wp-block-separator has-text-color has-grey-color-color has-alpha-channel-opacity has-grey-color-background-color has-background is-style-wide\"\/>\n\n\n\n<p>Outre la plantation d\u2019un total de 100.000 arbres\u00a0dans\u00a0sept\u00a0territoires pilotes, dont 25.000 en Wallonie, le\u00a0projet a pour objectif d&rsquo;\u00e9valuer la\u00a0diversit\u00e9 g\u00e9n\u00e9tique\u00a0apport\u00e9e par\u00a0les nouvelles\u00a0essences et provenances, leur\u00a0risque\u00a0invasif et leur\u00a0potentiel\u00a0pour\u00a0la biodiversit\u00e9 locale.\u00a0Trois vergers \u00e0 graines seront par ailleurs mis en place pour assurer un approvisionnement qualitatif et p\u00e9renne de nos forestiers.\u00a0 Pour la Wallonie, cette t\u00e2che est confi\u00e9e au CRA-W.\u00a0<\/p>\n\n\n\n<p>De l&rsquo;automne 2025 au printemps 2026, &nbsp;MigFoRest a deux saisons de plantation \u00e0 son actif en Wallonie, ce qui porte le total \u00e0&nbsp;plus de&nbsp;6.500 arbres. Vous trouverez ci-dessous un d\u00e9tail des essences et provenances.<\/p>\n\n\n\n<h3 class=\"wp-block-heading\"><strong>Essences et provenances plant\u00e9es en Wallonie (situation d\u00e9but 2026)<\/strong><\/h3>\n\n\n\n<figure class=\"wp-block-table\"><table class=\"has-fixed-layout\"><thead><tr><th class=\"has-text-align-left\" data-align=\"left\"><strong>Essence<\/strong><\/th><th class=\"has-text-align-left\" data-align=\"left\"><strong>Provenance<\/strong><\/th><\/tr><\/thead><tbody><tr><td class=\"has-text-align-left\" data-align=\"left\">Ch\u00eane&nbsp;pubescent&nbsp;<\/td><td class=\"has-text-align-left\" data-align=\"left\">Italie&nbsp;<\/td><\/tr><tr><td class=\"has-text-align-left\" data-align=\"left\">Ch\u00eane&nbsp;sessile&nbsp;<\/td><td class=\"has-text-align-left\" data-align=\"left\">Slovaquie&nbsp;<\/td><\/tr><tr><td class=\"has-text-align-left\" data-align=\"left\">Hungarian oak&nbsp;<\/td><td class=\"has-text-align-left\" data-align=\"left\">Bulgaria&nbsp;<\/td><\/tr><tr><td class=\"has-text-align-left\" data-align=\"left\">English oak&nbsp;<\/td><td class=\"has-text-align-left\" data-align=\"left\">Pologne&nbsp;<\/td><\/tr><tr><td class=\"has-text-align-left\" data-align=\"left\">Common beech&nbsp;<\/td><td class=\"has-text-align-left\" data-align=\"left\">Frans&nbsp;<\/td><\/tr><tr><td class=\"has-text-align-left\" data-align=\"left\">Ch\u00eane&nbsp;z\u00e9en&nbsp;<\/td><td class=\"has-text-align-left\" data-align=\"left\">Espagne<\/td><\/tr><tr><td class=\"has-text-align-left\" data-align=\"left\">Pyrenean oak&nbsp;<\/td><td class=\"has-text-align-left\" data-align=\"left\">Frans&nbsp;<\/td><\/tr><\/tbody><\/table><\/figure>\n\n\n\n<p>Des conventions ont \u00e9t\u00e9 conclues avec une trentaine de propri\u00e9taires priv\u00e9s et&nbsp;des&nbsp;communes&nbsp;dans les deux territoires pilotes&nbsp;concern\u00e9s : le&nbsp;coeur&nbsp;du&nbsp;Condroz (Assesse, Ciney,&nbsp;Gesves, Hamois,&nbsp;Havelange,&nbsp;Ohey&nbsp;et Yvoir)&nbsp;et l\u2019Ardenne m\u00e9ridionale&nbsp;(Bertrix, Bi\u00e8vre,&nbsp;Daverdisse, Gedinne,&nbsp;Paliseul).&nbsp;<\/p>\n\n\n\n<p>Les sites de plantation seront r\u00e9partis \u00e0 environ 50% sur domaine public et 50% chez des propri\u00e9taires priv\u00e9s. &nbsp;<\/p>\n\n\n\n<p>Pour les hivers prochains, le tilleul (\u00e0 petites et \u00e0 grandes feuilles),&nbsp;l\u2019alisier&nbsp;torminal, le cormier, l\u2019alisier blanc et le h\u00eatre commun&nbsp;font partie des essences privil\u00e9gi\u00e9es pour la Wallonie. &nbsp;&nbsp;<\/p>\n\n\n\n<h3 class=\"wp-block-heading\"><strong>Hybridation<\/strong><\/h3>\n\n\n\n<p>Les arbres sont plant\u00e9s majoritairement en cellules d\u2019enrichissement (ou&nbsp;<em>klumps<\/em>) de 16 \u00e0 25 unit\u00e9s, dans des clairi\u00e8res ou des trou\u00e9es. Dans le choix des sites de plantation, MigFoRest privil\u00e9gie des zones qui combinent id\u00e9alement trois caract\u00e9ristiques : une faible diversit\u00e9 d&rsquo;esp\u00e8ces, des peuplements fragilis\u00e9s (stress hydrique, chalarose dans le Condroz, scolyte de l&rsquo;\u00e9pic\u00e9a dans les Ardennes, etc.) et une bonne connectivit\u00e9.&nbsp;<\/p>\n\n\n\n<p>En effet, l&rsquo;objectif de la migration assist\u00e9e n&rsquo;est pas seulement d&rsquo;importer des essences ou des provenances plus r\u00e9sistantes au changement climatique, mais aussi de miser sur l&rsquo;hybridation entre les arbres introduits et les individus locaux, afin de donner naissance \u00e0 des individus avec des g\u00e8nes plus r\u00e9sistants.&nbsp;<\/p>\n\n\n\n<h3 class=\"wp-block-heading\"><strong>Formation et sensibilisation<\/strong><\/h3>\n\n\n\n<p>MigFoRest comprend un important volet de sensibilisation, communication et formation \u00e0 destination des forestiers, des d\u00e9cideurs politiques et&nbsp;du grand public. En 2025, \u00e9pinglons l\u2019organisation d\u2019un premier voyage d\u2019\u00e9tude&nbsp;(1er et 2 avril en Provence)&nbsp;pour&nbsp;favoriser le partage d\u2019exp\u00e9riences entre forestiers et p\u00e9pini\u00e9ristes du nord et du sud de l\u2019Europe. Fin ao\u00fbt 2025, la SRFB a organis\u00e9 une&nbsp;formation de terrain en Ardenne (Daverdisse et Paliseul) sur le th\u00e8me de la migration assist\u00e9e, r\u00e9unissant une quarantaine de participants.&nbsp;En d\u00e9cembre, nous avons encadr\u00e9 une vingtaine d\u2019\u00e9l\u00e8ves du Coll\u00e8ge de&nbsp;Godinne&nbsp;pour r\u00e9aliser des plantations dans le bois de l\u2019\u00e9cole. D&rsquo;autres actions de sensibilisation et formation seront organis\u00e9es, notamment sur des \u00ab\u00a0sites d\u00e9mo\u00a0\u00bb qui seront cr\u00e9\u00e9s dans chaque territoire pilote.&nbsp;<\/p>\n\n\n\n<h4 class=\"wp-block-heading has-text-align-center has-vert-fonce-color-color has-text-color has-link-color wp-elements-6b85ced0739de35fb8b3f4846985e75d\">Follow the project news<\/h4>\n\n\n\n<ul class=\"wp-block-social-links is-content-justification-center is-layout-flex wp-container-core-social-links-is-layout-a89b3969 wp-block-social-links-is-layout-flex\"><li class=\"wp-social-link wp-social-link-facebook  wp-block-social-link\"><a rel=\"noopener nofollow\" target=\"_blank\" href=\"https:\/\/www.facebook.com\/profile.php?id=61558659923117\" class=\"wp-block-social-link-anchor\"><svg width=\"24\" height=\"24\" viewbox=\"0 0 24 24\" version=\"1.1\" xmlns=\"http:\/\/www.w3.org\/2000\/svg\" aria-hidden=\"true\" focusable=\"false\"><path d=\"M12 2C6.5 2 2 6.5 2 12c0 5 3.7 9.1 8.4 9.9v-7H7.9V12h2.5V9.8c0-2.5 1.5-3.9 3.8-3.9 1.1 0 2.2.2 2.2.2v2.5h-1.3c-1.2 0-1.6.8-1.6 1.6V12h2.8l-.4 2.9h-2.3v7C18.3 21.1 22 17 22 12c0-5.5-4.5-10-10-10z\"><\/path><\/svg><span class=\"wp-block-social-link-label screen-reader-text\">Facebook<\/span><\/a><\/li>\n\n<li class=\"wp-social-link wp-social-link-linkedin  wp-block-social-link\"><a rel=\"noopener nofollow\" target=\"_blank\" href=\"https:\/\/www.linkedin.com\/in\/migforest-interreg-project-9426412ba\/\" class=\"wp-block-social-link-anchor\"><svg width=\"24\" height=\"24\" viewbox=\"0 0 24 24\" version=\"1.1\" xmlns=\"http:\/\/www.w3.org\/2000\/svg\" aria-hidden=\"true\" focusable=\"false\"><path d=\"M19.7,3H4.3C3.582,3,3,3.582,3,4.3v15.4C3,20.418,3.582,21,4.3,21h15.4c0.718,0,1.3-0.582,1.3-1.3V4.3 C21,3.582,20.418,3,19.7,3z M8.339,18.338H5.667v-8.59h2.672V18.338z M7.004,8.574c-0.857,0-1.549-0.694-1.549-1.548 c0-0.855,0.691-1.548,1.549-1.548c0.854,0,1.547,0.694,1.547,1.548C8.551,7.881,7.858,8.574,7.004,8.574z M18.339,18.338h-2.669 v-4.177c0-0.996-0.017-2.278-1.387-2.278c-1.389,0-1.601,1.086-1.601,2.206v4.249h-2.667v-8.59h2.559v1.174h0.037 c0.356-0.675,1.227-1.387,2.526-1.387c2.703,0,3.203,1.779,3.203,4.092V18.338z\"><\/path><\/svg><span class=\"wp-block-social-link-label screen-reader-text\">LinkedIn<\/span><\/a><\/li>\n\n<li class=\"wp-social-link wp-social-link-chain  wp-block-social-link\"><a rel=\"noopener nofollow\" target=\"_blank\" href=\"https:\/\/migforest.nweurope.eu\/\" class=\"wp-block-social-link-anchor\"><svg width=\"24\" height=\"24\" viewbox=\"0 0 24 24\" version=\"1.1\" xmlns=\"http:\/\/www.w3.org\/2000\/svg\" aria-hidden=\"true\" focusable=\"false\"><path d=\"M15.6,7.2H14v1.5h1.6c2,0,3.7,1.7,3.7,3.7s-1.7,3.7-3.7,3.7H14v1.5h1.6c2.8,0,5.2-2.3,5.2-5.2,0-2.9-2.3-5.2-5.2-5.2zM4.7,12.4c0-2,1.7-3.7,3.7-3.7H10V7.2H8.4c-2.9,0-5.2,2.3-5.2,5.2,0,2.9,2.3,5.2,5.2,5.2H10v-1.5H8.4c-2,0-3.7-1.7-3.7-3.7zm4.6.9h5.3v-1.5H9.3v1.5z\"><\/path><\/svg><span class=\"wp-block-social-link-label screen-reader-text\">Link<\/span><\/a><\/li><\/ul>\n\n\n\n<div class=\"wp-block-group is-layout-constrained wp-container-core-group-is-layout-05afb7f8 wp-block-group-is-layout-constrained\" style=\"margin-top:var(--wp--preset--spacing--70);margin-bottom:var(--wp--preset--spacing--70)\">\n<h3 class=\"wp-block-heading has-text-align-center\">Articles<\/h3>\n\n\n\n<section data-wp-context=\"{}\" data-wp-interactive=\"core\/query\" data-wp-key=\"0\" data-wp-router-region=\"query-0\" class=\"wp-block-query is-layout-flow wp-block-query-is-layout-flow\"><ul class=\"wp-block-post-template is-layout-flow wp-container-core-post-template-is-layout-7f1ce2c0 wp-block-post-template-is-layout-flow\"><li data-wp-key=\"post-template-item-38018\" class=\"wp-block-post post-38018 post type-post status-publish format-standard has-post-thumbnail hentry category-actualite tag-foret tag-migforest tag-migration tag-plantation\">\n\n<div class=\"wp-block-group has-grey-color-background-color has-background is-layout-constrained wp-container-core-group-is-layout-b3cb40ef wp-block-group-is-layout-constrained\" style=\"padding-top:var(--wp--preset--spacing--40);padding-right:var(--wp--preset--spacing--40);padding-bottom:var(--wp--preset--spacing--40);padding-left:var(--wp--preset--spacing--40)\"><h4 style=\"margin-top:0;margin-bottom:0;\" class=\"wp-block-post-title\"><a href=\"https:\/\/srfb.be\/en\/2025\/01\/30\/migforest-planter-des-cellules-de-16-a-25-arbres\/\" target=\"_self\" >Contribute to the MigFoRest project: welcome new species to your forest<\/a><\/h4>\n\n<div style=\"font-style:italic;font-weight:400;\" class=\"wp-block-post-date has-small-font-size\"><time datetime=\"2025-01-30T15:26:12+01:00\">2025 January 30<\/time><\/div><\/div>\n\n<\/li><li data-wp-key=\"post-template-item-37570\" class=\"wp-block-post post-37570 post type-post status-publish format-standard has-post-thumbnail hentry category-actualite tag-changements-climatiques tag-foret tag-futur tag-gestion tag-klump tag-migforest tag-plantation tag-reboisement\">\n\n<div class=\"wp-block-group has-grey-color-background-color has-background is-layout-constrained wp-container-core-group-is-layout-b3cb40ef wp-block-group-is-layout-constrained\" style=\"padding-top:var(--wp--preset--spacing--40);padding-right:var(--wp--preset--spacing--40);padding-bottom:var(--wp--preset--spacing--40);padding-left:var(--wp--preset--spacing--40)\"><h4 style=\"margin-top:0;margin-bottom:0;\" class=\"wp-block-post-title\"><a href=\"https:\/\/srfb.be\/en\/2024\/11\/12\/les-premiers-arbres-migforest-ont-ete-plantes\/\" target=\"_self\" >First MigFoRest trees have been planted<\/a><\/h4>\n\n<div style=\"font-style:italic;font-weight:400;\" class=\"wp-block-post-date has-small-font-size\"><time datetime=\"2024-11-12T11:01:58+01:00\">2024 November 12<\/time><\/div><\/div>\n\n<\/li><\/ul>\n\n\n\n<\/section>\n<\/div>","protected":false},"excerpt":{"rendered":"<p>Deploying assisted migration<\/p>","protected":false},"author":21,"featured_media":35784,"parent":35658,"menu_order":6,"comment_status":"closed","ping_status":"closed","template":"","meta":{"iawp_total_views":358,"footnotes":""},"class_list":["post-35810","page","type-page","status-publish","has-post-thumbnail","hentry"],"yoast_head":"<!-- This site is optimized with the Yoast SEO plugin v27.3 - https:\/\/yoast.com\/product\/yoast-seo-wordpress\/ -->\n<title>MigForest - Soci\u00e9t\u00e9 Royale Foresti\u00e8re de Belgique<\/title>\n<meta name=\"robots\" content=\"index, follow, max-snippet:-1, max-image-preview:large, max-video-preview:-1\" \/>\n<link rel=\"canonical\" href=\"https:\/\/www.kbbm.be\/en\/trainings-and-activities\/our-projects\/migforest\/\" \/>\n<meta property=\"og:locale\" content=\"en_GB\" \/>\n<meta property=\"og:type\" content=\"article\" \/>\n<meta property=\"og:title\" content=\"MigForest - Soci\u00e9t\u00e9 Royale Foresti\u00e8re de Belgique\" \/>\n<meta property=\"og:description\" content=\"D\u00e9ployer la migration assist\u00e9e\" \/>\n<meta property=\"og:url\" content=\"https:\/\/www.kbbm.be\/en\/trainings-and-activities\/our-projects\/migforest\/\" \/>\n<meta property=\"og:site_name\" content=\"Soci\u00e9t\u00e9 Royale Foresti\u00e8re de Belgique\" \/>\n<meta property=\"article:publisher\" content=\"https:\/\/www.facebook.com\/srfb.be\" \/>\n<meta property=\"article:modified_time\" content=\"2026-01-08T15:42:33+00:00\" \/>\n<meta property=\"og:image\" content=\"https:\/\/www.kbbm.be\/wp-content\/uploads\/2024\/03\/MigForest.png\" \/>\n\t<meta property=\"og:image:width\" content=\"1280\" \/>\n\t<meta property=\"og:image:height\" content=\"768\" \/>\n\t<meta property=\"og:image:type\" content=\"image\/png\" \/>\n<script type=\"application\/ld+json\" class=\"yoast-schema-graph\">{\"@context\":\"https:\\\/\\\/schema.org\",\"@graph\":[{\"@type\":\"WebPage\",\"@id\":\"https:\\\/\\\/www.kbbm.be\\\/en\\\/trainings-and-activities\\\/our-projects\\\/migforest\\\/\",\"url\":\"https:\\\/\\\/www.kbbm.be\\\/en\\\/trainings-and-activities\\\/our-projects\\\/migforest\\\/\",\"name\":\"MigForest - Soci\u00e9t\u00e9 Royale Foresti\u00e8re de Belgique\",\"isPartOf\":{\"@id\":\"https:\\\/\\\/srfb.be\\\/#website\"},\"primaryImageOfPage\":{\"@id\":\"https:\\\/\\\/www.kbbm.be\\\/en\\\/trainings-and-activities\\\/our-projects\\\/migforest\\\/#primaryimage\"},\"image\":{\"@id\":\"https:\\\/\\\/www.kbbm.be\\\/en\\\/trainings-and-activities\\\/our-projects\\\/migforest\\\/#primaryimage\"},\"thumbnailUrl\":\"https:\\\/\\\/srfb.be\\\/wp-content\\\/uploads\\\/2024\\\/03\\\/MigForest.png\",\"datePublished\":\"2024-04-03T13:28:37+00:00\",\"dateModified\":\"2026-01-08T15:42:33+00:00\",\"breadcrumb\":{\"@id\":\"https:\\\/\\\/www.kbbm.be\\\/en\\\/trainings-and-activities\\\/our-projects\\\/migforest\\\/#breadcrumb\"},\"inLanguage\":\"en-GB\",\"potentialAction\":[{\"@type\":\"ReadAction\",\"target\":[\"https:\\\/\\\/www.kbbm.be\\\/en\\\/trainings-and-activities\\\/our-projects\\\/migforest\\\/\"]}]},{\"@type\":\"ImageObject\",\"inLanguage\":\"en-GB\",\"@id\":\"https:\\\/\\\/www.kbbm.be\\\/en\\\/trainings-and-activities\\\/our-projects\\\/migforest\\\/#primaryimage\",\"url\":\"https:\\\/\\\/srfb.be\\\/wp-content\\\/uploads\\\/2024\\\/03\\\/MigForest.png\",\"contentUrl\":\"https:\\\/\\\/srfb.be\\\/wp-content\\\/uploads\\\/2024\\\/03\\\/MigForest.png\",\"width\":1280,\"height\":768,\"caption\":\"MigFoRest\"},{\"@type\":\"BreadcrumbList\",\"@id\":\"https:\\\/\\\/www.kbbm.be\\\/en\\\/trainings-and-activities\\\/our-projects\\\/migforest\\\/#breadcrumb\",\"itemListElement\":[{\"@type\":\"ListItem\",\"position\":1,\"name\":\"Accueil\",\"item\":\"https:\\\/\\\/srfb.be\\\/\"},{\"@type\":\"ListItem\",\"position\":2,\"name\":\"Formations et activit\u00e9s\",\"item\":\"https:\\\/\\\/srfb.be\\\/de\\\/schulungen-und-aktivitaten\\\/\"},{\"@type\":\"ListItem\",\"position\":3,\"name\":\"Nos projets\",\"item\":\"https:\\\/\\\/www.kbbm.be\\\/de\\\/schulungen-und-aktivitaten\\\/unsere-projekte\\\/\"},{\"@type\":\"ListItem\",\"position\":4,\"name\":\"MigForest\"}]},{\"@type\":\"WebSite\",\"@id\":\"https:\\\/\\\/srfb.be\\\/#website\",\"url\":\"https:\\\/\\\/srfb.be\\\/\",\"name\":\"Soci\u00e9t\u00e9 Royale Foresti\u00e8re de Belgique\",\"description\":\"Au service de la for\u00eat et des forestiers\",\"publisher\":{\"@id\":\"https:\\\/\\\/srfb.be\\\/#organization\"},\"alternateName\":\"SRFB-KBBM\",\"potentialAction\":[{\"@type\":\"SearchAction\",\"target\":{\"@type\":\"EntryPoint\",\"urlTemplate\":\"https:\\\/\\\/srfb.be\\\/?s={search_term_string}\"},\"query-input\":{\"@type\":\"PropertyValueSpecification\",\"valueRequired\":true,\"valueName\":\"search_term_string\"}}],\"inLanguage\":\"en-GB\"},{\"@type\":\"Organization\",\"@id\":\"https:\\\/\\\/srfb.be\\\/#organization\",\"name\":\"Soci\u00e9t\u00e9 Royale Foresti\u00e8re De Belgique - Koninklijke Belgische Bosbouwmaatschappij\",\"alternateName\":\"SRFB-KBBM\",\"url\":\"https:\\\/\\\/srfb.be\\\/\",\"logo\":{\"@type\":\"ImageObject\",\"inLanguage\":\"en-GB\",\"@id\":\"https:\\\/\\\/srfb.be\\\/#\\\/schema\\\/logo\\\/image\\\/\",\"url\":\"https:\\\/\\\/srfb.be\\\/wp-content\\\/uploads\\\/2019\\\/06\\\/android-chrome-256x256.png\",\"contentUrl\":\"https:\\\/\\\/srfb.be\\\/wp-content\\\/uploads\\\/2019\\\/06\\\/android-chrome-256x256.png\",\"width\":1200,\"height\":1232,\"caption\":\"Soci\u00e9t\u00e9 Royale Foresti\u00e8re De Belgique - Koninklijke Belgische Bosbouwmaatschappij\"},\"image\":{\"@id\":\"https:\\\/\\\/srfb.be\\\/#\\\/schema\\\/logo\\\/image\\\/\"},\"sameAs\":[\"https:\\\/\\\/www.facebook.com\\\/srfb.be\",\"https:\\\/\\\/www.instagram.com\\\/srfb_kbbm\\\/\",\"https:\\\/\\\/www.linkedin.com\\\/company\\\/srfb-kbbm\\\/\",\"https:\\\/\\\/www.youtube.com\\\/user\\\/srfbkbbm\"]}]}<\/script>\n<!-- \/ Yoast SEO plugin. -->","yoast_head_json":{"title":"MigForest - Royal Forestry Society of Belgium","robots":{"index":"index","follow":"follow","max-snippet":"max-snippet:-1","max-image-preview":"max-image-preview:large","max-video-preview":"max-video-preview:-1"},"canonical":"https:\/\/www.kbbm.be\/en\/trainings-and-activities\/our-projects\/migforest\/","og_locale":"en_GB","og_type":"article","og_title":"MigForest - Soci\u00e9t\u00e9 Royale Foresti\u00e8re de Belgique","og_description":"D\u00e9ployer la migration assist\u00e9e","og_url":"https:\/\/www.kbbm.be\/en\/trainings-and-activities\/our-projects\/migforest\/","og_site_name":"Soci\u00e9t\u00e9 Royale Foresti\u00e8re de Belgique","article_publisher":"https:\/\/www.facebook.com\/srfb.be","article_modified_time":"2026-01-08T15:42:33+00:00","og_image":[{"width":1280,"height":768,"url":"https:\/\/www.kbbm.be\/wp-content\/uploads\/2024\/03\/MigForest.png","type":"image\/png"}],"schema":{"@context":"https:\/\/schema.org","@graph":[{"@type":"WebPage","@id":"https:\/\/www.kbbm.be\/en\/trainings-and-activities\/our-projects\/migforest\/","url":"https:\/\/www.kbbm.be\/en\/trainings-and-activities\/our-projects\/migforest\/","name":"MigForest - Royal Forestry Society of Belgium","isPartOf":{"@id":"https:\/\/srfb.be\/#website"},"primaryImageOfPage":{"@id":"https:\/\/www.kbbm.be\/en\/trainings-and-activities\/our-projects\/migforest\/#primaryimage"},"image":{"@id":"https:\/\/www.kbbm.be\/en\/trainings-and-activities\/our-projects\/migforest\/#primaryimage"},"thumbnailUrl":"https:\/\/srfb.be\/wp-content\/uploads\/2024\/03\/MigForest.png","datePublished":"2024-04-03T13:28:37+00:00","dateModified":"2026-01-08T15:42:33+00:00","breadcrumb":{"@id":"https:\/\/www.kbbm.be\/en\/trainings-and-activities\/our-projects\/migforest\/#breadcrumb"},"inLanguage":"en-GB","potentialAction":[{"@type":"ReadAction","target":["https:\/\/www.kbbm.be\/en\/trainings-and-activities\/our-projects\/migforest\/"]}]},{"@type":"ImageObject","inLanguage":"en-GB","@id":"https:\/\/www.kbbm.be\/en\/trainings-and-activities\/our-projects\/migforest\/#primaryimage","url":"https:\/\/srfb.be\/wp-content\/uploads\/2024\/03\/MigForest.png","contentUrl":"https:\/\/srfb.be\/wp-content\/uploads\/2024\/03\/MigForest.png","width":1280,"height":768,"caption":"MigFoRest"},{"@type":"BreadcrumbList","@id":"https:\/\/www.kbbm.be\/en\/trainings-and-activities\/our-projects\/migforest\/#breadcrumb","itemListElement":[{"@type":"ListItem","position":1,"name":"Accueil","item":"https:\/\/srfb.be\/"},{"@type":"ListItem","position":2,"name":"Formations et activit\u00e9s","item":"https:\/\/srfb.be\/de\/schulungen-und-aktivitaten\/"},{"@type":"ListItem","position":3,"name":"Nos projets","item":"https:\/\/www.kbbm.be\/de\/schulungen-und-aktivitaten\/unsere-projekte\/"},{"@type":"ListItem","position":4,"name":"MigForest"}]},{"@type":"WebSite","@id":"https:\/\/srfb.be\/#website","url":"https:\/\/srfb.be\/","name":"Royal Forestry Society of Belgium","description":"Serving forests and foresters","publisher":{"@id":"https:\/\/srfb.be\/#organization"},"alternateName":"SRFB-KBBM","potentialAction":[{"@type":"SearchAction","target":{"@type":"EntryPoint","urlTemplate":"https:\/\/srfb.be\/?s={search_term_string}"},"query-input":{"@type":"PropertyValueSpecification","valueRequired":true,"valueName":"search_term_string"}}],"inLanguage":"en-GB"},{"@type":"Organization","@id":"https:\/\/srfb.be\/#organization","name":"Soci\u00e9t\u00e9 Royale Foresti\u00e8re De Belgique - Koninklijke Belgische Bosbouwmaatschappij","alternateName":"SRFB-KBBM","url":"https:\/\/srfb.be\/","logo":{"@type":"ImageObject","inLanguage":"en-GB","@id":"https:\/\/srfb.be\/#\/schema\/logo\/image\/","url":"https:\/\/srfb.be\/wp-content\/uploads\/2019\/06\/android-chrome-256x256.png","contentUrl":"https:\/\/srfb.be\/wp-content\/uploads\/2019\/06\/android-chrome-256x256.png","width":1200,"height":1232,"caption":"Soci\u00e9t\u00e9 Royale Foresti\u00e8re De Belgique - Koninklijke Belgische Bosbouwmaatschappij"},"image":{"@id":"https:\/\/srfb.be\/#\/schema\/logo\/image\/"},"sameAs":["https:\/\/www.facebook.com\/srfb.be","https:\/\/www.instagram.com\/srfb_kbbm\/","https:\/\/www.linkedin.com\/company\/srfb-kbbm\/","https:\/\/www.youtube.com\/user\/srfbkbbm"]}]}},"_links":{"self":[{"href":"https:\/\/srfb.be\/en\/wp-json\/wp\/v2\/pages\/35810","targetHints":{"allow":["GET"]}}],"collection":[{"href":"https:\/\/srfb.be\/en\/wp-json\/wp\/v2\/pages"}],"about":[{"href":"https:\/\/srfb.be\/en\/wp-json\/wp\/v2\/types\/page"}],"author":[{"embeddable":true,"href":"https:\/\/srfb.be\/en\/wp-json\/wp\/v2\/users\/21"}],"replies":[{"embeddable":true,"href":"https:\/\/srfb.be\/en\/wp-json\/wp\/v2\/comments?post=35810"}],"version-history":[{"count":0,"href":"https:\/\/srfb.be\/en\/wp-json\/wp\/v2\/pages\/35810\/revisions"}],"up":[{"embeddable":true,"href":"https:\/\/srfb.be\/en\/wp-json\/wp\/v2\/pages\/35658"}],"wp:featuredmedia":[{"embeddable":true,"href":"https:\/\/srfb.be\/en\/wp-json\/wp\/v2\/media\/35784"}],"wp:attachment":[{"href":"https:\/\/srfb.be\/en\/wp-json\/wp\/v2\/media?parent=35810"}],"curies":[{"name":"wp","href":"https:\/\/api.w.org\/{rel}","templated":true}]}}