{"id":31987,"date":"2023-06-28T17:42:00","date_gmt":"2023-06-28T15:42:00","guid":{"rendered":"https:\/\/srfb.be\/?page_id=31987"},"modified":"2026-05-12T16:31:56","modified_gmt":"2026-05-12T14:31:56","slug":"activites-passees","status":"publish","type":"page","link":"https:\/\/srfb.be\/en\/formations-et-activites\/activites-passees\/","title":{"rendered":"Past activities"},"content":{"rendered":"<h2 class=\"wp-block-heading has-text-align-center\">Former activities<\/h2>\n\n\n\n<div class=\"wp-block-group is-layout-constrained wp-block-group-is-layout-constrained\" style=\"margin-top:var(--wp--preset--spacing--60);margin-bottom:var(--wp--preset--spacing--60)\"><div class=\"formations-shortcode grid\">\n    \n        \n        <article id=\"formation-39960\" data-formation-id=\"39960\" class=\"formation-item\">\n            <a class=\"formation-link button\" href=\"https:\/\/srfb.be\/en\/formations\/bases-de-la-sylviculture-a-destination-des-gardes-champetres-particuliers-07-05-2026\/\">\n                <div class=\"formation-header-thumbnail\">\n                    <img loading=\"lazy\" decoding=\"async\" width=\"300\" height=\"225\" src=\"https:\/\/srfb.be\/wp-content\/uploads\/2026\/02\/base-sylviculture-garde-300x225.jpeg\" class=\"formation-thumb wp-post-image\" alt=\"Forestry base gamekeeper\" srcset=\"https:\/\/srfb.be\/wp-content\/uploads\/2026\/02\/base-sylviculture-garde-300x225.jpeg 300w, https:\/\/srfb.be\/wp-content\/uploads\/2026\/02\/base-sylviculture-garde-1024x768.jpeg 1024w, https:\/\/srfb.be\/wp-content\/uploads\/2026\/02\/base-sylviculture-garde-768x576.jpeg 768w, https:\/\/srfb.be\/wp-content\/uploads\/2026\/02\/base-sylviculture-garde-16x12.jpeg 16w, https:\/\/srfb.be\/wp-content\/uploads\/2026\/02\/base-sylviculture-garde-400x300.jpeg 400w, https:\/\/srfb.be\/wp-content\/uploads\/2026\/02\/base-sylviculture-garde-600x450.jpeg 600w, https:\/\/srfb.be\/wp-content\/uploads\/2026\/02\/base-sylviculture-garde.jpeg 1440w\" sizes=\"auto, (max-width: 300px) 100vw, 300px\" \/>                    <p class=\"formation-date-start\">\n                        <span class=\"day\">16<\/span>\n                        <span class=\"month\">Nov<\/span>\n                    <\/p>\n                                            <ul class=\"formation-tags formation-event-types\">\n                                                                                                                                                <li class='event-type'>Training<\/li>                                                    <\/ul>\n                                    <\/div>\n\n                <div class=\"formation-informations\">\n                    <p class=\"formation-city-place\">\n                        Trois-Ponts and Lierneux                    <\/p>\n                    <h3 class=\"formation-title has-strong-text-shadow\">Basics of forestry for private gamekeepers<\/h3>\n                <\/div>\n            <\/a>\n\n                    <\/article>\n\n    \n        \n        <article id=\"formation-39962\" data-formation-id=\"39962\" class=\"formation-item\">\n            <a class=\"formation-link button\" href=\"https:\/\/srfb.be\/en\/formations\/plantation-de-feuillus-precieux-a-large-ecartement-28-04-2026\/\">\n                <div class=\"formation-header-thumbnail\">\n                    <img loading=\"lazy\" decoding=\"async\" width=\"225\" height=\"300\" src=\"https:\/\/srfb.be\/wp-content\/uploads\/2026\/02\/feuillus-225x300.jpeg\" class=\"formation-thumb wp-post-image\" alt=\"Hardwoods\" srcset=\"https:\/\/srfb.be\/wp-content\/uploads\/2026\/02\/feuillus-225x300.jpeg 225w, https:\/\/srfb.be\/wp-content\/uploads\/2026\/02\/feuillus-768x1024.jpeg 768w, https:\/\/srfb.be\/wp-content\/uploads\/2026\/02\/feuillus-9x12.jpeg 9w, https:\/\/srfb.be\/wp-content\/uploads\/2026\/02\/feuillus-600x800.jpeg 600w, https:\/\/srfb.be\/wp-content\/uploads\/2026\/02\/feuillus.jpeg 810w\" sizes=\"auto, (max-width: 225px) 100vw, 225px\" \/>                    <p class=\"formation-date-start\">\n                        <span class=\"day\">28<\/span>\n                        <span class=\"month\">Apr<\/span>\n                    <\/p>\n                                            <ul class=\"formation-tags formation-event-types\">\n                                                                                        <li class=\"formation-isfull-tag\">Full<\/li>\n                                                                                                                    <li class='event-type'>Field day<\/li>                                                    <\/ul>\n                                    <\/div>\n\n                <div class=\"formation-informations\">\n                    <p class=\"formation-city-place\">\n                        Wavreille (Rochefort)                    <\/p>\n                    <h3 class=\"formation-title has-strong-text-shadow\">Wide-spaced planting of precious hardwoods<\/h3>\n                <\/div>\n            <\/a>\n\n                    <\/article>\n\n    \n        \n        <article id=\"formation-39979\" data-formation-id=\"39979\" class=\"formation-item\">\n            <a class=\"formation-link button\" href=\"https:\/\/srfb.be\/en\/formations\/immersion-sensible-dans-la-foret-26-04-2026\/\">\n                <div class=\"formation-header-thumbnail\">\n                    <img loading=\"lazy\" decoding=\"async\" width=\"300\" height=\"225\" src=\"https:\/\/srfb.be\/wp-content\/uploads\/2025\/03\/hand-tree-300x225.jpg\" class=\"formation-thumb wp-post-image\" alt=\"Right hand on a tree\" srcset=\"https:\/\/srfb.be\/wp-content\/uploads\/2025\/03\/hand-tree-300x225.jpg 300w, https:\/\/srfb.be\/wp-content\/uploads\/2025\/03\/hand-tree-1024x768.jpg 1024w, https:\/\/srfb.be\/wp-content\/uploads\/2025\/03\/hand-tree-16x12.jpg 16w, https:\/\/srfb.be\/wp-content\/uploads\/2025\/03\/hand-tree-600x450.jpg 600w, https:\/\/srfb.be\/wp-content\/uploads\/2025\/03\/hand-tree.jpg 1280w\" sizes=\"auto, (max-width: 300px) 100vw, 300px\" \/>                    <p class=\"formation-date-start\">\n                        <span class=\"day\">26<\/span>\n                        <span class=\"month\">Apr<\/span>\n                    <\/p>\n                                            <ul class=\"formation-tags formation-event-types\">\n                                                                                                                                                <li class='event-type'>Guided walk<\/li>                                                    <\/ul>\n                                    <\/div>\n\n                <div class=\"formation-informations\">\n                    <p class=\"formation-city-place\">\n                        Bonlez (Chaumont Gistoux)                    <\/p>\n                    <h3 class=\"formation-title has-strong-text-shadow\">Sensory immersion in the forest<\/h3>\n                <\/div>\n            <\/a>\n\n                    <\/article>\n\n    \n        \n        <article id=\"formation-39959\" data-formation-id=\"39959\" class=\"formation-item\">\n            <a class=\"formation-link button\" href=\"https:\/\/srfb.be\/en\/formations\/visite-dune-foret-certifiee-pefc-informations-sur-la-certification-durable-28-03-2026\/\">\n                <div class=\"formation-header-thumbnail\">\n                    <img loading=\"lazy\" decoding=\"async\" width=\"300\" height=\"225\" src=\"https:\/\/srfb.be\/wp-content\/uploads\/2026\/02\/pefc-fixation-300x225.jpeg\" class=\"formation-thumb wp-post-image\" alt=\"Fixation PEFC\" srcset=\"https:\/\/srfb.be\/wp-content\/uploads\/2026\/02\/pefc-fixation-300x225.jpeg 300w, https:\/\/srfb.be\/wp-content\/uploads\/2026\/02\/pefc-fixation-1024x768.jpeg 1024w, https:\/\/srfb.be\/wp-content\/uploads\/2026\/02\/pefc-fixation-768x576.jpeg 768w, https:\/\/srfb.be\/wp-content\/uploads\/2026\/02\/pefc-fixation-16x12.jpeg 16w, https:\/\/srfb.be\/wp-content\/uploads\/2026\/02\/pefc-fixation-400x300.jpeg 400w, https:\/\/srfb.be\/wp-content\/uploads\/2026\/02\/pefc-fixation-600x450.jpeg 600w, https:\/\/srfb.be\/wp-content\/uploads\/2026\/02\/pefc-fixation.jpeg 1440w\" sizes=\"auto, (max-width: 300px) 100vw, 300px\" \/>                    <p class=\"formation-date-start\">\n                        <span class=\"day\">28<\/span>\n                        <span class=\"month\">Mar<\/span>\n                    <\/p>\n                                            <ul class=\"formation-tags formation-event-types\">\n                                                            <li class=\"formation-iscanceled-tag\">Annul\u00e9<\/li>\n                                                                                                                    <li class=\"formation-isfree-tag\">Free<\/li>\n                                                                                        <li class='event-type'>Field day<\/li>                                                    <\/ul>\n                                    <\/div>\n\n                <div class=\"formation-informations\">\n                    <p class=\"formation-city-place\">\n                        Bonlez                    <\/p>\n                    <h3 class=\"formation-title has-strong-text-shadow\">Visit a PEFC-certified forest - Information on sustainable certification<\/h3>\n                <\/div>\n            <\/a>\n\n                    <\/article>\n\n    \n        \n        <article id=\"formation-40043\" data-formation-id=\"40043\" class=\"formation-item\">\n            <a class=\"formation-link button\" href=\"https:\/\/srfb.be\/en\/formations\/forestimator-une-application-simple-pour-la-description-des-peuplements-et-lanalyse-stationnelle-27-03-2026\/\">\n                <div class=\"formation-header-thumbnail\">\n                    <img loading=\"lazy\" decoding=\"async\" width=\"300\" height=\"225\" src=\"https:\/\/srfb.be\/wp-content\/uploads\/2026\/01\/web.phone-forestinator-300x225.png\" class=\"formation-thumb wp-post-image\" alt=\"Forestinator mobile application\" srcset=\"https:\/\/srfb.be\/wp-content\/uploads\/2026\/01\/web.phone-forestinator-300x225.png 300w, https:\/\/srfb.be\/wp-content\/uploads\/2026\/01\/web.phone-forestinator-1024x768.png 1024w, https:\/\/srfb.be\/wp-content\/uploads\/2026\/01\/web.phone-forestinator-768x576.png 768w, https:\/\/srfb.be\/wp-content\/uploads\/2026\/01\/web.phone-forestinator-16x12.png 16w, https:\/\/srfb.be\/wp-content\/uploads\/2026\/01\/web.phone-forestinator-400x300.png 400w, https:\/\/srfb.be\/wp-content\/uploads\/2026\/01\/web.phone-forestinator-600x450.png 600w, https:\/\/srfb.be\/wp-content\/uploads\/2026\/01\/web.phone-forestinator.png 1500w\" sizes=\"auto, (max-width: 300px) 100vw, 300px\" \/>                    <p class=\"formation-date-start\">\n                        <span class=\"day\">27<\/span>\n                        <span class=\"month\">Mar<\/span>\n                    <\/p>\n                                            <ul class=\"formation-tags formation-event-types\">\n                                                                                        <li class=\"formation-isfull-tag\">Full<\/li>\n                                                                                                                    <li class='event-type'>Training<\/li>                                                    <\/ul>\n                                    <\/div>\n\n                <div class=\"formation-informations\">\n                    <p class=\"formation-city-place\">\n                        Gembloux                    <\/p>\n                    <h3 class=\"formation-title has-strong-text-shadow\">Forestimator, a simple application for stand description and station analysis<\/h3>\n                <\/div>\n            <\/a>\n\n                    <\/article>\n\n    \n        \n        <article id=\"formation-39961\" data-formation-id=\"39961\" class=\"formation-item\">\n            <a class=\"formation-link button\" href=\"https:\/\/srfb.be\/en\/formations\/balade-bourgeons-2026\/\">\n                <div class=\"formation-header-thumbnail\">\n                    <img loading=\"lazy\" decoding=\"async\" width=\"300\" height=\"200\" src=\"https:\/\/srfb.be\/wp-content\/uploads\/2025\/03\/bourgeon-300x200.jpg\" class=\"formation-thumb wp-post-image\" alt=\"Blackthorn bud\" srcset=\"https:\/\/srfb.be\/wp-content\/uploads\/2025\/03\/bourgeon-300x200.jpg 300w, https:\/\/srfb.be\/wp-content\/uploads\/2025\/03\/bourgeon-1024x682.jpg 1024w, https:\/\/srfb.be\/wp-content\/uploads\/2025\/03\/bourgeon-18x12.jpg 18w, https:\/\/srfb.be\/wp-content\/uploads\/2025\/03\/bourgeon-600x400.jpg 600w, https:\/\/srfb.be\/wp-content\/uploads\/2025\/03\/bourgeon.jpg 1280w\" sizes=\"auto, (max-width: 300px) 100vw, 300px\" \/>                    <p class=\"formation-date-start\">\n                        <span class=\"day\">22<\/span>\n                        <span class=\"month\">Mar<\/span>\n                    <\/p>\n                                            <ul class=\"formation-tags formation-event-types\">\n                                                                                                                    <li class=\"formation-isfree-tag\">Free<\/li>\n                                                                                        <li class='event-type'>Guided walk<\/li>                                                    <\/ul>\n                                    <\/div>\n\n                <div class=\"formation-informations\">\n                    <p class=\"formation-city-place\">\n                        Braine-le-Comte                    <\/p>\n                    <h3 class=\"formation-title has-strong-text-shadow\">Discovering tree and shrub buds and their uses in phytotherapy (gemmotherapy)<\/h3>\n                <\/div>\n            <\/a>\n\n                    <\/article>\n\n    \n        \n        <article id=\"formation-40044\" data-formation-id=\"40044\" class=\"formation-item\">\n            <a class=\"formation-link button\" href=\"https:\/\/srfb.be\/en\/formations\/immersion-sensible-dans-la-foret-22-03-2026\/\">\n                <div class=\"formation-header-thumbnail\">\n                    <img loading=\"lazy\" decoding=\"async\" width=\"300\" height=\"225\" src=\"https:\/\/srfb.be\/wp-content\/uploads\/2025\/03\/hand-tree-300x225.jpg\" class=\"formation-thumb wp-post-image\" alt=\"Right hand on a tree\" srcset=\"https:\/\/srfb.be\/wp-content\/uploads\/2025\/03\/hand-tree-300x225.jpg 300w, https:\/\/srfb.be\/wp-content\/uploads\/2025\/03\/hand-tree-1024x768.jpg 1024w, https:\/\/srfb.be\/wp-content\/uploads\/2025\/03\/hand-tree-16x12.jpg 16w, https:\/\/srfb.be\/wp-content\/uploads\/2025\/03\/hand-tree-600x450.jpg 600w, https:\/\/srfb.be\/wp-content\/uploads\/2025\/03\/hand-tree.jpg 1280w\" sizes=\"auto, (max-width: 300px) 100vw, 300px\" \/>                    <p class=\"formation-date-start\">\n                        <span class=\"day\">22<\/span>\n                        <span class=\"month\">Mar<\/span>\n                    <\/p>\n                                            <ul class=\"formation-tags formation-event-types\">\n                                                                                                                                                <li class='event-type'>Guided walk<\/li>                                                    <\/ul>\n                                    <\/div>\n\n                <div class=\"formation-informations\">\n                    <p class=\"formation-city-place\">\n                        Bonlez (Chaumont Gistoux)                    <\/p>\n                    <h3 class=\"formation-title has-strong-text-shadow\">Sensory immersion in the forest<\/h3>\n                <\/div>\n            <\/a>\n\n                    <\/article>\n\n    <\/div>\n<\/div>\n\n\n\n\n\n<div class=\"wp-block-buttons is-content-justification-center is-layout-flex wp-container-core-buttons-is-layout-31558199 wp-block-buttons-is-layout-flex\" style=\"margin-top:var(--wp--preset--spacing--70);margin-bottom:var(--wp--preset--spacing--70)\">\n<div class=\"wp-block-button\"><a class=\"wp-block-button__link wp-element-button\" href=\"https:\/\/\/en\/\\\/\\\/srfb.be\/\/srfb.be\/\/srfb.be\/formations-et-activites\/\"><i class=\"fas fa-arrow-left\"><\/i> Find out about upcoming training courses<\/a><\/div>\n<\/div>","protected":false},"excerpt":{"rendered":"<p>Former activities<\/p>","protected":false},"author":18,"featured_media":10374,"parent":5959,"menu_order":0,"comment_status":"closed","ping_status":"closed","template":"","meta":{"iawp_total_views":287,"footnotes":""},"class_list":["post-31987","page","type-page","status-publish","has-post-thumbnail","hentry"],"yoast_head":"<!-- This site is optimized with the Yoast SEO plugin v27.6 - https:\/\/yoast.com\/product\/yoast-seo-wordpress\/ -->\n<title>Activit\u00e9s pass\u00e9es - SRFB<\/title>\n<meta name=\"description\" content=\"Toutes les activit\u00e9s pass\u00e9s de la Soci\u00e9t\u00e9 Royale Foresti\u00e8re de Belgique.\" \/>\n<meta name=\"robots\" content=\"index, follow, max-snippet:-1, max-image-preview:large, max-video-preview:-1\" \/>\n<link rel=\"canonical\" href=\"https:\/\/srfb.be\/en\/trainings-and-activities\/activites-passees\/\" \/>\n<meta property=\"og:locale\" content=\"en_GB\" \/>\n<meta property=\"og:type\" content=\"article\" \/>\n<meta property=\"og:title\" content=\"Activit\u00e9s pass\u00e9es - SRFB\" \/>\n<meta property=\"og:description\" content=\"Toutes les activit\u00e9s pass\u00e9s de la Soci\u00e9t\u00e9 Royale Foresti\u00e8re de Belgique.\" \/>\n<meta property=\"og:url\" content=\"https:\/\/srfb.be\/en\/trainings-and-activities\/activites-passees\/\" \/>\n<meta property=\"og:site_name\" content=\"Soci\u00e9t\u00e9 Royale Foresti\u00e8re de Belgique\" \/>\n<meta property=\"article:publisher\" content=\"https:\/\/www.facebook.com\/srfb.be\" \/>\n<meta property=\"article:modified_time\" content=\"2026-05-12T14:31:56+00:00\" \/>\n<meta property=\"og:image\" content=\"https:\/\/srfb.be\/wp-content\/uploads\/2020\/02\/IMG-20190510-WA0003.jpg\" \/>\n\t<meta property=\"og:image:width\" content=\"1552\" \/>\n\t<meta property=\"og:image:height\" content=\"873\" \/>\n\t<meta property=\"og:image:type\" content=\"image\/jpeg\" \/>\n<script type=\"application\/ld+json\" class=\"yoast-schema-graph\">{\"@context\":\"https:\\\/\\\/schema.org\",\"@graph\":[{\"@type\":\"WebPage\",\"@id\":\"https:\\\/\\\/srfb.be\\\/formations-et-activites\\\/activites-passees\\\/\",\"url\":\"https:\\\/\\\/srfb.be\\\/formations-et-activites\\\/activites-passees\\\/\",\"name\":\"Activit\u00e9s pass\u00e9es - SRFB\",\"isPartOf\":{\"@id\":\"https:\\\/\\\/srfb.be\\\/nl\\\/#website\"},\"primaryImageOfPage\":{\"@id\":\"https:\\\/\\\/srfb.be\\\/formations-et-activites\\\/activites-passees\\\/#primaryimage\"},\"image\":{\"@id\":\"https:\\\/\\\/srfb.be\\\/formations-et-activites\\\/activites-passees\\\/#primaryimage\"},\"thumbnailUrl\":\"https:\\\/\\\/srfb.be\\\/wp-content\\\/uploads\\\/2020\\\/02\\\/IMG-20190510-WA0003.jpg\",\"datePublished\":\"2023-06-28T15:42:00+00:00\",\"dateModified\":\"2026-05-12T14:31:56+00:00\",\"description\":\"Toutes les activit\u00e9s pass\u00e9s de la Soci\u00e9t\u00e9 Royale Foresti\u00e8re de Belgique.\",\"breadcrumb\":{\"@id\":\"https:\\\/\\\/srfb.be\\\/formations-et-activites\\\/activites-passees\\\/#breadcrumb\"},\"inLanguage\":\"en-GB\",\"potentialAction\":[{\"@type\":\"ReadAction\",\"target\":[\"https:\\\/\\\/srfb.be\\\/formations-et-activites\\\/activites-passees\\\/\"]}]},{\"@type\":\"ImageObject\",\"inLanguage\":\"en-GB\",\"@id\":\"https:\\\/\\\/srfb.be\\\/formations-et-activites\\\/activites-passees\\\/#primaryimage\",\"url\":\"https:\\\/\\\/srfb.be\\\/wp-content\\\/uploads\\\/2020\\\/02\\\/IMG-20190510-WA0003.jpg\",\"contentUrl\":\"https:\\\/\\\/srfb.be\\\/wp-content\\\/uploads\\\/2020\\\/02\\\/IMG-20190510-WA0003.jpg\",\"width\":1552,\"height\":873,\"caption\":\"Formation\"},{\"@type\":\"BreadcrumbList\",\"@id\":\"https:\\\/\\\/srfb.be\\\/formations-et-activites\\\/activites-passees\\\/#breadcrumb\",\"itemListElement\":[{\"@type\":\"ListItem\",\"position\":1,\"name\":\"Accueil\",\"item\":\"https:\\\/\\\/srfb.be\\\/nl\\\/\"},{\"@type\":\"ListItem\",\"position\":2,\"name\":\"Formations et activit\u00e9s\",\"item\":\"https:\\\/\\\/srfb.be\\\/formations-et-activites\\\/\"},{\"@type\":\"ListItem\",\"position\":3,\"name\":\"Activit\u00e9s pass\u00e9es\"}]},{\"@type\":\"WebSite\",\"@id\":\"https:\\\/\\\/srfb.be\\\/nl\\\/#website\",\"url\":\"https:\\\/\\\/srfb.be\\\/nl\\\/\",\"name\":\"Soci\u00e9t\u00e9 Royale Foresti\u00e8re de Belgique\",\"description\":\"Au service de la for\u00eat et des forestiers\",\"publisher\":{\"@id\":\"https:\\\/\\\/srfb.be\\\/nl\\\/#organization\"},\"alternateName\":\"SRFB-KBBM\",\"potentialAction\":[{\"@type\":\"SearchAction\",\"target\":{\"@type\":\"EntryPoint\",\"urlTemplate\":\"https:\\\/\\\/srfb.be\\\/nl\\\/?s={search_term_string}\"},\"query-input\":{\"@type\":\"PropertyValueSpecification\",\"valueRequired\":true,\"valueName\":\"search_term_string\"}}],\"inLanguage\":\"en-GB\"},{\"@type\":\"Organization\",\"@id\":\"https:\\\/\\\/srfb.be\\\/nl\\\/#organization\",\"name\":\"Soci\u00e9t\u00e9 Royale Foresti\u00e8re De Belgique - Koninklijke Belgische Bosbouwmaatschappij\",\"alternateName\":\"SRFB-KBBM\",\"url\":\"https:\\\/\\\/srfb.be\\\/nl\\\/\",\"logo\":{\"@type\":\"ImageObject\",\"inLanguage\":\"en-GB\",\"@id\":\"https:\\\/\\\/srfb.be\\\/nl\\\/#\\\/schema\\\/logo\\\/image\\\/\",\"url\":\"https:\\\/\\\/srfb.be\\\/wp-content\\\/uploads\\\/2019\\\/06\\\/android-chrome-256x256.png\",\"contentUrl\":\"https:\\\/\\\/srfb.be\\\/wp-content\\\/uploads\\\/2019\\\/06\\\/android-chrome-256x256.png\",\"width\":1200,\"height\":1232,\"caption\":\"Soci\u00e9t\u00e9 Royale Foresti\u00e8re De Belgique - Koninklijke Belgische Bosbouwmaatschappij\"},\"image\":{\"@id\":\"https:\\\/\\\/srfb.be\\\/nl\\\/#\\\/schema\\\/logo\\\/image\\\/\"},\"sameAs\":[\"https:\\\/\\\/www.facebook.com\\\/srfb.be\",\"https:\\\/\\\/www.instagram.com\\\/srfb_kbbm\\\/\",\"https:\\\/\\\/www.linkedin.com\\\/company\\\/srfb-kbbm\\\/\",\"https:\\\/\\\/www.youtube.com\\\/user\\\/srfbkbbm\"]}]}<\/script>\n<!-- \/ Yoast SEO plugin. -->","yoast_head_json":{"title":"Past activities - SRFB","description":"All the past activities of the Royal Forestry Society of Belgium.","robots":{"index":"index","follow":"follow","max-snippet":"max-snippet:-1","max-image-preview":"max-image-preview:large","max-video-preview":"max-video-preview:-1"},"canonical":"https:\/\/srfb.be\/en\/trainings-and-activities\/activites-passees\/","og_locale":"en_GB","og_type":"article","og_title":"Activit\u00e9s pass\u00e9es - SRFB","og_description":"Toutes les activit\u00e9s pass\u00e9s de la Soci\u00e9t\u00e9 Royale Foresti\u00e8re de Belgique.","og_url":"https:\/\/srfb.be\/en\/trainings-and-activities\/activites-passees\/","og_site_name":"Soci\u00e9t\u00e9 Royale Foresti\u00e8re de Belgique","article_publisher":"https:\/\/www.facebook.com\/srfb.be","article_modified_time":"2026-05-12T14:31:56+00:00","og_image":[{"width":1552,"height":873,"url":"https:\/\/srfb.be\/wp-content\/uploads\/2020\/02\/IMG-20190510-WA0003.jpg","type":"image\/jpeg"}],"schema":{"@context":"https:\/\/schema.org","@graph":[{"@type":"WebPage","@id":"https:\/\/srfb.be\/formations-et-activites\/activites-passees\/","url":"https:\/\/srfb.be\/formations-et-activites\/activites-passees\/","name":"Past activities - SRFB","isPartOf":{"@id":"https:\/\/srfb.be\/nl\/#website"},"primaryImageOfPage":{"@id":"https:\/\/srfb.be\/formations-et-activites\/activites-passees\/#primaryimage"},"image":{"@id":"https:\/\/srfb.be\/formations-et-activites\/activites-passees\/#primaryimage"},"thumbnailUrl":"https:\/\/srfb.be\/wp-content\/uploads\/2020\/02\/IMG-20190510-WA0003.jpg","datePublished":"2023-06-28T15:42:00+00:00","dateModified":"2026-05-12T14:31:56+00:00","description":"All the past activities of the Royal Forestry Society of Belgium.","breadcrumb":{"@id":"https:\/\/srfb.be\/formations-et-activites\/activites-passees\/#breadcrumb"},"inLanguage":"en-GB","potentialAction":[{"@type":"ReadAction","target":["https:\/\/srfb.be\/formations-et-activites\/activites-passees\/"]}]},{"@type":"ImageObject","inLanguage":"en-GB","@id":"https:\/\/srfb.be\/formations-et-activites\/activites-passees\/#primaryimage","url":"https:\/\/srfb.be\/wp-content\/uploads\/2020\/02\/IMG-20190510-WA0003.jpg","contentUrl":"https:\/\/srfb.be\/wp-content\/uploads\/2020\/02\/IMG-20190510-WA0003.jpg","width":1552,"height":873,"caption":"Formation"},{"@type":"BreadcrumbList","@id":"https:\/\/srfb.be\/formations-et-activites\/activites-passees\/#breadcrumb","itemListElement":[{"@type":"ListItem","position":1,"name":"Accueil","item":"https:\/\/srfb.be\/nl\/"},{"@type":"ListItem","position":2,"name":"Formations et activit\u00e9s","item":"https:\/\/srfb.be\/formations-et-activites\/"},{"@type":"ListItem","position":3,"name":"Activit\u00e9s pass\u00e9es"}]},{"@type":"WebSite","@id":"https:\/\/srfb.be\/nl\/#website","url":"https:\/\/srfb.be\/nl\/","name":"Royal Forestry Society of Belgium","description":"Serving forests and foresters","publisher":{"@id":"https:\/\/srfb.be\/nl\/#organization"},"alternateName":"SRFB-KBBM","potentialAction":[{"@type":"SearchAction","target":{"@type":"EntryPoint","urlTemplate":"https:\/\/srfb.be\/nl\/?s={search_term_string}"},"query-input":{"@type":"PropertyValueSpecification","valueRequired":true,"valueName":"search_term_string"}}],"inLanguage":"en-GB"},{"@type":"Organization","@id":"https:\/\/srfb.be\/nl\/#organization","name":"Soci\u00e9t\u00e9 Royale Foresti\u00e8re De Belgique - Koninklijke Belgische Bosbouwmaatschappij","alternateName":"SRFB-KBBM","url":"https:\/\/srfb.be\/nl\/","logo":{"@type":"ImageObject","inLanguage":"en-GB","@id":"https:\/\/srfb.be\/nl\/#\/schema\/logo\/image\/","url":"https:\/\/srfb.be\/wp-content\/uploads\/2019\/06\/android-chrome-256x256.png","contentUrl":"https:\/\/srfb.be\/wp-content\/uploads\/2019\/06\/android-chrome-256x256.png","width":1200,"height":1232,"caption":"Soci\u00e9t\u00e9 Royale Foresti\u00e8re De Belgique - Koninklijke Belgische Bosbouwmaatschappij"},"image":{"@id":"https:\/\/srfb.be\/nl\/#\/schema\/logo\/image\/"},"sameAs":["https:\/\/www.facebook.com\/srfb.be","https:\/\/www.instagram.com\/srfb_kbbm\/","https:\/\/www.linkedin.com\/company\/srfb-kbbm\/","https:\/\/www.youtube.com\/user\/srfbkbbm"]}]}},"_links":{"self":[{"href":"https:\/\/srfb.be\/en\/wp-json\/wp\/v2\/pages\/31987","targetHints":{"allow":["GET"]}}],"collection":[{"href":"https:\/\/srfb.be\/en\/wp-json\/wp\/v2\/pages"}],"about":[{"href":"https:\/\/srfb.be\/en\/wp-json\/wp\/v2\/types\/page"}],"author":[{"embeddable":true,"href":"https:\/\/srfb.be\/en\/wp-json\/wp\/v2\/users\/18"}],"replies":[{"embeddable":true,"href":"https:\/\/srfb.be\/en\/wp-json\/wp\/v2\/comments?post=31987"}],"version-history":[{"count":3,"href":"https:\/\/srfb.be\/en\/wp-json\/wp\/v2\/pages\/31987\/revisions"}],"predecessor-version":[{"id":40045,"href":"https:\/\/srfb.be\/en\/wp-json\/wp\/v2\/pages\/31987\/revisions\/40045"}],"up":[{"embeddable":true,"href":"https:\/\/srfb.be\/en\/wp-json\/wp\/v2\/pages\/5959"}],"wp:featuredmedia":[{"embeddable":true,"href":"https:\/\/srfb.be\/en\/wp-json\/wp\/v2\/media\/10374"}],"wp:attachment":[{"href":"https:\/\/srfb.be\/en\/wp-json\/wp\/v2\/media?parent=31987"}],"curies":[{"name":"wp","href":"https:\/\/api.w.org\/{rel}","templated":true}]}}