{"id":31277,"date":"2023-05-24T15:55:10","date_gmt":"2023-05-24T13:55:10","guid":{"rendered":"https:\/\/srfb.be\/?page_id=31277"},"modified":"2025-03-06T15:08:52","modified_gmt":"2025-03-06T14:08:52","slug":"learning-resources","status":"publish","type":"page","link":"https:\/\/srfb.be\/en\/forest-friends\/ressources-pedagogiques\/","title":{"rendered":"Teaching resources"},"content":{"rendered":"<div class=\"yoast-breadcrumbs\"><span><span><a href=\"https:\/\/srfb.be\/en\/\">Home<\/a><\/span> &gt; <span><a href=\"https:\/\/kbbm.be\/nl\/forest-friends\/\">Discover Forest Friends<\/a><\/span> &gt; <span class=\"breadcrumb_last\" aria-current=\"page\"><strong>Teaching resources<\/strong><\/span><\/span><\/div>\n\n\n<div class=\"wp-block-group is-layout-constrained wp-container-core-group-is-layout-7f6ca53d wp-block-group-is-layout-constrained\" style=\"padding-top:var(--wp--preset--spacing--60);padding-right:var(--wp--preset--spacing--80);padding-bottom:var(--wp--preset--spacing--60);padding-left:var(--wp--preset--spacing--80)\">\n<h3 class=\"wp-block-heading\">Educational resources for young and old!<\/h3>\n\n\n\n<p>Whether you're a teacher, a youth worker or simply a parent keen to discover the forest with your children, you'll find a wide range of resources on these pages, suitable for different age groups.<\/p>\n<\/div>\n\n\n\n<div class=\"wp-block-group is-content-justification-center is-nowrap is-layout-flex wp-container-core-group-is-layout-23441af8 wp-block-group-is-layout-flex\">\n<div class=\"wp-block-group has-background wp-container-content-f613b356 is-vertical is-content-justification-center is-layout-flex wp-container-core-group-is-layout-d289c3e5 wp-block-group-is-layout-flex\" style=\"border-radius:5px;background-color:#f2f2f2;min-height:275px;padding-top:0;padding-right:0;padding-bottom:var(--wp--preset--spacing--30);padding-left:0\">\n<figure class=\"wp-block-image size-large has-custom-border\" style=\"margin-bottom:var(--wp--preset--spacing--30)\"><img loading=\"lazy\" decoding=\"async\" width=\"1024\" height=\"682\" src=\"https:\/\/srfb.be\/wp-content\/uploads\/2020\/04\/books-2863724_1920-1024x682.jpg\" alt=\"\" class=\"wp-image-11348\" style=\"border-top-left-radius:5px;border-top-right-radius:5px;border-bottom-left-radius:0px;border-bottom-right-radius:0px;aspect-ratio:3\/2;object-fit:cover\" srcset=\"https:\/\/srfb.be\/wp-content\/uploads\/2020\/04\/books-2863724_1920-1024x682.jpg 1024w, https:\/\/srfb.be\/wp-content\/uploads\/2020\/04\/books-2863724_1920-600x400.jpg 600w, https:\/\/srfb.be\/wp-content\/uploads\/2020\/04\/books-2863724_1920-300x200.jpg 300w, https:\/\/srfb.be\/wp-content\/uploads\/2020\/04\/books-2863724_1920-18x12.jpg 18w, https:\/\/srfb.be\/wp-content\/uploads\/2020\/04\/books-2863724_1920.jpg 1700w\" sizes=\"auto, (max-width: 1024px) 100vw, 1024px\" \/><\/figure>\n\n\n\n<h4 class=\"wp-block-heading has-text-align-center has-vert-claire-color-color has-text-color has-link-color has-medium-font-size wp-elements-bdb96a2237da75d68484b4557e7ceb71\">Teaching kits<\/h4>\n\n\n\n<div class=\"wp-block-buttons is-layout-flex wp-block-buttons-is-layout-flex\" style=\"margin-top:0;margin-bottom:0\">\n<div class=\"wp-block-button has-custom-font-size has-small-font-size\"><a class=\"wp-block-button__link has-vert-fonce-color-background-color has-background wp-element-button\" href=\"\/en\/forest-friends\/learning-resources\/teaching-kits\/\" style=\"padding-top:var(--wp--preset--spacing--30);padding-right:var(--wp--preset--spacing--50);padding-bottom:var(--wp--preset--spacing--30);padding-left:var(--wp--preset--spacing--50)\">More information<\/a><\/div>\n<\/div>\n<\/div>\n\n\n\n<div class=\"wp-block-group has-background wp-container-content-f613b356 is-vertical is-content-justification-center is-layout-flex wp-container-core-group-is-layout-d289c3e5 wp-block-group-is-layout-flex\" style=\"border-radius:5px;background-color:#f2f2f2;min-height:275px;padding-top:0;padding-right:0;padding-bottom:var(--wp--preset--spacing--30);padding-left:0\">\n<figure class=\"wp-block-image size-large has-custom-border\" style=\"margin-bottom:var(--wp--preset--spacing--30)\"><img loading=\"lazy\" decoding=\"async\" width=\"1024\" height=\"768\" src=\"https:\/\/srfb.be\/wp-content\/uploads\/2020\/04\/A.12-1-scaled-1024x768.jpg\" alt=\"What am I?\" class=\"wp-image-11762\" style=\"border-top-left-radius:5px;border-top-right-radius:5px;border-bottom-left-radius:0px;border-bottom-right-radius:0px;aspect-ratio:3\/2;object-fit:cover\" srcset=\"https:\/\/srfb.be\/wp-content\/uploads\/2020\/04\/A.12-1-scaled-1024x768.jpg 1024w, https:\/\/srfb.be\/wp-content\/uploads\/2020\/04\/A.12-1-scaled-600x450.jpg 600w, https:\/\/srfb.be\/wp-content\/uploads\/2020\/04\/A.12-1-scaled-300x225.jpg 300w, https:\/\/srfb.be\/wp-content\/uploads\/2020\/04\/A.12-1-scaled-16x12.jpg 16w, https:\/\/srfb.be\/wp-content\/uploads\/2020\/04\/A.12-1-scaled.jpg 1700w\" sizes=\"auto, (max-width: 1024px) 100vw, 1024px\" \/><\/figure>\n\n\n\n<h4 class=\"wp-block-heading has-text-align-center has-vert-claire-color-color has-text-color has-link-color has-medium-font-size wp-elements-41096fea4c9e3811a4072e9a23efa04e\">Activity sheets<\/h4>\n\n\n\n<div class=\"wp-block-buttons is-layout-flex wp-block-buttons-is-layout-flex\" style=\"margin-top:0;margin-bottom:0\">\n<div class=\"wp-block-button has-custom-font-size has-small-font-size\"><a class=\"wp-block-button__link has-vert-fonce-color-background-color has-background wp-element-button\" href=\"\/en\/forest-friends\/learning-resources\/activity-sheets\/\" style=\"padding-top:var(--wp--preset--spacing--30);padding-right:var(--wp--preset--spacing--50);padding-bottom:var(--wp--preset--spacing--30);padding-left:var(--wp--preset--spacing--50)\">More information<\/a><\/div>\n<\/div>\n<\/div>\n\n\n\n<div class=\"wp-block-group has-background wp-container-content-f613b356 is-vertical is-content-justification-center is-layout-flex wp-container-core-group-is-layout-d289c3e5 wp-block-group-is-layout-flex\" style=\"border-radius:5px;background-color:#f2f2f2;min-height:275px;padding-top:0;padding-right:0;padding-bottom:var(--wp--preset--spacing--30);padding-left:0\">\n<figure class=\"wp-block-image size-large has-custom-border\" style=\"margin-bottom:var(--wp--preset--spacing--30)\"><img decoding=\"async\" src=\"https:\/\/furetcompany.com\/wp-content\/uploads\/2019\/07\/FuretCompany_actuTC_ForestFun.jpg\" alt=\"\" style=\"border-top-left-radius:5px;border-top-right-radius:5px;border-bottom-left-radius:0px;border-bottom-right-radius:0px;aspect-ratio:3\/2;object-fit:cover\"\/><\/figure>\n\n\n\n<h4 class=\"wp-block-heading has-text-align-center has-vert-claire-color-color has-text-color has-link-color has-medium-font-size wp-elements-57e887507024ec55669224c091441414\"><em>Forest Fun<\/em><\/h4>\n\n\n\n<div class=\"wp-block-buttons is-layout-flex wp-block-buttons-is-layout-flex\" style=\"margin-top:0;margin-bottom:0\">\n<div class=\"wp-block-button has-custom-font-size has-small-font-size\"><a class=\"wp-block-button__link has-vert-fonce-color-background-color has-background wp-element-button\" href=\"https:\/\/furetcompany.com\/forest-fun-visite-interactive-en-foret\/\" style=\"padding-top:var(--wp--preset--spacing--30);padding-right:var(--wp--preset--spacing--50);padding-bottom:var(--wp--preset--spacing--30);padding-left:var(--wp--preset--spacing--50)\" target=\"_blank\" rel=\"noreferrer noopener\">More information<\/a><\/div>\n<\/div>\n<\/div>\n\n\n\n<div class=\"wp-block-group has-background wp-container-content-f613b356 is-vertical is-content-justification-center is-layout-flex wp-container-core-group-is-layout-d289c3e5 wp-block-group-is-layout-flex\" style=\"border-radius:5px;background-color:#f2f2f2;min-height:275px;padding-top:0;padding-right:0;padding-bottom:var(--wp--preset--spacing--30);padding-left:0\">\n<figure class=\"wp-block-image size-large has-custom-border\" style=\"margin-bottom:var(--wp--preset--spacing--30)\"><img decoding=\"async\" src=\"https:\/\/th.bing.com\/th\/id\/OIP.guAHPzF3z7O3RxByPQ9G1QHaEX?rs=1&amp;pid=ImgDetMain\" alt=\"\" style=\"border-top-left-radius:5px;border-top-right-radius:5px;border-bottom-left-radius:0px;border-bottom-right-radius:0px;aspect-ratio:3\/2;object-fit:cover\"\/><\/figure>\n\n\n\n<h4 class=\"wp-block-heading has-text-align-center has-vert-claire-color-color has-text-color has-link-color has-medium-font-size wp-elements-c9cea28a0cc3c1d17f3ad3375272e550\">Videos<\/h4>\n\n\n\n<div class=\"wp-block-buttons is-layout-flex wp-block-buttons-is-layout-flex\" style=\"margin-top:0;margin-bottom:0\">\n<div class=\"wp-block-button has-custom-font-size has-small-font-size\"><a class=\"wp-block-button__link has-vert-fonce-color-background-color has-background wp-element-button\" href=\"https:\/\/www.youtube.com\/srfb-kbbm\" style=\"padding-top:var(--wp--preset--spacing--30);padding-right:var(--wp--preset--spacing--50);padding-bottom:var(--wp--preset--spacing--30);padding-left:var(--wp--preset--spacing--50)\" target=\"_blank\" rel=\"noreferrer noopener\">More information<\/a><\/div>\n<\/div>\n<\/div>\n<\/div>","protected":false},"excerpt":{"rendered":"<p>Educational resources for young and old! Whether you're a teacher, a youth worker or simply a parent keen to discover the forest with your children, you'll find a wide range of resources for different age groups on these pages. Educational kits Activity sheets Forest Fun Videos<\/p>","protected":false},"author":18,"featured_media":11348,"parent":6379,"menu_order":0,"comment_status":"closed","ping_status":"closed","template":"","meta":{"iawp_total_views":236,"footnotes":""},"class_list":["post-31277","page","type-page","status-publish","has-post-thumbnail","hentry"],"yoast_head":"<!-- This site is optimized with the Yoast SEO plugin v27.3 - https:\/\/yoast.com\/product\/yoast-seo-wordpress\/ -->\n<title>Ressources p\u00e9dagogiques - Soci\u00e9t\u00e9 Royale Foresti\u00e8re de Belgique<\/title>\n<meta name=\"description\" content=\"Ressources adapt\u00e9es \u00e0 tous pour explorer la for\u00eat avec les enfants. Enseignants, animateurs et parents inclus.\" \/>\n<meta name=\"robots\" content=\"index, follow, max-snippet:-1, max-image-preview:large, max-video-preview:-1\" \/>\n<link rel=\"canonical\" href=\"https:\/\/www.kbbm.be\/en\/forest-friends\/learning-resources\/\" \/>\n<meta property=\"og:locale\" content=\"en_GB\" \/>\n<meta property=\"og:type\" content=\"article\" \/>\n<meta property=\"og:title\" content=\"Ressources p\u00e9dagogiques - Soci\u00e9t\u00e9 Royale Foresti\u00e8re de Belgique\" \/>\n<meta property=\"og:description\" content=\"Ressources adapt\u00e9es \u00e0 tous pour explorer la for\u00eat avec les enfants. Enseignants, animateurs et parents inclus.\" \/>\n<meta property=\"og:url\" content=\"https:\/\/www.kbbm.be\/en\/forest-friends\/learning-resources\/\" \/>\n<meta property=\"og:site_name\" content=\"Soci\u00e9t\u00e9 Royale Foresti\u00e8re de Belgique\" \/>\n<meta property=\"article:publisher\" content=\"https:\/\/www.facebook.com\/srfb.be\" \/>\n<meta property=\"article:modified_time\" content=\"2025-03-06T14:08:52+00:00\" \/>\n<meta property=\"og:image\" content=\"https:\/\/www.kbbm.be\/wp-content\/uploads\/2020\/04\/books-2863724_1920.jpg\" \/>\n\t<meta property=\"og:image:width\" content=\"1700\" \/>\n\t<meta property=\"og:image:height\" content=\"1133\" \/>\n\t<meta property=\"og:image:type\" content=\"image\/jpeg\" \/>\n<script type=\"application\/ld+json\" class=\"yoast-schema-graph\">{\"@context\":\"https:\\\/\\\/schema.org\",\"@graph\":[{\"@type\":\"WebPage\",\"@id\":\"https:\\\/\\\/www.kbbm.be\\\/en\\\/forest-friends\\\/learning-resources\\\/\",\"url\":\"https:\\\/\\\/www.kbbm.be\\\/en\\\/forest-friends\\\/learning-resources\\\/\",\"name\":\"Ressources p\u00e9dagogiques - Soci\u00e9t\u00e9 Royale Foresti\u00e8re de Belgique\",\"isPartOf\":{\"@id\":\"https:\\\/\\\/srfb.be\\\/#website\"},\"primaryImageOfPage\":{\"@id\":\"https:\\\/\\\/www.kbbm.be\\\/en\\\/forest-friends\\\/learning-resources\\\/#primaryimage\"},\"image\":{\"@id\":\"https:\\\/\\\/www.kbbm.be\\\/en\\\/forest-friends\\\/learning-resources\\\/#primaryimage\"},\"thumbnailUrl\":\"https:\\\/\\\/srfb.be\\\/wp-content\\\/uploads\\\/2020\\\/04\\\/books-2863724_1920.jpg\",\"datePublished\":\"2023-05-24T13:55:10+00:00\",\"dateModified\":\"2025-03-06T14:08:52+00:00\",\"description\":\"Ressources adapt\u00e9es \u00e0 tous pour explorer la for\u00eat avec les enfants. Enseignants, animateurs et parents inclus.\",\"breadcrumb\":{\"@id\":\"https:\\\/\\\/www.kbbm.be\\\/en\\\/forest-friends\\\/learning-resources\\\/#breadcrumb\"},\"inLanguage\":\"en-GB\",\"potentialAction\":[{\"@type\":\"ReadAction\",\"target\":[\"https:\\\/\\\/www.kbbm.be\\\/en\\\/forest-friends\\\/learning-resources\\\/\"]}]},{\"@type\":\"ImageObject\",\"inLanguage\":\"en-GB\",\"@id\":\"https:\\\/\\\/www.kbbm.be\\\/en\\\/forest-friends\\\/learning-resources\\\/#primaryimage\",\"url\":\"https:\\\/\\\/srfb.be\\\/wp-content\\\/uploads\\\/2020\\\/04\\\/books-2863724_1920.jpg\",\"contentUrl\":\"https:\\\/\\\/srfb.be\\\/wp-content\\\/uploads\\\/2020\\\/04\\\/books-2863724_1920.jpg\",\"width\":1700,\"height\":1133,\"caption\":\"Image by \u0412\u0438\u043a\u0442\u043e\u0440\u0438\u044f \u0411\u043e\u0440\u043e\u0434\u0438\u043d\u043e\u0432\u0430 from Pixabay\"},{\"@type\":\"BreadcrumbList\",\"@id\":\"https:\\\/\\\/www.kbbm.be\\\/en\\\/forest-friends\\\/learning-resources\\\/#breadcrumb\",\"itemListElement\":[{\"@type\":\"ListItem\",\"position\":1,\"name\":\"Accueil\",\"item\":\"https:\\\/\\\/srfb.be\\\/\"},{\"@type\":\"ListItem\",\"position\":2,\"name\":\"D\u00e9couvrez Forest Friends\",\"item\":\"https:\\\/\\\/kbbm.be\\\/nl\\\/forest-friends\\\/\"},{\"@type\":\"ListItem\",\"position\":3,\"name\":\"Ressources p\u00e9dagogiques\"}]},{\"@type\":\"WebSite\",\"@id\":\"https:\\\/\\\/srfb.be\\\/#website\",\"url\":\"https:\\\/\\\/srfb.be\\\/\",\"name\":\"Soci\u00e9t\u00e9 Royale Foresti\u00e8re de Belgique\",\"description\":\"Au service de la for\u00eat et des forestiers\",\"publisher\":{\"@id\":\"https:\\\/\\\/srfb.be\\\/#organization\"},\"alternateName\":\"SRFB-KBBM\",\"potentialAction\":[{\"@type\":\"SearchAction\",\"target\":{\"@type\":\"EntryPoint\",\"urlTemplate\":\"https:\\\/\\\/srfb.be\\\/?s={search_term_string}\"},\"query-input\":{\"@type\":\"PropertyValueSpecification\",\"valueRequired\":true,\"valueName\":\"search_term_string\"}}],\"inLanguage\":\"en-GB\"},{\"@type\":\"Organization\",\"@id\":\"https:\\\/\\\/srfb.be\\\/#organization\",\"name\":\"Soci\u00e9t\u00e9 Royale Foresti\u00e8re De Belgique - Koninklijke Belgische Bosbouwmaatschappij\",\"alternateName\":\"SRFB-KBBM\",\"url\":\"https:\\\/\\\/srfb.be\\\/\",\"logo\":{\"@type\":\"ImageObject\",\"inLanguage\":\"en-GB\",\"@id\":\"https:\\\/\\\/srfb.be\\\/#\\\/schema\\\/logo\\\/image\\\/\",\"url\":\"https:\\\/\\\/srfb.be\\\/wp-content\\\/uploads\\\/2019\\\/06\\\/android-chrome-256x256.png\",\"contentUrl\":\"https:\\\/\\\/srfb.be\\\/wp-content\\\/uploads\\\/2019\\\/06\\\/android-chrome-256x256.png\",\"width\":1200,\"height\":1232,\"caption\":\"Soci\u00e9t\u00e9 Royale Foresti\u00e8re De Belgique - Koninklijke Belgische Bosbouwmaatschappij\"},\"image\":{\"@id\":\"https:\\\/\\\/srfb.be\\\/#\\\/schema\\\/logo\\\/image\\\/\"},\"sameAs\":[\"https:\\\/\\\/www.facebook.com\\\/srfb.be\",\"https:\\\/\\\/www.instagram.com\\\/srfb_kbbm\\\/\",\"https:\\\/\\\/www.linkedin.com\\\/company\\\/srfb-kbbm\\\/\",\"https:\\\/\\\/www.youtube.com\\\/user\\\/srfbkbbm\"]}]}<\/script>\n<!-- \/ Yoast SEO plugin. -->","yoast_head_json":{"title":"Educational resources - Royal Belgian Forest Society","description":"Resources for everyone to explore the forest with their children. Teachers, leaders and parents included.","robots":{"index":"index","follow":"follow","max-snippet":"max-snippet:-1","max-image-preview":"max-image-preview:large","max-video-preview":"max-video-preview:-1"},"canonical":"https:\/\/www.kbbm.be\/en\/forest-friends\/learning-resources\/","og_locale":"en_GB","og_type":"article","og_title":"Ressources p\u00e9dagogiques - Soci\u00e9t\u00e9 Royale Foresti\u00e8re de Belgique","og_description":"Ressources adapt\u00e9es \u00e0 tous pour explorer la for\u00eat avec les enfants. Enseignants, animateurs et parents inclus.","og_url":"https:\/\/www.kbbm.be\/en\/forest-friends\/learning-resources\/","og_site_name":"Soci\u00e9t\u00e9 Royale Foresti\u00e8re de Belgique","article_publisher":"https:\/\/www.facebook.com\/srfb.be","article_modified_time":"2025-03-06T14:08:52+00:00","og_image":[{"width":1700,"height":1133,"url":"https:\/\/www.kbbm.be\/wp-content\/uploads\/2020\/04\/books-2863724_1920.jpg","type":"image\/jpeg"}],"schema":{"@context":"https:\/\/schema.org","@graph":[{"@type":"WebPage","@id":"https:\/\/www.kbbm.be\/en\/forest-friends\/learning-resources\/","url":"https:\/\/www.kbbm.be\/en\/forest-friends\/learning-resources\/","name":"Educational resources - Royal Belgian Forest Society","isPartOf":{"@id":"https:\/\/srfb.be\/#website"},"primaryImageOfPage":{"@id":"https:\/\/www.kbbm.be\/en\/forest-friends\/learning-resources\/#primaryimage"},"image":{"@id":"https:\/\/www.kbbm.be\/en\/forest-friends\/learning-resources\/#primaryimage"},"thumbnailUrl":"https:\/\/srfb.be\/wp-content\/uploads\/2020\/04\/books-2863724_1920.jpg","datePublished":"2023-05-24T13:55:10+00:00","dateModified":"2025-03-06T14:08:52+00:00","description":"Resources for everyone to explore the forest with their children. Teachers, leaders and parents included.","breadcrumb":{"@id":"https:\/\/www.kbbm.be\/en\/forest-friends\/learning-resources\/#breadcrumb"},"inLanguage":"en-GB","potentialAction":[{"@type":"ReadAction","target":["https:\/\/www.kbbm.be\/en\/forest-friends\/learning-resources\/"]}]},{"@type":"ImageObject","inLanguage":"en-GB","@id":"https:\/\/www.kbbm.be\/en\/forest-friends\/learning-resources\/#primaryimage","url":"https:\/\/srfb.be\/wp-content\/uploads\/2020\/04\/books-2863724_1920.jpg","contentUrl":"https:\/\/srfb.be\/wp-content\/uploads\/2020\/04\/books-2863724_1920.jpg","width":1700,"height":1133,"caption":"Image by \u0412\u0438\u043a\u0442\u043e\u0440\u0438\u044f \u0411\u043e\u0440\u043e\u0434\u0438\u043d\u043e\u0432\u0430 from Pixabay"},{"@type":"BreadcrumbList","@id":"https:\/\/www.kbbm.be\/en\/forest-friends\/learning-resources\/#breadcrumb","itemListElement":[{"@type":"ListItem","position":1,"name":"Accueil","item":"https:\/\/srfb.be\/"},{"@type":"ListItem","position":2,"name":"D\u00e9couvrez Forest Friends","item":"https:\/\/kbbm.be\/nl\/forest-friends\/"},{"@type":"ListItem","position":3,"name":"Ressources p\u00e9dagogiques"}]},{"@type":"WebSite","@id":"https:\/\/srfb.be\/#website","url":"https:\/\/srfb.be\/","name":"Royal Forestry Society of Belgium","description":"Serving forests and foresters","publisher":{"@id":"https:\/\/srfb.be\/#organization"},"alternateName":"SRFB-KBBM","potentialAction":[{"@type":"SearchAction","target":{"@type":"EntryPoint","urlTemplate":"https:\/\/srfb.be\/?s={search_term_string}"},"query-input":{"@type":"PropertyValueSpecification","valueRequired":true,"valueName":"search_term_string"}}],"inLanguage":"en-GB"},{"@type":"Organization","@id":"https:\/\/srfb.be\/#organization","name":"Soci\u00e9t\u00e9 Royale Foresti\u00e8re De Belgique - Koninklijke Belgische Bosbouwmaatschappij","alternateName":"SRFB-KBBM","url":"https:\/\/srfb.be\/","logo":{"@type":"ImageObject","inLanguage":"en-GB","@id":"https:\/\/srfb.be\/#\/schema\/logo\/image\/","url":"https:\/\/srfb.be\/wp-content\/uploads\/2019\/06\/android-chrome-256x256.png","contentUrl":"https:\/\/srfb.be\/wp-content\/uploads\/2019\/06\/android-chrome-256x256.png","width":1200,"height":1232,"caption":"Soci\u00e9t\u00e9 Royale Foresti\u00e8re De Belgique - Koninklijke Belgische Bosbouwmaatschappij"},"image":{"@id":"https:\/\/srfb.be\/#\/schema\/logo\/image\/"},"sameAs":["https:\/\/www.facebook.com\/srfb.be","https:\/\/www.instagram.com\/srfb_kbbm\/","https:\/\/www.linkedin.com\/company\/srfb-kbbm\/","https:\/\/www.youtube.com\/user\/srfbkbbm"]}]}},"_links":{"self":[{"href":"https:\/\/srfb.be\/en\/wp-json\/wp\/v2\/pages\/31277","targetHints":{"allow":["GET"]}}],"collection":[{"href":"https:\/\/srfb.be\/en\/wp-json\/wp\/v2\/pages"}],"about":[{"href":"https:\/\/srfb.be\/en\/wp-json\/wp\/v2\/types\/page"}],"author":[{"embeddable":true,"href":"https:\/\/srfb.be\/en\/wp-json\/wp\/v2\/users\/18"}],"replies":[{"embeddable":true,"href":"https:\/\/srfb.be\/en\/wp-json\/wp\/v2\/comments?post=31277"}],"version-history":[{"count":0,"href":"https:\/\/srfb.be\/en\/wp-json\/wp\/v2\/pages\/31277\/revisions"}],"up":[{"embeddable":true,"href":"https:\/\/srfb.be\/en\/wp-json\/wp\/v2\/pages\/6379"}],"wp:featuredmedia":[{"embeddable":true,"href":"https:\/\/srfb.be\/en\/wp-json\/wp\/v2\/media\/11348"}],"wp:attachment":[{"href":"https:\/\/srfb.be\/en\/wp-json\/wp\/v2\/media?parent=31277"}],"curies":[{"name":"wp","href":"https:\/\/api.w.org\/{rel}","templated":true}]}}