{"id":38578,"date":"2025-05-12T09:23:45","date_gmt":"2025-05-12T07:23:45","guid":{"rendered":"https:\/\/srfb.be\/?post_type=product&#038;p=38578"},"modified":"2025-05-12T09:23:45","modified_gmt":"2025-05-12T07:23:45","slug":"guide-illustre-des-chenes","status":"publish","type":"product","link":"https:\/\/srfb.be\/de\/forest-shop\/guide-illustre-des-chenes\/","title":{"rendered":"Illustrierter Leitfaden zu Eichen"},"content":{"rendered":"","protected":false},"excerpt":{"rendered":"<p><span data-olk-copy-source=\"MessageBody\">Ein au\u00dfergew\u00f6hnlicher Schatz f\u00fcr Eichenliebhaber. Dieses Buch, ein Muss f\u00fcr alle Botanikbegeisterten, enth\u00e4lt in seinem luxuri\u00f6sen Einband und zwischen seinen Hochglanzseiten Tausende von unver\u00f6ffentlichten Fotos.<\/span><\/p>","protected":false},"featured_media":38579,"comment_status":"open","ping_status":"closed","template":"","meta":{"iawp_total_views":175},"product_brand":[],"product_cat":[690],"product_tag":[],"class_list":{"0":"post-38578","1":"product","2":"type-product","3":"status-publish","4":"has-post-thumbnail","6":"product_cat-livres-illustres","8":"first","9":"instock","10":"shipping-taxable","11":"purchasable","12":"product-type-simple"},"yoast_head":"<!-- This site is optimized with the Yoast SEO plugin v27.3 - https:\/\/yoast.com\/product\/yoast-seo-wordpress\/ -->\n<title>Guide illustr\u00e9 des ch\u00eanes - Soci\u00e9t\u00e9 Royale Foresti\u00e8re de Belgique<\/title>\n<meta name=\"description\" content=\"Un \u00e9crin d&#039;exception pour les Ch\u00eanes. Ce livre, incontournable pour tous passionn\u00e9s de botanique, contient sous son cartonnage luxueux et entre ses pages glac\u00e9es des milliers de photos in\u00e9dites.\" \/>\n<meta name=\"robots\" content=\"index, follow, max-snippet:-1, max-image-preview:large, max-video-preview:-1\" \/>\n<link rel=\"canonical\" href=\"https:\/\/www.kbbm.be\/en\/forest-shop\/guide-illustre-des-chenes\/\" \/>\n<meta property=\"og:locale\" content=\"de_DE\" \/>\n<meta property=\"og:type\" content=\"article\" \/>\n<meta property=\"og:title\" content=\"Guide illustr\u00e9 des ch\u00eanes - Soci\u00e9t\u00e9 Royale Foresti\u00e8re de Belgique\" \/>\n<meta property=\"og:description\" content=\"Un \u00e9crin d&#039;exception pour les Ch\u00eanes. Ce livre, incontournable pour tous passionn\u00e9s de botanique, contient sous son cartonnage luxueux et entre ses pages glac\u00e9es des milliers de photos in\u00e9dites.\" \/>\n<meta property=\"og:url\" content=\"https:\/\/www.kbbm.be\/en\/forest-shop\/guide-illustre-des-chenes\/\" \/>\n<meta property=\"og:site_name\" content=\"Soci\u00e9t\u00e9 Royale Foresti\u00e8re de Belgique\" \/>\n<meta property=\"article:publisher\" content=\"https:\/\/www.facebook.com\/srfb.be\" \/>\n<meta property=\"og:image\" content=\"https:\/\/www.kbbm.be\/wp-content\/uploads\/2025\/05\/guide-chene-livre.jpeg\" \/>\n\t<meta property=\"og:image:width\" content=\"1071\" \/>\n\t<meta property=\"og:image:height\" content=\"1500\" \/>\n\t<meta property=\"og:image:type\" content=\"image\/jpeg\" \/>\n<script type=\"application\/ld+json\" class=\"yoast-schema-graph\">{\"@context\":\"https:\\\/\\\/schema.org\",\"@graph\":[{\"@type\":\"WebPage\",\"@id\":\"https:\\\/\\\/www.kbbm.be\\\/en\\\/forest-shop\\\/guide-illustre-des-chenes\\\/\",\"url\":\"https:\\\/\\\/www.kbbm.be\\\/en\\\/forest-shop\\\/guide-illustre-des-chenes\\\/\",\"name\":\"Guide illustr\u00e9 des ch\u00eanes - Soci\u00e9t\u00e9 Royale Foresti\u00e8re de Belgique\",\"isPartOf\":{\"@id\":\"https:\\\/\\\/srfb.be\\\/#website\"},\"primaryImageOfPage\":{\"@id\":\"https:\\\/\\\/www.kbbm.be\\\/en\\\/forest-shop\\\/guide-illustre-des-chenes\\\/#primaryimage\"},\"image\":{\"@id\":\"https:\\\/\\\/www.kbbm.be\\\/en\\\/forest-shop\\\/guide-illustre-des-chenes\\\/#primaryimage\"},\"thumbnailUrl\":\"https:\\\/\\\/srfb.be\\\/wp-content\\\/uploads\\\/2025\\\/05\\\/guide-chene-livre.jpeg\",\"datePublished\":\"2025-05-12T07:23:45+00:00\",\"description\":\"Un \u00e9crin d'exception pour les Ch\u00eanes. Ce livre, incontournable pour tous passionn\u00e9s de botanique, contient sous son cartonnage luxueux et entre ses pages glac\u00e9es des milliers de photos in\u00e9dites.\",\"breadcrumb\":{\"@id\":\"https:\\\/\\\/www.kbbm.be\\\/en\\\/forest-shop\\\/guide-illustre-des-chenes\\\/#breadcrumb\"},\"inLanguage\":\"de\",\"potentialAction\":[{\"@type\":\"ReadAction\",\"target\":[\"https:\\\/\\\/www.kbbm.be\\\/en\\\/forest-shop\\\/guide-illustre-des-chenes\\\/\"]}]},{\"@type\":\"ImageObject\",\"inLanguage\":\"de\",\"@id\":\"https:\\\/\\\/www.kbbm.be\\\/en\\\/forest-shop\\\/guide-illustre-des-chenes\\\/#primaryimage\",\"url\":\"https:\\\/\\\/srfb.be\\\/wp-content\\\/uploads\\\/2025\\\/05\\\/guide-chene-livre.jpeg\",\"contentUrl\":\"https:\\\/\\\/srfb.be\\\/wp-content\\\/uploads\\\/2025\\\/05\\\/guide-chene-livre.jpeg\",\"width\":1071,\"height\":1500,\"caption\":\"Guide illustr\u00e9 des ch\u00eanes\"},{\"@type\":\"BreadcrumbList\",\"@id\":\"https:\\\/\\\/www.kbbm.be\\\/en\\\/forest-shop\\\/guide-illustre-des-chenes\\\/#breadcrumb\",\"itemListElement\":[{\"@type\":\"ListItem\",\"position\":1,\"name\":\"Accueil\",\"item\":\"https:\\\/\\\/srfb.be\\\/\"},{\"@type\":\"ListItem\",\"position\":2,\"name\":\"Produkte\",\"item\":\"https:\\\/\\\/www.kbbm.be\\\/de\\\/shop\\\/\"},{\"@type\":\"ListItem\",\"position\":3,\"name\":\"Guide illustr\u00e9 des ch\u00eanes\"}]},{\"@type\":\"WebSite\",\"@id\":\"https:\\\/\\\/srfb.be\\\/#website\",\"url\":\"https:\\\/\\\/srfb.be\\\/\",\"name\":\"Soci\u00e9t\u00e9 Royale Foresti\u00e8re de Belgique\",\"description\":\"Au service de la for\u00eat et des forestiers\",\"publisher\":{\"@id\":\"https:\\\/\\\/srfb.be\\\/#organization\"},\"alternateName\":\"SRFB-KBBM\",\"potentialAction\":[{\"@type\":\"SearchAction\",\"target\":{\"@type\":\"EntryPoint\",\"urlTemplate\":\"https:\\\/\\\/srfb.be\\\/?s={search_term_string}\"},\"query-input\":{\"@type\":\"PropertyValueSpecification\",\"valueRequired\":true,\"valueName\":\"search_term_string\"}}],\"inLanguage\":\"de\"},{\"@type\":\"Organization\",\"@id\":\"https:\\\/\\\/srfb.be\\\/#organization\",\"name\":\"Soci\u00e9t\u00e9 Royale Foresti\u00e8re De Belgique - Koninklijke Belgische Bosbouwmaatschappij\",\"alternateName\":\"SRFB-KBBM\",\"url\":\"https:\\\/\\\/srfb.be\\\/\",\"logo\":{\"@type\":\"ImageObject\",\"inLanguage\":\"de\",\"@id\":\"https:\\\/\\\/srfb.be\\\/#\\\/schema\\\/logo\\\/image\\\/\",\"url\":\"https:\\\/\\\/srfb.be\\\/wp-content\\\/uploads\\\/2019\\\/06\\\/android-chrome-256x256.png\",\"contentUrl\":\"https:\\\/\\\/srfb.be\\\/wp-content\\\/uploads\\\/2019\\\/06\\\/android-chrome-256x256.png\",\"width\":1200,\"height\":1232,\"caption\":\"Soci\u00e9t\u00e9 Royale Foresti\u00e8re De Belgique - Koninklijke Belgische Bosbouwmaatschappij\"},\"image\":{\"@id\":\"https:\\\/\\\/srfb.be\\\/#\\\/schema\\\/logo\\\/image\\\/\"},\"sameAs\":[\"https:\\\/\\\/www.facebook.com\\\/srfb.be\",\"https:\\\/\\\/www.instagram.com\\\/srfb_kbbm\\\/\",\"https:\\\/\\\/www.linkedin.com\\\/company\\\/srfb-kbbm\\\/\",\"https:\\\/\\\/www.youtube.com\\\/user\\\/srfbkbbm\"]}]}<\/script>\n<!-- \/ Yoast SEO plugin. -->","yoast_head_json":{"title":"Illustrierter Eichenf\u00fchrer - K\u00f6nigliche Forstliche Gesellschaft Belgiens","description":"Ein au\u00dfergew\u00f6hnliches Schmuckk\u00e4stchen f\u00fcr die Eichen. Dieses Buch ist ein Muss f\u00fcr alle Botanikliebhaber und enth\u00e4lt unter seinem luxuri\u00f6sen Pappeinband und zwischen seinen Hochglanzseiten Tausende von unver\u00f6ffentlichten Fotos.","robots":{"index":"index","follow":"follow","max-snippet":"max-snippet:-1","max-image-preview":"max-image-preview:large","max-video-preview":"max-video-preview:-1"},"canonical":"https:\/\/www.kbbm.be\/en\/forest-shop\/guide-illustre-des-chenes\/","og_locale":"de_DE","og_type":"article","og_title":"Guide illustr\u00e9 des ch\u00eanes - Soci\u00e9t\u00e9 Royale Foresti\u00e8re de Belgique","og_description":"Un \u00e9crin d'exception pour les Ch\u00eanes. Ce livre, incontournable pour tous passionn\u00e9s de botanique, contient sous son cartonnage luxueux et entre ses pages glac\u00e9es des milliers de photos in\u00e9dites.","og_url":"https:\/\/www.kbbm.be\/en\/forest-shop\/guide-illustre-des-chenes\/","og_site_name":"Soci\u00e9t\u00e9 Royale Foresti\u00e8re de Belgique","article_publisher":"https:\/\/www.facebook.com\/srfb.be","og_image":[{"width":1071,"height":1500,"url":"https:\/\/www.kbbm.be\/wp-content\/uploads\/2025\/05\/guide-chene-livre.jpeg","type":"image\/jpeg"}],"schema":{"@context":"https:\/\/schema.org","@graph":[{"@type":"WebPage","@id":"https:\/\/www.kbbm.be\/en\/forest-shop\/guide-illustre-des-chenes\/","url":"https:\/\/www.kbbm.be\/en\/forest-shop\/guide-illustre-des-chenes\/","name":"Illustrierter Eichenf\u00fchrer - K\u00f6nigliche Forstliche Gesellschaft Belgiens","isPartOf":{"@id":"https:\/\/srfb.be\/#website"},"primaryImageOfPage":{"@id":"https:\/\/www.kbbm.be\/en\/forest-shop\/guide-illustre-des-chenes\/#primaryimage"},"image":{"@id":"https:\/\/www.kbbm.be\/en\/forest-shop\/guide-illustre-des-chenes\/#primaryimage"},"thumbnailUrl":"https:\/\/srfb.be\/wp-content\/uploads\/2025\/05\/guide-chene-livre.jpeg","datePublished":"2025-05-12T07:23:45+00:00","description":"Ein au\u00dfergew\u00f6hnliches Schmuckk\u00e4stchen f\u00fcr die Eichen. Dieses Buch ist ein Muss f\u00fcr alle Botanikliebhaber und enth\u00e4lt unter seinem luxuri\u00f6sen Pappeinband und zwischen seinen Hochglanzseiten Tausende von unver\u00f6ffentlichten Fotos.","breadcrumb":{"@id":"https:\/\/www.kbbm.be\/en\/forest-shop\/guide-illustre-des-chenes\/#breadcrumb"},"inLanguage":"de","potentialAction":[{"@type":"ReadAction","target":["https:\/\/www.kbbm.be\/en\/forest-shop\/guide-illustre-des-chenes\/"]}]},{"@type":"ImageObject","inLanguage":"de","@id":"https:\/\/www.kbbm.be\/en\/forest-shop\/guide-illustre-des-chenes\/#primaryimage","url":"https:\/\/srfb.be\/wp-content\/uploads\/2025\/05\/guide-chene-livre.jpeg","contentUrl":"https:\/\/srfb.be\/wp-content\/uploads\/2025\/05\/guide-chene-livre.jpeg","width":1071,"height":1500,"caption":"Guide illustr\u00e9 des ch\u00eanes"},{"@type":"BreadcrumbList","@id":"https:\/\/www.kbbm.be\/en\/forest-shop\/guide-illustre-des-chenes\/#breadcrumb","itemListElement":[{"@type":"ListItem","position":1,"name":"Accueil","item":"https:\/\/srfb.be\/"},{"@type":"ListItem","position":2,"name":"Produkte","item":"https:\/\/www.kbbm.be\/de\/shop\/"},{"@type":"ListItem","position":3,"name":"Guide illustr\u00e9 des ch\u00eanes"}]},{"@type":"WebSite","@id":"https:\/\/srfb.be\/#website","url":"https:\/\/srfb.be\/","name":"K\u00f6nigliche Forstverein Belgiens","description":"Im Dienste des Waldes und der F\u00f6rster","publisher":{"@id":"https:\/\/srfb.be\/#organization"},"alternateName":"SRFB-KBBM","potentialAction":[{"@type":"SearchAction","target":{"@type":"EntryPoint","urlTemplate":"https:\/\/srfb.be\/?s={search_term_string}"},"query-input":{"@type":"PropertyValueSpecification","valueRequired":true,"valueName":"search_term_string"}}],"inLanguage":"de"},{"@type":"Organization","@id":"https:\/\/srfb.be\/#organization","name":"Soci\u00e9t\u00e9 Royale Foresti\u00e8re De Belgique - Koninklijke Belgische Bosbouwmaatschappij","alternateName":"SRFB-KBBM","url":"https:\/\/srfb.be\/","logo":{"@type":"ImageObject","inLanguage":"de","@id":"https:\/\/srfb.be\/#\/schema\/logo\/image\/","url":"https:\/\/srfb.be\/wp-content\/uploads\/2019\/06\/android-chrome-256x256.png","contentUrl":"https:\/\/srfb.be\/wp-content\/uploads\/2019\/06\/android-chrome-256x256.png","width":1200,"height":1232,"caption":"Soci\u00e9t\u00e9 Royale Foresti\u00e8re De Belgique - Koninklijke Belgische Bosbouwmaatschappij"},"image":{"@id":"https:\/\/srfb.be\/#\/schema\/logo\/image\/"},"sameAs":["https:\/\/www.facebook.com\/srfb.be","https:\/\/www.instagram.com\/srfb_kbbm\/","https:\/\/www.linkedin.com\/company\/srfb-kbbm\/","https:\/\/www.youtube.com\/user\/srfbkbbm"]}]}},"_links":{"self":[{"href":"https:\/\/srfb.be\/de\/wp-json\/wp\/v2\/product\/38578","targetHints":{"allow":["GET"]}}],"collection":[{"href":"https:\/\/srfb.be\/de\/wp-json\/wp\/v2\/product"}],"about":[{"href":"https:\/\/srfb.be\/de\/wp-json\/wp\/v2\/types\/product"}],"replies":[{"embeddable":true,"href":"https:\/\/srfb.be\/de\/wp-json\/wp\/v2\/comments?post=38578"}],"wp:featuredmedia":[{"embeddable":true,"href":"https:\/\/srfb.be\/de\/wp-json\/wp\/v2\/media\/38579"}],"wp:attachment":[{"href":"https:\/\/srfb.be\/de\/wp-json\/wp\/v2\/media?parent=38578"}],"wp:term":[{"taxonomy":"product_brand","embeddable":true,"href":"https:\/\/srfb.be\/de\/wp-json\/wp\/v2\/product_brand?post=38578"},{"taxonomy":"product_cat","embeddable":true,"href":"https:\/\/srfb.be\/de\/wp-json\/wp\/v2\/product_cat?post=38578"},{"taxonomy":"product_tag","embeddable":true,"href":"https:\/\/srfb.be\/de\/wp-json\/wp\/v2\/product_tag?post=38578"}],"curies":[{"name":"wp","href":"https:\/\/api.w.org\/{rel}","templated":true}]}}