{"id":16380,"date":"2021-04-02T18:26:39","date_gmt":"2021-04-02T16:26:39","guid":{"rendered":"https:\/\/www.srfb.be\/?post_type=product&#038;p=16380"},"modified":"2026-03-03T17:22:05","modified_gmt":"2026-03-03T16:22:05","slug":"la-vie-illustree-de-la-foret","status":"publish","type":"product","link":"https:\/\/srfb.be\/de\/forest-shop\/la-vie-illustree-de-la-foret\/","title":{"rendered":"Das illustrierte Leben des Waldes"},"content":{"rendered":"","protected":false},"excerpt":{"rendered":"<p>Dieses Buch, das sich an alle Waldliebhaber, passionierte Waldbesucher und gelegentliche Spazierg\u00e4nger richtet, wurde vollst\u00e4ndig aktualisiert und ist ein F\u00fchrer durch das Herz der Waldwelt.<\/p>\n<p>Das Buch ist einfach und didaktisch zugleich und behandelt auf sehr bildhafte Weise das Wesentliche des aktuellen Wissens \u00fcber den Wald: Funktionsweise des \u00d6kosystems Wald, Beziehung zwischen Mensch und Wald, Verbindung zu gro\u00dfen Fl\u00e4chen, Rolle f\u00fcr die Umwelt, W\u00e4lder der Zukunft, Bedeutung der Erhaltung der Biodiversit\u00e4t...<\/p>\n<p>Bernard Fischesser, einer der Pioniere der Naturschutzpolitik in Frankreich, der u. a. an der Gr\u00fcndung der Nationalparks beteiligt war, zeigt uns - ebenfalls auf erschwingliche und reich bebilderte Weise -, dass die Erhaltung dieses unersetzlichen Erbes zu einem \u00f6kologischen Imperativ ersten Ranges geworden ist.<\/p>\n<p><strong>19 cm x 24 cm, 198 Seiten <\/strong><\/p>\n<div id=\"ConnectiveDocSignExtentionInstalled\" data-extension-version=\"1.0.4\"><\/div>","protected":false},"featured_media":16381,"comment_status":"open","ping_status":"closed","template":"","meta":{"iawp_total_views":54},"product_brand":[],"product_cat":[691,690,314],"product_tag":[],"class_list":{"0":"post-16380","1":"product","2":"type-product","3":"status-publish","4":"has-post-thumbnail","6":"product_cat-biodiversite","7":"product_cat-livres-illustres","8":"product_cat-sylviculture","10":"first","11":"instock","12":"shipping-taxable","13":"purchasable","14":"product-type-simple"},"yoast_head":"<!-- This site is optimized with the Yoast SEO plugin v27.3 - https:\/\/yoast.com\/product\/yoast-seo-wordpress\/ -->\n<title>La Vie illustr\u00e9e de la for\u00eat - SRFB<\/title>\n<meta name=\"description\" content=\"Destin\u00e9 \u00e0 tous les amoureux de la for\u00eat, les passionn\u00e9s comme les promeneurs occasionnels, ce livre, est un guide au c\u0153ur m\u00eame de l\u2019univers forestier.\" \/>\n<meta name=\"robots\" content=\"index, follow, max-snippet:-1, max-image-preview:large, max-video-preview:-1\" \/>\n<link rel=\"canonical\" href=\"https:\/\/kbbm.be\/forest-shop\/la-vie-illustree-de-la-foret\/\" \/>\n<meta property=\"og:locale\" content=\"de_DE\" \/>\n<meta property=\"og:type\" content=\"article\" \/>\n<meta property=\"og:title\" content=\"La Vie illustr\u00e9e de la for\u00eat - SRFB\" \/>\n<meta property=\"og:description\" content=\"Destin\u00e9 \u00e0 tous les amoureux de la for\u00eat, les passionn\u00e9s comme les promeneurs occasionnels, ce livre, est un guide au c\u0153ur m\u00eame de l\u2019univers forestier.\" \/>\n<meta property=\"og:url\" content=\"https:\/\/kbbm.be\/forest-shop\/la-vie-illustree-de-la-foret\/\" \/>\n<meta property=\"og:site_name\" content=\"Soci\u00e9t\u00e9 Royale Foresti\u00e8re de Belgique\" \/>\n<meta property=\"article:publisher\" content=\"https:\/\/www.facebook.com\/srfb.be\" \/>\n<meta property=\"article:modified_time\" content=\"2026-03-03T16:22:05+00:00\" \/>\n<meta property=\"og:image\" content=\"https:\/\/kbbm.be\/wp-content\/uploads\/2021\/04\/Vie-illustr\u00e9e.jpg\" \/>\n\t<meta property=\"og:image:width\" content=\"1377\" \/>\n\t<meta property=\"og:image:height\" content=\"1700\" \/>\n\t<meta property=\"og:image:type\" content=\"image\/jpeg\" \/>\n<script type=\"application\/ld+json\" class=\"yoast-schema-graph\">{\"@context\":\"https:\\\/\\\/schema.org\",\"@graph\":[{\"@type\":\"WebPage\",\"@id\":\"https:\\\/\\\/kbbm.be\\\/forest-shop\\\/la-vie-illustree-de-la-foret\\\/\",\"url\":\"https:\\\/\\\/kbbm.be\\\/forest-shop\\\/la-vie-illustree-de-la-foret\\\/\",\"name\":\"La Vie illustr\u00e9e de la for\u00eat - SRFB\",\"isPartOf\":{\"@id\":\"https:\\\/\\\/kbbm.be\\\/de\\\/#website\"},\"primaryImageOfPage\":{\"@id\":\"https:\\\/\\\/kbbm.be\\\/forest-shop\\\/la-vie-illustree-de-la-foret\\\/#primaryimage\"},\"image\":{\"@id\":\"https:\\\/\\\/kbbm.be\\\/forest-shop\\\/la-vie-illustree-de-la-foret\\\/#primaryimage\"},\"thumbnailUrl\":\"https:\\\/\\\/srfb.be\\\/wp-content\\\/uploads\\\/2021\\\/04\\\/Vie-illustr\u00e9e.jpg\",\"datePublished\":\"2021-04-02T16:26:39+00:00\",\"dateModified\":\"2026-03-03T16:22:05+00:00\",\"description\":\"Destin\u00e9 \u00e0 tous les amoureux de la for\u00eat, les passionn\u00e9s comme les promeneurs occasionnels, ce livre, est un guide au c\u0153ur m\u00eame de l\u2019univers forestier.\",\"breadcrumb\":{\"@id\":\"https:\\\/\\\/kbbm.be\\\/forest-shop\\\/la-vie-illustree-de-la-foret\\\/#breadcrumb\"},\"inLanguage\":\"de\",\"potentialAction\":[{\"@type\":\"ReadAction\",\"target\":[\"https:\\\/\\\/kbbm.be\\\/forest-shop\\\/la-vie-illustree-de-la-foret\\\/\"]}]},{\"@type\":\"ImageObject\",\"inLanguage\":\"de\",\"@id\":\"https:\\\/\\\/kbbm.be\\\/forest-shop\\\/la-vie-illustree-de-la-foret\\\/#primaryimage\",\"url\":\"https:\\\/\\\/srfb.be\\\/wp-content\\\/uploads\\\/2021\\\/04\\\/Vie-illustr\u00e9e.jpg\",\"contentUrl\":\"https:\\\/\\\/srfb.be\\\/wp-content\\\/uploads\\\/2021\\\/04\\\/Vie-illustr\u00e9e.jpg\",\"width\":1377,\"height\":1700},{\"@type\":\"BreadcrumbList\",\"@id\":\"https:\\\/\\\/kbbm.be\\\/forest-shop\\\/la-vie-illustree-de-la-foret\\\/#breadcrumb\",\"itemListElement\":[{\"@type\":\"ListItem\",\"position\":1,\"name\":\"Accueil\",\"item\":\"https:\\\/\\\/kbbm.be\\\/de\\\/\"},{\"@type\":\"ListItem\",\"position\":2,\"name\":\"Producten\",\"item\":\"https:\\\/\\\/kbbm.be\\\/nl\\\/shop\\\/\"},{\"@type\":\"ListItem\",\"position\":3,\"name\":\"La Vie illustr\u00e9e de la for\u00eat\"}]},{\"@type\":\"WebSite\",\"@id\":\"https:\\\/\\\/kbbm.be\\\/de\\\/#website\",\"url\":\"https:\\\/\\\/kbbm.be\\\/de\\\/\",\"name\":\"Soci\u00e9t\u00e9 Royale Foresti\u00e8re de Belgique\",\"description\":\"Au service de la for\u00eat et des forestiers\",\"publisher\":{\"@id\":\"https:\\\/\\\/kbbm.be\\\/de\\\/#organization\"},\"alternateName\":\"SRFB-KBBM\",\"potentialAction\":[{\"@type\":\"SearchAction\",\"target\":{\"@type\":\"EntryPoint\",\"urlTemplate\":\"https:\\\/\\\/kbbm.be\\\/de\\\/?s={search_term_string}\"},\"query-input\":{\"@type\":\"PropertyValueSpecification\",\"valueRequired\":true,\"valueName\":\"search_term_string\"}}],\"inLanguage\":\"de\"},{\"@type\":\"Organization\",\"@id\":\"https:\\\/\\\/kbbm.be\\\/de\\\/#organization\",\"name\":\"Soci\u00e9t\u00e9 Royale Foresti\u00e8re De Belgique - Koninklijke Belgische Bosbouwmaatschappij\",\"alternateName\":\"SRFB-KBBM\",\"url\":\"https:\\\/\\\/kbbm.be\\\/de\\\/\",\"logo\":{\"@type\":\"ImageObject\",\"inLanguage\":\"de\",\"@id\":\"https:\\\/\\\/kbbm.be\\\/de\\\/#\\\/schema\\\/logo\\\/image\\\/\",\"url\":\"https:\\\/\\\/srfb.be\\\/wp-content\\\/uploads\\\/2019\\\/06\\\/android-chrome-256x256.png\",\"contentUrl\":\"https:\\\/\\\/srfb.be\\\/wp-content\\\/uploads\\\/2019\\\/06\\\/android-chrome-256x256.png\",\"width\":1200,\"height\":1232,\"caption\":\"Soci\u00e9t\u00e9 Royale Foresti\u00e8re De Belgique - Koninklijke Belgische Bosbouwmaatschappij\"},\"image\":{\"@id\":\"https:\\\/\\\/kbbm.be\\\/de\\\/#\\\/schema\\\/logo\\\/image\\\/\"},\"sameAs\":[\"https:\\\/\\\/www.facebook.com\\\/srfb.be\",\"https:\\\/\\\/www.instagram.com\\\/srfb_kbbm\\\/\",\"https:\\\/\\\/www.linkedin.com\\\/company\\\/srfb-kbbm\\\/\",\"https:\\\/\\\/www.youtube.com\\\/user\\\/srfbkbbm\"]}]}<\/script>\n<!-- \/ Yoast SEO plugin. -->","yoast_head_json":{"title":"Das illustrierte Leben des Waldes - SRFB","description":"Dieses Buch ist f\u00fcr alle Waldliebhaber gedacht, sowohl f\u00fcr passionierte Waldg\u00e4nger als auch f\u00fcr Gelegenheitswanderer, und ist ein F\u00fchrer durch die Welt des Waldes.","robots":{"index":"index","follow":"follow","max-snippet":"max-snippet:-1","max-image-preview":"max-image-preview:large","max-video-preview":"max-video-preview:-1"},"canonical":"https:\/\/kbbm.be\/forest-shop\/la-vie-illustree-de-la-foret\/","og_locale":"de_DE","og_type":"article","og_title":"La Vie illustr\u00e9e de la for\u00eat - SRFB","og_description":"Destin\u00e9 \u00e0 tous les amoureux de la for\u00eat, les passionn\u00e9s comme les promeneurs occasionnels, ce livre, est un guide au c\u0153ur m\u00eame de l\u2019univers forestier.","og_url":"https:\/\/kbbm.be\/forest-shop\/la-vie-illustree-de-la-foret\/","og_site_name":"Soci\u00e9t\u00e9 Royale Foresti\u00e8re de Belgique","article_publisher":"https:\/\/www.facebook.com\/srfb.be","article_modified_time":"2026-03-03T16:22:05+00:00","og_image":[{"width":1377,"height":1700,"url":"https:\/\/kbbm.be\/wp-content\/uploads\/2021\/04\/Vie-illustr\u00e9e.jpg","type":"image\/jpeg"}],"schema":{"@context":"https:\/\/schema.org","@graph":[{"@type":"WebPage","@id":"https:\/\/kbbm.be\/forest-shop\/la-vie-illustree-de-la-foret\/","url":"https:\/\/kbbm.be\/forest-shop\/la-vie-illustree-de-la-foret\/","name":"Das illustrierte Leben des Waldes - SRFB","isPartOf":{"@id":"https:\/\/kbbm.be\/de\/#website"},"primaryImageOfPage":{"@id":"https:\/\/kbbm.be\/forest-shop\/la-vie-illustree-de-la-foret\/#primaryimage"},"image":{"@id":"https:\/\/kbbm.be\/forest-shop\/la-vie-illustree-de-la-foret\/#primaryimage"},"thumbnailUrl":"https:\/\/srfb.be\/wp-content\/uploads\/2021\/04\/Vie-illustr\u00e9e.jpg","datePublished":"2021-04-02T16:26:39+00:00","dateModified":"2026-03-03T16:22:05+00:00","description":"Dieses Buch ist f\u00fcr alle Waldliebhaber gedacht, sowohl f\u00fcr passionierte Waldg\u00e4nger als auch f\u00fcr Gelegenheitswanderer, und ist ein F\u00fchrer durch die Welt des Waldes.","breadcrumb":{"@id":"https:\/\/kbbm.be\/forest-shop\/la-vie-illustree-de-la-foret\/#breadcrumb"},"inLanguage":"de","potentialAction":[{"@type":"ReadAction","target":["https:\/\/kbbm.be\/forest-shop\/la-vie-illustree-de-la-foret\/"]}]},{"@type":"ImageObject","inLanguage":"de","@id":"https:\/\/kbbm.be\/forest-shop\/la-vie-illustree-de-la-foret\/#primaryimage","url":"https:\/\/srfb.be\/wp-content\/uploads\/2021\/04\/Vie-illustr\u00e9e.jpg","contentUrl":"https:\/\/srfb.be\/wp-content\/uploads\/2021\/04\/Vie-illustr\u00e9e.jpg","width":1377,"height":1700},{"@type":"BreadcrumbList","@id":"https:\/\/kbbm.be\/forest-shop\/la-vie-illustree-de-la-foret\/#breadcrumb","itemListElement":[{"@type":"ListItem","position":1,"name":"Accueil","item":"https:\/\/kbbm.be\/de\/"},{"@type":"ListItem","position":2,"name":"Producten","item":"https:\/\/kbbm.be\/nl\/shop\/"},{"@type":"ListItem","position":3,"name":"La Vie illustr\u00e9e de la for\u00eat"}]},{"@type":"WebSite","@id":"https:\/\/kbbm.be\/de\/#website","url":"https:\/\/kbbm.be\/de\/","name":"K\u00f6nigliche Forstverein Belgiens","description":"Im Dienste des Waldes und der F\u00f6rster","publisher":{"@id":"https:\/\/kbbm.be\/de\/#organization"},"alternateName":"SRFB-KBBM","potentialAction":[{"@type":"SearchAction","target":{"@type":"EntryPoint","urlTemplate":"https:\/\/kbbm.be\/de\/?s={search_term_string}"},"query-input":{"@type":"PropertyValueSpecification","valueRequired":true,"valueName":"search_term_string"}}],"inLanguage":"de"},{"@type":"Organization","@id":"https:\/\/kbbm.be\/de\/#organization","name":"Soci\u00e9t\u00e9 Royale Foresti\u00e8re De Belgique - Koninklijke Belgische Bosbouwmaatschappij","alternateName":"SRFB-KBBM","url":"https:\/\/kbbm.be\/de\/","logo":{"@type":"ImageObject","inLanguage":"de","@id":"https:\/\/kbbm.be\/de\/#\/schema\/logo\/image\/","url":"https:\/\/srfb.be\/wp-content\/uploads\/2019\/06\/android-chrome-256x256.png","contentUrl":"https:\/\/srfb.be\/wp-content\/uploads\/2019\/06\/android-chrome-256x256.png","width":1200,"height":1232,"caption":"Soci\u00e9t\u00e9 Royale Foresti\u00e8re De Belgique - Koninklijke Belgische Bosbouwmaatschappij"},"image":{"@id":"https:\/\/kbbm.be\/de\/#\/schema\/logo\/image\/"},"sameAs":["https:\/\/www.facebook.com\/srfb.be","https:\/\/www.instagram.com\/srfb_kbbm\/","https:\/\/www.linkedin.com\/company\/srfb-kbbm\/","https:\/\/www.youtube.com\/user\/srfbkbbm"]}]}},"_links":{"self":[{"href":"https:\/\/srfb.be\/de\/wp-json\/wp\/v2\/product\/16380","targetHints":{"allow":["GET"]}}],"collection":[{"href":"https:\/\/srfb.be\/de\/wp-json\/wp\/v2\/product"}],"about":[{"href":"https:\/\/srfb.be\/de\/wp-json\/wp\/v2\/types\/product"}],"replies":[{"embeddable":true,"href":"https:\/\/srfb.be\/de\/wp-json\/wp\/v2\/comments?post=16380"}],"wp:featuredmedia":[{"embeddable":true,"href":"https:\/\/srfb.be\/de\/wp-json\/wp\/v2\/media\/16381"}],"wp:attachment":[{"href":"https:\/\/srfb.be\/de\/wp-json\/wp\/v2\/media?parent=16380"}],"wp:term":[{"taxonomy":"product_brand","embeddable":true,"href":"https:\/\/srfb.be\/de\/wp-json\/wp\/v2\/product_brand?post=16380"},{"taxonomy":"product_cat","embeddable":true,"href":"https:\/\/srfb.be\/de\/wp-json\/wp\/v2\/product_cat?post=16380"},{"taxonomy":"product_tag","embeddable":true,"href":"https:\/\/srfb.be\/de\/wp-json\/wp\/v2\/product_tag?post=16380"}],"curies":[{"name":"wp","href":"https:\/\/api.w.org\/{rel}","templated":true}]}}