{"id":16371,"date":"2021-04-02T18:21:06","date_gmt":"2021-04-02T16:21:06","guid":{"rendered":"https:\/\/www.srfb.be\/?post_type=product&#038;p=16371"},"modified":"2026-03-03T17:21:27","modified_gmt":"2026-03-03T16:21:27","slug":"identifier-arbres-et-arbustes-en-toutes-saisons","status":"publish","type":"product","link":"https:\/\/srfb.be\/de\/forest-shop\/identifier-arbres-et-arbustes-en-toutes-saisons\/","title":{"rendered":"B\u00e4ume und Str\u00e4ucher in allen Jahreszeiten identifizieren"},"content":{"rendered":"","protected":false},"excerpt":{"rendered":"<p>B\u00e4ume ver\u00e4ndern sich im Laufe der Jahreszeiten und k\u00f6nnen anhand bestimmter Kriterien identifiziert werden: im Fr\u00fchling eher die Bl\u00e4tter oder Bl\u00fcten, im Herbst die Fr\u00fcchte, im Winter die Knospen.<\/p>\n<p>Vier aufeinanderfolgende Bestimmungsschl\u00fcssel f\u00fchren Schritt f\u00fcr Schritt zu der gesuchten Art. Diese Schl\u00fcssel werden durch Portr\u00e4ts von Laubb\u00e4umen, Nadelb\u00e4umen und Str\u00e4uchern erg\u00e4nzt. Jede Art wird durch Fotos und Schemata dargestellt, die Details der verschiedenen Organe (Bl\u00fcten, Fr\u00fcchte, Knospen, Rinde) illustrieren, sowie durch ein Foto, das den Baum oder Strauch als Ganzes zeigt.<\/p>\n<p>179 Arten von Laubb\u00e4umen, Nadelb\u00e4umen und Str\u00e4uchern werden im Laufe der Jahreszeiten ausf\u00fchrlich beschrieben und illustriert.<\/p>\n<p><strong>14 cm x 21cm, 368 Seiten <\/strong><\/p>\n<div id=\"ConnectiveDocSignExtentionInstalled\" data-extension-version=\"1.0.4\"><\/div>","protected":false},"featured_media":16372,"comment_status":"open","ping_status":"closed","template":"","meta":{"iawp_total_views":582},"product_brand":[],"product_cat":[690,688],"product_tag":[],"class_list":{"0":"post-16371","1":"product","2":"type-product","3":"status-publish","4":"has-post-thumbnail","6":"product_cat-livres-illustres","7":"product_cat-sante-des-forets","9":"first","10":"instock","11":"shipping-taxable","12":"purchasable","13":"product-type-simple"},"yoast_head":"<!-- This site is optimized with the Yoast SEO plugin v27.3 - https:\/\/yoast.com\/product\/yoast-seo-wordpress\/ -->\n<title>Identifier arbres et arbustes en toutes saisons - SRFB<\/title>\n<meta name=\"description\" content=\"179 esp\u00e8ces d\u2019arbres feuillus, de conif\u00e8res et d\u2019arbustes sont d\u00e9crites et illustr\u00e9es en d\u00e9tails au fil des saisons dans ce guide.\" \/>\n<meta name=\"robots\" content=\"index, follow, max-snippet:-1, max-image-preview:large, max-video-preview:-1\" \/>\n<link rel=\"canonical\" href=\"https:\/\/www.kbbm.be\/de\/forest-shop\/identifier-arbres-et-arbustes-en-toutes-saisons\/\" \/>\n<meta property=\"og:locale\" content=\"de_DE\" \/>\n<meta property=\"og:type\" content=\"article\" \/>\n<meta property=\"og:title\" content=\"Identifier arbres et arbustes en toutes saisons - SRFB\" \/>\n<meta property=\"og:description\" content=\"179 esp\u00e8ces d\u2019arbres feuillus, de conif\u00e8res et d\u2019arbustes sont d\u00e9crites et illustr\u00e9es en d\u00e9tails au fil des saisons dans ce guide.\" \/>\n<meta property=\"og:url\" content=\"https:\/\/www.kbbm.be\/de\/forest-shop\/identifier-arbres-et-arbustes-en-toutes-saisons\/\" \/>\n<meta property=\"og:site_name\" content=\"Soci\u00e9t\u00e9 Royale Foresti\u00e8re de Belgique\" \/>\n<meta property=\"article:publisher\" content=\"https:\/\/www.facebook.com\/srfb.be\" \/>\n<meta property=\"article:modified_time\" content=\"2026-03-03T16:21:27+00:00\" \/>\n<meta property=\"og:image\" content=\"https:\/\/www.kbbm.be\/wp-content\/uploads\/2021\/04\/identifier-arbres-et-arbustes.jpg\" \/>\n\t<meta property=\"og:image:width\" content=\"1116\" \/>\n\t<meta property=\"og:image:height\" content=\"1700\" \/>\n\t<meta property=\"og:image:type\" content=\"image\/jpeg\" \/>\n<script type=\"application\/ld+json\" class=\"yoast-schema-graph\">{\"@context\":\"https:\\\/\\\/schema.org\",\"@graph\":[{\"@type\":\"WebPage\",\"@id\":\"https:\\\/\\\/www.kbbm.be\\\/de\\\/forest-shop\\\/identifier-arbres-et-arbustes-en-toutes-saisons\\\/\",\"url\":\"https:\\\/\\\/www.kbbm.be\\\/de\\\/forest-shop\\\/identifier-arbres-et-arbustes-en-toutes-saisons\\\/\",\"name\":\"Identifier arbres et arbustes en toutes saisons - SRFB\",\"isPartOf\":{\"@id\":\"https:\\\/\\\/srfb.be\\\/#website\"},\"primaryImageOfPage\":{\"@id\":\"https:\\\/\\\/www.kbbm.be\\\/de\\\/forest-shop\\\/identifier-arbres-et-arbustes-en-toutes-saisons\\\/#primaryimage\"},\"image\":{\"@id\":\"https:\\\/\\\/www.kbbm.be\\\/de\\\/forest-shop\\\/identifier-arbres-et-arbustes-en-toutes-saisons\\\/#primaryimage\"},\"thumbnailUrl\":\"https:\\\/\\\/srfb.be\\\/wp-content\\\/uploads\\\/2021\\\/04\\\/identifier-arbres-et-arbustes.jpg\",\"datePublished\":\"2021-04-02T16:21:06+00:00\",\"dateModified\":\"2026-03-03T16:21:27+00:00\",\"description\":\"179 esp\u00e8ces d\u2019arbres feuillus, de conif\u00e8res et d\u2019arbustes sont d\u00e9crites et illustr\u00e9es en d\u00e9tails au fil des saisons dans ce guide.\",\"breadcrumb\":{\"@id\":\"https:\\\/\\\/www.kbbm.be\\\/de\\\/forest-shop\\\/identifier-arbres-et-arbustes-en-toutes-saisons\\\/#breadcrumb\"},\"inLanguage\":\"de\",\"potentialAction\":[{\"@type\":\"ReadAction\",\"target\":[\"https:\\\/\\\/www.kbbm.be\\\/de\\\/forest-shop\\\/identifier-arbres-et-arbustes-en-toutes-saisons\\\/\"]}]},{\"@type\":\"ImageObject\",\"inLanguage\":\"de\",\"@id\":\"https:\\\/\\\/www.kbbm.be\\\/de\\\/forest-shop\\\/identifier-arbres-et-arbustes-en-toutes-saisons\\\/#primaryimage\",\"url\":\"https:\\\/\\\/srfb.be\\\/wp-content\\\/uploads\\\/2021\\\/04\\\/identifier-arbres-et-arbustes.jpg\",\"contentUrl\":\"https:\\\/\\\/srfb.be\\\/wp-content\\\/uploads\\\/2021\\\/04\\\/identifier-arbres-et-arbustes.jpg\",\"width\":1116,\"height\":1700},{\"@type\":\"BreadcrumbList\",\"@id\":\"https:\\\/\\\/www.kbbm.be\\\/de\\\/forest-shop\\\/identifier-arbres-et-arbustes-en-toutes-saisons\\\/#breadcrumb\",\"itemListElement\":[{\"@type\":\"ListItem\",\"position\":1,\"name\":\"Accueil\",\"item\":\"https:\\\/\\\/srfb.be\\\/\"},{\"@type\":\"ListItem\",\"position\":2,\"name\":\"Produkte\",\"item\":\"https:\\\/\\\/www.kbbm.be\\\/de\\\/shop\\\/\"},{\"@type\":\"ListItem\",\"position\":3,\"name\":\"Identifier arbres et arbustes en toutes saisons\"}]},{\"@type\":\"WebSite\",\"@id\":\"https:\\\/\\\/srfb.be\\\/#website\",\"url\":\"https:\\\/\\\/srfb.be\\\/\",\"name\":\"Soci\u00e9t\u00e9 Royale Foresti\u00e8re de Belgique\",\"description\":\"Au service de la for\u00eat et des forestiers\",\"publisher\":{\"@id\":\"https:\\\/\\\/srfb.be\\\/#organization\"},\"alternateName\":\"SRFB-KBBM\",\"potentialAction\":[{\"@type\":\"SearchAction\",\"target\":{\"@type\":\"EntryPoint\",\"urlTemplate\":\"https:\\\/\\\/srfb.be\\\/?s={search_term_string}\"},\"query-input\":{\"@type\":\"PropertyValueSpecification\",\"valueRequired\":true,\"valueName\":\"search_term_string\"}}],\"inLanguage\":\"de\"},{\"@type\":\"Organization\",\"@id\":\"https:\\\/\\\/srfb.be\\\/#organization\",\"name\":\"Soci\u00e9t\u00e9 Royale Foresti\u00e8re De Belgique - Koninklijke Belgische Bosbouwmaatschappij\",\"alternateName\":\"SRFB-KBBM\",\"url\":\"https:\\\/\\\/srfb.be\\\/\",\"logo\":{\"@type\":\"ImageObject\",\"inLanguage\":\"de\",\"@id\":\"https:\\\/\\\/srfb.be\\\/#\\\/schema\\\/logo\\\/image\\\/\",\"url\":\"https:\\\/\\\/srfb.be\\\/wp-content\\\/uploads\\\/2019\\\/06\\\/android-chrome-256x256.png\",\"contentUrl\":\"https:\\\/\\\/srfb.be\\\/wp-content\\\/uploads\\\/2019\\\/06\\\/android-chrome-256x256.png\",\"width\":1200,\"height\":1232,\"caption\":\"Soci\u00e9t\u00e9 Royale Foresti\u00e8re De Belgique - Koninklijke Belgische Bosbouwmaatschappij\"},\"image\":{\"@id\":\"https:\\\/\\\/srfb.be\\\/#\\\/schema\\\/logo\\\/image\\\/\"},\"sameAs\":[\"https:\\\/\\\/www.facebook.com\\\/srfb.be\",\"https:\\\/\\\/www.instagram.com\\\/srfb_kbbm\\\/\",\"https:\\\/\\\/www.linkedin.com\\\/company\\\/srfb-kbbm\\\/\",\"https:\\\/\\\/www.youtube.com\\\/user\\\/srfbkbbm\"]}]}<\/script>\n<!-- \/ Yoast SEO plugin. -->","yoast_head_json":{"title":"B\u00e4ume und Str\u00e4ucher zu jeder Jahreszeit erkennen - SRFB","description":"179 Arten von Laubb\u00e4umen, Nadelb\u00e4umen und Str\u00e4uchern werden in diesem F\u00fchrer im Laufe der Jahreszeiten ausf\u00fchrlich beschrieben und illustriert.","robots":{"index":"index","follow":"follow","max-snippet":"max-snippet:-1","max-image-preview":"max-image-preview:large","max-video-preview":"max-video-preview:-1"},"canonical":"https:\/\/www.kbbm.be\/de\/forest-shop\/identifier-arbres-et-arbustes-en-toutes-saisons\/","og_locale":"de_DE","og_type":"article","og_title":"Identifier arbres et arbustes en toutes saisons - SRFB","og_description":"179 esp\u00e8ces d\u2019arbres feuillus, de conif\u00e8res et d\u2019arbustes sont d\u00e9crites et illustr\u00e9es en d\u00e9tails au fil des saisons dans ce guide.","og_url":"https:\/\/www.kbbm.be\/de\/forest-shop\/identifier-arbres-et-arbustes-en-toutes-saisons\/","og_site_name":"Soci\u00e9t\u00e9 Royale Foresti\u00e8re de Belgique","article_publisher":"https:\/\/www.facebook.com\/srfb.be","article_modified_time":"2026-03-03T16:21:27+00:00","og_image":[{"width":1116,"height":1700,"url":"https:\/\/www.kbbm.be\/wp-content\/uploads\/2021\/04\/identifier-arbres-et-arbustes.jpg","type":"image\/jpeg"}],"schema":{"@context":"https:\/\/schema.org","@graph":[{"@type":"WebPage","@id":"https:\/\/www.kbbm.be\/de\/forest-shop\/identifier-arbres-et-arbustes-en-toutes-saisons\/","url":"https:\/\/www.kbbm.be\/de\/forest-shop\/identifier-arbres-et-arbustes-en-toutes-saisons\/","name":"B\u00e4ume und Str\u00e4ucher zu jeder Jahreszeit erkennen - SRFB","isPartOf":{"@id":"https:\/\/srfb.be\/#website"},"primaryImageOfPage":{"@id":"https:\/\/www.kbbm.be\/de\/forest-shop\/identifier-arbres-et-arbustes-en-toutes-saisons\/#primaryimage"},"image":{"@id":"https:\/\/www.kbbm.be\/de\/forest-shop\/identifier-arbres-et-arbustes-en-toutes-saisons\/#primaryimage"},"thumbnailUrl":"https:\/\/srfb.be\/wp-content\/uploads\/2021\/04\/identifier-arbres-et-arbustes.jpg","datePublished":"2021-04-02T16:21:06+00:00","dateModified":"2026-03-03T16:21:27+00:00","description":"179 Arten von Laubb\u00e4umen, Nadelb\u00e4umen und Str\u00e4uchern werden in diesem F\u00fchrer im Laufe der Jahreszeiten ausf\u00fchrlich beschrieben und illustriert.","breadcrumb":{"@id":"https:\/\/www.kbbm.be\/de\/forest-shop\/identifier-arbres-et-arbustes-en-toutes-saisons\/#breadcrumb"},"inLanguage":"de","potentialAction":[{"@type":"ReadAction","target":["https:\/\/www.kbbm.be\/de\/forest-shop\/identifier-arbres-et-arbustes-en-toutes-saisons\/"]}]},{"@type":"ImageObject","inLanguage":"de","@id":"https:\/\/www.kbbm.be\/de\/forest-shop\/identifier-arbres-et-arbustes-en-toutes-saisons\/#primaryimage","url":"https:\/\/srfb.be\/wp-content\/uploads\/2021\/04\/identifier-arbres-et-arbustes.jpg","contentUrl":"https:\/\/srfb.be\/wp-content\/uploads\/2021\/04\/identifier-arbres-et-arbustes.jpg","width":1116,"height":1700},{"@type":"BreadcrumbList","@id":"https:\/\/www.kbbm.be\/de\/forest-shop\/identifier-arbres-et-arbustes-en-toutes-saisons\/#breadcrumb","itemListElement":[{"@type":"ListItem","position":1,"name":"Accueil","item":"https:\/\/srfb.be\/"},{"@type":"ListItem","position":2,"name":"Produkte","item":"https:\/\/www.kbbm.be\/de\/shop\/"},{"@type":"ListItem","position":3,"name":"Identifier arbres et arbustes en toutes saisons"}]},{"@type":"WebSite","@id":"https:\/\/srfb.be\/#website","url":"https:\/\/srfb.be\/","name":"K\u00f6nigliche Forstverein Belgiens","description":"Im Dienste des Waldes und der F\u00f6rster","publisher":{"@id":"https:\/\/srfb.be\/#organization"},"alternateName":"SRFB-KBBM","potentialAction":[{"@type":"SearchAction","target":{"@type":"EntryPoint","urlTemplate":"https:\/\/srfb.be\/?s={search_term_string}"},"query-input":{"@type":"PropertyValueSpecification","valueRequired":true,"valueName":"search_term_string"}}],"inLanguage":"de"},{"@type":"Organization","@id":"https:\/\/srfb.be\/#organization","name":"Soci\u00e9t\u00e9 Royale Foresti\u00e8re De Belgique - Koninklijke Belgische Bosbouwmaatschappij","alternateName":"SRFB-KBBM","url":"https:\/\/srfb.be\/","logo":{"@type":"ImageObject","inLanguage":"de","@id":"https:\/\/srfb.be\/#\/schema\/logo\/image\/","url":"https:\/\/srfb.be\/wp-content\/uploads\/2019\/06\/android-chrome-256x256.png","contentUrl":"https:\/\/srfb.be\/wp-content\/uploads\/2019\/06\/android-chrome-256x256.png","width":1200,"height":1232,"caption":"Soci\u00e9t\u00e9 Royale Foresti\u00e8re De Belgique - Koninklijke Belgische Bosbouwmaatschappij"},"image":{"@id":"https:\/\/srfb.be\/#\/schema\/logo\/image\/"},"sameAs":["https:\/\/www.facebook.com\/srfb.be","https:\/\/www.instagram.com\/srfb_kbbm\/","https:\/\/www.linkedin.com\/company\/srfb-kbbm\/","https:\/\/www.youtube.com\/user\/srfbkbbm"]}]}},"_links":{"self":[{"href":"https:\/\/srfb.be\/de\/wp-json\/wp\/v2\/product\/16371","targetHints":{"allow":["GET"]}}],"collection":[{"href":"https:\/\/srfb.be\/de\/wp-json\/wp\/v2\/product"}],"about":[{"href":"https:\/\/srfb.be\/de\/wp-json\/wp\/v2\/types\/product"}],"replies":[{"embeddable":true,"href":"https:\/\/srfb.be\/de\/wp-json\/wp\/v2\/comments?post=16371"}],"wp:featuredmedia":[{"embeddable":true,"href":"https:\/\/srfb.be\/de\/wp-json\/wp\/v2\/media\/16372"}],"wp:attachment":[{"href":"https:\/\/srfb.be\/de\/wp-json\/wp\/v2\/media?parent=16371"}],"wp:term":[{"taxonomy":"product_brand","embeddable":true,"href":"https:\/\/srfb.be\/de\/wp-json\/wp\/v2\/product_brand?post=16371"},{"taxonomy":"product_cat","embeddable":true,"href":"https:\/\/srfb.be\/de\/wp-json\/wp\/v2\/product_cat?post=16371"},{"taxonomy":"product_tag","embeddable":true,"href":"https:\/\/srfb.be\/de\/wp-json\/wp\/v2\/product_tag?post=16371"}],"curies":[{"name":"wp","href":"https:\/\/api.w.org\/{rel}","templated":true}]}}