{"id":14412,"date":"2020-11-11T16:34:31","date_gmt":"2020-11-11T15:34:31","guid":{"rendered":"https:\/\/www.srfb.be\/?post_type=product&#038;p=14412"},"modified":"2026-03-03T17:20:23","modified_gmt":"2026-03-03T16:20:23","slug":"larboretum-geographique-de-tervuren","status":"publish","type":"product","link":"https:\/\/srfb.be\/de\/forest-shop\/larboretum-geographique-de-tervuren\/","title":{"rendered":"Das geografische Arboretum von Tervuren"},"content":{"rendered":"","protected":false},"excerpt":{"rendered":"<p>F\u00fcr viele eine verborgene Perle inmitten des For\u00eat de Soignes. \u00dcber 600 Arten und 30.000 Sammlerb\u00e4ume und -str\u00e4ucher laden Sie zu einer Reise durch die W\u00e4lder der gem\u00e4\u00dfigten Zone der n\u00f6rdlichen Hemisph\u00e4re ein.<\/p>\n<p>Die Autoren des Buches, Patrick Huvenne, Wilfried Emmerechts und Kevin Knevels, sind Verwalter des Arboretums. Sie teilen ihr Wissen und ihre Leidenschaft in dem Buch \"Das geografische Arboretum von Tervuren\": Sie zeigen uns die reiche Variation der W\u00e4lder Amerikas, Europas und Asiens, die spezialisierte Verwaltung einer solch lebendigen Sammlung und die Herausforderungen einer nachhaltigen Forstwirtschaft unter dem Einfluss des Klimawandels. Zahlreiche Grafiken, Karten und historische Dokumente untermauern ihre Erz\u00e4hlung. Jan Decreton hat die gro\u00dfartigen Fotos gemacht.<\/p>\n<p><strong>310 Seiten - Hardcover - Format: 23 x 28 cm - durchgehend in Farbe mit zahlreichen Grafiken, Karten und Fotos.<\/strong><\/p>\n<p>Autoren: <strong>Patrick Huvenne, Wilfried Emmerechts &amp; Kevin Knevels<\/strong><\/p>\n<p>Erschienen in Franz\u00f6sisch, Niederl\u00e4ndisch, Deutsch und Englisch<\/p>\n<p><strong>\u00a0<\/strong><\/p>","protected":false},"featured_media":14418,"comment_status":"open","ping_status":"closed","template":"","meta":{"iawp_total_views":161},"product_brand":[],"product_cat":[692,689,314],"product_tag":[],"class_list":{"0":"post-14412","1":"product","2":"type-product","3":"status-publish","4":"has-post-thumbnail","6":"product_cat-arboretum","7":"product_cat-foret-de-soignes","8":"product_cat-sylviculture","10":"first","11":"instock","12":"shipping-taxable","13":"purchasable","14":"product-type-variable"},"yoast_head":"<!-- This site is optimized with the Yoast SEO plugin v27.3 - https:\/\/yoast.com\/product\/yoast-seo-wordpress\/ -->\n<title>L\u2019Arboretum g\u00e9ographique de Tervuren - SRFB<\/title>\n<meta name=\"description\" content=\"Plus de 600 esp\u00e8ces et 30 000 arbres et arbustes de collection vous invitent \u00e0 un p\u00e9riple \u00e0 travers les for\u00eats de la zone temp\u00e9r\u00e9e de l\u2019h\u00e9misph\u00e8re nord.\" \/>\n<meta name=\"robots\" content=\"index, follow, max-snippet:-1, max-image-preview:large, max-video-preview:-1\" \/>\n<link rel=\"canonical\" href=\"https:\/\/kbbm.be\/de\/forest-shop\/larboretum-geographique-de-tervuren\/\" \/>\n<meta property=\"og:locale\" content=\"de_DE\" \/>\n<meta property=\"og:type\" content=\"article\" \/>\n<meta property=\"og:title\" content=\"L\u2019Arboretum g\u00e9ographique de Tervuren - SRFB\" \/>\n<meta property=\"og:description\" content=\"Plus de 600 esp\u00e8ces et 30 000 arbres et arbustes de collection vous invitent \u00e0 un p\u00e9riple \u00e0 travers les for\u00eats de la zone temp\u00e9r\u00e9e de l\u2019h\u00e9misph\u00e8re nord.\" \/>\n<meta property=\"og:url\" content=\"https:\/\/kbbm.be\/de\/forest-shop\/larboretum-geographique-de-tervuren\/\" \/>\n<meta property=\"og:site_name\" content=\"Soci\u00e9t\u00e9 Royale Foresti\u00e8re de Belgique\" \/>\n<meta property=\"article:publisher\" content=\"https:\/\/www.facebook.com\/srfb.be\" \/>\n<meta property=\"article:modified_time\" content=\"2026-03-03T16:20:23+00:00\" \/>\n<meta property=\"og:image\" content=\"https:\/\/kbbm.be\/wp-content\/uploads\/2020\/11\/Arboretum_Tervuren.png\" \/>\n\t<meta property=\"og:image:width\" content=\"1000\" \/>\n\t<meta property=\"og:image:height\" content=\"1389\" \/>\n\t<meta property=\"og:image:type\" content=\"image\/png\" \/>\n<script type=\"application\/ld+json\" class=\"yoast-schema-graph\">{\"@context\":\"https:\\\/\\\/schema.org\",\"@graph\":[{\"@type\":\"WebPage\",\"@id\":\"https:\\\/\\\/kbbm.be\\\/de\\\/forest-shop\\\/larboretum-geographique-de-tervuren\\\/\",\"url\":\"https:\\\/\\\/kbbm.be\\\/de\\\/forest-shop\\\/larboretum-geographique-de-tervuren\\\/\",\"name\":\"L\u2019Arboretum g\u00e9ographique de Tervuren - SRFB\",\"isPartOf\":{\"@id\":\"https:\\\/\\\/srfb.be\\\/de\\\/#website\"},\"primaryImageOfPage\":{\"@id\":\"https:\\\/\\\/kbbm.be\\\/de\\\/forest-shop\\\/larboretum-geographique-de-tervuren\\\/#primaryimage\"},\"image\":{\"@id\":\"https:\\\/\\\/kbbm.be\\\/de\\\/forest-shop\\\/larboretum-geographique-de-tervuren\\\/#primaryimage\"},\"thumbnailUrl\":\"https:\\\/\\\/srfb.be\\\/wp-content\\\/uploads\\\/2020\\\/11\\\/Arboretum_Tervuren.png\",\"datePublished\":\"2020-11-11T15:34:31+00:00\",\"dateModified\":\"2026-03-03T16:20:23+00:00\",\"description\":\"Plus de 600 esp\u00e8ces et 30 000 arbres et arbustes de collection vous invitent \u00e0 un p\u00e9riple \u00e0 travers les for\u00eats de la zone temp\u00e9r\u00e9e de l\u2019h\u00e9misph\u00e8re nord.\",\"breadcrumb\":{\"@id\":\"https:\\\/\\\/kbbm.be\\\/de\\\/forest-shop\\\/larboretum-geographique-de-tervuren\\\/#breadcrumb\"},\"inLanguage\":\"de\",\"potentialAction\":[{\"@type\":\"ReadAction\",\"target\":[\"https:\\\/\\\/kbbm.be\\\/de\\\/forest-shop\\\/larboretum-geographique-de-tervuren\\\/\"]}]},{\"@type\":\"ImageObject\",\"inLanguage\":\"de\",\"@id\":\"https:\\\/\\\/kbbm.be\\\/de\\\/forest-shop\\\/larboretum-geographique-de-tervuren\\\/#primaryimage\",\"url\":\"https:\\\/\\\/srfb.be\\\/wp-content\\\/uploads\\\/2020\\\/11\\\/Arboretum_Tervuren.png\",\"contentUrl\":\"https:\\\/\\\/srfb.be\\\/wp-content\\\/uploads\\\/2020\\\/11\\\/Arboretum_Tervuren.png\",\"width\":1000,\"height\":1389},{\"@type\":\"BreadcrumbList\",\"@id\":\"https:\\\/\\\/kbbm.be\\\/de\\\/forest-shop\\\/larboretum-geographique-de-tervuren\\\/#breadcrumb\",\"itemListElement\":[{\"@type\":\"ListItem\",\"position\":1,\"name\":\"Accueil\",\"item\":\"https:\\\/\\\/srfb.be\\\/de\\\/\"},{\"@type\":\"ListItem\",\"position\":2,\"name\":\"Produkte\",\"item\":\"https:\\\/\\\/srfb.be\\\/de\\\/shop\\\/\"},{\"@type\":\"ListItem\",\"position\":3,\"name\":\"L\u2019Arboretum g\u00e9ographique de Tervuren\"}]},{\"@type\":\"WebSite\",\"@id\":\"https:\\\/\\\/srfb.be\\\/de\\\/#website\",\"url\":\"https:\\\/\\\/srfb.be\\\/de\\\/\",\"name\":\"Soci\u00e9t\u00e9 Royale Foresti\u00e8re de Belgique\",\"description\":\"Au service de la for\u00eat et des forestiers\",\"publisher\":{\"@id\":\"https:\\\/\\\/srfb.be\\\/de\\\/#organization\"},\"alternateName\":\"SRFB-KBBM\",\"potentialAction\":[{\"@type\":\"SearchAction\",\"target\":{\"@type\":\"EntryPoint\",\"urlTemplate\":\"https:\\\/\\\/srfb.be\\\/de\\\/?s={search_term_string}\"},\"query-input\":{\"@type\":\"PropertyValueSpecification\",\"valueRequired\":true,\"valueName\":\"search_term_string\"}}],\"inLanguage\":\"de\"},{\"@type\":\"Organization\",\"@id\":\"https:\\\/\\\/srfb.be\\\/de\\\/#organization\",\"name\":\"Soci\u00e9t\u00e9 Royale Foresti\u00e8re De Belgique - Koninklijke Belgische Bosbouwmaatschappij\",\"alternateName\":\"SRFB-KBBM\",\"url\":\"https:\\\/\\\/srfb.be\\\/de\\\/\",\"logo\":{\"@type\":\"ImageObject\",\"inLanguage\":\"de\",\"@id\":\"https:\\\/\\\/srfb.be\\\/de\\\/#\\\/schema\\\/logo\\\/image\\\/\",\"url\":\"https:\\\/\\\/srfb.be\\\/wp-content\\\/uploads\\\/2019\\\/06\\\/android-chrome-256x256.png\",\"contentUrl\":\"https:\\\/\\\/srfb.be\\\/wp-content\\\/uploads\\\/2019\\\/06\\\/android-chrome-256x256.png\",\"width\":1200,\"height\":1232,\"caption\":\"Soci\u00e9t\u00e9 Royale Foresti\u00e8re De Belgique - Koninklijke Belgische Bosbouwmaatschappij\"},\"image\":{\"@id\":\"https:\\\/\\\/srfb.be\\\/de\\\/#\\\/schema\\\/logo\\\/image\\\/\"},\"sameAs\":[\"https:\\\/\\\/www.facebook.com\\\/srfb.be\",\"https:\\\/\\\/www.instagram.com\\\/srfb_kbbm\\\/\",\"https:\\\/\\\/www.linkedin.com\\\/company\\\/srfb-kbbm\\\/\",\"https:\\\/\\\/www.youtube.com\\\/user\\\/srfbkbbm\"]}]}<\/script>\n<!-- \/ Yoast SEO plugin. -->","yoast_head_json":{"title":"Das geografische Arboretum von Tervuren - SRFB","description":"\u00dcber 600 Arten und 30.000 Sammlerb\u00e4ume und -str\u00e4ucher laden Sie zu einer Reise durch die W\u00e4lder der gem\u00e4\u00dfigten Zone der n\u00f6rdlichen Hemisph\u00e4re ein.","robots":{"index":"index","follow":"follow","max-snippet":"max-snippet:-1","max-image-preview":"max-image-preview:large","max-video-preview":"max-video-preview:-1"},"canonical":"https:\/\/kbbm.be\/de\/forest-shop\/larboretum-geographique-de-tervuren\/","og_locale":"de_DE","og_type":"article","og_title":"L\u2019Arboretum g\u00e9ographique de Tervuren - SRFB","og_description":"Plus de 600 esp\u00e8ces et 30 000 arbres et arbustes de collection vous invitent \u00e0 un p\u00e9riple \u00e0 travers les for\u00eats de la zone temp\u00e9r\u00e9e de l\u2019h\u00e9misph\u00e8re nord.","og_url":"https:\/\/kbbm.be\/de\/forest-shop\/larboretum-geographique-de-tervuren\/","og_site_name":"Soci\u00e9t\u00e9 Royale Foresti\u00e8re de Belgique","article_publisher":"https:\/\/www.facebook.com\/srfb.be","article_modified_time":"2026-03-03T16:20:23+00:00","og_image":[{"width":1000,"height":1389,"url":"https:\/\/kbbm.be\/wp-content\/uploads\/2020\/11\/Arboretum_Tervuren.png","type":"image\/png"}],"schema":{"@context":"https:\/\/schema.org","@graph":[{"@type":"WebPage","@id":"https:\/\/kbbm.be\/de\/forest-shop\/larboretum-geographique-de-tervuren\/","url":"https:\/\/kbbm.be\/de\/forest-shop\/larboretum-geographique-de-tervuren\/","name":"Das geografische Arboretum von Tervuren - SRFB","isPartOf":{"@id":"https:\/\/srfb.be\/de\/#website"},"primaryImageOfPage":{"@id":"https:\/\/kbbm.be\/de\/forest-shop\/larboretum-geographique-de-tervuren\/#primaryimage"},"image":{"@id":"https:\/\/kbbm.be\/de\/forest-shop\/larboretum-geographique-de-tervuren\/#primaryimage"},"thumbnailUrl":"https:\/\/srfb.be\/wp-content\/uploads\/2020\/11\/Arboretum_Tervuren.png","datePublished":"2020-11-11T15:34:31+00:00","dateModified":"2026-03-03T16:20:23+00:00","description":"\u00dcber 600 Arten und 30.000 Sammlerb\u00e4ume und -str\u00e4ucher laden Sie zu einer Reise durch die W\u00e4lder der gem\u00e4\u00dfigten Zone der n\u00f6rdlichen Hemisph\u00e4re ein.","breadcrumb":{"@id":"https:\/\/kbbm.be\/de\/forest-shop\/larboretum-geographique-de-tervuren\/#breadcrumb"},"inLanguage":"de","potentialAction":[{"@type":"ReadAction","target":["https:\/\/kbbm.be\/de\/forest-shop\/larboretum-geographique-de-tervuren\/"]}]},{"@type":"ImageObject","inLanguage":"de","@id":"https:\/\/kbbm.be\/de\/forest-shop\/larboretum-geographique-de-tervuren\/#primaryimage","url":"https:\/\/srfb.be\/wp-content\/uploads\/2020\/11\/Arboretum_Tervuren.png","contentUrl":"https:\/\/srfb.be\/wp-content\/uploads\/2020\/11\/Arboretum_Tervuren.png","width":1000,"height":1389},{"@type":"BreadcrumbList","@id":"https:\/\/kbbm.be\/de\/forest-shop\/larboretum-geographique-de-tervuren\/#breadcrumb","itemListElement":[{"@type":"ListItem","position":1,"name":"Accueil","item":"https:\/\/srfb.be\/de\/"},{"@type":"ListItem","position":2,"name":"Produkte","item":"https:\/\/srfb.be\/de\/shop\/"},{"@type":"ListItem","position":3,"name":"L\u2019Arboretum g\u00e9ographique de Tervuren"}]},{"@type":"WebSite","@id":"https:\/\/srfb.be\/de\/#website","url":"https:\/\/srfb.be\/de\/","name":"K\u00f6nigliche Forstverein Belgiens","description":"Im Dienste des Waldes und der F\u00f6rster","publisher":{"@id":"https:\/\/srfb.be\/de\/#organization"},"alternateName":"SRFB-KBBM","potentialAction":[{"@type":"SearchAction","target":{"@type":"EntryPoint","urlTemplate":"https:\/\/srfb.be\/de\/?s={search_term_string}"},"query-input":{"@type":"PropertyValueSpecification","valueRequired":true,"valueName":"search_term_string"}}],"inLanguage":"de"},{"@type":"Organization","@id":"https:\/\/srfb.be\/de\/#organization","name":"Soci\u00e9t\u00e9 Royale Foresti\u00e8re De Belgique - Koninklijke Belgische Bosbouwmaatschappij","alternateName":"SRFB-KBBM","url":"https:\/\/srfb.be\/de\/","logo":{"@type":"ImageObject","inLanguage":"de","@id":"https:\/\/srfb.be\/de\/#\/schema\/logo\/image\/","url":"https:\/\/srfb.be\/wp-content\/uploads\/2019\/06\/android-chrome-256x256.png","contentUrl":"https:\/\/srfb.be\/wp-content\/uploads\/2019\/06\/android-chrome-256x256.png","width":1200,"height":1232,"caption":"Soci\u00e9t\u00e9 Royale Foresti\u00e8re De Belgique - Koninklijke Belgische Bosbouwmaatschappij"},"image":{"@id":"https:\/\/srfb.be\/de\/#\/schema\/logo\/image\/"},"sameAs":["https:\/\/www.facebook.com\/srfb.be","https:\/\/www.instagram.com\/srfb_kbbm\/","https:\/\/www.linkedin.com\/company\/srfb-kbbm\/","https:\/\/www.youtube.com\/user\/srfbkbbm"]}]}},"_links":{"self":[{"href":"https:\/\/srfb.be\/de\/wp-json\/wp\/v2\/product\/14412","targetHints":{"allow":["GET"]}}],"collection":[{"href":"https:\/\/srfb.be\/de\/wp-json\/wp\/v2\/product"}],"about":[{"href":"https:\/\/srfb.be\/de\/wp-json\/wp\/v2\/types\/product"}],"replies":[{"embeddable":true,"href":"https:\/\/srfb.be\/de\/wp-json\/wp\/v2\/comments?post=14412"}],"wp:featuredmedia":[{"embeddable":true,"href":"https:\/\/srfb.be\/de\/wp-json\/wp\/v2\/media\/14418"}],"wp:attachment":[{"href":"https:\/\/srfb.be\/de\/wp-json\/wp\/v2\/media?parent=14412"}],"wp:term":[{"taxonomy":"product_brand","embeddable":true,"href":"https:\/\/srfb.be\/de\/wp-json\/wp\/v2\/product_brand?post=14412"},{"taxonomy":"product_cat","embeddable":true,"href":"https:\/\/srfb.be\/de\/wp-json\/wp\/v2\/product_cat?post=14412"},{"taxonomy":"product_tag","embeddable":true,"href":"https:\/\/srfb.be\/de\/wp-json\/wp\/v2\/product_tag?post=14412"}],"curies":[{"name":"wp","href":"https:\/\/api.w.org\/{rel}","templated":true}]}}