{"id":13959,"date":"2020-10-06T18:34:00","date_gmt":"2020-10-06T16:34:00","guid":{"rendered":"https:\/\/www.srfb.be\/?post_type=product&#038;p=13959"},"modified":"2026-03-03T16:50:56","modified_gmt":"2026-03-03T15:50:56","slug":"impacts-du-grand-gibier-comment-les-identifier-les-quantifier-les-limiter","status":"publish","type":"product","link":"https:\/\/srfb.be\/de\/forest-shop\/impacts-du-grand-gibier-comment-les-identifier-les-quantifier-les-limiter\/","title":{"rendered":"Auswirkungen von Gro\u00dfwild: Wie man sie erkennt, quantifiziert und begrenzt"},"content":{"rendered":"","protected":false},"excerpt":{"rendered":"<p>Obwohl sie in das \u00d6kosystem des Waldes integriert sind, kann \u00fcberm\u00e4\u00dfiges Wild die Erneuerung des Waldes gef\u00e4hrden. Die erste Notwendigkeit f\u00fcr einen Forstwirt, der seine Parzellen verj\u00fcngen will, besteht daher darin, die von Gro\u00dfwild begangenen Sch\u00e4den zu erkennen. Dieser Leitfaden liefert alle Elemente, um eine solide Feststellung des Ungleichgewichts zu treffen und schl\u00e4gt dann L\u00f6sungen vor, um die Harmonie zwischen Wald und Tieren wiederherzustellen.<\/p>\n<p><strong>Mit Flashcodes, um die Rufe der gro\u00dfen Tiere zu erkennen, und Videos, um ihre Verhaltensweisen zu identifizieren.<\/strong><\/p>\n<p><strong>24 Seiten, 21 x 29,7 cm <\/strong><\/p>","protected":false},"featured_media":13960,"comment_status":"open","ping_status":"closed","template":"","meta":{"iawp_total_views":71},"product_brand":[],"product_cat":[691,693,688,314],"product_tag":[],"class_list":{"0":"post-13959","1":"product","2":"type-product","3":"status-publish","4":"has-post-thumbnail","6":"product_cat-biodiversite","7":"product_cat-foret-gibier","8":"product_cat-sante-des-forets","9":"product_cat-sylviculture","11":"first","12":"instock","13":"shipping-taxable","14":"purchasable","15":"product-type-simple"},"yoast_head":"<!-- This site is optimized with the Yoast SEO plugin v27.3 - https:\/\/yoast.com\/product\/yoast-seo-wordpress\/ -->\n<title>Impacts du grand gibier en for\u00eat - SRFB<\/title>\n<meta name=\"description\" content=\"La premi\u00e8re n\u00e9cessit\u00e9 pour le forestier soucieux de r\u00e9g\u00e9n\u00e9rer ses parcelles est donc de reconna\u00eetre les d\u00e9g\u00e2ts commis par la grande faune.\" \/>\n<meta name=\"robots\" content=\"index, follow, max-snippet:-1, max-image-preview:large, max-video-preview:-1\" \/>\n<link rel=\"canonical\" href=\"https:\/\/kbbm.be\/de\/forest-shop\/impacts-du-grand-gibier-comment-les-identifier-les-quantifier-les-limiter\/\" \/>\n<meta property=\"og:locale\" content=\"de_DE\" \/>\n<meta property=\"og:type\" content=\"article\" \/>\n<meta property=\"og:title\" content=\"Impacts du grand gibier en for\u00eat - SRFB\" \/>\n<meta property=\"og:description\" content=\"La premi\u00e8re n\u00e9cessit\u00e9 pour le forestier soucieux de r\u00e9g\u00e9n\u00e9rer ses parcelles est donc de reconna\u00eetre les d\u00e9g\u00e2ts commis par la grande faune.\" \/>\n<meta property=\"og:url\" content=\"https:\/\/kbbm.be\/de\/forest-shop\/impacts-du-grand-gibier-comment-les-identifier-les-quantifier-les-limiter\/\" \/>\n<meta property=\"og:site_name\" content=\"Soci\u00e9t\u00e9 Royale Foresti\u00e8re de Belgique\" \/>\n<meta property=\"article:publisher\" content=\"https:\/\/www.facebook.com\/srfb.be\" \/>\n<meta property=\"article:modified_time\" content=\"2026-03-03T15:50:56+00:00\" \/>\n<meta property=\"og:image\" content=\"https:\/\/kbbm.be\/wp-content\/uploads\/2020\/10\/impact-gibier.jpg\" \/>\n\t<meta property=\"og:image:width\" content=\"829\" \/>\n\t<meta property=\"og:image:height\" content=\"1181\" \/>\n\t<meta property=\"og:image:type\" content=\"image\/jpeg\" \/>\n<script type=\"application\/ld+json\" class=\"yoast-schema-graph\">{\"@context\":\"https:\\\/\\\/schema.org\",\"@graph\":[{\"@type\":\"WebPage\",\"@id\":\"https:\\\/\\\/kbbm.be\\\/de\\\/forest-shop\\\/impacts-du-grand-gibier-comment-les-identifier-les-quantifier-les-limiter\\\/\",\"url\":\"https:\\\/\\\/kbbm.be\\\/de\\\/forest-shop\\\/impacts-du-grand-gibier-comment-les-identifier-les-quantifier-les-limiter\\\/\",\"name\":\"Impacts du grand gibier en for\u00eat - SRFB\",\"isPartOf\":{\"@id\":\"https:\\\/\\\/kbbm.be\\\/de\\\/#website\"},\"primaryImageOfPage\":{\"@id\":\"https:\\\/\\\/kbbm.be\\\/de\\\/forest-shop\\\/impacts-du-grand-gibier-comment-les-identifier-les-quantifier-les-limiter\\\/#primaryimage\"},\"image\":{\"@id\":\"https:\\\/\\\/kbbm.be\\\/de\\\/forest-shop\\\/impacts-du-grand-gibier-comment-les-identifier-les-quantifier-les-limiter\\\/#primaryimage\"},\"thumbnailUrl\":\"https:\\\/\\\/srfb.be\\\/wp-content\\\/uploads\\\/2020\\\/10\\\/impact-gibier.jpg\",\"datePublished\":\"2020-10-06T16:34:00+00:00\",\"dateModified\":\"2026-03-03T15:50:56+00:00\",\"description\":\"La premi\u00e8re n\u00e9cessit\u00e9 pour le forestier soucieux de r\u00e9g\u00e9n\u00e9rer ses parcelles est donc de reconna\u00eetre les d\u00e9g\u00e2ts commis par la grande faune.\",\"breadcrumb\":{\"@id\":\"https:\\\/\\\/kbbm.be\\\/de\\\/forest-shop\\\/impacts-du-grand-gibier-comment-les-identifier-les-quantifier-les-limiter\\\/#breadcrumb\"},\"inLanguage\":\"de\",\"potentialAction\":[{\"@type\":\"ReadAction\",\"target\":[\"https:\\\/\\\/kbbm.be\\\/de\\\/forest-shop\\\/impacts-du-grand-gibier-comment-les-identifier-les-quantifier-les-limiter\\\/\"]}]},{\"@type\":\"ImageObject\",\"inLanguage\":\"de\",\"@id\":\"https:\\\/\\\/kbbm.be\\\/de\\\/forest-shop\\\/impacts-du-grand-gibier-comment-les-identifier-les-quantifier-les-limiter\\\/#primaryimage\",\"url\":\"https:\\\/\\\/srfb.be\\\/wp-content\\\/uploads\\\/2020\\\/10\\\/impact-gibier.jpg\",\"contentUrl\":\"https:\\\/\\\/srfb.be\\\/wp-content\\\/uploads\\\/2020\\\/10\\\/impact-gibier.jpg\",\"width\":829,\"height\":1181},{\"@type\":\"BreadcrumbList\",\"@id\":\"https:\\\/\\\/kbbm.be\\\/de\\\/forest-shop\\\/impacts-du-grand-gibier-comment-les-identifier-les-quantifier-les-limiter\\\/#breadcrumb\",\"itemListElement\":[{\"@type\":\"ListItem\",\"position\":1,\"name\":\"Accueil\",\"item\":\"https:\\\/\\\/kbbm.be\\\/de\\\/\"},{\"@type\":\"ListItem\",\"position\":2,\"name\":\"Producten\",\"item\":\"https:\\\/\\\/kbbm.be\\\/nl\\\/shop\\\/\"},{\"@type\":\"ListItem\",\"position\":3,\"name\":\"Impacts du grand gibier : comment les identifier, les quantifier, les limiter\"}]},{\"@type\":\"WebSite\",\"@id\":\"https:\\\/\\\/kbbm.be\\\/de\\\/#website\",\"url\":\"https:\\\/\\\/kbbm.be\\\/de\\\/\",\"name\":\"Soci\u00e9t\u00e9 Royale Foresti\u00e8re de Belgique\",\"description\":\"Au service de la for\u00eat et des forestiers\",\"publisher\":{\"@id\":\"https:\\\/\\\/kbbm.be\\\/de\\\/#organization\"},\"alternateName\":\"SRFB-KBBM\",\"potentialAction\":[{\"@type\":\"SearchAction\",\"target\":{\"@type\":\"EntryPoint\",\"urlTemplate\":\"https:\\\/\\\/kbbm.be\\\/de\\\/?s={search_term_string}\"},\"query-input\":{\"@type\":\"PropertyValueSpecification\",\"valueRequired\":true,\"valueName\":\"search_term_string\"}}],\"inLanguage\":\"de\"},{\"@type\":\"Organization\",\"@id\":\"https:\\\/\\\/kbbm.be\\\/de\\\/#organization\",\"name\":\"Soci\u00e9t\u00e9 Royale Foresti\u00e8re De Belgique - Koninklijke Belgische Bosbouwmaatschappij\",\"alternateName\":\"SRFB-KBBM\",\"url\":\"https:\\\/\\\/kbbm.be\\\/de\\\/\",\"logo\":{\"@type\":\"ImageObject\",\"inLanguage\":\"de\",\"@id\":\"https:\\\/\\\/kbbm.be\\\/de\\\/#\\\/schema\\\/logo\\\/image\\\/\",\"url\":\"https:\\\/\\\/srfb.be\\\/wp-content\\\/uploads\\\/2019\\\/06\\\/android-chrome-256x256.png\",\"contentUrl\":\"https:\\\/\\\/srfb.be\\\/wp-content\\\/uploads\\\/2019\\\/06\\\/android-chrome-256x256.png\",\"width\":1200,\"height\":1232,\"caption\":\"Soci\u00e9t\u00e9 Royale Foresti\u00e8re De Belgique - Koninklijke Belgische Bosbouwmaatschappij\"},\"image\":{\"@id\":\"https:\\\/\\\/kbbm.be\\\/de\\\/#\\\/schema\\\/logo\\\/image\\\/\"},\"sameAs\":[\"https:\\\/\\\/www.facebook.com\\\/srfb.be\",\"https:\\\/\\\/www.instagram.com\\\/srfb_kbbm\\\/\",\"https:\\\/\\\/www.linkedin.com\\\/company\\\/srfb-kbbm\\\/\",\"https:\\\/\\\/www.youtube.com\\\/user\\\/srfbkbbm\"]}]}<\/script>\n<!-- \/ Yoast SEO plugin. -->","yoast_head_json":{"title":"Auswirkungen von Gro\u00dfwild auf den Wald - SRFB","description":"Die erste Notwendigkeit f\u00fcr einen Forstwirt, der seine Parzellen verj\u00fcngen will, besteht also darin, die Sch\u00e4den zu erkennen, die von gro\u00dfen Wildtieren angerichtet wurden.","robots":{"index":"index","follow":"follow","max-snippet":"max-snippet:-1","max-image-preview":"max-image-preview:large","max-video-preview":"max-video-preview:-1"},"canonical":"https:\/\/kbbm.be\/de\/forest-shop\/impacts-du-grand-gibier-comment-les-identifier-les-quantifier-les-limiter\/","og_locale":"de_DE","og_type":"article","og_title":"Impacts du grand gibier en for\u00eat - SRFB","og_description":"La premi\u00e8re n\u00e9cessit\u00e9 pour le forestier soucieux de r\u00e9g\u00e9n\u00e9rer ses parcelles est donc de reconna\u00eetre les d\u00e9g\u00e2ts commis par la grande faune.","og_url":"https:\/\/kbbm.be\/de\/forest-shop\/impacts-du-grand-gibier-comment-les-identifier-les-quantifier-les-limiter\/","og_site_name":"Soci\u00e9t\u00e9 Royale Foresti\u00e8re de Belgique","article_publisher":"https:\/\/www.facebook.com\/srfb.be","article_modified_time":"2026-03-03T15:50:56+00:00","og_image":[{"width":829,"height":1181,"url":"https:\/\/kbbm.be\/wp-content\/uploads\/2020\/10\/impact-gibier.jpg","type":"image\/jpeg"}],"schema":{"@context":"https:\/\/schema.org","@graph":[{"@type":"WebPage","@id":"https:\/\/kbbm.be\/de\/forest-shop\/impacts-du-grand-gibier-comment-les-identifier-les-quantifier-les-limiter\/","url":"https:\/\/kbbm.be\/de\/forest-shop\/impacts-du-grand-gibier-comment-les-identifier-les-quantifier-les-limiter\/","name":"Auswirkungen von Gro\u00dfwild auf den Wald - SRFB","isPartOf":{"@id":"https:\/\/kbbm.be\/de\/#website"},"primaryImageOfPage":{"@id":"https:\/\/kbbm.be\/de\/forest-shop\/impacts-du-grand-gibier-comment-les-identifier-les-quantifier-les-limiter\/#primaryimage"},"image":{"@id":"https:\/\/kbbm.be\/de\/forest-shop\/impacts-du-grand-gibier-comment-les-identifier-les-quantifier-les-limiter\/#primaryimage"},"thumbnailUrl":"https:\/\/srfb.be\/wp-content\/uploads\/2020\/10\/impact-gibier.jpg","datePublished":"2020-10-06T16:34:00+00:00","dateModified":"2026-03-03T15:50:56+00:00","description":"Die erste Notwendigkeit f\u00fcr einen Forstwirt, der seine Parzellen verj\u00fcngen will, besteht also darin, die Sch\u00e4den zu erkennen, die von gro\u00dfen Wildtieren angerichtet wurden.","breadcrumb":{"@id":"https:\/\/kbbm.be\/de\/forest-shop\/impacts-du-grand-gibier-comment-les-identifier-les-quantifier-les-limiter\/#breadcrumb"},"inLanguage":"de","potentialAction":[{"@type":"ReadAction","target":["https:\/\/kbbm.be\/de\/forest-shop\/impacts-du-grand-gibier-comment-les-identifier-les-quantifier-les-limiter\/"]}]},{"@type":"ImageObject","inLanguage":"de","@id":"https:\/\/kbbm.be\/de\/forest-shop\/impacts-du-grand-gibier-comment-les-identifier-les-quantifier-les-limiter\/#primaryimage","url":"https:\/\/srfb.be\/wp-content\/uploads\/2020\/10\/impact-gibier.jpg","contentUrl":"https:\/\/srfb.be\/wp-content\/uploads\/2020\/10\/impact-gibier.jpg","width":829,"height":1181},{"@type":"BreadcrumbList","@id":"https:\/\/kbbm.be\/de\/forest-shop\/impacts-du-grand-gibier-comment-les-identifier-les-quantifier-les-limiter\/#breadcrumb","itemListElement":[{"@type":"ListItem","position":1,"name":"Accueil","item":"https:\/\/kbbm.be\/de\/"},{"@type":"ListItem","position":2,"name":"Producten","item":"https:\/\/kbbm.be\/nl\/shop\/"},{"@type":"ListItem","position":3,"name":"Impacts du grand gibier : comment les identifier, les quantifier, les limiter"}]},{"@type":"WebSite","@id":"https:\/\/kbbm.be\/de\/#website","url":"https:\/\/kbbm.be\/de\/","name":"K\u00f6nigliche Forstverein Belgiens","description":"Im Dienste des Waldes und der F\u00f6rster","publisher":{"@id":"https:\/\/kbbm.be\/de\/#organization"},"alternateName":"SRFB-KBBM","potentialAction":[{"@type":"SearchAction","target":{"@type":"EntryPoint","urlTemplate":"https:\/\/kbbm.be\/de\/?s={search_term_string}"},"query-input":{"@type":"PropertyValueSpecification","valueRequired":true,"valueName":"search_term_string"}}],"inLanguage":"de"},{"@type":"Organization","@id":"https:\/\/kbbm.be\/de\/#organization","name":"Soci\u00e9t\u00e9 Royale Foresti\u00e8re De Belgique - Koninklijke Belgische Bosbouwmaatschappij","alternateName":"SRFB-KBBM","url":"https:\/\/kbbm.be\/de\/","logo":{"@type":"ImageObject","inLanguage":"de","@id":"https:\/\/kbbm.be\/de\/#\/schema\/logo\/image\/","url":"https:\/\/srfb.be\/wp-content\/uploads\/2019\/06\/android-chrome-256x256.png","contentUrl":"https:\/\/srfb.be\/wp-content\/uploads\/2019\/06\/android-chrome-256x256.png","width":1200,"height":1232,"caption":"Soci\u00e9t\u00e9 Royale Foresti\u00e8re De Belgique - Koninklijke Belgische Bosbouwmaatschappij"},"image":{"@id":"https:\/\/kbbm.be\/de\/#\/schema\/logo\/image\/"},"sameAs":["https:\/\/www.facebook.com\/srfb.be","https:\/\/www.instagram.com\/srfb_kbbm\/","https:\/\/www.linkedin.com\/company\/srfb-kbbm\/","https:\/\/www.youtube.com\/user\/srfbkbbm"]}]}},"_links":{"self":[{"href":"https:\/\/srfb.be\/de\/wp-json\/wp\/v2\/product\/13959","targetHints":{"allow":["GET"]}}],"collection":[{"href":"https:\/\/srfb.be\/de\/wp-json\/wp\/v2\/product"}],"about":[{"href":"https:\/\/srfb.be\/de\/wp-json\/wp\/v2\/types\/product"}],"replies":[{"embeddable":true,"href":"https:\/\/srfb.be\/de\/wp-json\/wp\/v2\/comments?post=13959"}],"wp:featuredmedia":[{"embeddable":true,"href":"https:\/\/srfb.be\/de\/wp-json\/wp\/v2\/media\/13960"}],"wp:attachment":[{"href":"https:\/\/srfb.be\/de\/wp-json\/wp\/v2\/media?parent=13959"}],"wp:term":[{"taxonomy":"product_brand","embeddable":true,"href":"https:\/\/srfb.be\/de\/wp-json\/wp\/v2\/product_brand?post=13959"},{"taxonomy":"product_cat","embeddable":true,"href":"https:\/\/srfb.be\/de\/wp-json\/wp\/v2\/product_cat?post=13959"},{"taxonomy":"product_tag","embeddable":true,"href":"https:\/\/srfb.be\/de\/wp-json\/wp\/v2\/product_tag?post=13959"}],"curies":[{"name":"wp","href":"https:\/\/api.w.org\/{rel}","templated":true}]}}