{"id":13956,"date":"2020-10-06T18:17:59","date_gmt":"2020-10-06T16:17:59","guid":{"rendered":"https:\/\/www.srfb.be\/?post_type=product&#038;p=13956"},"modified":"2026-03-03T17:00:09","modified_gmt":"2026-03-03T16:00:09","slug":"les-mousses-les-lichens-et-les-fougeres-ces-meconnus-essentiels-a-la-foret","status":"publish","type":"product","link":"https:\/\/srfb.be\/de\/forest-shop\/les-mousses-les-lichens-et-les-fougeres-ces-meconnus-essentiels-a-la-foret\/","title":{"rendered":"Moose, Flechten und Farne, die verkannten Essentials des Waldes"},"content":{"rendered":"","protected":false},"excerpt":{"rendered":"<p>Moose, Flechten und Farne sind wenig bekannt, obwohl sie in unseren W\u00e4ldern allgegenw\u00e4rtig sind. Dieser reich bebilderte Leitfaden erinnert an ihre Besonderheiten und ihre gro\u00dfe Vielfalt, bevor er ihre Aufgaben und Interessen erl\u00e4utert. Au\u00dferdem gibt er Ratschl\u00e4ge f\u00fcr die Pflege dieser Pflanzen, die f\u00fcr die Gesundheit unserer W\u00e4lder unerl\u00e4sslich sind.<\/p>\n<p><strong>92 Seiten, 21 x 29,7 cm<br \/>\n<\/strong><\/p>\n<p>Autorin: <strong>Franck Mass\u00e9<br \/>\n<\/strong>Herausgeber :<strong> CNPF<\/strong><\/p>\n<p><strong>\u00a0<\/strong><\/p>","protected":false},"featured_media":13957,"comment_status":"open","ping_status":"closed","template":"","meta":{"iawp_total_views":58},"product_brand":[],"product_cat":[691,690],"product_tag":[],"class_list":{"0":"post-13956","1":"product","2":"type-product","3":"status-publish","4":"has-post-thumbnail","6":"product_cat-biodiversite","7":"product_cat-livres-illustres","9":"first","10":"instock","11":"shipping-taxable","12":"purchasable","13":"product-type-simple"},"yoast_head":"<!-- This site is optimized with the Yoast SEO plugin v27.4 - https:\/\/yoast.com\/product\/yoast-seo-wordpress\/ -->\n<title>Les mousses, les lichens et les foug\u00e8res - SRFB<\/title>\n<meta name=\"description\" content=\"Ce guide riche en photos rappelle les sp\u00e9cificit\u00e9s et grande diversit\u00e9 des mousses, les lichens et les foug\u00e8res qui sont omnipr\u00e9sents dans nos for\u00eats.\" \/>\n<meta name=\"robots\" content=\"index, follow, max-snippet:-1, max-image-preview:large, max-video-preview:-1\" \/>\n<link rel=\"canonical\" href=\"https:\/\/srfb.be\/de\/forest-shop\/les-mousses-les-lichens-et-les-fougeres-ces-meconnus-essentiels-a-la-foret\/\" \/>\n<meta property=\"og:locale\" content=\"de_DE\" \/>\n<meta property=\"og:type\" content=\"article\" \/>\n<meta property=\"og:title\" content=\"Les mousses, les lichens et les foug\u00e8res - SRFB\" \/>\n<meta property=\"og:description\" content=\"Ce guide riche en photos rappelle les sp\u00e9cificit\u00e9s et grande diversit\u00e9 des mousses, les lichens et les foug\u00e8res qui sont omnipr\u00e9sents dans nos for\u00eats.\" \/>\n<meta property=\"og:url\" content=\"https:\/\/srfb.be\/de\/forest-shop\/les-mousses-les-lichens-et-les-fougeres-ces-meconnus-essentiels-a-la-foret\/\" \/>\n<meta property=\"og:site_name\" content=\"Soci\u00e9t\u00e9 Royale Foresti\u00e8re de Belgique\" \/>\n<meta property=\"article:publisher\" content=\"https:\/\/www.facebook.com\/srfb.be\" \/>\n<meta property=\"article:modified_time\" content=\"2026-03-03T16:00:09+00:00\" \/>\n<meta property=\"og:image\" content=\"https:\/\/srfb.be\/wp-content\/uploads\/2020\/10\/Les-mousses.jpg\" \/>\n\t<meta property=\"og:image:width\" content=\"871\" \/>\n\t<meta property=\"og:image:height\" content=\"1251\" \/>\n\t<meta property=\"og:image:type\" content=\"image\/jpeg\" \/>\n<script type=\"application\/ld+json\" class=\"yoast-schema-graph\">{\"@context\":\"https:\\\/\\\/schema.org\",\"@graph\":[{\"@type\":\"WebPage\",\"@id\":\"https:\\\/\\\/srfb.be\\\/nl\\\/forest-shop\\\/les-mousses-les-lichens-et-les-fougeres-ces-meconnus-essentiels-a-la-foret\\\/\",\"url\":\"https:\\\/\\\/srfb.be\\\/nl\\\/forest-shop\\\/les-mousses-les-lichens-et-les-fougeres-ces-meconnus-essentiels-a-la-foret\\\/\",\"name\":\"Les mousses, les lichens et les foug\u00e8res - SRFB\",\"isPartOf\":{\"@id\":\"https:\\\/\\\/srfb.be\\\/#website\"},\"primaryImageOfPage\":{\"@id\":\"https:\\\/\\\/srfb.be\\\/nl\\\/forest-shop\\\/les-mousses-les-lichens-et-les-fougeres-ces-meconnus-essentiels-a-la-foret\\\/#primaryimage\"},\"image\":{\"@id\":\"https:\\\/\\\/srfb.be\\\/nl\\\/forest-shop\\\/les-mousses-les-lichens-et-les-fougeres-ces-meconnus-essentiels-a-la-foret\\\/#primaryimage\"},\"thumbnailUrl\":\"https:\\\/\\\/srfb.be\\\/wp-content\\\/uploads\\\/2020\\\/10\\\/Les-mousses.jpg\",\"datePublished\":\"2020-10-06T16:17:59+00:00\",\"dateModified\":\"2026-03-03T16:00:09+00:00\",\"description\":\"Ce guide riche en photos rappelle les sp\u00e9cificit\u00e9s et grande diversit\u00e9 des mousses, les lichens et les foug\u00e8res qui sont omnipr\u00e9sents dans nos for\u00eats.\",\"breadcrumb\":{\"@id\":\"https:\\\/\\\/srfb.be\\\/nl\\\/forest-shop\\\/les-mousses-les-lichens-et-les-fougeres-ces-meconnus-essentiels-a-la-foret\\\/#breadcrumb\"},\"inLanguage\":\"de\",\"potentialAction\":[{\"@type\":\"ReadAction\",\"target\":[\"https:\\\/\\\/srfb.be\\\/nl\\\/forest-shop\\\/les-mousses-les-lichens-et-les-fougeres-ces-meconnus-essentiels-a-la-foret\\\/\"]}]},{\"@type\":\"ImageObject\",\"inLanguage\":\"de\",\"@id\":\"https:\\\/\\\/srfb.be\\\/nl\\\/forest-shop\\\/les-mousses-les-lichens-et-les-fougeres-ces-meconnus-essentiels-a-la-foret\\\/#primaryimage\",\"url\":\"https:\\\/\\\/srfb.be\\\/wp-content\\\/uploads\\\/2020\\\/10\\\/Les-mousses.jpg\",\"contentUrl\":\"https:\\\/\\\/srfb.be\\\/wp-content\\\/uploads\\\/2020\\\/10\\\/Les-mousses.jpg\",\"width\":871,\"height\":1251},{\"@type\":\"BreadcrumbList\",\"@id\":\"https:\\\/\\\/srfb.be\\\/nl\\\/forest-shop\\\/les-mousses-les-lichens-et-les-fougeres-ces-meconnus-essentiels-a-la-foret\\\/#breadcrumb\",\"itemListElement\":[{\"@type\":\"ListItem\",\"position\":1,\"name\":\"Accueil\",\"item\":\"https:\\\/\\\/srfb.be\\\/en\\\/\"},{\"@type\":\"ListItem\",\"position\":2,\"name\":\"Produkte\",\"item\":\"https:\\\/\\\/srfb.be\\\/de\\\/shop\\\/\"},{\"@type\":\"ListItem\",\"position\":3,\"name\":\"Les mousses, les lichens et les foug\u00e8res, ces m\u00e9connus essentiels \u00e0 la for\u00eat\"}]},{\"@type\":\"WebSite\",\"@id\":\"https:\\\/\\\/srfb.be\\\/#website\",\"url\":\"https:\\\/\\\/srfb.be\\\/\",\"name\":\"Soci\u00e9t\u00e9 Royale Foresti\u00e8re de Belgique\",\"description\":\"Au service de la for\u00eat et des forestiers\",\"publisher\":{\"@id\":\"https:\\\/\\\/srfb.be\\\/#organization\"},\"alternateName\":\"SRFB-KBBM\",\"potentialAction\":[{\"@type\":\"SearchAction\",\"target\":{\"@type\":\"EntryPoint\",\"urlTemplate\":\"https:\\\/\\\/srfb.be\\\/?s={search_term_string}\"},\"query-input\":{\"@type\":\"PropertyValueSpecification\",\"valueRequired\":true,\"valueName\":\"search_term_string\"}}],\"inLanguage\":\"de\"},{\"@type\":\"Organization\",\"@id\":\"https:\\\/\\\/srfb.be\\\/#organization\",\"name\":\"Soci\u00e9t\u00e9 Royale Foresti\u00e8re De Belgique - Koninklijke Belgische Bosbouwmaatschappij\",\"alternateName\":\"SRFB-KBBM\",\"url\":\"https:\\\/\\\/srfb.be\\\/\",\"logo\":{\"@type\":\"ImageObject\",\"inLanguage\":\"de\",\"@id\":\"https:\\\/\\\/srfb.be\\\/#\\\/schema\\\/logo\\\/image\\\/\",\"url\":\"https:\\\/\\\/srfb.be\\\/wp-content\\\/uploads\\\/2019\\\/06\\\/android-chrome-256x256.png\",\"contentUrl\":\"https:\\\/\\\/srfb.be\\\/wp-content\\\/uploads\\\/2019\\\/06\\\/android-chrome-256x256.png\",\"width\":1200,\"height\":1232,\"caption\":\"Soci\u00e9t\u00e9 Royale Foresti\u00e8re De Belgique - Koninklijke Belgische Bosbouwmaatschappij\"},\"image\":{\"@id\":\"https:\\\/\\\/srfb.be\\\/#\\\/schema\\\/logo\\\/image\\\/\"},\"sameAs\":[\"https:\\\/\\\/www.facebook.com\\\/srfb.be\",\"https:\\\/\\\/www.instagram.com\\\/srfb_kbbm\\\/\",\"https:\\\/\\\/www.linkedin.com\\\/company\\\/srfb-kbbm\\\/\",\"https:\\\/\\\/www.youtube.com\\\/user\\\/srfbkbbm\"]}]}<\/script>\n<!-- \/ Yoast SEO plugin. -->","yoast_head_json":{"title":"Moose, Flechten und Farne - SRFB","description":"Dieser fotoreiche F\u00fchrer erinnert an die Besonderheiten und die gro\u00dfe Vielfalt der Moose, Flechten und Farne, die in unseren W\u00e4ldern allgegenw\u00e4rtig sind.","robots":{"index":"index","follow":"follow","max-snippet":"max-snippet:-1","max-image-preview":"max-image-preview:large","max-video-preview":"max-video-preview:-1"},"canonical":"https:\/\/srfb.be\/de\/forest-shop\/les-mousses-les-lichens-et-les-fougeres-ces-meconnus-essentiels-a-la-foret\/","og_locale":"de_DE","og_type":"article","og_title":"Les mousses, les lichens et les foug\u00e8res - SRFB","og_description":"Ce guide riche en photos rappelle les sp\u00e9cificit\u00e9s et grande diversit\u00e9 des mousses, les lichens et les foug\u00e8res qui sont omnipr\u00e9sents dans nos for\u00eats.","og_url":"https:\/\/srfb.be\/de\/forest-shop\/les-mousses-les-lichens-et-les-fougeres-ces-meconnus-essentiels-a-la-foret\/","og_site_name":"Soci\u00e9t\u00e9 Royale Foresti\u00e8re de Belgique","article_publisher":"https:\/\/www.facebook.com\/srfb.be","article_modified_time":"2026-03-03T16:00:09+00:00","og_image":[{"width":871,"height":1251,"url":"https:\/\/srfb.be\/wp-content\/uploads\/2020\/10\/Les-mousses.jpg","type":"image\/jpeg"}],"schema":{"@context":"https:\/\/schema.org","@graph":[{"@type":"WebPage","@id":"https:\/\/srfb.be\/nl\/forest-shop\/les-mousses-les-lichens-et-les-fougeres-ces-meconnus-essentiels-a-la-foret\/","url":"https:\/\/srfb.be\/nl\/forest-shop\/les-mousses-les-lichens-et-les-fougeres-ces-meconnus-essentiels-a-la-foret\/","name":"Moose, Flechten und Farne - SRFB","isPartOf":{"@id":"https:\/\/srfb.be\/#website"},"primaryImageOfPage":{"@id":"https:\/\/srfb.be\/nl\/forest-shop\/les-mousses-les-lichens-et-les-fougeres-ces-meconnus-essentiels-a-la-foret\/#primaryimage"},"image":{"@id":"https:\/\/srfb.be\/nl\/forest-shop\/les-mousses-les-lichens-et-les-fougeres-ces-meconnus-essentiels-a-la-foret\/#primaryimage"},"thumbnailUrl":"https:\/\/srfb.be\/wp-content\/uploads\/2020\/10\/Les-mousses.jpg","datePublished":"2020-10-06T16:17:59+00:00","dateModified":"2026-03-03T16:00:09+00:00","description":"Dieser fotoreiche F\u00fchrer erinnert an die Besonderheiten und die gro\u00dfe Vielfalt der Moose, Flechten und Farne, die in unseren W\u00e4ldern allgegenw\u00e4rtig sind.","breadcrumb":{"@id":"https:\/\/srfb.be\/nl\/forest-shop\/les-mousses-les-lichens-et-les-fougeres-ces-meconnus-essentiels-a-la-foret\/#breadcrumb"},"inLanguage":"de","potentialAction":[{"@type":"ReadAction","target":["https:\/\/srfb.be\/nl\/forest-shop\/les-mousses-les-lichens-et-les-fougeres-ces-meconnus-essentiels-a-la-foret\/"]}]},{"@type":"ImageObject","inLanguage":"de","@id":"https:\/\/srfb.be\/nl\/forest-shop\/les-mousses-les-lichens-et-les-fougeres-ces-meconnus-essentiels-a-la-foret\/#primaryimage","url":"https:\/\/srfb.be\/wp-content\/uploads\/2020\/10\/Les-mousses.jpg","contentUrl":"https:\/\/srfb.be\/wp-content\/uploads\/2020\/10\/Les-mousses.jpg","width":871,"height":1251},{"@type":"BreadcrumbList","@id":"https:\/\/srfb.be\/nl\/forest-shop\/les-mousses-les-lichens-et-les-fougeres-ces-meconnus-essentiels-a-la-foret\/#breadcrumb","itemListElement":[{"@type":"ListItem","position":1,"name":"Accueil","item":"https:\/\/srfb.be\/en\/"},{"@type":"ListItem","position":2,"name":"Produkte","item":"https:\/\/srfb.be\/de\/shop\/"},{"@type":"ListItem","position":3,"name":"Les mousses, les lichens et les foug\u00e8res, ces m\u00e9connus essentiels \u00e0 la for\u00eat"}]},{"@type":"WebSite","@id":"https:\/\/srfb.be\/#website","url":"https:\/\/srfb.be\/","name":"K\u00f6nigliche Forstverein Belgiens","description":"Im Dienste des Waldes und der F\u00f6rster","publisher":{"@id":"https:\/\/srfb.be\/#organization"},"alternateName":"SRFB-KBBM","potentialAction":[{"@type":"SearchAction","target":{"@type":"EntryPoint","urlTemplate":"https:\/\/srfb.be\/?s={search_term_string}"},"query-input":{"@type":"PropertyValueSpecification","valueRequired":true,"valueName":"search_term_string"}}],"inLanguage":"de"},{"@type":"Organization","@id":"https:\/\/srfb.be\/#organization","name":"Soci\u00e9t\u00e9 Royale Foresti\u00e8re De Belgique - Koninklijke Belgische Bosbouwmaatschappij","alternateName":"SRFB-KBBM","url":"https:\/\/srfb.be\/","logo":{"@type":"ImageObject","inLanguage":"de","@id":"https:\/\/srfb.be\/#\/schema\/logo\/image\/","url":"https:\/\/srfb.be\/wp-content\/uploads\/2019\/06\/android-chrome-256x256.png","contentUrl":"https:\/\/srfb.be\/wp-content\/uploads\/2019\/06\/android-chrome-256x256.png","width":1200,"height":1232,"caption":"Soci\u00e9t\u00e9 Royale Foresti\u00e8re De Belgique - Koninklijke Belgische Bosbouwmaatschappij"},"image":{"@id":"https:\/\/srfb.be\/#\/schema\/logo\/image\/"},"sameAs":["https:\/\/www.facebook.com\/srfb.be","https:\/\/www.instagram.com\/srfb_kbbm\/","https:\/\/www.linkedin.com\/company\/srfb-kbbm\/","https:\/\/www.youtube.com\/user\/srfbkbbm"]}]}},"_links":{"self":[{"href":"https:\/\/srfb.be\/de\/wp-json\/wp\/v2\/product\/13956","targetHints":{"allow":["GET"]}}],"collection":[{"href":"https:\/\/srfb.be\/de\/wp-json\/wp\/v2\/product"}],"about":[{"href":"https:\/\/srfb.be\/de\/wp-json\/wp\/v2\/types\/product"}],"replies":[{"embeddable":true,"href":"https:\/\/srfb.be\/de\/wp-json\/wp\/v2\/comments?post=13956"}],"wp:featuredmedia":[{"embeddable":true,"href":"https:\/\/srfb.be\/de\/wp-json\/wp\/v2\/media\/13957"}],"wp:attachment":[{"href":"https:\/\/srfb.be\/de\/wp-json\/wp\/v2\/media?parent=13956"}],"wp:term":[{"taxonomy":"product_brand","embeddable":true,"href":"https:\/\/srfb.be\/de\/wp-json\/wp\/v2\/product_brand?post=13956"},{"taxonomy":"product_cat","embeddable":true,"href":"https:\/\/srfb.be\/de\/wp-json\/wp\/v2\/product_cat?post=13956"},{"taxonomy":"product_tag","embeddable":true,"href":"https:\/\/srfb.be\/de\/wp-json\/wp\/v2\/product_tag?post=13956"}],"curies":[{"name":"wp","href":"https:\/\/api.w.org\/{rel}","templated":true}]}}