{"id":10946,"date":"2020-03-20T15:13:36","date_gmt":"2020-03-20T14:13:36","guid":{"rendered":"https:\/\/new.srfb.be\/?post_type=product&#038;p=10946"},"modified":"2026-03-03T16:56:54","modified_gmt":"2026-03-03T15:56:54","slug":"les-resineux-1","status":"publish","type":"product","link":"https:\/\/srfb.be\/de\/forest-shop\/les-resineux-1\/","title":{"rendered":"Nadelb\u00e4ume - Band 1: Wissen und Anerkennung"},"content":{"rendered":"","protected":false},"excerpt":{"rendered":"<p>Band 1: Wissen und Anerkennung<br \/>\nDer F\u00f6rster, aber auch der Baumliebhaber finden in diesem reich illustrierten Buch eine F\u00fclle von Informationen, die bislang noch nie zusammengetragen wurden. Sie lernen, mehr als 60 Arten anhand ihrer Nadeln, Zapfen, Rinde oder Silhouette zu erkennen.<br \/>\n24 x 16 cm, 256 Seiten<\/p>\n<p>Autoren:\u00a0<strong>Philippe Riou-Nivert<\/strong><br \/>\nHerausgeber :\u00a0<strong>Institut f\u00fcr Waldentwicklung<\/strong><\/p>","protected":false},"featured_media":10947,"comment_status":"open","ping_status":"closed","template":"","meta":{"iawp_total_views":44},"product_brand":[],"product_cat":[690,314],"product_tag":[],"class_list":{"0":"post-10946","1":"product","2":"type-product","3":"status-publish","4":"has-post-thumbnail","6":"product_cat-livres-illustres","7":"product_cat-sylviculture","9":"first","10":"instock","11":"shipping-taxable","12":"purchasable","13":"product-type-simple"},"yoast_head":"<!-- This site is optimized with the Yoast SEO plugin v27.4 - https:\/\/yoast.com\/product\/yoast-seo-wordpress\/ -->\n<title>Les r\u00e9sineux - Tome 1 : connaissance et reconnaissance - SRFB<\/title>\n<meta name=\"description\" content=\"Le forestier mais aussi l\u2019amateur d\u2019arbres trouveront dans cet ouvrage abondamment illustr\u00e9 une mine d\u2019informations, jamais rassembl\u00e9es \u00e0 ce jour.\" \/>\n<meta name=\"robots\" content=\"index, follow, max-snippet:-1, max-image-preview:large, max-video-preview:-1\" \/>\n<link rel=\"canonical\" href=\"https:\/\/srfb.be\/de\/forest-shop\/les-resineux-1\/\" \/>\n<meta property=\"og:locale\" content=\"de_DE\" \/>\n<meta property=\"og:type\" content=\"article\" \/>\n<meta property=\"og:title\" content=\"Les r\u00e9sineux - Tome 1 : connaissance et reconnaissance - SRFB\" \/>\n<meta property=\"og:description\" content=\"Le forestier mais aussi l\u2019amateur d\u2019arbres trouveront dans cet ouvrage abondamment illustr\u00e9 une mine d\u2019informations, jamais rassembl\u00e9es \u00e0 ce jour.\" \/>\n<meta property=\"og:url\" content=\"https:\/\/srfb.be\/de\/forest-shop\/les-resineux-1\/\" \/>\n<meta property=\"og:site_name\" content=\"Soci\u00e9t\u00e9 Royale Foresti\u00e8re de Belgique\" \/>\n<meta property=\"article:publisher\" content=\"https:\/\/www.facebook.com\/srfb.be\" \/>\n<meta property=\"article:modified_time\" content=\"2026-03-03T15:56:54+00:00\" \/>\n<meta property=\"og:image\" content=\"https:\/\/srfb.be\/wp-content\/uploads\/2020\/03\/les-r\u00e9sineux-tome-1.jpg\" \/>\n\t<meta property=\"og:image:width\" content=\"825\" \/>\n\t<meta property=\"og:image:height\" content=\"1317\" \/>\n\t<meta property=\"og:image:type\" content=\"image\/jpeg\" \/>\n<script type=\"application\/ld+json\" class=\"yoast-schema-graph\">{\"@context\":\"https:\\\/\\\/schema.org\",\"@graph\":[{\"@type\":\"WebPage\",\"@id\":\"https:\\\/\\\/srfb.be\\\/de\\\/forest-shop\\\/les-resineux-1\\\/\",\"url\":\"https:\\\/\\\/srfb.be\\\/de\\\/forest-shop\\\/les-resineux-1\\\/\",\"name\":\"Les r\u00e9sineux - Tome 1 : connaissance et reconnaissance - SRFB\",\"isPartOf\":{\"@id\":\"https:\\\/\\\/kbbm.be\\\/en\\\/#website\"},\"primaryImageOfPage\":{\"@id\":\"https:\\\/\\\/srfb.be\\\/de\\\/forest-shop\\\/les-resineux-1\\\/#primaryimage\"},\"image\":{\"@id\":\"https:\\\/\\\/srfb.be\\\/de\\\/forest-shop\\\/les-resineux-1\\\/#primaryimage\"},\"thumbnailUrl\":\"https:\\\/\\\/srfb.be\\\/wp-content\\\/uploads\\\/2020\\\/03\\\/les-r\u00e9sineux-tome-1.jpg\",\"datePublished\":\"2020-03-20T14:13:36+00:00\",\"dateModified\":\"2026-03-03T15:56:54+00:00\",\"description\":\"Le forestier mais aussi l\u2019amateur d\u2019arbres trouveront dans cet ouvrage abondamment illustr\u00e9 une mine d\u2019informations, jamais rassembl\u00e9es \u00e0 ce jour.\",\"breadcrumb\":{\"@id\":\"https:\\\/\\\/srfb.be\\\/de\\\/forest-shop\\\/les-resineux-1\\\/#breadcrumb\"},\"inLanguage\":\"de\",\"potentialAction\":[{\"@type\":\"ReadAction\",\"target\":[\"https:\\\/\\\/srfb.be\\\/de\\\/forest-shop\\\/les-resineux-1\\\/\"]}]},{\"@type\":\"ImageObject\",\"inLanguage\":\"de\",\"@id\":\"https:\\\/\\\/srfb.be\\\/de\\\/forest-shop\\\/les-resineux-1\\\/#primaryimage\",\"url\":\"https:\\\/\\\/srfb.be\\\/wp-content\\\/uploads\\\/2020\\\/03\\\/les-r\u00e9sineux-tome-1.jpg\",\"contentUrl\":\"https:\\\/\\\/srfb.be\\\/wp-content\\\/uploads\\\/2020\\\/03\\\/les-r\u00e9sineux-tome-1.jpg\",\"width\":825,\"height\":1317},{\"@type\":\"BreadcrumbList\",\"@id\":\"https:\\\/\\\/srfb.be\\\/de\\\/forest-shop\\\/les-resineux-1\\\/#breadcrumb\",\"itemListElement\":[{\"@type\":\"ListItem\",\"position\":1,\"name\":\"Accueil\",\"item\":\"https:\\\/\\\/kbbm.be\\\/en\\\/\"},{\"@type\":\"ListItem\",\"position\":2,\"name\":\"Produits\",\"item\":\"https:\\\/\\\/srfb.be\\\/shop\\\/\"},{\"@type\":\"ListItem\",\"position\":3,\"name\":\"Les r\u00e9sineux &#8211; Tome 1 : connaissance et reconnaissance\"}]},{\"@type\":\"WebSite\",\"@id\":\"https:\\\/\\\/kbbm.be\\\/en\\\/#website\",\"url\":\"https:\\\/\\\/kbbm.be\\\/en\\\/\",\"name\":\"Soci\u00e9t\u00e9 Royale Foresti\u00e8re de Belgique\",\"description\":\"Au service de la for\u00eat et des forestiers\",\"publisher\":{\"@id\":\"https:\\\/\\\/kbbm.be\\\/en\\\/#organization\"},\"alternateName\":\"SRFB-KBBM\",\"potentialAction\":[{\"@type\":\"SearchAction\",\"target\":{\"@type\":\"EntryPoint\",\"urlTemplate\":\"https:\\\/\\\/kbbm.be\\\/en\\\/?s={search_term_string}\"},\"query-input\":{\"@type\":\"PropertyValueSpecification\",\"valueRequired\":true,\"valueName\":\"search_term_string\"}}],\"inLanguage\":\"de\"},{\"@type\":\"Organization\",\"@id\":\"https:\\\/\\\/kbbm.be\\\/en\\\/#organization\",\"name\":\"Soci\u00e9t\u00e9 Royale Foresti\u00e8re De Belgique - Koninklijke Belgische Bosbouwmaatschappij\",\"alternateName\":\"SRFB-KBBM\",\"url\":\"https:\\\/\\\/kbbm.be\\\/en\\\/\",\"logo\":{\"@type\":\"ImageObject\",\"inLanguage\":\"de\",\"@id\":\"https:\\\/\\\/kbbm.be\\\/en\\\/#\\\/schema\\\/logo\\\/image\\\/\",\"url\":\"https:\\\/\\\/srfb.be\\\/wp-content\\\/uploads\\\/2019\\\/06\\\/android-chrome-256x256.png\",\"contentUrl\":\"https:\\\/\\\/srfb.be\\\/wp-content\\\/uploads\\\/2019\\\/06\\\/android-chrome-256x256.png\",\"width\":1200,\"height\":1232,\"caption\":\"Soci\u00e9t\u00e9 Royale Foresti\u00e8re De Belgique - Koninklijke Belgische Bosbouwmaatschappij\"},\"image\":{\"@id\":\"https:\\\/\\\/kbbm.be\\\/en\\\/#\\\/schema\\\/logo\\\/image\\\/\"},\"sameAs\":[\"https:\\\/\\\/www.facebook.com\\\/srfb.be\",\"https:\\\/\\\/www.instagram.com\\\/srfb_kbbm\\\/\",\"https:\\\/\\\/www.linkedin.com\\\/company\\\/srfb-kbbm\\\/\",\"https:\\\/\\\/www.youtube.com\\\/user\\\/srfbkbbm\"]}]}<\/script>\n<!-- \/ Yoast SEO plugin. -->","yoast_head_json":{"title":"Nadelb\u00e4ume - Band 1: Wissen und Anerkennung - SRFB","description":"Nicht nur der F\u00f6rster, sondern auch der Baumliebhaber findet in diesem reich illustrierten Buch eine F\u00fclle von Informationen, die bislang noch nie zusammengetragen wurden.","robots":{"index":"index","follow":"follow","max-snippet":"max-snippet:-1","max-image-preview":"max-image-preview:large","max-video-preview":"max-video-preview:-1"},"canonical":"https:\/\/srfb.be\/de\/forest-shop\/les-resineux-1\/","og_locale":"de_DE","og_type":"article","og_title":"Les r\u00e9sineux - Tome 1 : connaissance et reconnaissance - SRFB","og_description":"Le forestier mais aussi l\u2019amateur d\u2019arbres trouveront dans cet ouvrage abondamment illustr\u00e9 une mine d\u2019informations, jamais rassembl\u00e9es \u00e0 ce jour.","og_url":"https:\/\/srfb.be\/de\/forest-shop\/les-resineux-1\/","og_site_name":"Soci\u00e9t\u00e9 Royale Foresti\u00e8re de Belgique","article_publisher":"https:\/\/www.facebook.com\/srfb.be","article_modified_time":"2026-03-03T15:56:54+00:00","og_image":[{"width":825,"height":1317,"url":"https:\/\/srfb.be\/wp-content\/uploads\/2020\/03\/les-r\u00e9sineux-tome-1.jpg","type":"image\/jpeg"}],"schema":{"@context":"https:\/\/schema.org","@graph":[{"@type":"WebPage","@id":"https:\/\/srfb.be\/de\/forest-shop\/les-resineux-1\/","url":"https:\/\/srfb.be\/de\/forest-shop\/les-resineux-1\/","name":"Nadelb\u00e4ume - Band 1: Wissen und Anerkennung - SRFB","isPartOf":{"@id":"https:\/\/kbbm.be\/en\/#website"},"primaryImageOfPage":{"@id":"https:\/\/srfb.be\/de\/forest-shop\/les-resineux-1\/#primaryimage"},"image":{"@id":"https:\/\/srfb.be\/de\/forest-shop\/les-resineux-1\/#primaryimage"},"thumbnailUrl":"https:\/\/srfb.be\/wp-content\/uploads\/2020\/03\/les-r\u00e9sineux-tome-1.jpg","datePublished":"2020-03-20T14:13:36+00:00","dateModified":"2026-03-03T15:56:54+00:00","description":"Nicht nur der F\u00f6rster, sondern auch der Baumliebhaber findet in diesem reich illustrierten Buch eine F\u00fclle von Informationen, die bislang noch nie zusammengetragen wurden.","breadcrumb":{"@id":"https:\/\/srfb.be\/de\/forest-shop\/les-resineux-1\/#breadcrumb"},"inLanguage":"de","potentialAction":[{"@type":"ReadAction","target":["https:\/\/srfb.be\/de\/forest-shop\/les-resineux-1\/"]}]},{"@type":"ImageObject","inLanguage":"de","@id":"https:\/\/srfb.be\/de\/forest-shop\/les-resineux-1\/#primaryimage","url":"https:\/\/srfb.be\/wp-content\/uploads\/2020\/03\/les-r\u00e9sineux-tome-1.jpg","contentUrl":"https:\/\/srfb.be\/wp-content\/uploads\/2020\/03\/les-r\u00e9sineux-tome-1.jpg","width":825,"height":1317},{"@type":"BreadcrumbList","@id":"https:\/\/srfb.be\/de\/forest-shop\/les-resineux-1\/#breadcrumb","itemListElement":[{"@type":"ListItem","position":1,"name":"Accueil","item":"https:\/\/kbbm.be\/en\/"},{"@type":"ListItem","position":2,"name":"Produits","item":"https:\/\/srfb.be\/shop\/"},{"@type":"ListItem","position":3,"name":"Les r\u00e9sineux &#8211; Tome 1 : connaissance et reconnaissance"}]},{"@type":"WebSite","@id":"https:\/\/kbbm.be\/en\/#website","url":"https:\/\/kbbm.be\/en\/","name":"K\u00f6nigliche Forstverein Belgiens","description":"Im Dienste des Waldes und der F\u00f6rster","publisher":{"@id":"https:\/\/kbbm.be\/en\/#organization"},"alternateName":"SRFB-KBBM","potentialAction":[{"@type":"SearchAction","target":{"@type":"EntryPoint","urlTemplate":"https:\/\/kbbm.be\/en\/?s={search_term_string}"},"query-input":{"@type":"PropertyValueSpecification","valueRequired":true,"valueName":"search_term_string"}}],"inLanguage":"de"},{"@type":"Organization","@id":"https:\/\/kbbm.be\/en\/#organization","name":"Soci\u00e9t\u00e9 Royale Foresti\u00e8re De Belgique - Koninklijke Belgische Bosbouwmaatschappij","alternateName":"SRFB-KBBM","url":"https:\/\/kbbm.be\/en\/","logo":{"@type":"ImageObject","inLanguage":"de","@id":"https:\/\/kbbm.be\/en\/#\/schema\/logo\/image\/","url":"https:\/\/srfb.be\/wp-content\/uploads\/2019\/06\/android-chrome-256x256.png","contentUrl":"https:\/\/srfb.be\/wp-content\/uploads\/2019\/06\/android-chrome-256x256.png","width":1200,"height":1232,"caption":"Soci\u00e9t\u00e9 Royale Foresti\u00e8re De Belgique - Koninklijke Belgische Bosbouwmaatschappij"},"image":{"@id":"https:\/\/kbbm.be\/en\/#\/schema\/logo\/image\/"},"sameAs":["https:\/\/www.facebook.com\/srfb.be","https:\/\/www.instagram.com\/srfb_kbbm\/","https:\/\/www.linkedin.com\/company\/srfb-kbbm\/","https:\/\/www.youtube.com\/user\/srfbkbbm"]}]}},"_links":{"self":[{"href":"https:\/\/srfb.be\/de\/wp-json\/wp\/v2\/product\/10946","targetHints":{"allow":["GET"]}}],"collection":[{"href":"https:\/\/srfb.be\/de\/wp-json\/wp\/v2\/product"}],"about":[{"href":"https:\/\/srfb.be\/de\/wp-json\/wp\/v2\/types\/product"}],"replies":[{"embeddable":true,"href":"https:\/\/srfb.be\/de\/wp-json\/wp\/v2\/comments?post=10946"}],"wp:featuredmedia":[{"embeddable":true,"href":"https:\/\/srfb.be\/de\/wp-json\/wp\/v2\/media\/10947"}],"wp:attachment":[{"href":"https:\/\/srfb.be\/de\/wp-json\/wp\/v2\/media?parent=10946"}],"wp:term":[{"taxonomy":"product_brand","embeddable":true,"href":"https:\/\/srfb.be\/de\/wp-json\/wp\/v2\/product_brand?post=10946"},{"taxonomy":"product_cat","embeddable":true,"href":"https:\/\/srfb.be\/de\/wp-json\/wp\/v2\/product_cat?post=10946"},{"taxonomy":"product_tag","embeddable":true,"href":"https:\/\/srfb.be\/de\/wp-json\/wp\/v2\/product_tag?post=10946"}],"curies":[{"name":"wp","href":"https:\/\/api.w.org\/{rel}","templated":true}]}}