{"id":10941,"date":"2020-03-20T15:11:51","date_gmt":"2020-03-20T14:11:51","guid":{"rendered":"https:\/\/new.srfb.be\/?post_type=product&#038;p=10941"},"modified":"2026-03-03T16:57:13","modified_gmt":"2026-03-03T15:57:13","slug":"les-resineux-2","status":"publish","type":"product","link":"https:\/\/srfb.be\/de\/forest-shop\/les-resineux-2\/","title":{"rendered":"Nadelb\u00e4ume - Band 2: \u00d6kologie und Pathologie"},"content":{"rendered":"","protected":false},"excerpt":{"rendered":"<p>Band 2: \u00d6kologie und Pathologie<br \/>\nMit Hilfe eines klaren Textes und einer au\u00dfergew\u00f6hnlichen Ikonografie kann die breite \u00d6ffentlichkeit das wahre Gesicht der Nadelb\u00e4ume entdecken. Der Naturforscher findet hier Tier- und Pflanzenarten, die oft emblematisch und liebenswert sind.<br \/>\nDer Forscher wird eine geordnete Zusammenfassung der neuesten \u00f6kologischen Arbeiten zu sch\u00e4tzen wissen. Der Forstwirt erh\u00e4lt alle notwendigen Hintergrundinformationen, um \u00f6kologische Parameter in eine nachhaltige Bewirtschaftung einzubeziehen.<br \/>\n24 x 16 cm, 400 Seiten<\/p>\n<p>Autoren:\u00a0<strong>Philippe Riou-Nivert<\/strong><br \/>\nHerausgeber :\u00a0<strong>Institut f\u00fcr Waldentwicklung<\/strong><\/p>","protected":false},"featured_media":10942,"comment_status":"open","ping_status":"closed","template":"","meta":{"iawp_total_views":79},"product_brand":[],"product_cat":[690,314],"product_tag":[],"class_list":{"0":"post-10941","1":"product","2":"type-product","3":"status-publish","4":"has-post-thumbnail","6":"product_cat-livres-illustres","7":"product_cat-sylviculture","9":"first","10":"instock","11":"shipping-taxable","12":"purchasable","13":"product-type-simple"},"yoast_head":"<!-- This site is optimized with the Yoast SEO plugin v27.3 - https:\/\/yoast.com\/product\/yoast-seo-wordpress\/ -->\n<title>Les r\u00e9sineux - Tome 2 : \u00e9cologie et pathologie - SRFB<\/title>\n<meta name=\"description\" content=\"Au travers d\u2019un texte clair et d\u2019une iconographie exceptionnelle, le grand public y d\u00e9couvrira le vrai visage des r\u00e9sineux.\" \/>\n<meta name=\"robots\" content=\"index, follow, max-snippet:-1, max-image-preview:large, max-video-preview:-1\" \/>\n<link rel=\"canonical\" href=\"https:\/\/kbbm.be\/en\/forest-shop\/les-resineux-2\/\" \/>\n<meta property=\"og:locale\" content=\"de_DE\" \/>\n<meta property=\"og:type\" content=\"article\" \/>\n<meta property=\"og:title\" content=\"Les r\u00e9sineux - Tome 2 : \u00e9cologie et pathologie - SRFB\" \/>\n<meta property=\"og:description\" content=\"Au travers d\u2019un texte clair et d\u2019une iconographie exceptionnelle, le grand public y d\u00e9couvrira le vrai visage des r\u00e9sineux.\" \/>\n<meta property=\"og:url\" content=\"https:\/\/kbbm.be\/en\/forest-shop\/les-resineux-2\/\" \/>\n<meta property=\"og:site_name\" content=\"Soci\u00e9t\u00e9 Royale Foresti\u00e8re de Belgique\" \/>\n<meta property=\"article:publisher\" content=\"https:\/\/www.facebook.com\/srfb.be\" \/>\n<meta property=\"article:modified_time\" content=\"2026-03-03T15:57:13+00:00\" \/>\n<meta property=\"og:image\" content=\"https:\/\/kbbm.be\/wp-content\/uploads\/2020\/03\/R\u00e9sineux-tome-II.jpg\" \/>\n\t<meta property=\"og:image:width\" content=\"930\" \/>\n\t<meta property=\"og:image:height\" content=\"1366\" \/>\n\t<meta property=\"og:image:type\" content=\"image\/jpeg\" \/>\n<script type=\"application\/ld+json\" class=\"yoast-schema-graph\">{\"@context\":\"https:\\\/\\\/schema.org\",\"@graph\":[{\"@type\":\"WebPage\",\"@id\":\"https:\\\/\\\/kbbm.be\\\/en\\\/forest-shop\\\/les-resineux-2\\\/\",\"url\":\"https:\\\/\\\/kbbm.be\\\/en\\\/forest-shop\\\/les-resineux-2\\\/\",\"name\":\"Les r\u00e9sineux - Tome 2 : \u00e9cologie et pathologie - SRFB\",\"isPartOf\":{\"@id\":\"https:\\\/\\\/srfb.be\\\/de\\\/#website\"},\"primaryImageOfPage\":{\"@id\":\"https:\\\/\\\/kbbm.be\\\/en\\\/forest-shop\\\/les-resineux-2\\\/#primaryimage\"},\"image\":{\"@id\":\"https:\\\/\\\/kbbm.be\\\/en\\\/forest-shop\\\/les-resineux-2\\\/#primaryimage\"},\"thumbnailUrl\":\"https:\\\/\\\/srfb.be\\\/wp-content\\\/uploads\\\/2020\\\/03\\\/R\u00e9sineux-tome-II.jpg\",\"datePublished\":\"2020-03-20T14:11:51+00:00\",\"dateModified\":\"2026-03-03T15:57:13+00:00\",\"description\":\"Au travers d\u2019un texte clair et d\u2019une iconographie exceptionnelle, le grand public y d\u00e9couvrira le vrai visage des r\u00e9sineux.\",\"breadcrumb\":{\"@id\":\"https:\\\/\\\/kbbm.be\\\/en\\\/forest-shop\\\/les-resineux-2\\\/#breadcrumb\"},\"inLanguage\":\"de\",\"potentialAction\":[{\"@type\":\"ReadAction\",\"target\":[\"https:\\\/\\\/kbbm.be\\\/en\\\/forest-shop\\\/les-resineux-2\\\/\"]}]},{\"@type\":\"ImageObject\",\"inLanguage\":\"de\",\"@id\":\"https:\\\/\\\/kbbm.be\\\/en\\\/forest-shop\\\/les-resineux-2\\\/#primaryimage\",\"url\":\"https:\\\/\\\/srfb.be\\\/wp-content\\\/uploads\\\/2020\\\/03\\\/R\u00e9sineux-tome-II.jpg\",\"contentUrl\":\"https:\\\/\\\/srfb.be\\\/wp-content\\\/uploads\\\/2020\\\/03\\\/R\u00e9sineux-tome-II.jpg\",\"width\":930,\"height\":1366},{\"@type\":\"BreadcrumbList\",\"@id\":\"https:\\\/\\\/kbbm.be\\\/en\\\/forest-shop\\\/les-resineux-2\\\/#breadcrumb\",\"itemListElement\":[{\"@type\":\"ListItem\",\"position\":1,\"name\":\"Accueil\",\"item\":\"https:\\\/\\\/srfb.be\\\/de\\\/\"},{\"@type\":\"ListItem\",\"position\":2,\"name\":\"Produkte\",\"item\":\"https:\\\/\\\/srfb.be\\\/de\\\/shop\\\/\"},{\"@type\":\"ListItem\",\"position\":3,\"name\":\"Les r\u00e9sineux &#8211; Tome 2 : \u00e9cologie et pathologie\"}]},{\"@type\":\"WebSite\",\"@id\":\"https:\\\/\\\/srfb.be\\\/de\\\/#website\",\"url\":\"https:\\\/\\\/srfb.be\\\/de\\\/\",\"name\":\"Soci\u00e9t\u00e9 Royale Foresti\u00e8re de Belgique\",\"description\":\"Au service de la for\u00eat et des forestiers\",\"publisher\":{\"@id\":\"https:\\\/\\\/srfb.be\\\/de\\\/#organization\"},\"alternateName\":\"SRFB-KBBM\",\"potentialAction\":[{\"@type\":\"SearchAction\",\"target\":{\"@type\":\"EntryPoint\",\"urlTemplate\":\"https:\\\/\\\/srfb.be\\\/de\\\/?s={search_term_string}\"},\"query-input\":{\"@type\":\"PropertyValueSpecification\",\"valueRequired\":true,\"valueName\":\"search_term_string\"}}],\"inLanguage\":\"de\"},{\"@type\":\"Organization\",\"@id\":\"https:\\\/\\\/srfb.be\\\/de\\\/#organization\",\"name\":\"Soci\u00e9t\u00e9 Royale Foresti\u00e8re De Belgique - Koninklijke Belgische Bosbouwmaatschappij\",\"alternateName\":\"SRFB-KBBM\",\"url\":\"https:\\\/\\\/srfb.be\\\/de\\\/\",\"logo\":{\"@type\":\"ImageObject\",\"inLanguage\":\"de\",\"@id\":\"https:\\\/\\\/srfb.be\\\/de\\\/#\\\/schema\\\/logo\\\/image\\\/\",\"url\":\"https:\\\/\\\/srfb.be\\\/wp-content\\\/uploads\\\/2019\\\/06\\\/android-chrome-256x256.png\",\"contentUrl\":\"https:\\\/\\\/srfb.be\\\/wp-content\\\/uploads\\\/2019\\\/06\\\/android-chrome-256x256.png\",\"width\":1200,\"height\":1232,\"caption\":\"Soci\u00e9t\u00e9 Royale Foresti\u00e8re De Belgique - Koninklijke Belgische Bosbouwmaatschappij\"},\"image\":{\"@id\":\"https:\\\/\\\/srfb.be\\\/de\\\/#\\\/schema\\\/logo\\\/image\\\/\"},\"sameAs\":[\"https:\\\/\\\/www.facebook.com\\\/srfb.be\",\"https:\\\/\\\/www.instagram.com\\\/srfb_kbbm\\\/\",\"https:\\\/\\\/www.linkedin.com\\\/company\\\/srfb-kbbm\\\/\",\"https:\\\/\\\/www.youtube.com\\\/user\\\/srfbkbbm\"]}]}<\/script>\n<!-- \/ Yoast SEO plugin. -->","yoast_head_json":{"title":"Nadelb\u00e4ume - Band 2: \u00d6kologie und Pathologie - SRFB","description":"Mit Hilfe eines klaren Textes und einer au\u00dfergew\u00f6hnlichen Ikonografie wird die breite \u00d6ffentlichkeit das wahre Gesicht der Nadelb\u00e4ume entdecken.","robots":{"index":"index","follow":"follow","max-snippet":"max-snippet:-1","max-image-preview":"max-image-preview:large","max-video-preview":"max-video-preview:-1"},"canonical":"https:\/\/kbbm.be\/en\/forest-shop\/les-resineux-2\/","og_locale":"de_DE","og_type":"article","og_title":"Les r\u00e9sineux - Tome 2 : \u00e9cologie et pathologie - SRFB","og_description":"Au travers d\u2019un texte clair et d\u2019une iconographie exceptionnelle, le grand public y d\u00e9couvrira le vrai visage des r\u00e9sineux.","og_url":"https:\/\/kbbm.be\/en\/forest-shop\/les-resineux-2\/","og_site_name":"Soci\u00e9t\u00e9 Royale Foresti\u00e8re de Belgique","article_publisher":"https:\/\/www.facebook.com\/srfb.be","article_modified_time":"2026-03-03T15:57:13+00:00","og_image":[{"width":930,"height":1366,"url":"https:\/\/kbbm.be\/wp-content\/uploads\/2020\/03\/R\u00e9sineux-tome-II.jpg","type":"image\/jpeg"}],"schema":{"@context":"https:\/\/schema.org","@graph":[{"@type":"WebPage","@id":"https:\/\/kbbm.be\/en\/forest-shop\/les-resineux-2\/","url":"https:\/\/kbbm.be\/en\/forest-shop\/les-resineux-2\/","name":"Nadelb\u00e4ume - Band 2: \u00d6kologie und Pathologie - SRFB","isPartOf":{"@id":"https:\/\/srfb.be\/de\/#website"},"primaryImageOfPage":{"@id":"https:\/\/kbbm.be\/en\/forest-shop\/les-resineux-2\/#primaryimage"},"image":{"@id":"https:\/\/kbbm.be\/en\/forest-shop\/les-resineux-2\/#primaryimage"},"thumbnailUrl":"https:\/\/srfb.be\/wp-content\/uploads\/2020\/03\/R\u00e9sineux-tome-II.jpg","datePublished":"2020-03-20T14:11:51+00:00","dateModified":"2026-03-03T15:57:13+00:00","description":"Mit Hilfe eines klaren Textes und einer au\u00dfergew\u00f6hnlichen Ikonografie wird die breite \u00d6ffentlichkeit das wahre Gesicht der Nadelb\u00e4ume entdecken.","breadcrumb":{"@id":"https:\/\/kbbm.be\/en\/forest-shop\/les-resineux-2\/#breadcrumb"},"inLanguage":"de","potentialAction":[{"@type":"ReadAction","target":["https:\/\/kbbm.be\/en\/forest-shop\/les-resineux-2\/"]}]},{"@type":"ImageObject","inLanguage":"de","@id":"https:\/\/kbbm.be\/en\/forest-shop\/les-resineux-2\/#primaryimage","url":"https:\/\/srfb.be\/wp-content\/uploads\/2020\/03\/R\u00e9sineux-tome-II.jpg","contentUrl":"https:\/\/srfb.be\/wp-content\/uploads\/2020\/03\/R\u00e9sineux-tome-II.jpg","width":930,"height":1366},{"@type":"BreadcrumbList","@id":"https:\/\/kbbm.be\/en\/forest-shop\/les-resineux-2\/#breadcrumb","itemListElement":[{"@type":"ListItem","position":1,"name":"Accueil","item":"https:\/\/srfb.be\/de\/"},{"@type":"ListItem","position":2,"name":"Produkte","item":"https:\/\/srfb.be\/de\/shop\/"},{"@type":"ListItem","position":3,"name":"Les r\u00e9sineux &#8211; Tome 2 : \u00e9cologie et pathologie"}]},{"@type":"WebSite","@id":"https:\/\/srfb.be\/de\/#website","url":"https:\/\/srfb.be\/de\/","name":"K\u00f6nigliche Forstverein Belgiens","description":"Im Dienste des Waldes und der F\u00f6rster","publisher":{"@id":"https:\/\/srfb.be\/de\/#organization"},"alternateName":"SRFB-KBBM","potentialAction":[{"@type":"SearchAction","target":{"@type":"EntryPoint","urlTemplate":"https:\/\/srfb.be\/de\/?s={search_term_string}"},"query-input":{"@type":"PropertyValueSpecification","valueRequired":true,"valueName":"search_term_string"}}],"inLanguage":"de"},{"@type":"Organization","@id":"https:\/\/srfb.be\/de\/#organization","name":"Soci\u00e9t\u00e9 Royale Foresti\u00e8re De Belgique - Koninklijke Belgische Bosbouwmaatschappij","alternateName":"SRFB-KBBM","url":"https:\/\/srfb.be\/de\/","logo":{"@type":"ImageObject","inLanguage":"de","@id":"https:\/\/srfb.be\/de\/#\/schema\/logo\/image\/","url":"https:\/\/srfb.be\/wp-content\/uploads\/2019\/06\/android-chrome-256x256.png","contentUrl":"https:\/\/srfb.be\/wp-content\/uploads\/2019\/06\/android-chrome-256x256.png","width":1200,"height":1232,"caption":"Soci\u00e9t\u00e9 Royale Foresti\u00e8re De Belgique - Koninklijke Belgische Bosbouwmaatschappij"},"image":{"@id":"https:\/\/srfb.be\/de\/#\/schema\/logo\/image\/"},"sameAs":["https:\/\/www.facebook.com\/srfb.be","https:\/\/www.instagram.com\/srfb_kbbm\/","https:\/\/www.linkedin.com\/company\/srfb-kbbm\/","https:\/\/www.youtube.com\/user\/srfbkbbm"]}]}},"_links":{"self":[{"href":"https:\/\/srfb.be\/de\/wp-json\/wp\/v2\/product\/10941","targetHints":{"allow":["GET"]}}],"collection":[{"href":"https:\/\/srfb.be\/de\/wp-json\/wp\/v2\/product"}],"about":[{"href":"https:\/\/srfb.be\/de\/wp-json\/wp\/v2\/types\/product"}],"replies":[{"embeddable":true,"href":"https:\/\/srfb.be\/de\/wp-json\/wp\/v2\/comments?post=10941"}],"wp:featuredmedia":[{"embeddable":true,"href":"https:\/\/srfb.be\/de\/wp-json\/wp\/v2\/media\/10942"}],"wp:attachment":[{"href":"https:\/\/srfb.be\/de\/wp-json\/wp\/v2\/media?parent=10941"}],"wp:term":[{"taxonomy":"product_brand","embeddable":true,"href":"https:\/\/srfb.be\/de\/wp-json\/wp\/v2\/product_brand?post=10941"},{"taxonomy":"product_cat","embeddable":true,"href":"https:\/\/srfb.be\/de\/wp-json\/wp\/v2\/product_cat?post=10941"},{"taxonomy":"product_tag","embeddable":true,"href":"https:\/\/srfb.be\/de\/wp-json\/wp\/v2\/product_tag?post=10941"}],"curies":[{"name":"wp","href":"https:\/\/api.w.org\/{rel}","templated":true}]}}