{"id":10936,"date":"2020-03-20T15:09:40","date_gmt":"2020-03-20T14:09:40","guid":{"rendered":"https:\/\/new.srfb.be\/?post_type=product&#038;p=10936"},"modified":"2026-03-03T16:56:35","modified_gmt":"2026-03-03T15:56:35","slug":"les-resineux-3","status":"publish","type":"product","link":"https:\/\/srfb.be\/de\/forest-shop\/les-resineux-3\/","title":{"rendered":"Nadelb\u00e4ume - Band 3: Holz, Verwendung, Wirtschaft"},"content":{"rendered":"","protected":false},"excerpt":{"rendered":"<p>Band 3: Holz, Verwendung, Wirtschaft<br \/>\nNadelh\u00f6lzer sind die S\u00e4ulen des weltweiten Holzhandels. In Frankreich dominieren sie den Markt bei weitem. Was sind die Gr\u00fcnde f\u00fcr diese Begeisterung? Welche Prognosen lassen sich f\u00fcr die Zukunft aufstellen?<br \/>\nDer dritte Band beantwortet diese Fragen auf klare, einfache und umfassende Weise. Nachdem er sich mit dem Begriff der Qualit\u00e4t auseinandergesetzt hat, gibt er einen \u00dcberblick \u00fcber alle Verwendungsm\u00f6glichkeiten, die \u00e4u\u00dferst vielf\u00e4ltig sind und sich st\u00e4ndig weiterentwickeln: Zimmerei, Schreinerei, Verpackung, Papier, aber auch Energie,...<br \/>\n24 x 17 cm, 344 Seiten<\/p>\n<p>Autoren:\u00a0<strong>Philippe Riou-Nivert<\/strong><br \/>\nHerausgeber :\u00a0<strong>CNPF<\/strong><\/p>","protected":false},"featured_media":10939,"comment_status":"open","ping_status":"closed","template":"","meta":{"iawp_total_views":67},"product_brand":[],"product_cat":[690,314],"product_tag":[],"class_list":{"0":"post-10936","1":"product","2":"type-product","3":"status-publish","4":"has-post-thumbnail","6":"product_cat-livres-illustres","7":"product_cat-sylviculture","9":"first","10":"instock","11":"shipping-taxable","12":"purchasable","13":"product-type-simple"},"yoast_head":"<!-- This site is optimized with the Yoast SEO plugin v27.3 - https:\/\/yoast.com\/product\/yoast-seo-wordpress\/ -->\n<title>Les r\u00e9sineux - Tome 3 : bois, utilisations, \u00e9conomie - SRFB<\/title>\n<meta name=\"description\" content=\"Les r\u00e9sineux sont les piliers du commerce mondial du bois. En France, ils dominent largement le march\u00e9. Quelles prospectives peut-on faire sur l\u2019avenir ?\" \/>\n<meta name=\"robots\" content=\"index, follow, max-snippet:-1, max-image-preview:large, max-video-preview:-1\" \/>\n<link rel=\"canonical\" href=\"https:\/\/srfb.be\/de\/forest-shop\/les-resineux-3\/\" \/>\n<meta property=\"og:locale\" content=\"de_DE\" \/>\n<meta property=\"og:type\" content=\"article\" \/>\n<meta property=\"og:title\" content=\"Les r\u00e9sineux - Tome 3 : bois, utilisations, \u00e9conomie - SRFB\" \/>\n<meta property=\"og:description\" content=\"Les r\u00e9sineux sont les piliers du commerce mondial du bois. En France, ils dominent largement le march\u00e9. Quelles prospectives peut-on faire sur l\u2019avenir ?\" \/>\n<meta property=\"og:url\" content=\"https:\/\/srfb.be\/de\/forest-shop\/les-resineux-3\/\" \/>\n<meta property=\"og:site_name\" content=\"Soci\u00e9t\u00e9 Royale Foresti\u00e8re de Belgique\" \/>\n<meta property=\"article:publisher\" content=\"https:\/\/www.facebook.com\/srfb.be\" \/>\n<meta property=\"article:modified_time\" content=\"2026-03-03T15:56:35+00:00\" \/>\n<meta property=\"og:image\" content=\"https:\/\/srfb.be\/wp-content\/uploads\/2020\/03\/r\u00e9sineux-tome-3-scaled.jpg\" \/>\n\t<meta property=\"og:image:width\" content=\"1146\" \/>\n\t<meta property=\"og:image:height\" content=\"1700\" \/>\n\t<meta property=\"og:image:type\" content=\"image\/jpeg\" \/>\n<script type=\"application\/ld+json\" class=\"yoast-schema-graph\">{\"@context\":\"https:\\\/\\\/schema.org\",\"@graph\":[{\"@type\":\"WebPage\",\"@id\":\"https:\\\/\\\/srfb.be\\\/forest-shop\\\/les-resineux-3\\\/\",\"url\":\"https:\\\/\\\/srfb.be\\\/forest-shop\\\/les-resineux-3\\\/\",\"name\":\"Les r\u00e9sineux - Tome 3 : bois, utilisations, \u00e9conomie - SRFB\",\"isPartOf\":{\"@id\":\"https:\\\/\\\/srfb.be\\\/de\\\/#website\"},\"primaryImageOfPage\":{\"@id\":\"https:\\\/\\\/srfb.be\\\/forest-shop\\\/les-resineux-3\\\/#primaryimage\"},\"image\":{\"@id\":\"https:\\\/\\\/srfb.be\\\/forest-shop\\\/les-resineux-3\\\/#primaryimage\"},\"thumbnailUrl\":\"https:\\\/\\\/srfb.be\\\/wp-content\\\/uploads\\\/2020\\\/03\\\/r\u00e9sineux-tome-3-scaled.jpg\",\"datePublished\":\"2020-03-20T14:09:40+00:00\",\"dateModified\":\"2026-03-03T15:56:35+00:00\",\"description\":\"Les r\u00e9sineux sont les piliers du commerce mondial du bois. En France, ils dominent largement le march\u00e9. Quelles prospectives peut-on faire sur l\u2019avenir ?\",\"breadcrumb\":{\"@id\":\"https:\\\/\\\/srfb.be\\\/forest-shop\\\/les-resineux-3\\\/#breadcrumb\"},\"inLanguage\":\"de\",\"potentialAction\":[{\"@type\":\"ReadAction\",\"target\":[\"https:\\\/\\\/srfb.be\\\/forest-shop\\\/les-resineux-3\\\/\"]}]},{\"@type\":\"ImageObject\",\"inLanguage\":\"de\",\"@id\":\"https:\\\/\\\/srfb.be\\\/forest-shop\\\/les-resineux-3\\\/#primaryimage\",\"url\":\"https:\\\/\\\/srfb.be\\\/wp-content\\\/uploads\\\/2020\\\/03\\\/r\u00e9sineux-tome-3-scaled.jpg\",\"contentUrl\":\"https:\\\/\\\/srfb.be\\\/wp-content\\\/uploads\\\/2020\\\/03\\\/r\u00e9sineux-tome-3-scaled.jpg\",\"width\":1146,\"height\":1700},{\"@type\":\"BreadcrumbList\",\"@id\":\"https:\\\/\\\/srfb.be\\\/forest-shop\\\/les-resineux-3\\\/#breadcrumb\",\"itemListElement\":[{\"@type\":\"ListItem\",\"position\":1,\"name\":\"Accueil\",\"item\":\"https:\\\/\\\/srfb.be\\\/de\\\/\"},{\"@type\":\"ListItem\",\"position\":2,\"name\":\"Produkte\",\"item\":\"https:\\\/\\\/srfb.be\\\/de\\\/shop\\\/\"},{\"@type\":\"ListItem\",\"position\":3,\"name\":\"Les r\u00e9sineux &#8211; Tome 3 : bois, utilisations, \u00e9conomie\"}]},{\"@type\":\"WebSite\",\"@id\":\"https:\\\/\\\/srfb.be\\\/de\\\/#website\",\"url\":\"https:\\\/\\\/srfb.be\\\/de\\\/\",\"name\":\"Soci\u00e9t\u00e9 Royale Foresti\u00e8re de Belgique\",\"description\":\"Au service de la for\u00eat et des forestiers\",\"publisher\":{\"@id\":\"https:\\\/\\\/srfb.be\\\/de\\\/#organization\"},\"alternateName\":\"SRFB-KBBM\",\"potentialAction\":[{\"@type\":\"SearchAction\",\"target\":{\"@type\":\"EntryPoint\",\"urlTemplate\":\"https:\\\/\\\/srfb.be\\\/de\\\/?s={search_term_string}\"},\"query-input\":{\"@type\":\"PropertyValueSpecification\",\"valueRequired\":true,\"valueName\":\"search_term_string\"}}],\"inLanguage\":\"de\"},{\"@type\":\"Organization\",\"@id\":\"https:\\\/\\\/srfb.be\\\/de\\\/#organization\",\"name\":\"Soci\u00e9t\u00e9 Royale Foresti\u00e8re De Belgique - Koninklijke Belgische Bosbouwmaatschappij\",\"alternateName\":\"SRFB-KBBM\",\"url\":\"https:\\\/\\\/srfb.be\\\/de\\\/\",\"logo\":{\"@type\":\"ImageObject\",\"inLanguage\":\"de\",\"@id\":\"https:\\\/\\\/srfb.be\\\/de\\\/#\\\/schema\\\/logo\\\/image\\\/\",\"url\":\"https:\\\/\\\/srfb.be\\\/wp-content\\\/uploads\\\/2019\\\/06\\\/android-chrome-256x256.png\",\"contentUrl\":\"https:\\\/\\\/srfb.be\\\/wp-content\\\/uploads\\\/2019\\\/06\\\/android-chrome-256x256.png\",\"width\":1200,\"height\":1232,\"caption\":\"Soci\u00e9t\u00e9 Royale Foresti\u00e8re De Belgique - Koninklijke Belgische Bosbouwmaatschappij\"},\"image\":{\"@id\":\"https:\\\/\\\/srfb.be\\\/de\\\/#\\\/schema\\\/logo\\\/image\\\/\"},\"sameAs\":[\"https:\\\/\\\/www.facebook.com\\\/srfb.be\",\"https:\\\/\\\/www.instagram.com\\\/srfb_kbbm\\\/\",\"https:\\\/\\\/www.linkedin.com\\\/company\\\/srfb-kbbm\\\/\",\"https:\\\/\\\/www.youtube.com\\\/user\\\/srfbkbbm\"]}]}<\/script>\n<!-- \/ Yoast SEO plugin. -->","yoast_head_json":{"title":"Nadelb\u00e4ume - Band 3: Holz, Verwendung, Wirtschaft - SRFB","description":"Nadelh\u00f6lzer sind die S\u00e4ulen des weltweiten Holzhandels. In Frankreich dominieren sie den Markt bei weitem. Welche Prognosen lassen sich f\u00fcr die Zukunft aufstellen?","robots":{"index":"index","follow":"follow","max-snippet":"max-snippet:-1","max-image-preview":"max-image-preview:large","max-video-preview":"max-video-preview:-1"},"canonical":"https:\/\/srfb.be\/de\/forest-shop\/les-resineux-3\/","og_locale":"de_DE","og_type":"article","og_title":"Les r\u00e9sineux - Tome 3 : bois, utilisations, \u00e9conomie - SRFB","og_description":"Les r\u00e9sineux sont les piliers du commerce mondial du bois. En France, ils dominent largement le march\u00e9. Quelles prospectives peut-on faire sur l\u2019avenir ?","og_url":"https:\/\/srfb.be\/de\/forest-shop\/les-resineux-3\/","og_site_name":"Soci\u00e9t\u00e9 Royale Foresti\u00e8re de Belgique","article_publisher":"https:\/\/www.facebook.com\/srfb.be","article_modified_time":"2026-03-03T15:56:35+00:00","og_image":[{"width":1146,"height":1700,"url":"https:\/\/srfb.be\/wp-content\/uploads\/2020\/03\/r\u00e9sineux-tome-3-scaled.jpg","type":"image\/jpeg"}],"schema":{"@context":"https:\/\/schema.org","@graph":[{"@type":"WebPage","@id":"https:\/\/srfb.be\/forest-shop\/les-resineux-3\/","url":"https:\/\/srfb.be\/forest-shop\/les-resineux-3\/","name":"Nadelb\u00e4ume - Band 3: Holz, Verwendung, Wirtschaft - SRFB","isPartOf":{"@id":"https:\/\/srfb.be\/de\/#website"},"primaryImageOfPage":{"@id":"https:\/\/srfb.be\/forest-shop\/les-resineux-3\/#primaryimage"},"image":{"@id":"https:\/\/srfb.be\/forest-shop\/les-resineux-3\/#primaryimage"},"thumbnailUrl":"https:\/\/srfb.be\/wp-content\/uploads\/2020\/03\/r\u00e9sineux-tome-3-scaled.jpg","datePublished":"2020-03-20T14:09:40+00:00","dateModified":"2026-03-03T15:56:35+00:00","description":"Nadelh\u00f6lzer sind die S\u00e4ulen des weltweiten Holzhandels. In Frankreich dominieren sie den Markt bei weitem. Welche Prognosen lassen sich f\u00fcr die Zukunft aufstellen?","breadcrumb":{"@id":"https:\/\/srfb.be\/forest-shop\/les-resineux-3\/#breadcrumb"},"inLanguage":"de","potentialAction":[{"@type":"ReadAction","target":["https:\/\/srfb.be\/forest-shop\/les-resineux-3\/"]}]},{"@type":"ImageObject","inLanguage":"de","@id":"https:\/\/srfb.be\/forest-shop\/les-resineux-3\/#primaryimage","url":"https:\/\/srfb.be\/wp-content\/uploads\/2020\/03\/r\u00e9sineux-tome-3-scaled.jpg","contentUrl":"https:\/\/srfb.be\/wp-content\/uploads\/2020\/03\/r\u00e9sineux-tome-3-scaled.jpg","width":1146,"height":1700},{"@type":"BreadcrumbList","@id":"https:\/\/srfb.be\/forest-shop\/les-resineux-3\/#breadcrumb","itemListElement":[{"@type":"ListItem","position":1,"name":"Accueil","item":"https:\/\/srfb.be\/de\/"},{"@type":"ListItem","position":2,"name":"Produkte","item":"https:\/\/srfb.be\/de\/shop\/"},{"@type":"ListItem","position":3,"name":"Les r\u00e9sineux &#8211; Tome 3 : bois, utilisations, \u00e9conomie"}]},{"@type":"WebSite","@id":"https:\/\/srfb.be\/de\/#website","url":"https:\/\/srfb.be\/de\/","name":"K\u00f6nigliche Forstverein Belgiens","description":"Im Dienste des Waldes und der F\u00f6rster","publisher":{"@id":"https:\/\/srfb.be\/de\/#organization"},"alternateName":"SRFB-KBBM","potentialAction":[{"@type":"SearchAction","target":{"@type":"EntryPoint","urlTemplate":"https:\/\/srfb.be\/de\/?s={search_term_string}"},"query-input":{"@type":"PropertyValueSpecification","valueRequired":true,"valueName":"search_term_string"}}],"inLanguage":"de"},{"@type":"Organization","@id":"https:\/\/srfb.be\/de\/#organization","name":"Soci\u00e9t\u00e9 Royale Foresti\u00e8re De Belgique - Koninklijke Belgische Bosbouwmaatschappij","alternateName":"SRFB-KBBM","url":"https:\/\/srfb.be\/de\/","logo":{"@type":"ImageObject","inLanguage":"de","@id":"https:\/\/srfb.be\/de\/#\/schema\/logo\/image\/","url":"https:\/\/srfb.be\/wp-content\/uploads\/2019\/06\/android-chrome-256x256.png","contentUrl":"https:\/\/srfb.be\/wp-content\/uploads\/2019\/06\/android-chrome-256x256.png","width":1200,"height":1232,"caption":"Soci\u00e9t\u00e9 Royale Foresti\u00e8re De Belgique - Koninklijke Belgische Bosbouwmaatschappij"},"image":{"@id":"https:\/\/srfb.be\/de\/#\/schema\/logo\/image\/"},"sameAs":["https:\/\/www.facebook.com\/srfb.be","https:\/\/www.instagram.com\/srfb_kbbm\/","https:\/\/www.linkedin.com\/company\/srfb-kbbm\/","https:\/\/www.youtube.com\/user\/srfbkbbm"]}]}},"_links":{"self":[{"href":"https:\/\/srfb.be\/de\/wp-json\/wp\/v2\/product\/10936","targetHints":{"allow":["GET"]}}],"collection":[{"href":"https:\/\/srfb.be\/de\/wp-json\/wp\/v2\/product"}],"about":[{"href":"https:\/\/srfb.be\/de\/wp-json\/wp\/v2\/types\/product"}],"replies":[{"embeddable":true,"href":"https:\/\/srfb.be\/de\/wp-json\/wp\/v2\/comments?post=10936"}],"wp:featuredmedia":[{"embeddable":true,"href":"https:\/\/srfb.be\/de\/wp-json\/wp\/v2\/media\/10939"}],"wp:attachment":[{"href":"https:\/\/srfb.be\/de\/wp-json\/wp\/v2\/media?parent=10936"}],"wp:term":[{"taxonomy":"product_brand","embeddable":true,"href":"https:\/\/srfb.be\/de\/wp-json\/wp\/v2\/product_brand?post=10936"},{"taxonomy":"product_cat","embeddable":true,"href":"https:\/\/srfb.be\/de\/wp-json\/wp\/v2\/product_cat?post=10936"},{"taxonomy":"product_tag","embeddable":true,"href":"https:\/\/srfb.be\/de\/wp-json\/wp\/v2\/product_tag?post=10936"}],"curies":[{"name":"wp","href":"https:\/\/api.w.org\/{rel}","templated":true}]}}