{"id":10933,"date":"2020-03-20T15:07:58","date_gmt":"2020-03-20T14:07:58","guid":{"rendered":"https:\/\/new.srfb.be\/?post_type=product&#038;p=10933"},"modified":"2026-03-03T16:55:24","modified_gmt":"2026-03-03T15:55:24","slug":"les-racines-face-cachee-des-arbres","status":"publish","type":"product","link":"https:\/\/srfb.be\/de\/forest-shop\/les-racines-face-cachee-des-arbres\/","title":{"rendered":"Wurzeln, die verborgene Seite der B\u00e4ume"},"content":{"rendered":"","protected":false},"excerpt":{"rendered":"<p>Die Wurzeln von B\u00e4umen, die sich so sehr von den St\u00e4mmen unterscheiden, haben den Ruf, \u00fcberm\u00e4\u00dfig schwer zu erforschen und somit zu verstehen zu sein. Doch entgegen der landl\u00e4ufigen Meinung sind Forscher und Praktiker, die sich f\u00fcr Wurzeln interessieren, in Frankreich nicht vom Aussterben bedroht. Zw\u00f6lf Fachleute haben sich zusammengefunden, um diese lebendige und<br \/>\nattraktiv auf dieser anderen H\u00e4lfte der B\u00e4ume!<br \/>\n24 x 16 cm, 336 Seiten<\/p>\n<p>Autoren:\u00a0<strong>Christophe Dr\u00e9nou<\/strong><br \/>\nHerausgeber :\u00a0<strong>Institut f\u00fcr Waldentwicklung<\/strong><\/p>","protected":false},"featured_media":10934,"comment_status":"open","ping_status":"closed","template":"","meta":{"iawp_total_views":73},"product_brand":[],"product_cat":[314],"product_tag":[],"class_list":{"0":"post-10933","1":"product","2":"type-product","3":"status-publish","4":"has-post-thumbnail","6":"product_cat-sylviculture","8":"first","9":"instock","10":"shipping-taxable","11":"purchasable","12":"product-type-simple"},"yoast_head":"<!-- This site is optimized with the Yoast SEO plugin v27.3 - https:\/\/yoast.com\/product\/yoast-seo-wordpress\/ -->\n<title>Les racines, face cach\u00e9e des arbres - SRFB<\/title>\n<meta name=\"description\" content=\"Si diff\u00e9rentes des tiges, les racines des arbres ont la r\u00e9putation d\u2019\u00eatre excessivement difficiles \u00e0 \u00e9tudier et donc \u00e0 comprendre.\" \/>\n<meta name=\"robots\" content=\"index, follow, max-snippet:-1, max-image-preview:large, max-video-preview:-1\" \/>\n<link rel=\"canonical\" href=\"https:\/\/srfb.be\/de\/forest-shop\/les-racines-face-cachee-des-arbres\/\" \/>\n<meta property=\"og:locale\" content=\"de_DE\" \/>\n<meta property=\"og:type\" content=\"article\" \/>\n<meta property=\"og:title\" content=\"Les racines, face cach\u00e9e des arbres - SRFB\" \/>\n<meta property=\"og:description\" content=\"Si diff\u00e9rentes des tiges, les racines des arbres ont la r\u00e9putation d\u2019\u00eatre excessivement difficiles \u00e0 \u00e9tudier et donc \u00e0 comprendre.\" \/>\n<meta property=\"og:url\" content=\"https:\/\/srfb.be\/de\/forest-shop\/les-racines-face-cachee-des-arbres\/\" \/>\n<meta property=\"og:site_name\" content=\"Soci\u00e9t\u00e9 Royale Foresti\u00e8re de Belgique\" \/>\n<meta property=\"article:publisher\" content=\"https:\/\/www.facebook.com\/srfb.be\" \/>\n<meta property=\"article:modified_time\" content=\"2026-03-03T15:55:24+00:00\" \/>\n<meta property=\"og:image\" content=\"https:\/\/srfb.be\/wp-content\/uploads\/2020\/03\/Les-racines-scaled.jpg\" \/>\n\t<meta property=\"og:image:width\" content=\"1149\" \/>\n\t<meta property=\"og:image:height\" content=\"1700\" \/>\n\t<meta property=\"og:image:type\" content=\"image\/jpeg\" \/>\n<script type=\"application\/ld+json\" class=\"yoast-schema-graph\">{\"@context\":\"https:\\\/\\\/schema.org\",\"@graph\":[{\"@type\":\"WebPage\",\"@id\":\"https:\\\/\\\/srfb.be\\\/forest-shop\\\/les-racines-face-cachee-des-arbres\\\/\",\"url\":\"https:\\\/\\\/srfb.be\\\/forest-shop\\\/les-racines-face-cachee-des-arbres\\\/\",\"name\":\"Les racines, face cach\u00e9e des arbres - SRFB\",\"isPartOf\":{\"@id\":\"https:\\\/\\\/srfb.be\\\/#website\"},\"primaryImageOfPage\":{\"@id\":\"https:\\\/\\\/srfb.be\\\/forest-shop\\\/les-racines-face-cachee-des-arbres\\\/#primaryimage\"},\"image\":{\"@id\":\"https:\\\/\\\/srfb.be\\\/forest-shop\\\/les-racines-face-cachee-des-arbres\\\/#primaryimage\"},\"thumbnailUrl\":\"https:\\\/\\\/srfb.be\\\/wp-content\\\/uploads\\\/2020\\\/03\\\/Les-racines-scaled.jpg\",\"datePublished\":\"2020-03-20T14:07:58+00:00\",\"dateModified\":\"2026-03-03T15:55:24+00:00\",\"description\":\"Si diff\u00e9rentes des tiges, les racines des arbres ont la r\u00e9putation d\u2019\u00eatre excessivement difficiles \u00e0 \u00e9tudier et donc \u00e0 comprendre.\",\"breadcrumb\":{\"@id\":\"https:\\\/\\\/srfb.be\\\/forest-shop\\\/les-racines-face-cachee-des-arbres\\\/#breadcrumb\"},\"inLanguage\":\"de\",\"potentialAction\":[{\"@type\":\"ReadAction\",\"target\":[\"https:\\\/\\\/srfb.be\\\/forest-shop\\\/les-racines-face-cachee-des-arbres\\\/\"]}]},{\"@type\":\"ImageObject\",\"inLanguage\":\"de\",\"@id\":\"https:\\\/\\\/srfb.be\\\/forest-shop\\\/les-racines-face-cachee-des-arbres\\\/#primaryimage\",\"url\":\"https:\\\/\\\/srfb.be\\\/wp-content\\\/uploads\\\/2020\\\/03\\\/Les-racines-scaled.jpg\",\"contentUrl\":\"https:\\\/\\\/srfb.be\\\/wp-content\\\/uploads\\\/2020\\\/03\\\/Les-racines-scaled.jpg\",\"width\":1149,\"height\":1700},{\"@type\":\"BreadcrumbList\",\"@id\":\"https:\\\/\\\/srfb.be\\\/forest-shop\\\/les-racines-face-cachee-des-arbres\\\/#breadcrumb\",\"itemListElement\":[{\"@type\":\"ListItem\",\"position\":1,\"name\":\"Accueil\",\"item\":\"https:\\\/\\\/srfb.be\\\/\"},{\"@type\":\"ListItem\",\"position\":2,\"name\":\"Produkte\",\"item\":\"https:\\\/\\\/www.kbbm.be\\\/de\\\/shop\\\/\"},{\"@type\":\"ListItem\",\"position\":3,\"name\":\"Les racines, face cach\u00e9e des arbres\"}]},{\"@type\":\"WebSite\",\"@id\":\"https:\\\/\\\/srfb.be\\\/#website\",\"url\":\"https:\\\/\\\/srfb.be\\\/\",\"name\":\"Soci\u00e9t\u00e9 Royale Foresti\u00e8re de Belgique\",\"description\":\"Au service de la for\u00eat et des forestiers\",\"publisher\":{\"@id\":\"https:\\\/\\\/srfb.be\\\/#organization\"},\"alternateName\":\"SRFB-KBBM\",\"potentialAction\":[{\"@type\":\"SearchAction\",\"target\":{\"@type\":\"EntryPoint\",\"urlTemplate\":\"https:\\\/\\\/srfb.be\\\/?s={search_term_string}\"},\"query-input\":{\"@type\":\"PropertyValueSpecification\",\"valueRequired\":true,\"valueName\":\"search_term_string\"}}],\"inLanguage\":\"de\"},{\"@type\":\"Organization\",\"@id\":\"https:\\\/\\\/srfb.be\\\/#organization\",\"name\":\"Soci\u00e9t\u00e9 Royale Foresti\u00e8re De Belgique - Koninklijke Belgische Bosbouwmaatschappij\",\"alternateName\":\"SRFB-KBBM\",\"url\":\"https:\\\/\\\/srfb.be\\\/\",\"logo\":{\"@type\":\"ImageObject\",\"inLanguage\":\"de\",\"@id\":\"https:\\\/\\\/srfb.be\\\/#\\\/schema\\\/logo\\\/image\\\/\",\"url\":\"https:\\\/\\\/srfb.be\\\/wp-content\\\/uploads\\\/2019\\\/06\\\/android-chrome-256x256.png\",\"contentUrl\":\"https:\\\/\\\/srfb.be\\\/wp-content\\\/uploads\\\/2019\\\/06\\\/android-chrome-256x256.png\",\"width\":1200,\"height\":1232,\"caption\":\"Soci\u00e9t\u00e9 Royale Foresti\u00e8re De Belgique - Koninklijke Belgische Bosbouwmaatschappij\"},\"image\":{\"@id\":\"https:\\\/\\\/srfb.be\\\/#\\\/schema\\\/logo\\\/image\\\/\"},\"sameAs\":[\"https:\\\/\\\/www.facebook.com\\\/srfb.be\",\"https:\\\/\\\/www.instagram.com\\\/srfb_kbbm\\\/\",\"https:\\\/\\\/www.linkedin.com\\\/company\\\/srfb-kbbm\\\/\",\"https:\\\/\\\/www.youtube.com\\\/user\\\/srfbkbbm\"]}]}<\/script>\n<!-- \/ Yoast SEO plugin. -->","yoast_head_json":{"title":"Wurzeln, die verborgene Seite der B\u00e4ume - SRFB","description":"So unterschiedlich wie die St\u00e4mme, haben die Wurzeln von B\u00e4umen den Ruf, \u00fcberm\u00e4\u00dfig schwer zu studieren und damit zu verstehen zu sein.","robots":{"index":"index","follow":"follow","max-snippet":"max-snippet:-1","max-image-preview":"max-image-preview:large","max-video-preview":"max-video-preview:-1"},"canonical":"https:\/\/srfb.be\/de\/forest-shop\/les-racines-face-cachee-des-arbres\/","og_locale":"de_DE","og_type":"article","og_title":"Les racines, face cach\u00e9e des arbres - SRFB","og_description":"Si diff\u00e9rentes des tiges, les racines des arbres ont la r\u00e9putation d\u2019\u00eatre excessivement difficiles \u00e0 \u00e9tudier et donc \u00e0 comprendre.","og_url":"https:\/\/srfb.be\/de\/forest-shop\/les-racines-face-cachee-des-arbres\/","og_site_name":"Soci\u00e9t\u00e9 Royale Foresti\u00e8re de Belgique","article_publisher":"https:\/\/www.facebook.com\/srfb.be","article_modified_time":"2026-03-03T15:55:24+00:00","og_image":[{"width":1149,"height":1700,"url":"https:\/\/srfb.be\/wp-content\/uploads\/2020\/03\/Les-racines-scaled.jpg","type":"image\/jpeg"}],"schema":{"@context":"https:\/\/schema.org","@graph":[{"@type":"WebPage","@id":"https:\/\/srfb.be\/forest-shop\/les-racines-face-cachee-des-arbres\/","url":"https:\/\/srfb.be\/forest-shop\/les-racines-face-cachee-des-arbres\/","name":"Wurzeln, die verborgene Seite der B\u00e4ume - SRFB","isPartOf":{"@id":"https:\/\/srfb.be\/#website"},"primaryImageOfPage":{"@id":"https:\/\/srfb.be\/forest-shop\/les-racines-face-cachee-des-arbres\/#primaryimage"},"image":{"@id":"https:\/\/srfb.be\/forest-shop\/les-racines-face-cachee-des-arbres\/#primaryimage"},"thumbnailUrl":"https:\/\/srfb.be\/wp-content\/uploads\/2020\/03\/Les-racines-scaled.jpg","datePublished":"2020-03-20T14:07:58+00:00","dateModified":"2026-03-03T15:55:24+00:00","description":"So unterschiedlich wie die St\u00e4mme, haben die Wurzeln von B\u00e4umen den Ruf, \u00fcberm\u00e4\u00dfig schwer zu studieren und damit zu verstehen zu sein.","breadcrumb":{"@id":"https:\/\/srfb.be\/forest-shop\/les-racines-face-cachee-des-arbres\/#breadcrumb"},"inLanguage":"de","potentialAction":[{"@type":"ReadAction","target":["https:\/\/srfb.be\/forest-shop\/les-racines-face-cachee-des-arbres\/"]}]},{"@type":"ImageObject","inLanguage":"de","@id":"https:\/\/srfb.be\/forest-shop\/les-racines-face-cachee-des-arbres\/#primaryimage","url":"https:\/\/srfb.be\/wp-content\/uploads\/2020\/03\/Les-racines-scaled.jpg","contentUrl":"https:\/\/srfb.be\/wp-content\/uploads\/2020\/03\/Les-racines-scaled.jpg","width":1149,"height":1700},{"@type":"BreadcrumbList","@id":"https:\/\/srfb.be\/forest-shop\/les-racines-face-cachee-des-arbres\/#breadcrumb","itemListElement":[{"@type":"ListItem","position":1,"name":"Accueil","item":"https:\/\/srfb.be\/"},{"@type":"ListItem","position":2,"name":"Produkte","item":"https:\/\/www.kbbm.be\/de\/shop\/"},{"@type":"ListItem","position":3,"name":"Les racines, face cach\u00e9e des arbres"}]},{"@type":"WebSite","@id":"https:\/\/srfb.be\/#website","url":"https:\/\/srfb.be\/","name":"K\u00f6nigliche Forstverein Belgiens","description":"Im Dienste des Waldes und der F\u00f6rster","publisher":{"@id":"https:\/\/srfb.be\/#organization"},"alternateName":"SRFB-KBBM","potentialAction":[{"@type":"SearchAction","target":{"@type":"EntryPoint","urlTemplate":"https:\/\/srfb.be\/?s={search_term_string}"},"query-input":{"@type":"PropertyValueSpecification","valueRequired":true,"valueName":"search_term_string"}}],"inLanguage":"de"},{"@type":"Organization","@id":"https:\/\/srfb.be\/#organization","name":"Soci\u00e9t\u00e9 Royale Foresti\u00e8re De Belgique - Koninklijke Belgische Bosbouwmaatschappij","alternateName":"SRFB-KBBM","url":"https:\/\/srfb.be\/","logo":{"@type":"ImageObject","inLanguage":"de","@id":"https:\/\/srfb.be\/#\/schema\/logo\/image\/","url":"https:\/\/srfb.be\/wp-content\/uploads\/2019\/06\/android-chrome-256x256.png","contentUrl":"https:\/\/srfb.be\/wp-content\/uploads\/2019\/06\/android-chrome-256x256.png","width":1200,"height":1232,"caption":"Soci\u00e9t\u00e9 Royale Foresti\u00e8re De Belgique - Koninklijke Belgische Bosbouwmaatschappij"},"image":{"@id":"https:\/\/srfb.be\/#\/schema\/logo\/image\/"},"sameAs":["https:\/\/www.facebook.com\/srfb.be","https:\/\/www.instagram.com\/srfb_kbbm\/","https:\/\/www.linkedin.com\/company\/srfb-kbbm\/","https:\/\/www.youtube.com\/user\/srfbkbbm"]}]}},"_links":{"self":[{"href":"https:\/\/srfb.be\/de\/wp-json\/wp\/v2\/product\/10933","targetHints":{"allow":["GET"]}}],"collection":[{"href":"https:\/\/srfb.be\/de\/wp-json\/wp\/v2\/product"}],"about":[{"href":"https:\/\/srfb.be\/de\/wp-json\/wp\/v2\/types\/product"}],"replies":[{"embeddable":true,"href":"https:\/\/srfb.be\/de\/wp-json\/wp\/v2\/comments?post=10933"}],"wp:featuredmedia":[{"embeddable":true,"href":"https:\/\/srfb.be\/de\/wp-json\/wp\/v2\/media\/10934"}],"wp:attachment":[{"href":"https:\/\/srfb.be\/de\/wp-json\/wp\/v2\/media?parent=10933"}],"wp:term":[{"taxonomy":"product_brand","embeddable":true,"href":"https:\/\/srfb.be\/de\/wp-json\/wp\/v2\/product_brand?post=10933"},{"taxonomy":"product_cat","embeddable":true,"href":"https:\/\/srfb.be\/de\/wp-json\/wp\/v2\/product_cat?post=10933"},{"taxonomy":"product_tag","embeddable":true,"href":"https:\/\/srfb.be\/de\/wp-json\/wp\/v2\/product_tag?post=10933"}],"curies":[{"name":"wp","href":"https:\/\/api.w.org\/{rel}","templated":true}]}}