{"id":10909,"date":"2020-03-20T14:55:33","date_gmt":"2020-03-20T14:55:33","guid":{"rendered":"https:\/\/new.srfb.be\/?post_type=product&#038;p=10909"},"modified":"2026-03-03T16:58:44","modified_gmt":"2026-03-03T15:58:44","slug":"oiseaux-et-foret-une-alliance-naturelle","status":"publish","type":"product","link":"https:\/\/srfb.be\/de\/forest-shop\/oiseaux-et-foret-une-alliance-naturelle\/","title":{"rendered":"V\u00f6gel und Wald, eine nat\u00fcrliche Allianz"},"content":{"rendered":"","protected":false},"excerpt":{"rendered":"<p>Frankreich ist reich an \u00fcber 400 Vogelarten, das ist die H\u00e4lfte aller Vogelarten in Europa. Und der franz\u00f6sische Wald und die damit verbundenen Lebensr\u00e4ume beherbergen wiederum die H\u00e4lfte der Vogelarten des Hexagons.<br \/>\nDer Vogel ist aber nicht nur ein einfacher Bewohner des Waldes, in dem er Nahrung und Fortpflanzung findet, sondern auch ein Handwerker, der effektiv daran arbeitet, den Wald vor seinen Feinden zu sch\u00fctzen und aktiv zu seiner Regeneration beizutragen.<br \/>\nMit Flashcodes, um den Vogelstimmen zu lauschen!<br \/>\n21 x 29,7 cm, 46 Seiten<\/p>","protected":false},"featured_media":10911,"comment_status":"open","ping_status":"closed","template":"","meta":{"iawp_total_views":133},"product_brand":[],"product_cat":[691],"product_tag":[],"class_list":{"0":"post-10909","1":"product","2":"type-product","3":"status-publish","4":"has-post-thumbnail","6":"product_cat-biodiversite","8":"first","9":"instock","10":"shipping-taxable","11":"purchasable","12":"product-type-simple"},"yoast_head":"<!-- This site is optimized with the Yoast SEO plugin v27.4 - https:\/\/yoast.com\/product\/yoast-seo-wordpress\/ -->\n<title>Oiseaux et for\u00eat, une alliance naturelle - SRFB<\/title>\n<meta name=\"description\" content=\"La for\u00eat fran\u00e7aise et ses habitats associ\u00e9s sont riches de plus de 400 esp\u00e8ces d\u2019oiseaux, soit la moiti\u00e9 des esp\u00e8ces d\u2019oiseaux d\u2019Europe.\" \/>\n<meta name=\"robots\" content=\"index, follow, max-snippet:-1, max-image-preview:large, max-video-preview:-1\" \/>\n<link rel=\"canonical\" href=\"https:\/\/kbbm.be\/de\/forest-shop\/oiseaux-et-foret-une-alliance-naturelle\/\" \/>\n<meta property=\"og:locale\" content=\"de_DE\" \/>\n<meta property=\"og:type\" content=\"article\" \/>\n<meta property=\"og:title\" content=\"Oiseaux et for\u00eat, une alliance naturelle - SRFB\" \/>\n<meta property=\"og:description\" content=\"La for\u00eat fran\u00e7aise et ses habitats associ\u00e9s sont riches de plus de 400 esp\u00e8ces d\u2019oiseaux, soit la moiti\u00e9 des esp\u00e8ces d\u2019oiseaux d\u2019Europe.\" \/>\n<meta property=\"og:url\" content=\"https:\/\/kbbm.be\/de\/forest-shop\/oiseaux-et-foret-une-alliance-naturelle\/\" \/>\n<meta property=\"og:site_name\" content=\"Soci\u00e9t\u00e9 Royale Foresti\u00e8re de Belgique\" \/>\n<meta property=\"article:publisher\" content=\"https:\/\/www.facebook.com\/srfb.be\" \/>\n<meta property=\"article:modified_time\" content=\"2026-03-03T15:58:44+00:00\" \/>\n<meta property=\"og:image\" content=\"https:\/\/kbbm.be\/wp-content\/uploads\/2020\/03\/oiseaux_et_foret-scaled.jpg\" \/>\n\t<meta property=\"og:image:width\" content=\"1187\" \/>\n\t<meta property=\"og:image:height\" content=\"1700\" \/>\n\t<meta property=\"og:image:type\" content=\"image\/jpeg\" \/>\n<script type=\"application\/ld+json\" class=\"yoast-schema-graph\">{\"@context\":\"https:\\\/\\\/schema.org\",\"@graph\":[{\"@type\":\"WebPage\",\"@id\":\"https:\\\/\\\/kbbm.be\\\/de\\\/forest-shop\\\/oiseaux-et-foret-une-alliance-naturelle\\\/\",\"url\":\"https:\\\/\\\/kbbm.be\\\/de\\\/forest-shop\\\/oiseaux-et-foret-une-alliance-naturelle\\\/\",\"name\":\"Oiseaux et for\u00eat, une alliance naturelle - SRFB\",\"isPartOf\":{\"@id\":\"https:\\\/\\\/kbbm.be\\\/en\\\/#website\"},\"primaryImageOfPage\":{\"@id\":\"https:\\\/\\\/kbbm.be\\\/de\\\/forest-shop\\\/oiseaux-et-foret-une-alliance-naturelle\\\/#primaryimage\"},\"image\":{\"@id\":\"https:\\\/\\\/kbbm.be\\\/de\\\/forest-shop\\\/oiseaux-et-foret-une-alliance-naturelle\\\/#primaryimage\"},\"thumbnailUrl\":\"https:\\\/\\\/srfb.be\\\/wp-content\\\/uploads\\\/2020\\\/03\\\/oiseaux_et_foret-scaled.jpg\",\"datePublished\":\"2020-03-20T14:55:33+00:00\",\"dateModified\":\"2026-03-03T15:58:44+00:00\",\"description\":\"La for\u00eat fran\u00e7aise et ses habitats associ\u00e9s sont riches de plus de 400 esp\u00e8ces d\u2019oiseaux, soit la moiti\u00e9 des esp\u00e8ces d\u2019oiseaux d\u2019Europe.\",\"breadcrumb\":{\"@id\":\"https:\\\/\\\/kbbm.be\\\/de\\\/forest-shop\\\/oiseaux-et-foret-une-alliance-naturelle\\\/#breadcrumb\"},\"inLanguage\":\"de\",\"potentialAction\":[{\"@type\":\"ReadAction\",\"target\":[\"https:\\\/\\\/kbbm.be\\\/de\\\/forest-shop\\\/oiseaux-et-foret-une-alliance-naturelle\\\/\"]}]},{\"@type\":\"ImageObject\",\"inLanguage\":\"de\",\"@id\":\"https:\\\/\\\/kbbm.be\\\/de\\\/forest-shop\\\/oiseaux-et-foret-une-alliance-naturelle\\\/#primaryimage\",\"url\":\"https:\\\/\\\/srfb.be\\\/wp-content\\\/uploads\\\/2020\\\/03\\\/oiseaux_et_foret-scaled.jpg\",\"contentUrl\":\"https:\\\/\\\/srfb.be\\\/wp-content\\\/uploads\\\/2020\\\/03\\\/oiseaux_et_foret-scaled.jpg\",\"width\":1187,\"height\":1700},{\"@type\":\"BreadcrumbList\",\"@id\":\"https:\\\/\\\/kbbm.be\\\/de\\\/forest-shop\\\/oiseaux-et-foret-une-alliance-naturelle\\\/#breadcrumb\",\"itemListElement\":[{\"@type\":\"ListItem\",\"position\":1,\"name\":\"Accueil\",\"item\":\"https:\\\/\\\/kbbm.be\\\/en\\\/\"},{\"@type\":\"ListItem\",\"position\":2,\"name\":\"Produits\",\"item\":\"https:\\\/\\\/srfb.be\\\/shop\\\/\"},{\"@type\":\"ListItem\",\"position\":3,\"name\":\"Oiseaux et for\u00eat, une alliance naturelle\"}]},{\"@type\":\"WebSite\",\"@id\":\"https:\\\/\\\/kbbm.be\\\/en\\\/#website\",\"url\":\"https:\\\/\\\/kbbm.be\\\/en\\\/\",\"name\":\"Soci\u00e9t\u00e9 Royale Foresti\u00e8re de Belgique\",\"description\":\"Au service de la for\u00eat et des forestiers\",\"publisher\":{\"@id\":\"https:\\\/\\\/kbbm.be\\\/en\\\/#organization\"},\"alternateName\":\"SRFB-KBBM\",\"potentialAction\":[{\"@type\":\"SearchAction\",\"target\":{\"@type\":\"EntryPoint\",\"urlTemplate\":\"https:\\\/\\\/kbbm.be\\\/en\\\/?s={search_term_string}\"},\"query-input\":{\"@type\":\"PropertyValueSpecification\",\"valueRequired\":true,\"valueName\":\"search_term_string\"}}],\"inLanguage\":\"de\"},{\"@type\":\"Organization\",\"@id\":\"https:\\\/\\\/kbbm.be\\\/en\\\/#organization\",\"name\":\"Soci\u00e9t\u00e9 Royale Foresti\u00e8re De Belgique - Koninklijke Belgische Bosbouwmaatschappij\",\"alternateName\":\"SRFB-KBBM\",\"url\":\"https:\\\/\\\/kbbm.be\\\/en\\\/\",\"logo\":{\"@type\":\"ImageObject\",\"inLanguage\":\"de\",\"@id\":\"https:\\\/\\\/kbbm.be\\\/en\\\/#\\\/schema\\\/logo\\\/image\\\/\",\"url\":\"https:\\\/\\\/srfb.be\\\/wp-content\\\/uploads\\\/2019\\\/06\\\/android-chrome-256x256.png\",\"contentUrl\":\"https:\\\/\\\/srfb.be\\\/wp-content\\\/uploads\\\/2019\\\/06\\\/android-chrome-256x256.png\",\"width\":1200,\"height\":1232,\"caption\":\"Soci\u00e9t\u00e9 Royale Foresti\u00e8re De Belgique - Koninklijke Belgische Bosbouwmaatschappij\"},\"image\":{\"@id\":\"https:\\\/\\\/kbbm.be\\\/en\\\/#\\\/schema\\\/logo\\\/image\\\/\"},\"sameAs\":[\"https:\\\/\\\/www.facebook.com\\\/srfb.be\",\"https:\\\/\\\/www.instagram.com\\\/srfb_kbbm\\\/\",\"https:\\\/\\\/www.linkedin.com\\\/company\\\/srfb-kbbm\\\/\",\"https:\\\/\\\/www.youtube.com\\\/user\\\/srfbkbbm\"]}]}<\/script>\n<!-- \/ Yoast SEO plugin. -->","yoast_head_json":{"title":"V\u00f6gel und Wald, eine nat\u00fcrliche Allianz - SRFB","description":"Der franz\u00f6sische Wald und die damit verbundenen Lebensr\u00e4ume sind reich an \u00fcber 400 Vogelarten, was der H\u00e4lfte aller Vogelarten in Europa entspricht.","robots":{"index":"index","follow":"follow","max-snippet":"max-snippet:-1","max-image-preview":"max-image-preview:large","max-video-preview":"max-video-preview:-1"},"canonical":"https:\/\/kbbm.be\/de\/forest-shop\/oiseaux-et-foret-une-alliance-naturelle\/","og_locale":"de_DE","og_type":"article","og_title":"Oiseaux et for\u00eat, une alliance naturelle - SRFB","og_description":"La for\u00eat fran\u00e7aise et ses habitats associ\u00e9s sont riches de plus de 400 esp\u00e8ces d\u2019oiseaux, soit la moiti\u00e9 des esp\u00e8ces d\u2019oiseaux d\u2019Europe.","og_url":"https:\/\/kbbm.be\/de\/forest-shop\/oiseaux-et-foret-une-alliance-naturelle\/","og_site_name":"Soci\u00e9t\u00e9 Royale Foresti\u00e8re de Belgique","article_publisher":"https:\/\/www.facebook.com\/srfb.be","article_modified_time":"2026-03-03T15:58:44+00:00","og_image":[{"width":1187,"height":1700,"url":"https:\/\/kbbm.be\/wp-content\/uploads\/2020\/03\/oiseaux_et_foret-scaled.jpg","type":"image\/jpeg"}],"schema":{"@context":"https:\/\/schema.org","@graph":[{"@type":"WebPage","@id":"https:\/\/kbbm.be\/de\/forest-shop\/oiseaux-et-foret-une-alliance-naturelle\/","url":"https:\/\/kbbm.be\/de\/forest-shop\/oiseaux-et-foret-une-alliance-naturelle\/","name":"V\u00f6gel und Wald, eine nat\u00fcrliche Allianz - SRFB","isPartOf":{"@id":"https:\/\/kbbm.be\/en\/#website"},"primaryImageOfPage":{"@id":"https:\/\/kbbm.be\/de\/forest-shop\/oiseaux-et-foret-une-alliance-naturelle\/#primaryimage"},"image":{"@id":"https:\/\/kbbm.be\/de\/forest-shop\/oiseaux-et-foret-une-alliance-naturelle\/#primaryimage"},"thumbnailUrl":"https:\/\/srfb.be\/wp-content\/uploads\/2020\/03\/oiseaux_et_foret-scaled.jpg","datePublished":"2020-03-20T14:55:33+00:00","dateModified":"2026-03-03T15:58:44+00:00","description":"Der franz\u00f6sische Wald und die damit verbundenen Lebensr\u00e4ume sind reich an \u00fcber 400 Vogelarten, was der H\u00e4lfte aller Vogelarten in Europa entspricht.","breadcrumb":{"@id":"https:\/\/kbbm.be\/de\/forest-shop\/oiseaux-et-foret-une-alliance-naturelle\/#breadcrumb"},"inLanguage":"de","potentialAction":[{"@type":"ReadAction","target":["https:\/\/kbbm.be\/de\/forest-shop\/oiseaux-et-foret-une-alliance-naturelle\/"]}]},{"@type":"ImageObject","inLanguage":"de","@id":"https:\/\/kbbm.be\/de\/forest-shop\/oiseaux-et-foret-une-alliance-naturelle\/#primaryimage","url":"https:\/\/srfb.be\/wp-content\/uploads\/2020\/03\/oiseaux_et_foret-scaled.jpg","contentUrl":"https:\/\/srfb.be\/wp-content\/uploads\/2020\/03\/oiseaux_et_foret-scaled.jpg","width":1187,"height":1700},{"@type":"BreadcrumbList","@id":"https:\/\/kbbm.be\/de\/forest-shop\/oiseaux-et-foret-une-alliance-naturelle\/#breadcrumb","itemListElement":[{"@type":"ListItem","position":1,"name":"Accueil","item":"https:\/\/kbbm.be\/en\/"},{"@type":"ListItem","position":2,"name":"Produits","item":"https:\/\/srfb.be\/shop\/"},{"@type":"ListItem","position":3,"name":"Oiseaux et for\u00eat, une alliance naturelle"}]},{"@type":"WebSite","@id":"https:\/\/kbbm.be\/en\/#website","url":"https:\/\/kbbm.be\/en\/","name":"K\u00f6nigliche Forstverein Belgiens","description":"Im Dienste des Waldes und der F\u00f6rster","publisher":{"@id":"https:\/\/kbbm.be\/en\/#organization"},"alternateName":"SRFB-KBBM","potentialAction":[{"@type":"SearchAction","target":{"@type":"EntryPoint","urlTemplate":"https:\/\/kbbm.be\/en\/?s={search_term_string}"},"query-input":{"@type":"PropertyValueSpecification","valueRequired":true,"valueName":"search_term_string"}}],"inLanguage":"de"},{"@type":"Organization","@id":"https:\/\/kbbm.be\/en\/#organization","name":"Soci\u00e9t\u00e9 Royale Foresti\u00e8re De Belgique - Koninklijke Belgische Bosbouwmaatschappij","alternateName":"SRFB-KBBM","url":"https:\/\/kbbm.be\/en\/","logo":{"@type":"ImageObject","inLanguage":"de","@id":"https:\/\/kbbm.be\/en\/#\/schema\/logo\/image\/","url":"https:\/\/srfb.be\/wp-content\/uploads\/2019\/06\/android-chrome-256x256.png","contentUrl":"https:\/\/srfb.be\/wp-content\/uploads\/2019\/06\/android-chrome-256x256.png","width":1200,"height":1232,"caption":"Soci\u00e9t\u00e9 Royale Foresti\u00e8re De Belgique - Koninklijke Belgische Bosbouwmaatschappij"},"image":{"@id":"https:\/\/kbbm.be\/en\/#\/schema\/logo\/image\/"},"sameAs":["https:\/\/www.facebook.com\/srfb.be","https:\/\/www.instagram.com\/srfb_kbbm\/","https:\/\/www.linkedin.com\/company\/srfb-kbbm\/","https:\/\/www.youtube.com\/user\/srfbkbbm"]}]}},"_links":{"self":[{"href":"https:\/\/srfb.be\/de\/wp-json\/wp\/v2\/product\/10909","targetHints":{"allow":["GET"]}}],"collection":[{"href":"https:\/\/srfb.be\/de\/wp-json\/wp\/v2\/product"}],"about":[{"href":"https:\/\/srfb.be\/de\/wp-json\/wp\/v2\/types\/product"}],"replies":[{"embeddable":true,"href":"https:\/\/srfb.be\/de\/wp-json\/wp\/v2\/comments?post=10909"}],"wp:featuredmedia":[{"embeddable":true,"href":"https:\/\/srfb.be\/de\/wp-json\/wp\/v2\/media\/10911"}],"wp:attachment":[{"href":"https:\/\/srfb.be\/de\/wp-json\/wp\/v2\/media?parent=10909"}],"wp:term":[{"taxonomy":"product_brand","embeddable":true,"href":"https:\/\/srfb.be\/de\/wp-json\/wp\/v2\/product_brand?post=10909"},{"taxonomy":"product_cat","embeddable":true,"href":"https:\/\/srfb.be\/de\/wp-json\/wp\/v2\/product_cat?post=10909"},{"taxonomy":"product_tag","embeddable":true,"href":"https:\/\/srfb.be\/de\/wp-json\/wp\/v2\/product_tag?post=10909"}],"curies":[{"name":"wp","href":"https:\/\/api.w.org\/{rel}","templated":true}]}}