{"id":10890,"date":"2020-03-20T14:46:29","date_gmt":"2020-03-20T13:46:29","guid":{"rendered":"https:\/\/new.srfb.be\/?post_type=product&#038;p=10890"},"modified":"2026-03-03T16:55:03","modified_gmt":"2026-03-03T15:55:03","slug":"le-frene-en-liberte","status":"publish","type":"product","link":"https:\/\/srfb.be\/de\/forest-shop\/le-frene-en-liberte\/","title":{"rendered":"Die Esche in Freiheit"},"content":{"rendered":"","protected":false},"excerpt":{"rendered":"<p>Dieses Buch ist eine Mischung aus Roman und wissenschaftlicher Arbeit und wird allen empfohlen, die Eschen besitzen. Es enth\u00e4lt viele Informationen \u00fcber diese Baumart, die hochwertiges Holz produziert und zu Preisen verkauft wird, die denen der besten Eichen entsprechen oder diese sogar \u00fcbertreffen.<br \/>\n24 x 16 cm, 192 Seiten<\/p>","protected":false},"featured_media":10891,"comment_status":"open","ping_status":"closed","template":"","meta":{"iawp_total_views":60},"product_brand":[],"product_cat":[314],"product_tag":[],"class_list":{"0":"post-10890","1":"product","2":"type-product","3":"status-publish","4":"has-post-thumbnail","6":"product_cat-sylviculture","8":"first","9":"instock","10":"shipping-taxable","11":"purchasable","12":"product-type-simple"},"yoast_head":"<!-- This site is optimized with the Yoast SEO plugin v27.3 - https:\/\/yoast.com\/product\/yoast-seo-wordpress\/ -->\n<title>Le fr\u00eane en libert\u00e9 - Soci\u00e9t\u00e9 Royale Foresti\u00e8re de Belgique<\/title>\n<meta name=\"robots\" content=\"index, follow, max-snippet:-1, max-image-preview:large, max-video-preview:-1\" \/>\n<link rel=\"canonical\" href=\"https:\/\/kbbm.be\/nl\/forest-shop\/le-frene-en-liberte\/\" \/>\n<meta property=\"og:locale\" content=\"de_DE\" \/>\n<meta property=\"og:type\" content=\"article\" \/>\n<meta property=\"og:title\" content=\"Le fr\u00eane en libert\u00e9 - Soci\u00e9t\u00e9 Royale Foresti\u00e8re de Belgique\" \/>\n<meta property=\"og:description\" content=\"\u00c0 la fois roman et ouvrage scientifique, nous conseillons la lecture de cet ouvrage \u00e0 tous ceux qui poss\u00e8dent des fr\u00eanes. On y trouve de nombreuses informations sur cette essence produisant du bois de haute qualit\u00e9 et se vendant \u00e0 des prix \u00e9gaux ou sup\u00e9rieurs \u00e0 ceux des meilleurs ch\u00eanes. 24 x 16 cm, 192 pages\" \/>\n<meta property=\"og:url\" content=\"https:\/\/kbbm.be\/nl\/forest-shop\/le-frene-en-liberte\/\" \/>\n<meta property=\"og:site_name\" content=\"Soci\u00e9t\u00e9 Royale Foresti\u00e8re de Belgique\" \/>\n<meta property=\"article:publisher\" content=\"https:\/\/www.facebook.com\/srfb.be\" \/>\n<meta property=\"article:modified_time\" content=\"2026-03-03T15:55:03+00:00\" \/>\n<meta property=\"og:image\" content=\"https:\/\/kbbm.be\/wp-content\/uploads\/2020\/03\/fr\u00eane-en-libert\u00e9.jpg\" \/>\n\t<meta property=\"og:image:width\" content=\"904\" \/>\n\t<meta property=\"og:image:height\" content=\"1416\" \/>\n\t<meta property=\"og:image:type\" content=\"image\/jpeg\" \/>\n<script type=\"application\/ld+json\" class=\"yoast-schema-graph\">{\"@context\":\"https:\\\/\\\/schema.org\",\"@graph\":[{\"@type\":\"WebPage\",\"@id\":\"https:\\\/\\\/kbbm.be\\\/nl\\\/forest-shop\\\/le-frene-en-liberte\\\/\",\"url\":\"https:\\\/\\\/kbbm.be\\\/nl\\\/forest-shop\\\/le-frene-en-liberte\\\/\",\"name\":\"Le fr\u00eane en libert\u00e9 - Soci\u00e9t\u00e9 Royale Foresti\u00e8re de Belgique\",\"isPartOf\":{\"@id\":\"https:\\\/\\\/srfb.be\\\/de\\\/#website\"},\"primaryImageOfPage\":{\"@id\":\"https:\\\/\\\/kbbm.be\\\/nl\\\/forest-shop\\\/le-frene-en-liberte\\\/#primaryimage\"},\"image\":{\"@id\":\"https:\\\/\\\/kbbm.be\\\/nl\\\/forest-shop\\\/le-frene-en-liberte\\\/#primaryimage\"},\"thumbnailUrl\":\"https:\\\/\\\/srfb.be\\\/wp-content\\\/uploads\\\/2020\\\/03\\\/fr\u00eane-en-libert\u00e9.jpg\",\"datePublished\":\"2020-03-20T13:46:29+00:00\",\"dateModified\":\"2026-03-03T15:55:03+00:00\",\"breadcrumb\":{\"@id\":\"https:\\\/\\\/kbbm.be\\\/nl\\\/forest-shop\\\/le-frene-en-liberte\\\/#breadcrumb\"},\"inLanguage\":\"de\",\"potentialAction\":[{\"@type\":\"ReadAction\",\"target\":[\"https:\\\/\\\/kbbm.be\\\/nl\\\/forest-shop\\\/le-frene-en-liberte\\\/\"]}]},{\"@type\":\"ImageObject\",\"inLanguage\":\"de\",\"@id\":\"https:\\\/\\\/kbbm.be\\\/nl\\\/forest-shop\\\/le-frene-en-liberte\\\/#primaryimage\",\"url\":\"https:\\\/\\\/srfb.be\\\/wp-content\\\/uploads\\\/2020\\\/03\\\/fr\u00eane-en-libert\u00e9.jpg\",\"contentUrl\":\"https:\\\/\\\/srfb.be\\\/wp-content\\\/uploads\\\/2020\\\/03\\\/fr\u00eane-en-libert\u00e9.jpg\",\"width\":904,\"height\":1416},{\"@type\":\"BreadcrumbList\",\"@id\":\"https:\\\/\\\/kbbm.be\\\/nl\\\/forest-shop\\\/le-frene-en-liberte\\\/#breadcrumb\",\"itemListElement\":[{\"@type\":\"ListItem\",\"position\":1,\"name\":\"Accueil\",\"item\":\"https:\\\/\\\/srfb.be\\\/de\\\/\"},{\"@type\":\"ListItem\",\"position\":2,\"name\":\"Produkte\",\"item\":\"https:\\\/\\\/srfb.be\\\/de\\\/shop\\\/\"},{\"@type\":\"ListItem\",\"position\":3,\"name\":\"Le fr\u00eane en libert\u00e9\"}]},{\"@type\":\"WebSite\",\"@id\":\"https:\\\/\\\/srfb.be\\\/de\\\/#website\",\"url\":\"https:\\\/\\\/srfb.be\\\/de\\\/\",\"name\":\"Soci\u00e9t\u00e9 Royale Foresti\u00e8re de Belgique\",\"description\":\"Au service de la for\u00eat et des forestiers\",\"publisher\":{\"@id\":\"https:\\\/\\\/srfb.be\\\/de\\\/#organization\"},\"alternateName\":\"SRFB-KBBM\",\"potentialAction\":[{\"@type\":\"SearchAction\",\"target\":{\"@type\":\"EntryPoint\",\"urlTemplate\":\"https:\\\/\\\/srfb.be\\\/de\\\/?s={search_term_string}\"},\"query-input\":{\"@type\":\"PropertyValueSpecification\",\"valueRequired\":true,\"valueName\":\"search_term_string\"}}],\"inLanguage\":\"de\"},{\"@type\":\"Organization\",\"@id\":\"https:\\\/\\\/srfb.be\\\/de\\\/#organization\",\"name\":\"Soci\u00e9t\u00e9 Royale Foresti\u00e8re De Belgique - Koninklijke Belgische Bosbouwmaatschappij\",\"alternateName\":\"SRFB-KBBM\",\"url\":\"https:\\\/\\\/srfb.be\\\/de\\\/\",\"logo\":{\"@type\":\"ImageObject\",\"inLanguage\":\"de\",\"@id\":\"https:\\\/\\\/srfb.be\\\/de\\\/#\\\/schema\\\/logo\\\/image\\\/\",\"url\":\"https:\\\/\\\/srfb.be\\\/wp-content\\\/uploads\\\/2019\\\/06\\\/android-chrome-256x256.png\",\"contentUrl\":\"https:\\\/\\\/srfb.be\\\/wp-content\\\/uploads\\\/2019\\\/06\\\/android-chrome-256x256.png\",\"width\":1200,\"height\":1232,\"caption\":\"Soci\u00e9t\u00e9 Royale Foresti\u00e8re De Belgique - Koninklijke Belgische Bosbouwmaatschappij\"},\"image\":{\"@id\":\"https:\\\/\\\/srfb.be\\\/de\\\/#\\\/schema\\\/logo\\\/image\\\/\"},\"sameAs\":[\"https:\\\/\\\/www.facebook.com\\\/srfb.be\",\"https:\\\/\\\/www.instagram.com\\\/srfb_kbbm\\\/\",\"https:\\\/\\\/www.linkedin.com\\\/company\\\/srfb-kbbm\\\/\",\"https:\\\/\\\/www.youtube.com\\\/user\\\/srfbkbbm\"]}]}<\/script>\n<!-- \/ Yoast SEO plugin. -->","yoast_head_json":{"title":"Die Esche in freier Wildbahn - K\u00f6niglich Belgische Forstgesellschaft","robots":{"index":"index","follow":"follow","max-snippet":"max-snippet:-1","max-image-preview":"max-image-preview:large","max-video-preview":"max-video-preview:-1"},"canonical":"https:\/\/kbbm.be\/nl\/forest-shop\/le-frene-en-liberte\/","og_locale":"de_DE","og_type":"article","og_title":"Le fr\u00eane en libert\u00e9 - Soci\u00e9t\u00e9 Royale Foresti\u00e8re de Belgique","og_description":"\u00c0 la fois roman et ouvrage scientifique, nous conseillons la lecture de cet ouvrage \u00e0 tous ceux qui poss\u00e8dent des fr\u00eanes. On y trouve de nombreuses informations sur cette essence produisant du bois de haute qualit\u00e9 et se vendant \u00e0 des prix \u00e9gaux ou sup\u00e9rieurs \u00e0 ceux des meilleurs ch\u00eanes. 24 x 16 cm, 192 pages","og_url":"https:\/\/kbbm.be\/nl\/forest-shop\/le-frene-en-liberte\/","og_site_name":"Soci\u00e9t\u00e9 Royale Foresti\u00e8re de Belgique","article_publisher":"https:\/\/www.facebook.com\/srfb.be","article_modified_time":"2026-03-03T15:55:03+00:00","og_image":[{"width":904,"height":1416,"url":"https:\/\/kbbm.be\/wp-content\/uploads\/2020\/03\/fr\u00eane-en-libert\u00e9.jpg","type":"image\/jpeg"}],"schema":{"@context":"https:\/\/schema.org","@graph":[{"@type":"WebPage","@id":"https:\/\/kbbm.be\/nl\/forest-shop\/le-frene-en-liberte\/","url":"https:\/\/kbbm.be\/nl\/forest-shop\/le-frene-en-liberte\/","name":"Die Esche in freier Wildbahn - K\u00f6niglich Belgische Forstgesellschaft","isPartOf":{"@id":"https:\/\/srfb.be\/de\/#website"},"primaryImageOfPage":{"@id":"https:\/\/kbbm.be\/nl\/forest-shop\/le-frene-en-liberte\/#primaryimage"},"image":{"@id":"https:\/\/kbbm.be\/nl\/forest-shop\/le-frene-en-liberte\/#primaryimage"},"thumbnailUrl":"https:\/\/srfb.be\/wp-content\/uploads\/2020\/03\/fr\u00eane-en-libert\u00e9.jpg","datePublished":"2020-03-20T13:46:29+00:00","dateModified":"2026-03-03T15:55:03+00:00","breadcrumb":{"@id":"https:\/\/kbbm.be\/nl\/forest-shop\/le-frene-en-liberte\/#breadcrumb"},"inLanguage":"de","potentialAction":[{"@type":"ReadAction","target":["https:\/\/kbbm.be\/nl\/forest-shop\/le-frene-en-liberte\/"]}]},{"@type":"ImageObject","inLanguage":"de","@id":"https:\/\/kbbm.be\/nl\/forest-shop\/le-frene-en-liberte\/#primaryimage","url":"https:\/\/srfb.be\/wp-content\/uploads\/2020\/03\/fr\u00eane-en-libert\u00e9.jpg","contentUrl":"https:\/\/srfb.be\/wp-content\/uploads\/2020\/03\/fr\u00eane-en-libert\u00e9.jpg","width":904,"height":1416},{"@type":"BreadcrumbList","@id":"https:\/\/kbbm.be\/nl\/forest-shop\/le-frene-en-liberte\/#breadcrumb","itemListElement":[{"@type":"ListItem","position":1,"name":"Accueil","item":"https:\/\/srfb.be\/de\/"},{"@type":"ListItem","position":2,"name":"Produkte","item":"https:\/\/srfb.be\/de\/shop\/"},{"@type":"ListItem","position":3,"name":"Le fr\u00eane en libert\u00e9"}]},{"@type":"WebSite","@id":"https:\/\/srfb.be\/de\/#website","url":"https:\/\/srfb.be\/de\/","name":"K\u00f6nigliche Forstverein Belgiens","description":"Im Dienste des Waldes und der F\u00f6rster","publisher":{"@id":"https:\/\/srfb.be\/de\/#organization"},"alternateName":"SRFB-KBBM","potentialAction":[{"@type":"SearchAction","target":{"@type":"EntryPoint","urlTemplate":"https:\/\/srfb.be\/de\/?s={search_term_string}"},"query-input":{"@type":"PropertyValueSpecification","valueRequired":true,"valueName":"search_term_string"}}],"inLanguage":"de"},{"@type":"Organization","@id":"https:\/\/srfb.be\/de\/#organization","name":"Soci\u00e9t\u00e9 Royale Foresti\u00e8re De Belgique - Koninklijke Belgische Bosbouwmaatschappij","alternateName":"SRFB-KBBM","url":"https:\/\/srfb.be\/de\/","logo":{"@type":"ImageObject","inLanguage":"de","@id":"https:\/\/srfb.be\/de\/#\/schema\/logo\/image\/","url":"https:\/\/srfb.be\/wp-content\/uploads\/2019\/06\/android-chrome-256x256.png","contentUrl":"https:\/\/srfb.be\/wp-content\/uploads\/2019\/06\/android-chrome-256x256.png","width":1200,"height":1232,"caption":"Soci\u00e9t\u00e9 Royale Foresti\u00e8re De Belgique - Koninklijke Belgische Bosbouwmaatschappij"},"image":{"@id":"https:\/\/srfb.be\/de\/#\/schema\/logo\/image\/"},"sameAs":["https:\/\/www.facebook.com\/srfb.be","https:\/\/www.instagram.com\/srfb_kbbm\/","https:\/\/www.linkedin.com\/company\/srfb-kbbm\/","https:\/\/www.youtube.com\/user\/srfbkbbm"]}]}},"_links":{"self":[{"href":"https:\/\/srfb.be\/de\/wp-json\/wp\/v2\/product\/10890","targetHints":{"allow":["GET"]}}],"collection":[{"href":"https:\/\/srfb.be\/de\/wp-json\/wp\/v2\/product"}],"about":[{"href":"https:\/\/srfb.be\/de\/wp-json\/wp\/v2\/types\/product"}],"replies":[{"embeddable":true,"href":"https:\/\/srfb.be\/de\/wp-json\/wp\/v2\/comments?post=10890"}],"wp:featuredmedia":[{"embeddable":true,"href":"https:\/\/srfb.be\/de\/wp-json\/wp\/v2\/media\/10891"}],"wp:attachment":[{"href":"https:\/\/srfb.be\/de\/wp-json\/wp\/v2\/media?parent=10890"}],"wp:term":[{"taxonomy":"product_brand","embeddable":true,"href":"https:\/\/srfb.be\/de\/wp-json\/wp\/v2\/product_brand?post=10890"},{"taxonomy":"product_cat","embeddable":true,"href":"https:\/\/srfb.be\/de\/wp-json\/wp\/v2\/product_cat?post=10890"},{"taxonomy":"product_tag","embeddable":true,"href":"https:\/\/srfb.be\/de\/wp-json\/wp\/v2\/product_tag?post=10890"}],"curies":[{"name":"wp","href":"https:\/\/api.w.org\/{rel}","templated":true}]}}