{"id":10882,"date":"2020-03-20T14:44:27","date_gmt":"2020-03-20T14:44:27","guid":{"rendered":"https:\/\/new.srfb.be\/?post_type=product&#038;p=10882"},"modified":"2026-03-03T16:51:58","modified_gmt":"2026-03-03T15:51:58","slug":"les-manchons-grillages","status":"publish","type":"product","link":"https:\/\/srfb.be\/de\/forest-shop\/les-manchons-grillages\/","title":{"rendered":"Die Gitterh\u00fclsen"},"content":{"rendered":"","protected":false},"excerpt":{"rendered":"<p>Hirsche haben einen legitimen und notwendigen Platz im \u00d6kosystem, aber das biologische Gleichgewicht von W\u00e4ldern und offenen Lebensr\u00e4umen ist manchmal durch ihre demografische und geografische Ausbreitung gef\u00e4hrdet. Um die Anwesenheit des Wildes und die Verj\u00fcngung der B\u00e4ume miteinander zu verbinden, ist der Schutz von Plantagen die wirksamste L\u00f6sung. Das Buch beschreibt alle m\u00f6glichen Wildsch\u00e4den an B\u00e4umen und ihre Kriterien zur Identifizierung im Feld. Es soll die korrekte Bestimmung des f\u00fcr den Schaden verantwortlichen Tieres erleichtern und so die Auswahl eines geeigneten Schutzprodukts erm\u00f6glichen.<br \/>\n21 x 29,7 cm, 67 Seiten<\/p>","protected":false},"featured_media":10883,"comment_status":"open","ping_status":"closed","template":"","meta":{"iawp_total_views":37},"product_brand":[],"product_cat":[693,314],"product_tag":[],"class_list":{"0":"post-10882","1":"product","2":"type-product","3":"status-publish","4":"has-post-thumbnail","6":"product_cat-foret-gibier","7":"product_cat-sylviculture","9":"first","10":"instock","11":"shipping-taxable","12":"purchasable","13":"product-type-simple"},"yoast_head":"<!-- This site is optimized with the Yoast SEO plugin v27.3 - https:\/\/yoast.com\/product\/yoast-seo-wordpress\/ -->\n<title>Les manchons grillag\u00e9s - Soci\u00e9t\u00e9 Royale Foresti\u00e8re de Belgique<\/title>\n<meta name=\"robots\" content=\"index, follow, max-snippet:-1, max-image-preview:large, max-video-preview:-1\" \/>\n<link rel=\"canonical\" href=\"https:\/\/srfb.be\/de\/forest-shop\/les-manchons-grillages\/\" \/>\n<meta property=\"og:locale\" content=\"de_DE\" \/>\n<meta property=\"og:type\" content=\"article\" \/>\n<meta property=\"og:title\" content=\"Les manchons grillag\u00e9s - Soci\u00e9t\u00e9 Royale Foresti\u00e8re de Belgique\" \/>\n<meta property=\"og:description\" content=\"Les cervid\u00e9s ont une place l\u00e9gitime et n\u00e9cessaire dans l\u2019\u00e9cosyst\u00e8me mais l\u2019\u00e9quilibre biologique de la for\u00eat et des milieux ouverts est parfois menac\u00e9 par leur expansion d\u00e9mographique et g\u00e9ographique. Pour allier la pr\u00e9sence du gibier et la r\u00e9g\u00e9n\u00e9ration des arbres, la solution la plus efficace consiste \u00e0 prot\u00e9ger les plantations. L\u2019ouvrage d\u00e9crit l\u2019ensemble des dommages possibles caus\u00e9s par le gibier aux arbres et leurs crit\u00e8res d\u2019identification sur le terrain. Il vise \u00e0 faciliter la d\u00e9termination correcte de l\u2019animal responsable des d\u00e9g\u00e2ts permettant le choix d\u2019un produit ad\u00e9quat de protection. 21 x 29,7 cm, 67 pages\" \/>\n<meta property=\"og:url\" content=\"https:\/\/srfb.be\/de\/forest-shop\/les-manchons-grillages\/\" \/>\n<meta property=\"og:site_name\" content=\"Soci\u00e9t\u00e9 Royale Foresti\u00e8re de Belgique\" \/>\n<meta property=\"article:publisher\" content=\"https:\/\/www.facebook.com\/srfb.be\" \/>\n<meta property=\"article:modified_time\" content=\"2026-03-03T15:51:58+00:00\" \/>\n<meta property=\"og:image\" content=\"https:\/\/srfb.be\/wp-content\/uploads\/2020\/03\/manchons_grillag\u00e9s-scaled.jpg\" \/>\n\t<meta property=\"og:image:width\" content=\"1193\" \/>\n\t<meta property=\"og:image:height\" content=\"1700\" \/>\n\t<meta property=\"og:image:type\" content=\"image\/jpeg\" \/>\n<script type=\"application\/ld+json\" class=\"yoast-schema-graph\">{\"@context\":\"https:\\\/\\\/schema.org\",\"@graph\":[{\"@type\":\"WebPage\",\"@id\":\"https:\\\/\\\/srfb.be\\\/en\\\/forest-shop\\\/les-manchons-grillages\\\/\",\"url\":\"https:\\\/\\\/srfb.be\\\/en\\\/forest-shop\\\/les-manchons-grillages\\\/\",\"name\":\"Les manchons grillag\u00e9s - Soci\u00e9t\u00e9 Royale Foresti\u00e8re de Belgique\",\"isPartOf\":{\"@id\":\"https:\\\/\\\/srfb.be\\\/de\\\/#website\"},\"primaryImageOfPage\":{\"@id\":\"https:\\\/\\\/srfb.be\\\/en\\\/forest-shop\\\/les-manchons-grillages\\\/#primaryimage\"},\"image\":{\"@id\":\"https:\\\/\\\/srfb.be\\\/en\\\/forest-shop\\\/les-manchons-grillages\\\/#primaryimage\"},\"thumbnailUrl\":\"https:\\\/\\\/srfb.be\\\/wp-content\\\/uploads\\\/2020\\\/03\\\/manchons_grillag\u00e9s-scaled.jpg\",\"datePublished\":\"2020-03-20T14:44:27+00:00\",\"dateModified\":\"2026-03-03T15:51:58+00:00\",\"breadcrumb\":{\"@id\":\"https:\\\/\\\/srfb.be\\\/en\\\/forest-shop\\\/les-manchons-grillages\\\/#breadcrumb\"},\"inLanguage\":\"de\",\"potentialAction\":[{\"@type\":\"ReadAction\",\"target\":[\"https:\\\/\\\/srfb.be\\\/en\\\/forest-shop\\\/les-manchons-grillages\\\/\"]}]},{\"@type\":\"ImageObject\",\"inLanguage\":\"de\",\"@id\":\"https:\\\/\\\/srfb.be\\\/en\\\/forest-shop\\\/les-manchons-grillages\\\/#primaryimage\",\"url\":\"https:\\\/\\\/srfb.be\\\/wp-content\\\/uploads\\\/2020\\\/03\\\/manchons_grillag\u00e9s-scaled.jpg\",\"contentUrl\":\"https:\\\/\\\/srfb.be\\\/wp-content\\\/uploads\\\/2020\\\/03\\\/manchons_grillag\u00e9s-scaled.jpg\",\"width\":1193,\"height\":1700},{\"@type\":\"BreadcrumbList\",\"@id\":\"https:\\\/\\\/srfb.be\\\/en\\\/forest-shop\\\/les-manchons-grillages\\\/#breadcrumb\",\"itemListElement\":[{\"@type\":\"ListItem\",\"position\":1,\"name\":\"Accueil\",\"item\":\"https:\\\/\\\/srfb.be\\\/de\\\/\"},{\"@type\":\"ListItem\",\"position\":2,\"name\":\"Produkte\",\"item\":\"https:\\\/\\\/srfb.be\\\/de\\\/shop\\\/\"},{\"@type\":\"ListItem\",\"position\":3,\"name\":\"Les manchons grillag\u00e9s\"}]},{\"@type\":\"WebSite\",\"@id\":\"https:\\\/\\\/srfb.be\\\/de\\\/#website\",\"url\":\"https:\\\/\\\/srfb.be\\\/de\\\/\",\"name\":\"Soci\u00e9t\u00e9 Royale Foresti\u00e8re de Belgique\",\"description\":\"Au service de la for\u00eat et des forestiers\",\"publisher\":{\"@id\":\"https:\\\/\\\/srfb.be\\\/de\\\/#organization\"},\"alternateName\":\"SRFB-KBBM\",\"potentialAction\":[{\"@type\":\"SearchAction\",\"target\":{\"@type\":\"EntryPoint\",\"urlTemplate\":\"https:\\\/\\\/srfb.be\\\/de\\\/?s={search_term_string}\"},\"query-input\":{\"@type\":\"PropertyValueSpecification\",\"valueRequired\":true,\"valueName\":\"search_term_string\"}}],\"inLanguage\":\"de\"},{\"@type\":\"Organization\",\"@id\":\"https:\\\/\\\/srfb.be\\\/de\\\/#organization\",\"name\":\"Soci\u00e9t\u00e9 Royale Foresti\u00e8re De Belgique - Koninklijke Belgische Bosbouwmaatschappij\",\"alternateName\":\"SRFB-KBBM\",\"url\":\"https:\\\/\\\/srfb.be\\\/de\\\/\",\"logo\":{\"@type\":\"ImageObject\",\"inLanguage\":\"de\",\"@id\":\"https:\\\/\\\/srfb.be\\\/de\\\/#\\\/schema\\\/logo\\\/image\\\/\",\"url\":\"https:\\\/\\\/srfb.be\\\/wp-content\\\/uploads\\\/2019\\\/06\\\/android-chrome-256x256.png\",\"contentUrl\":\"https:\\\/\\\/srfb.be\\\/wp-content\\\/uploads\\\/2019\\\/06\\\/android-chrome-256x256.png\",\"width\":1200,\"height\":1232,\"caption\":\"Soci\u00e9t\u00e9 Royale Foresti\u00e8re De Belgique - Koninklijke Belgische Bosbouwmaatschappij\"},\"image\":{\"@id\":\"https:\\\/\\\/srfb.be\\\/de\\\/#\\\/schema\\\/logo\\\/image\\\/\"},\"sameAs\":[\"https:\\\/\\\/www.facebook.com\\\/srfb.be\",\"https:\\\/\\\/www.instagram.com\\\/srfb_kbbm\\\/\",\"https:\\\/\\\/www.linkedin.com\\\/company\\\/srfb-kbbm\\\/\",\"https:\\\/\\\/www.youtube.com\\\/user\\\/srfbkbbm\"]}]}<\/script>\n<!-- \/ Yoast SEO plugin. -->","yoast_head_json":{"title":"Gitterh\u00fclsen - K\u00f6nigliche Forstgesellschaft von Belgien","robots":{"index":"index","follow":"follow","max-snippet":"max-snippet:-1","max-image-preview":"max-image-preview:large","max-video-preview":"max-video-preview:-1"},"canonical":"https:\/\/srfb.be\/de\/forest-shop\/les-manchons-grillages\/","og_locale":"de_DE","og_type":"article","og_title":"Les manchons grillag\u00e9s - Soci\u00e9t\u00e9 Royale Foresti\u00e8re de Belgique","og_description":"Les cervid\u00e9s ont une place l\u00e9gitime et n\u00e9cessaire dans l\u2019\u00e9cosyst\u00e8me mais l\u2019\u00e9quilibre biologique de la for\u00eat et des milieux ouverts est parfois menac\u00e9 par leur expansion d\u00e9mographique et g\u00e9ographique. Pour allier la pr\u00e9sence du gibier et la r\u00e9g\u00e9n\u00e9ration des arbres, la solution la plus efficace consiste \u00e0 prot\u00e9ger les plantations. L\u2019ouvrage d\u00e9crit l\u2019ensemble des dommages possibles caus\u00e9s par le gibier aux arbres et leurs crit\u00e8res d\u2019identification sur le terrain. Il vise \u00e0 faciliter la d\u00e9termination correcte de l\u2019animal responsable des d\u00e9g\u00e2ts permettant le choix d\u2019un produit ad\u00e9quat de protection. 21 x 29,7 cm, 67 pages","og_url":"https:\/\/srfb.be\/de\/forest-shop\/les-manchons-grillages\/","og_site_name":"Soci\u00e9t\u00e9 Royale Foresti\u00e8re de Belgique","article_publisher":"https:\/\/www.facebook.com\/srfb.be","article_modified_time":"2026-03-03T15:51:58+00:00","og_image":[{"width":1193,"height":1700,"url":"https:\/\/srfb.be\/wp-content\/uploads\/2020\/03\/manchons_grillag\u00e9s-scaled.jpg","type":"image\/jpeg"}],"schema":{"@context":"https:\/\/schema.org","@graph":[{"@type":"WebPage","@id":"https:\/\/srfb.be\/en\/forest-shop\/les-manchons-grillages\/","url":"https:\/\/srfb.be\/en\/forest-shop\/les-manchons-grillages\/","name":"Gitterh\u00fclsen - K\u00f6nigliche Forstgesellschaft von Belgien","isPartOf":{"@id":"https:\/\/srfb.be\/de\/#website"},"primaryImageOfPage":{"@id":"https:\/\/srfb.be\/en\/forest-shop\/les-manchons-grillages\/#primaryimage"},"image":{"@id":"https:\/\/srfb.be\/en\/forest-shop\/les-manchons-grillages\/#primaryimage"},"thumbnailUrl":"https:\/\/srfb.be\/wp-content\/uploads\/2020\/03\/manchons_grillag\u00e9s-scaled.jpg","datePublished":"2020-03-20T14:44:27+00:00","dateModified":"2026-03-03T15:51:58+00:00","breadcrumb":{"@id":"https:\/\/srfb.be\/en\/forest-shop\/les-manchons-grillages\/#breadcrumb"},"inLanguage":"de","potentialAction":[{"@type":"ReadAction","target":["https:\/\/srfb.be\/en\/forest-shop\/les-manchons-grillages\/"]}]},{"@type":"ImageObject","inLanguage":"de","@id":"https:\/\/srfb.be\/en\/forest-shop\/les-manchons-grillages\/#primaryimage","url":"https:\/\/srfb.be\/wp-content\/uploads\/2020\/03\/manchons_grillag\u00e9s-scaled.jpg","contentUrl":"https:\/\/srfb.be\/wp-content\/uploads\/2020\/03\/manchons_grillag\u00e9s-scaled.jpg","width":1193,"height":1700},{"@type":"BreadcrumbList","@id":"https:\/\/srfb.be\/en\/forest-shop\/les-manchons-grillages\/#breadcrumb","itemListElement":[{"@type":"ListItem","position":1,"name":"Accueil","item":"https:\/\/srfb.be\/de\/"},{"@type":"ListItem","position":2,"name":"Produkte","item":"https:\/\/srfb.be\/de\/shop\/"},{"@type":"ListItem","position":3,"name":"Les manchons grillag\u00e9s"}]},{"@type":"WebSite","@id":"https:\/\/srfb.be\/de\/#website","url":"https:\/\/srfb.be\/de\/","name":"K\u00f6nigliche Forstverein Belgiens","description":"Im Dienste des Waldes und der F\u00f6rster","publisher":{"@id":"https:\/\/srfb.be\/de\/#organization"},"alternateName":"SRFB-KBBM","potentialAction":[{"@type":"SearchAction","target":{"@type":"EntryPoint","urlTemplate":"https:\/\/srfb.be\/de\/?s={search_term_string}"},"query-input":{"@type":"PropertyValueSpecification","valueRequired":true,"valueName":"search_term_string"}}],"inLanguage":"de"},{"@type":"Organization","@id":"https:\/\/srfb.be\/de\/#organization","name":"Soci\u00e9t\u00e9 Royale Foresti\u00e8re De Belgique - Koninklijke Belgische Bosbouwmaatschappij","alternateName":"SRFB-KBBM","url":"https:\/\/srfb.be\/de\/","logo":{"@type":"ImageObject","inLanguage":"de","@id":"https:\/\/srfb.be\/de\/#\/schema\/logo\/image\/","url":"https:\/\/srfb.be\/wp-content\/uploads\/2019\/06\/android-chrome-256x256.png","contentUrl":"https:\/\/srfb.be\/wp-content\/uploads\/2019\/06\/android-chrome-256x256.png","width":1200,"height":1232,"caption":"Soci\u00e9t\u00e9 Royale Foresti\u00e8re De Belgique - Koninklijke Belgische Bosbouwmaatschappij"},"image":{"@id":"https:\/\/srfb.be\/de\/#\/schema\/logo\/image\/"},"sameAs":["https:\/\/www.facebook.com\/srfb.be","https:\/\/www.instagram.com\/srfb_kbbm\/","https:\/\/www.linkedin.com\/company\/srfb-kbbm\/","https:\/\/www.youtube.com\/user\/srfbkbbm"]}]}},"_links":{"self":[{"href":"https:\/\/srfb.be\/de\/wp-json\/wp\/v2\/product\/10882","targetHints":{"allow":["GET"]}}],"collection":[{"href":"https:\/\/srfb.be\/de\/wp-json\/wp\/v2\/product"}],"about":[{"href":"https:\/\/srfb.be\/de\/wp-json\/wp\/v2\/types\/product"}],"replies":[{"embeddable":true,"href":"https:\/\/srfb.be\/de\/wp-json\/wp\/v2\/comments?post=10882"}],"wp:featuredmedia":[{"embeddable":true,"href":"https:\/\/srfb.be\/de\/wp-json\/wp\/v2\/media\/10883"}],"wp:attachment":[{"href":"https:\/\/srfb.be\/de\/wp-json\/wp\/v2\/media?parent=10882"}],"wp:term":[{"taxonomy":"product_brand","embeddable":true,"href":"https:\/\/srfb.be\/de\/wp-json\/wp\/v2\/product_brand?post=10882"},{"taxonomy":"product_cat","embeddable":true,"href":"https:\/\/srfb.be\/de\/wp-json\/wp\/v2\/product_cat?post=10882"},{"taxonomy":"product_tag","embeddable":true,"href":"https:\/\/srfb.be\/de\/wp-json\/wp\/v2\/product_tag?post=10882"}],"curies":[{"name":"wp","href":"https:\/\/api.w.org\/{rel}","templated":true}]}}