{"id":10850,"date":"2020-03-20T14:26:29","date_gmt":"2020-03-20T14:26:29","guid":{"rendered":"https:\/\/new.srfb.be\/?post_type=product&#038;p=10850"},"modified":"2026-03-03T16:48:35","modified_gmt":"2026-03-03T15:48:35","slug":"photographier-la-foret-en-foret","status":"publish","type":"product","link":"https:\/\/srfb.be\/de\/forest-shop\/photographier-la-foret-en-foret\/","title":{"rendered":"Den Wald im Wald fotografieren"},"content":{"rendered":"","protected":false},"excerpt":{"rendered":"<p>Einf\u00fchrung in die Bildaufnahme - Methoden und praktischer Leitfaden<br \/>\nDen Wald zu fotografieren ist sowohl einfach als auch schwierig. Die Themen sind vielf\u00e4ltig, aber viele von ihnen erfordern einen besonders geeigneten fotografischen Ansatz. Dieses Buch bietet eine Einf\u00fchrung in das Fotografieren im Wald und hilft Menschen, die sich f\u00fcr Waldthemen interessieren, ihre Praxis zu verbessern.<br \/>\n16 x 24 cm, 272 Seiten<\/p>","protected":false},"featured_media":10852,"comment_status":"open","ping_status":"closed","template":"","meta":{"iawp_total_views":20},"product_brand":[],"product_cat":[696],"product_tag":[],"class_list":{"0":"post-10850","1":"product","2":"type-product","3":"status-publish","4":"has-post-thumbnail","6":"product_cat-visiteurs","8":"first","9":"instock","10":"shipping-taxable","11":"purchasable","12":"product-type-simple"},"yoast_head":"<!-- This site is optimized with the Yoast SEO plugin v27.3 - https:\/\/yoast.com\/product\/yoast-seo-wordpress\/ -->\n<title>Photographier la for\u00eat en for\u00eat - Soci\u00e9t\u00e9 Royale Foresti\u00e8re de Belgique<\/title>\n<meta name=\"robots\" content=\"index, follow, max-snippet:-1, max-image-preview:large, max-video-preview:-1\" \/>\n<link rel=\"canonical\" href=\"https:\/\/srfb.be\/de\/forest-shop\/photographier-la-foret-en-foret\/\" \/>\n<meta property=\"og:locale\" content=\"de_DE\" \/>\n<meta property=\"og:type\" content=\"article\" \/>\n<meta property=\"og:title\" content=\"Photographier la for\u00eat en for\u00eat - Soci\u00e9t\u00e9 Royale Foresti\u00e8re de Belgique\" \/>\n<meta property=\"og:description\" content=\"Initiation \u00e0 la prise de vue - M\u00e9thodes et guide pratique Photographier la for\u00eat est \u00e0 la fois simple et difficile. Les sujets y sont vari\u00e9s, mais beaucoup d\u2019entre eux n\u00e9cessitent une approche photographique particuli\u00e8rement adapt\u00e9e. Cet ouvrage propose donc d\u2019initier \u00e0 la prise de vue en for\u00eat, d\u2019aider les personnes s\u2019int\u00e9ressant aux sujets forestiers \u00e0 am\u00e9liorer leurs pratiques. 16 x 24 cm, 272 pages\" \/>\n<meta property=\"og:url\" content=\"https:\/\/srfb.be\/de\/forest-shop\/photographier-la-foret-en-foret\/\" \/>\n<meta property=\"og:site_name\" content=\"Soci\u00e9t\u00e9 Royale Foresti\u00e8re de Belgique\" \/>\n<meta property=\"article:publisher\" content=\"https:\/\/www.facebook.com\/srfb.be\" \/>\n<meta property=\"article:modified_time\" content=\"2026-03-03T15:48:35+00:00\" \/>\n<meta property=\"og:image\" content=\"https:\/\/srfb.be\/wp-content\/uploads\/2020\/03\/photographier-la-en-for\u00eat-scaled.jpg\" \/>\n\t<meta property=\"og:image:width\" content=\"1144\" \/>\n\t<meta property=\"og:image:height\" content=\"1700\" \/>\n\t<meta property=\"og:image:type\" content=\"image\/jpeg\" \/>\n<script type=\"application\/ld+json\" class=\"yoast-schema-graph\">{\"@context\":\"https:\\\/\\\/schema.org\",\"@graph\":[{\"@type\":\"WebPage\",\"@id\":\"https:\\\/\\\/srfb.be\\\/en\\\/forest-shop\\\/photographier-la-foret-en-foret\\\/\",\"url\":\"https:\\\/\\\/srfb.be\\\/en\\\/forest-shop\\\/photographier-la-foret-en-foret\\\/\",\"name\":\"Photographier la for\u00eat en for\u00eat - Soci\u00e9t\u00e9 Royale Foresti\u00e8re de Belgique\",\"isPartOf\":{\"@id\":\"https:\\\/\\\/kbbm.be\\\/de\\\/#website\"},\"primaryImageOfPage\":{\"@id\":\"https:\\\/\\\/srfb.be\\\/en\\\/forest-shop\\\/photographier-la-foret-en-foret\\\/#primaryimage\"},\"image\":{\"@id\":\"https:\\\/\\\/srfb.be\\\/en\\\/forest-shop\\\/photographier-la-foret-en-foret\\\/#primaryimage\"},\"thumbnailUrl\":\"https:\\\/\\\/srfb.be\\\/wp-content\\\/uploads\\\/2020\\\/03\\\/photographier-la-en-for\u00eat-scaled.jpg\",\"datePublished\":\"2020-03-20T14:26:29+00:00\",\"dateModified\":\"2026-03-03T15:48:35+00:00\",\"breadcrumb\":{\"@id\":\"https:\\\/\\\/srfb.be\\\/en\\\/forest-shop\\\/photographier-la-foret-en-foret\\\/#breadcrumb\"},\"inLanguage\":\"de\",\"potentialAction\":[{\"@type\":\"ReadAction\",\"target\":[\"https:\\\/\\\/srfb.be\\\/en\\\/forest-shop\\\/photographier-la-foret-en-foret\\\/\"]}]},{\"@type\":\"ImageObject\",\"inLanguage\":\"de\",\"@id\":\"https:\\\/\\\/srfb.be\\\/en\\\/forest-shop\\\/photographier-la-foret-en-foret\\\/#primaryimage\",\"url\":\"https:\\\/\\\/srfb.be\\\/wp-content\\\/uploads\\\/2020\\\/03\\\/photographier-la-en-for\u00eat-scaled.jpg\",\"contentUrl\":\"https:\\\/\\\/srfb.be\\\/wp-content\\\/uploads\\\/2020\\\/03\\\/photographier-la-en-for\u00eat-scaled.jpg\",\"width\":1144,\"height\":1700},{\"@type\":\"BreadcrumbList\",\"@id\":\"https:\\\/\\\/srfb.be\\\/en\\\/forest-shop\\\/photographier-la-foret-en-foret\\\/#breadcrumb\",\"itemListElement\":[{\"@type\":\"ListItem\",\"position\":1,\"name\":\"Accueil\",\"item\":\"https:\\\/\\\/kbbm.be\\\/de\\\/\"},{\"@type\":\"ListItem\",\"position\":2,\"name\":\"Producten\",\"item\":\"https:\\\/\\\/kbbm.be\\\/nl\\\/shop\\\/\"},{\"@type\":\"ListItem\",\"position\":3,\"name\":\"Photographier la for\u00eat en for\u00eat\"}]},{\"@type\":\"WebSite\",\"@id\":\"https:\\\/\\\/kbbm.be\\\/de\\\/#website\",\"url\":\"https:\\\/\\\/kbbm.be\\\/de\\\/\",\"name\":\"Soci\u00e9t\u00e9 Royale Foresti\u00e8re de Belgique\",\"description\":\"Au service de la for\u00eat et des forestiers\",\"publisher\":{\"@id\":\"https:\\\/\\\/kbbm.be\\\/de\\\/#organization\"},\"alternateName\":\"SRFB-KBBM\",\"potentialAction\":[{\"@type\":\"SearchAction\",\"target\":{\"@type\":\"EntryPoint\",\"urlTemplate\":\"https:\\\/\\\/kbbm.be\\\/de\\\/?s={search_term_string}\"},\"query-input\":{\"@type\":\"PropertyValueSpecification\",\"valueRequired\":true,\"valueName\":\"search_term_string\"}}],\"inLanguage\":\"de\"},{\"@type\":\"Organization\",\"@id\":\"https:\\\/\\\/kbbm.be\\\/de\\\/#organization\",\"name\":\"Soci\u00e9t\u00e9 Royale Foresti\u00e8re De Belgique - Koninklijke Belgische Bosbouwmaatschappij\",\"alternateName\":\"SRFB-KBBM\",\"url\":\"https:\\\/\\\/kbbm.be\\\/de\\\/\",\"logo\":{\"@type\":\"ImageObject\",\"inLanguage\":\"de\",\"@id\":\"https:\\\/\\\/kbbm.be\\\/de\\\/#\\\/schema\\\/logo\\\/image\\\/\",\"url\":\"https:\\\/\\\/srfb.be\\\/wp-content\\\/uploads\\\/2019\\\/06\\\/android-chrome-256x256.png\",\"contentUrl\":\"https:\\\/\\\/srfb.be\\\/wp-content\\\/uploads\\\/2019\\\/06\\\/android-chrome-256x256.png\",\"width\":1200,\"height\":1232,\"caption\":\"Soci\u00e9t\u00e9 Royale Foresti\u00e8re De Belgique - Koninklijke Belgische Bosbouwmaatschappij\"},\"image\":{\"@id\":\"https:\\\/\\\/kbbm.be\\\/de\\\/#\\\/schema\\\/logo\\\/image\\\/\"},\"sameAs\":[\"https:\\\/\\\/www.facebook.com\\\/srfb.be\",\"https:\\\/\\\/www.instagram.com\\\/srfb_kbbm\\\/\",\"https:\\\/\\\/www.linkedin.com\\\/company\\\/srfb-kbbm\\\/\",\"https:\\\/\\\/www.youtube.com\\\/user\\\/srfbkbbm\"]}]}<\/script>\n<!-- \/ Yoast SEO plugin. -->","yoast_head_json":{"title":"Den Wald im Wald fotografieren - K\u00f6nigliche Forstgesellschaft Belgiens","robots":{"index":"index","follow":"follow","max-snippet":"max-snippet:-1","max-image-preview":"max-image-preview:large","max-video-preview":"max-video-preview:-1"},"canonical":"https:\/\/srfb.be\/de\/forest-shop\/photographier-la-foret-en-foret\/","og_locale":"de_DE","og_type":"article","og_title":"Photographier la for\u00eat en for\u00eat - Soci\u00e9t\u00e9 Royale Foresti\u00e8re de Belgique","og_description":"Initiation \u00e0 la prise de vue - M\u00e9thodes et guide pratique Photographier la for\u00eat est \u00e0 la fois simple et difficile. Les sujets y sont vari\u00e9s, mais beaucoup d\u2019entre eux n\u00e9cessitent une approche photographique particuli\u00e8rement adapt\u00e9e. Cet ouvrage propose donc d\u2019initier \u00e0 la prise de vue en for\u00eat, d\u2019aider les personnes s\u2019int\u00e9ressant aux sujets forestiers \u00e0 am\u00e9liorer leurs pratiques. 16 x 24 cm, 272 pages","og_url":"https:\/\/srfb.be\/de\/forest-shop\/photographier-la-foret-en-foret\/","og_site_name":"Soci\u00e9t\u00e9 Royale Foresti\u00e8re de Belgique","article_publisher":"https:\/\/www.facebook.com\/srfb.be","article_modified_time":"2026-03-03T15:48:35+00:00","og_image":[{"width":1144,"height":1700,"url":"https:\/\/srfb.be\/wp-content\/uploads\/2020\/03\/photographier-la-en-for\u00eat-scaled.jpg","type":"image\/jpeg"}],"schema":{"@context":"https:\/\/schema.org","@graph":[{"@type":"WebPage","@id":"https:\/\/srfb.be\/en\/forest-shop\/photographier-la-foret-en-foret\/","url":"https:\/\/srfb.be\/en\/forest-shop\/photographier-la-foret-en-foret\/","name":"Den Wald im Wald fotografieren - K\u00f6nigliche Forstgesellschaft Belgiens","isPartOf":{"@id":"https:\/\/kbbm.be\/de\/#website"},"primaryImageOfPage":{"@id":"https:\/\/srfb.be\/en\/forest-shop\/photographier-la-foret-en-foret\/#primaryimage"},"image":{"@id":"https:\/\/srfb.be\/en\/forest-shop\/photographier-la-foret-en-foret\/#primaryimage"},"thumbnailUrl":"https:\/\/srfb.be\/wp-content\/uploads\/2020\/03\/photographier-la-en-for\u00eat-scaled.jpg","datePublished":"2020-03-20T14:26:29+00:00","dateModified":"2026-03-03T15:48:35+00:00","breadcrumb":{"@id":"https:\/\/srfb.be\/en\/forest-shop\/photographier-la-foret-en-foret\/#breadcrumb"},"inLanguage":"de","potentialAction":[{"@type":"ReadAction","target":["https:\/\/srfb.be\/en\/forest-shop\/photographier-la-foret-en-foret\/"]}]},{"@type":"ImageObject","inLanguage":"de","@id":"https:\/\/srfb.be\/en\/forest-shop\/photographier-la-foret-en-foret\/#primaryimage","url":"https:\/\/srfb.be\/wp-content\/uploads\/2020\/03\/photographier-la-en-for\u00eat-scaled.jpg","contentUrl":"https:\/\/srfb.be\/wp-content\/uploads\/2020\/03\/photographier-la-en-for\u00eat-scaled.jpg","width":1144,"height":1700},{"@type":"BreadcrumbList","@id":"https:\/\/srfb.be\/en\/forest-shop\/photographier-la-foret-en-foret\/#breadcrumb","itemListElement":[{"@type":"ListItem","position":1,"name":"Accueil","item":"https:\/\/kbbm.be\/de\/"},{"@type":"ListItem","position":2,"name":"Producten","item":"https:\/\/kbbm.be\/nl\/shop\/"},{"@type":"ListItem","position":3,"name":"Photographier la for\u00eat en for\u00eat"}]},{"@type":"WebSite","@id":"https:\/\/kbbm.be\/de\/#website","url":"https:\/\/kbbm.be\/de\/","name":"K\u00f6nigliche Forstverein Belgiens","description":"Im Dienste des Waldes und der F\u00f6rster","publisher":{"@id":"https:\/\/kbbm.be\/de\/#organization"},"alternateName":"SRFB-KBBM","potentialAction":[{"@type":"SearchAction","target":{"@type":"EntryPoint","urlTemplate":"https:\/\/kbbm.be\/de\/?s={search_term_string}"},"query-input":{"@type":"PropertyValueSpecification","valueRequired":true,"valueName":"search_term_string"}}],"inLanguage":"de"},{"@type":"Organization","@id":"https:\/\/kbbm.be\/de\/#organization","name":"Soci\u00e9t\u00e9 Royale Foresti\u00e8re De Belgique - Koninklijke Belgische Bosbouwmaatschappij","alternateName":"SRFB-KBBM","url":"https:\/\/kbbm.be\/de\/","logo":{"@type":"ImageObject","inLanguage":"de","@id":"https:\/\/kbbm.be\/de\/#\/schema\/logo\/image\/","url":"https:\/\/srfb.be\/wp-content\/uploads\/2019\/06\/android-chrome-256x256.png","contentUrl":"https:\/\/srfb.be\/wp-content\/uploads\/2019\/06\/android-chrome-256x256.png","width":1200,"height":1232,"caption":"Soci\u00e9t\u00e9 Royale Foresti\u00e8re De Belgique - Koninklijke Belgische Bosbouwmaatschappij"},"image":{"@id":"https:\/\/kbbm.be\/de\/#\/schema\/logo\/image\/"},"sameAs":["https:\/\/www.facebook.com\/srfb.be","https:\/\/www.instagram.com\/srfb_kbbm\/","https:\/\/www.linkedin.com\/company\/srfb-kbbm\/","https:\/\/www.youtube.com\/user\/srfbkbbm"]}]}},"_links":{"self":[{"href":"https:\/\/srfb.be\/de\/wp-json\/wp\/v2\/product\/10850","targetHints":{"allow":["GET"]}}],"collection":[{"href":"https:\/\/srfb.be\/de\/wp-json\/wp\/v2\/product"}],"about":[{"href":"https:\/\/srfb.be\/de\/wp-json\/wp\/v2\/types\/product"}],"replies":[{"embeddable":true,"href":"https:\/\/srfb.be\/de\/wp-json\/wp\/v2\/comments?post=10850"}],"wp:featuredmedia":[{"embeddable":true,"href":"https:\/\/srfb.be\/de\/wp-json\/wp\/v2\/media\/10852"}],"wp:attachment":[{"href":"https:\/\/srfb.be\/de\/wp-json\/wp\/v2\/media?parent=10850"}],"wp:term":[{"taxonomy":"product_brand","embeddable":true,"href":"https:\/\/srfb.be\/de\/wp-json\/wp\/v2\/product_brand?post=10850"},{"taxonomy":"product_cat","embeddable":true,"href":"https:\/\/srfb.be\/de\/wp-json\/wp\/v2\/product_cat?post=10850"},{"taxonomy":"product_tag","embeddable":true,"href":"https:\/\/srfb.be\/de\/wp-json\/wp\/v2\/product_tag?post=10850"}],"curies":[{"name":"wp","href":"https:\/\/api.w.org\/{rel}","templated":true}]}}