{"id":10822,"date":"2020-03-20T14:15:20","date_gmt":"2020-03-20T13:15:20","guid":{"rendered":"https:\/\/new.srfb.be\/?post_type=product&#038;p=10822"},"modified":"2025-11-04T07:55:28","modified_gmt":"2025-11-04T06:55:28","slug":"la-mesure-des-arbres-et-des-peuplements-forestiers","status":"publish","type":"product","link":"https:\/\/srfb.be\/de\/forest-shop\/la-mesure-des-arbres-et-des-peuplements-forestiers\/","title":{"rendered":"Die Vermessung von B\u00e4umen und Waldbest\u00e4nden"},"content":{"rendered":"","protected":false},"excerpt":{"rendered":"<p><strong>Neue aktualisierte Version im Jahr 2021.<\/strong><\/p>\n<p>Dieses Buch behandelt die Grundprinzipien der Messung von Holzmaterial und die Methoden zur Auswertung dendrometrischer Daten. Eines der wenigen Werke dieser Art in franz\u00f6sischer Sprache.<\/p>\n<p><strong>24 x 17 cm, <span data-olk-copy-source=\"MessageBody\">734 <\/span> Seiten<\/strong><\/p>\n<p>Autoren:\u00a0<strong>Jacques Rondeux<\/strong><br \/>\nHerausgeber :\u00a0<strong>Presses agronomiques de Gembloux<\/strong><\/p>","protected":false},"featured_media":21173,"comment_status":"open","ping_status":"closed","template":"","meta":{"iawp_total_views":52},"product_brand":[],"product_cat":[692,314],"product_tag":[],"class_list":{"0":"post-10822","1":"product","2":"type-product","3":"status-publish","4":"has-post-thumbnail","6":"product_cat-arboretum","7":"product_cat-sylviculture","9":"first","10":"instock","11":"shipping-taxable","12":"purchasable","13":"product-type-simple"},"yoast_head":"<!-- This site is optimized with the Yoast SEO plugin v27.3 - https:\/\/yoast.com\/product\/yoast-seo-wordpress\/ -->\n<title>La mesure des arbres et des peuplements forestiers - Soci\u00e9t\u00e9 Royale Foresti\u00e8re de Belgique<\/title>\n<meta name=\"robots\" content=\"index, follow, max-snippet:-1, max-image-preview:large, max-video-preview:-1\" \/>\n<link rel=\"canonical\" href=\"https:\/\/srfb.be\/de\/forest-shop\/la-mesure-des-arbres-et-des-peuplements-forestiers\/\" \/>\n<meta property=\"og:locale\" content=\"de_DE\" \/>\n<meta property=\"og:type\" content=\"article\" \/>\n<meta property=\"og:title\" content=\"La mesure des arbres et des peuplements forestiers - Soci\u00e9t\u00e9 Royale Foresti\u00e8re de Belgique\" \/>\n<meta property=\"og:description\" content=\"Nouvelle version mise \u00e0 jour en 2021.  Cet ouvrage aborde les principes fondamentaux de la mesure du mat\u00e9riel ligneux et les m\u00e9thodes d\u2019exploitation de donn\u00e9es dendrom\u00e9triques. Un des seuls ouvrages du genre en langue fran\u00e7aise.  24 x 17 cm, 734 pages  Auteurs :\u00a0Jacques Rondeux \u00c9diteur :\u00a0Presses agronomiques de Gembloux\" \/>\n<meta property=\"og:url\" content=\"https:\/\/srfb.be\/de\/forest-shop\/la-mesure-des-arbres-et-des-peuplements-forestiers\/\" \/>\n<meta property=\"og:site_name\" content=\"Soci\u00e9t\u00e9 Royale Foresti\u00e8re de Belgique\" \/>\n<meta property=\"article:publisher\" content=\"https:\/\/www.facebook.com\/srfb.be\" \/>\n<meta property=\"article:modified_time\" content=\"2025-11-04T06:55:28+00:00\" \/>\n<meta property=\"og:image\" content=\"https:\/\/srfb.be\/wp-content\/uploads\/2020\/03\/Mesure-Rondeux-2021.jpg\" \/>\n\t<meta property=\"og:image:width\" content=\"1098\" \/>\n\t<meta property=\"og:image:height\" content=\"1548\" \/>\n\t<meta property=\"og:image:type\" content=\"image\/jpeg\" \/>\n<script type=\"application\/ld+json\" class=\"yoast-schema-graph\">{\"@context\":\"https:\\\/\\\/schema.org\",\"@graph\":[{\"@type\":\"WebPage\",\"@id\":\"https:\\\/\\\/srfb.be\\\/de\\\/forest-shop\\\/la-mesure-des-arbres-et-des-peuplements-forestiers\\\/\",\"url\":\"https:\\\/\\\/srfb.be\\\/de\\\/forest-shop\\\/la-mesure-des-arbres-et-des-peuplements-forestiers\\\/\",\"name\":\"La mesure des arbres et des peuplements forestiers - Soci\u00e9t\u00e9 Royale Foresti\u00e8re de Belgique\",\"isPartOf\":{\"@id\":\"https:\\\/\\\/srfb.be\\\/de\\\/#website\"},\"primaryImageOfPage\":{\"@id\":\"https:\\\/\\\/srfb.be\\\/de\\\/forest-shop\\\/la-mesure-des-arbres-et-des-peuplements-forestiers\\\/#primaryimage\"},\"image\":{\"@id\":\"https:\\\/\\\/srfb.be\\\/de\\\/forest-shop\\\/la-mesure-des-arbres-et-des-peuplements-forestiers\\\/#primaryimage\"},\"thumbnailUrl\":\"https:\\\/\\\/srfb.be\\\/wp-content\\\/uploads\\\/2020\\\/03\\\/Mesure-Rondeux-2021.jpg\",\"datePublished\":\"2020-03-20T13:15:20+00:00\",\"dateModified\":\"2025-11-04T06:55:28+00:00\",\"breadcrumb\":{\"@id\":\"https:\\\/\\\/srfb.be\\\/de\\\/forest-shop\\\/la-mesure-des-arbres-et-des-peuplements-forestiers\\\/#breadcrumb\"},\"inLanguage\":\"de\",\"potentialAction\":[{\"@type\":\"ReadAction\",\"target\":[\"https:\\\/\\\/srfb.be\\\/de\\\/forest-shop\\\/la-mesure-des-arbres-et-des-peuplements-forestiers\\\/\"]}]},{\"@type\":\"ImageObject\",\"inLanguage\":\"de\",\"@id\":\"https:\\\/\\\/srfb.be\\\/de\\\/forest-shop\\\/la-mesure-des-arbres-et-des-peuplements-forestiers\\\/#primaryimage\",\"url\":\"https:\\\/\\\/srfb.be\\\/wp-content\\\/uploads\\\/2020\\\/03\\\/Mesure-Rondeux-2021.jpg\",\"contentUrl\":\"https:\\\/\\\/srfb.be\\\/wp-content\\\/uploads\\\/2020\\\/03\\\/Mesure-Rondeux-2021.jpg\",\"width\":1098,\"height\":1548},{\"@type\":\"BreadcrumbList\",\"@id\":\"https:\\\/\\\/srfb.be\\\/de\\\/forest-shop\\\/la-mesure-des-arbres-et-des-peuplements-forestiers\\\/#breadcrumb\",\"itemListElement\":[{\"@type\":\"ListItem\",\"position\":1,\"name\":\"Accueil\",\"item\":\"https:\\\/\\\/srfb.be\\\/de\\\/\"},{\"@type\":\"ListItem\",\"position\":2,\"name\":\"Produkte\",\"item\":\"https:\\\/\\\/srfb.be\\\/de\\\/shop\\\/\"},{\"@type\":\"ListItem\",\"position\":3,\"name\":\"La mesure des arbres et des peuplements forestiers\"}]},{\"@type\":\"WebSite\",\"@id\":\"https:\\\/\\\/srfb.be\\\/de\\\/#website\",\"url\":\"https:\\\/\\\/srfb.be\\\/de\\\/\",\"name\":\"Soci\u00e9t\u00e9 Royale Foresti\u00e8re de Belgique\",\"description\":\"Au service de la for\u00eat et des forestiers\",\"publisher\":{\"@id\":\"https:\\\/\\\/srfb.be\\\/de\\\/#organization\"},\"alternateName\":\"SRFB-KBBM\",\"potentialAction\":[{\"@type\":\"SearchAction\",\"target\":{\"@type\":\"EntryPoint\",\"urlTemplate\":\"https:\\\/\\\/srfb.be\\\/de\\\/?s={search_term_string}\"},\"query-input\":{\"@type\":\"PropertyValueSpecification\",\"valueRequired\":true,\"valueName\":\"search_term_string\"}}],\"inLanguage\":\"de\"},{\"@type\":\"Organization\",\"@id\":\"https:\\\/\\\/srfb.be\\\/de\\\/#organization\",\"name\":\"Soci\u00e9t\u00e9 Royale Foresti\u00e8re De Belgique - Koninklijke Belgische Bosbouwmaatschappij\",\"alternateName\":\"SRFB-KBBM\",\"url\":\"https:\\\/\\\/srfb.be\\\/de\\\/\",\"logo\":{\"@type\":\"ImageObject\",\"inLanguage\":\"de\",\"@id\":\"https:\\\/\\\/srfb.be\\\/de\\\/#\\\/schema\\\/logo\\\/image\\\/\",\"url\":\"https:\\\/\\\/srfb.be\\\/wp-content\\\/uploads\\\/2019\\\/06\\\/android-chrome-256x256.png\",\"contentUrl\":\"https:\\\/\\\/srfb.be\\\/wp-content\\\/uploads\\\/2019\\\/06\\\/android-chrome-256x256.png\",\"width\":1200,\"height\":1232,\"caption\":\"Soci\u00e9t\u00e9 Royale Foresti\u00e8re De Belgique - Koninklijke Belgische Bosbouwmaatschappij\"},\"image\":{\"@id\":\"https:\\\/\\\/srfb.be\\\/de\\\/#\\\/schema\\\/logo\\\/image\\\/\"},\"sameAs\":[\"https:\\\/\\\/www.facebook.com\\\/srfb.be\",\"https:\\\/\\\/www.instagram.com\\\/srfb_kbbm\\\/\",\"https:\\\/\\\/www.linkedin.com\\\/company\\\/srfb-kbbm\\\/\",\"https:\\\/\\\/www.youtube.com\\\/user\\\/srfbkbbm\"]}]}<\/script>\n<!-- \/ Yoast SEO plugin. -->","yoast_head_json":{"title":"Die Vermessung von B\u00e4umen und Waldbest\u00e4nden - Soci\u00e9t\u00e9 Royale Foresti\u00e8re de Belgique","robots":{"index":"index","follow":"follow","max-snippet":"max-snippet:-1","max-image-preview":"max-image-preview:large","max-video-preview":"max-video-preview:-1"},"canonical":"https:\/\/srfb.be\/de\/forest-shop\/la-mesure-des-arbres-et-des-peuplements-forestiers\/","og_locale":"de_DE","og_type":"article","og_title":"La mesure des arbres et des peuplements forestiers - Soci\u00e9t\u00e9 Royale Foresti\u00e8re de Belgique","og_description":"Nouvelle version mise \u00e0 jour en 2021.  Cet ouvrage aborde les principes fondamentaux de la mesure du mat\u00e9riel ligneux et les m\u00e9thodes d\u2019exploitation de donn\u00e9es dendrom\u00e9triques. Un des seuls ouvrages du genre en langue fran\u00e7aise.  24 x 17 cm, 734 pages  Auteurs :\u00a0Jacques Rondeux \u00c9diteur :\u00a0Presses agronomiques de Gembloux","og_url":"https:\/\/srfb.be\/de\/forest-shop\/la-mesure-des-arbres-et-des-peuplements-forestiers\/","og_site_name":"Soci\u00e9t\u00e9 Royale Foresti\u00e8re de Belgique","article_publisher":"https:\/\/www.facebook.com\/srfb.be","article_modified_time":"2025-11-04T06:55:28+00:00","og_image":[{"width":1098,"height":1548,"url":"https:\/\/srfb.be\/wp-content\/uploads\/2020\/03\/Mesure-Rondeux-2021.jpg","type":"image\/jpeg"}],"schema":{"@context":"https:\/\/schema.org","@graph":[{"@type":"WebPage","@id":"https:\/\/srfb.be\/de\/forest-shop\/la-mesure-des-arbres-et-des-peuplements-forestiers\/","url":"https:\/\/srfb.be\/de\/forest-shop\/la-mesure-des-arbres-et-des-peuplements-forestiers\/","name":"Die Vermessung von B\u00e4umen und Waldbest\u00e4nden - Soci\u00e9t\u00e9 Royale Foresti\u00e8re de Belgique","isPartOf":{"@id":"https:\/\/srfb.be\/de\/#website"},"primaryImageOfPage":{"@id":"https:\/\/srfb.be\/de\/forest-shop\/la-mesure-des-arbres-et-des-peuplements-forestiers\/#primaryimage"},"image":{"@id":"https:\/\/srfb.be\/de\/forest-shop\/la-mesure-des-arbres-et-des-peuplements-forestiers\/#primaryimage"},"thumbnailUrl":"https:\/\/srfb.be\/wp-content\/uploads\/2020\/03\/Mesure-Rondeux-2021.jpg","datePublished":"2020-03-20T13:15:20+00:00","dateModified":"2025-11-04T06:55:28+00:00","breadcrumb":{"@id":"https:\/\/srfb.be\/de\/forest-shop\/la-mesure-des-arbres-et-des-peuplements-forestiers\/#breadcrumb"},"inLanguage":"de","potentialAction":[{"@type":"ReadAction","target":["https:\/\/srfb.be\/de\/forest-shop\/la-mesure-des-arbres-et-des-peuplements-forestiers\/"]}]},{"@type":"ImageObject","inLanguage":"de","@id":"https:\/\/srfb.be\/de\/forest-shop\/la-mesure-des-arbres-et-des-peuplements-forestiers\/#primaryimage","url":"https:\/\/srfb.be\/wp-content\/uploads\/2020\/03\/Mesure-Rondeux-2021.jpg","contentUrl":"https:\/\/srfb.be\/wp-content\/uploads\/2020\/03\/Mesure-Rondeux-2021.jpg","width":1098,"height":1548},{"@type":"BreadcrumbList","@id":"https:\/\/srfb.be\/de\/forest-shop\/la-mesure-des-arbres-et-des-peuplements-forestiers\/#breadcrumb","itemListElement":[{"@type":"ListItem","position":1,"name":"Accueil","item":"https:\/\/srfb.be\/de\/"},{"@type":"ListItem","position":2,"name":"Produkte","item":"https:\/\/srfb.be\/de\/shop\/"},{"@type":"ListItem","position":3,"name":"La mesure des arbres et des peuplements forestiers"}]},{"@type":"WebSite","@id":"https:\/\/srfb.be\/de\/#website","url":"https:\/\/srfb.be\/de\/","name":"K\u00f6nigliche Forstverein Belgiens","description":"Im Dienste des Waldes und der F\u00f6rster","publisher":{"@id":"https:\/\/srfb.be\/de\/#organization"},"alternateName":"SRFB-KBBM","potentialAction":[{"@type":"SearchAction","target":{"@type":"EntryPoint","urlTemplate":"https:\/\/srfb.be\/de\/?s={search_term_string}"},"query-input":{"@type":"PropertyValueSpecification","valueRequired":true,"valueName":"search_term_string"}}],"inLanguage":"de"},{"@type":"Organization","@id":"https:\/\/srfb.be\/de\/#organization","name":"Soci\u00e9t\u00e9 Royale Foresti\u00e8re De Belgique - Koninklijke Belgische Bosbouwmaatschappij","alternateName":"SRFB-KBBM","url":"https:\/\/srfb.be\/de\/","logo":{"@type":"ImageObject","inLanguage":"de","@id":"https:\/\/srfb.be\/de\/#\/schema\/logo\/image\/","url":"https:\/\/srfb.be\/wp-content\/uploads\/2019\/06\/android-chrome-256x256.png","contentUrl":"https:\/\/srfb.be\/wp-content\/uploads\/2019\/06\/android-chrome-256x256.png","width":1200,"height":1232,"caption":"Soci\u00e9t\u00e9 Royale Foresti\u00e8re De Belgique - Koninklijke Belgische Bosbouwmaatschappij"},"image":{"@id":"https:\/\/srfb.be\/de\/#\/schema\/logo\/image\/"},"sameAs":["https:\/\/www.facebook.com\/srfb.be","https:\/\/www.instagram.com\/srfb_kbbm\/","https:\/\/www.linkedin.com\/company\/srfb-kbbm\/","https:\/\/www.youtube.com\/user\/srfbkbbm"]}]}},"_links":{"self":[{"href":"https:\/\/srfb.be\/de\/wp-json\/wp\/v2\/product\/10822","targetHints":{"allow":["GET"]}}],"collection":[{"href":"https:\/\/srfb.be\/de\/wp-json\/wp\/v2\/product"}],"about":[{"href":"https:\/\/srfb.be\/de\/wp-json\/wp\/v2\/types\/product"}],"replies":[{"embeddable":true,"href":"https:\/\/srfb.be\/de\/wp-json\/wp\/v2\/comments?post=10822"}],"wp:featuredmedia":[{"embeddable":true,"href":"https:\/\/srfb.be\/de\/wp-json\/wp\/v2\/media\/21173"}],"wp:attachment":[{"href":"https:\/\/srfb.be\/de\/wp-json\/wp\/v2\/media?parent=10822"}],"wp:term":[{"taxonomy":"product_brand","embeddable":true,"href":"https:\/\/srfb.be\/de\/wp-json\/wp\/v2\/product_brand?post=10822"},{"taxonomy":"product_cat","embeddable":true,"href":"https:\/\/srfb.be\/de\/wp-json\/wp\/v2\/product_cat?post=10822"},{"taxonomy":"product_tag","embeddable":true,"href":"https:\/\/srfb.be\/de\/wp-json\/wp\/v2\/product_tag?post=10822"}],"curies":[{"name":"wp","href":"https:\/\/api.w.org\/{rel}","templated":true}]}}