{"id":10808,"date":"2020-03-20T14:06:31","date_gmt":"2020-03-20T13:06:31","guid":{"rendered":"https:\/\/new.srfb.be\/?post_type=product&#038;p=10808"},"modified":"2026-03-03T17:05:50","modified_gmt":"2026-03-03T16:05:50","slug":"loisirs-en-foret-et-gestion-durable","status":"publish","type":"product","link":"https:\/\/srfb.be\/de\/forest-shop\/loisirs-en-foret-et-gestion-durable\/","title":{"rendered":"Freizeit im Wald und nachhaltige Bewirtschaftung"},"content":{"rendered":"","protected":false},"excerpt":{"rendered":"<p>Der Wald und die Naturr\u00e4ume bieten einen idealen Rahmen f\u00fcr die Aus\u00fcbung von Erholungs- und Freizeitaktivit\u00e4ten. Diese gesellschaftlichen Anforderungen d\u00fcrfen jedoch nicht die anderen Funktionen des Waldes \u00fcberlagern. Die Planung<br \/>\nDie Entwicklung von Freizeit- und Tourismusgebieten, die diese anderen Funktionen integrieren, ist eine Herausforderung, der sich die Eigent\u00fcmer und Verwalter stellen m\u00fcssen, um ihre Ma\u00dfnahmen in den Rahmen einer nachhaltigen Bewirtschaftung einzubinden.<br \/>\n24 x 17 cm, 303 Seiten<\/p>","protected":false},"featured_media":10812,"comment_status":"open","ping_status":"closed","template":"","meta":{"iawp_total_views":34},"product_brand":[],"product_cat":[692,696],"product_tag":[],"class_list":{"0":"post-10808","1":"product","2":"type-product","3":"status-publish","4":"has-post-thumbnail","6":"product_cat-arboretum","7":"product_cat-visiteurs","9":"first","10":"instock","11":"shipping-taxable","12":"purchasable","13":"product-type-simple"},"yoast_head":"<!-- This site is optimized with the Yoast SEO plugin v27.3 - https:\/\/yoast.com\/product\/yoast-seo-wordpress\/ -->\n<title>Loisirs en for\u00eat et gestion durable - Soci\u00e9t\u00e9 Royale Foresti\u00e8re de Belgique<\/title>\n<meta name=\"robots\" content=\"index, follow, max-snippet:-1, max-image-preview:large, max-video-preview:-1\" \/>\n<link rel=\"canonical\" href=\"https:\/\/srfb.be\/de\/forest-shop\/loisirs-en-foret-et-gestion-durable\/\" \/>\n<meta property=\"og:locale\" content=\"de_DE\" \/>\n<meta property=\"og:type\" content=\"article\" \/>\n<meta property=\"og:title\" content=\"Loisirs en for\u00eat et gestion durable - Soci\u00e9t\u00e9 Royale Foresti\u00e8re de Belgique\" \/>\n<meta property=\"og:description\" content=\"La for\u00eat et les espaces naturels constituent un cadre id\u00e9al pour la pratique d\u2019activit\u00e9s de d\u00e9tente et de loisirs. Ces sollicitations de la soci\u00e9t\u00e9 ne doivent pas pour autant masquer les autres fonctions de la for\u00eat. L\u2019am\u00e9nagement r\u00e9cr\u00e9atif et touristique de sites int\u00e9grant ces autres fonctions est un d\u00e9fi que les propri\u00e9taires et gestionnaires doivent relever pour inscrire leurs actions dans le cadre d\u2019une gestion durable. 24 x 17 cm, 303 pages\" \/>\n<meta property=\"og:url\" content=\"https:\/\/srfb.be\/de\/forest-shop\/loisirs-en-foret-et-gestion-durable\/\" \/>\n<meta property=\"og:site_name\" content=\"Soci\u00e9t\u00e9 Royale Foresti\u00e8re de Belgique\" \/>\n<meta property=\"article:publisher\" content=\"https:\/\/www.facebook.com\/srfb.be\" \/>\n<meta property=\"article:modified_time\" content=\"2026-03-03T16:05:50+00:00\" \/>\n<meta property=\"og:image\" content=\"https:\/\/srfb.be\/wp-content\/uploads\/2020\/03\/loisirs-en-for\u00eat-scaled.jpg\" \/>\n\t<meta property=\"og:image:width\" content=\"1248\" \/>\n\t<meta property=\"og:image:height\" content=\"1700\" \/>\n\t<meta property=\"og:image:type\" content=\"image\/jpeg\" \/>\n<script type=\"application\/ld+json\" class=\"yoast-schema-graph\">{\"@context\":\"https:\\\/\\\/schema.org\",\"@graph\":[{\"@type\":\"WebPage\",\"@id\":\"https:\\\/\\\/srfb.be\\\/en\\\/forest-shop\\\/loisirs-en-foret-et-gestion-durable\\\/\",\"url\":\"https:\\\/\\\/srfb.be\\\/en\\\/forest-shop\\\/loisirs-en-foret-et-gestion-durable\\\/\",\"name\":\"Loisirs en for\u00eat et gestion durable - Soci\u00e9t\u00e9 Royale Foresti\u00e8re de Belgique\",\"isPartOf\":{\"@id\":\"https:\\\/\\\/kbbm.be\\\/de\\\/#website\"},\"primaryImageOfPage\":{\"@id\":\"https:\\\/\\\/srfb.be\\\/en\\\/forest-shop\\\/loisirs-en-foret-et-gestion-durable\\\/#primaryimage\"},\"image\":{\"@id\":\"https:\\\/\\\/srfb.be\\\/en\\\/forest-shop\\\/loisirs-en-foret-et-gestion-durable\\\/#primaryimage\"},\"thumbnailUrl\":\"https:\\\/\\\/srfb.be\\\/wp-content\\\/uploads\\\/2020\\\/03\\\/loisirs-en-for\u00eat-scaled.jpg\",\"datePublished\":\"2020-03-20T13:06:31+00:00\",\"dateModified\":\"2026-03-03T16:05:50+00:00\",\"breadcrumb\":{\"@id\":\"https:\\\/\\\/srfb.be\\\/en\\\/forest-shop\\\/loisirs-en-foret-et-gestion-durable\\\/#breadcrumb\"},\"inLanguage\":\"de\",\"potentialAction\":[{\"@type\":\"ReadAction\",\"target\":[\"https:\\\/\\\/srfb.be\\\/en\\\/forest-shop\\\/loisirs-en-foret-et-gestion-durable\\\/\"]}]},{\"@type\":\"ImageObject\",\"inLanguage\":\"de\",\"@id\":\"https:\\\/\\\/srfb.be\\\/en\\\/forest-shop\\\/loisirs-en-foret-et-gestion-durable\\\/#primaryimage\",\"url\":\"https:\\\/\\\/srfb.be\\\/wp-content\\\/uploads\\\/2020\\\/03\\\/loisirs-en-for\u00eat-scaled.jpg\",\"contentUrl\":\"https:\\\/\\\/srfb.be\\\/wp-content\\\/uploads\\\/2020\\\/03\\\/loisirs-en-for\u00eat-scaled.jpg\",\"width\":1248,\"height\":1700},{\"@type\":\"BreadcrumbList\",\"@id\":\"https:\\\/\\\/srfb.be\\\/en\\\/forest-shop\\\/loisirs-en-foret-et-gestion-durable\\\/#breadcrumb\",\"itemListElement\":[{\"@type\":\"ListItem\",\"position\":1,\"name\":\"Accueil\",\"item\":\"https:\\\/\\\/kbbm.be\\\/de\\\/\"},{\"@type\":\"ListItem\",\"position\":2,\"name\":\"Producten\",\"item\":\"https:\\\/\\\/kbbm.be\\\/nl\\\/shop\\\/\"},{\"@type\":\"ListItem\",\"position\":3,\"name\":\"Loisirs en for\u00eat et gestion durable\"}]},{\"@type\":\"WebSite\",\"@id\":\"https:\\\/\\\/kbbm.be\\\/de\\\/#website\",\"url\":\"https:\\\/\\\/kbbm.be\\\/de\\\/\",\"name\":\"Soci\u00e9t\u00e9 Royale Foresti\u00e8re de Belgique\",\"description\":\"Au service de la for\u00eat et des forestiers\",\"publisher\":{\"@id\":\"https:\\\/\\\/kbbm.be\\\/de\\\/#organization\"},\"alternateName\":\"SRFB-KBBM\",\"potentialAction\":[{\"@type\":\"SearchAction\",\"target\":{\"@type\":\"EntryPoint\",\"urlTemplate\":\"https:\\\/\\\/kbbm.be\\\/de\\\/?s={search_term_string}\"},\"query-input\":{\"@type\":\"PropertyValueSpecification\",\"valueRequired\":true,\"valueName\":\"search_term_string\"}}],\"inLanguage\":\"de\"},{\"@type\":\"Organization\",\"@id\":\"https:\\\/\\\/kbbm.be\\\/de\\\/#organization\",\"name\":\"Soci\u00e9t\u00e9 Royale Foresti\u00e8re De Belgique - Koninklijke Belgische Bosbouwmaatschappij\",\"alternateName\":\"SRFB-KBBM\",\"url\":\"https:\\\/\\\/kbbm.be\\\/de\\\/\",\"logo\":{\"@type\":\"ImageObject\",\"inLanguage\":\"de\",\"@id\":\"https:\\\/\\\/kbbm.be\\\/de\\\/#\\\/schema\\\/logo\\\/image\\\/\",\"url\":\"https:\\\/\\\/srfb.be\\\/wp-content\\\/uploads\\\/2019\\\/06\\\/android-chrome-256x256.png\",\"contentUrl\":\"https:\\\/\\\/srfb.be\\\/wp-content\\\/uploads\\\/2019\\\/06\\\/android-chrome-256x256.png\",\"width\":1200,\"height\":1232,\"caption\":\"Soci\u00e9t\u00e9 Royale Foresti\u00e8re De Belgique - Koninklijke Belgische Bosbouwmaatschappij\"},\"image\":{\"@id\":\"https:\\\/\\\/kbbm.be\\\/de\\\/#\\\/schema\\\/logo\\\/image\\\/\"},\"sameAs\":[\"https:\\\/\\\/www.facebook.com\\\/srfb.be\",\"https:\\\/\\\/www.instagram.com\\\/srfb_kbbm\\\/\",\"https:\\\/\\\/www.linkedin.com\\\/company\\\/srfb-kbbm\\\/\",\"https:\\\/\\\/www.youtube.com\\\/user\\\/srfbkbbm\"]}]}<\/script>\n<!-- \/ Yoast SEO plugin. -->","yoast_head_json":{"title":"Freizeit im Wald und nachhaltige Bewirtschaftung - Soci\u00e9t\u00e9 Royale Foresti\u00e8re de Belgique","robots":{"index":"index","follow":"follow","max-snippet":"max-snippet:-1","max-image-preview":"max-image-preview:large","max-video-preview":"max-video-preview:-1"},"canonical":"https:\/\/srfb.be\/de\/forest-shop\/loisirs-en-foret-et-gestion-durable\/","og_locale":"de_DE","og_type":"article","og_title":"Loisirs en for\u00eat et gestion durable - Soci\u00e9t\u00e9 Royale Foresti\u00e8re de Belgique","og_description":"La for\u00eat et les espaces naturels constituent un cadre id\u00e9al pour la pratique d\u2019activit\u00e9s de d\u00e9tente et de loisirs. Ces sollicitations de la soci\u00e9t\u00e9 ne doivent pas pour autant masquer les autres fonctions de la for\u00eat. L\u2019am\u00e9nagement r\u00e9cr\u00e9atif et touristique de sites int\u00e9grant ces autres fonctions est un d\u00e9fi que les propri\u00e9taires et gestionnaires doivent relever pour inscrire leurs actions dans le cadre d\u2019une gestion durable. 24 x 17 cm, 303 pages","og_url":"https:\/\/srfb.be\/de\/forest-shop\/loisirs-en-foret-et-gestion-durable\/","og_site_name":"Soci\u00e9t\u00e9 Royale Foresti\u00e8re de Belgique","article_publisher":"https:\/\/www.facebook.com\/srfb.be","article_modified_time":"2026-03-03T16:05:50+00:00","og_image":[{"width":1248,"height":1700,"url":"https:\/\/srfb.be\/wp-content\/uploads\/2020\/03\/loisirs-en-for\u00eat-scaled.jpg","type":"image\/jpeg"}],"schema":{"@context":"https:\/\/schema.org","@graph":[{"@type":"WebPage","@id":"https:\/\/srfb.be\/en\/forest-shop\/loisirs-en-foret-et-gestion-durable\/","url":"https:\/\/srfb.be\/en\/forest-shop\/loisirs-en-foret-et-gestion-durable\/","name":"Freizeit im Wald und nachhaltige Bewirtschaftung - Soci\u00e9t\u00e9 Royale Foresti\u00e8re de Belgique","isPartOf":{"@id":"https:\/\/kbbm.be\/de\/#website"},"primaryImageOfPage":{"@id":"https:\/\/srfb.be\/en\/forest-shop\/loisirs-en-foret-et-gestion-durable\/#primaryimage"},"image":{"@id":"https:\/\/srfb.be\/en\/forest-shop\/loisirs-en-foret-et-gestion-durable\/#primaryimage"},"thumbnailUrl":"https:\/\/srfb.be\/wp-content\/uploads\/2020\/03\/loisirs-en-for\u00eat-scaled.jpg","datePublished":"2020-03-20T13:06:31+00:00","dateModified":"2026-03-03T16:05:50+00:00","breadcrumb":{"@id":"https:\/\/srfb.be\/en\/forest-shop\/loisirs-en-foret-et-gestion-durable\/#breadcrumb"},"inLanguage":"de","potentialAction":[{"@type":"ReadAction","target":["https:\/\/srfb.be\/en\/forest-shop\/loisirs-en-foret-et-gestion-durable\/"]}]},{"@type":"ImageObject","inLanguage":"de","@id":"https:\/\/srfb.be\/en\/forest-shop\/loisirs-en-foret-et-gestion-durable\/#primaryimage","url":"https:\/\/srfb.be\/wp-content\/uploads\/2020\/03\/loisirs-en-for\u00eat-scaled.jpg","contentUrl":"https:\/\/srfb.be\/wp-content\/uploads\/2020\/03\/loisirs-en-for\u00eat-scaled.jpg","width":1248,"height":1700},{"@type":"BreadcrumbList","@id":"https:\/\/srfb.be\/en\/forest-shop\/loisirs-en-foret-et-gestion-durable\/#breadcrumb","itemListElement":[{"@type":"ListItem","position":1,"name":"Accueil","item":"https:\/\/kbbm.be\/de\/"},{"@type":"ListItem","position":2,"name":"Producten","item":"https:\/\/kbbm.be\/nl\/shop\/"},{"@type":"ListItem","position":3,"name":"Loisirs en for\u00eat et gestion durable"}]},{"@type":"WebSite","@id":"https:\/\/kbbm.be\/de\/#website","url":"https:\/\/kbbm.be\/de\/","name":"K\u00f6nigliche Forstverein Belgiens","description":"Im Dienste des Waldes und der F\u00f6rster","publisher":{"@id":"https:\/\/kbbm.be\/de\/#organization"},"alternateName":"SRFB-KBBM","potentialAction":[{"@type":"SearchAction","target":{"@type":"EntryPoint","urlTemplate":"https:\/\/kbbm.be\/de\/?s={search_term_string}"},"query-input":{"@type":"PropertyValueSpecification","valueRequired":true,"valueName":"search_term_string"}}],"inLanguage":"de"},{"@type":"Organization","@id":"https:\/\/kbbm.be\/de\/#organization","name":"Soci\u00e9t\u00e9 Royale Foresti\u00e8re De Belgique - Koninklijke Belgische Bosbouwmaatschappij","alternateName":"SRFB-KBBM","url":"https:\/\/kbbm.be\/de\/","logo":{"@type":"ImageObject","inLanguage":"de","@id":"https:\/\/kbbm.be\/de\/#\/schema\/logo\/image\/","url":"https:\/\/srfb.be\/wp-content\/uploads\/2019\/06\/android-chrome-256x256.png","contentUrl":"https:\/\/srfb.be\/wp-content\/uploads\/2019\/06\/android-chrome-256x256.png","width":1200,"height":1232,"caption":"Soci\u00e9t\u00e9 Royale Foresti\u00e8re De Belgique - Koninklijke Belgische Bosbouwmaatschappij"},"image":{"@id":"https:\/\/kbbm.be\/de\/#\/schema\/logo\/image\/"},"sameAs":["https:\/\/www.facebook.com\/srfb.be","https:\/\/www.instagram.com\/srfb_kbbm\/","https:\/\/www.linkedin.com\/company\/srfb-kbbm\/","https:\/\/www.youtube.com\/user\/srfbkbbm"]}]}},"_links":{"self":[{"href":"https:\/\/srfb.be\/de\/wp-json\/wp\/v2\/product\/10808","targetHints":{"allow":["GET"]}}],"collection":[{"href":"https:\/\/srfb.be\/de\/wp-json\/wp\/v2\/product"}],"about":[{"href":"https:\/\/srfb.be\/de\/wp-json\/wp\/v2\/types\/product"}],"replies":[{"embeddable":true,"href":"https:\/\/srfb.be\/de\/wp-json\/wp\/v2\/comments?post=10808"}],"wp:featuredmedia":[{"embeddable":true,"href":"https:\/\/srfb.be\/de\/wp-json\/wp\/v2\/media\/10812"}],"wp:attachment":[{"href":"https:\/\/srfb.be\/de\/wp-json\/wp\/v2\/media?parent=10808"}],"wp:term":[{"taxonomy":"product_brand","embeddable":true,"href":"https:\/\/srfb.be\/de\/wp-json\/wp\/v2\/product_brand?post=10808"},{"taxonomy":"product_cat","embeddable":true,"href":"https:\/\/srfb.be\/de\/wp-json\/wp\/v2\/product_cat?post=10808"},{"taxonomy":"product_tag","embeddable":true,"href":"https:\/\/srfb.be\/de\/wp-json\/wp\/v2\/product_tag?post=10808"}],"curies":[{"name":"wp","href":"https:\/\/api.w.org\/{rel}","templated":true}]}}