{"id":10762,"date":"2020-03-20T13:23:51","date_gmt":"2020-03-20T12:23:51","guid":{"rendered":"https:\/\/new.srfb.be\/?post_type=product&#038;p=10762"},"modified":"2026-03-03T17:11:54","modified_gmt":"2026-03-03T16:11:54","slug":"des-plantes-et-leurs-insectes","status":"publish","type":"product","link":"https:\/\/srfb.be\/de\/forest-shop\/des-plantes-et-leurs-insectes\/","title":{"rendered":"Pflanzen und ihre Insekten"},"content":{"rendered":"","protected":false},"excerpt":{"rendered":"<p>Vom Garten bis zum Wald, geordnet nach den Pflanzen, auf deren Kosten sie leben, werden in diesem Buch, das an der Grenze zwischen Botanik und Entomologie angesiedelt ist, mehr als 1.000 Insekten erfasst. Beschreibung, Lebensweise, Beziehung zur Wirtspflanze und zahlreiche Fotografien machen das Buch sowohl zu einem Werkzeug f\u00fcr die Praxis als auch zu einem Nachschlagewerk, in dem man jederzeit nachschlagen kann.<br \/>\n14 x 24,5 cm, 264 Seiten<\/p>\n<p>Autoren: <strong>Bruno Didier &amp; Herv\u00e9 Guyot<br \/>\n<\/strong>Herausgeber : <strong>Quae<\/strong><\/p>","protected":false},"featured_media":10764,"comment_status":"open","ping_status":"closed","template":"","meta":{"iawp_total_views":92},"product_brand":[],"product_cat":[691],"product_tag":[],"class_list":{"0":"post-10762","1":"product","2":"type-product","3":"status-publish","4":"has-post-thumbnail","6":"product_cat-biodiversite","8":"first","9":"instock","10":"shipping-taxable","11":"purchasable","12":"product-type-simple"},"yoast_head":"<!-- This site is optimized with the Yoast SEO plugin v27.4 - https:\/\/yoast.com\/product\/yoast-seo-wordpress\/ -->\n<title>Des plantes et leurs insectes - Soci\u00e9t\u00e9 Royale Foresti\u00e8re de Belgique<\/title>\n<meta name=\"robots\" content=\"index, follow, max-snippet:-1, max-image-preview:large, max-video-preview:-1\" \/>\n<link rel=\"canonical\" href=\"https:\/\/srfb.be\/de\/forest-shop\/des-plantes-et-leurs-insectes\/\" \/>\n<meta property=\"og:locale\" content=\"de_DE\" \/>\n<meta property=\"og:type\" content=\"article\" \/>\n<meta property=\"og:title\" content=\"Des plantes et leurs insectes - Soci\u00e9t\u00e9 Royale Foresti\u00e8re de Belgique\" \/>\n<meta property=\"og:description\" content=\"Du jardin \u00e0 la for\u00eat, class\u00e9s selon les plantes aux d\u00e9pens desquelles ils vivent, plus de 1.000 insectes sont recens\u00e9s dans cet ouvrage aux confins de la botanique et de l\u2019entomologie. Description, mode vie, rapports avec la plante h\u00f4te et de nombreuses photographies en font \u00e0 la fois un outil de terrain et un ouvrage de r\u00e9f\u00e9rence consultable \u00e0 tout moment. 14 x 24,5 cm, 264 pages  Auteurs : Bruno Didier &amp; Herv\u00e9 Guyot \u00c9diteur : Quae\" \/>\n<meta property=\"og:url\" content=\"https:\/\/srfb.be\/de\/forest-shop\/des-plantes-et-leurs-insectes\/\" \/>\n<meta property=\"og:site_name\" content=\"Soci\u00e9t\u00e9 Royale Foresti\u00e8re de Belgique\" \/>\n<meta property=\"article:publisher\" content=\"https:\/\/www.facebook.com\/srfb.be\" \/>\n<meta property=\"article:modified_time\" content=\"2026-03-03T16:11:54+00:00\" \/>\n<meta property=\"og:image\" content=\"https:\/\/srfb.be\/wp-content\/uploads\/2020\/03\/des-plantes-et-leurs-insectes-1-scaled.jpg\" \/>\n\t<meta property=\"og:image:width\" content=\"1477\" \/>\n\t<meta property=\"og:image:height\" content=\"2560\" \/>\n\t<meta property=\"og:image:type\" content=\"image\/jpeg\" \/>\n<script type=\"application\/ld+json\" class=\"yoast-schema-graph\">{\"@context\":\"https:\\\/\\\/schema.org\",\"@graph\":[{\"@type\":\"WebPage\",\"@id\":\"https:\\\/\\\/srfb.be\\\/nl\\\/forest-shop\\\/des-plantes-et-leurs-insectes\\\/\",\"url\":\"https:\\\/\\\/srfb.be\\\/nl\\\/forest-shop\\\/des-plantes-et-leurs-insectes\\\/\",\"name\":\"Des plantes et leurs insectes - Soci\u00e9t\u00e9 Royale Foresti\u00e8re de Belgique\",\"isPartOf\":{\"@id\":\"https:\\\/\\\/srfb.be\\\/#website\"},\"primaryImageOfPage\":{\"@id\":\"https:\\\/\\\/srfb.be\\\/nl\\\/forest-shop\\\/des-plantes-et-leurs-insectes\\\/#primaryimage\"},\"image\":{\"@id\":\"https:\\\/\\\/srfb.be\\\/nl\\\/forest-shop\\\/des-plantes-et-leurs-insectes\\\/#primaryimage\"},\"thumbnailUrl\":\"https:\\\/\\\/srfb.be\\\/wp-content\\\/uploads\\\/2020\\\/03\\\/des-plantes-et-leurs-insectes-1-scaled.jpg\",\"datePublished\":\"2020-03-20T12:23:51+00:00\",\"dateModified\":\"2026-03-03T16:11:54+00:00\",\"breadcrumb\":{\"@id\":\"https:\\\/\\\/srfb.be\\\/nl\\\/forest-shop\\\/des-plantes-et-leurs-insectes\\\/#breadcrumb\"},\"inLanguage\":\"de\",\"potentialAction\":[{\"@type\":\"ReadAction\",\"target\":[\"https:\\\/\\\/srfb.be\\\/nl\\\/forest-shop\\\/des-plantes-et-leurs-insectes\\\/\"]}]},{\"@type\":\"ImageObject\",\"inLanguage\":\"de\",\"@id\":\"https:\\\/\\\/srfb.be\\\/nl\\\/forest-shop\\\/des-plantes-et-leurs-insectes\\\/#primaryimage\",\"url\":\"https:\\\/\\\/srfb.be\\\/wp-content\\\/uploads\\\/2020\\\/03\\\/des-plantes-et-leurs-insectes-1-scaled.jpg\",\"contentUrl\":\"https:\\\/\\\/srfb.be\\\/wp-content\\\/uploads\\\/2020\\\/03\\\/des-plantes-et-leurs-insectes-1-scaled.jpg\",\"width\":1477,\"height\":2560},{\"@type\":\"BreadcrumbList\",\"@id\":\"https:\\\/\\\/srfb.be\\\/nl\\\/forest-shop\\\/des-plantes-et-leurs-insectes\\\/#breadcrumb\",\"itemListElement\":[{\"@type\":\"ListItem\",\"position\":1,\"name\":\"Accueil\",\"item\":\"https:\\\/\\\/srfb.be\\\/en\\\/\"},{\"@type\":\"ListItem\",\"position\":2,\"name\":\"Produkte\",\"item\":\"https:\\\/\\\/srfb.be\\\/de\\\/shop\\\/\"},{\"@type\":\"ListItem\",\"position\":3,\"name\":\"Des plantes et leurs insectes\"}]},{\"@type\":\"WebSite\",\"@id\":\"https:\\\/\\\/srfb.be\\\/#website\",\"url\":\"https:\\\/\\\/srfb.be\\\/\",\"name\":\"Soci\u00e9t\u00e9 Royale Foresti\u00e8re de Belgique\",\"description\":\"Au service de la for\u00eat et des forestiers\",\"publisher\":{\"@id\":\"https:\\\/\\\/srfb.be\\\/#organization\"},\"alternateName\":\"SRFB-KBBM\",\"potentialAction\":[{\"@type\":\"SearchAction\",\"target\":{\"@type\":\"EntryPoint\",\"urlTemplate\":\"https:\\\/\\\/srfb.be\\\/?s={search_term_string}\"},\"query-input\":{\"@type\":\"PropertyValueSpecification\",\"valueRequired\":true,\"valueName\":\"search_term_string\"}}],\"inLanguage\":\"de\"},{\"@type\":\"Organization\",\"@id\":\"https:\\\/\\\/srfb.be\\\/#organization\",\"name\":\"Soci\u00e9t\u00e9 Royale Foresti\u00e8re De Belgique - Koninklijke Belgische Bosbouwmaatschappij\",\"alternateName\":\"SRFB-KBBM\",\"url\":\"https:\\\/\\\/srfb.be\\\/\",\"logo\":{\"@type\":\"ImageObject\",\"inLanguage\":\"de\",\"@id\":\"https:\\\/\\\/srfb.be\\\/#\\\/schema\\\/logo\\\/image\\\/\",\"url\":\"https:\\\/\\\/srfb.be\\\/wp-content\\\/uploads\\\/2019\\\/06\\\/android-chrome-256x256.png\",\"contentUrl\":\"https:\\\/\\\/srfb.be\\\/wp-content\\\/uploads\\\/2019\\\/06\\\/android-chrome-256x256.png\",\"width\":1200,\"height\":1232,\"caption\":\"Soci\u00e9t\u00e9 Royale Foresti\u00e8re De Belgique - Koninklijke Belgische Bosbouwmaatschappij\"},\"image\":{\"@id\":\"https:\\\/\\\/srfb.be\\\/#\\\/schema\\\/logo\\\/image\\\/\"},\"sameAs\":[\"https:\\\/\\\/www.facebook.com\\\/srfb.be\",\"https:\\\/\\\/www.instagram.com\\\/srfb_kbbm\\\/\",\"https:\\\/\\\/www.linkedin.com\\\/company\\\/srfb-kbbm\\\/\",\"https:\\\/\\\/www.youtube.com\\\/user\\\/srfbkbbm\"]}]}<\/script>\n<!-- \/ Yoast SEO plugin. -->","yoast_head_json":{"title":"Pflanzen und ihre Insekten - K\u00f6niglich Belgische Forstgesellschaft","robots":{"index":"index","follow":"follow","max-snippet":"max-snippet:-1","max-image-preview":"max-image-preview:large","max-video-preview":"max-video-preview:-1"},"canonical":"https:\/\/srfb.be\/de\/forest-shop\/des-plantes-et-leurs-insectes\/","og_locale":"de_DE","og_type":"article","og_title":"Des plantes et leurs insectes - Soci\u00e9t\u00e9 Royale Foresti\u00e8re de Belgique","og_description":"Du jardin \u00e0 la for\u00eat, class\u00e9s selon les plantes aux d\u00e9pens desquelles ils vivent, plus de 1.000 insectes sont recens\u00e9s dans cet ouvrage aux confins de la botanique et de l\u2019entomologie. Description, mode vie, rapports avec la plante h\u00f4te et de nombreuses photographies en font \u00e0 la fois un outil de terrain et un ouvrage de r\u00e9f\u00e9rence consultable \u00e0 tout moment. 14 x 24,5 cm, 264 pages  Auteurs : Bruno Didier &amp; Herv\u00e9 Guyot \u00c9diteur : Quae","og_url":"https:\/\/srfb.be\/de\/forest-shop\/des-plantes-et-leurs-insectes\/","og_site_name":"Soci\u00e9t\u00e9 Royale Foresti\u00e8re de Belgique","article_publisher":"https:\/\/www.facebook.com\/srfb.be","article_modified_time":"2026-03-03T16:11:54+00:00","og_image":[{"width":1477,"height":2560,"url":"https:\/\/srfb.be\/wp-content\/uploads\/2020\/03\/des-plantes-et-leurs-insectes-1-scaled.jpg","type":"image\/jpeg"}],"schema":{"@context":"https:\/\/schema.org","@graph":[{"@type":"WebPage","@id":"https:\/\/srfb.be\/nl\/forest-shop\/des-plantes-et-leurs-insectes\/","url":"https:\/\/srfb.be\/nl\/forest-shop\/des-plantes-et-leurs-insectes\/","name":"Pflanzen und ihre Insekten - K\u00f6niglich Belgische Forstgesellschaft","isPartOf":{"@id":"https:\/\/srfb.be\/#website"},"primaryImageOfPage":{"@id":"https:\/\/srfb.be\/nl\/forest-shop\/des-plantes-et-leurs-insectes\/#primaryimage"},"image":{"@id":"https:\/\/srfb.be\/nl\/forest-shop\/des-plantes-et-leurs-insectes\/#primaryimage"},"thumbnailUrl":"https:\/\/srfb.be\/wp-content\/uploads\/2020\/03\/des-plantes-et-leurs-insectes-1-scaled.jpg","datePublished":"2020-03-20T12:23:51+00:00","dateModified":"2026-03-03T16:11:54+00:00","breadcrumb":{"@id":"https:\/\/srfb.be\/nl\/forest-shop\/des-plantes-et-leurs-insectes\/#breadcrumb"},"inLanguage":"de","potentialAction":[{"@type":"ReadAction","target":["https:\/\/srfb.be\/nl\/forest-shop\/des-plantes-et-leurs-insectes\/"]}]},{"@type":"ImageObject","inLanguage":"de","@id":"https:\/\/srfb.be\/nl\/forest-shop\/des-plantes-et-leurs-insectes\/#primaryimage","url":"https:\/\/srfb.be\/wp-content\/uploads\/2020\/03\/des-plantes-et-leurs-insectes-1-scaled.jpg","contentUrl":"https:\/\/srfb.be\/wp-content\/uploads\/2020\/03\/des-plantes-et-leurs-insectes-1-scaled.jpg","width":1477,"height":2560},{"@type":"BreadcrumbList","@id":"https:\/\/srfb.be\/nl\/forest-shop\/des-plantes-et-leurs-insectes\/#breadcrumb","itemListElement":[{"@type":"ListItem","position":1,"name":"Accueil","item":"https:\/\/srfb.be\/en\/"},{"@type":"ListItem","position":2,"name":"Produkte","item":"https:\/\/srfb.be\/de\/shop\/"},{"@type":"ListItem","position":3,"name":"Des plantes et leurs insectes"}]},{"@type":"WebSite","@id":"https:\/\/srfb.be\/#website","url":"https:\/\/srfb.be\/","name":"K\u00f6nigliche Forstverein Belgiens","description":"Im Dienste des Waldes und der F\u00f6rster","publisher":{"@id":"https:\/\/srfb.be\/#organization"},"alternateName":"SRFB-KBBM","potentialAction":[{"@type":"SearchAction","target":{"@type":"EntryPoint","urlTemplate":"https:\/\/srfb.be\/?s={search_term_string}"},"query-input":{"@type":"PropertyValueSpecification","valueRequired":true,"valueName":"search_term_string"}}],"inLanguage":"de"},{"@type":"Organization","@id":"https:\/\/srfb.be\/#organization","name":"Soci\u00e9t\u00e9 Royale Foresti\u00e8re De Belgique - Koninklijke Belgische Bosbouwmaatschappij","alternateName":"SRFB-KBBM","url":"https:\/\/srfb.be\/","logo":{"@type":"ImageObject","inLanguage":"de","@id":"https:\/\/srfb.be\/#\/schema\/logo\/image\/","url":"https:\/\/srfb.be\/wp-content\/uploads\/2019\/06\/android-chrome-256x256.png","contentUrl":"https:\/\/srfb.be\/wp-content\/uploads\/2019\/06\/android-chrome-256x256.png","width":1200,"height":1232,"caption":"Soci\u00e9t\u00e9 Royale Foresti\u00e8re De Belgique - Koninklijke Belgische Bosbouwmaatschappij"},"image":{"@id":"https:\/\/srfb.be\/#\/schema\/logo\/image\/"},"sameAs":["https:\/\/www.facebook.com\/srfb.be","https:\/\/www.instagram.com\/srfb_kbbm\/","https:\/\/www.linkedin.com\/company\/srfb-kbbm\/","https:\/\/www.youtube.com\/user\/srfbkbbm"]}]}},"_links":{"self":[{"href":"https:\/\/srfb.be\/de\/wp-json\/wp\/v2\/product\/10762","targetHints":{"allow":["GET"]}}],"collection":[{"href":"https:\/\/srfb.be\/de\/wp-json\/wp\/v2\/product"}],"about":[{"href":"https:\/\/srfb.be\/de\/wp-json\/wp\/v2\/types\/product"}],"replies":[{"embeddable":true,"href":"https:\/\/srfb.be\/de\/wp-json\/wp\/v2\/comments?post=10762"}],"wp:featuredmedia":[{"embeddable":true,"href":"https:\/\/srfb.be\/de\/wp-json\/wp\/v2\/media\/10764"}],"wp:attachment":[{"href":"https:\/\/srfb.be\/de\/wp-json\/wp\/v2\/media?parent=10762"}],"wp:term":[{"taxonomy":"product_brand","embeddable":true,"href":"https:\/\/srfb.be\/de\/wp-json\/wp\/v2\/product_brand?post=10762"},{"taxonomy":"product_cat","embeddable":true,"href":"https:\/\/srfb.be\/de\/wp-json\/wp\/v2\/product_cat?post=10762"},{"taxonomy":"product_tag","embeddable":true,"href":"https:\/\/srfb.be\/de\/wp-json\/wp\/v2\/product_tag?post=10762"}],"curies":[{"name":"wp","href":"https:\/\/api.w.org\/{rel}","templated":true}]}}