{"id":10758,"date":"2020-03-20T13:21:01","date_gmt":"2020-03-20T13:21:01","guid":{"rendered":"https:\/\/new.srfb.be\/?post_type=product&#038;p=10758"},"modified":"2026-03-03T17:15:22","modified_gmt":"2026-03-03T16:15:22","slug":"les-especes-envahissantes-dici-et-dailleurs","status":"publish","type":"product","link":"https:\/\/srfb.be\/de\/forest-shop\/les-especes-envahissantes-dici-et-dailleurs\/","title":{"rendered":"Invasive Arten. Von hier und anderswo"},"content":{"rendered":"","protected":false},"excerpt":{"rendered":"<p>Welche Umwelt-, Wirtschafts- oder Gesundheitssch\u00e4den k\u00f6nnen invasive Arten verursachen? Warum ist es so schwierig, sie unter Kontrolle zu bringen?<br \/>\nDieses Buch bietet zahlreiche Anhaltspunkte, um biologische Invasionen besser zu verstehen. Es schl\u00e4gt innovative L\u00f6sungen vor, um die Sch\u00e4den zu verringern und mit diesem neuen globalen Ph\u00e4nomen leben zu lernen.<br \/>\n17 x 24 cm, 192 Seiten<\/p>","protected":false},"featured_media":10760,"comment_status":"open","ping_status":"closed","template":"","meta":{"iawp_total_views":47},"product_brand":[],"product_cat":[691,688],"product_tag":[],"class_list":{"0":"post-10758","1":"product","2":"type-product","3":"status-publish","4":"has-post-thumbnail","6":"product_cat-biodiversite","7":"product_cat-sante-des-forets","9":"first","10":"instock","11":"shipping-taxable","12":"purchasable","13":"product-type-simple"},"yoast_head":"<!-- This site is optimized with the Yoast SEO plugin v27.4 - https:\/\/yoast.com\/product\/yoast-seo-wordpress\/ -->\n<title>Les esp\u00e8ces envahissantes. D\u2019ici et d\u2019ailleurs - Soci\u00e9t\u00e9 Royale Foresti\u00e8re de Belgique<\/title>\n<meta name=\"robots\" content=\"index, follow, max-snippet:-1, max-image-preview:large, max-video-preview:-1\" \/>\n<link rel=\"canonical\" href=\"https:\/\/srfb.be\/de\/forest-shop\/les-especes-envahissantes-dici-et-dailleurs\/\" \/>\n<meta property=\"og:locale\" content=\"de_DE\" \/>\n<meta property=\"og:type\" content=\"article\" \/>\n<meta property=\"og:title\" content=\"Les esp\u00e8ces envahissantes. D\u2019ici et d\u2019ailleurs - Soci\u00e9t\u00e9 Royale Foresti\u00e8re de Belgique\" \/>\n<meta property=\"og:description\" content=\"Quelles nuisances peuvent provoquer les esp\u00e8ces envahissantes sur le plan environnemental, \u00e9conomique ou sanitaire ? Pourquoi est-il si difficile de les ma\u00eetriser ? Cet ouvrage offre de nombreux rep\u00e8res pour mieux comprendre les invasions biologiques. Il sugg\u00e8re des solutions innovantes pour en r\u00e9duire les dommages, mais aussi pour apprendre \u00e0 vivre avec ce nouveau ph\u00e9nom\u00e8ne plan\u00e9taire. 17 x 24 cm, 192 pages\" \/>\n<meta property=\"og:url\" content=\"https:\/\/srfb.be\/de\/forest-shop\/les-especes-envahissantes-dici-et-dailleurs\/\" \/>\n<meta property=\"og:site_name\" content=\"Soci\u00e9t\u00e9 Royale Foresti\u00e8re de Belgique\" \/>\n<meta property=\"article:publisher\" content=\"https:\/\/www.facebook.com\/srfb.be\" \/>\n<meta property=\"article:modified_time\" content=\"2026-03-03T16:15:22+00:00\" \/>\n<meta property=\"og:image\" content=\"https:\/\/srfb.be\/wp-content\/uploads\/2020\/03\/especes_envahissantes-1-scaled.jpg\" \/>\n\t<meta property=\"og:image:width\" content=\"1797\" \/>\n\t<meta property=\"og:image:height\" content=\"2560\" \/>\n\t<meta property=\"og:image:type\" content=\"image\/jpeg\" \/>\n<script type=\"application\/ld+json\" class=\"yoast-schema-graph\">{\"@context\":\"https:\\\/\\\/schema.org\",\"@graph\":[{\"@type\":\"WebPage\",\"@id\":\"https:\\\/\\\/srfb.be\\\/en\\\/forest-shop\\\/les-especes-envahissantes-dici-et-dailleurs\\\/\",\"url\":\"https:\\\/\\\/srfb.be\\\/en\\\/forest-shop\\\/les-especes-envahissantes-dici-et-dailleurs\\\/\",\"name\":\"Les esp\u00e8ces envahissantes. D\u2019ici et d\u2019ailleurs - Soci\u00e9t\u00e9 Royale Foresti\u00e8re de Belgique\",\"isPartOf\":{\"@id\":\"https:\\\/\\\/kbbm.be\\\/en\\\/#website\"},\"primaryImageOfPage\":{\"@id\":\"https:\\\/\\\/srfb.be\\\/en\\\/forest-shop\\\/les-especes-envahissantes-dici-et-dailleurs\\\/#primaryimage\"},\"image\":{\"@id\":\"https:\\\/\\\/srfb.be\\\/en\\\/forest-shop\\\/les-especes-envahissantes-dici-et-dailleurs\\\/#primaryimage\"},\"thumbnailUrl\":\"https:\\\/\\\/srfb.be\\\/wp-content\\\/uploads\\\/2020\\\/03\\\/especes_envahissantes-1-scaled.jpg\",\"datePublished\":\"2020-03-20T13:21:01+00:00\",\"dateModified\":\"2026-03-03T16:15:22+00:00\",\"breadcrumb\":{\"@id\":\"https:\\\/\\\/srfb.be\\\/en\\\/forest-shop\\\/les-especes-envahissantes-dici-et-dailleurs\\\/#breadcrumb\"},\"inLanguage\":\"de\",\"potentialAction\":[{\"@type\":\"ReadAction\",\"target\":[\"https:\\\/\\\/srfb.be\\\/en\\\/forest-shop\\\/les-especes-envahissantes-dici-et-dailleurs\\\/\"]}]},{\"@type\":\"ImageObject\",\"inLanguage\":\"de\",\"@id\":\"https:\\\/\\\/srfb.be\\\/en\\\/forest-shop\\\/les-especes-envahissantes-dici-et-dailleurs\\\/#primaryimage\",\"url\":\"https:\\\/\\\/srfb.be\\\/wp-content\\\/uploads\\\/2020\\\/03\\\/especes_envahissantes-1-scaled.jpg\",\"contentUrl\":\"https:\\\/\\\/srfb.be\\\/wp-content\\\/uploads\\\/2020\\\/03\\\/especes_envahissantes-1-scaled.jpg\",\"width\":1797,\"height\":2560},{\"@type\":\"BreadcrumbList\",\"@id\":\"https:\\\/\\\/srfb.be\\\/en\\\/forest-shop\\\/les-especes-envahissantes-dici-et-dailleurs\\\/#breadcrumb\",\"itemListElement\":[{\"@type\":\"ListItem\",\"position\":1,\"name\":\"Accueil\",\"item\":\"https:\\\/\\\/kbbm.be\\\/en\\\/\"},{\"@type\":\"ListItem\",\"position\":2,\"name\":\"Produits\",\"item\":\"https:\\\/\\\/srfb.be\\\/shop\\\/\"},{\"@type\":\"ListItem\",\"position\":3,\"name\":\"Les esp\u00e8ces envahissantes. D\u2019ici et d\u2019ailleurs\"}]},{\"@type\":\"WebSite\",\"@id\":\"https:\\\/\\\/kbbm.be\\\/en\\\/#website\",\"url\":\"https:\\\/\\\/kbbm.be\\\/en\\\/\",\"name\":\"Soci\u00e9t\u00e9 Royale Foresti\u00e8re de Belgique\",\"description\":\"Au service de la for\u00eat et des forestiers\",\"publisher\":{\"@id\":\"https:\\\/\\\/kbbm.be\\\/en\\\/#organization\"},\"alternateName\":\"SRFB-KBBM\",\"potentialAction\":[{\"@type\":\"SearchAction\",\"target\":{\"@type\":\"EntryPoint\",\"urlTemplate\":\"https:\\\/\\\/kbbm.be\\\/en\\\/?s={search_term_string}\"},\"query-input\":{\"@type\":\"PropertyValueSpecification\",\"valueRequired\":true,\"valueName\":\"search_term_string\"}}],\"inLanguage\":\"de\"},{\"@type\":\"Organization\",\"@id\":\"https:\\\/\\\/kbbm.be\\\/en\\\/#organization\",\"name\":\"Soci\u00e9t\u00e9 Royale Foresti\u00e8re De Belgique - Koninklijke Belgische Bosbouwmaatschappij\",\"alternateName\":\"SRFB-KBBM\",\"url\":\"https:\\\/\\\/kbbm.be\\\/en\\\/\",\"logo\":{\"@type\":\"ImageObject\",\"inLanguage\":\"de\",\"@id\":\"https:\\\/\\\/kbbm.be\\\/en\\\/#\\\/schema\\\/logo\\\/image\\\/\",\"url\":\"https:\\\/\\\/srfb.be\\\/wp-content\\\/uploads\\\/2019\\\/06\\\/android-chrome-256x256.png\",\"contentUrl\":\"https:\\\/\\\/srfb.be\\\/wp-content\\\/uploads\\\/2019\\\/06\\\/android-chrome-256x256.png\",\"width\":1200,\"height\":1232,\"caption\":\"Soci\u00e9t\u00e9 Royale Foresti\u00e8re De Belgique - Koninklijke Belgische Bosbouwmaatschappij\"},\"image\":{\"@id\":\"https:\\\/\\\/kbbm.be\\\/en\\\/#\\\/schema\\\/logo\\\/image\\\/\"},\"sameAs\":[\"https:\\\/\\\/www.facebook.com\\\/srfb.be\",\"https:\\\/\\\/www.instagram.com\\\/srfb_kbbm\\\/\",\"https:\\\/\\\/www.linkedin.com\\\/company\\\/srfb-kbbm\\\/\",\"https:\\\/\\\/www.youtube.com\\\/user\\\/srfbkbbm\"]}]}<\/script>\n<!-- \/ Yoast SEO plugin. -->","yoast_head_json":{"title":"Die invasiven Arten. Von hier und anderswo - K\u00f6niglich Belgische Forstgesellschaft","robots":{"index":"index","follow":"follow","max-snippet":"max-snippet:-1","max-image-preview":"max-image-preview:large","max-video-preview":"max-video-preview:-1"},"canonical":"https:\/\/srfb.be\/de\/forest-shop\/les-especes-envahissantes-dici-et-dailleurs\/","og_locale":"de_DE","og_type":"article","og_title":"Les esp\u00e8ces envahissantes. D\u2019ici et d\u2019ailleurs - Soci\u00e9t\u00e9 Royale Foresti\u00e8re de Belgique","og_description":"Quelles nuisances peuvent provoquer les esp\u00e8ces envahissantes sur le plan environnemental, \u00e9conomique ou sanitaire ? Pourquoi est-il si difficile de les ma\u00eetriser ? Cet ouvrage offre de nombreux rep\u00e8res pour mieux comprendre les invasions biologiques. Il sugg\u00e8re des solutions innovantes pour en r\u00e9duire les dommages, mais aussi pour apprendre \u00e0 vivre avec ce nouveau ph\u00e9nom\u00e8ne plan\u00e9taire. 17 x 24 cm, 192 pages","og_url":"https:\/\/srfb.be\/de\/forest-shop\/les-especes-envahissantes-dici-et-dailleurs\/","og_site_name":"Soci\u00e9t\u00e9 Royale Foresti\u00e8re de Belgique","article_publisher":"https:\/\/www.facebook.com\/srfb.be","article_modified_time":"2026-03-03T16:15:22+00:00","og_image":[{"width":1797,"height":2560,"url":"https:\/\/srfb.be\/wp-content\/uploads\/2020\/03\/especes_envahissantes-1-scaled.jpg","type":"image\/jpeg"}],"schema":{"@context":"https:\/\/schema.org","@graph":[{"@type":"WebPage","@id":"https:\/\/srfb.be\/en\/forest-shop\/les-especes-envahissantes-dici-et-dailleurs\/","url":"https:\/\/srfb.be\/en\/forest-shop\/les-especes-envahissantes-dici-et-dailleurs\/","name":"Die invasiven Arten. Von hier und anderswo - K\u00f6niglich Belgische Forstgesellschaft","isPartOf":{"@id":"https:\/\/kbbm.be\/en\/#website"},"primaryImageOfPage":{"@id":"https:\/\/srfb.be\/en\/forest-shop\/les-especes-envahissantes-dici-et-dailleurs\/#primaryimage"},"image":{"@id":"https:\/\/srfb.be\/en\/forest-shop\/les-especes-envahissantes-dici-et-dailleurs\/#primaryimage"},"thumbnailUrl":"https:\/\/srfb.be\/wp-content\/uploads\/2020\/03\/especes_envahissantes-1-scaled.jpg","datePublished":"2020-03-20T13:21:01+00:00","dateModified":"2026-03-03T16:15:22+00:00","breadcrumb":{"@id":"https:\/\/srfb.be\/en\/forest-shop\/les-especes-envahissantes-dici-et-dailleurs\/#breadcrumb"},"inLanguage":"de","potentialAction":[{"@type":"ReadAction","target":["https:\/\/srfb.be\/en\/forest-shop\/les-especes-envahissantes-dici-et-dailleurs\/"]}]},{"@type":"ImageObject","inLanguage":"de","@id":"https:\/\/srfb.be\/en\/forest-shop\/les-especes-envahissantes-dici-et-dailleurs\/#primaryimage","url":"https:\/\/srfb.be\/wp-content\/uploads\/2020\/03\/especes_envahissantes-1-scaled.jpg","contentUrl":"https:\/\/srfb.be\/wp-content\/uploads\/2020\/03\/especes_envahissantes-1-scaled.jpg","width":1797,"height":2560},{"@type":"BreadcrumbList","@id":"https:\/\/srfb.be\/en\/forest-shop\/les-especes-envahissantes-dici-et-dailleurs\/#breadcrumb","itemListElement":[{"@type":"ListItem","position":1,"name":"Accueil","item":"https:\/\/kbbm.be\/en\/"},{"@type":"ListItem","position":2,"name":"Produits","item":"https:\/\/srfb.be\/shop\/"},{"@type":"ListItem","position":3,"name":"Les esp\u00e8ces envahissantes. D\u2019ici et d\u2019ailleurs"}]},{"@type":"WebSite","@id":"https:\/\/kbbm.be\/en\/#website","url":"https:\/\/kbbm.be\/en\/","name":"K\u00f6nigliche Forstverein Belgiens","description":"Im Dienste des Waldes und der F\u00f6rster","publisher":{"@id":"https:\/\/kbbm.be\/en\/#organization"},"alternateName":"SRFB-KBBM","potentialAction":[{"@type":"SearchAction","target":{"@type":"EntryPoint","urlTemplate":"https:\/\/kbbm.be\/en\/?s={search_term_string}"},"query-input":{"@type":"PropertyValueSpecification","valueRequired":true,"valueName":"search_term_string"}}],"inLanguage":"de"},{"@type":"Organization","@id":"https:\/\/kbbm.be\/en\/#organization","name":"Soci\u00e9t\u00e9 Royale Foresti\u00e8re De Belgique - Koninklijke Belgische Bosbouwmaatschappij","alternateName":"SRFB-KBBM","url":"https:\/\/kbbm.be\/en\/","logo":{"@type":"ImageObject","inLanguage":"de","@id":"https:\/\/kbbm.be\/en\/#\/schema\/logo\/image\/","url":"https:\/\/srfb.be\/wp-content\/uploads\/2019\/06\/android-chrome-256x256.png","contentUrl":"https:\/\/srfb.be\/wp-content\/uploads\/2019\/06\/android-chrome-256x256.png","width":1200,"height":1232,"caption":"Soci\u00e9t\u00e9 Royale Foresti\u00e8re De Belgique - Koninklijke Belgische Bosbouwmaatschappij"},"image":{"@id":"https:\/\/kbbm.be\/en\/#\/schema\/logo\/image\/"},"sameAs":["https:\/\/www.facebook.com\/srfb.be","https:\/\/www.instagram.com\/srfb_kbbm\/","https:\/\/www.linkedin.com\/company\/srfb-kbbm\/","https:\/\/www.youtube.com\/user\/srfbkbbm"]}]}},"_links":{"self":[{"href":"https:\/\/srfb.be\/de\/wp-json\/wp\/v2\/product\/10758","targetHints":{"allow":["GET"]}}],"collection":[{"href":"https:\/\/srfb.be\/de\/wp-json\/wp\/v2\/product"}],"about":[{"href":"https:\/\/srfb.be\/de\/wp-json\/wp\/v2\/types\/product"}],"replies":[{"embeddable":true,"href":"https:\/\/srfb.be\/de\/wp-json\/wp\/v2\/comments?post=10758"}],"wp:featuredmedia":[{"embeddable":true,"href":"https:\/\/srfb.be\/de\/wp-json\/wp\/v2\/media\/10760"}],"wp:attachment":[{"href":"https:\/\/srfb.be\/de\/wp-json\/wp\/v2\/media?parent=10758"}],"wp:term":[{"taxonomy":"product_brand","embeddable":true,"href":"https:\/\/srfb.be\/de\/wp-json\/wp\/v2\/product_brand?post=10758"},{"taxonomy":"product_cat","embeddable":true,"href":"https:\/\/srfb.be\/de\/wp-json\/wp\/v2\/product_cat?post=10758"},{"taxonomy":"product_tag","embeddable":true,"href":"https:\/\/srfb.be\/de\/wp-json\/wp\/v2\/product_tag?post=10758"}],"curies":[{"name":"wp","href":"https:\/\/api.w.org\/{rel}","templated":true}]}}