{"id":10744,"date":"2020-03-20T13:12:13","date_gmt":"2020-03-20T12:12:13","guid":{"rendered":"https:\/\/new.srfb.be\/?post_type=product&#038;p=10744"},"modified":"2026-03-03T17:03:38","modified_gmt":"2026-03-03T16:03:38","slug":"le-grand-livre-de-la-foret","status":"publish","type":"product","link":"https:\/\/srfb.be\/de\/forest-shop\/le-grand-livre-de-la-foret\/","title":{"rendered":"Das gro\u00dfe Buch des Waldes!"},"content":{"rendered":"","protected":false},"excerpt":{"rendered":"<p>Bei einem Streifzug durch den Wald von gestern und heute f\u00fchrt Sie dieses Buch anhand von 97 Artikeln und Beilagen, die von 128 Autoren verfasst wurden, zu einem besseren Verst\u00e4ndnis dessen, was verbessert werden muss, damit unser Wald von morgen uns noch mehr in Staunen versetzt: von Mythen und Legenden bis zur Holztechnologie, vom Samenkorn bis zur mehrhundertj\u00e4hrigen Eiche, vom Lukank\u00e4fer bis zum Drachen<br \/>\nzum R\u00f6hren des Hirsches, vom F\u00f6rster bis zum zeitgen\u00f6ssischen Haus! Ob prominente Mitglieder von Universit\u00e4ten, Hochschulen, Beh\u00f6rden oder Verb\u00e4nden, Fotografen oder einfach nur Liebhaber - die besten Spezialisten auf ihrem Gebiet haben dazu beigetragen, Ihnen ein au\u00dfergew\u00f6hnliches Buch zu bieten.<br \/>\n22,5 x 28,5 cm, 496 Seiten<\/p>","protected":false},"featured_media":10745,"comment_status":"open","ping_status":"closed","template":"","meta":{"iawp_total_views":140},"product_brand":[],"product_cat":[314],"product_tag":[],"class_list":{"0":"post-10744","1":"product","2":"type-product","3":"status-publish","4":"has-post-thumbnail","6":"product_cat-sylviculture","8":"first","9":"instock","10":"shipping-taxable","11":"purchasable","12":"product-type-simple"},"yoast_head":"<!-- This site is optimized with the Yoast SEO plugin v27.3 - https:\/\/yoast.com\/product\/yoast-seo-wordpress\/ -->\n<title>Le Grand Livre de la For\u00eat ! - Soci\u00e9t\u00e9 Royale Foresti\u00e8re de Belgique<\/title>\n<meta name=\"robots\" content=\"index, follow, max-snippet:-1, max-image-preview:large, max-video-preview:-1\" \/>\n<link rel=\"canonical\" href=\"https:\/\/srfb.be\/de\/forest-shop\/le-grand-livre-de-la-foret\/\" \/>\n<meta property=\"og:locale\" content=\"de_DE\" \/>\n<meta property=\"og:type\" content=\"article\" \/>\n<meta property=\"og:title\" content=\"Le Grand Livre de la For\u00eat ! - Soci\u00e9t\u00e9 Royale Foresti\u00e8re de Belgique\" \/>\n<meta property=\"og:description\" content=\"En parcourant la for\u00eat d\u2019hier et d\u2019aujourd\u2019hui, ce livre vous conduira, au travers de 97 articles et encarts r\u00e9dig\u00e9s par 128 auteurs, \u00e0 mieux comprendre ce qu\u2019il faut am\u00e9liorer pour que notre for\u00eat de demain nous \u00e9merveille encore plus : des mythes et l\u00e9gendes \u00e0 la technologie du bois, de la graine au ch\u00eane multicentenaire, du lucane cerf-volant au brame du cerf, du garde forestier \u00e0 la maison contemporaine ! Membres \u00e9minents d\u2019universit\u00e9s, de hautes \u00e9coles, d\u2019administrations, d\u2019associations, photographes ou simples passionn\u00e9s, les meilleurs sp\u00e9cialistes dans leur domaine ont contribu\u00e9 \u00e0 vous offrir un livre d\u2019exception. 22,5 x 28,5 cm, 496 pages\" \/>\n<meta property=\"og:url\" content=\"https:\/\/srfb.be\/de\/forest-shop\/le-grand-livre-de-la-foret\/\" \/>\n<meta property=\"og:site_name\" content=\"Soci\u00e9t\u00e9 Royale Foresti\u00e8re de Belgique\" \/>\n<meta property=\"article:publisher\" content=\"https:\/\/www.facebook.com\/srfb.be\" \/>\n<meta property=\"article:modified_time\" content=\"2026-03-03T16:03:38+00:00\" \/>\n<meta property=\"og:image\" content=\"https:\/\/srfb.be\/wp-content\/uploads\/2020\/03\/Grand-livre-1-scaled.jpg\" \/>\n\t<meta property=\"og:image:width\" content=\"2063\" \/>\n\t<meta property=\"og:image:height\" content=\"2560\" \/>\n\t<meta property=\"og:image:type\" content=\"image\/jpeg\" \/>\n<script type=\"application\/ld+json\" class=\"yoast-schema-graph\">{\"@context\":\"https:\\\/\\\/schema.org\",\"@graph\":[{\"@type\":\"WebPage\",\"@id\":\"https:\\\/\\\/srfb.be\\\/en\\\/forest-shop\\\/le-grand-livre-de-la-foret\\\/\",\"url\":\"https:\\\/\\\/srfb.be\\\/en\\\/forest-shop\\\/le-grand-livre-de-la-foret\\\/\",\"name\":\"Le Grand Livre de la For\u00eat ! - Soci\u00e9t\u00e9 Royale Foresti\u00e8re de Belgique\",\"isPartOf\":{\"@id\":\"https:\\\/\\\/kbbm.be\\\/de\\\/#website\"},\"primaryImageOfPage\":{\"@id\":\"https:\\\/\\\/srfb.be\\\/en\\\/forest-shop\\\/le-grand-livre-de-la-foret\\\/#primaryimage\"},\"image\":{\"@id\":\"https:\\\/\\\/srfb.be\\\/en\\\/forest-shop\\\/le-grand-livre-de-la-foret\\\/#primaryimage\"},\"thumbnailUrl\":\"https:\\\/\\\/srfb.be\\\/wp-content\\\/uploads\\\/2020\\\/03\\\/Grand-livre-1-scaled.jpg\",\"datePublished\":\"2020-03-20T12:12:13+00:00\",\"dateModified\":\"2026-03-03T16:03:38+00:00\",\"breadcrumb\":{\"@id\":\"https:\\\/\\\/srfb.be\\\/en\\\/forest-shop\\\/le-grand-livre-de-la-foret\\\/#breadcrumb\"},\"inLanguage\":\"de\",\"potentialAction\":[{\"@type\":\"ReadAction\",\"target\":[\"https:\\\/\\\/srfb.be\\\/en\\\/forest-shop\\\/le-grand-livre-de-la-foret\\\/\"]}]},{\"@type\":\"ImageObject\",\"inLanguage\":\"de\",\"@id\":\"https:\\\/\\\/srfb.be\\\/en\\\/forest-shop\\\/le-grand-livre-de-la-foret\\\/#primaryimage\",\"url\":\"https:\\\/\\\/srfb.be\\\/wp-content\\\/uploads\\\/2020\\\/03\\\/Grand-livre-1-scaled.jpg\",\"contentUrl\":\"https:\\\/\\\/srfb.be\\\/wp-content\\\/uploads\\\/2020\\\/03\\\/Grand-livre-1-scaled.jpg\",\"width\":2063,\"height\":2560},{\"@type\":\"BreadcrumbList\",\"@id\":\"https:\\\/\\\/srfb.be\\\/en\\\/forest-shop\\\/le-grand-livre-de-la-foret\\\/#breadcrumb\",\"itemListElement\":[{\"@type\":\"ListItem\",\"position\":1,\"name\":\"Accueil\",\"item\":\"https:\\\/\\\/kbbm.be\\\/de\\\/\"},{\"@type\":\"ListItem\",\"position\":2,\"name\":\"Producten\",\"item\":\"https:\\\/\\\/kbbm.be\\\/nl\\\/shop\\\/\"},{\"@type\":\"ListItem\",\"position\":3,\"name\":\"Le Grand Livre de la For\u00eat !\"}]},{\"@type\":\"WebSite\",\"@id\":\"https:\\\/\\\/kbbm.be\\\/de\\\/#website\",\"url\":\"https:\\\/\\\/kbbm.be\\\/de\\\/\",\"name\":\"Soci\u00e9t\u00e9 Royale Foresti\u00e8re de Belgique\",\"description\":\"Au service de la for\u00eat et des forestiers\",\"publisher\":{\"@id\":\"https:\\\/\\\/kbbm.be\\\/de\\\/#organization\"},\"alternateName\":\"SRFB-KBBM\",\"potentialAction\":[{\"@type\":\"SearchAction\",\"target\":{\"@type\":\"EntryPoint\",\"urlTemplate\":\"https:\\\/\\\/kbbm.be\\\/de\\\/?s={search_term_string}\"},\"query-input\":{\"@type\":\"PropertyValueSpecification\",\"valueRequired\":true,\"valueName\":\"search_term_string\"}}],\"inLanguage\":\"de\"},{\"@type\":\"Organization\",\"@id\":\"https:\\\/\\\/kbbm.be\\\/de\\\/#organization\",\"name\":\"Soci\u00e9t\u00e9 Royale Foresti\u00e8re De Belgique - Koninklijke Belgische Bosbouwmaatschappij\",\"alternateName\":\"SRFB-KBBM\",\"url\":\"https:\\\/\\\/kbbm.be\\\/de\\\/\",\"logo\":{\"@type\":\"ImageObject\",\"inLanguage\":\"de\",\"@id\":\"https:\\\/\\\/kbbm.be\\\/de\\\/#\\\/schema\\\/logo\\\/image\\\/\",\"url\":\"https:\\\/\\\/srfb.be\\\/wp-content\\\/uploads\\\/2019\\\/06\\\/android-chrome-256x256.png\",\"contentUrl\":\"https:\\\/\\\/srfb.be\\\/wp-content\\\/uploads\\\/2019\\\/06\\\/android-chrome-256x256.png\",\"width\":1200,\"height\":1232,\"caption\":\"Soci\u00e9t\u00e9 Royale Foresti\u00e8re De Belgique - Koninklijke Belgische Bosbouwmaatschappij\"},\"image\":{\"@id\":\"https:\\\/\\\/kbbm.be\\\/de\\\/#\\\/schema\\\/logo\\\/image\\\/\"},\"sameAs\":[\"https:\\\/\\\/www.facebook.com\\\/srfb.be\",\"https:\\\/\\\/www.instagram.com\\\/srfb_kbbm\\\/\",\"https:\\\/\\\/www.linkedin.com\\\/company\\\/srfb-kbbm\\\/\",\"https:\\\/\\\/www.youtube.com\\\/user\\\/srfbkbbm\"]}]}<\/script>\n<!-- \/ Yoast SEO plugin. -->","yoast_head_json":{"title":"Das gro\u00dfe Buch des Waldes! - K\u00f6nigliche Forstgesellschaft von Belgien","robots":{"index":"index","follow":"follow","max-snippet":"max-snippet:-1","max-image-preview":"max-image-preview:large","max-video-preview":"max-video-preview:-1"},"canonical":"https:\/\/srfb.be\/de\/forest-shop\/le-grand-livre-de-la-foret\/","og_locale":"de_DE","og_type":"article","og_title":"Le Grand Livre de la For\u00eat ! - Soci\u00e9t\u00e9 Royale Foresti\u00e8re de Belgique","og_description":"En parcourant la for\u00eat d\u2019hier et d\u2019aujourd\u2019hui, ce livre vous conduira, au travers de 97 articles et encarts r\u00e9dig\u00e9s par 128 auteurs, \u00e0 mieux comprendre ce qu\u2019il faut am\u00e9liorer pour que notre for\u00eat de demain nous \u00e9merveille encore plus : des mythes et l\u00e9gendes \u00e0 la technologie du bois, de la graine au ch\u00eane multicentenaire, du lucane cerf-volant au brame du cerf, du garde forestier \u00e0 la maison contemporaine ! Membres \u00e9minents d\u2019universit\u00e9s, de hautes \u00e9coles, d\u2019administrations, d\u2019associations, photographes ou simples passionn\u00e9s, les meilleurs sp\u00e9cialistes dans leur domaine ont contribu\u00e9 \u00e0 vous offrir un livre d\u2019exception. 22,5 x 28,5 cm, 496 pages","og_url":"https:\/\/srfb.be\/de\/forest-shop\/le-grand-livre-de-la-foret\/","og_site_name":"Soci\u00e9t\u00e9 Royale Foresti\u00e8re de Belgique","article_publisher":"https:\/\/www.facebook.com\/srfb.be","article_modified_time":"2026-03-03T16:03:38+00:00","og_image":[{"width":2063,"height":2560,"url":"https:\/\/srfb.be\/wp-content\/uploads\/2020\/03\/Grand-livre-1-scaled.jpg","type":"image\/jpeg"}],"schema":{"@context":"https:\/\/schema.org","@graph":[{"@type":"WebPage","@id":"https:\/\/srfb.be\/en\/forest-shop\/le-grand-livre-de-la-foret\/","url":"https:\/\/srfb.be\/en\/forest-shop\/le-grand-livre-de-la-foret\/","name":"Das gro\u00dfe Buch des Waldes! - K\u00f6nigliche Forstgesellschaft von Belgien","isPartOf":{"@id":"https:\/\/kbbm.be\/de\/#website"},"primaryImageOfPage":{"@id":"https:\/\/srfb.be\/en\/forest-shop\/le-grand-livre-de-la-foret\/#primaryimage"},"image":{"@id":"https:\/\/srfb.be\/en\/forest-shop\/le-grand-livre-de-la-foret\/#primaryimage"},"thumbnailUrl":"https:\/\/srfb.be\/wp-content\/uploads\/2020\/03\/Grand-livre-1-scaled.jpg","datePublished":"2020-03-20T12:12:13+00:00","dateModified":"2026-03-03T16:03:38+00:00","breadcrumb":{"@id":"https:\/\/srfb.be\/en\/forest-shop\/le-grand-livre-de-la-foret\/#breadcrumb"},"inLanguage":"de","potentialAction":[{"@type":"ReadAction","target":["https:\/\/srfb.be\/en\/forest-shop\/le-grand-livre-de-la-foret\/"]}]},{"@type":"ImageObject","inLanguage":"de","@id":"https:\/\/srfb.be\/en\/forest-shop\/le-grand-livre-de-la-foret\/#primaryimage","url":"https:\/\/srfb.be\/wp-content\/uploads\/2020\/03\/Grand-livre-1-scaled.jpg","contentUrl":"https:\/\/srfb.be\/wp-content\/uploads\/2020\/03\/Grand-livre-1-scaled.jpg","width":2063,"height":2560},{"@type":"BreadcrumbList","@id":"https:\/\/srfb.be\/en\/forest-shop\/le-grand-livre-de-la-foret\/#breadcrumb","itemListElement":[{"@type":"ListItem","position":1,"name":"Accueil","item":"https:\/\/kbbm.be\/de\/"},{"@type":"ListItem","position":2,"name":"Producten","item":"https:\/\/kbbm.be\/nl\/shop\/"},{"@type":"ListItem","position":3,"name":"Le Grand Livre de la For\u00eat !"}]},{"@type":"WebSite","@id":"https:\/\/kbbm.be\/de\/#website","url":"https:\/\/kbbm.be\/de\/","name":"K\u00f6nigliche Forstverein Belgiens","description":"Im Dienste des Waldes und der F\u00f6rster","publisher":{"@id":"https:\/\/kbbm.be\/de\/#organization"},"alternateName":"SRFB-KBBM","potentialAction":[{"@type":"SearchAction","target":{"@type":"EntryPoint","urlTemplate":"https:\/\/kbbm.be\/de\/?s={search_term_string}"},"query-input":{"@type":"PropertyValueSpecification","valueRequired":true,"valueName":"search_term_string"}}],"inLanguage":"de"},{"@type":"Organization","@id":"https:\/\/kbbm.be\/de\/#organization","name":"Soci\u00e9t\u00e9 Royale Foresti\u00e8re De Belgique - Koninklijke Belgische Bosbouwmaatschappij","alternateName":"SRFB-KBBM","url":"https:\/\/kbbm.be\/de\/","logo":{"@type":"ImageObject","inLanguage":"de","@id":"https:\/\/kbbm.be\/de\/#\/schema\/logo\/image\/","url":"https:\/\/srfb.be\/wp-content\/uploads\/2019\/06\/android-chrome-256x256.png","contentUrl":"https:\/\/srfb.be\/wp-content\/uploads\/2019\/06\/android-chrome-256x256.png","width":1200,"height":1232,"caption":"Soci\u00e9t\u00e9 Royale Foresti\u00e8re De Belgique - Koninklijke Belgische Bosbouwmaatschappij"},"image":{"@id":"https:\/\/kbbm.be\/de\/#\/schema\/logo\/image\/"},"sameAs":["https:\/\/www.facebook.com\/srfb.be","https:\/\/www.instagram.com\/srfb_kbbm\/","https:\/\/www.linkedin.com\/company\/srfb-kbbm\/","https:\/\/www.youtube.com\/user\/srfbkbbm"]}]}},"_links":{"self":[{"href":"https:\/\/srfb.be\/de\/wp-json\/wp\/v2\/product\/10744","targetHints":{"allow":["GET"]}}],"collection":[{"href":"https:\/\/srfb.be\/de\/wp-json\/wp\/v2\/product"}],"about":[{"href":"https:\/\/srfb.be\/de\/wp-json\/wp\/v2\/types\/product"}],"replies":[{"embeddable":true,"href":"https:\/\/srfb.be\/de\/wp-json\/wp\/v2\/comments?post=10744"}],"wp:featuredmedia":[{"embeddable":true,"href":"https:\/\/srfb.be\/de\/wp-json\/wp\/v2\/media\/10745"}],"wp:attachment":[{"href":"https:\/\/srfb.be\/de\/wp-json\/wp\/v2\/media?parent=10744"}],"wp:term":[{"taxonomy":"product_brand","embeddable":true,"href":"https:\/\/srfb.be\/de\/wp-json\/wp\/v2\/product_brand?post=10744"},{"taxonomy":"product_cat","embeddable":true,"href":"https:\/\/srfb.be\/de\/wp-json\/wp\/v2\/product_cat?post=10744"},{"taxonomy":"product_tag","embeddable":true,"href":"https:\/\/srfb.be\/de\/wp-json\/wp\/v2\/product_tag?post=10744"}],"curies":[{"name":"wp","href":"https:\/\/api.w.org\/{rel}","templated":true}]}}