{"id":10735,"date":"2020-03-20T13:06:12","date_gmt":"2020-03-20T13:06:12","guid":{"rendered":"https:\/\/new.srfb.be\/?post_type=product&#038;p=10735"},"modified":"2025-06-09T20:49:15","modified_gmt":"2025-06-09T18:49:15","slug":"des-travaux-economes-pour-du-bois-doeuvre-de-haute-qualite","status":"publish","type":"product","link":"https:\/\/srfb.be\/de\/forest-shop\/des-travaux-economes-pour-du-bois-doeuvre-de-haute-qualite\/","title":{"rendered":"Sparsame Arbeit f\u00fcr hochwertiges Nutzholz"},"content":{"rendered":"","protected":false},"excerpt":{"rendered":"<p>Bei der \u00abBaum-Forstwirtschaft\u00bb werden qualitativ hochwertige St\u00e4mme identifiziert und ausschlie\u00dflich zu ihrem Vorteil gearbeitet. Mit diesem Ansatz lassen sich die Investitionskosten senken und gleichzeitig der Wert der Best\u00e4nde steigern. Dieses technische Handbuch stellt dar, wie man qualitativ hochwertiges Nutzholz aus verschiedenen Baumarten m\u00f6glichst schnell und kosteng\u00fcnstig erzeugen kann.<br \/>\n60 Seiten - 21 x 29 cm<\/p>","protected":false},"featured_media":10736,"comment_status":"open","ping_status":"closed","template":"","meta":{"iawp_total_views":57},"product_brand":[],"product_cat":[692,314],"product_tag":[],"class_list":{"0":"post-10735","1":"product","2":"type-product","3":"status-publish","4":"has-post-thumbnail","6":"product_cat-arboretum","7":"product_cat-sylviculture","9":"first","10":"instock","11":"shipping-taxable","12":"purchasable","13":"product-type-simple"},"yoast_head":"<!-- This site is optimized with the Yoast SEO plugin v27.3 - https:\/\/yoast.com\/product\/yoast-seo-wordpress\/ -->\n<title>Des travaux \u00e9conomes pour du bois d\u2019\u0153uvre de haute qualit\u00e9 - Soci\u00e9t\u00e9 Royale Foresti\u00e8re de Belgique<\/title>\n<meta name=\"robots\" content=\"index, follow, max-snippet:-1, max-image-preview:large, max-video-preview:-1\" \/>\n<link rel=\"canonical\" href=\"https:\/\/www.kbbm.be\/en\/forest-shop\/des-travaux-economes-pour-du-bois-doeuvre-de-haute-qualite\/\" \/>\n<meta property=\"og:locale\" content=\"de_DE\" \/>\n<meta property=\"og:type\" content=\"article\" \/>\n<meta property=\"og:title\" content=\"Des travaux \u00e9conomes pour du bois d\u2019\u0153uvre de haute qualit\u00e9 - Soci\u00e9t\u00e9 Royale Foresti\u00e8re de Belgique\" \/>\n<meta property=\"og:description\" content=\"La \u00ab sylviculture d\u2019arbre \u00bb consiste \u00e0 identifier les tiges de qualit\u00e9 et \u00e0 travailler exclusivement \u00e0 leur profit. Cette approche permet de r\u00e9duire les co\u00fbts d\u2019investissement tout en augmentant la valeur des peuplements. Ce manuel technique pr\u00e9sente la mani\u00e8re de produire du bois d\u2019oeuvre de haute qualit\u00e9 en essences diversifi\u00e9es, le plus rapidement possible et au moindre co\u00fbt. 60 pages \u2013 21 x 29 cm\" \/>\n<meta property=\"og:url\" content=\"https:\/\/www.kbbm.be\/en\/forest-shop\/des-travaux-economes-pour-du-bois-doeuvre-de-haute-qualite\/\" \/>\n<meta property=\"og:site_name\" content=\"Soci\u00e9t\u00e9 Royale Foresti\u00e8re de Belgique\" \/>\n<meta property=\"article:publisher\" content=\"https:\/\/www.facebook.com\/srfb.be\" \/>\n<meta property=\"article:modified_time\" content=\"2025-06-09T18:49:15+00:00\" \/>\n<meta property=\"og:image\" content=\"https:\/\/www.kbbm.be\/wp-content\/uploads\/2020\/03\/travaux-economes-1-scaled.jpg\" \/>\n\t<meta property=\"og:image:width\" content=\"1802\" \/>\n\t<meta property=\"og:image:height\" content=\"2560\" \/>\n\t<meta property=\"og:image:type\" content=\"image\/jpeg\" \/>\n<script type=\"application\/ld+json\" class=\"yoast-schema-graph\">{\"@context\":\"https:\\\/\\\/schema.org\",\"@graph\":[{\"@type\":\"WebPage\",\"@id\":\"https:\\\/\\\/www.kbbm.be\\\/en\\\/forest-shop\\\/des-travaux-economes-pour-du-bois-doeuvre-de-haute-qualite\\\/\",\"url\":\"https:\\\/\\\/www.kbbm.be\\\/en\\\/forest-shop\\\/des-travaux-economes-pour-du-bois-doeuvre-de-haute-qualite\\\/\",\"name\":\"Des travaux \u00e9conomes pour du bois d\u2019\u0153uvre de haute qualit\u00e9 - Soci\u00e9t\u00e9 Royale Foresti\u00e8re de Belgique\",\"isPartOf\":{\"@id\":\"https:\\\/\\\/srfb.be\\\/de\\\/#website\"},\"primaryImageOfPage\":{\"@id\":\"https:\\\/\\\/www.kbbm.be\\\/en\\\/forest-shop\\\/des-travaux-economes-pour-du-bois-doeuvre-de-haute-qualite\\\/#primaryimage\"},\"image\":{\"@id\":\"https:\\\/\\\/www.kbbm.be\\\/en\\\/forest-shop\\\/des-travaux-economes-pour-du-bois-doeuvre-de-haute-qualite\\\/#primaryimage\"},\"thumbnailUrl\":\"https:\\\/\\\/srfb.be\\\/wp-content\\\/uploads\\\/2020\\\/03\\\/travaux-economes-1-scaled.jpg\",\"datePublished\":\"2020-03-20T13:06:12+00:00\",\"dateModified\":\"2025-06-09T18:49:15+00:00\",\"breadcrumb\":{\"@id\":\"https:\\\/\\\/www.kbbm.be\\\/en\\\/forest-shop\\\/des-travaux-economes-pour-du-bois-doeuvre-de-haute-qualite\\\/#breadcrumb\"},\"inLanguage\":\"de\",\"potentialAction\":[{\"@type\":\"ReadAction\",\"target\":[\"https:\\\/\\\/www.kbbm.be\\\/en\\\/forest-shop\\\/des-travaux-economes-pour-du-bois-doeuvre-de-haute-qualite\\\/\"]}]},{\"@type\":\"ImageObject\",\"inLanguage\":\"de\",\"@id\":\"https:\\\/\\\/www.kbbm.be\\\/en\\\/forest-shop\\\/des-travaux-economes-pour-du-bois-doeuvre-de-haute-qualite\\\/#primaryimage\",\"url\":\"https:\\\/\\\/srfb.be\\\/wp-content\\\/uploads\\\/2020\\\/03\\\/travaux-economes-1-scaled.jpg\",\"contentUrl\":\"https:\\\/\\\/srfb.be\\\/wp-content\\\/uploads\\\/2020\\\/03\\\/travaux-economes-1-scaled.jpg\",\"width\":1802,\"height\":2560},{\"@type\":\"BreadcrumbList\",\"@id\":\"https:\\\/\\\/www.kbbm.be\\\/en\\\/forest-shop\\\/des-travaux-economes-pour-du-bois-doeuvre-de-haute-qualite\\\/#breadcrumb\",\"itemListElement\":[{\"@type\":\"ListItem\",\"position\":1,\"name\":\"Accueil\",\"item\":\"https:\\\/\\\/srfb.be\\\/de\\\/\"},{\"@type\":\"ListItem\",\"position\":2,\"name\":\"Produkte\",\"item\":\"https:\\\/\\\/srfb.be\\\/de\\\/shop\\\/\"},{\"@type\":\"ListItem\",\"position\":3,\"name\":\"Des travaux \u00e9conomes pour du bois d\u2019\u0153uvre de haute qualit\u00e9\"}]},{\"@type\":\"WebSite\",\"@id\":\"https:\\\/\\\/srfb.be\\\/de\\\/#website\",\"url\":\"https:\\\/\\\/srfb.be\\\/de\\\/\",\"name\":\"Soci\u00e9t\u00e9 Royale Foresti\u00e8re de Belgique\",\"description\":\"Au service de la for\u00eat et des forestiers\",\"publisher\":{\"@id\":\"https:\\\/\\\/srfb.be\\\/de\\\/#organization\"},\"alternateName\":\"SRFB-KBBM\",\"potentialAction\":[{\"@type\":\"SearchAction\",\"target\":{\"@type\":\"EntryPoint\",\"urlTemplate\":\"https:\\\/\\\/srfb.be\\\/de\\\/?s={search_term_string}\"},\"query-input\":{\"@type\":\"PropertyValueSpecification\",\"valueRequired\":true,\"valueName\":\"search_term_string\"}}],\"inLanguage\":\"de\"},{\"@type\":\"Organization\",\"@id\":\"https:\\\/\\\/srfb.be\\\/de\\\/#organization\",\"name\":\"Soci\u00e9t\u00e9 Royale Foresti\u00e8re De Belgique - Koninklijke Belgische Bosbouwmaatschappij\",\"alternateName\":\"SRFB-KBBM\",\"url\":\"https:\\\/\\\/srfb.be\\\/de\\\/\",\"logo\":{\"@type\":\"ImageObject\",\"inLanguage\":\"de\",\"@id\":\"https:\\\/\\\/srfb.be\\\/de\\\/#\\\/schema\\\/logo\\\/image\\\/\",\"url\":\"https:\\\/\\\/srfb.be\\\/wp-content\\\/uploads\\\/2019\\\/06\\\/android-chrome-256x256.png\",\"contentUrl\":\"https:\\\/\\\/srfb.be\\\/wp-content\\\/uploads\\\/2019\\\/06\\\/android-chrome-256x256.png\",\"width\":1200,\"height\":1232,\"caption\":\"Soci\u00e9t\u00e9 Royale Foresti\u00e8re De Belgique - Koninklijke Belgische Bosbouwmaatschappij\"},\"image\":{\"@id\":\"https:\\\/\\\/srfb.be\\\/de\\\/#\\\/schema\\\/logo\\\/image\\\/\"},\"sameAs\":[\"https:\\\/\\\/www.facebook.com\\\/srfb.be\",\"https:\\\/\\\/www.instagram.com\\\/srfb_kbbm\\\/\",\"https:\\\/\\\/www.linkedin.com\\\/company\\\/srfb-kbbm\\\/\",\"https:\\\/\\\/www.youtube.com\\\/user\\\/srfbkbbm\"]}]}<\/script>\n<!-- \/ Yoast SEO plugin. -->","yoast_head_json":{"title":"Sparsame Arbeit f\u00fcr hochwertiges Nutzholz - Soci\u00e9t\u00e9 Royale Foresti\u00e8re de Belgique","robots":{"index":"index","follow":"follow","max-snippet":"max-snippet:-1","max-image-preview":"max-image-preview:large","max-video-preview":"max-video-preview:-1"},"canonical":"https:\/\/www.kbbm.be\/en\/forest-shop\/des-travaux-economes-pour-du-bois-doeuvre-de-haute-qualite\/","og_locale":"de_DE","og_type":"article","og_title":"Des travaux \u00e9conomes pour du bois d\u2019\u0153uvre de haute qualit\u00e9 - Soci\u00e9t\u00e9 Royale Foresti\u00e8re de Belgique","og_description":"La \u00ab sylviculture d\u2019arbre \u00bb consiste \u00e0 identifier les tiges de qualit\u00e9 et \u00e0 travailler exclusivement \u00e0 leur profit. Cette approche permet de r\u00e9duire les co\u00fbts d\u2019investissement tout en augmentant la valeur des peuplements. Ce manuel technique pr\u00e9sente la mani\u00e8re de produire du bois d\u2019oeuvre de haute qualit\u00e9 en essences diversifi\u00e9es, le plus rapidement possible et au moindre co\u00fbt. 60 pages \u2013 21 x 29 cm","og_url":"https:\/\/www.kbbm.be\/en\/forest-shop\/des-travaux-economes-pour-du-bois-doeuvre-de-haute-qualite\/","og_site_name":"Soci\u00e9t\u00e9 Royale Foresti\u00e8re de Belgique","article_publisher":"https:\/\/www.facebook.com\/srfb.be","article_modified_time":"2025-06-09T18:49:15+00:00","og_image":[{"width":1802,"height":2560,"url":"https:\/\/www.kbbm.be\/wp-content\/uploads\/2020\/03\/travaux-economes-1-scaled.jpg","type":"image\/jpeg"}],"schema":{"@context":"https:\/\/schema.org","@graph":[{"@type":"WebPage","@id":"https:\/\/www.kbbm.be\/en\/forest-shop\/des-travaux-economes-pour-du-bois-doeuvre-de-haute-qualite\/","url":"https:\/\/www.kbbm.be\/en\/forest-shop\/des-travaux-economes-pour-du-bois-doeuvre-de-haute-qualite\/","name":"Sparsame Arbeit f\u00fcr hochwertiges Nutzholz - Soci\u00e9t\u00e9 Royale Foresti\u00e8re de Belgique","isPartOf":{"@id":"https:\/\/srfb.be\/de\/#website"},"primaryImageOfPage":{"@id":"https:\/\/www.kbbm.be\/en\/forest-shop\/des-travaux-economes-pour-du-bois-doeuvre-de-haute-qualite\/#primaryimage"},"image":{"@id":"https:\/\/www.kbbm.be\/en\/forest-shop\/des-travaux-economes-pour-du-bois-doeuvre-de-haute-qualite\/#primaryimage"},"thumbnailUrl":"https:\/\/srfb.be\/wp-content\/uploads\/2020\/03\/travaux-economes-1-scaled.jpg","datePublished":"2020-03-20T13:06:12+00:00","dateModified":"2025-06-09T18:49:15+00:00","breadcrumb":{"@id":"https:\/\/www.kbbm.be\/en\/forest-shop\/des-travaux-economes-pour-du-bois-doeuvre-de-haute-qualite\/#breadcrumb"},"inLanguage":"de","potentialAction":[{"@type":"ReadAction","target":["https:\/\/www.kbbm.be\/en\/forest-shop\/des-travaux-economes-pour-du-bois-doeuvre-de-haute-qualite\/"]}]},{"@type":"ImageObject","inLanguage":"de","@id":"https:\/\/www.kbbm.be\/en\/forest-shop\/des-travaux-economes-pour-du-bois-doeuvre-de-haute-qualite\/#primaryimage","url":"https:\/\/srfb.be\/wp-content\/uploads\/2020\/03\/travaux-economes-1-scaled.jpg","contentUrl":"https:\/\/srfb.be\/wp-content\/uploads\/2020\/03\/travaux-economes-1-scaled.jpg","width":1802,"height":2560},{"@type":"BreadcrumbList","@id":"https:\/\/www.kbbm.be\/en\/forest-shop\/des-travaux-economes-pour-du-bois-doeuvre-de-haute-qualite\/#breadcrumb","itemListElement":[{"@type":"ListItem","position":1,"name":"Accueil","item":"https:\/\/srfb.be\/de\/"},{"@type":"ListItem","position":2,"name":"Produkte","item":"https:\/\/srfb.be\/de\/shop\/"},{"@type":"ListItem","position":3,"name":"Des travaux \u00e9conomes pour du bois d\u2019\u0153uvre de haute qualit\u00e9"}]},{"@type":"WebSite","@id":"https:\/\/srfb.be\/de\/#website","url":"https:\/\/srfb.be\/de\/","name":"K\u00f6nigliche Forstverein Belgiens","description":"Im Dienste des Waldes und der F\u00f6rster","publisher":{"@id":"https:\/\/srfb.be\/de\/#organization"},"alternateName":"SRFB-KBBM","potentialAction":[{"@type":"SearchAction","target":{"@type":"EntryPoint","urlTemplate":"https:\/\/srfb.be\/de\/?s={search_term_string}"},"query-input":{"@type":"PropertyValueSpecification","valueRequired":true,"valueName":"search_term_string"}}],"inLanguage":"de"},{"@type":"Organization","@id":"https:\/\/srfb.be\/de\/#organization","name":"Soci\u00e9t\u00e9 Royale Foresti\u00e8re De Belgique - Koninklijke Belgische Bosbouwmaatschappij","alternateName":"SRFB-KBBM","url":"https:\/\/srfb.be\/de\/","logo":{"@type":"ImageObject","inLanguage":"de","@id":"https:\/\/srfb.be\/de\/#\/schema\/logo\/image\/","url":"https:\/\/srfb.be\/wp-content\/uploads\/2019\/06\/android-chrome-256x256.png","contentUrl":"https:\/\/srfb.be\/wp-content\/uploads\/2019\/06\/android-chrome-256x256.png","width":1200,"height":1232,"caption":"Soci\u00e9t\u00e9 Royale Foresti\u00e8re De Belgique - Koninklijke Belgische Bosbouwmaatschappij"},"image":{"@id":"https:\/\/srfb.be\/de\/#\/schema\/logo\/image\/"},"sameAs":["https:\/\/www.facebook.com\/srfb.be","https:\/\/www.instagram.com\/srfb_kbbm\/","https:\/\/www.linkedin.com\/company\/srfb-kbbm\/","https:\/\/www.youtube.com\/user\/srfbkbbm"]}]}},"_links":{"self":[{"href":"https:\/\/srfb.be\/de\/wp-json\/wp\/v2\/product\/10735","targetHints":{"allow":["GET"]}}],"collection":[{"href":"https:\/\/srfb.be\/de\/wp-json\/wp\/v2\/product"}],"about":[{"href":"https:\/\/srfb.be\/de\/wp-json\/wp\/v2\/types\/product"}],"replies":[{"embeddable":true,"href":"https:\/\/srfb.be\/de\/wp-json\/wp\/v2\/comments?post=10735"}],"wp:featuredmedia":[{"embeddable":true,"href":"https:\/\/srfb.be\/de\/wp-json\/wp\/v2\/media\/10736"}],"wp:attachment":[{"href":"https:\/\/srfb.be\/de\/wp-json\/wp\/v2\/media?parent=10735"}],"wp:term":[{"taxonomy":"product_brand","embeddable":true,"href":"https:\/\/srfb.be\/de\/wp-json\/wp\/v2\/product_brand?post=10735"},{"taxonomy":"product_cat","embeddable":true,"href":"https:\/\/srfb.be\/de\/wp-json\/wp\/v2\/product_cat?post=10735"},{"taxonomy":"product_tag","embeddable":true,"href":"https:\/\/srfb.be\/de\/wp-json\/wp\/v2\/product_tag?post=10735"}],"curies":[{"name":"wp","href":"https:\/\/api.w.org\/{rel}","templated":true}]}}