{"id":10732,"date":"2020-03-20T13:00:23","date_gmt":"2020-03-20T13:00:23","guid":{"rendered":"https:\/\/new.srfb.be\/?post_type=product&#038;p=10732"},"modified":"2026-03-03T17:16:31","modified_gmt":"2026-03-03T16:16:31","slug":"lexpertise-et-la-gestion-financiere-des-proprietes-forestieres","status":"publish","type":"product","link":"https:\/\/srfb.be\/de\/forest-shop\/lexpertise-et-la-gestion-financiere-des-proprietes-forestieres\/","title":{"rendered":"Expertise und Finanzmanagement von Waldbesitz"},"content":{"rendered":"","protected":false},"excerpt":{"rendered":"<p style=\"text-align: left;\">Das Buch ist ein popul\u00e4rwissenschaftliches Werk, das Experten und Verwaltern als Referenzdokument dient. Es basiert vor allem auf einer guten Kenntnis des Waldes, aber auch auf fundierten Kenntnissen der Forstsch\u00e4tzung, der Mikro\u00f6konomie und des Rechts.<br \/>\n24 x 15 cm, 192 Seiten<\/p>","protected":false},"featured_media":10733,"comment_status":"open","ping_status":"closed","template":"","meta":{"iawp_total_views":60},"product_brand":[],"product_cat":[314],"product_tag":[],"class_list":{"0":"post-10732","1":"product","2":"type-product","3":"status-publish","4":"has-post-thumbnail","6":"product_cat-sylviculture","8":"first","9":"instock","10":"shipping-taxable","11":"purchasable","12":"product-type-simple"},"yoast_head":"<!-- This site is optimized with the Yoast SEO plugin v27.4 - https:\/\/yoast.com\/product\/yoast-seo-wordpress\/ -->\n<title>L\u2019expertise et la gestion financi\u00e8re des propri\u00e9t\u00e9s foresti\u00e8res - Soci\u00e9t\u00e9 Royale Foresti\u00e8re de Belgique<\/title>\n<meta name=\"robots\" content=\"index, follow, max-snippet:-1, max-image-preview:large, max-video-preview:-1\" \/>\n<link rel=\"canonical\" href=\"https:\/\/srfb.be\/de\/forest-shop\/lexpertise-et-la-gestion-financiere-des-proprietes-forestieres\/\" \/>\n<meta property=\"og:locale\" content=\"de_DE\" \/>\n<meta property=\"og:type\" content=\"article\" \/>\n<meta property=\"og:title\" content=\"L\u2019expertise et la gestion financi\u00e8re des propri\u00e9t\u00e9s foresti\u00e8res - Soci\u00e9t\u00e9 Royale Foresti\u00e8re de Belgique\" \/>\n<meta property=\"og:description\" content=\"Ouvrage de vulgarisation, il constitue un document de r\u00e9f\u00e9rence \u00e0 l\u2019usage des experts et des gestionnaires. Avant tout bas\u00e9 sur une bonne connaissance de la for\u00eat, il repose sur des notions approfondies d\u2019estimation foresti\u00e8re, de micro\u00e9conomie et de droit. 24 x 15 cm, 192 pages\" \/>\n<meta property=\"og:url\" content=\"https:\/\/srfb.be\/de\/forest-shop\/lexpertise-et-la-gestion-financiere-des-proprietes-forestieres\/\" \/>\n<meta property=\"og:site_name\" content=\"Soci\u00e9t\u00e9 Royale Foresti\u00e8re de Belgique\" \/>\n<meta property=\"article:publisher\" content=\"https:\/\/www.facebook.com\/srfb.be\" \/>\n<meta property=\"article:modified_time\" content=\"2026-03-03T16:16:31+00:00\" \/>\n<meta property=\"og:image\" content=\"https:\/\/srfb.be\/wp-content\/uploads\/2020\/03\/lexpertise-et-la-gestion-finan-1-scaled.jpg\" \/>\n\t<meta property=\"og:image:width\" content=\"1657\" \/>\n\t<meta property=\"og:image:height\" content=\"2560\" \/>\n\t<meta property=\"og:image:type\" content=\"image\/jpeg\" \/>\n<script type=\"application\/ld+json\" class=\"yoast-schema-graph\">{\"@context\":\"https:\\\/\\\/schema.org\",\"@graph\":[{\"@type\":\"WebPage\",\"@id\":\"https:\\\/\\\/srfb.be\\\/de\\\/forest-shop\\\/lexpertise-et-la-gestion-financiere-des-proprietes-forestieres\\\/\",\"url\":\"https:\\\/\\\/srfb.be\\\/de\\\/forest-shop\\\/lexpertise-et-la-gestion-financiere-des-proprietes-forestieres\\\/\",\"name\":\"L\u2019expertise et la gestion financi\u00e8re des propri\u00e9t\u00e9s foresti\u00e8res - Soci\u00e9t\u00e9 Royale Foresti\u00e8re de Belgique\",\"isPartOf\":{\"@id\":\"https:\\\/\\\/kbbm.be\\\/en\\\/#website\"},\"primaryImageOfPage\":{\"@id\":\"https:\\\/\\\/srfb.be\\\/de\\\/forest-shop\\\/lexpertise-et-la-gestion-financiere-des-proprietes-forestieres\\\/#primaryimage\"},\"image\":{\"@id\":\"https:\\\/\\\/srfb.be\\\/de\\\/forest-shop\\\/lexpertise-et-la-gestion-financiere-des-proprietes-forestieres\\\/#primaryimage\"},\"thumbnailUrl\":\"https:\\\/\\\/srfb.be\\\/wp-content\\\/uploads\\\/2020\\\/03\\\/lexpertise-et-la-gestion-finan-1-scaled.jpg\",\"datePublished\":\"2020-03-20T13:00:23+00:00\",\"dateModified\":\"2026-03-03T16:16:31+00:00\",\"breadcrumb\":{\"@id\":\"https:\\\/\\\/srfb.be\\\/de\\\/forest-shop\\\/lexpertise-et-la-gestion-financiere-des-proprietes-forestieres\\\/#breadcrumb\"},\"inLanguage\":\"de\",\"potentialAction\":[{\"@type\":\"ReadAction\",\"target\":[\"https:\\\/\\\/srfb.be\\\/de\\\/forest-shop\\\/lexpertise-et-la-gestion-financiere-des-proprietes-forestieres\\\/\"]}]},{\"@type\":\"ImageObject\",\"inLanguage\":\"de\",\"@id\":\"https:\\\/\\\/srfb.be\\\/de\\\/forest-shop\\\/lexpertise-et-la-gestion-financiere-des-proprietes-forestieres\\\/#primaryimage\",\"url\":\"https:\\\/\\\/srfb.be\\\/wp-content\\\/uploads\\\/2020\\\/03\\\/lexpertise-et-la-gestion-finan-1-scaled.jpg\",\"contentUrl\":\"https:\\\/\\\/srfb.be\\\/wp-content\\\/uploads\\\/2020\\\/03\\\/lexpertise-et-la-gestion-finan-1-scaled.jpg\",\"width\":1657,\"height\":2560},{\"@type\":\"BreadcrumbList\",\"@id\":\"https:\\\/\\\/srfb.be\\\/de\\\/forest-shop\\\/lexpertise-et-la-gestion-financiere-des-proprietes-forestieres\\\/#breadcrumb\",\"itemListElement\":[{\"@type\":\"ListItem\",\"position\":1,\"name\":\"Accueil\",\"item\":\"https:\\\/\\\/kbbm.be\\\/en\\\/\"},{\"@type\":\"ListItem\",\"position\":2,\"name\":\"Produits\",\"item\":\"https:\\\/\\\/srfb.be\\\/shop\\\/\"},{\"@type\":\"ListItem\",\"position\":3,\"name\":\"L\u2019expertise et la gestion financi\u00e8re des propri\u00e9t\u00e9s foresti\u00e8res\"}]},{\"@type\":\"WebSite\",\"@id\":\"https:\\\/\\\/kbbm.be\\\/en\\\/#website\",\"url\":\"https:\\\/\\\/kbbm.be\\\/en\\\/\",\"name\":\"Soci\u00e9t\u00e9 Royale Foresti\u00e8re de Belgique\",\"description\":\"Au service de la for\u00eat et des forestiers\",\"publisher\":{\"@id\":\"https:\\\/\\\/kbbm.be\\\/en\\\/#organization\"},\"alternateName\":\"SRFB-KBBM\",\"potentialAction\":[{\"@type\":\"SearchAction\",\"target\":{\"@type\":\"EntryPoint\",\"urlTemplate\":\"https:\\\/\\\/kbbm.be\\\/en\\\/?s={search_term_string}\"},\"query-input\":{\"@type\":\"PropertyValueSpecification\",\"valueRequired\":true,\"valueName\":\"search_term_string\"}}],\"inLanguage\":\"de\"},{\"@type\":\"Organization\",\"@id\":\"https:\\\/\\\/kbbm.be\\\/en\\\/#organization\",\"name\":\"Soci\u00e9t\u00e9 Royale Foresti\u00e8re De Belgique - Koninklijke Belgische Bosbouwmaatschappij\",\"alternateName\":\"SRFB-KBBM\",\"url\":\"https:\\\/\\\/kbbm.be\\\/en\\\/\",\"logo\":{\"@type\":\"ImageObject\",\"inLanguage\":\"de\",\"@id\":\"https:\\\/\\\/kbbm.be\\\/en\\\/#\\\/schema\\\/logo\\\/image\\\/\",\"url\":\"https:\\\/\\\/srfb.be\\\/wp-content\\\/uploads\\\/2019\\\/06\\\/android-chrome-256x256.png\",\"contentUrl\":\"https:\\\/\\\/srfb.be\\\/wp-content\\\/uploads\\\/2019\\\/06\\\/android-chrome-256x256.png\",\"width\":1200,\"height\":1232,\"caption\":\"Soci\u00e9t\u00e9 Royale Foresti\u00e8re De Belgique - Koninklijke Belgische Bosbouwmaatschappij\"},\"image\":{\"@id\":\"https:\\\/\\\/kbbm.be\\\/en\\\/#\\\/schema\\\/logo\\\/image\\\/\"},\"sameAs\":[\"https:\\\/\\\/www.facebook.com\\\/srfb.be\",\"https:\\\/\\\/www.instagram.com\\\/srfb_kbbm\\\/\",\"https:\\\/\\\/www.linkedin.com\\\/company\\\/srfb-kbbm\\\/\",\"https:\\\/\\\/www.youtube.com\\\/user\\\/srfbkbbm\"]}]}<\/script>\n<!-- \/ Yoast SEO plugin. -->","yoast_head_json":{"title":"Die Begutachtung und finanzielle Verwaltung von Waldbesitz - Soci\u00e9t\u00e9 Royale Foresti\u00e8re de Belgique (K\u00f6nigliche Forstgesellschaft von Belgien)","robots":{"index":"index","follow":"follow","max-snippet":"max-snippet:-1","max-image-preview":"max-image-preview:large","max-video-preview":"max-video-preview:-1"},"canonical":"https:\/\/srfb.be\/de\/forest-shop\/lexpertise-et-la-gestion-financiere-des-proprietes-forestieres\/","og_locale":"de_DE","og_type":"article","og_title":"L\u2019expertise et la gestion financi\u00e8re des propri\u00e9t\u00e9s foresti\u00e8res - Soci\u00e9t\u00e9 Royale Foresti\u00e8re de Belgique","og_description":"Ouvrage de vulgarisation, il constitue un document de r\u00e9f\u00e9rence \u00e0 l\u2019usage des experts et des gestionnaires. Avant tout bas\u00e9 sur une bonne connaissance de la for\u00eat, il repose sur des notions approfondies d\u2019estimation foresti\u00e8re, de micro\u00e9conomie et de droit. 24 x 15 cm, 192 pages","og_url":"https:\/\/srfb.be\/de\/forest-shop\/lexpertise-et-la-gestion-financiere-des-proprietes-forestieres\/","og_site_name":"Soci\u00e9t\u00e9 Royale Foresti\u00e8re de Belgique","article_publisher":"https:\/\/www.facebook.com\/srfb.be","article_modified_time":"2026-03-03T16:16:31+00:00","og_image":[{"width":1657,"height":2560,"url":"https:\/\/srfb.be\/wp-content\/uploads\/2020\/03\/lexpertise-et-la-gestion-finan-1-scaled.jpg","type":"image\/jpeg"}],"schema":{"@context":"https:\/\/schema.org","@graph":[{"@type":"WebPage","@id":"https:\/\/srfb.be\/de\/forest-shop\/lexpertise-et-la-gestion-financiere-des-proprietes-forestieres\/","url":"https:\/\/srfb.be\/de\/forest-shop\/lexpertise-et-la-gestion-financiere-des-proprietes-forestieres\/","name":"Die Begutachtung und finanzielle Verwaltung von Waldbesitz - Soci\u00e9t\u00e9 Royale Foresti\u00e8re de Belgique (K\u00f6nigliche Forstgesellschaft von Belgien)","isPartOf":{"@id":"https:\/\/kbbm.be\/en\/#website"},"primaryImageOfPage":{"@id":"https:\/\/srfb.be\/de\/forest-shop\/lexpertise-et-la-gestion-financiere-des-proprietes-forestieres\/#primaryimage"},"image":{"@id":"https:\/\/srfb.be\/de\/forest-shop\/lexpertise-et-la-gestion-financiere-des-proprietes-forestieres\/#primaryimage"},"thumbnailUrl":"https:\/\/srfb.be\/wp-content\/uploads\/2020\/03\/lexpertise-et-la-gestion-finan-1-scaled.jpg","datePublished":"2020-03-20T13:00:23+00:00","dateModified":"2026-03-03T16:16:31+00:00","breadcrumb":{"@id":"https:\/\/srfb.be\/de\/forest-shop\/lexpertise-et-la-gestion-financiere-des-proprietes-forestieres\/#breadcrumb"},"inLanguage":"de","potentialAction":[{"@type":"ReadAction","target":["https:\/\/srfb.be\/de\/forest-shop\/lexpertise-et-la-gestion-financiere-des-proprietes-forestieres\/"]}]},{"@type":"ImageObject","inLanguage":"de","@id":"https:\/\/srfb.be\/de\/forest-shop\/lexpertise-et-la-gestion-financiere-des-proprietes-forestieres\/#primaryimage","url":"https:\/\/srfb.be\/wp-content\/uploads\/2020\/03\/lexpertise-et-la-gestion-finan-1-scaled.jpg","contentUrl":"https:\/\/srfb.be\/wp-content\/uploads\/2020\/03\/lexpertise-et-la-gestion-finan-1-scaled.jpg","width":1657,"height":2560},{"@type":"BreadcrumbList","@id":"https:\/\/srfb.be\/de\/forest-shop\/lexpertise-et-la-gestion-financiere-des-proprietes-forestieres\/#breadcrumb","itemListElement":[{"@type":"ListItem","position":1,"name":"Accueil","item":"https:\/\/kbbm.be\/en\/"},{"@type":"ListItem","position":2,"name":"Produits","item":"https:\/\/srfb.be\/shop\/"},{"@type":"ListItem","position":3,"name":"L\u2019expertise et la gestion financi\u00e8re des propri\u00e9t\u00e9s foresti\u00e8res"}]},{"@type":"WebSite","@id":"https:\/\/kbbm.be\/en\/#website","url":"https:\/\/kbbm.be\/en\/","name":"K\u00f6nigliche Forstverein Belgiens","description":"Im Dienste des Waldes und der F\u00f6rster","publisher":{"@id":"https:\/\/kbbm.be\/en\/#organization"},"alternateName":"SRFB-KBBM","potentialAction":[{"@type":"SearchAction","target":{"@type":"EntryPoint","urlTemplate":"https:\/\/kbbm.be\/en\/?s={search_term_string}"},"query-input":{"@type":"PropertyValueSpecification","valueRequired":true,"valueName":"search_term_string"}}],"inLanguage":"de"},{"@type":"Organization","@id":"https:\/\/kbbm.be\/en\/#organization","name":"Soci\u00e9t\u00e9 Royale Foresti\u00e8re De Belgique - Koninklijke Belgische Bosbouwmaatschappij","alternateName":"SRFB-KBBM","url":"https:\/\/kbbm.be\/en\/","logo":{"@type":"ImageObject","inLanguage":"de","@id":"https:\/\/kbbm.be\/en\/#\/schema\/logo\/image\/","url":"https:\/\/srfb.be\/wp-content\/uploads\/2019\/06\/android-chrome-256x256.png","contentUrl":"https:\/\/srfb.be\/wp-content\/uploads\/2019\/06\/android-chrome-256x256.png","width":1200,"height":1232,"caption":"Soci\u00e9t\u00e9 Royale Foresti\u00e8re De Belgique - Koninklijke Belgische Bosbouwmaatschappij"},"image":{"@id":"https:\/\/kbbm.be\/en\/#\/schema\/logo\/image\/"},"sameAs":["https:\/\/www.facebook.com\/srfb.be","https:\/\/www.instagram.com\/srfb_kbbm\/","https:\/\/www.linkedin.com\/company\/srfb-kbbm\/","https:\/\/www.youtube.com\/user\/srfbkbbm"]}]}},"_links":{"self":[{"href":"https:\/\/srfb.be\/de\/wp-json\/wp\/v2\/product\/10732","targetHints":{"allow":["GET"]}}],"collection":[{"href":"https:\/\/srfb.be\/de\/wp-json\/wp\/v2\/product"}],"about":[{"href":"https:\/\/srfb.be\/de\/wp-json\/wp\/v2\/types\/product"}],"replies":[{"embeddable":true,"href":"https:\/\/srfb.be\/de\/wp-json\/wp\/v2\/comments?post=10732"}],"wp:featuredmedia":[{"embeddable":true,"href":"https:\/\/srfb.be\/de\/wp-json\/wp\/v2\/media\/10733"}],"wp:attachment":[{"href":"https:\/\/srfb.be\/de\/wp-json\/wp\/v2\/media?parent=10732"}],"wp:term":[{"taxonomy":"product_brand","embeddable":true,"href":"https:\/\/srfb.be\/de\/wp-json\/wp\/v2\/product_brand?post=10732"},{"taxonomy":"product_cat","embeddable":true,"href":"https:\/\/srfb.be\/de\/wp-json\/wp\/v2\/product_cat?post=10732"},{"taxonomy":"product_tag","embeddable":true,"href":"https:\/\/srfb.be\/de\/wp-json\/wp\/v2\/product_tag?post=10732"}],"curies":[{"name":"wp","href":"https:\/\/api.w.org\/{rel}","templated":true}]}}