{"id":10711,"date":"2020-03-20T12:48:07","date_gmt":"2020-03-20T11:48:07","guid":{"rendered":"https:\/\/new.srfb.be\/?post_type=product&#038;p=10711"},"modified":"2024-11-18T17:04:03","modified_gmt":"2024-11-18T16:04:03","slug":"cervides-et-foret-retablir-une-harmonie","status":"publish","type":"product","link":"https:\/\/srfb.be\/de\/forest-shop\/cervides-et-foret-retablir-une-harmonie\/","title":{"rendered":"Hirsche und Wald, Wiederherstellung der Harmonie"},"content":{"rendered":"","protected":false},"excerpt":{"rendered":"<p>Der Jagdplan ist ins Stocken geraten. Au\u00dfer Kontrolle geraten, sterilisieren Hirsche und Rehe einen gro\u00dfen Teil des franz\u00f6sischen Waldes. Was ist also zu tun? Den optimalen, nachhaltigen Ertrag von Pflanzenfressern und B\u00e4umen anstreben, anstatt ein utopisches sylvokulturelles Gleichgewicht herzustellen. Sich an Indikatoren orientieren, statt an fragw\u00fcrdigen Bestandsz\u00e4hlungen. Gesunde Rehe in einem sich verj\u00fcngenden Wald erhalten. Was das Rotwild betrifft, so ist es in m\u00e4\u00dfigen Dosen zu erhalten, um Sch\u00e4den zu verhindern.<br \/>\n26 x 24 cm, 144 Seiten<\/p>\n<p>Autorin:\u00a0<strong>Francis Roucher<br \/>\n<\/strong>Herausgeber : <strong>AgroParisTech<\/strong><\/p>","protected":false},"featured_media":10712,"comment_status":"open","ping_status":"closed","template":"","meta":{"iawp_total_views":53},"product_brand":[],"product_cat":[693],"product_tag":[],"class_list":{"0":"post-10711","1":"product","2":"type-product","3":"status-publish","4":"has-post-thumbnail","6":"product_cat-foret-gibier","8":"first","9":"instock","10":"shipping-taxable","11":"purchasable","12":"product-type-simple"},"yoast_head":"<!-- This site is optimized with the Yoast SEO plugin v27.3 - https:\/\/yoast.com\/product\/yoast-seo-wordpress\/ -->\n<title>Cervid\u00e9s et for\u00eat, r\u00e9tablir une harmonie - Soci\u00e9t\u00e9 Royale Foresti\u00e8re de Belgique<\/title>\n<meta name=\"robots\" content=\"index, follow, max-snippet:-1, max-image-preview:large, max-video-preview:-1\" \/>\n<link rel=\"canonical\" href=\"https:\/\/srfb.be\/de\/forest-shop\/cervides-et-foret-retablir-une-harmonie\/\" \/>\n<meta property=\"og:locale\" content=\"de_DE\" \/>\n<meta property=\"og:type\" content=\"article\" \/>\n<meta property=\"og:title\" content=\"Cervid\u00e9s et for\u00eat, r\u00e9tablir une harmonie - Soci\u00e9t\u00e9 Royale Foresti\u00e8re de Belgique\" \/>\n<meta property=\"og:description\" content=\"Le plan de chasse est en panne. Hors de contr\u00f4le, cerfs et chevreuils st\u00e9rilisent une part importante de la for\u00eat fran\u00e7aise. Alors que faire ? Rechercher le rendement optimal soutenu des herbivores et des arbres plut\u00f4t qu\u2019un utopique \u00e9quilibre sylvocyn\u00e9g\u00e9tique. Se guider sur des indicateurs plut\u00f4t que sur de discutables recensements d\u2019effectifs. Maintenir des chevreuils sains dans une for\u00eat qui se r\u00e9g\u00e9n\u00e8re. En ce qui concerne le cerf, il est \u00e0 pr\u00e9server en doses mod\u00e9r\u00e9es pour pr\u00e9venir les d\u00e9g\u00e2ts. 26 x 24 cm, 144 pages  Auteur :\u00a0Francis Roucher \u00c9diteur : AgroParisTech\" \/>\n<meta property=\"og:url\" content=\"https:\/\/srfb.be\/de\/forest-shop\/cervides-et-foret-retablir-une-harmonie\/\" \/>\n<meta property=\"og:site_name\" content=\"Soci\u00e9t\u00e9 Royale Foresti\u00e8re de Belgique\" \/>\n<meta property=\"article:publisher\" content=\"https:\/\/www.facebook.com\/srfb.be\" \/>\n<meta property=\"article:modified_time\" content=\"2024-11-18T16:04:03+00:00\" \/>\n<meta property=\"og:image\" content=\"https:\/\/srfb.be\/wp-content\/uploads\/2020\/03\/cervid\u00e9s-et-for\u00eat.jpg\" \/>\n\t<meta property=\"og:image:width\" content=\"1127\" \/>\n\t<meta property=\"og:image:height\" content=\"1700\" \/>\n\t<meta property=\"og:image:type\" content=\"image\/jpeg\" \/>\n<script type=\"application\/ld+json\" class=\"yoast-schema-graph\">{\"@context\":\"https:\\\/\\\/schema.org\",\"@graph\":[{\"@type\":\"WebPage\",\"@id\":\"https:\\\/\\\/srfb.be\\\/de\\\/forest-shop\\\/cervides-et-foret-retablir-une-harmonie\\\/\",\"url\":\"https:\\\/\\\/srfb.be\\\/de\\\/forest-shop\\\/cervides-et-foret-retablir-une-harmonie\\\/\",\"name\":\"Cervid\u00e9s et for\u00eat, r\u00e9tablir une harmonie - Soci\u00e9t\u00e9 Royale Foresti\u00e8re de Belgique\",\"isPartOf\":{\"@id\":\"https:\\\/\\\/srfb.be\\\/nl\\\/#website\"},\"primaryImageOfPage\":{\"@id\":\"https:\\\/\\\/srfb.be\\\/de\\\/forest-shop\\\/cervides-et-foret-retablir-une-harmonie\\\/#primaryimage\"},\"image\":{\"@id\":\"https:\\\/\\\/srfb.be\\\/de\\\/forest-shop\\\/cervides-et-foret-retablir-une-harmonie\\\/#primaryimage\"},\"thumbnailUrl\":\"https:\\\/\\\/srfb.be\\\/wp-content\\\/uploads\\\/2020\\\/03\\\/cervid\u00e9s-et-for\u00eat.jpg\",\"datePublished\":\"2020-03-20T11:48:07+00:00\",\"dateModified\":\"2024-11-18T16:04:03+00:00\",\"breadcrumb\":{\"@id\":\"https:\\\/\\\/srfb.be\\\/de\\\/forest-shop\\\/cervides-et-foret-retablir-une-harmonie\\\/#breadcrumb\"},\"inLanguage\":\"de\",\"potentialAction\":[{\"@type\":\"ReadAction\",\"target\":[\"https:\\\/\\\/srfb.be\\\/de\\\/forest-shop\\\/cervides-et-foret-retablir-une-harmonie\\\/\"]}]},{\"@type\":\"ImageObject\",\"inLanguage\":\"de\",\"@id\":\"https:\\\/\\\/srfb.be\\\/de\\\/forest-shop\\\/cervides-et-foret-retablir-une-harmonie\\\/#primaryimage\",\"url\":\"https:\\\/\\\/srfb.be\\\/wp-content\\\/uploads\\\/2020\\\/03\\\/cervid\u00e9s-et-for\u00eat.jpg\",\"contentUrl\":\"https:\\\/\\\/srfb.be\\\/wp-content\\\/uploads\\\/2020\\\/03\\\/cervid\u00e9s-et-for\u00eat.jpg\",\"width\":1127,\"height\":1700},{\"@type\":\"BreadcrumbList\",\"@id\":\"https:\\\/\\\/srfb.be\\\/de\\\/forest-shop\\\/cervides-et-foret-retablir-une-harmonie\\\/#breadcrumb\",\"itemListElement\":[{\"@type\":\"ListItem\",\"position\":1,\"name\":\"Accueil\",\"item\":\"https:\\\/\\\/srfb.be\\\/nl\\\/\"},{\"@type\":\"ListItem\",\"position\":2,\"name\":\"Products\",\"item\":\"https:\\\/\\\/srfb.be\\\/en\\\/shop\\\/\"},{\"@type\":\"ListItem\",\"position\":3,\"name\":\"Cervid\u00e9s et for\u00eat, r\u00e9tablir une harmonie\"}]},{\"@type\":\"WebSite\",\"@id\":\"https:\\\/\\\/srfb.be\\\/nl\\\/#website\",\"url\":\"https:\\\/\\\/srfb.be\\\/nl\\\/\",\"name\":\"Soci\u00e9t\u00e9 Royale Foresti\u00e8re de Belgique\",\"description\":\"Au service de la for\u00eat et des forestiers\",\"publisher\":{\"@id\":\"https:\\\/\\\/srfb.be\\\/nl\\\/#organization\"},\"alternateName\":\"SRFB-KBBM\",\"potentialAction\":[{\"@type\":\"SearchAction\",\"target\":{\"@type\":\"EntryPoint\",\"urlTemplate\":\"https:\\\/\\\/srfb.be\\\/nl\\\/?s={search_term_string}\"},\"query-input\":{\"@type\":\"PropertyValueSpecification\",\"valueRequired\":true,\"valueName\":\"search_term_string\"}}],\"inLanguage\":\"de\"},{\"@type\":\"Organization\",\"@id\":\"https:\\\/\\\/srfb.be\\\/nl\\\/#organization\",\"name\":\"Soci\u00e9t\u00e9 Royale Foresti\u00e8re De Belgique - Koninklijke Belgische Bosbouwmaatschappij\",\"alternateName\":\"SRFB-KBBM\",\"url\":\"https:\\\/\\\/srfb.be\\\/nl\\\/\",\"logo\":{\"@type\":\"ImageObject\",\"inLanguage\":\"de\",\"@id\":\"https:\\\/\\\/srfb.be\\\/nl\\\/#\\\/schema\\\/logo\\\/image\\\/\",\"url\":\"https:\\\/\\\/srfb.be\\\/wp-content\\\/uploads\\\/2019\\\/06\\\/android-chrome-256x256.png\",\"contentUrl\":\"https:\\\/\\\/srfb.be\\\/wp-content\\\/uploads\\\/2019\\\/06\\\/android-chrome-256x256.png\",\"width\":1200,\"height\":1232,\"caption\":\"Soci\u00e9t\u00e9 Royale Foresti\u00e8re De Belgique - Koninklijke Belgische Bosbouwmaatschappij\"},\"image\":{\"@id\":\"https:\\\/\\\/srfb.be\\\/nl\\\/#\\\/schema\\\/logo\\\/image\\\/\"},\"sameAs\":[\"https:\\\/\\\/www.facebook.com\\\/srfb.be\",\"https:\\\/\\\/www.instagram.com\\\/srfb_kbbm\\\/\",\"https:\\\/\\\/www.linkedin.com\\\/company\\\/srfb-kbbm\\\/\",\"https:\\\/\\\/www.youtube.com\\\/user\\\/srfbkbbm\"]}]}<\/script>\n<!-- \/ Yoast SEO plugin. -->","yoast_head_json":{"title":"Cervid\u00e9s et for\u00eat, r\u00e9tablir une harmonie - Soci\u00e9t\u00e9 Royale Foresti\u00e8re de Belgique","robots":{"index":"index","follow":"follow","max-snippet":"max-snippet:-1","max-image-preview":"max-image-preview:large","max-video-preview":"max-video-preview:-1"},"canonical":"https:\/\/srfb.be\/de\/forest-shop\/cervides-et-foret-retablir-une-harmonie\/","og_locale":"de_DE","og_type":"article","og_title":"Cervid\u00e9s et for\u00eat, r\u00e9tablir une harmonie - Soci\u00e9t\u00e9 Royale Foresti\u00e8re de Belgique","og_description":"Le plan de chasse est en panne. Hors de contr\u00f4le, cerfs et chevreuils st\u00e9rilisent une part importante de la for\u00eat fran\u00e7aise. Alors que faire ? Rechercher le rendement optimal soutenu des herbivores et des arbres plut\u00f4t qu\u2019un utopique \u00e9quilibre sylvocyn\u00e9g\u00e9tique. Se guider sur des indicateurs plut\u00f4t que sur de discutables recensements d\u2019effectifs. Maintenir des chevreuils sains dans une for\u00eat qui se r\u00e9g\u00e9n\u00e8re. En ce qui concerne le cerf, il est \u00e0 pr\u00e9server en doses mod\u00e9r\u00e9es pour pr\u00e9venir les d\u00e9g\u00e2ts. 26 x 24 cm, 144 pages  Auteur :\u00a0Francis Roucher \u00c9diteur : AgroParisTech","og_url":"https:\/\/srfb.be\/de\/forest-shop\/cervides-et-foret-retablir-une-harmonie\/","og_site_name":"Soci\u00e9t\u00e9 Royale Foresti\u00e8re de Belgique","article_publisher":"https:\/\/www.facebook.com\/srfb.be","article_modified_time":"2024-11-18T16:04:03+00:00","og_image":[{"width":1127,"height":1700,"url":"https:\/\/srfb.be\/wp-content\/uploads\/2020\/03\/cervid\u00e9s-et-for\u00eat.jpg","type":"image\/jpeg"}],"schema":{"@context":"https:\/\/schema.org","@graph":[{"@type":"WebPage","@id":"https:\/\/srfb.be\/de\/forest-shop\/cervides-et-foret-retablir-une-harmonie\/","url":"https:\/\/srfb.be\/de\/forest-shop\/cervides-et-foret-retablir-une-harmonie\/","name":"Cervid\u00e9s et for\u00eat, r\u00e9tablir une harmonie - Soci\u00e9t\u00e9 Royale Foresti\u00e8re de Belgique","isPartOf":{"@id":"https:\/\/srfb.be\/nl\/#website"},"primaryImageOfPage":{"@id":"https:\/\/srfb.be\/de\/forest-shop\/cervides-et-foret-retablir-une-harmonie\/#primaryimage"},"image":{"@id":"https:\/\/srfb.be\/de\/forest-shop\/cervides-et-foret-retablir-une-harmonie\/#primaryimage"},"thumbnailUrl":"https:\/\/srfb.be\/wp-content\/uploads\/2020\/03\/cervid\u00e9s-et-for\u00eat.jpg","datePublished":"2020-03-20T11:48:07+00:00","dateModified":"2024-11-18T16:04:03+00:00","breadcrumb":{"@id":"https:\/\/srfb.be\/de\/forest-shop\/cervides-et-foret-retablir-une-harmonie\/#breadcrumb"},"inLanguage":"de","potentialAction":[{"@type":"ReadAction","target":["https:\/\/srfb.be\/de\/forest-shop\/cervides-et-foret-retablir-une-harmonie\/"]}]},{"@type":"ImageObject","inLanguage":"de","@id":"https:\/\/srfb.be\/de\/forest-shop\/cervides-et-foret-retablir-une-harmonie\/#primaryimage","url":"https:\/\/srfb.be\/wp-content\/uploads\/2020\/03\/cervid\u00e9s-et-for\u00eat.jpg","contentUrl":"https:\/\/srfb.be\/wp-content\/uploads\/2020\/03\/cervid\u00e9s-et-for\u00eat.jpg","width":1127,"height":1700},{"@type":"BreadcrumbList","@id":"https:\/\/srfb.be\/de\/forest-shop\/cervides-et-foret-retablir-une-harmonie\/#breadcrumb","itemListElement":[{"@type":"ListItem","position":1,"name":"Accueil","item":"https:\/\/srfb.be\/nl\/"},{"@type":"ListItem","position":2,"name":"Products","item":"https:\/\/srfb.be\/en\/shop\/"},{"@type":"ListItem","position":3,"name":"Cervid\u00e9s et for\u00eat, r\u00e9tablir une harmonie"}]},{"@type":"WebSite","@id":"https:\/\/srfb.be\/nl\/#website","url":"https:\/\/srfb.be\/nl\/","name":"K\u00f6nigliche Forstverein Belgiens","description":"Im Dienste des Waldes und der F\u00f6rster","publisher":{"@id":"https:\/\/srfb.be\/nl\/#organization"},"alternateName":"SRFB-KBBM","potentialAction":[{"@type":"SearchAction","target":{"@type":"EntryPoint","urlTemplate":"https:\/\/srfb.be\/nl\/?s={search_term_string}"},"query-input":{"@type":"PropertyValueSpecification","valueRequired":true,"valueName":"search_term_string"}}],"inLanguage":"de"},{"@type":"Organization","@id":"https:\/\/srfb.be\/nl\/#organization","name":"Soci\u00e9t\u00e9 Royale Foresti\u00e8re De Belgique - Koninklijke Belgische Bosbouwmaatschappij","alternateName":"SRFB-KBBM","url":"https:\/\/srfb.be\/nl\/","logo":{"@type":"ImageObject","inLanguage":"de","@id":"https:\/\/srfb.be\/nl\/#\/schema\/logo\/image\/","url":"https:\/\/srfb.be\/wp-content\/uploads\/2019\/06\/android-chrome-256x256.png","contentUrl":"https:\/\/srfb.be\/wp-content\/uploads\/2019\/06\/android-chrome-256x256.png","width":1200,"height":1232,"caption":"Soci\u00e9t\u00e9 Royale Foresti\u00e8re De Belgique - Koninklijke Belgische Bosbouwmaatschappij"},"image":{"@id":"https:\/\/srfb.be\/nl\/#\/schema\/logo\/image\/"},"sameAs":["https:\/\/www.facebook.com\/srfb.be","https:\/\/www.instagram.com\/srfb_kbbm\/","https:\/\/www.linkedin.com\/company\/srfb-kbbm\/","https:\/\/www.youtube.com\/user\/srfbkbbm"]}]}},"_links":{"self":[{"href":"https:\/\/srfb.be\/de\/wp-json\/wp\/v2\/product\/10711","targetHints":{"allow":["GET"]}}],"collection":[{"href":"https:\/\/srfb.be\/de\/wp-json\/wp\/v2\/product"}],"about":[{"href":"https:\/\/srfb.be\/de\/wp-json\/wp\/v2\/types\/product"}],"replies":[{"embeddable":true,"href":"https:\/\/srfb.be\/de\/wp-json\/wp\/v2\/comments?post=10711"}],"wp:featuredmedia":[{"embeddable":true,"href":"https:\/\/srfb.be\/de\/wp-json\/wp\/v2\/media\/10712"}],"wp:attachment":[{"href":"https:\/\/srfb.be\/de\/wp-json\/wp\/v2\/media?parent=10711"}],"wp:term":[{"taxonomy":"product_brand","embeddable":true,"href":"https:\/\/srfb.be\/de\/wp-json\/wp\/v2\/product_brand?post=10711"},{"taxonomy":"product_cat","embeddable":true,"href":"https:\/\/srfb.be\/de\/wp-json\/wp\/v2\/product_cat?post=10711"},{"taxonomy":"product_tag","embeddable":true,"href":"https:\/\/srfb.be\/de\/wp-json\/wp\/v2\/product_tag?post=10711"}],"curies":[{"name":"wp","href":"https:\/\/api.w.org\/{rel}","templated":true}]}}