{"id":10708,"date":"2020-03-19T17:02:33","date_gmt":"2020-03-19T16:02:33","guid":{"rendered":"https:\/\/new.srfb.be\/?post_type=product&#038;p=10708"},"modified":"2026-03-03T17:07:37","modified_gmt":"2026-03-03T16:07:37","slug":"gestion-forestiere-et-diversite-biologique","status":"publish","type":"product","link":"https:\/\/srfb.be\/de\/forest-shop\/gestion-forestiere-et-diversite-biologique\/","title":{"rendered":"Waldbewirtschaftung und biologische Vielfalt"},"content":{"rendered":"","protected":false},"excerpt":{"rendered":"<p>Forstwirte, Techniker, Naturwissenschaftler, Lehrer und Studenten verf\u00fcgen nun \u00fcber ein Instrument zur Identifizierung von Waldlebensr\u00e4umen und Lebensr\u00e4umen, die mit dem Wald verbunden sind. Es handelt sich hier um ein hochwertiges Werk, das den Verwaltern von W\u00e4ldern und Naturgebieten die M\u00f6glichkeit bietet, ihr Management unter Ber\u00fccksichtigung des Prinzips der Erhaltung der biologischen Vielfalt zu gew\u00e4hrleisten.<\/p>\n<p><strong>26 x 23 cm, 120 Karteikarten<\/strong><\/p>","protected":false},"featured_media":10709,"comment_status":"open","ping_status":"closed","template":"","meta":{"iawp_total_views":150},"product_brand":[],"product_cat":[691,314],"product_tag":[],"class_list":{"0":"post-10708","1":"product","2":"type-product","3":"status-publish","4":"has-post-thumbnail","6":"product_cat-biodiversite","7":"product_cat-sylviculture","9":"first","10":"instock","11":"shipping-taxable","12":"purchasable","13":"product-type-simple"},"yoast_head":"<!-- This site is optimized with the Yoast SEO plugin v27.3 - https:\/\/yoast.com\/product\/yoast-seo-wordpress\/ -->\n<title>Gestion foresti\u00e8re et diversit\u00e9 biologique - Soci\u00e9t\u00e9 Royale Foresti\u00e8re de Belgique<\/title>\n<meta name=\"robots\" content=\"index, follow, max-snippet:-1, max-image-preview:large, max-video-preview:-1\" \/>\n<link rel=\"canonical\" href=\"https:\/\/srfb.be\/de\/forest-shop\/gestion-forestiere-et-diversite-biologique\/\" \/>\n<meta property=\"og:locale\" content=\"de_DE\" \/>\n<meta property=\"og:type\" content=\"article\" \/>\n<meta property=\"og:title\" content=\"Gestion foresti\u00e8re et diversit\u00e9 biologique - Soci\u00e9t\u00e9 Royale Foresti\u00e8re de Belgique\" \/>\n<meta property=\"og:description\" content=\"Sylviculteurs, techniciens, naturalistes, enseignants et \u00e9tudiants, disposent maintenant d\u2019un outil pour identifier les habitats forestiers et ceux associ\u00e9s \u00e0 la for\u00eat. Voici un ouvrage de grande qualit\u00e9, qui offre, aux gestionnaires de for\u00eats et d\u2019espaces naturels, la possibilit\u00e9 d\u2019assurer leur gestion en y int\u00e9grant le principe du maintien de la diversit\u00e9 biologique.  26 x 23 cm, 120 fiches\" \/>\n<meta property=\"og:url\" content=\"https:\/\/srfb.be\/de\/forest-shop\/gestion-forestiere-et-diversite-biologique\/\" \/>\n<meta property=\"og:site_name\" content=\"Soci\u00e9t\u00e9 Royale Foresti\u00e8re de Belgique\" \/>\n<meta property=\"article:publisher\" content=\"https:\/\/www.facebook.com\/srfb.be\" \/>\n<meta property=\"article:modified_time\" content=\"2026-03-03T16:07:37+00:00\" \/>\n<meta property=\"og:image\" content=\"https:\/\/srfb.be\/wp-content\/uploads\/2020\/03\/gestion-foresti\u00e8re.jpg\" \/>\n\t<meta property=\"og:image:width\" content=\"1270\" \/>\n\t<meta property=\"og:image:height\" content=\"1466\" \/>\n\t<meta property=\"og:image:type\" content=\"image\/jpeg\" \/>\n<script type=\"application\/ld+json\" class=\"yoast-schema-graph\">{\"@context\":\"https:\\\/\\\/schema.org\",\"@graph\":[{\"@type\":\"WebPage\",\"@id\":\"https:\\\/\\\/srfb.be\\\/de\\\/forest-shop\\\/gestion-forestiere-et-diversite-biologique\\\/\",\"url\":\"https:\\\/\\\/srfb.be\\\/de\\\/forest-shop\\\/gestion-forestiere-et-diversite-biologique\\\/\",\"name\":\"Gestion foresti\u00e8re et diversit\u00e9 biologique - Soci\u00e9t\u00e9 Royale Foresti\u00e8re de Belgique\",\"isPartOf\":{\"@id\":\"https:\\\/\\\/srfb.be\\\/de\\\/#website\"},\"primaryImageOfPage\":{\"@id\":\"https:\\\/\\\/srfb.be\\\/de\\\/forest-shop\\\/gestion-forestiere-et-diversite-biologique\\\/#primaryimage\"},\"image\":{\"@id\":\"https:\\\/\\\/srfb.be\\\/de\\\/forest-shop\\\/gestion-forestiere-et-diversite-biologique\\\/#primaryimage\"},\"thumbnailUrl\":\"https:\\\/\\\/srfb.be\\\/wp-content\\\/uploads\\\/2020\\\/03\\\/gestion-foresti\u00e8re.jpg\",\"datePublished\":\"2020-03-19T16:02:33+00:00\",\"dateModified\":\"2026-03-03T16:07:37+00:00\",\"breadcrumb\":{\"@id\":\"https:\\\/\\\/srfb.be\\\/de\\\/forest-shop\\\/gestion-forestiere-et-diversite-biologique\\\/#breadcrumb\"},\"inLanguage\":\"de\",\"potentialAction\":[{\"@type\":\"ReadAction\",\"target\":[\"https:\\\/\\\/srfb.be\\\/de\\\/forest-shop\\\/gestion-forestiere-et-diversite-biologique\\\/\"]}]},{\"@type\":\"ImageObject\",\"inLanguage\":\"de\",\"@id\":\"https:\\\/\\\/srfb.be\\\/de\\\/forest-shop\\\/gestion-forestiere-et-diversite-biologique\\\/#primaryimage\",\"url\":\"https:\\\/\\\/srfb.be\\\/wp-content\\\/uploads\\\/2020\\\/03\\\/gestion-foresti\u00e8re.jpg\",\"contentUrl\":\"https:\\\/\\\/srfb.be\\\/wp-content\\\/uploads\\\/2020\\\/03\\\/gestion-foresti\u00e8re.jpg\",\"width\":1270,\"height\":1466},{\"@type\":\"BreadcrumbList\",\"@id\":\"https:\\\/\\\/srfb.be\\\/de\\\/forest-shop\\\/gestion-forestiere-et-diversite-biologique\\\/#breadcrumb\",\"itemListElement\":[{\"@type\":\"ListItem\",\"position\":1,\"name\":\"Accueil\",\"item\":\"https:\\\/\\\/srfb.be\\\/de\\\/\"},{\"@type\":\"ListItem\",\"position\":2,\"name\":\"Produkte\",\"item\":\"https:\\\/\\\/srfb.be\\\/de\\\/shop\\\/\"},{\"@type\":\"ListItem\",\"position\":3,\"name\":\"Gestion foresti\u00e8re et diversit\u00e9 biologique\"}]},{\"@type\":\"WebSite\",\"@id\":\"https:\\\/\\\/srfb.be\\\/de\\\/#website\",\"url\":\"https:\\\/\\\/srfb.be\\\/de\\\/\",\"name\":\"Soci\u00e9t\u00e9 Royale Foresti\u00e8re de Belgique\",\"description\":\"Au service de la for\u00eat et des forestiers\",\"publisher\":{\"@id\":\"https:\\\/\\\/srfb.be\\\/de\\\/#organization\"},\"alternateName\":\"SRFB-KBBM\",\"potentialAction\":[{\"@type\":\"SearchAction\",\"target\":{\"@type\":\"EntryPoint\",\"urlTemplate\":\"https:\\\/\\\/srfb.be\\\/de\\\/?s={search_term_string}\"},\"query-input\":{\"@type\":\"PropertyValueSpecification\",\"valueRequired\":true,\"valueName\":\"search_term_string\"}}],\"inLanguage\":\"de\"},{\"@type\":\"Organization\",\"@id\":\"https:\\\/\\\/srfb.be\\\/de\\\/#organization\",\"name\":\"Soci\u00e9t\u00e9 Royale Foresti\u00e8re De Belgique - Koninklijke Belgische Bosbouwmaatschappij\",\"alternateName\":\"SRFB-KBBM\",\"url\":\"https:\\\/\\\/srfb.be\\\/de\\\/\",\"logo\":{\"@type\":\"ImageObject\",\"inLanguage\":\"de\",\"@id\":\"https:\\\/\\\/srfb.be\\\/de\\\/#\\\/schema\\\/logo\\\/image\\\/\",\"url\":\"https:\\\/\\\/srfb.be\\\/wp-content\\\/uploads\\\/2019\\\/06\\\/android-chrome-256x256.png\",\"contentUrl\":\"https:\\\/\\\/srfb.be\\\/wp-content\\\/uploads\\\/2019\\\/06\\\/android-chrome-256x256.png\",\"width\":1200,\"height\":1232,\"caption\":\"Soci\u00e9t\u00e9 Royale Foresti\u00e8re De Belgique - Koninklijke Belgische Bosbouwmaatschappij\"},\"image\":{\"@id\":\"https:\\\/\\\/srfb.be\\\/de\\\/#\\\/schema\\\/logo\\\/image\\\/\"},\"sameAs\":[\"https:\\\/\\\/www.facebook.com\\\/srfb.be\",\"https:\\\/\\\/www.instagram.com\\\/srfb_kbbm\\\/\",\"https:\\\/\\\/www.linkedin.com\\\/company\\\/srfb-kbbm\\\/\",\"https:\\\/\\\/www.youtube.com\\\/user\\\/srfbkbbm\"]}]}<\/script>\n<!-- \/ Yoast SEO plugin. -->","yoast_head_json":{"title":"Waldbewirtschaftung und biologische Vielfalt - Soci\u00e9t\u00e9 Royale Foresti\u00e8re de Belgique (K\u00f6nigliche Forstgesellschaft von Belgien)","robots":{"index":"index","follow":"follow","max-snippet":"max-snippet:-1","max-image-preview":"max-image-preview:large","max-video-preview":"max-video-preview:-1"},"canonical":"https:\/\/srfb.be\/de\/forest-shop\/gestion-forestiere-et-diversite-biologique\/","og_locale":"de_DE","og_type":"article","og_title":"Gestion foresti\u00e8re et diversit\u00e9 biologique - Soci\u00e9t\u00e9 Royale Foresti\u00e8re de Belgique","og_description":"Sylviculteurs, techniciens, naturalistes, enseignants et \u00e9tudiants, disposent maintenant d\u2019un outil pour identifier les habitats forestiers et ceux associ\u00e9s \u00e0 la for\u00eat. Voici un ouvrage de grande qualit\u00e9, qui offre, aux gestionnaires de for\u00eats et d\u2019espaces naturels, la possibilit\u00e9 d\u2019assurer leur gestion en y int\u00e9grant le principe du maintien de la diversit\u00e9 biologique.  26 x 23 cm, 120 fiches","og_url":"https:\/\/srfb.be\/de\/forest-shop\/gestion-forestiere-et-diversite-biologique\/","og_site_name":"Soci\u00e9t\u00e9 Royale Foresti\u00e8re de Belgique","article_publisher":"https:\/\/www.facebook.com\/srfb.be","article_modified_time":"2026-03-03T16:07:37+00:00","og_image":[{"width":1270,"height":1466,"url":"https:\/\/srfb.be\/wp-content\/uploads\/2020\/03\/gestion-foresti\u00e8re.jpg","type":"image\/jpeg"}],"schema":{"@context":"https:\/\/schema.org","@graph":[{"@type":"WebPage","@id":"https:\/\/srfb.be\/de\/forest-shop\/gestion-forestiere-et-diversite-biologique\/","url":"https:\/\/srfb.be\/de\/forest-shop\/gestion-forestiere-et-diversite-biologique\/","name":"Waldbewirtschaftung und biologische Vielfalt - Soci\u00e9t\u00e9 Royale Foresti\u00e8re de Belgique (K\u00f6nigliche Forstgesellschaft von Belgien)","isPartOf":{"@id":"https:\/\/srfb.be\/de\/#website"},"primaryImageOfPage":{"@id":"https:\/\/srfb.be\/de\/forest-shop\/gestion-forestiere-et-diversite-biologique\/#primaryimage"},"image":{"@id":"https:\/\/srfb.be\/de\/forest-shop\/gestion-forestiere-et-diversite-biologique\/#primaryimage"},"thumbnailUrl":"https:\/\/srfb.be\/wp-content\/uploads\/2020\/03\/gestion-foresti\u00e8re.jpg","datePublished":"2020-03-19T16:02:33+00:00","dateModified":"2026-03-03T16:07:37+00:00","breadcrumb":{"@id":"https:\/\/srfb.be\/de\/forest-shop\/gestion-forestiere-et-diversite-biologique\/#breadcrumb"},"inLanguage":"de","potentialAction":[{"@type":"ReadAction","target":["https:\/\/srfb.be\/de\/forest-shop\/gestion-forestiere-et-diversite-biologique\/"]}]},{"@type":"ImageObject","inLanguage":"de","@id":"https:\/\/srfb.be\/de\/forest-shop\/gestion-forestiere-et-diversite-biologique\/#primaryimage","url":"https:\/\/srfb.be\/wp-content\/uploads\/2020\/03\/gestion-foresti\u00e8re.jpg","contentUrl":"https:\/\/srfb.be\/wp-content\/uploads\/2020\/03\/gestion-foresti\u00e8re.jpg","width":1270,"height":1466},{"@type":"BreadcrumbList","@id":"https:\/\/srfb.be\/de\/forest-shop\/gestion-forestiere-et-diversite-biologique\/#breadcrumb","itemListElement":[{"@type":"ListItem","position":1,"name":"Accueil","item":"https:\/\/srfb.be\/de\/"},{"@type":"ListItem","position":2,"name":"Produkte","item":"https:\/\/srfb.be\/de\/shop\/"},{"@type":"ListItem","position":3,"name":"Gestion foresti\u00e8re et diversit\u00e9 biologique"}]},{"@type":"WebSite","@id":"https:\/\/srfb.be\/de\/#website","url":"https:\/\/srfb.be\/de\/","name":"K\u00f6nigliche Forstverein Belgiens","description":"Im Dienste des Waldes und der F\u00f6rster","publisher":{"@id":"https:\/\/srfb.be\/de\/#organization"},"alternateName":"SRFB-KBBM","potentialAction":[{"@type":"SearchAction","target":{"@type":"EntryPoint","urlTemplate":"https:\/\/srfb.be\/de\/?s={search_term_string}"},"query-input":{"@type":"PropertyValueSpecification","valueRequired":true,"valueName":"search_term_string"}}],"inLanguage":"de"},{"@type":"Organization","@id":"https:\/\/srfb.be\/de\/#organization","name":"Soci\u00e9t\u00e9 Royale Foresti\u00e8re De Belgique - Koninklijke Belgische Bosbouwmaatschappij","alternateName":"SRFB-KBBM","url":"https:\/\/srfb.be\/de\/","logo":{"@type":"ImageObject","inLanguage":"de","@id":"https:\/\/srfb.be\/de\/#\/schema\/logo\/image\/","url":"https:\/\/srfb.be\/wp-content\/uploads\/2019\/06\/android-chrome-256x256.png","contentUrl":"https:\/\/srfb.be\/wp-content\/uploads\/2019\/06\/android-chrome-256x256.png","width":1200,"height":1232,"caption":"Soci\u00e9t\u00e9 Royale Foresti\u00e8re De Belgique - Koninklijke Belgische Bosbouwmaatschappij"},"image":{"@id":"https:\/\/srfb.be\/de\/#\/schema\/logo\/image\/"},"sameAs":["https:\/\/www.facebook.com\/srfb.be","https:\/\/www.instagram.com\/srfb_kbbm\/","https:\/\/www.linkedin.com\/company\/srfb-kbbm\/","https:\/\/www.youtube.com\/user\/srfbkbbm"]}]}},"_links":{"self":[{"href":"https:\/\/srfb.be\/de\/wp-json\/wp\/v2\/product\/10708","targetHints":{"allow":["GET"]}}],"collection":[{"href":"https:\/\/srfb.be\/de\/wp-json\/wp\/v2\/product"}],"about":[{"href":"https:\/\/srfb.be\/de\/wp-json\/wp\/v2\/types\/product"}],"replies":[{"embeddable":true,"href":"https:\/\/srfb.be\/de\/wp-json\/wp\/v2\/comments?post=10708"}],"wp:featuredmedia":[{"embeddable":true,"href":"https:\/\/srfb.be\/de\/wp-json\/wp\/v2\/media\/10709"}],"wp:attachment":[{"href":"https:\/\/srfb.be\/de\/wp-json\/wp\/v2\/media?parent=10708"}],"wp:term":[{"taxonomy":"product_brand","embeddable":true,"href":"https:\/\/srfb.be\/de\/wp-json\/wp\/v2\/product_brand?post=10708"},{"taxonomy":"product_cat","embeddable":true,"href":"https:\/\/srfb.be\/de\/wp-json\/wp\/v2\/product_cat?post=10708"},{"taxonomy":"product_tag","embeddable":true,"href":"https:\/\/srfb.be\/de\/wp-json\/wp\/v2\/product_tag?post=10708"}],"curies":[{"name":"wp","href":"https:\/\/api.w.org\/{rel}","templated":true}]}}