{"id":10668,"date":"2020-03-19T15:52:25","date_gmt":"2020-03-19T14:52:25","guid":{"rendered":"https:\/\/new.srfb.be\/?post_type=product&#038;p=10668"},"modified":"2025-06-10T02:37:48","modified_gmt":"2025-06-10T00:37:48","slug":"le-merisier","status":"publish","type":"product","link":"https:\/\/srfb.be\/de\/forest-shop\/le-merisier\/","title":{"rendered":"Kirschbaum"},"content":{"rendered":"","protected":false},"excerpt":{"rendered":"<p>In diesem Buch wird der aktuelle Wissensstand \u00fcber die Kirsche zusammengefasst. Die Kirsche eignet sich f\u00fcr ein relativ breites Spektrum an Standorten und produziert schnell hochwertiges Holz.<\/p>\n<p>24 x 16 cm, 128 Seiten<\/p>","protected":false},"featured_media":10669,"comment_status":"open","ping_status":"closed","template":"","meta":{"iawp_total_views":25},"product_brand":[],"product_cat":[314],"product_tag":[],"class_list":{"0":"post-10668","1":"product","2":"type-product","3":"status-publish","4":"has-post-thumbnail","6":"product_cat-sylviculture","8":"first","9":"outofstock","10":"shipping-taxable","11":"purchasable","12":"product-type-simple"},"yoast_head":"<!-- This site is optimized with the Yoast SEO plugin v27.3 - https:\/\/yoast.com\/product\/yoast-seo-wordpress\/ -->\n<title>Le merisier - Soci\u00e9t\u00e9 Royale Foresti\u00e8re de Belgique<\/title>\n<meta name=\"robots\" content=\"index, follow, max-snippet:-1, max-image-preview:large, max-video-preview:-1\" \/>\n<link rel=\"canonical\" href=\"https:\/\/srfb.be\/de\/forest-shop\/le-merisier\/\" \/>\n<meta property=\"og:locale\" content=\"de_DE\" \/>\n<meta property=\"og:type\" content=\"article\" \/>\n<meta property=\"og:title\" content=\"Le merisier - Soci\u00e9t\u00e9 Royale Foresti\u00e8re de Belgique\" \/>\n<meta property=\"og:description\" content=\"Cet ouvrage fait le point sur les connaissances acquises concernant le merisier. Cette essence convient \u00e0 un assez large \u00e9ventail de stations et produit rapidement un bois de haute valeur.  24 x 16 cm, 128 pages\" \/>\n<meta property=\"og:url\" content=\"https:\/\/srfb.be\/de\/forest-shop\/le-merisier\/\" \/>\n<meta property=\"og:site_name\" content=\"Soci\u00e9t\u00e9 Royale Foresti\u00e8re de Belgique\" \/>\n<meta property=\"article:publisher\" content=\"https:\/\/www.facebook.com\/srfb.be\" \/>\n<meta property=\"article:modified_time\" content=\"2025-06-10T00:37:48+00:00\" \/>\n<meta property=\"og:image\" content=\"https:\/\/srfb.be\/wp-content\/uploads\/2020\/03\/merisier-scaled.jpg\" \/>\n\t<meta property=\"og:image:width\" content=\"1150\" \/>\n\t<meta property=\"og:image:height\" content=\"1700\" \/>\n\t<meta property=\"og:image:type\" content=\"image\/jpeg\" \/>\n<script type=\"application\/ld+json\" class=\"yoast-schema-graph\">{\"@context\":\"https:\\\/\\\/schema.org\",\"@graph\":[{\"@type\":\"WebPage\",\"@id\":\"https:\\\/\\\/srfb.be\\\/forest-shop\\\/le-merisier\\\/\",\"url\":\"https:\\\/\\\/srfb.be\\\/forest-shop\\\/le-merisier\\\/\",\"name\":\"Le merisier - Soci\u00e9t\u00e9 Royale Foresti\u00e8re de Belgique\",\"isPartOf\":{\"@id\":\"https:\\\/\\\/kbbm.be\\\/de\\\/#website\"},\"primaryImageOfPage\":{\"@id\":\"https:\\\/\\\/srfb.be\\\/forest-shop\\\/le-merisier\\\/#primaryimage\"},\"image\":{\"@id\":\"https:\\\/\\\/srfb.be\\\/forest-shop\\\/le-merisier\\\/#primaryimage\"},\"thumbnailUrl\":\"https:\\\/\\\/srfb.be\\\/wp-content\\\/uploads\\\/2020\\\/03\\\/merisier-scaled.jpg\",\"datePublished\":\"2020-03-19T14:52:25+00:00\",\"dateModified\":\"2025-06-10T00:37:48+00:00\",\"breadcrumb\":{\"@id\":\"https:\\\/\\\/srfb.be\\\/forest-shop\\\/le-merisier\\\/#breadcrumb\"},\"inLanguage\":\"de\",\"potentialAction\":[{\"@type\":\"ReadAction\",\"target\":[\"https:\\\/\\\/srfb.be\\\/forest-shop\\\/le-merisier\\\/\"]}]},{\"@type\":\"ImageObject\",\"inLanguage\":\"de\",\"@id\":\"https:\\\/\\\/srfb.be\\\/forest-shop\\\/le-merisier\\\/#primaryimage\",\"url\":\"https:\\\/\\\/srfb.be\\\/wp-content\\\/uploads\\\/2020\\\/03\\\/merisier-scaled.jpg\",\"contentUrl\":\"https:\\\/\\\/srfb.be\\\/wp-content\\\/uploads\\\/2020\\\/03\\\/merisier-scaled.jpg\",\"width\":1150,\"height\":1700},{\"@type\":\"BreadcrumbList\",\"@id\":\"https:\\\/\\\/srfb.be\\\/forest-shop\\\/le-merisier\\\/#breadcrumb\",\"itemListElement\":[{\"@type\":\"ListItem\",\"position\":1,\"name\":\"Accueil\",\"item\":\"https:\\\/\\\/kbbm.be\\\/de\\\/\"},{\"@type\":\"ListItem\",\"position\":2,\"name\":\"Producten\",\"item\":\"https:\\\/\\\/kbbm.be\\\/nl\\\/shop\\\/\"},{\"@type\":\"ListItem\",\"position\":3,\"name\":\"Le merisier\"}]},{\"@type\":\"WebSite\",\"@id\":\"https:\\\/\\\/kbbm.be\\\/de\\\/#website\",\"url\":\"https:\\\/\\\/kbbm.be\\\/de\\\/\",\"name\":\"Soci\u00e9t\u00e9 Royale Foresti\u00e8re de Belgique\",\"description\":\"Au service de la for\u00eat et des forestiers\",\"publisher\":{\"@id\":\"https:\\\/\\\/kbbm.be\\\/de\\\/#organization\"},\"alternateName\":\"SRFB-KBBM\",\"potentialAction\":[{\"@type\":\"SearchAction\",\"target\":{\"@type\":\"EntryPoint\",\"urlTemplate\":\"https:\\\/\\\/kbbm.be\\\/de\\\/?s={search_term_string}\"},\"query-input\":{\"@type\":\"PropertyValueSpecification\",\"valueRequired\":true,\"valueName\":\"search_term_string\"}}],\"inLanguage\":\"de\"},{\"@type\":\"Organization\",\"@id\":\"https:\\\/\\\/kbbm.be\\\/de\\\/#organization\",\"name\":\"Soci\u00e9t\u00e9 Royale Foresti\u00e8re De Belgique - Koninklijke Belgische Bosbouwmaatschappij\",\"alternateName\":\"SRFB-KBBM\",\"url\":\"https:\\\/\\\/kbbm.be\\\/de\\\/\",\"logo\":{\"@type\":\"ImageObject\",\"inLanguage\":\"de\",\"@id\":\"https:\\\/\\\/kbbm.be\\\/de\\\/#\\\/schema\\\/logo\\\/image\\\/\",\"url\":\"https:\\\/\\\/srfb.be\\\/wp-content\\\/uploads\\\/2019\\\/06\\\/android-chrome-256x256.png\",\"contentUrl\":\"https:\\\/\\\/srfb.be\\\/wp-content\\\/uploads\\\/2019\\\/06\\\/android-chrome-256x256.png\",\"width\":1200,\"height\":1232,\"caption\":\"Soci\u00e9t\u00e9 Royale Foresti\u00e8re De Belgique - Koninklijke Belgische Bosbouwmaatschappij\"},\"image\":{\"@id\":\"https:\\\/\\\/kbbm.be\\\/de\\\/#\\\/schema\\\/logo\\\/image\\\/\"},\"sameAs\":[\"https:\\\/\\\/www.facebook.com\\\/srfb.be\",\"https:\\\/\\\/www.instagram.com\\\/srfb_kbbm\\\/\",\"https:\\\/\\\/www.linkedin.com\\\/company\\\/srfb-kbbm\\\/\",\"https:\\\/\\\/www.youtube.com\\\/user\\\/srfbkbbm\"]}]}<\/script>\n<!-- \/ Yoast SEO plugin. -->","yoast_head_json":{"title":"Der Kirschbaum - K\u00f6niglich Belgische Forstgesellschaft","robots":{"index":"index","follow":"follow","max-snippet":"max-snippet:-1","max-image-preview":"max-image-preview:large","max-video-preview":"max-video-preview:-1"},"canonical":"https:\/\/srfb.be\/de\/forest-shop\/le-merisier\/","og_locale":"de_DE","og_type":"article","og_title":"Le merisier - Soci\u00e9t\u00e9 Royale Foresti\u00e8re de Belgique","og_description":"Cet ouvrage fait le point sur les connaissances acquises concernant le merisier. Cette essence convient \u00e0 un assez large \u00e9ventail de stations et produit rapidement un bois de haute valeur.  24 x 16 cm, 128 pages","og_url":"https:\/\/srfb.be\/de\/forest-shop\/le-merisier\/","og_site_name":"Soci\u00e9t\u00e9 Royale Foresti\u00e8re de Belgique","article_publisher":"https:\/\/www.facebook.com\/srfb.be","article_modified_time":"2025-06-10T00:37:48+00:00","og_image":[{"width":1150,"height":1700,"url":"https:\/\/srfb.be\/wp-content\/uploads\/2020\/03\/merisier-scaled.jpg","type":"image\/jpeg"}],"schema":{"@context":"https:\/\/schema.org","@graph":[{"@type":"WebPage","@id":"https:\/\/srfb.be\/forest-shop\/le-merisier\/","url":"https:\/\/srfb.be\/forest-shop\/le-merisier\/","name":"Der Kirschbaum - K\u00f6niglich Belgische Forstgesellschaft","isPartOf":{"@id":"https:\/\/kbbm.be\/de\/#website"},"primaryImageOfPage":{"@id":"https:\/\/srfb.be\/forest-shop\/le-merisier\/#primaryimage"},"image":{"@id":"https:\/\/srfb.be\/forest-shop\/le-merisier\/#primaryimage"},"thumbnailUrl":"https:\/\/srfb.be\/wp-content\/uploads\/2020\/03\/merisier-scaled.jpg","datePublished":"2020-03-19T14:52:25+00:00","dateModified":"2025-06-10T00:37:48+00:00","breadcrumb":{"@id":"https:\/\/srfb.be\/forest-shop\/le-merisier\/#breadcrumb"},"inLanguage":"de","potentialAction":[{"@type":"ReadAction","target":["https:\/\/srfb.be\/forest-shop\/le-merisier\/"]}]},{"@type":"ImageObject","inLanguage":"de","@id":"https:\/\/srfb.be\/forest-shop\/le-merisier\/#primaryimage","url":"https:\/\/srfb.be\/wp-content\/uploads\/2020\/03\/merisier-scaled.jpg","contentUrl":"https:\/\/srfb.be\/wp-content\/uploads\/2020\/03\/merisier-scaled.jpg","width":1150,"height":1700},{"@type":"BreadcrumbList","@id":"https:\/\/srfb.be\/forest-shop\/le-merisier\/#breadcrumb","itemListElement":[{"@type":"ListItem","position":1,"name":"Accueil","item":"https:\/\/kbbm.be\/de\/"},{"@type":"ListItem","position":2,"name":"Producten","item":"https:\/\/kbbm.be\/nl\/shop\/"},{"@type":"ListItem","position":3,"name":"Le merisier"}]},{"@type":"WebSite","@id":"https:\/\/kbbm.be\/de\/#website","url":"https:\/\/kbbm.be\/de\/","name":"K\u00f6nigliche Forstverein Belgiens","description":"Im Dienste des Waldes und der F\u00f6rster","publisher":{"@id":"https:\/\/kbbm.be\/de\/#organization"},"alternateName":"SRFB-KBBM","potentialAction":[{"@type":"SearchAction","target":{"@type":"EntryPoint","urlTemplate":"https:\/\/kbbm.be\/de\/?s={search_term_string}"},"query-input":{"@type":"PropertyValueSpecification","valueRequired":true,"valueName":"search_term_string"}}],"inLanguage":"de"},{"@type":"Organization","@id":"https:\/\/kbbm.be\/de\/#organization","name":"Soci\u00e9t\u00e9 Royale Foresti\u00e8re De Belgique - Koninklijke Belgische Bosbouwmaatschappij","alternateName":"SRFB-KBBM","url":"https:\/\/kbbm.be\/de\/","logo":{"@type":"ImageObject","inLanguage":"de","@id":"https:\/\/kbbm.be\/de\/#\/schema\/logo\/image\/","url":"https:\/\/srfb.be\/wp-content\/uploads\/2019\/06\/android-chrome-256x256.png","contentUrl":"https:\/\/srfb.be\/wp-content\/uploads\/2019\/06\/android-chrome-256x256.png","width":1200,"height":1232,"caption":"Soci\u00e9t\u00e9 Royale Foresti\u00e8re De Belgique - Koninklijke Belgische Bosbouwmaatschappij"},"image":{"@id":"https:\/\/kbbm.be\/de\/#\/schema\/logo\/image\/"},"sameAs":["https:\/\/www.facebook.com\/srfb.be","https:\/\/www.instagram.com\/srfb_kbbm\/","https:\/\/www.linkedin.com\/company\/srfb-kbbm\/","https:\/\/www.youtube.com\/user\/srfbkbbm"]}]}},"_links":{"self":[{"href":"https:\/\/srfb.be\/de\/wp-json\/wp\/v2\/product\/10668","targetHints":{"allow":["GET"]}}],"collection":[{"href":"https:\/\/srfb.be\/de\/wp-json\/wp\/v2\/product"}],"about":[{"href":"https:\/\/srfb.be\/de\/wp-json\/wp\/v2\/types\/product"}],"replies":[{"embeddable":true,"href":"https:\/\/srfb.be\/de\/wp-json\/wp\/v2\/comments?post=10668"}],"wp:featuredmedia":[{"embeddable":true,"href":"https:\/\/srfb.be\/de\/wp-json\/wp\/v2\/media\/10669"}],"wp:attachment":[{"href":"https:\/\/srfb.be\/de\/wp-json\/wp\/v2\/media?parent=10668"}],"wp:term":[{"taxonomy":"product_brand","embeddable":true,"href":"https:\/\/srfb.be\/de\/wp-json\/wp\/v2\/product_brand?post=10668"},{"taxonomy":"product_cat","embeddable":true,"href":"https:\/\/srfb.be\/de\/wp-json\/wp\/v2\/product_cat?post=10668"},{"taxonomy":"product_tag","embeddable":true,"href":"https:\/\/srfb.be\/de\/wp-json\/wp\/v2\/product_tag?post=10668"}],"curies":[{"name":"wp","href":"https:\/\/api.w.org\/{rel}","templated":true}]}}