{"id":7881,"date":"2019-07-17T08:29:03","date_gmt":"2019-07-17T08:29:03","guid":{"rendered":"http:\/\/srfb-wp.dphi.be\/?page_id=7881"},"modified":"2026-01-08T10:14:09","modified_gmt":"2026-01-08T09:14:09","slug":"walder-in-belgien","status":"publish","type":"page","link":"https:\/\/srfb.be\/de\/informations-sur-les-forets\/les-forets-de-belgique\/","title":{"rendered":"W\u00e4lder in Belgien"},"content":{"rendered":"<div class=\"yoast-breadcrumbs\"><span><span><a href=\"https:\/\/srfb.be\/de\/\">Startseite<\/a><\/span> &gt; <span><a href=\"https:\/\/srfb.be\/en\/informations-on-forests\/\">Informationen \u00fcber W\u00e4lder<\/a><\/span> &gt; <span class=\"breadcrumb_last\" aria-current=\"page\"><strong>W\u00e4lder in Belgien<\/strong><\/span><\/span><\/div>\n\n\n<h2 class=\"wp-block-heading\" style=\"margin-top:var(--wp--preset--spacing--80)\">Belgiens W\u00e4lder in Zahlen<\/h2>\n\n\n\n<div class=\"wp-block-columns is-layout-flex wp-container-core-columns-is-layout-28f84493 wp-block-columns-is-layout-flex\">\n<div class=\"wp-block-column is-layout-flow wp-block-column-is-layout-flow\">\n<p>Der belgische Wald nimmt heute 23% des nationalen Territoriums ein, was etwas mehr als 700.000 ha entspricht. Die belgische Waldfl\u00e4che verteilt sich auf die drei Regionen des Landes: 79,8% in Wallonien, 19,9% in der Fl\u00e4mischen Region und 0,3% in der Region Br\u00fcssel-Hauptstadt.<\/p>\n\n\n\n<p><strong>In 150 Jahren hat die Waldbedeckung um 25% zugenommen.<\/strong><\/p>\n<\/div>\n\n\n\n<div class=\"wp-block-column is-layout-flow wp-block-column-is-layout-flow\">\n<p>50.6% der belgischen Waldfl\u00e4che geh\u00f6ren privaten Eigent\u00fcmern. Mit einer durchschnittlichen Fl\u00e4che von 2,5 ha pro Eigent\u00fcmer und \u00fcber 100.000 Eigent\u00fcmern zeichnet sich der Privatwald durch eine relativ starke Zersplitterung und eine gro\u00dfe Vielfalt an Eigent\u00fcmern aus.<\/p>\n\n\n\n<p>Die restlichen 49.4% sind Teil des \u00f6ffentlichen Eigentums. Dabei handelt es sich um Staatsw\u00e4lder, die den Regionen, Gemeinden und Provinzen, \u00f6ffentlichen Sozialhilfezentren und Kirchenfabriken geh\u00f6ren.<\/p>\n<\/div>\n<\/div>\n\n\n\n<div class=\"wp-block-columns is-layout-flex wp-container-core-columns-is-layout-a54e0cfc wp-block-columns-is-layout-flex\" style=\"padding-top:var(--wp--preset--spacing--60);padding-bottom:var(--wp--preset--spacing--60)\">\n<div class=\"wp-block-column is-layout-flow wp-block-column-is-layout-flow\">\n<h3 class=\"wp-block-heading\">Verteilung der Waldfl\u00e4chen<\/h3>\n\n\n\n<p>Die Waldfl\u00e4chen, die sich \u00fcberwiegend in Wallonien befinden, verteilen sich wie folgt:<\/p>\n\n\n\n<ul class=\"wp-block-list\">\n<li>47.4% aus Laubholz<\/li>\n\n\n\n<li>36.6% aus Nadelholz<\/li>\n\n\n\n<li>16% nicht-produktive Fl\u00e4che (Stra\u00dfen, Heide, Teiche, Feuerschneisen...)<\/li>\n<\/ul>\n\n\n\n<p class=\"has-small-font-size\" style=\"font-style:italic;font-weight:400\">Quelle: <a href=\"https:\/\/www.filiereboiswallonie.be\/sites\/default\/files\/media-documents\/FBW%20-%20PanoraBois%202024_0.pdf\">FBW - PanoraHolz 2024<\/a><\/p>\n<\/div>\n\n\n\n<div class=\"wp-block-column is-layout-flow wp-block-column-is-layout-flow\">\n\n\n\n\n\n\n<div class=\"ninja-charts-customize_953047025_4\" >\n    <div id=\"ninja-charts-container\"\n         class=\"ninja-charts-chart-js-container\"\n         style='                height: 400px;                width: auto;                background-color: #ffffff;                border: 0px solid  ;                border-radius: 0px;'\n         data-id=\"4\"\n         data-uniqid=\"_953047025_4\"\n             >\n    <canvas\n        id= \"ninja_charts_instance_953047025_4\"\n>\n    <\/canvas>\n    <\/div>\n<\/div>\n\n<\/div>\n<\/div>\n\n\n\n<div class=\"wp-block-media-text has-media-on-the-right is-stacked-on-mobile is-vertically-aligned-center\" style=\"margin-top:var(--wp--preset--spacing--60);margin-bottom:var(--wp--preset--spacing--60);padding-top:0;padding-bottom:0;grid-template-columns:auto 25%\"><div class=\"wp-block-media-text__content\">\n<h3 class=\"wp-block-heading\">Erhaltung der Natur<\/h3>\n\n\n\n<p>In Belgien umfasst das europ\u00e4ische Natura-2000-Netzwerk 221.000 ha in Wallonien und 136.000 ha in Flandern, insgesamt also 384.500 ha oder 13 % des nationalen Territoriums.<br>Vollst\u00e4ndige oder verwaltete Reservate sind \u00fcber das ganze Land verstreut. In der Wallonischen Region umfassen diese Reservate etwa 10.000 ha.<\/p>\n<\/div><figure class=\"wp-block-media-text__media\"><img loading=\"lazy\" decoding=\"async\" width=\"292\" height=\"201\" src=\"https:\/\/srfb.be\/wp-content\/uploads\/2019\/07\/natura2000-logo.jpg\" alt=\"Natura 2000\" class=\"wp-image-7896 size-full\" srcset=\"https:\/\/srfb.be\/wp-content\/uploads\/2019\/07\/natura2000-logo.jpg 292w, https:\/\/srfb.be\/wp-content\/uploads\/2019\/07\/natura2000-logo-18x12.jpg 18w\" sizes=\"auto, (max-width: 292px) 100vw, 292px\" \/><\/figure><\/div>\n\n\n\n<div class=\"wp-block-media-text is-stacked-on-mobile is-vertically-aligned-center\" style=\"margin-top:var(--wp--preset--spacing--80);margin-bottom:var(--wp--preset--spacing--80);padding-top:0;padding-bottom:0;grid-template-columns:25% auto\"><figure class=\"wp-block-media-text__media\"><img loading=\"lazy\" decoding=\"async\" width=\"1024\" height=\"637\" src=\"https:\/\/srfb.be\/wp-content\/uploads\/2019\/07\/PEFC-promo-horizontal-FR-1-1024x637.png\" alt=\"PEFC - F\u00f6rderung der nachhaltigen Waldbewirtschaftung\" class=\"wp-image-7902 size-full\" srcset=\"https:\/\/srfb.be\/wp-content\/uploads\/2019\/07\/PEFC-promo-horizontal-FR-1-1024x637.png 1024w, https:\/\/srfb.be\/wp-content\/uploads\/2019\/07\/PEFC-promo-horizontal-FR-1-600x373.png 600w, https:\/\/srfb.be\/wp-content\/uploads\/2019\/07\/PEFC-promo-horizontal-FR-1-300x187.png 300w, https:\/\/srfb.be\/wp-content\/uploads\/2019\/07\/PEFC-promo-horizontal-FR-1-18x12.png 18w, https:\/\/srfb.be\/wp-content\/uploads\/2019\/07\/PEFC-promo-horizontal-FR-1.png 1700w\" sizes=\"auto, (max-width: 1024px) 100vw, 1024px\" \/><\/figure><div class=\"wp-block-media-text__content\">\n<h3 class=\"wp-block-heading translation-block\">PEFC-<br>Zertifizierung<\/h3>\n\n\n\n<p>Der KFVN unterst\u00fctzt die PEFC-Zertifizierung, das am weitesten verbreitete Zertifizierungssystem der Welt (\u00fcber 280 Millionen Hektar), was 71 % der weltweit zertifizierten Fl\u00e4che entspricht. In Wallonien deckt es 54% der Waldfl\u00e4che (oder 300.000 ha) ab und mehr als 500 belgische Unternehmen haben bereits ihre Produktkette durch PEFC zertifizieren lassen. Der FSC ist ebenfalls vertreten und deckt etwas mehr als 42.000 ha der belgischen Waldfl\u00e4che ab.<\/p>\n\n\n\n<div class=\"wp-block-buttons is-layout-flex wp-block-buttons-is-layout-flex\">\n<div class=\"wp-block-button\"><a class=\"wp-block-button__link wp-element-button\" href=\"https:\/\/srfb.be\/de\/pefc-certificatie\/\">Sich selbst zertifizieren<\/a><\/div>\n<\/div>\n<\/div><\/div>\n\n\n\n<div class=\"wp-block-media-text has-media-on-the-right is-stacked-on-mobile is-vertically-aligned-center\" style=\"margin-top:var(--wp--preset--spacing--80);margin-right:0;margin-bottom:var(--wp--preset--spacing--80);margin-left:0;padding-top:0;padding-right:0;padding-bottom:0;padding-left:0;grid-template-columns:auto 25%\"><div class=\"wp-block-media-text__content\">\n<h3 class=\"wp-block-heading\">Wald und CO2<\/h3>\n\n\n\n<p>Der belgische Wald speichert etwa 480 Millionen Tonnen CO2-\u00c4quivalent (holzige Biomasse, Streu, Totholz und oberste Bodenschicht). Au\u00dferdem kompensiert der Wald durch die Entnahme von Holz und dessen langfristige Nutzung den j\u00e4hrlichen CO2-Aussto\u00df von 800.000 Autos!<br>Die gr\u00f6\u00dfte Attraktion von Holz in Bezug auf CO2 ist jedoch die Substitution. Holz, das im Bauwesen, in der M\u00f6belindustrie usw. verwendet wird, ersetzt Produkte wie PVC, Beton oder Aluminium, die in der Herstellung wesentlich \"energieintensiver\" sind. Dasselbe gilt f\u00fcr Energieholz, das fossile Energietr\u00e4ger ersetzt.<\/p>\n<\/div><figure class=\"wp-block-media-text__media\"><img loading=\"lazy\" decoding=\"async\" width=\"1024\" height=\"768\" src=\"https:\/\/srfb.be\/wp-content\/uploads\/2019\/07\/20180503_152030-scaled-1024x768.jpg\" alt=\"\" class=\"wp-image-7350 size-full\" srcset=\"https:\/\/srfb.be\/wp-content\/uploads\/2019\/07\/20180503_152030-scaled-1024x768.jpg 1024w, https:\/\/srfb.be\/wp-content\/uploads\/2019\/07\/20180503_152030-scaled-600x450.jpg 600w, https:\/\/srfb.be\/wp-content\/uploads\/2019\/07\/20180503_152030-scaled-300x225.jpg 300w, https:\/\/srfb.be\/wp-content\/uploads\/2019\/07\/20180503_152030-scaled-16x12.jpg 16w, https:\/\/srfb.be\/wp-content\/uploads\/2019\/07\/20180503_152030-scaled.jpg 1700w\" sizes=\"auto, (max-width: 1024px) 100vw, 1024px\" \/><\/figure><\/div>\n\n\n\n<div class=\"wp-block-columns is-layout-flex wp-container-core-columns-is-layout-4c1dd492 wp-block-columns-is-layout-flex\" style=\"margin-top:var(--wp--preset--spacing--80);margin-bottom:var(--wp--preset--spacing--80)\">\n<div class=\"wp-block-column is-layout-flow wp-block-column-is-layout-flow\">\n<h2 class=\"wp-block-heading\"><strong>Der Wald: ein multifunktionaler Raum, einladend f\u00fcr die Biodiversit\u00e4t<\/strong><\/h2>\n\n\n\n<p>Weltweit gesehen beherbergen W\u00e4lder etwa 80% der Biodiversit\u00e4t der Erde. Dem Forstwirt kommt bei der Entwicklung dieser eine Schl\u00fcsselrolle zu. Laut Philippe de Wouters, Direktor der KFVN, \"sorgt der F\u00f6rster durch die nachhaltige Bewirtschaftung der W\u00e4lder und die F\u00f6rderung der Biodiversit\u00e4t f\u00fcr gesunde Wald\u00f6kosysteme und unterst\u00fctzt alle grundlegenden Funktionen des Waldes: Holzproduktion, Erholungsraum, Wasserfilterung und Kohlenstoffspeicherung\".<\/p>\n\n\n\n<p><a href=\"https:\/\/srfb.be\/de\/2020\/03\/21\/les-forets-et-la-biodiversite-des-tresors-a-promouvoir\/\"><em>Artikel lesen W\u00e4lder und Biodiversit\u00e4t: Sch\u00e4tze, die es zu f\u00f6rdern gilt<\/em><\/a><\/p>\n<\/div>\n\n\n\n<div class=\"wp-block-column is-layout-flow wp-block-column-is-layout-flow\">\n<figure class=\"wp-block-embed is-type-video is-provider-youtube wp-block-embed-youtube wp-embed-aspect-16-9 wp-has-aspect-ratio\"><div class=\"wp-block-embed__wrapper\">\n<iframe loading=\"lazy\" title=\"Die Biodiversit\u00e4t meines Waldes sch\u00fctzen\" width=\"960\" height=\"540\" src=\"https:\/\/www.youtube.com\/embed\/gRqCNKWDvqs?feature=oembed\" frameborder=\"0\" allow=\"accelerometer; autoplay; clipboard-write; encrypted-media; gyroscope; picture-in-picture; web-share\" referrerpolicy=\"strict-origin-when-cross-origin\" allowfullscreen><\/iframe>\n<\/div><\/figure>\n<\/div>\n<\/div>","protected":false},"excerpt":{"rendered":"<p>Les for\u00eats de Belgique en quelques chiffres La for\u00eat belge occupe aujourd\u2019hui 23% du territoire national soit un peu plus de 700.000 ha. La surface foresti\u00e8re belge est r\u00e9partie sur les trois r\u00e9gions du pays : 79,8% en Wallonie, 19,9% en R\u00e9gion flamande, 0,3% en R\u00e9gion de Bruxelles-Capitale. En 150 ans, la couverture foresti\u00e8re a&#8230; <\/p>\n<div class=\"clear\"><\/div>\n<p><a href=\"https:\/\/srfb.be\/de\/informations-sur-les-forets\/les-forets-de-belgique\/\" class=\"excerpt-read-more\">Read More<\/a><\/p>","protected":false},"author":18,"featured_media":10600,"parent":4294,"menu_order":1,"comment_status":"closed","ping_status":"closed","template":"","meta":{"iawp_total_views":2027,"footnotes":""},"class_list":["post-7881","page","type-page","status-publish","has-post-thumbnail","hentry"],"yoast_head":"<!-- This site is optimized with the Yoast SEO plugin v27.3 - https:\/\/yoast.com\/product\/yoast-seo-wordpress\/ -->\n<title>Les for\u00eats de Belgique - Soci\u00e9t\u00e9 Royale Foresti\u00e8re de Belgique<\/title>\n<meta name=\"description\" content=\"La for\u00eat belge occupe aujourd\u2019hui 23% du territoire national soit un peu plus de 700.000 ha. D\u00e9couvrez les for\u00eats belges en quelques chiffres cl\u00e9s.\" \/>\n<meta name=\"robots\" content=\"index, follow, max-snippet:-1, max-image-preview:large, max-video-preview:-1\" \/>\n<link rel=\"canonical\" href=\"https:\/\/srfb.be\/de\/forstwirtschaftliche-informationen\/walder-in-belgien\/\" \/>\n<meta property=\"og:locale\" content=\"de_DE\" \/>\n<meta property=\"og:type\" content=\"article\" \/>\n<meta property=\"og:title\" content=\"Les for\u00eats de Belgique - Soci\u00e9t\u00e9 Royale Foresti\u00e8re de Belgique\" \/>\n<meta property=\"og:description\" content=\"La for\u00eat belge occupe aujourd\u2019hui 23% du territoire national soit un peu plus de 700.000 ha. D\u00e9couvrez les for\u00eats belges en quelques chiffres cl\u00e9s.\" \/>\n<meta property=\"og:url\" content=\"https:\/\/srfb.be\/de\/forstwirtschaftliche-informationen\/walder-in-belgien\/\" \/>\n<meta property=\"og:site_name\" content=\"Soci\u00e9t\u00e9 Royale Foresti\u00e8re de Belgique\" \/>\n<meta property=\"article:publisher\" content=\"https:\/\/www.facebook.com\/srfb.be\" \/>\n<meta property=\"article:modified_time\" content=\"2026-01-08T09:14:09+00:00\" \/>\n<meta property=\"og:image\" content=\"https:\/\/srfb.be\/wp-content\/uploads\/2020\/03\/20180503_152405-copyright-A_portrait-scaled-e1584517518565.jpg\" \/>\n\t<meta property=\"og:image:width\" content=\"1018\" \/>\n\t<meta property=\"og:image:height\" content=\"1700\" \/>\n\t<meta property=\"og:image:type\" content=\"image\/jpeg\" \/>\n<script type=\"application\/ld+json\" class=\"yoast-schema-graph\">{\"@context\":\"https:\\\/\\\/schema.org\",\"@graph\":[{\"@type\":\"WebPage\",\"@id\":\"https:\\\/\\\/srfb.be\\\/en\\\/informations-on-forests\\\/belgium-forests\\\/\",\"url\":\"https:\\\/\\\/srfb.be\\\/en\\\/informations-on-forests\\\/belgium-forests\\\/\",\"name\":\"Les for\u00eats de Belgique - Soci\u00e9t\u00e9 Royale Foresti\u00e8re de Belgique\",\"isPartOf\":{\"@id\":\"https:\\\/\\\/srfb.be\\\/de\\\/#website\"},\"primaryImageOfPage\":{\"@id\":\"https:\\\/\\\/srfb.be\\\/en\\\/informations-on-forests\\\/belgium-forests\\\/#primaryimage\"},\"image\":{\"@id\":\"https:\\\/\\\/srfb.be\\\/en\\\/informations-on-forests\\\/belgium-forests\\\/#primaryimage\"},\"thumbnailUrl\":\"https:\\\/\\\/srfb.be\\\/wp-content\\\/uploads\\\/2020\\\/03\\\/20180503_152405-copyright-A_portrait-scaled-e1584517518565.jpg\",\"datePublished\":\"2019-07-17T08:29:03+00:00\",\"dateModified\":\"2026-01-08T09:14:09+00:00\",\"description\":\"La for\u00eat belge occupe aujourd\u2019hui 23% du territoire national soit un peu plus de 700.000 ha. D\u00e9couvrez les for\u00eats belges en quelques chiffres cl\u00e9s.\",\"breadcrumb\":{\"@id\":\"https:\\\/\\\/srfb.be\\\/en\\\/informations-on-forests\\\/belgium-forests\\\/#breadcrumb\"},\"inLanguage\":\"de\",\"potentialAction\":[{\"@type\":\"ReadAction\",\"target\":[\"https:\\\/\\\/srfb.be\\\/en\\\/informations-on-forests\\\/belgium-forests\\\/\"]}]},{\"@type\":\"ImageObject\",\"inLanguage\":\"de\",\"@id\":\"https:\\\/\\\/srfb.be\\\/en\\\/informations-on-forests\\\/belgium-forests\\\/#primaryimage\",\"url\":\"https:\\\/\\\/srfb.be\\\/wp-content\\\/uploads\\\/2020\\\/03\\\/20180503_152405-copyright-A_portrait-scaled-e1584517518565.jpg\",\"contentUrl\":\"https:\\\/\\\/srfb.be\\\/wp-content\\\/uploads\\\/2020\\\/03\\\/20180503_152405-copyright-A_portrait-scaled-e1584517518565.jpg\",\"width\":1018,\"height\":1700,\"caption\":\"vue de for\u00eat\"},{\"@type\":\"BreadcrumbList\",\"@id\":\"https:\\\/\\\/srfb.be\\\/en\\\/informations-on-forests\\\/belgium-forests\\\/#breadcrumb\",\"itemListElement\":[{\"@type\":\"ListItem\",\"position\":1,\"name\":\"Accueil\",\"item\":\"https:\\\/\\\/srfb.be\\\/de\\\/\"},{\"@type\":\"ListItem\",\"position\":2,\"name\":\"Informations sur les for\u00eats\",\"item\":\"https:\\\/\\\/srfb.be\\\/en\\\/informations-on-forests\\\/\"},{\"@type\":\"ListItem\",\"position\":3,\"name\":\"Les for\u00eats de Belgique\"}]},{\"@type\":\"WebSite\",\"@id\":\"https:\\\/\\\/srfb.be\\\/de\\\/#website\",\"url\":\"https:\\\/\\\/srfb.be\\\/de\\\/\",\"name\":\"Soci\u00e9t\u00e9 Royale Foresti\u00e8re de Belgique\",\"description\":\"Au service de la for\u00eat et des forestiers\",\"publisher\":{\"@id\":\"https:\\\/\\\/srfb.be\\\/de\\\/#organization\"},\"alternateName\":\"SRFB-KBBM\",\"potentialAction\":[{\"@type\":\"SearchAction\",\"target\":{\"@type\":\"EntryPoint\",\"urlTemplate\":\"https:\\\/\\\/srfb.be\\\/de\\\/?s={search_term_string}\"},\"query-input\":{\"@type\":\"PropertyValueSpecification\",\"valueRequired\":true,\"valueName\":\"search_term_string\"}}],\"inLanguage\":\"de\"},{\"@type\":\"Organization\",\"@id\":\"https:\\\/\\\/srfb.be\\\/de\\\/#organization\",\"name\":\"Soci\u00e9t\u00e9 Royale Foresti\u00e8re De Belgique - Koninklijke Belgische Bosbouwmaatschappij\",\"alternateName\":\"SRFB-KBBM\",\"url\":\"https:\\\/\\\/srfb.be\\\/de\\\/\",\"logo\":{\"@type\":\"ImageObject\",\"inLanguage\":\"de\",\"@id\":\"https:\\\/\\\/srfb.be\\\/de\\\/#\\\/schema\\\/logo\\\/image\\\/\",\"url\":\"https:\\\/\\\/srfb.be\\\/wp-content\\\/uploads\\\/2019\\\/06\\\/android-chrome-256x256.png\",\"contentUrl\":\"https:\\\/\\\/srfb.be\\\/wp-content\\\/uploads\\\/2019\\\/06\\\/android-chrome-256x256.png\",\"width\":1200,\"height\":1232,\"caption\":\"Soci\u00e9t\u00e9 Royale Foresti\u00e8re De Belgique - Koninklijke Belgische Bosbouwmaatschappij\"},\"image\":{\"@id\":\"https:\\\/\\\/srfb.be\\\/de\\\/#\\\/schema\\\/logo\\\/image\\\/\"},\"sameAs\":[\"https:\\\/\\\/www.facebook.com\\\/srfb.be\",\"https:\\\/\\\/www.instagram.com\\\/srfb_kbbm\\\/\",\"https:\\\/\\\/www.linkedin.com\\\/company\\\/srfb-kbbm\\\/\",\"https:\\\/\\\/www.youtube.com\\\/user\\\/srfbkbbm\"]}]}<\/script>\n<!-- \/ Yoast SEO plugin. -->","yoast_head_json":{"title":"Die W\u00e4lder Belgiens - K\u00f6niglich Belgische Forstgesellschaft","description":"Der belgische Wald nimmt heute 23% des nationalen Territoriums ein, was etwas mehr als 700.000 ha entspricht. Entdecken Sie die belgischen W\u00e4lder in einigen Schl\u00fcsselzahlen.","robots":{"index":"index","follow":"follow","max-snippet":"max-snippet:-1","max-image-preview":"max-image-preview:large","max-video-preview":"max-video-preview:-1"},"canonical":"https:\/\/srfb.be\/de\/forstwirtschaftliche-informationen\/walder-in-belgien\/","og_locale":"de_DE","og_type":"article","og_title":"Les for\u00eats de Belgique - Soci\u00e9t\u00e9 Royale Foresti\u00e8re de Belgique","og_description":"La for\u00eat belge occupe aujourd\u2019hui 23% du territoire national soit un peu plus de 700.000 ha. D\u00e9couvrez les for\u00eats belges en quelques chiffres cl\u00e9s.","og_url":"https:\/\/srfb.be\/de\/forstwirtschaftliche-informationen\/walder-in-belgien\/","og_site_name":"Soci\u00e9t\u00e9 Royale Foresti\u00e8re de Belgique","article_publisher":"https:\/\/www.facebook.com\/srfb.be","article_modified_time":"2026-01-08T09:14:09+00:00","og_image":[{"width":1018,"height":1700,"url":"https:\/\/srfb.be\/wp-content\/uploads\/2020\/03\/20180503_152405-copyright-A_portrait-scaled-e1584517518565.jpg","type":"image\/jpeg"}],"schema":{"@context":"https:\/\/schema.org","@graph":[{"@type":"WebPage","@id":"https:\/\/srfb.be\/en\/informations-on-forests\/belgium-forests\/","url":"https:\/\/srfb.be\/en\/informations-on-forests\/belgium-forests\/","name":"Die W\u00e4lder Belgiens - K\u00f6niglich Belgische Forstgesellschaft","isPartOf":{"@id":"https:\/\/srfb.be\/de\/#website"},"primaryImageOfPage":{"@id":"https:\/\/srfb.be\/en\/informations-on-forests\/belgium-forests\/#primaryimage"},"image":{"@id":"https:\/\/srfb.be\/en\/informations-on-forests\/belgium-forests\/#primaryimage"},"thumbnailUrl":"https:\/\/srfb.be\/wp-content\/uploads\/2020\/03\/20180503_152405-copyright-A_portrait-scaled-e1584517518565.jpg","datePublished":"2019-07-17T08:29:03+00:00","dateModified":"2026-01-08T09:14:09+00:00","description":"Der belgische Wald nimmt heute 23% des nationalen Territoriums ein, was etwas mehr als 700.000 ha entspricht. Entdecken Sie die belgischen W\u00e4lder in einigen Schl\u00fcsselzahlen.","breadcrumb":{"@id":"https:\/\/srfb.be\/en\/informations-on-forests\/belgium-forests\/#breadcrumb"},"inLanguage":"de","potentialAction":[{"@type":"ReadAction","target":["https:\/\/srfb.be\/en\/informations-on-forests\/belgium-forests\/"]}]},{"@type":"ImageObject","inLanguage":"de","@id":"https:\/\/srfb.be\/en\/informations-on-forests\/belgium-forests\/#primaryimage","url":"https:\/\/srfb.be\/wp-content\/uploads\/2020\/03\/20180503_152405-copyright-A_portrait-scaled-e1584517518565.jpg","contentUrl":"https:\/\/srfb.be\/wp-content\/uploads\/2020\/03\/20180503_152405-copyright-A_portrait-scaled-e1584517518565.jpg","width":1018,"height":1700,"caption":"vue de for\u00eat"},{"@type":"BreadcrumbList","@id":"https:\/\/srfb.be\/en\/informations-on-forests\/belgium-forests\/#breadcrumb","itemListElement":[{"@type":"ListItem","position":1,"name":"Accueil","item":"https:\/\/srfb.be\/de\/"},{"@type":"ListItem","position":2,"name":"Informations sur les for\u00eats","item":"https:\/\/srfb.be\/en\/informations-on-forests\/"},{"@type":"ListItem","position":3,"name":"Les for\u00eats de Belgique"}]},{"@type":"WebSite","@id":"https:\/\/srfb.be\/de\/#website","url":"https:\/\/srfb.be\/de\/","name":"K\u00f6nigliche Forstverein Belgiens","description":"Im Dienste des Waldes und der F\u00f6rster","publisher":{"@id":"https:\/\/srfb.be\/de\/#organization"},"alternateName":"SRFB-KBBM","potentialAction":[{"@type":"SearchAction","target":{"@type":"EntryPoint","urlTemplate":"https:\/\/srfb.be\/de\/?s={search_term_string}"},"query-input":{"@type":"PropertyValueSpecification","valueRequired":true,"valueName":"search_term_string"}}],"inLanguage":"de"},{"@type":"Organization","@id":"https:\/\/srfb.be\/de\/#organization","name":"Soci\u00e9t\u00e9 Royale Foresti\u00e8re De Belgique - Koninklijke Belgische Bosbouwmaatschappij","alternateName":"SRFB-KBBM","url":"https:\/\/srfb.be\/de\/","logo":{"@type":"ImageObject","inLanguage":"de","@id":"https:\/\/srfb.be\/de\/#\/schema\/logo\/image\/","url":"https:\/\/srfb.be\/wp-content\/uploads\/2019\/06\/android-chrome-256x256.png","contentUrl":"https:\/\/srfb.be\/wp-content\/uploads\/2019\/06\/android-chrome-256x256.png","width":1200,"height":1232,"caption":"Soci\u00e9t\u00e9 Royale Foresti\u00e8re De Belgique - Koninklijke Belgische Bosbouwmaatschappij"},"image":{"@id":"https:\/\/srfb.be\/de\/#\/schema\/logo\/image\/"},"sameAs":["https:\/\/www.facebook.com\/srfb.be","https:\/\/www.instagram.com\/srfb_kbbm\/","https:\/\/www.linkedin.com\/company\/srfb-kbbm\/","https:\/\/www.youtube.com\/user\/srfbkbbm"]}]}},"_links":{"self":[{"href":"https:\/\/srfb.be\/de\/wp-json\/wp\/v2\/pages\/7881","targetHints":{"allow":["GET"]}}],"collection":[{"href":"https:\/\/srfb.be\/de\/wp-json\/wp\/v2\/pages"}],"about":[{"href":"https:\/\/srfb.be\/de\/wp-json\/wp\/v2\/types\/page"}],"author":[{"embeddable":true,"href":"https:\/\/srfb.be\/de\/wp-json\/wp\/v2\/users\/18"}],"replies":[{"embeddable":true,"href":"https:\/\/srfb.be\/de\/wp-json\/wp\/v2\/comments?post=7881"}],"version-history":[{"count":0,"href":"https:\/\/srfb.be\/de\/wp-json\/wp\/v2\/pages\/7881\/revisions"}],"up":[{"embeddable":true,"href":"https:\/\/srfb.be\/de\/wp-json\/wp\/v2\/pages\/4294"}],"wp:featuredmedia":[{"embeddable":true,"href":"https:\/\/srfb.be\/de\/wp-json\/wp\/v2\/media\/10600"}],"wp:attachment":[{"href":"https:\/\/srfb.be\/de\/wp-json\/wp\/v2\/media?parent=7881"}],"curies":[{"name":"wp","href":"https:\/\/api.w.org\/{rel}","templated":true}]}}