{"id":39416,"date":"2025-12-11T12:04:58","date_gmt":"2025-12-11T11:04:58","guid":{"rendered":"https:\/\/srfb.be\/?page_id=39416"},"modified":"2025-12-11T12:10:05","modified_gmt":"2025-12-11T11:10:05","slug":"rapports-daudit","status":"publish","type":"page","link":"https:\/\/srfb.be\/de\/certification-pefc\/rapports-daudit\/","title":{"rendered":"Pr\u00fcfungsberichte"},"content":{"rendered":"<div class=\"wp-block-group is-layout-constrained wp-block-group-is-layout-constrained\" style=\"margin-top:var(--wp--preset--spacing--60);margin-bottom:var(--wp--preset--spacing--60)\"><div class=\"yoast-breadcrumbs\"><span><span><a href=\"https:\/\/kbbm.be\/en\/\">Startseite<\/a><\/span> &gt; <span><a href=\"https:\/\/kbbm.be\/certification-pefc\/\">PEFC-Zertifizierung<\/a><\/span> &gt; <span class=\"breadcrumb_last\" aria-current=\"page\"><strong>Pr\u00fcfungsberichte<\/strong><\/span><\/span><\/div><\/div>\n\n\n\n<div class=\"wp-block-group is-layout-constrained wp-block-group-is-layout-constrained\">\n<figure class=\"wp-block-image aligncenter size-full is-resized\"><img loading=\"lazy\" decoding=\"async\" width=\"590\" height=\"695\" src=\"https:\/\/srfb.be\/wp-content\/uploads\/2025\/12\/pefc-logo.png\" alt=\"PEFC Logo\" class=\"wp-image-39412\" style=\"width:auto;height:100px\" srcset=\"https:\/\/srfb.be\/wp-content\/uploads\/2025\/12\/pefc-logo.png 590w, https:\/\/srfb.be\/wp-content\/uploads\/2025\/12\/pefc-logo-255x300.png 255w, https:\/\/srfb.be\/wp-content\/uploads\/2025\/12\/pefc-logo-10x12.png 10w\" sizes=\"auto, (max-width: 590px) 100vw, 590px\" \/><\/figure>\n<\/div>\n\n\n\n<h2 class=\"wp-block-heading has-text-align-center\">Hier finden Sie die PEFC-Auditberichte der vergangenen Jahre<\/h2>\n\n\n\n<div class=\"wp-block-group is-layout-constrained wp-container-core-group-is-layout-a099c240 wp-block-group-is-layout-constrained\">\n<div class=\"wp-block-buttons is-vertical is-content-justification-center is-layout-flex wp-container-core-buttons-is-layout-01c5e21f wp-block-buttons-is-layout-flex\" style=\"font-style:normal;font-weight:900;text-transform:uppercase\">\n<div class=\"wp-block-button has-custom-width wp-block-button__width-100 is-style-outline is-style-outline--1\"><a class=\"wp-block-button__link wp-element-button\" href=\"https:\/\/srfb.be\/wp-content\/uploads\/2025\/12\/25Resume-de-rapport_SRFB-Anonymise-Copy.pdf\" style=\"border-width:3px\" target=\"_blank\" rel=\"noreferrer noopener\">2025<\/a><\/div>\n\n\n\n<div class=\"wp-block-button has-custom-width wp-block-button__width-100 is-style-outline is-style-outline--2\"><a class=\"wp-block-button__link wp-element-button\" href=\"https:\/\/srfb.be\/wp-content\/uploads\/2025\/07\/24Rapport_SRFB-anonymise.pdf\" style=\"border-width:3px\" target=\"_blank\" rel=\"noreferrer noopener\">2024<\/a><\/div>\n<\/div>\n\n\n\n<section class=\"wp-block-group has-border-color has-grey-color-border-color is-layout-constrained wp-container-core-group-is-layout-48babdcc wp-block-group-is-layout-constrained\" style=\"border-width:3px;margin-top:var(--wp--preset--spacing--60);margin-bottom:var(--wp--preset--spacing--60);padding-top:var(--wp--preset--spacing--40);padding-right:var(--wp--preset--spacing--40);padding-bottom:var(--wp--preset--spacing--40);padding-left:var(--wp--preset--spacing--40)\">\n<h3 class=\"wp-block-heading has-vert-fonce-color-color has-text-color has-link-color wp-elements-159ca598c33037459ecf1a859ade266e\" style=\"text-transform:uppercase\">N\u00fctzliches Dokument<\/h3>\n\n\n\n<h4 class=\"wp-block-heading\">Charta, die neuen PEFC-Standards \u00fcbernimmt<\/h4>\n\n\n\n<ul class=\"wp-block-list\">\n<li><a href=\"\/wp-content\/uploads\/2024\/01\/PEFC_2024_CHARTE_SRFB_PEFC_2024_VF_2-1.pdf\" target=\"_blank\" rel=\"noreferrer noopener\">PEFC-Charta f\u00fcr nachhaltige Waldbewirtschaftung in der Region Wallonien (ab Januar 2024)<\/a><\/li>\n\n\n\n<li><a href=\"\/wp-content\/uploads\/2024\/01\/PEFC_2024_INFORMATIONS_COMPLEMENTAIRES_CHARTE-1.pdf\" target=\"_blank\" rel=\"noreferrer noopener\">Zus\u00e4tzliche Informationen zur PEFC-Charta vom Januar 2024<\/a><\/li>\n\n\n\n<li><a href=\"\/wp-content\/uploads\/2024\/06\/D23_Document_Mandat_PEFC_Annexe_4.pdf\" target=\"_blank\" rel=\"noreferrer noopener\">PEFC-Management-Mandat<\/a><\/li>\n\n\n\n<li><a href=\"\/wp-content\/uploads\/2024\/06\/PEFC_2024_ANNEXE_8_DSG_Pubilc.pdf\" target=\"_blank\" rel=\"noreferrer noopener\">Fragebogen \u00d6ffentliche Informationen (DSG Public)<\/a><\/li>\n<\/ul>\n\n\n\n<h4 class=\"wp-block-heading\">Punkt 3: Einfaches Verwaltungsdokument<\/h4>\n\n\n\n<ul class=\"wp-block-list\">\n<li><a href=\"\/wp-content\/uploads\/2024\/01\/PEFC_2024_DOCUMENT_SIMPLE_GESTION-1.pdf\" target=\"_blank\" rel=\"noreferrer noopener\">Einfaches Managementdokument PEFC<\/a><\/li>\n<\/ul>\n\n\n\n<h4 class=\"wp-block-heading\">Punkt 11: Betrieb<\/h4>\n\n\n\n<ul class=\"wp-block-list\">\n<li><a href=\"\/wp-content\/uploads\/2024\/01\/PEFC_2021_CAHIER_CHARGE_VENTE_BOIS_OEUVRE-1.pdf\" target=\"_blank\" rel=\"noreferrer noopener\">Pflichtenheft f\u00fcr den Verkauf und die Nutzung von stehendem Holz im Privatwald<\/a><\/li>\n\n\n\n<li><a href=\"\/wp-content\/uploads\/2024\/01\/PEFC_2017_CAHIER_CHARGE_VENTE_BOIS_CHAUFFAGE-1.pdf\" target=\"_blank\" rel=\"noreferrer noopener\">Brennholz: Richtlinien f\u00fcr den Verkauf von stehendem Holz und den Betrieb<\/a><\/li>\n\n\n\n<li><a href=\"\/wp-content\/uploads\/2024\/01\/PEFC_2023_Bordereau_Vente_bois.pdf\" target=\"_blank\" rel=\"noreferrer noopener\">Bordereau Holzverkauf<\/a><\/li>\n<\/ul>\n\n\n\n<h4 class=\"wp-block-heading\">Punkt 13: Wald-Wild-Gleichgewicht<\/h4>\n\n\n\n<ul class=\"wp-block-list\">\n<li><a href=\"\/wp-content\/uploads\/2024\/01\/PEFC_2024_FORET_GIBIER_BR_PROPRIETAIRE-1.pdf\" target=\"_blank\" rel=\"noreferrer noopener\">Informationsbrosch\u00fcre \u00fcber das Wald-Wild-Gleichgewicht f\u00fcr den Waldbesitzer<\/a><\/li>\n\n\n\n<li><a href=\"\/wp-content\/uploads\/2024\/01\/PEFC_2024_FORET_GIBIER_BR_IMPACT_NEGATIF-1.pdf\" target=\"_blank\" rel=\"noreferrer noopener\">Bestandsaufnahme der negativen Auswirkungen durch gro\u00dfe Huftiere (Rotwild, Rehwild, Wildschweine)<\/a><\/li>\n<\/ul>\n\n\n\n<div class=\"wp-block-buttons is-layout-flex wp-block-buttons-is-layout-flex\">\n<div class=\"wp-block-button is-style-outline is-style-outline--3\"><a class=\"wp-block-button__link has-orange-color-color has-text-color has-link-color has-border-color has-orange-color-border-color wp-element-button\" href=\"https:\/\/www.pefc.be\/fr\/agir-en-tant-que\/proprietaire-forestier\/mettez-a-jour-votre-document-simple-de-gestion-dsg-avec-le-s\" style=\"border-width:3px\" target=\"_blank\" rel=\"noreferrer noopener\">Beantragen Sie die Unterst\u00fctzung von PEFC Belgium f\u00fcr Ihre GSD<\/a><\/div>\n<\/div>\n<\/section>\n<\/div>","protected":false},"excerpt":{"rendered":"<p>Hier finden Sie die PEFC-Auditberichte der vergangenen Jahre<\/p>","protected":false},"author":18,"featured_media":0,"parent":5890,"menu_order":0,"comment_status":"closed","ping_status":"closed","template":"","meta":{"iawp_total_views":10,"footnotes":""},"class_list":["post-39416","page","type-page","status-publish","hentry"],"yoast_head":"<!-- This site is optimized with the Yoast SEO plugin v27.4 - https:\/\/yoast.com\/product\/yoast-seo-wordpress\/ -->\n<title>Rapports d&#039;audit - Soci\u00e9t\u00e9 Royale Foresti\u00e8re de Belgique<\/title>\n<meta name=\"robots\" content=\"index, follow, max-snippet:-1, max-image-preview:large, max-video-preview:-1\" \/>\n<link rel=\"canonical\" href=\"https:\/\/kbbm.be\/certification-pefc\/rapports-daudit\/\" \/>\n<meta property=\"og:locale\" content=\"de_DE\" \/>\n<meta property=\"og:type\" content=\"article\" \/>\n<meta property=\"og:title\" content=\"Rapports d&#039;audit - Soci\u00e9t\u00e9 Royale Foresti\u00e8re de Belgique\" \/>\n<meta property=\"og:description\" content=\"Retrouvez les rapports d&rsquo;audits PEFC des ann\u00e9es pr\u00e9c\u00e9dentes\" \/>\n<meta property=\"og:url\" content=\"https:\/\/kbbm.be\/certification-pefc\/rapports-daudit\/\" \/>\n<meta property=\"og:site_name\" content=\"Soci\u00e9t\u00e9 Royale Foresti\u00e8re de Belgique\" \/>\n<meta property=\"article:publisher\" content=\"https:\/\/www.facebook.com\/srfb.be\" \/>\n<meta property=\"article:modified_time\" content=\"2025-12-11T11:10:05+00:00\" \/>\n<meta property=\"og:image\" content=\"https:\/\/srfb.be\/wp-content\/uploads\/2025\/12\/pefc-logo.png\" \/>\n<script type=\"application\/ld+json\" class=\"yoast-schema-graph\">{\"@context\":\"https:\\\/\\\/schema.org\",\"@graph\":[{\"@type\":\"WebPage\",\"@id\":\"https:\\\/\\\/kbbm.be\\\/certification-pefc\\\/rapports-daudit\\\/\",\"url\":\"https:\\\/\\\/kbbm.be\\\/certification-pefc\\\/rapports-daudit\\\/\",\"name\":\"Rapports d'audit - Soci\u00e9t\u00e9 Royale Foresti\u00e8re de Belgique\",\"isPartOf\":{\"@id\":\"https:\\\/\\\/kbbm.be\\\/en\\\/#website\"},\"primaryImageOfPage\":{\"@id\":\"https:\\\/\\\/kbbm.be\\\/certification-pefc\\\/rapports-daudit\\\/#primaryimage\"},\"image\":{\"@id\":\"https:\\\/\\\/kbbm.be\\\/certification-pefc\\\/rapports-daudit\\\/#primaryimage\"},\"thumbnailUrl\":\"https:\\\/\\\/srfb.be\\\/wp-content\\\/uploads\\\/2025\\\/12\\\/pefc-logo.png\",\"datePublished\":\"2025-12-11T11:04:58+00:00\",\"dateModified\":\"2025-12-11T11:10:05+00:00\",\"breadcrumb\":{\"@id\":\"https:\\\/\\\/kbbm.be\\\/certification-pefc\\\/rapports-daudit\\\/#breadcrumb\"},\"inLanguage\":\"de\",\"potentialAction\":[{\"@type\":\"ReadAction\",\"target\":[\"https:\\\/\\\/kbbm.be\\\/certification-pefc\\\/rapports-daudit\\\/\"]}]},{\"@type\":\"ImageObject\",\"inLanguage\":\"de\",\"@id\":\"https:\\\/\\\/kbbm.be\\\/certification-pefc\\\/rapports-daudit\\\/#primaryimage\",\"url\":\"https:\\\/\\\/srfb.be\\\/wp-content\\\/uploads\\\/2025\\\/12\\\/pefc-logo.png\",\"contentUrl\":\"https:\\\/\\\/srfb.be\\\/wp-content\\\/uploads\\\/2025\\\/12\\\/pefc-logo.png\"},{\"@type\":\"BreadcrumbList\",\"@id\":\"https:\\\/\\\/kbbm.be\\\/certification-pefc\\\/rapports-daudit\\\/#breadcrumb\",\"itemListElement\":[{\"@type\":\"ListItem\",\"position\":1,\"name\":\"Accueil\",\"item\":\"https:\\\/\\\/kbbm.be\\\/en\\\/\"},{\"@type\":\"ListItem\",\"position\":2,\"name\":\"Certification PEFC\",\"item\":\"https:\\\/\\\/kbbm.be\\\/certification-pefc\\\/\"},{\"@type\":\"ListItem\",\"position\":3,\"name\":\"Rapports d&rsquo;audit\"}]},{\"@type\":\"WebSite\",\"@id\":\"https:\\\/\\\/kbbm.be\\\/en\\\/#website\",\"url\":\"https:\\\/\\\/kbbm.be\\\/en\\\/\",\"name\":\"Soci\u00e9t\u00e9 Royale Foresti\u00e8re de Belgique\",\"description\":\"Au service de la for\u00eat et des forestiers\",\"publisher\":{\"@id\":\"https:\\\/\\\/kbbm.be\\\/en\\\/#organization\"},\"alternateName\":\"SRFB-KBBM\",\"potentialAction\":[{\"@type\":\"SearchAction\",\"target\":{\"@type\":\"EntryPoint\",\"urlTemplate\":\"https:\\\/\\\/kbbm.be\\\/en\\\/?s={search_term_string}\"},\"query-input\":{\"@type\":\"PropertyValueSpecification\",\"valueRequired\":true,\"valueName\":\"search_term_string\"}}],\"inLanguage\":\"de\"},{\"@type\":\"Organization\",\"@id\":\"https:\\\/\\\/kbbm.be\\\/en\\\/#organization\",\"name\":\"Soci\u00e9t\u00e9 Royale Foresti\u00e8re De Belgique - Koninklijke Belgische Bosbouwmaatschappij\",\"alternateName\":\"SRFB-KBBM\",\"url\":\"https:\\\/\\\/kbbm.be\\\/en\\\/\",\"logo\":{\"@type\":\"ImageObject\",\"inLanguage\":\"de\",\"@id\":\"https:\\\/\\\/kbbm.be\\\/en\\\/#\\\/schema\\\/logo\\\/image\\\/\",\"url\":\"https:\\\/\\\/srfb.be\\\/wp-content\\\/uploads\\\/2019\\\/06\\\/android-chrome-256x256.png\",\"contentUrl\":\"https:\\\/\\\/srfb.be\\\/wp-content\\\/uploads\\\/2019\\\/06\\\/android-chrome-256x256.png\",\"width\":1200,\"height\":1232,\"caption\":\"Soci\u00e9t\u00e9 Royale Foresti\u00e8re De Belgique - Koninklijke Belgische Bosbouwmaatschappij\"},\"image\":{\"@id\":\"https:\\\/\\\/kbbm.be\\\/en\\\/#\\\/schema\\\/logo\\\/image\\\/\"},\"sameAs\":[\"https:\\\/\\\/www.facebook.com\\\/srfb.be\",\"https:\\\/\\\/www.instagram.com\\\/srfb_kbbm\\\/\",\"https:\\\/\\\/www.linkedin.com\\\/company\\\/srfb-kbbm\\\/\",\"https:\\\/\\\/www.youtube.com\\\/user\\\/srfbkbbm\"]}]}<\/script>\n<!-- \/ Yoast SEO plugin. -->","yoast_head_json":{"title":"Auditberichte - K\u00f6nigliche Forstgesellschaft Belgiens","robots":{"index":"index","follow":"follow","max-snippet":"max-snippet:-1","max-image-preview":"max-image-preview:large","max-video-preview":"max-video-preview:-1"},"canonical":"https:\/\/kbbm.be\/certification-pefc\/rapports-daudit\/","og_locale":"de_DE","og_type":"article","og_title":"Rapports d'audit - Soci\u00e9t\u00e9 Royale Foresti\u00e8re de Belgique","og_description":"Retrouvez les rapports d&rsquo;audits PEFC des ann\u00e9es pr\u00e9c\u00e9dentes","og_url":"https:\/\/kbbm.be\/certification-pefc\/rapports-daudit\/","og_site_name":"Soci\u00e9t\u00e9 Royale Foresti\u00e8re de Belgique","article_publisher":"https:\/\/www.facebook.com\/srfb.be","article_modified_time":"2025-12-11T11:10:05+00:00","og_image":[{"url":"https:\/\/srfb.be\/wp-content\/uploads\/2025\/12\/pefc-logo.png","type":"","width":"","height":""}],"schema":{"@context":"https:\/\/schema.org","@graph":[{"@type":"WebPage","@id":"https:\/\/kbbm.be\/certification-pefc\/rapports-daudit\/","url":"https:\/\/kbbm.be\/certification-pefc\/rapports-daudit\/","name":"Auditberichte - K\u00f6nigliche Forstgesellschaft Belgiens","isPartOf":{"@id":"https:\/\/kbbm.be\/en\/#website"},"primaryImageOfPage":{"@id":"https:\/\/kbbm.be\/certification-pefc\/rapports-daudit\/#primaryimage"},"image":{"@id":"https:\/\/kbbm.be\/certification-pefc\/rapports-daudit\/#primaryimage"},"thumbnailUrl":"https:\/\/srfb.be\/wp-content\/uploads\/2025\/12\/pefc-logo.png","datePublished":"2025-12-11T11:04:58+00:00","dateModified":"2025-12-11T11:10:05+00:00","breadcrumb":{"@id":"https:\/\/kbbm.be\/certification-pefc\/rapports-daudit\/#breadcrumb"},"inLanguage":"de","potentialAction":[{"@type":"ReadAction","target":["https:\/\/kbbm.be\/certification-pefc\/rapports-daudit\/"]}]},{"@type":"ImageObject","inLanguage":"de","@id":"https:\/\/kbbm.be\/certification-pefc\/rapports-daudit\/#primaryimage","url":"https:\/\/srfb.be\/wp-content\/uploads\/2025\/12\/pefc-logo.png","contentUrl":"https:\/\/srfb.be\/wp-content\/uploads\/2025\/12\/pefc-logo.png"},{"@type":"BreadcrumbList","@id":"https:\/\/kbbm.be\/certification-pefc\/rapports-daudit\/#breadcrumb","itemListElement":[{"@type":"ListItem","position":1,"name":"Accueil","item":"https:\/\/kbbm.be\/en\/"},{"@type":"ListItem","position":2,"name":"Certification PEFC","item":"https:\/\/kbbm.be\/certification-pefc\/"},{"@type":"ListItem","position":3,"name":"Rapports d&rsquo;audit"}]},{"@type":"WebSite","@id":"https:\/\/kbbm.be\/en\/#website","url":"https:\/\/kbbm.be\/en\/","name":"K\u00f6nigliche Forstverein Belgiens","description":"Im Dienste des Waldes und der F\u00f6rster","publisher":{"@id":"https:\/\/kbbm.be\/en\/#organization"},"alternateName":"SRFB-KBBM","potentialAction":[{"@type":"SearchAction","target":{"@type":"EntryPoint","urlTemplate":"https:\/\/kbbm.be\/en\/?s={search_term_string}"},"query-input":{"@type":"PropertyValueSpecification","valueRequired":true,"valueName":"search_term_string"}}],"inLanguage":"de"},{"@type":"Organization","@id":"https:\/\/kbbm.be\/en\/#organization","name":"Soci\u00e9t\u00e9 Royale Foresti\u00e8re De Belgique - Koninklijke Belgische Bosbouwmaatschappij","alternateName":"SRFB-KBBM","url":"https:\/\/kbbm.be\/en\/","logo":{"@type":"ImageObject","inLanguage":"de","@id":"https:\/\/kbbm.be\/en\/#\/schema\/logo\/image\/","url":"https:\/\/srfb.be\/wp-content\/uploads\/2019\/06\/android-chrome-256x256.png","contentUrl":"https:\/\/srfb.be\/wp-content\/uploads\/2019\/06\/android-chrome-256x256.png","width":1200,"height":1232,"caption":"Soci\u00e9t\u00e9 Royale Foresti\u00e8re De Belgique - Koninklijke Belgische Bosbouwmaatschappij"},"image":{"@id":"https:\/\/kbbm.be\/en\/#\/schema\/logo\/image\/"},"sameAs":["https:\/\/www.facebook.com\/srfb.be","https:\/\/www.instagram.com\/srfb_kbbm\/","https:\/\/www.linkedin.com\/company\/srfb-kbbm\/","https:\/\/www.youtube.com\/user\/srfbkbbm"]}]}},"_links":{"self":[{"href":"https:\/\/srfb.be\/de\/wp-json\/wp\/v2\/pages\/39416","targetHints":{"allow":["GET"]}}],"collection":[{"href":"https:\/\/srfb.be\/de\/wp-json\/wp\/v2\/pages"}],"about":[{"href":"https:\/\/srfb.be\/de\/wp-json\/wp\/v2\/types\/page"}],"author":[{"embeddable":true,"href":"https:\/\/srfb.be\/de\/wp-json\/wp\/v2\/users\/18"}],"replies":[{"embeddable":true,"href":"https:\/\/srfb.be\/de\/wp-json\/wp\/v2\/comments?post=39416"}],"version-history":[{"count":0,"href":"https:\/\/srfb.be\/de\/wp-json\/wp\/v2\/pages\/39416\/revisions"}],"up":[{"embeddable":true,"href":"https:\/\/srfb.be\/de\/wp-json\/wp\/v2\/pages\/5890"}],"wp:attachment":[{"href":"https:\/\/srfb.be\/de\/wp-json\/wp\/v2\/media?parent=39416"}],"curies":[{"name":"wp","href":"https:\/\/api.w.org\/{rel}","templated":true}]}}