{"id":38424,"date":"2025-04-14T15:08:39","date_gmt":"2025-04-14T13:08:39","guid":{"rendered":"https:\/\/srfb.be\/?page_id=38424"},"modified":"2025-04-14T15:08:42","modified_gmt":"2025-04-14T13:08:42","slug":"lequipe-fordil","status":"publish","type":"page","link":"https:\/\/srfb.be\/de\/formations-et-activites\/nos-projets\/fordil\/lequipe-fordil\/","title":{"rendered":"Das ForDiL-Team"},"content":{"rendered":"<p>Die Partner des ForDiL-Projekts b\u00fcndeln Kompetenzen in den Bereichen Forstwirtschaft und P\u00e4dagogik auf europ\u00e4ischer Ebene durch Akteure aus Belgien (SRFB, Institut Technique Horticole, Centre de D\u00e9veloppement Agroforestier de Chimay), Frankreich (Institut de Genech und UFA Bavay) und Tschechien (Universit\u00e4t Mendelova).<\/p>\n\n\n\n<h2 class=\"wp-block-heading\">In Belgien<\/h2>\n\n\n\n<div class=\"wp-block-columns is-layout-flex wp-container-core-columns-is-layout-28f84493 wp-block-columns-is-layout-flex\">\n<div class=\"wp-block-column is-layout-flow wp-block-column-is-layout-flow\">\n<figure class=\"wp-block-image size-full\"><img loading=\"lazy\" decoding=\"async\" width=\"1024\" height=\"1024\" src=\"https:\/\/srfb.be\/wp-content\/uploads\/2025\/04\/the-ForDiL-team_Igor_comp.jpg\" alt=\"\" class=\"wp-image-38425\" srcset=\"https:\/\/srfb.be\/wp-content\/uploads\/2025\/04\/the-ForDiL-team_Igor_comp.jpg 1024w, https:\/\/srfb.be\/wp-content\/uploads\/2025\/04\/the-ForDiL-team_Igor_comp-300x300.jpg 300w, https:\/\/srfb.be\/wp-content\/uploads\/2025\/04\/the-ForDiL-team_Igor_comp-150x150.jpg 150w, https:\/\/srfb.be\/wp-content\/uploads\/2025\/04\/the-ForDiL-team_Igor_comp-12x12.jpg 12w, https:\/\/srfb.be\/wp-content\/uploads\/2025\/04\/the-ForDiL-team_Igor_comp-600x600.jpg 600w, https:\/\/srfb.be\/wp-content\/uploads\/2025\/04\/the-ForDiL-team_Igor_comp-100x100.jpg 100w\" sizes=\"auto, (max-width: 1024px) 100vw, 1024px\" \/><\/figure>\n<\/div>\n\n\n\n<div class=\"wp-block-column is-layout-flow wp-block-column-is-layout-flow\">\n<figure class=\"wp-block-image size-large\"><img loading=\"lazy\" decoding=\"async\" width=\"1024\" height=\"1024\" src=\"https:\/\/srfb.be\/wp-content\/uploads\/2025\/04\/In-the-ForDiL-team_Orane-1024x1024.png\" alt=\"\" class=\"wp-image-38426\" srcset=\"https:\/\/srfb.be\/wp-content\/uploads\/2025\/04\/In-the-ForDiL-team_Orane-1024x1024.png 1024w, https:\/\/srfb.be\/wp-content\/uploads\/2025\/04\/In-the-ForDiL-team_Orane-300x300.png 300w, https:\/\/srfb.be\/wp-content\/uploads\/2025\/04\/In-the-ForDiL-team_Orane-150x150.png 150w, https:\/\/srfb.be\/wp-content\/uploads\/2025\/04\/In-the-ForDiL-team_Orane-12x12.png 12w, https:\/\/srfb.be\/wp-content\/uploads\/2025\/04\/In-the-ForDiL-team_Orane-600x600.png 600w, https:\/\/srfb.be\/wp-content\/uploads\/2025\/04\/In-the-ForDiL-team_Orane-100x100.png 100w, https:\/\/srfb.be\/wp-content\/uploads\/2025\/04\/In-the-ForDiL-team_Orane.png 1080w\" sizes=\"auto, (max-width: 1024px) 100vw, 1024px\" \/><\/figure>\n<\/div>\n\n\n\n<div class=\"wp-block-column is-layout-flow wp-block-column-is-layout-flow\">\n<figure class=\"wp-block-image size-full\"><img loading=\"lazy\" decoding=\"async\" width=\"675\" height=\"675\" src=\"https:\/\/srfb.be\/wp-content\/uploads\/2025\/04\/the-ForDiL-team_Gregory.png\" alt=\"\" class=\"wp-image-38427\" srcset=\"https:\/\/srfb.be\/wp-content\/uploads\/2025\/04\/the-ForDiL-team_Gregory.png 675w, https:\/\/srfb.be\/wp-content\/uploads\/2025\/04\/the-ForDiL-team_Gregory-300x300.png 300w, https:\/\/srfb.be\/wp-content\/uploads\/2025\/04\/the-ForDiL-team_Gregory-150x150.png 150w, https:\/\/srfb.be\/wp-content\/uploads\/2025\/04\/the-ForDiL-team_Gregory-12x12.png 12w, https:\/\/srfb.be\/wp-content\/uploads\/2025\/04\/the-ForDiL-team_Gregory-600x600.png 600w, https:\/\/srfb.be\/wp-content\/uploads\/2025\/04\/the-ForDiL-team_Gregory-100x100.png 100w\" sizes=\"auto, (max-width: 675px) 100vw, 675px\" \/><\/figure>\n<\/div>\n<\/div>\n\n\n\n<div class=\"wp-block-columns is-layout-flex wp-container-core-columns-is-layout-28f84493 wp-block-columns-is-layout-flex\">\n<div class=\"wp-block-column is-layout-flow wp-block-column-is-layout-flow\">\n<p>Die <a href=\"https:\/\/srfb.be\/de\/uber\/daseinsberechtigung\/\" target=\"_blank\" rel=\"noreferrer noopener\">KFVN<\/a> ist federf\u00fchrend an diesem Erasmus+ Projekt beteiligt. Neben der allgemeinen Koordination ist sie auch an der wissenschaftlichen Synthesearbeit sowie an der Entwicklung der Marteloskope und Laborskope und der damit verbundenen zuk\u00fcnftigen digitalen Anwendung beteiligt.<\/p>\n<\/div>\n\n\n\n<div class=\"wp-block-column is-layout-flow wp-block-column-is-layout-flow\">\n<p>L\u2019<a href=\"http:\/\/www.ith-gembloux.be\/\" target=\"_blank\" rel=\"noreferrer noopener\">Technisches Institut f\u00fcr Gartenbau <\/a>de Gembloux spielt eine Schl\u00fcsselrolle in der p\u00e4dagogischen Dimension des Projekts. Dank ForDiL haben die Studierenden der ITH die einmalige Gelegenheit, sich mit dem SMCC-Ansatz vertraut zu machen und gleichzeitig ihre Sprach- und Fachkenntnisse zu erweitern.<\/p>\n<\/div>\n\n\n\n<div class=\"wp-block-column is-layout-flow wp-block-column-is-layout-flow\">\n<p>Die <a href=\"https:\/\/www.cdaf.be\/\" target=\"_blank\" rel=\"noreferrer noopener\">Agroforstwirtschaftliches Entwicklungszentrum<\/a> beteiligt sich aktiv auf verschiedenen Ebenen: Identifizierung von Marteloskopstandorten; Festlegung technischer Protokolle und Entwicklung von Datenbanken; Modellierung der Funktionsweise der Anwendung; technische Unterst\u00fctzung bei der Entwicklung und bei Feldversuchen.<\/p>\n<\/div>\n<\/div>\n\n\n\n<div class=\"wp-block-columns is-layout-flex wp-container-core-columns-is-layout-28f84493 wp-block-columns-is-layout-flex\">\n<div class=\"wp-block-column is-layout-flow wp-block-column-is-layout-flow\">\n<div class=\"wp-block-buttons is-content-justification-center is-layout-flex wp-container-core-buttons-is-layout-a89b3969 wp-block-buttons-is-layout-flex\">\n<div class=\"wp-block-button\"><a class=\"wp-block-button__link wp-element-button\" href=\"https:\/\/epale.ec.europa.eu\/en\/blog\/fordil-team-interview-igor-blervaque\" target=\"_blank\" rel=\"noreferrer noopener\">Mehr erfahren<\/a><\/div>\n<\/div>\n<\/div>\n\n\n\n<div class=\"wp-block-column is-layout-flow wp-block-column-is-layout-flow\">\n<div class=\"wp-block-buttons is-content-justification-center is-layout-flex wp-container-core-buttons-is-layout-a89b3969 wp-block-buttons-is-layout-flex\">\n<div class=\"wp-block-button\"><a class=\"wp-block-button__link wp-element-button\" href=\"https:\/\/epale.ec.europa.eu\/en\/blog\/fordil-team-interview-orane-bienfait\" target=\"_blank\" rel=\"noreferrer noopener\">Mehr erfahren<\/a><\/div>\n<\/div>\n<\/div>\n\n\n\n<div class=\"wp-block-column is-layout-flow wp-block-column-is-layout-flow\">\n<div class=\"wp-block-buttons is-content-justification-center is-layout-flex wp-container-core-buttons-is-layout-a89b3969 wp-block-buttons-is-layout-flex\">\n<div class=\"wp-block-button\"><a class=\"wp-block-button__link wp-element-button\" href=\"https:\/\/epale.ec.europa.eu\/en\/blog\/fordil-team-interview-gregory-timal\" target=\"_blank\" rel=\"noreferrer noopener\">Mehr erfahren<\/a><\/div>\n<\/div>\n<\/div>\n<\/div>\n\n\n\n<h2 class=\"wp-block-heading\">In Frankreich<\/h2>\n\n\n\n<div class=\"wp-block-columns is-layout-flex wp-container-core-columns-is-layout-28f84493 wp-block-columns-is-layout-flex\">\n<div class=\"wp-block-column is-layout-flow wp-block-column-is-layout-flow\" style=\"flex-basis:25%\">\n<figure class=\"wp-block-image size-full\"><img loading=\"lazy\" decoding=\"async\" width=\"512\" height=\"342\" src=\"https:\/\/srfb.be\/wp-content\/uploads\/2025\/04\/logo_lycee_pro_bavay.jpg\" alt=\"\" class=\"wp-image-38429\" srcset=\"https:\/\/srfb.be\/wp-content\/uploads\/2025\/04\/logo_lycee_pro_bavay.jpg 512w, https:\/\/srfb.be\/wp-content\/uploads\/2025\/04\/logo_lycee_pro_bavay-300x200.jpg 300w, https:\/\/srfb.be\/wp-content\/uploads\/2025\/04\/logo_lycee_pro_bavay-18x12.jpg 18w\" sizes=\"auto, (max-width: 512px) 100vw, 512px\" \/><\/figure>\n<\/div>\n\n\n\n<div class=\"wp-block-column is-layout-flow wp-block-column-is-layout-flow\" style=\"flex-basis:50%\">\n<p>Die franz\u00f6sische Partnerschaft wird von der UFA de Bavay unterst\u00fctzt, die dem\u2019<a href=\"https:\/\/www.institutdegenech.fr\/fr\/accueil\/\" target=\"_blank\" rel=\"noreferrer noopener\">Institut de Genech<\/a>. Dieses Gymnasium und die Berufsschule bieten Lehrg\u00e4nge in den Bereichen Forstwirtschaft, Umwelttechnik, Landschaftsgestaltung, personenbezogene Dienstleistungen und Regionalentwicklung an. Die UFA beteiligt sich aktiv an den p\u00e4dagogischen Aktivit\u00e4ten im Rahmen des ForDiL-Projekts.<\/p>\n<\/div>\n\n\n\n<div class=\"wp-block-column is-layout-flow wp-block-column-is-layout-flow\" style=\"flex-basis:25%\">\n<figure class=\"wp-block-image size-full\"><img loading=\"lazy\" decoding=\"async\" width=\"849\" height=\"423\" src=\"https:\/\/srfb.be\/wp-content\/uploads\/2024\/03\/Institut_Genech.png\" alt=\"\" class=\"wp-image-35797\" srcset=\"https:\/\/srfb.be\/wp-content\/uploads\/2024\/03\/Institut_Genech.png 849w, https:\/\/srfb.be\/wp-content\/uploads\/2024\/03\/Institut_Genech-300x149.png 300w, https:\/\/srfb.be\/wp-content\/uploads\/2024\/03\/Institut_Genech-18x9.png 18w, https:\/\/srfb.be\/wp-content\/uploads\/2024\/03\/Institut_Genech-600x299.png 600w\" sizes=\"auto, (max-width: 849px) 100vw, 849px\" \/><\/figure>\n<\/div>\n<\/div>\n\n\n\n<div class=\"wp-block-buttons is-content-justification-center is-layout-flex wp-container-core-buttons-is-layout-a89b3969 wp-block-buttons-is-layout-flex\">\n<div class=\"wp-block-button\"><a class=\"wp-block-button__link wp-element-button\" href=\"https:\/\/www.lyceedebavay.fr\/\" target=\"_blank\" rel=\"noreferrer noopener\">Mehr erfahren<\/a><\/div>\n<\/div>\n\n\n\n<h2 class=\"wp-block-heading\">In der Tschechischen Republik<\/h2>\n\n\n\n<div class=\"wp-block-columns is-layout-flex wp-container-core-columns-is-layout-28f84493 wp-block-columns-is-layout-flex\">\n<div class=\"wp-block-column is-layout-flow wp-block-column-is-layout-flow\" style=\"flex-basis:33.33%\">\n<figure class=\"wp-block-image size-large\"><img loading=\"lazy\" decoding=\"async\" width=\"1024\" height=\"438\" src=\"https:\/\/srfb.be\/wp-content\/uploads\/2024\/03\/Mendelu-1024x438.png\" alt=\"\" class=\"wp-image-35799\" srcset=\"https:\/\/srfb.be\/wp-content\/uploads\/2024\/03\/Mendelu-1024x438.png 1024w, https:\/\/srfb.be\/wp-content\/uploads\/2024\/03\/Mendelu-300x128.png 300w, https:\/\/srfb.be\/wp-content\/uploads\/2024\/03\/Mendelu-18x8.png 18w, https:\/\/srfb.be\/wp-content\/uploads\/2024\/03\/Mendelu-600x257.png 600w, https:\/\/srfb.be\/wp-content\/uploads\/2024\/03\/Mendelu.png 1619w\" sizes=\"auto, (max-width: 1024px) 100vw, 1024px\" \/><\/figure>\n<\/div>\n\n\n\n<div class=\"wp-block-column is-layout-flow wp-block-column-is-layout-flow\" style=\"flex-basis:66.66%\">\n<p class=\"translation-block\">Die <a>Mendel-Universit\u00e4t Br\u00fcnn <\/a>(MENDELU) wurde 1919 gegr\u00fcndet und ist die \u00e4lteste Fachhochschule in der Tschechischen Republik. Sie wurde nach Gregor Johann Mendel, dem Vater der modernen Genetik, benannt, der seine ber\u00fchmten Experimente in Br\u00fcnn durchf\u00fchrte.<br> MENDELU besteht aus f\u00fcnf Fakult\u00e4ten und einem Institut, von denen die Fakult\u00e4t f\u00fcr Forstwirtschaft und Holztechnologie speziell in das ForDiL-Projekt eingebunden ist, insbesondere in Bezug auf alle Aspekte der Entwicklung der digitalen Anwendung und die Organisation von Austauschma\u00dfnahmen mit belgischen und franz\u00f6sischen Studenten.<\/p>\n<\/div>\n<\/div>\n\n\n\n<div class=\"wp-block-buttons is-content-justification-center is-layout-flex wp-container-core-buttons-is-layout-a89b3969 wp-block-buttons-is-layout-flex\">\n<div class=\"wp-block-button\"><a class=\"wp-block-button__link wp-element-button\" href=\"https:\/\/www.mendelu.cz\/\" target=\"_blank\" rel=\"noreferrer noopener\">Mehr erfahren<\/a><\/div>\n<\/div>\n\n\n\n<p><\/p>","protected":false},"excerpt":{"rendered":"<p>Les partenaires du projet ForDiL rassemblent des comp\u00e9tences en mati\u00e8re de gestion foresti\u00e8re et de p\u00e9dagogie au niveau europ\u00e9en \u00e0 travers des acteurs belges (SRFB, Institut Technique Horticole, Centre de D\u00e9veloppement Agroforestier de Chimay), fran\u00e7ais (Institut de Genech et UFA Bavay) et tch\u00e8ques (Universit\u00e9 de Mendelova). En Belgique La SRFB est cheffe de file de&#8230; <\/p>\n<div class=\"clear\"><\/div>\n<p><a href=\"https:\/\/srfb.be\/de\/formations-et-activites\/nos-projets\/fordil\/lequipe-fordil\/\" class=\"excerpt-read-more\">Read More<\/a><\/p>","protected":false},"author":21,"featured_media":38423,"parent":35676,"menu_order":0,"comment_status":"closed","ping_status":"closed","template":"","meta":{"iawp_total_views":32,"footnotes":""},"class_list":["post-38424","page","type-page","status-publish","has-post-thumbnail","hentry"],"yoast_head":"<!-- This site is optimized with the Yoast SEO plugin v27.3 - https:\/\/yoast.com\/product\/yoast-seo-wordpress\/ -->\n<title>L&#039;\u00e9quipe ForDiL - Soci\u00e9t\u00e9 Royale Foresti\u00e8re de Belgique<\/title>\n<meta name=\"robots\" content=\"index, follow, max-snippet:-1, max-image-preview:large, max-video-preview:-1\" \/>\n<link rel=\"canonical\" href=\"https:\/\/srfb.be\/de\/schulungen-und-aktivitaten\/unsere-projekte\/fordil\/lequipe-fordil\/\" \/>\n<meta property=\"og:locale\" content=\"de_DE\" \/>\n<meta property=\"og:type\" content=\"article\" \/>\n<meta property=\"og:title\" content=\"L&#039;\u00e9quipe ForDiL - Soci\u00e9t\u00e9 Royale Foresti\u00e8re de Belgique\" \/>\n<meta property=\"og:description\" content=\"Les partenaires du projet ForDiL rassemblent des comp\u00e9tences en mati\u00e8re de gestion foresti\u00e8re et de p\u00e9dagogie au niveau europ\u00e9en \u00e0 travers des acteurs belges (SRFB, Institut Technique Horticole, Centre de D\u00e9veloppement Agroforestier de Chimay), fran\u00e7ais (Institut de Genech et UFA Bavay) et tch\u00e8ques (Universit\u00e9 de Mendelova). En Belgique La SRFB est cheffe de file de... Read More\" \/>\n<meta property=\"og:url\" content=\"https:\/\/srfb.be\/de\/schulungen-und-aktivitaten\/unsere-projekte\/fordil\/lequipe-fordil\/\" \/>\n<meta property=\"og:site_name\" content=\"Soci\u00e9t\u00e9 Royale Foresti\u00e8re de Belgique\" \/>\n<meta property=\"article:publisher\" content=\"https:\/\/www.facebook.com\/srfb.be\" \/>\n<meta property=\"article:modified_time\" content=\"2025-04-14T13:08:42+00:00\" \/>\n<meta property=\"og:image\" content=\"https:\/\/srfb.be\/wp-content\/uploads\/2025\/04\/Timeline_team.png\" \/>\n\t<meta property=\"og:image:width\" content=\"588\" \/>\n\t<meta property=\"og:image:height\" content=\"493\" \/>\n\t<meta property=\"og:image:type\" content=\"image\/png\" \/>\n<script type=\"application\/ld+json\" class=\"yoast-schema-graph\">{\"@context\":\"https:\\\/\\\/schema.org\",\"@graph\":[{\"@type\":\"WebPage\",\"@id\":\"https:\\\/\\\/srfb.be\\\/de\\\/schulungen-und-aktivitaten\\\/unsere-projekte\\\/fordil\\\/lequipe-fordil\\\/\",\"url\":\"https:\\\/\\\/srfb.be\\\/de\\\/schulungen-und-aktivitaten\\\/unsere-projekte\\\/fordil\\\/lequipe-fordil\\\/\",\"name\":\"L'\u00e9quipe ForDiL - Soci\u00e9t\u00e9 Royale Foresti\u00e8re de Belgique\",\"isPartOf\":{\"@id\":\"https:\\\/\\\/kbbm.be\\\/de\\\/#website\"},\"primaryImageOfPage\":{\"@id\":\"https:\\\/\\\/srfb.be\\\/de\\\/schulungen-und-aktivitaten\\\/unsere-projekte\\\/fordil\\\/lequipe-fordil\\\/#primaryimage\"},\"image\":{\"@id\":\"https:\\\/\\\/srfb.be\\\/de\\\/schulungen-und-aktivitaten\\\/unsere-projekte\\\/fordil\\\/lequipe-fordil\\\/#primaryimage\"},\"thumbnailUrl\":\"https:\\\/\\\/srfb.be\\\/wp-content\\\/uploads\\\/2025\\\/04\\\/Timeline_team.png\",\"datePublished\":\"2025-04-14T13:08:39+00:00\",\"dateModified\":\"2025-04-14T13:08:42+00:00\",\"breadcrumb\":{\"@id\":\"https:\\\/\\\/srfb.be\\\/de\\\/schulungen-und-aktivitaten\\\/unsere-projekte\\\/fordil\\\/lequipe-fordil\\\/#breadcrumb\"},\"inLanguage\":\"de\",\"potentialAction\":[{\"@type\":\"ReadAction\",\"target\":[\"https:\\\/\\\/srfb.be\\\/de\\\/schulungen-und-aktivitaten\\\/unsere-projekte\\\/fordil\\\/lequipe-fordil\\\/\"]}]},{\"@type\":\"ImageObject\",\"inLanguage\":\"de\",\"@id\":\"https:\\\/\\\/srfb.be\\\/de\\\/schulungen-und-aktivitaten\\\/unsere-projekte\\\/fordil\\\/lequipe-fordil\\\/#primaryimage\",\"url\":\"https:\\\/\\\/srfb.be\\\/wp-content\\\/uploads\\\/2025\\\/04\\\/Timeline_team.png\",\"contentUrl\":\"https:\\\/\\\/srfb.be\\\/wp-content\\\/uploads\\\/2025\\\/04\\\/Timeline_team.png\",\"width\":588,\"height\":493},{\"@type\":\"BreadcrumbList\",\"@id\":\"https:\\\/\\\/srfb.be\\\/de\\\/schulungen-und-aktivitaten\\\/unsere-projekte\\\/fordil\\\/lequipe-fordil\\\/#breadcrumb\",\"itemListElement\":[{\"@type\":\"ListItem\",\"position\":1,\"name\":\"Accueil\",\"item\":\"https:\\\/\\\/kbbm.be\\\/de\\\/\"},{\"@type\":\"ListItem\",\"position\":2,\"name\":\"Formations et activit\u00e9s\",\"item\":\"https:\\\/\\\/kbbm.be\\\/nl\\\/opleidingen-en-activiteiten\\\/\"},{\"@type\":\"ListItem\",\"position\":3,\"name\":\"Nos projets\",\"item\":\"https:\\\/\\\/kbbm.be\\\/nl\\\/opleidingen-en-activiteiten\\\/ons-projecten\\\/\"},{\"@type\":\"ListItem\",\"position\":4,\"name\":\"ForDiL\",\"item\":\"https:\\\/\\\/kbbm.be\\\/nl\\\/formations-et-activites\\\/nos-projets\\\/fordil\\\/\"},{\"@type\":\"ListItem\",\"position\":5,\"name\":\"L&rsquo;\u00e9quipe ForDiL\"}]},{\"@type\":\"WebSite\",\"@id\":\"https:\\\/\\\/kbbm.be\\\/de\\\/#website\",\"url\":\"https:\\\/\\\/kbbm.be\\\/de\\\/\",\"name\":\"Soci\u00e9t\u00e9 Royale Foresti\u00e8re de Belgique\",\"description\":\"Au service de la for\u00eat et des forestiers\",\"publisher\":{\"@id\":\"https:\\\/\\\/kbbm.be\\\/de\\\/#organization\"},\"alternateName\":\"SRFB-KBBM\",\"potentialAction\":[{\"@type\":\"SearchAction\",\"target\":{\"@type\":\"EntryPoint\",\"urlTemplate\":\"https:\\\/\\\/kbbm.be\\\/de\\\/?s={search_term_string}\"},\"query-input\":{\"@type\":\"PropertyValueSpecification\",\"valueRequired\":true,\"valueName\":\"search_term_string\"}}],\"inLanguage\":\"de\"},{\"@type\":\"Organization\",\"@id\":\"https:\\\/\\\/kbbm.be\\\/de\\\/#organization\",\"name\":\"Soci\u00e9t\u00e9 Royale Foresti\u00e8re De Belgique - Koninklijke Belgische Bosbouwmaatschappij\",\"alternateName\":\"SRFB-KBBM\",\"url\":\"https:\\\/\\\/kbbm.be\\\/de\\\/\",\"logo\":{\"@type\":\"ImageObject\",\"inLanguage\":\"de\",\"@id\":\"https:\\\/\\\/kbbm.be\\\/de\\\/#\\\/schema\\\/logo\\\/image\\\/\",\"url\":\"https:\\\/\\\/srfb.be\\\/wp-content\\\/uploads\\\/2019\\\/06\\\/android-chrome-256x256.png\",\"contentUrl\":\"https:\\\/\\\/srfb.be\\\/wp-content\\\/uploads\\\/2019\\\/06\\\/android-chrome-256x256.png\",\"width\":1200,\"height\":1232,\"caption\":\"Soci\u00e9t\u00e9 Royale Foresti\u00e8re De Belgique - Koninklijke Belgische Bosbouwmaatschappij\"},\"image\":{\"@id\":\"https:\\\/\\\/kbbm.be\\\/de\\\/#\\\/schema\\\/logo\\\/image\\\/\"},\"sameAs\":[\"https:\\\/\\\/www.facebook.com\\\/srfb.be\",\"https:\\\/\\\/www.instagram.com\\\/srfb_kbbm\\\/\",\"https:\\\/\\\/www.linkedin.com\\\/company\\\/srfb-kbbm\\\/\",\"https:\\\/\\\/www.youtube.com\\\/user\\\/srfbkbbm\"]}]}<\/script>\n<!-- \/ Yoast SEO plugin. -->","yoast_head_json":{"title":"Das ForDiL-Team - K\u00f6niglich Belgische Forstgesellschaft","robots":{"index":"index","follow":"follow","max-snippet":"max-snippet:-1","max-image-preview":"max-image-preview:large","max-video-preview":"max-video-preview:-1"},"canonical":"https:\/\/srfb.be\/de\/schulungen-und-aktivitaten\/unsere-projekte\/fordil\/lequipe-fordil\/","og_locale":"de_DE","og_type":"article","og_title":"L'\u00e9quipe ForDiL - Soci\u00e9t\u00e9 Royale Foresti\u00e8re de Belgique","og_description":"Les partenaires du projet ForDiL rassemblent des comp\u00e9tences en mati\u00e8re de gestion foresti\u00e8re et de p\u00e9dagogie au niveau europ\u00e9en \u00e0 travers des acteurs belges (SRFB, Institut Technique Horticole, Centre de D\u00e9veloppement Agroforestier de Chimay), fran\u00e7ais (Institut de Genech et UFA Bavay) et tch\u00e8ques (Universit\u00e9 de Mendelova). En Belgique La SRFB est cheffe de file de... Read More","og_url":"https:\/\/srfb.be\/de\/schulungen-und-aktivitaten\/unsere-projekte\/fordil\/lequipe-fordil\/","og_site_name":"Soci\u00e9t\u00e9 Royale Foresti\u00e8re de Belgique","article_publisher":"https:\/\/www.facebook.com\/srfb.be","article_modified_time":"2025-04-14T13:08:42+00:00","og_image":[{"width":588,"height":493,"url":"https:\/\/srfb.be\/wp-content\/uploads\/2025\/04\/Timeline_team.png","type":"image\/png"}],"schema":{"@context":"https:\/\/schema.org","@graph":[{"@type":"WebPage","@id":"https:\/\/srfb.be\/de\/schulungen-und-aktivitaten\/unsere-projekte\/fordil\/lequipe-fordil\/","url":"https:\/\/srfb.be\/de\/schulungen-und-aktivitaten\/unsere-projekte\/fordil\/lequipe-fordil\/","name":"Das ForDiL-Team - K\u00f6niglich Belgische Forstgesellschaft","isPartOf":{"@id":"https:\/\/kbbm.be\/de\/#website"},"primaryImageOfPage":{"@id":"https:\/\/srfb.be\/de\/schulungen-und-aktivitaten\/unsere-projekte\/fordil\/lequipe-fordil\/#primaryimage"},"image":{"@id":"https:\/\/srfb.be\/de\/schulungen-und-aktivitaten\/unsere-projekte\/fordil\/lequipe-fordil\/#primaryimage"},"thumbnailUrl":"https:\/\/srfb.be\/wp-content\/uploads\/2025\/04\/Timeline_team.png","datePublished":"2025-04-14T13:08:39+00:00","dateModified":"2025-04-14T13:08:42+00:00","breadcrumb":{"@id":"https:\/\/srfb.be\/de\/schulungen-und-aktivitaten\/unsere-projekte\/fordil\/lequipe-fordil\/#breadcrumb"},"inLanguage":"de","potentialAction":[{"@type":"ReadAction","target":["https:\/\/srfb.be\/de\/schulungen-und-aktivitaten\/unsere-projekte\/fordil\/lequipe-fordil\/"]}]},{"@type":"ImageObject","inLanguage":"de","@id":"https:\/\/srfb.be\/de\/schulungen-und-aktivitaten\/unsere-projekte\/fordil\/lequipe-fordil\/#primaryimage","url":"https:\/\/srfb.be\/wp-content\/uploads\/2025\/04\/Timeline_team.png","contentUrl":"https:\/\/srfb.be\/wp-content\/uploads\/2025\/04\/Timeline_team.png","width":588,"height":493},{"@type":"BreadcrumbList","@id":"https:\/\/srfb.be\/de\/schulungen-und-aktivitaten\/unsere-projekte\/fordil\/lequipe-fordil\/#breadcrumb","itemListElement":[{"@type":"ListItem","position":1,"name":"Accueil","item":"https:\/\/kbbm.be\/de\/"},{"@type":"ListItem","position":2,"name":"Formations et activit\u00e9s","item":"https:\/\/kbbm.be\/nl\/opleidingen-en-activiteiten\/"},{"@type":"ListItem","position":3,"name":"Nos projets","item":"https:\/\/kbbm.be\/nl\/opleidingen-en-activiteiten\/ons-projecten\/"},{"@type":"ListItem","position":4,"name":"ForDiL","item":"https:\/\/kbbm.be\/nl\/formations-et-activites\/nos-projets\/fordil\/"},{"@type":"ListItem","position":5,"name":"L&rsquo;\u00e9quipe ForDiL"}]},{"@type":"WebSite","@id":"https:\/\/kbbm.be\/de\/#website","url":"https:\/\/kbbm.be\/de\/","name":"K\u00f6nigliche Forstverein Belgiens","description":"Im Dienste des Waldes und der F\u00f6rster","publisher":{"@id":"https:\/\/kbbm.be\/de\/#organization"},"alternateName":"SRFB-KBBM","potentialAction":[{"@type":"SearchAction","target":{"@type":"EntryPoint","urlTemplate":"https:\/\/kbbm.be\/de\/?s={search_term_string}"},"query-input":{"@type":"PropertyValueSpecification","valueRequired":true,"valueName":"search_term_string"}}],"inLanguage":"de"},{"@type":"Organization","@id":"https:\/\/kbbm.be\/de\/#organization","name":"Soci\u00e9t\u00e9 Royale Foresti\u00e8re De Belgique - Koninklijke Belgische Bosbouwmaatschappij","alternateName":"SRFB-KBBM","url":"https:\/\/kbbm.be\/de\/","logo":{"@type":"ImageObject","inLanguage":"de","@id":"https:\/\/kbbm.be\/de\/#\/schema\/logo\/image\/","url":"https:\/\/srfb.be\/wp-content\/uploads\/2019\/06\/android-chrome-256x256.png","contentUrl":"https:\/\/srfb.be\/wp-content\/uploads\/2019\/06\/android-chrome-256x256.png","width":1200,"height":1232,"caption":"Soci\u00e9t\u00e9 Royale Foresti\u00e8re De Belgique - Koninklijke Belgische Bosbouwmaatschappij"},"image":{"@id":"https:\/\/kbbm.be\/de\/#\/schema\/logo\/image\/"},"sameAs":["https:\/\/www.facebook.com\/srfb.be","https:\/\/www.instagram.com\/srfb_kbbm\/","https:\/\/www.linkedin.com\/company\/srfb-kbbm\/","https:\/\/www.youtube.com\/user\/srfbkbbm"]}]}},"_links":{"self":[{"href":"https:\/\/srfb.be\/de\/wp-json\/wp\/v2\/pages\/38424","targetHints":{"allow":["GET"]}}],"collection":[{"href":"https:\/\/srfb.be\/de\/wp-json\/wp\/v2\/pages"}],"about":[{"href":"https:\/\/srfb.be\/de\/wp-json\/wp\/v2\/types\/page"}],"author":[{"embeddable":true,"href":"https:\/\/srfb.be\/de\/wp-json\/wp\/v2\/users\/21"}],"replies":[{"embeddable":true,"href":"https:\/\/srfb.be\/de\/wp-json\/wp\/v2\/comments?post=38424"}],"version-history":[{"count":0,"href":"https:\/\/srfb.be\/de\/wp-json\/wp\/v2\/pages\/38424\/revisions"}],"up":[{"embeddable":true,"href":"https:\/\/srfb.be\/de\/wp-json\/wp\/v2\/pages\/35676"}],"wp:featuredmedia":[{"embeddable":true,"href":"https:\/\/srfb.be\/de\/wp-json\/wp\/v2\/media\/38423"}],"wp:attachment":[{"href":"https:\/\/srfb.be\/de\/wp-json\/wp\/v2\/media?parent=38424"}],"curies":[{"name":"wp","href":"https:\/\/api.w.org\/{rel}","templated":true}]}}