{"id":38345,"date":"2025-04-14T16:18:47","date_gmt":"2025-04-14T14:18:47","guid":{"rendered":"https:\/\/srfb.be\/?page_id=38345"},"modified":"2025-04-14T16:18:50","modified_gmt":"2025-04-14T14:18:50","slug":"premiere-rencontre-internationale-du-projet-fordil-un-lancement-prometteur","status":"publish","type":"page","link":"https:\/\/srfb.be\/de\/formations-et-activites\/nos-projets\/fordil\/premiere-rencontre-internationale-du-projet-fordil-un-lancement-prometteur\/","title":{"rendered":"Erstes internationales Treffen des ForDiL-Projekts: ein vielversprechender Start!"},"content":{"rendered":"<div class=\"wp-block-columns is-layout-flex wp-container-core-columns-is-layout-28f84493 wp-block-columns-is-layout-flex\">\n<div class=\"wp-block-column is-layout-flow wp-block-column-is-layout-flow\" style=\"flex-basis:33.33%\">\n<figure class=\"wp-block-image aligncenter size-full is-resized\"><img loading=\"lazy\" decoding=\"async\" width=\"899\" height=\"946\" src=\"https:\/\/srfb.be\/wp-content\/uploads\/2024\/03\/EN_co_fundedvertical_RGB_POS.png\" alt=\"\" class=\"wp-image-35792\" style=\"width:183px;height:auto\" srcset=\"https:\/\/srfb.be\/wp-content\/uploads\/2024\/03\/EN_co_fundedvertical_RGB_POS.png 899w, https:\/\/srfb.be\/wp-content\/uploads\/2024\/03\/EN_co_fundedvertical_RGB_POS-285x300.png 285w, https:\/\/srfb.be\/wp-content\/uploads\/2024\/03\/EN_co_fundedvertical_RGB_POS-11x12.png 11w, https:\/\/srfb.be\/wp-content\/uploads\/2024\/03\/EN_co_fundedvertical_RGB_POS-600x631.png 600w\" sizes=\"auto, (max-width: 899px) 100vw, 899px\" \/><\/figure>\n<\/div>\n\n\n\n<div class=\"wp-block-column is-layout-flow wp-block-column-is-layout-flow\" style=\"flex-basis:66.66%\">\n<p><\/p>\n\n\n\n<p>Dieses erste Treffen markiert den offiziellen Start des Projekts, das durch das Programm Erasmus+ gef\u00f6rdert wird. Das ehrgeizige Projekt soll das selbstst\u00e4ndige Erlernen der Forstwirtschaft mit durchgehender Abdeckung (SMCC) mithilfe innovativer digitaler Werkzeuge f\u00f6rdern.<\/p>\n\n\n\n<p class=\"translation-block\">Die Projektpartner - SRFB (Belgien), <a href=\"https:\/\/mendelu.cz\/en\/\" target=\"_blank\" rel=\"noreferrer noopener\">Mendel University<\/a> (Tschechische Republik), Institut Genech (Frankreich), Institut Technique Horticole de Gembloux (Belgien) und Centre de D\u00e9veloppement Agroforestier de Chimay (Belgien) - trafen sich zu einem ersten internationalen Treffen.<\/p>\n<\/div>\n<\/div>\n\n\n\n<hr class=\"wp-block-separator has-text-color has-cyan-bluish-gray-color has-alpha-channel-opacity has-cyan-bluish-gray-background-color has-background\"\/>\n\n\n\n<figure class=\"wp-block-image size-large\"><img loading=\"lazy\" decoding=\"async\" width=\"1024\" height=\"167\" src=\"https:\/\/srfb.be\/wp-content\/uploads\/2024\/03\/Partenaires-1024x167.png\" alt=\"\" class=\"wp-image-35800\" srcset=\"https:\/\/srfb.be\/wp-content\/uploads\/2024\/03\/Partenaires-1024x167.png 1024w, https:\/\/srfb.be\/wp-content\/uploads\/2024\/03\/Partenaires-300x49.png 300w, https:\/\/srfb.be\/wp-content\/uploads\/2024\/03\/Partenaires-18x3.png 18w, https:\/\/srfb.be\/wp-content\/uploads\/2024\/03\/Partenaires-600x98.png 600w, https:\/\/srfb.be\/wp-content\/uploads\/2024\/03\/Partenaires.png 1262w\" sizes=\"auto, (max-width: 1024px) 100vw, 1024px\" \/><\/figure>\n\n\n\n<hr class=\"wp-block-separator has-text-color has-cyan-bluish-gray-color has-alpha-channel-opacity has-cyan-bluish-gray-background-color has-background\"\/>\n\n\n\n<p>Dieser Schl\u00fcsselmoment erm\u00f6glichte es den Teams, sich besser kennenzulernen, sowohl auf menschlicher als auch auf institutioneller Ebene. Es ging auch darum, die gemeinsame Vision des Projekts zu pr\u00e4zisieren und einen klaren Rahmen f\u00fcr die Arbeit an den verschiedenen Aspekten von ForDiL zu schaffen:<\/p>\n\n\n\n<ul class=\"wp-block-list\">\n<li>Die wichtigsten Meilensteine des Projekts und die Verteilung der Beitr\u00e4ge der einzelnen Partner.<\/li>\n\n\n\n<li>Die zu entwickelnde Infrastruktur und Lehrmittel, einschlie\u00dflich Marteloskope, Laborskope und eine digitale Anwendung, die der SMCC gewidmet ist.<\/li>\n\n\n\n<li>Der p\u00e4dagogische Ansatz mit einem bereichernden Austausch zwischen den beteiligten Bildungseinrichtungen.<\/li>\n<\/ul>\n\n\n\n<h2 class=\"wp-block-heading\">ForDiL nimmt seine Identit\u00e4t an!<\/h2>\n\n\n\n<p>Dieses erste Treffen war auch von einer symbolischen Entscheidung gepr\u00e4gt: der Wahl des Projektnamens, des Logos und der Baseline. Kurz nach diesem Treffen wurde ForDiL f\u00fcr Forest Digital Learning offiziell ins Leben gerufen, mit einer klaren visuellen Identit\u00e4t, die seine Ambitionen widerspiegelt.<\/p>\n\n\n\n<figure class=\"wp-block-image aligncenter size-full is-resized\"><img loading=\"lazy\" decoding=\"async\" width=\"480\" height=\"410\" src=\"https:\/\/srfb.be\/wp-content\/uploads\/2024\/03\/FORDIL2.png\" alt=\"\" class=\"wp-image-35663\" style=\"width:314px;height:auto\" srcset=\"https:\/\/srfb.be\/wp-content\/uploads\/2024\/03\/FORDIL2.png 480w, https:\/\/srfb.be\/wp-content\/uploads\/2024\/03\/FORDIL2-300x256.png 300w, https:\/\/srfb.be\/wp-content\/uploads\/2024\/03\/FORDIL2-14x12.png 14w\" sizes=\"auto, (max-width: 480px) 100vw, 480px\" \/><\/figure>\n\n\n\n<h2 class=\"wp-block-heading\">Ein kollektives Projekt f\u00fcr einen widerstandsf\u00e4higeren Wald<\/h2>\n\n\n\n<p>Alle Partner gehen motiviert an den Start, um ForDiL zu verwirklichen und Forstmanagern und -studenten Lernmittel anzubieten, die auf die aktuellen und zuk\u00fcnftigen Herausforderungen zugeschnitten sind. Alles ist an Ort und Stelle... los geht's!<br><\/p>","protected":false},"excerpt":{"rendered":"<p>Cette premi\u00e8re rencontre marque le lancement officiel du projet, soutenu par le programme Erasmus+. Ce projet ambitieux vise \u00e0 promouvoir l\u2019apprentissage de la sylviculture en couvert continu (SMCC) en autonomie gr\u00e2ce \u00e0 des outils num\u00e9riques innovants. Les partenaires du projet \u2013 SRFB (Belgique), Mendel University (R\u00e9publique Tch\u00e8que), Institut Genech (France), Institut Technique Horticole de Gembloux&#8230; <\/p>\n<div class=\"clear\"><\/div>\n<p><a href=\"https:\/\/srfb.be\/de\/formations-et-activites\/nos-projets\/fordil\/premiere-rencontre-internationale-du-projet-fordil-un-lancement-prometteur\/\" class=\"excerpt-read-more\">Read More<\/a><\/p>","protected":false},"author":21,"featured_media":0,"parent":35676,"menu_order":0,"comment_status":"closed","ping_status":"closed","template":"","meta":{"iawp_total_views":15,"footnotes":""},"class_list":["post-38345","page","type-page","status-publish","hentry"],"yoast_head":"<!-- This site is optimized with the Yoast SEO plugin v27.3 - https:\/\/yoast.com\/product\/yoast-seo-wordpress\/ -->\n<title>Premi\u00e8re rencontre internationale du projet ForDiL : un lancement prometteur ! - Soci\u00e9t\u00e9 Royale Foresti\u00e8re de Belgique<\/title>\n<meta name=\"robots\" content=\"index, follow, max-snippet:-1, max-image-preview:large, max-video-preview:-1\" \/>\n<link rel=\"canonical\" href=\"https:\/\/srfb.be\/de\/schulungen-und-aktivitaten\/unsere-projekte\/fordil\/premiere-rencontre-internationale-du-projet-fordil-un-lancement-prometteur\/\" \/>\n<meta property=\"og:locale\" content=\"de_DE\" \/>\n<meta property=\"og:type\" content=\"article\" \/>\n<meta property=\"og:title\" content=\"Premi\u00e8re rencontre internationale du projet ForDiL : un lancement prometteur ! - Soci\u00e9t\u00e9 Royale Foresti\u00e8re de Belgique\" \/>\n<meta property=\"og:description\" content=\"Cette premi\u00e8re rencontre marque le lancement officiel du projet, soutenu par le programme Erasmus+. Ce projet ambitieux vise \u00e0 promouvoir l\u2019apprentissage de la sylviculture en couvert continu (SMCC) en autonomie gr\u00e2ce \u00e0 des outils num\u00e9riques innovants. Les partenaires du projet \u2013 SRFB (Belgique), Mendel University (R\u00e9publique Tch\u00e8que), Institut Genech (France), Institut Technique Horticole de Gembloux... Read More\" \/>\n<meta property=\"og:url\" content=\"https:\/\/srfb.be\/de\/schulungen-und-aktivitaten\/unsere-projekte\/fordil\/premiere-rencontre-internationale-du-projet-fordil-un-lancement-prometteur\/\" \/>\n<meta property=\"og:site_name\" content=\"Soci\u00e9t\u00e9 Royale Foresti\u00e8re de Belgique\" \/>\n<meta property=\"article:publisher\" content=\"https:\/\/www.facebook.com\/srfb.be\" \/>\n<meta property=\"article:modified_time\" content=\"2025-04-14T14:18:50+00:00\" \/>\n<meta property=\"og:image\" content=\"https:\/\/srfb.be\/wp-content\/uploads\/2024\/03\/EN_co_fundedvertical_RGB_POS.png\" \/>\n<script type=\"application\/ld+json\" class=\"yoast-schema-graph\">{\"@context\":\"https:\\\/\\\/schema.org\",\"@graph\":[{\"@type\":\"WebPage\",\"@id\":\"https:\\\/\\\/srfb.be\\\/formations-et-activites\\\/nos-projets\\\/fordil\\\/premiere-rencontre-internationale-du-projet-fordil-un-lancement-prometteur\\\/\",\"url\":\"https:\\\/\\\/srfb.be\\\/formations-et-activites\\\/nos-projets\\\/fordil\\\/premiere-rencontre-internationale-du-projet-fordil-un-lancement-prometteur\\\/\",\"name\":\"Premi\u00e8re rencontre internationale du projet ForDiL : un lancement prometteur ! - Soci\u00e9t\u00e9 Royale Foresti\u00e8re de Belgique\",\"isPartOf\":{\"@id\":\"https:\\\/\\\/kbbm.be\\\/de\\\/#website\"},\"primaryImageOfPage\":{\"@id\":\"https:\\\/\\\/srfb.be\\\/formations-et-activites\\\/nos-projets\\\/fordil\\\/premiere-rencontre-internationale-du-projet-fordil-un-lancement-prometteur\\\/#primaryimage\"},\"image\":{\"@id\":\"https:\\\/\\\/srfb.be\\\/formations-et-activites\\\/nos-projets\\\/fordil\\\/premiere-rencontre-internationale-du-projet-fordil-un-lancement-prometteur\\\/#primaryimage\"},\"thumbnailUrl\":\"https:\\\/\\\/srfb.be\\\/wp-content\\\/uploads\\\/2024\\\/03\\\/EN_co_fundedvertical_RGB_POS.png\",\"datePublished\":\"2025-04-14T14:18:47+00:00\",\"dateModified\":\"2025-04-14T14:18:50+00:00\",\"breadcrumb\":{\"@id\":\"https:\\\/\\\/srfb.be\\\/formations-et-activites\\\/nos-projets\\\/fordil\\\/premiere-rencontre-internationale-du-projet-fordil-un-lancement-prometteur\\\/#breadcrumb\"},\"inLanguage\":\"de\",\"potentialAction\":[{\"@type\":\"ReadAction\",\"target\":[\"https:\\\/\\\/srfb.be\\\/formations-et-activites\\\/nos-projets\\\/fordil\\\/premiere-rencontre-internationale-du-projet-fordil-un-lancement-prometteur\\\/\"]}]},{\"@type\":\"ImageObject\",\"inLanguage\":\"de\",\"@id\":\"https:\\\/\\\/srfb.be\\\/formations-et-activites\\\/nos-projets\\\/fordil\\\/premiere-rencontre-internationale-du-projet-fordil-un-lancement-prometteur\\\/#primaryimage\",\"url\":\"https:\\\/\\\/srfb.be\\\/wp-content\\\/uploads\\\/2024\\\/03\\\/EN_co_fundedvertical_RGB_POS.png\",\"contentUrl\":\"https:\\\/\\\/srfb.be\\\/wp-content\\\/uploads\\\/2024\\\/03\\\/EN_co_fundedvertical_RGB_POS.png\"},{\"@type\":\"BreadcrumbList\",\"@id\":\"https:\\\/\\\/srfb.be\\\/formations-et-activites\\\/nos-projets\\\/fordil\\\/premiere-rencontre-internationale-du-projet-fordil-un-lancement-prometteur\\\/#breadcrumb\",\"itemListElement\":[{\"@type\":\"ListItem\",\"position\":1,\"name\":\"Accueil\",\"item\":\"https:\\\/\\\/kbbm.be\\\/de\\\/\"},{\"@type\":\"ListItem\",\"position\":2,\"name\":\"Formations et activit\u00e9s\",\"item\":\"https:\\\/\\\/kbbm.be\\\/nl\\\/opleidingen-en-activiteiten\\\/\"},{\"@type\":\"ListItem\",\"position\":3,\"name\":\"Nos projets\",\"item\":\"https:\\\/\\\/kbbm.be\\\/nl\\\/opleidingen-en-activiteiten\\\/ons-projecten\\\/\"},{\"@type\":\"ListItem\",\"position\":4,\"name\":\"ForDiL\",\"item\":\"https:\\\/\\\/kbbm.be\\\/nl\\\/formations-et-activites\\\/nos-projets\\\/fordil\\\/\"},{\"@type\":\"ListItem\",\"position\":5,\"name\":\"Premi\u00e8re rencontre internationale du projet ForDiL : un lancement prometteur !\"}]},{\"@type\":\"WebSite\",\"@id\":\"https:\\\/\\\/kbbm.be\\\/de\\\/#website\",\"url\":\"https:\\\/\\\/kbbm.be\\\/de\\\/\",\"name\":\"Soci\u00e9t\u00e9 Royale Foresti\u00e8re de Belgique\",\"description\":\"Au service de la for\u00eat et des forestiers\",\"publisher\":{\"@id\":\"https:\\\/\\\/kbbm.be\\\/de\\\/#organization\"},\"alternateName\":\"SRFB-KBBM\",\"potentialAction\":[{\"@type\":\"SearchAction\",\"target\":{\"@type\":\"EntryPoint\",\"urlTemplate\":\"https:\\\/\\\/kbbm.be\\\/de\\\/?s={search_term_string}\"},\"query-input\":{\"@type\":\"PropertyValueSpecification\",\"valueRequired\":true,\"valueName\":\"search_term_string\"}}],\"inLanguage\":\"de\"},{\"@type\":\"Organization\",\"@id\":\"https:\\\/\\\/kbbm.be\\\/de\\\/#organization\",\"name\":\"Soci\u00e9t\u00e9 Royale Foresti\u00e8re De Belgique - Koninklijke Belgische Bosbouwmaatschappij\",\"alternateName\":\"SRFB-KBBM\",\"url\":\"https:\\\/\\\/kbbm.be\\\/de\\\/\",\"logo\":{\"@type\":\"ImageObject\",\"inLanguage\":\"de\",\"@id\":\"https:\\\/\\\/kbbm.be\\\/de\\\/#\\\/schema\\\/logo\\\/image\\\/\",\"url\":\"https:\\\/\\\/srfb.be\\\/wp-content\\\/uploads\\\/2019\\\/06\\\/android-chrome-256x256.png\",\"contentUrl\":\"https:\\\/\\\/srfb.be\\\/wp-content\\\/uploads\\\/2019\\\/06\\\/android-chrome-256x256.png\",\"width\":1200,\"height\":1232,\"caption\":\"Soci\u00e9t\u00e9 Royale Foresti\u00e8re De Belgique - Koninklijke Belgische Bosbouwmaatschappij\"},\"image\":{\"@id\":\"https:\\\/\\\/kbbm.be\\\/de\\\/#\\\/schema\\\/logo\\\/image\\\/\"},\"sameAs\":[\"https:\\\/\\\/www.facebook.com\\\/srfb.be\",\"https:\\\/\\\/www.instagram.com\\\/srfb_kbbm\\\/\",\"https:\\\/\\\/www.linkedin.com\\\/company\\\/srfb-kbbm\\\/\",\"https:\\\/\\\/www.youtube.com\\\/user\\\/srfbkbbm\"]}]}<\/script>\n<!-- \/ Yoast SEO plugin. -->","yoast_head_json":{"title":"Erstes internationales Treffen des ForDiL-Projekts: ein vielversprechender Start! - K\u00f6nigliche Forstgesellschaft von Belgien","robots":{"index":"index","follow":"follow","max-snippet":"max-snippet:-1","max-image-preview":"max-image-preview:large","max-video-preview":"max-video-preview:-1"},"canonical":"https:\/\/srfb.be\/de\/schulungen-und-aktivitaten\/unsere-projekte\/fordil\/premiere-rencontre-internationale-du-projet-fordil-un-lancement-prometteur\/","og_locale":"de_DE","og_type":"article","og_title":"Premi\u00e8re rencontre internationale du projet ForDiL : un lancement prometteur ! - Soci\u00e9t\u00e9 Royale Foresti\u00e8re de Belgique","og_description":"Cette premi\u00e8re rencontre marque le lancement officiel du projet, soutenu par le programme Erasmus+. Ce projet ambitieux vise \u00e0 promouvoir l\u2019apprentissage de la sylviculture en couvert continu (SMCC) en autonomie gr\u00e2ce \u00e0 des outils num\u00e9riques innovants. Les partenaires du projet \u2013 SRFB (Belgique), Mendel University (R\u00e9publique Tch\u00e8que), Institut Genech (France), Institut Technique Horticole de Gembloux... Read More","og_url":"https:\/\/srfb.be\/de\/schulungen-und-aktivitaten\/unsere-projekte\/fordil\/premiere-rencontre-internationale-du-projet-fordil-un-lancement-prometteur\/","og_site_name":"Soci\u00e9t\u00e9 Royale Foresti\u00e8re de Belgique","article_publisher":"https:\/\/www.facebook.com\/srfb.be","article_modified_time":"2025-04-14T14:18:50+00:00","og_image":[{"url":"https:\/\/srfb.be\/wp-content\/uploads\/2024\/03\/EN_co_fundedvertical_RGB_POS.png","type":"","width":"","height":""}],"schema":{"@context":"https:\/\/schema.org","@graph":[{"@type":"WebPage","@id":"https:\/\/srfb.be\/formations-et-activites\/nos-projets\/fordil\/premiere-rencontre-internationale-du-projet-fordil-un-lancement-prometteur\/","url":"https:\/\/srfb.be\/formations-et-activites\/nos-projets\/fordil\/premiere-rencontre-internationale-du-projet-fordil-un-lancement-prometteur\/","name":"Erstes internationales Treffen des ForDiL-Projekts: ein vielversprechender Start! - K\u00f6nigliche Forstgesellschaft von Belgien","isPartOf":{"@id":"https:\/\/kbbm.be\/de\/#website"},"primaryImageOfPage":{"@id":"https:\/\/srfb.be\/formations-et-activites\/nos-projets\/fordil\/premiere-rencontre-internationale-du-projet-fordil-un-lancement-prometteur\/#primaryimage"},"image":{"@id":"https:\/\/srfb.be\/formations-et-activites\/nos-projets\/fordil\/premiere-rencontre-internationale-du-projet-fordil-un-lancement-prometteur\/#primaryimage"},"thumbnailUrl":"https:\/\/srfb.be\/wp-content\/uploads\/2024\/03\/EN_co_fundedvertical_RGB_POS.png","datePublished":"2025-04-14T14:18:47+00:00","dateModified":"2025-04-14T14:18:50+00:00","breadcrumb":{"@id":"https:\/\/srfb.be\/formations-et-activites\/nos-projets\/fordil\/premiere-rencontre-internationale-du-projet-fordil-un-lancement-prometteur\/#breadcrumb"},"inLanguage":"de","potentialAction":[{"@type":"ReadAction","target":["https:\/\/srfb.be\/formations-et-activites\/nos-projets\/fordil\/premiere-rencontre-internationale-du-projet-fordil-un-lancement-prometteur\/"]}]},{"@type":"ImageObject","inLanguage":"de","@id":"https:\/\/srfb.be\/formations-et-activites\/nos-projets\/fordil\/premiere-rencontre-internationale-du-projet-fordil-un-lancement-prometteur\/#primaryimage","url":"https:\/\/srfb.be\/wp-content\/uploads\/2024\/03\/EN_co_fundedvertical_RGB_POS.png","contentUrl":"https:\/\/srfb.be\/wp-content\/uploads\/2024\/03\/EN_co_fundedvertical_RGB_POS.png"},{"@type":"BreadcrumbList","@id":"https:\/\/srfb.be\/formations-et-activites\/nos-projets\/fordil\/premiere-rencontre-internationale-du-projet-fordil-un-lancement-prometteur\/#breadcrumb","itemListElement":[{"@type":"ListItem","position":1,"name":"Accueil","item":"https:\/\/kbbm.be\/de\/"},{"@type":"ListItem","position":2,"name":"Formations et activit\u00e9s","item":"https:\/\/kbbm.be\/nl\/opleidingen-en-activiteiten\/"},{"@type":"ListItem","position":3,"name":"Nos projets","item":"https:\/\/kbbm.be\/nl\/opleidingen-en-activiteiten\/ons-projecten\/"},{"@type":"ListItem","position":4,"name":"ForDiL","item":"https:\/\/kbbm.be\/nl\/formations-et-activites\/nos-projets\/fordil\/"},{"@type":"ListItem","position":5,"name":"Premi\u00e8re rencontre internationale du projet ForDiL : un lancement prometteur !"}]},{"@type":"WebSite","@id":"https:\/\/kbbm.be\/de\/#website","url":"https:\/\/kbbm.be\/de\/","name":"K\u00f6nigliche Forstverein Belgiens","description":"Im Dienste des Waldes und der F\u00f6rster","publisher":{"@id":"https:\/\/kbbm.be\/de\/#organization"},"alternateName":"SRFB-KBBM","potentialAction":[{"@type":"SearchAction","target":{"@type":"EntryPoint","urlTemplate":"https:\/\/kbbm.be\/de\/?s={search_term_string}"},"query-input":{"@type":"PropertyValueSpecification","valueRequired":true,"valueName":"search_term_string"}}],"inLanguage":"de"},{"@type":"Organization","@id":"https:\/\/kbbm.be\/de\/#organization","name":"Soci\u00e9t\u00e9 Royale Foresti\u00e8re De Belgique - Koninklijke Belgische Bosbouwmaatschappij","alternateName":"SRFB-KBBM","url":"https:\/\/kbbm.be\/de\/","logo":{"@type":"ImageObject","inLanguage":"de","@id":"https:\/\/kbbm.be\/de\/#\/schema\/logo\/image\/","url":"https:\/\/srfb.be\/wp-content\/uploads\/2019\/06\/android-chrome-256x256.png","contentUrl":"https:\/\/srfb.be\/wp-content\/uploads\/2019\/06\/android-chrome-256x256.png","width":1200,"height":1232,"caption":"Soci\u00e9t\u00e9 Royale Foresti\u00e8re De Belgique - Koninklijke Belgische Bosbouwmaatschappij"},"image":{"@id":"https:\/\/kbbm.be\/de\/#\/schema\/logo\/image\/"},"sameAs":["https:\/\/www.facebook.com\/srfb.be","https:\/\/www.instagram.com\/srfb_kbbm\/","https:\/\/www.linkedin.com\/company\/srfb-kbbm\/","https:\/\/www.youtube.com\/user\/srfbkbbm"]}]}},"_links":{"self":[{"href":"https:\/\/srfb.be\/de\/wp-json\/wp\/v2\/pages\/38345","targetHints":{"allow":["GET"]}}],"collection":[{"href":"https:\/\/srfb.be\/de\/wp-json\/wp\/v2\/pages"}],"about":[{"href":"https:\/\/srfb.be\/de\/wp-json\/wp\/v2\/types\/page"}],"author":[{"embeddable":true,"href":"https:\/\/srfb.be\/de\/wp-json\/wp\/v2\/users\/21"}],"replies":[{"embeddable":true,"href":"https:\/\/srfb.be\/de\/wp-json\/wp\/v2\/comments?post=38345"}],"version-history":[{"count":0,"href":"https:\/\/srfb.be\/de\/wp-json\/wp\/v2\/pages\/38345\/revisions"}],"up":[{"embeddable":true,"href":"https:\/\/srfb.be\/de\/wp-json\/wp\/v2\/pages\/35676"}],"wp:attachment":[{"href":"https:\/\/srfb.be\/de\/wp-json\/wp\/v2\/media?parent=38345"}],"curies":[{"name":"wp","href":"https:\/\/api.w.org\/{rel}","templated":true}]}}