{"id":36068,"date":"2024-04-03T16:50:18","date_gmt":"2024-04-03T14:50:18","guid":{"rendered":"https:\/\/srfb.be\/?page_id=36068"},"modified":"2025-04-29T10:21:55","modified_gmt":"2025-04-29T08:21:55","slug":"wald-und-geistige-gesundheit","status":"publish","type":"page","link":"https:\/\/srfb.be\/de\/formations-et-activites\/nos-projets\/forest4youth\/foret-et-sante-mentale\/","title":{"rendered":"Wald und geistige Gesundheit"},"content":{"rendered":"<div class=\"yoast-breadcrumbs\"><span><span><a href=\"https:\/\/kbbm.be\/en\/\">Startseite<\/a><\/span> &gt; <span><a href=\"https:\/\/kbbm.be\/formations-et-activites\/\">Schulungen und Aktivit\u00e4ten<\/a><\/span> &gt; <span><a href=\"https:\/\/srfb.be\/en\/trainings-and-activities\/our-projects\/\">Unsere Projekte<\/a><\/span> &gt; <span><a href=\"https:\/\/srfb.be\/de\/schulungen-und-aktivitaten\/unsere-projekte\/forest4youth\/\">Forest4Youth<\/a><\/span> &gt; <span class=\"breadcrumb_last\" aria-current=\"page\"><strong>Wald und geistige Gesundheit<\/strong><\/span><\/span><\/div>\n\n\n<div style=\"height:35px\" aria-hidden=\"true\" class=\"wp-block-spacer\"><\/div>\n\n\n\n<h2 class=\"wp-block-heading has-text-align-center has-vert-fonce-color-color has-text-color has-link-color has-medium-font-size wp-elements-68432da7b43548dccd31ee669da51a59\">Der Wald als Verb\u00fcndeter unseres Wohlbefindens<\/h2>\n\n\n\n<div class=\"wp-block-columns is-layout-flex wp-container-core-columns-is-layout-28f84493 wp-block-columns-is-layout-flex\">\n<div class=\"wp-block-column is-layout-flow wp-block-column-is-layout-flow\" style=\"flex-basis:33.33%\">\n<figure class=\"wp-block-image aligncenter size-full is-resized\"><img loading=\"lazy\" decoding=\"async\" width=\"800\" height=\"364\" src=\"https:\/\/srfb.be\/wp-content\/uploads\/2024\/04\/logoFRB.png\" alt=\"\" class=\"wp-image-36070\" style=\"width:251px;height:auto\" srcset=\"https:\/\/srfb.be\/wp-content\/uploads\/2024\/04\/logoFRB.png 800w, https:\/\/srfb.be\/wp-content\/uploads\/2024\/04\/logoFRB-300x137.png 300w, https:\/\/srfb.be\/wp-content\/uploads\/2024\/04\/logoFRB-18x8.png 18w, https:\/\/srfb.be\/wp-content\/uploads\/2024\/04\/logoFRB-600x273.png 600w\" sizes=\"auto, (max-width: 800px) 100vw, 800px\" \/><\/figure>\n<\/div>\n\n\n\n<div class=\"wp-block-column is-layout-flow wp-block-column-is-layout-flow\" style=\"flex-basis:66.66%\">\n<p>Angesichts der Zunahme psychischer St\u00f6rungen bei jungen Menschen entsteht eine innovative Initiative: Kurzaufenthalte im Wald. Dieses Pilotprojekt, an dem Fachleute f\u00fcr psychische Gesundheit und Forstleute beteiligt sind, zielt darauf ab, die Vorteile der Natur f\u00fcr die Gesundheit von Jugendlichen in Krankenh\u00e4usern zu bewerten. Das von der K\u00f6nig-Baudouin-Stiftung finanzierte Projekt soll auch Fachkr\u00e4fte ausbilden und seine Ergebnisse bis 2024 verbreiten.<\/p>\n<\/div>\n<\/div>\n\n\n\n<hr class=\"wp-block-separator has-text-color has-grey-color-color has-alpha-channel-opacity has-grey-color-background-color has-background is-style-wide\"\/>\n\n\n\n<figure class=\"wp-block-image size-large\"><img loading=\"lazy\" decoding=\"async\" width=\"1024\" height=\"245\" src=\"https:\/\/srfb.be\/wp-content\/uploads\/2024\/04\/Partenaires_sante-1024x245.png\" alt=\"\" class=\"wp-image-36072\" srcset=\"https:\/\/srfb.be\/wp-content\/uploads\/2024\/04\/Partenaires_sante-1024x245.png 1024w, https:\/\/srfb.be\/wp-content\/uploads\/2024\/04\/Partenaires_sante-300x72.png 300w, https:\/\/srfb.be\/wp-content\/uploads\/2024\/04\/Partenaires_sante-18x4.png 18w, https:\/\/srfb.be\/wp-content\/uploads\/2024\/04\/Partenaires_sante-600x144.png 600w, https:\/\/srfb.be\/wp-content\/uploads\/2024\/04\/Partenaires_sante.png 1216w\" sizes=\"auto, (max-width: 1024px) 100vw, 1024px\" \/><\/figure>\n\n\n\n<hr class=\"wp-block-separator has-text-color has-grey-color-color has-alpha-channel-opacity has-grey-color-background-color has-background is-style-wide\"\/>\n\n\n\n<h3 class=\"wp-block-heading\">Befund<\/h3>\n\n\n\n<p>Psychische Erkrankungen, insbesondere bei jungen Menschen, haben in den letzten Jahren stark zugenommen. Dar\u00fcber hinaus belegen immer mehr Studien und Untersuchungen einen starken Zusammenhang zwischen den Vorteilen des Waldes und der menschlichen Gesundheit, sowohl der k\u00f6rperlichen als auch der geistigen.<br>In diesem Rahmen soll ein Pilotprojekt f\u00fcr Kurzaufenthalte in W\u00e4ldern f\u00fcr hospitalisierte Jugendliche mit psychischen St\u00f6rungen durchgef\u00fchrt werden. Die Ergebnisse dieses Pilotprojekts, an dem Forstleute und Fachkr\u00e4fte f\u00fcr psychische Gesundheit beteiligt sind, werden dazu beitragen, einen Rahmen f\u00fcr heilsame Aktivit\u00e4ten im Wald zu entwickeln.<\/p>\n\n\n\n<h3 class=\"wp-block-heading\">Kurzaufenthalte im Wald<\/h3>\n\n\n\n<p>Das Testprojekt, das im Mai\/Juni 2023 startete, sieht die Organisation von etwa zehn Kurzaufenthalten im Wald vor. Diese Aktivit\u00e4t ist Teil einer Wiederverbindung der Jugendlichen mit der Natur und soll die gesundheitlichen Vorteile f\u00fcr die Jugendlichen bewerten. Eine Vorbereitung vor dem Kurzaufenthalt und eine mit den Jugendlichen kokonstruierte Auswertung sind ebenfalls geplant.<br>Jede Gruppe besteht aus maximal 6 Jugendlichen (im Alter von 14 bis 20 Jahren), einem Erzieher, einem Krankenpfleger und einem Lehrer der Partnerschule. Ein Forstwirt ist f\u00fcr eine kurze Zeit des Aufenthalts anwesend, um einen angemessenen Empfang im Wald zu gew\u00e4hrleisten und seine Verbindung zur Natur zu teilen.<\/p>\n\n\n\n<h3 class=\"wp-block-heading\">Finanzierung &amp; Ziele<\/h3>\n\n\n\n<p>Dank der guten Zusammenarbeit der SRFB mit der K\u00f6nig-Baudouin-Stiftung (die um Unternehmen und Spender wirbt) konnte ein Budget f\u00fcr einen Zeitraum von 18 Monaten (bis Ende 2024) gesichert werden.<br>Neben den direkten Auswirkungen auf die psychische Gesundheit der Jugendlichen, die an den Kurzaufenthalten teilnehmen, zielt das Projekt darauf ab, etwa 20 Fachkr\u00e4fte direkt in den gesundheitlichen Vorteilen der Natur zu schulen. Nach Abschluss des Projekts (Ende 2024) verpflichten sich die Partner, die Ergebnisse in der wissenschaftlichen Gemeinschaft und in ihren jeweiligen beruflichen Netzwerken zu verbreiten.<\/p>\n\n\n\n<hr class=\"wp-block-separator has-text-color has-grey-color-color has-alpha-channel-opacity has-grey-color-background-color has-background\"\/>\n\n\n\n<div class=\"wp-block-group is-layout-constrained wp-container-core-group-is-layout-05afb7f8 wp-block-group-is-layout-constrained\" style=\"margin-top:var(--wp--preset--spacing--70);margin-bottom:var(--wp--preset--spacing--70)\">\n<h3 class=\"wp-block-heading has-text-align-center\">Artikel<\/h3>\n\n\n\n<section data-wp-context=\"{}\" data-wp-interactive=\"core\/query\" data-wp-key=\"0\" data-wp-router-region=\"query-0\" class=\"wp-block-query is-layout-flow wp-block-query-is-layout-flow\"><ul class=\"wp-block-post-template is-layout-flow wp-container-core-post-template-is-layout-7f1ce2c0 wp-block-post-template-is-layout-flow\"><li data-wp-key=\"post-template-item-39056\" class=\"wp-block-post post-39056 post type-post status-publish format-standard has-post-thumbnail hentry category-actualite tag-changements-climatiques tag-foret-et-sante-mentale tag-sante-des-forets\">\n\n<div class=\"wp-block-group has-grey-color-background-color has-background is-layout-constrained wp-container-core-group-is-layout-b3cb40ef wp-block-group-is-layout-constrained\" style=\"padding-top:var(--wp--preset--spacing--40);padding-right:var(--wp--preset--spacing--40);padding-bottom:var(--wp--preset--spacing--40);padding-left:var(--wp--preset--spacing--40)\"><h4 style=\"margin-top:0;margin-bottom:0;\" class=\"wp-block-post-title\"><a href=\"https:\/\/srfb.be\/de\/2025\/10\/07\/journee-sur-le-terrain-a-sainte-menehould\/\" target=\"_self\" >Feldtag in Sainte-Menehould<\/a><\/h4>\n\n<div style=\"font-style:italic;font-weight:400;\" class=\"wp-block-post-date has-small-font-size\"><time datetime=\"2025-10-07T10:19:44+02:00\">2025 Oktober 7<\/time><\/div><\/div>\n\n<\/li><li data-wp-key=\"post-template-item-38896\" class=\"wp-block-post post-38896 post type-post status-publish format-standard has-post-thumbnail hentry category-actualite tag-foret-et-sante-mentale\">\n\n<div class=\"wp-block-group has-grey-color-background-color has-background is-layout-constrained wp-container-core-group-is-layout-b3cb40ef wp-block-group-is-layout-constrained\" style=\"padding-top:var(--wp--preset--spacing--40);padding-right:var(--wp--preset--spacing--40);padding-bottom:var(--wp--preset--spacing--40);padding-left:var(--wp--preset--spacing--40)\"><h4 style=\"margin-top:0;margin-bottom:0;\" class=\"wp-block-post-title\"><a href=\"https:\/\/srfb.be\/de\/2025\/07\/31\/la-therapie-forestiere-pour-des-etats-positifs-de-sante-mentale\/\" target=\"_self\" >Waldbaden zur F\u00f6rderung positiver psychischer Gesundheit<\/a><\/h4>\n\n<div style=\"font-style:italic;font-weight:400;\" class=\"wp-block-post-date has-small-font-size\"><time datetime=\"2025-07-31T15:22:48+02:00\">2025 Juli 31<\/time><\/div><\/div>\n\n<\/li><\/ul>\n\n\n\n<\/section>\n<\/div>","protected":false},"excerpt":{"rendered":"<p>Der Wald als Verb\u00fcndeter unseres Wohlbefindens<\/p>","protected":false},"author":21,"featured_media":36061,"parent":38492,"menu_order":8,"comment_status":"closed","ping_status":"closed","template":"","meta":{"iawp_total_views":101,"footnotes":""},"class_list":["post-36068","page","type-page","status-publish","has-post-thumbnail","hentry"],"yoast_head":"<!-- This site is optimized with the Yoast SEO plugin v27.4 - https:\/\/yoast.com\/product\/yoast-seo-wordpress\/ -->\n<title>For\u00eat et sant\u00e9 mentale - Soci\u00e9t\u00e9 Royale Foresti\u00e8re de Belgique<\/title>\n<meta name=\"robots\" content=\"index, follow, max-snippet:-1, max-image-preview:large, max-video-preview:-1\" \/>\n<link rel=\"canonical\" href=\"https:\/\/srfb.be\/de\/schulungen-und-aktivitaten\/unsere-projekte\/forest4youth\/wald-und-geistige-gesundheit\/\" \/>\n<meta property=\"og:locale\" content=\"de_DE\" \/>\n<meta property=\"og:type\" content=\"article\" \/>\n<meta property=\"og:title\" content=\"For\u00eat et sant\u00e9 mentale - Soci\u00e9t\u00e9 Royale Foresti\u00e8re de Belgique\" \/>\n<meta property=\"og:description\" content=\"La for\u00eat alli\u00e9e de notre bien-\u00eatre\" \/>\n<meta property=\"og:url\" content=\"https:\/\/srfb.be\/de\/schulungen-und-aktivitaten\/unsere-projekte\/forest4youth\/wald-und-geistige-gesundheit\/\" \/>\n<meta property=\"og:site_name\" content=\"Soci\u00e9t\u00e9 Royale Foresti\u00e8re de Belgique\" \/>\n<meta property=\"article:publisher\" content=\"https:\/\/www.facebook.com\/srfb.be\" \/>\n<meta property=\"article:modified_time\" content=\"2025-04-29T08:21:55+00:00\" \/>\n<meta property=\"og:image\" content=\"https:\/\/srfb.be\/wp-content\/uploads\/2024\/04\/Sante_mentale.png\" \/>\n\t<meta property=\"og:image:width\" content=\"1280\" \/>\n\t<meta property=\"og:image:height\" content=\"768\" \/>\n\t<meta property=\"og:image:type\" content=\"image\/png\" \/>\n<script type=\"application\/ld+json\" class=\"yoast-schema-graph\">{\"@context\":\"https:\\\/\\\/schema.org\",\"@graph\":[{\"@type\":\"WebPage\",\"@id\":\"https:\\\/\\\/srfb.be\\\/formations-et-activites\\\/nos-projets\\\/forest4youth\\\/foret-et-sante-mentale\\\/\",\"url\":\"https:\\\/\\\/srfb.be\\\/formations-et-activites\\\/nos-projets\\\/forest4youth\\\/foret-et-sante-mentale\\\/\",\"name\":\"For\u00eat et sant\u00e9 mentale - Soci\u00e9t\u00e9 Royale Foresti\u00e8re de Belgique\",\"isPartOf\":{\"@id\":\"https:\\\/\\\/kbbm.be\\\/en\\\/#website\"},\"primaryImageOfPage\":{\"@id\":\"https:\\\/\\\/srfb.be\\\/formations-et-activites\\\/nos-projets\\\/forest4youth\\\/foret-et-sante-mentale\\\/#primaryimage\"},\"image\":{\"@id\":\"https:\\\/\\\/srfb.be\\\/formations-et-activites\\\/nos-projets\\\/forest4youth\\\/foret-et-sante-mentale\\\/#primaryimage\"},\"thumbnailUrl\":\"https:\\\/\\\/srfb.be\\\/wp-content\\\/uploads\\\/2024\\\/04\\\/Sante_mentale.png\",\"datePublished\":\"2024-04-03T14:50:18+00:00\",\"dateModified\":\"2025-04-29T08:21:55+00:00\",\"breadcrumb\":{\"@id\":\"https:\\\/\\\/srfb.be\\\/formations-et-activites\\\/nos-projets\\\/forest4youth\\\/foret-et-sante-mentale\\\/#breadcrumb\"},\"inLanguage\":\"de\",\"potentialAction\":[{\"@type\":\"ReadAction\",\"target\":[\"https:\\\/\\\/srfb.be\\\/formations-et-activites\\\/nos-projets\\\/forest4youth\\\/foret-et-sante-mentale\\\/\"]}]},{\"@type\":\"ImageObject\",\"inLanguage\":\"de\",\"@id\":\"https:\\\/\\\/srfb.be\\\/formations-et-activites\\\/nos-projets\\\/forest4youth\\\/foret-et-sante-mentale\\\/#primaryimage\",\"url\":\"https:\\\/\\\/srfb.be\\\/wp-content\\\/uploads\\\/2024\\\/04\\\/Sante_mentale.png\",\"contentUrl\":\"https:\\\/\\\/srfb.be\\\/wp-content\\\/uploads\\\/2024\\\/04\\\/Sante_mentale.png\",\"width\":1280,\"height\":768,\"caption\":\"For\u00eat et sant\u00e9 mentale\"},{\"@type\":\"BreadcrumbList\",\"@id\":\"https:\\\/\\\/srfb.be\\\/formations-et-activites\\\/nos-projets\\\/forest4youth\\\/foret-et-sante-mentale\\\/#breadcrumb\",\"itemListElement\":[{\"@type\":\"ListItem\",\"position\":1,\"name\":\"Accueil\",\"item\":\"https:\\\/\\\/kbbm.be\\\/en\\\/\"},{\"@type\":\"ListItem\",\"position\":2,\"name\":\"Formations et activit\u00e9s\",\"item\":\"https:\\\/\\\/kbbm.be\\\/formations-et-activites\\\/\"},{\"@type\":\"ListItem\",\"position\":3,\"name\":\"Nos projets\",\"item\":\"https:\\\/\\\/srfb.be\\\/en\\\/trainings-and-activities\\\/our-projects\\\/\"},{\"@type\":\"ListItem\",\"position\":4,\"name\":\"Forest4Youth\",\"item\":\"https:\\\/\\\/srfb.be\\\/formations-et-activites\\\/nos-projets\\\/forest4youth\\\/\"},{\"@type\":\"ListItem\",\"position\":5,\"name\":\"For\u00eat et sant\u00e9 mentale\"}]},{\"@type\":\"WebSite\",\"@id\":\"https:\\\/\\\/kbbm.be\\\/en\\\/#website\",\"url\":\"https:\\\/\\\/kbbm.be\\\/en\\\/\",\"name\":\"Soci\u00e9t\u00e9 Royale Foresti\u00e8re de Belgique\",\"description\":\"Au service de la for\u00eat et des forestiers\",\"publisher\":{\"@id\":\"https:\\\/\\\/kbbm.be\\\/en\\\/#organization\"},\"alternateName\":\"SRFB-KBBM\",\"potentialAction\":[{\"@type\":\"SearchAction\",\"target\":{\"@type\":\"EntryPoint\",\"urlTemplate\":\"https:\\\/\\\/kbbm.be\\\/en\\\/?s={search_term_string}\"},\"query-input\":{\"@type\":\"PropertyValueSpecification\",\"valueRequired\":true,\"valueName\":\"search_term_string\"}}],\"inLanguage\":\"de\"},{\"@type\":\"Organization\",\"@id\":\"https:\\\/\\\/kbbm.be\\\/en\\\/#organization\",\"name\":\"Soci\u00e9t\u00e9 Royale Foresti\u00e8re De Belgique - Koninklijke Belgische Bosbouwmaatschappij\",\"alternateName\":\"SRFB-KBBM\",\"url\":\"https:\\\/\\\/kbbm.be\\\/en\\\/\",\"logo\":{\"@type\":\"ImageObject\",\"inLanguage\":\"de\",\"@id\":\"https:\\\/\\\/kbbm.be\\\/en\\\/#\\\/schema\\\/logo\\\/image\\\/\",\"url\":\"https:\\\/\\\/srfb.be\\\/wp-content\\\/uploads\\\/2019\\\/06\\\/android-chrome-256x256.png\",\"contentUrl\":\"https:\\\/\\\/srfb.be\\\/wp-content\\\/uploads\\\/2019\\\/06\\\/android-chrome-256x256.png\",\"width\":1200,\"height\":1232,\"caption\":\"Soci\u00e9t\u00e9 Royale Foresti\u00e8re De Belgique - Koninklijke Belgische Bosbouwmaatschappij\"},\"image\":{\"@id\":\"https:\\\/\\\/kbbm.be\\\/en\\\/#\\\/schema\\\/logo\\\/image\\\/\"},\"sameAs\":[\"https:\\\/\\\/www.facebook.com\\\/srfb.be\",\"https:\\\/\\\/www.instagram.com\\\/srfb_kbbm\\\/\",\"https:\\\/\\\/www.linkedin.com\\\/company\\\/srfb-kbbm\\\/\",\"https:\\\/\\\/www.youtube.com\\\/user\\\/srfbkbbm\"]}]}<\/script>\n<!-- \/ Yoast SEO plugin. -->","yoast_head_json":{"title":"Wald und psychische Gesundheit - K\u00f6nigliche Forstgesellschaft von Belgien","robots":{"index":"index","follow":"follow","max-snippet":"max-snippet:-1","max-image-preview":"max-image-preview:large","max-video-preview":"max-video-preview:-1"},"canonical":"https:\/\/srfb.be\/de\/schulungen-und-aktivitaten\/unsere-projekte\/forest4youth\/wald-und-geistige-gesundheit\/","og_locale":"de_DE","og_type":"article","og_title":"For\u00eat et sant\u00e9 mentale - Soci\u00e9t\u00e9 Royale Foresti\u00e8re de Belgique","og_description":"La for\u00eat alli\u00e9e de notre bien-\u00eatre","og_url":"https:\/\/srfb.be\/de\/schulungen-und-aktivitaten\/unsere-projekte\/forest4youth\/wald-und-geistige-gesundheit\/","og_site_name":"Soci\u00e9t\u00e9 Royale Foresti\u00e8re de Belgique","article_publisher":"https:\/\/www.facebook.com\/srfb.be","article_modified_time":"2025-04-29T08:21:55+00:00","og_image":[{"width":1280,"height":768,"url":"https:\/\/srfb.be\/wp-content\/uploads\/2024\/04\/Sante_mentale.png","type":"image\/png"}],"schema":{"@context":"https:\/\/schema.org","@graph":[{"@type":"WebPage","@id":"https:\/\/srfb.be\/formations-et-activites\/nos-projets\/forest4youth\/foret-et-sante-mentale\/","url":"https:\/\/srfb.be\/formations-et-activites\/nos-projets\/forest4youth\/foret-et-sante-mentale\/","name":"Wald und psychische Gesundheit - K\u00f6nigliche Forstgesellschaft von Belgien","isPartOf":{"@id":"https:\/\/kbbm.be\/en\/#website"},"primaryImageOfPage":{"@id":"https:\/\/srfb.be\/formations-et-activites\/nos-projets\/forest4youth\/foret-et-sante-mentale\/#primaryimage"},"image":{"@id":"https:\/\/srfb.be\/formations-et-activites\/nos-projets\/forest4youth\/foret-et-sante-mentale\/#primaryimage"},"thumbnailUrl":"https:\/\/srfb.be\/wp-content\/uploads\/2024\/04\/Sante_mentale.png","datePublished":"2024-04-03T14:50:18+00:00","dateModified":"2025-04-29T08:21:55+00:00","breadcrumb":{"@id":"https:\/\/srfb.be\/formations-et-activites\/nos-projets\/forest4youth\/foret-et-sante-mentale\/#breadcrumb"},"inLanguage":"de","potentialAction":[{"@type":"ReadAction","target":["https:\/\/srfb.be\/formations-et-activites\/nos-projets\/forest4youth\/foret-et-sante-mentale\/"]}]},{"@type":"ImageObject","inLanguage":"de","@id":"https:\/\/srfb.be\/formations-et-activites\/nos-projets\/forest4youth\/foret-et-sante-mentale\/#primaryimage","url":"https:\/\/srfb.be\/wp-content\/uploads\/2024\/04\/Sante_mentale.png","contentUrl":"https:\/\/srfb.be\/wp-content\/uploads\/2024\/04\/Sante_mentale.png","width":1280,"height":768,"caption":"For\u00eat et sant\u00e9 mentale"},{"@type":"BreadcrumbList","@id":"https:\/\/srfb.be\/formations-et-activites\/nos-projets\/forest4youth\/foret-et-sante-mentale\/#breadcrumb","itemListElement":[{"@type":"ListItem","position":1,"name":"Accueil","item":"https:\/\/kbbm.be\/en\/"},{"@type":"ListItem","position":2,"name":"Formations et activit\u00e9s","item":"https:\/\/kbbm.be\/formations-et-activites\/"},{"@type":"ListItem","position":3,"name":"Nos projets","item":"https:\/\/srfb.be\/en\/trainings-and-activities\/our-projects\/"},{"@type":"ListItem","position":4,"name":"Forest4Youth","item":"https:\/\/srfb.be\/formations-et-activites\/nos-projets\/forest4youth\/"},{"@type":"ListItem","position":5,"name":"For\u00eat et sant\u00e9 mentale"}]},{"@type":"WebSite","@id":"https:\/\/kbbm.be\/en\/#website","url":"https:\/\/kbbm.be\/en\/","name":"K\u00f6nigliche Forstverein Belgiens","description":"Im Dienste des Waldes und der F\u00f6rster","publisher":{"@id":"https:\/\/kbbm.be\/en\/#organization"},"alternateName":"SRFB-KBBM","potentialAction":[{"@type":"SearchAction","target":{"@type":"EntryPoint","urlTemplate":"https:\/\/kbbm.be\/en\/?s={search_term_string}"},"query-input":{"@type":"PropertyValueSpecification","valueRequired":true,"valueName":"search_term_string"}}],"inLanguage":"de"},{"@type":"Organization","@id":"https:\/\/kbbm.be\/en\/#organization","name":"Soci\u00e9t\u00e9 Royale Foresti\u00e8re De Belgique - Koninklijke Belgische Bosbouwmaatschappij","alternateName":"SRFB-KBBM","url":"https:\/\/kbbm.be\/en\/","logo":{"@type":"ImageObject","inLanguage":"de","@id":"https:\/\/kbbm.be\/en\/#\/schema\/logo\/image\/","url":"https:\/\/srfb.be\/wp-content\/uploads\/2019\/06\/android-chrome-256x256.png","contentUrl":"https:\/\/srfb.be\/wp-content\/uploads\/2019\/06\/android-chrome-256x256.png","width":1200,"height":1232,"caption":"Soci\u00e9t\u00e9 Royale Foresti\u00e8re De Belgique - Koninklijke Belgische Bosbouwmaatschappij"},"image":{"@id":"https:\/\/kbbm.be\/en\/#\/schema\/logo\/image\/"},"sameAs":["https:\/\/www.facebook.com\/srfb.be","https:\/\/www.instagram.com\/srfb_kbbm\/","https:\/\/www.linkedin.com\/company\/srfb-kbbm\/","https:\/\/www.youtube.com\/user\/srfbkbbm"]}]}},"_links":{"self":[{"href":"https:\/\/srfb.be\/de\/wp-json\/wp\/v2\/pages\/36068","targetHints":{"allow":["GET"]}}],"collection":[{"href":"https:\/\/srfb.be\/de\/wp-json\/wp\/v2\/pages"}],"about":[{"href":"https:\/\/srfb.be\/de\/wp-json\/wp\/v2\/types\/page"}],"author":[{"embeddable":true,"href":"https:\/\/srfb.be\/de\/wp-json\/wp\/v2\/users\/21"}],"replies":[{"embeddable":true,"href":"https:\/\/srfb.be\/de\/wp-json\/wp\/v2\/comments?post=36068"}],"version-history":[{"count":0,"href":"https:\/\/srfb.be\/de\/wp-json\/wp\/v2\/pages\/36068\/revisions"}],"up":[{"embeddable":true,"href":"https:\/\/srfb.be\/de\/wp-json\/wp\/v2\/pages\/38492"}],"wp:featuredmedia":[{"embeddable":true,"href":"https:\/\/srfb.be\/de\/wp-json\/wp\/v2\/media\/36061"}],"wp:attachment":[{"href":"https:\/\/srfb.be\/de\/wp-json\/wp\/v2\/media?parent=36068"}],"curies":[{"name":"wp","href":"https:\/\/api.w.org\/{rel}","templated":true}]}}