{"id":36038,"date":"2024-04-03T15:16:34","date_gmt":"2024-04-03T13:16:34","guid":{"rendered":"https:\/\/srfb.be\/?page_id=36038"},"modified":"2025-05-21T16:29:44","modified_gmt":"2025-05-21T14:29:44","slug":"dead-wood-for-forests","status":"publish","type":"page","link":"https:\/\/srfb.be\/de\/formations-et-activites\/nos-projets\/dead-wood-for-forests\/","title":{"rendered":"Dead wood for forests"},"content":{"rendered":"<div class=\"yoast-breadcrumbs\"><span><span><a href=\"https:\/\/srfb.be\/de\/\">Startseite<\/a><\/span> &gt; <span><a href=\"https:\/\/kbbm.be\/formations-et-activites\/\">Schulungen und Aktivit\u00e4ten<\/a><\/span> &gt; <span><a href=\"https:\/\/kbbm.be\/formations-et-activites\/nos-projets\/\">Unsere Projekte<\/a><\/span> &gt; <span class=\"breadcrumb_last\" aria-current=\"page\"><strong>Dead wood for forests<\/strong><\/span><\/span><\/div>\n\n\n<div style=\"height:35px\" aria-hidden=\"true\" class=\"wp-block-spacer\"><\/div>\n\n\n\n<div class=\"wp-block-columns is-layout-flex wp-container-core-columns-is-layout-28f84493 wp-block-columns-is-layout-flex\">\n<div class=\"wp-block-column is-layout-flow wp-block-column-is-layout-flow\" style=\"flex-basis:33.33%\">\n<figure class=\"wp-block-image size-full is-resized\"><img loading=\"lazy\" decoding=\"async\" width=\"640\" height=\"427\" src=\"https:\/\/srfb.be\/wp-content\/uploads\/2024\/04\/Miniature_DW4F.jpg\" alt=\"\" class=\"wp-image-36039\" style=\"width:280px;height:auto\" srcset=\"https:\/\/srfb.be\/wp-content\/uploads\/2024\/04\/Miniature_DW4F.jpg 640w, https:\/\/srfb.be\/wp-content\/uploads\/2024\/04\/Miniature_DW4F-300x200.jpg 300w, https:\/\/srfb.be\/wp-content\/uploads\/2024\/04\/Miniature_DW4F-18x12.jpg 18w, https:\/\/srfb.be\/wp-content\/uploads\/2024\/04\/Miniature_DW4F-600x400.jpg 600w\" sizes=\"auto, (max-width: 640px) 100vw, 640px\" \/><\/figure>\n<\/div>\n\n\n\n<div class=\"wp-block-column is-layout-flow wp-block-column-is-layout-flow\" style=\"flex-basis:66.66%\">\n<h2 class=\"wp-block-heading has-text-align-left has-vert-fonce-color-color has-text-color has-link-color has-medium-font-size wp-elements-43bd580ba5f471ced0584b27031348eb\"><strong>Totes Holz f\u00fcr lebendige W\u00e4lder<\/strong><\/h2>\n\n\n\n<p>Totholz ist eine Schl\u00fcsselressource f\u00fcr etwa 30 % der im Wald lebenden Arten und spielt eine entscheidende Rolle in den Kohlenstoff- und N\u00e4hrstoffkreisl\u00e4ufen, die f\u00fcr die Waldverj\u00fcngung und die Verbesserung der Widerstandsf\u00e4higkeit und Robustheit der W\u00e4lder gegen\u00fcber dem globalen Wandel von entscheidender Bedeutung sind. Au\u00dferdem steigert er durch eine verbesserte biologische Funktion des Bodens die Produktivit\u00e4t der Parzelle.<br>Die wallonischen W\u00e4lder zeigen ein gro\u00dfes wiederkehrendes Defizit, das auf eine negative Wahrnehmung von Totholz, ein begrenztes Bewusstsein f\u00fcr seine Bedeutung und die mittel- und langfristigen Vorteile zur\u00fcckzuf\u00fchren ist.<\/p>\n<\/div>\n<\/div>\n\n\n\n<hr class=\"wp-block-separator has-text-color has-grey-color-color has-alpha-channel-opacity has-grey-color-background-color has-background is-style-wide\"\/>\n\n\n\n<figure class=\"wp-block-image aligncenter size-full\"><img loading=\"lazy\" decoding=\"async\" width=\"934\" height=\"154\" src=\"https:\/\/srfb.be\/wp-content\/uploads\/2024\/04\/banniere_DW4F-2.png\" alt=\"\" class=\"wp-image-36043\" srcset=\"https:\/\/srfb.be\/wp-content\/uploads\/2024\/04\/banniere_DW4F-2.png 934w, https:\/\/srfb.be\/wp-content\/uploads\/2024\/04\/banniere_DW4F-2-300x49.png 300w, https:\/\/srfb.be\/wp-content\/uploads\/2024\/04\/banniere_DW4F-2-18x3.png 18w, https:\/\/srfb.be\/wp-content\/uploads\/2024\/04\/banniere_DW4F-2-600x99.png 600w\" sizes=\"auto, (max-width: 934px) 100vw, 934px\" \/><\/figure>\n\n\n\n<hr class=\"wp-block-separator has-text-color has-grey-color-color has-alpha-channel-opacity has-grey-color-background-color has-background is-style-wide\"\/>\n\n\n\n<p>Das Projekt Dead Wood for Forests unter der Leitung von Gembloux Agro Bio Tech begann im September 2023 und wird bis Ende 2024 laufen.<br>Das Ziel des Projekts ist es, das Wissen \u00fcber die biologischen Herausforderungen von Totholz und B\u00e4umen von biologischem Interesse in und f\u00fcr Produktionsw\u00e4lder zusammenzufassen, insbesondere um die Waldverj\u00fcngung zu verbessern. Au\u00dferdem soll es den Zustand der Ressource und die Wahrnehmung in Wallonien analysieren, die \u00f6kologischen und wirtschaftlichen Auswirkungen der Reservierung von Holzmengen f\u00fcr die Nekromasse bewerten und eine Strategie, technische Routen und Inhalte f\u00fcr Schulungen vorschlagen, um alle Akteure der Holzbranche zu sensibilisieren.<\/p>\n\n\n\n<p><br>Eine Bewertung der Wahrnehmung, der Hemmnisse, des Akzeptanzniveaus und der L\u00f6sungsans\u00e4tze innerhalb der forstbasierten Industrie wurde bereits durch mehrere Umfragen vorgenommen.<\/p>\n\n\n\n<p><br>Dabei wird auch das Kompartiment der B\u00e4ume von biologischem Interesse und des sehr gro\u00dfen Holzes, das gro\u00dfe Mengen an gro\u00dfem Totholz erzeugt, ber\u00fccksichtigt.<br>Um diese Routen zu veranschaulichen, wird die SRFB Ende 2024 spezifische Schulungen (von der Sensibilisierung bis zur konkreten Umsetzung vor Ort) f\u00fcr die Akteure der Holzbranche und f\u00fcr Fachschulen einf\u00fchren.<br>Zu diesem Zweck sucht die SRFB derzeit nach produktiven Waldparzellen mit dem Vorhandensein von gro\u00dfem Totholz und B\u00e4umen von biologischem Interesse.<\/p>\n\n\n\n<div class=\"wp-block-buttons is-content-justification-center is-layout-flex wp-container-core-buttons-is-layout-a89b3969 wp-block-buttons-is-layout-flex\">\n<div class=\"wp-block-button\"><a class=\"wp-block-button__link wp-element-button\" href=\"https:\/\/srfb.be\/wp-content\/uploads\/2025\/05\/DW4F_rapport_final_v250408.pdf\" target=\"_blank\" rel=\"noreferrer noopener\">Abschlussbericht<\/a><\/div>\n<\/div>\n\n\n\n<hr class=\"wp-block-separator has-text-color has-grey-color-color has-alpha-channel-opacity has-grey-color-background-color has-background is-style-wide\"\/>\n\n\n\n<div class=\"wp-block-group is-layout-constrained wp-container-core-group-is-layout-05afb7f8 wp-block-group-is-layout-constrained\" style=\"margin-top:var(--wp--preset--spacing--70);margin-bottom:var(--wp--preset--spacing--70)\">\n<h3 class=\"wp-block-heading has-text-align-center\">Artikel<\/h3>\n\n\n\n<section data-wp-context=\"{}\" data-wp-interactive=\"core\/query\" data-wp-key=\"0\" data-wp-router-region=\"query-0\" class=\"wp-block-query is-layout-flow wp-block-query-is-layout-flow\">\n\n\n\n<div class=\"wp-block-query-no-results\">\n\n<p class=\"has-text-align-center\" style=\"font-style:normal;font-weight:700\">Noch keine Artikel verfasst<\/p>\n\n<\/div><\/section>\n<\/div>","protected":false},"excerpt":{"rendered":"<p>Totes Holz f\u00fcr lebendige W\u00e4lder<\/p>","protected":false},"author":21,"featured_media":35783,"parent":35658,"menu_order":5,"comment_status":"closed","ping_status":"closed","template":"","meta":{"iawp_total_views":212,"footnotes":""},"class_list":["post-36038","page","type-page","status-publish","has-post-thumbnail","hentry"],"yoast_head":"<!-- This site is optimized with the Yoast SEO plugin v27.4 - https:\/\/yoast.com\/product\/yoast-seo-wordpress\/ -->\n<title>Dead wood for forests - Soci\u00e9t\u00e9 Royale Foresti\u00e8re de Belgique<\/title>\n<meta name=\"robots\" content=\"index, follow, max-snippet:-1, max-image-preview:large, max-video-preview:-1\" \/>\n<link rel=\"canonical\" href=\"https:\/\/kbbm.be\/en\/trainings-and-activities\/our-projects\/dead-wood-for-forests\/\" \/>\n<meta property=\"og:locale\" content=\"de_DE\" \/>\n<meta property=\"og:type\" content=\"article\" \/>\n<meta property=\"og:title\" content=\"Dead wood for forests - Soci\u00e9t\u00e9 Royale Foresti\u00e8re de Belgique\" \/>\n<meta property=\"og:description\" content=\"Du bois mort pour des for\u00eats vivantes\" \/>\n<meta property=\"og:url\" content=\"https:\/\/kbbm.be\/en\/trainings-and-activities\/our-projects\/dead-wood-for-forests\/\" \/>\n<meta property=\"og:site_name\" content=\"Soci\u00e9t\u00e9 Royale Foresti\u00e8re de Belgique\" \/>\n<meta property=\"article:publisher\" content=\"https:\/\/www.facebook.com\/srfb.be\" \/>\n<meta property=\"article:modified_time\" content=\"2025-05-21T14:29:44+00:00\" \/>\n<meta property=\"og:image\" content=\"https:\/\/kbbm.be\/wp-content\/uploads\/2024\/03\/DW4F.png\" \/>\n\t<meta property=\"og:image:width\" content=\"1280\" \/>\n\t<meta property=\"og:image:height\" content=\"768\" \/>\n\t<meta property=\"og:image:type\" content=\"image\/png\" \/>\n<script type=\"application\/ld+json\" class=\"yoast-schema-graph\">{\"@context\":\"https:\\\/\\\/schema.org\",\"@graph\":[{\"@type\":\"WebPage\",\"@id\":\"https:\\\/\\\/kbbm.be\\\/en\\\/trainings-and-activities\\\/our-projects\\\/dead-wood-for-forests\\\/\",\"url\":\"https:\\\/\\\/kbbm.be\\\/en\\\/trainings-and-activities\\\/our-projects\\\/dead-wood-for-forests\\\/\",\"name\":\"Dead wood for forests - Soci\u00e9t\u00e9 Royale Foresti\u00e8re de Belgique\",\"isPartOf\":{\"@id\":\"https:\\\/\\\/srfb.be\\\/#website\"},\"primaryImageOfPage\":{\"@id\":\"https:\\\/\\\/kbbm.be\\\/en\\\/trainings-and-activities\\\/our-projects\\\/dead-wood-for-forests\\\/#primaryimage\"},\"image\":{\"@id\":\"https:\\\/\\\/kbbm.be\\\/en\\\/trainings-and-activities\\\/our-projects\\\/dead-wood-for-forests\\\/#primaryimage\"},\"thumbnailUrl\":\"https:\\\/\\\/srfb.be\\\/wp-content\\\/uploads\\\/2024\\\/03\\\/DW4F.png\",\"datePublished\":\"2024-04-03T13:16:34+00:00\",\"dateModified\":\"2025-05-21T14:29:44+00:00\",\"breadcrumb\":{\"@id\":\"https:\\\/\\\/kbbm.be\\\/en\\\/trainings-and-activities\\\/our-projects\\\/dead-wood-for-forests\\\/#breadcrumb\"},\"inLanguage\":\"de\",\"potentialAction\":[{\"@type\":\"ReadAction\",\"target\":[\"https:\\\/\\\/kbbm.be\\\/en\\\/trainings-and-activities\\\/our-projects\\\/dead-wood-for-forests\\\/\"]}]},{\"@type\":\"ImageObject\",\"inLanguage\":\"de\",\"@id\":\"https:\\\/\\\/kbbm.be\\\/en\\\/trainings-and-activities\\\/our-projects\\\/dead-wood-for-forests\\\/#primaryimage\",\"url\":\"https:\\\/\\\/srfb.be\\\/wp-content\\\/uploads\\\/2024\\\/03\\\/DW4F.png\",\"contentUrl\":\"https:\\\/\\\/srfb.be\\\/wp-content\\\/uploads\\\/2024\\\/03\\\/DW4F.png\",\"width\":1280,\"height\":768},{\"@type\":\"BreadcrumbList\",\"@id\":\"https:\\\/\\\/kbbm.be\\\/en\\\/trainings-and-activities\\\/our-projects\\\/dead-wood-for-forests\\\/#breadcrumb\",\"itemListElement\":[{\"@type\":\"ListItem\",\"position\":1,\"name\":\"Accueil\",\"item\":\"https:\\\/\\\/srfb.be\\\/\"},{\"@type\":\"ListItem\",\"position\":2,\"name\":\"Formations et activit\u00e9s\",\"item\":\"https:\\\/\\\/kbbm.be\\\/formations-et-activites\\\/\"},{\"@type\":\"ListItem\",\"position\":3,\"name\":\"Nos projets\",\"item\":\"https:\\\/\\\/kbbm.be\\\/formations-et-activites\\\/nos-projets\\\/\"},{\"@type\":\"ListItem\",\"position\":4,\"name\":\"Dead wood for forests\"}]},{\"@type\":\"WebSite\",\"@id\":\"https:\\\/\\\/srfb.be\\\/#website\",\"url\":\"https:\\\/\\\/srfb.be\\\/\",\"name\":\"Soci\u00e9t\u00e9 Royale Foresti\u00e8re de Belgique\",\"description\":\"Au service de la for\u00eat et des forestiers\",\"publisher\":{\"@id\":\"https:\\\/\\\/srfb.be\\\/#organization\"},\"alternateName\":\"SRFB-KBBM\",\"potentialAction\":[{\"@type\":\"SearchAction\",\"target\":{\"@type\":\"EntryPoint\",\"urlTemplate\":\"https:\\\/\\\/srfb.be\\\/?s={search_term_string}\"},\"query-input\":{\"@type\":\"PropertyValueSpecification\",\"valueRequired\":true,\"valueName\":\"search_term_string\"}}],\"inLanguage\":\"de\"},{\"@type\":\"Organization\",\"@id\":\"https:\\\/\\\/srfb.be\\\/#organization\",\"name\":\"Soci\u00e9t\u00e9 Royale Foresti\u00e8re De Belgique - Koninklijke Belgische Bosbouwmaatschappij\",\"alternateName\":\"SRFB-KBBM\",\"url\":\"https:\\\/\\\/srfb.be\\\/\",\"logo\":{\"@type\":\"ImageObject\",\"inLanguage\":\"de\",\"@id\":\"https:\\\/\\\/srfb.be\\\/#\\\/schema\\\/logo\\\/image\\\/\",\"url\":\"https:\\\/\\\/srfb.be\\\/wp-content\\\/uploads\\\/2019\\\/06\\\/android-chrome-256x256.png\",\"contentUrl\":\"https:\\\/\\\/srfb.be\\\/wp-content\\\/uploads\\\/2019\\\/06\\\/android-chrome-256x256.png\",\"width\":1200,\"height\":1232,\"caption\":\"Soci\u00e9t\u00e9 Royale Foresti\u00e8re De Belgique - Koninklijke Belgische Bosbouwmaatschappij\"},\"image\":{\"@id\":\"https:\\\/\\\/srfb.be\\\/#\\\/schema\\\/logo\\\/image\\\/\"},\"sameAs\":[\"https:\\\/\\\/www.facebook.com\\\/srfb.be\",\"https:\\\/\\\/www.instagram.com\\\/srfb_kbbm\\\/\",\"https:\\\/\\\/www.linkedin.com\\\/company\\\/srfb-kbbm\\\/\",\"https:\\\/\\\/www.youtube.com\\\/user\\\/srfbkbbm\"]}]}<\/script>\n<!-- \/ Yoast SEO plugin. -->","yoast_head_json":{"title":"Dead wood for forests - K\u00f6niglich Belgische Forstgesellschaft","robots":{"index":"index","follow":"follow","max-snippet":"max-snippet:-1","max-image-preview":"max-image-preview:large","max-video-preview":"max-video-preview:-1"},"canonical":"https:\/\/kbbm.be\/en\/trainings-and-activities\/our-projects\/dead-wood-for-forests\/","og_locale":"de_DE","og_type":"article","og_title":"Dead wood for forests - Soci\u00e9t\u00e9 Royale Foresti\u00e8re de Belgique","og_description":"Du bois mort pour des for\u00eats vivantes","og_url":"https:\/\/kbbm.be\/en\/trainings-and-activities\/our-projects\/dead-wood-for-forests\/","og_site_name":"Soci\u00e9t\u00e9 Royale Foresti\u00e8re de Belgique","article_publisher":"https:\/\/www.facebook.com\/srfb.be","article_modified_time":"2025-05-21T14:29:44+00:00","og_image":[{"width":1280,"height":768,"url":"https:\/\/kbbm.be\/wp-content\/uploads\/2024\/03\/DW4F.png","type":"image\/png"}],"schema":{"@context":"https:\/\/schema.org","@graph":[{"@type":"WebPage","@id":"https:\/\/kbbm.be\/en\/trainings-and-activities\/our-projects\/dead-wood-for-forests\/","url":"https:\/\/kbbm.be\/en\/trainings-and-activities\/our-projects\/dead-wood-for-forests\/","name":"Dead wood for forests - K\u00f6niglich Belgische Forstgesellschaft","isPartOf":{"@id":"https:\/\/srfb.be\/#website"},"primaryImageOfPage":{"@id":"https:\/\/kbbm.be\/en\/trainings-and-activities\/our-projects\/dead-wood-for-forests\/#primaryimage"},"image":{"@id":"https:\/\/kbbm.be\/en\/trainings-and-activities\/our-projects\/dead-wood-for-forests\/#primaryimage"},"thumbnailUrl":"https:\/\/srfb.be\/wp-content\/uploads\/2024\/03\/DW4F.png","datePublished":"2024-04-03T13:16:34+00:00","dateModified":"2025-05-21T14:29:44+00:00","breadcrumb":{"@id":"https:\/\/kbbm.be\/en\/trainings-and-activities\/our-projects\/dead-wood-for-forests\/#breadcrumb"},"inLanguage":"de","potentialAction":[{"@type":"ReadAction","target":["https:\/\/kbbm.be\/en\/trainings-and-activities\/our-projects\/dead-wood-for-forests\/"]}]},{"@type":"ImageObject","inLanguage":"de","@id":"https:\/\/kbbm.be\/en\/trainings-and-activities\/our-projects\/dead-wood-for-forests\/#primaryimage","url":"https:\/\/srfb.be\/wp-content\/uploads\/2024\/03\/DW4F.png","contentUrl":"https:\/\/srfb.be\/wp-content\/uploads\/2024\/03\/DW4F.png","width":1280,"height":768},{"@type":"BreadcrumbList","@id":"https:\/\/kbbm.be\/en\/trainings-and-activities\/our-projects\/dead-wood-for-forests\/#breadcrumb","itemListElement":[{"@type":"ListItem","position":1,"name":"Accueil","item":"https:\/\/srfb.be\/"},{"@type":"ListItem","position":2,"name":"Formations et activit\u00e9s","item":"https:\/\/kbbm.be\/formations-et-activites\/"},{"@type":"ListItem","position":3,"name":"Nos projets","item":"https:\/\/kbbm.be\/formations-et-activites\/nos-projets\/"},{"@type":"ListItem","position":4,"name":"Dead wood for forests"}]},{"@type":"WebSite","@id":"https:\/\/srfb.be\/#website","url":"https:\/\/srfb.be\/","name":"K\u00f6nigliche Forstverein Belgiens","description":"Im Dienste des Waldes und der F\u00f6rster","publisher":{"@id":"https:\/\/srfb.be\/#organization"},"alternateName":"SRFB-KBBM","potentialAction":[{"@type":"SearchAction","target":{"@type":"EntryPoint","urlTemplate":"https:\/\/srfb.be\/?s={search_term_string}"},"query-input":{"@type":"PropertyValueSpecification","valueRequired":true,"valueName":"search_term_string"}}],"inLanguage":"de"},{"@type":"Organization","@id":"https:\/\/srfb.be\/#organization","name":"Soci\u00e9t\u00e9 Royale Foresti\u00e8re De Belgique - Koninklijke Belgische Bosbouwmaatschappij","alternateName":"SRFB-KBBM","url":"https:\/\/srfb.be\/","logo":{"@type":"ImageObject","inLanguage":"de","@id":"https:\/\/srfb.be\/#\/schema\/logo\/image\/","url":"https:\/\/srfb.be\/wp-content\/uploads\/2019\/06\/android-chrome-256x256.png","contentUrl":"https:\/\/srfb.be\/wp-content\/uploads\/2019\/06\/android-chrome-256x256.png","width":1200,"height":1232,"caption":"Soci\u00e9t\u00e9 Royale Foresti\u00e8re De Belgique - Koninklijke Belgische Bosbouwmaatschappij"},"image":{"@id":"https:\/\/srfb.be\/#\/schema\/logo\/image\/"},"sameAs":["https:\/\/www.facebook.com\/srfb.be","https:\/\/www.instagram.com\/srfb_kbbm\/","https:\/\/www.linkedin.com\/company\/srfb-kbbm\/","https:\/\/www.youtube.com\/user\/srfbkbbm"]}]}},"_links":{"self":[{"href":"https:\/\/srfb.be\/de\/wp-json\/wp\/v2\/pages\/36038","targetHints":{"allow":["GET"]}}],"collection":[{"href":"https:\/\/srfb.be\/de\/wp-json\/wp\/v2\/pages"}],"about":[{"href":"https:\/\/srfb.be\/de\/wp-json\/wp\/v2\/types\/page"}],"author":[{"embeddable":true,"href":"https:\/\/srfb.be\/de\/wp-json\/wp\/v2\/users\/21"}],"replies":[{"embeddable":true,"href":"https:\/\/srfb.be\/de\/wp-json\/wp\/v2\/comments?post=36038"}],"version-history":[{"count":0,"href":"https:\/\/srfb.be\/de\/wp-json\/wp\/v2\/pages\/36038\/revisions"}],"up":[{"embeddable":true,"href":"https:\/\/srfb.be\/de\/wp-json\/wp\/v2\/pages\/35658"}],"wp:featuredmedia":[{"embeddable":true,"href":"https:\/\/srfb.be\/de\/wp-json\/wp\/v2\/media\/35783"}],"wp:attachment":[{"href":"https:\/\/srfb.be\/de\/wp-json\/wp\/v2\/media?parent=36038"}],"curies":[{"name":"wp","href":"https:\/\/api.w.org\/{rel}","templated":true}]}}