{"id":35810,"date":"2024-04-03T15:28:37","date_gmt":"2024-04-03T13:28:37","guid":{"rendered":"https:\/\/srfb.be\/?page_id=35810"},"modified":"2026-01-08T16:42:33","modified_gmt":"2026-01-08T15:42:33","slug":"migforest","status":"publish","type":"page","link":"https:\/\/srfb.be\/de\/formations-et-activites\/nos-projets\/migforest\/","title":{"rendered":"MigForest"},"content":{"rendered":"<div class=\"yoast-breadcrumbs\"><span><span><a href=\"https:\/\/srfb.be\/en\/\">Startseite<\/a><\/span> &gt; <span><a href=\"https:\/\/srfb.be\/en\/trainings-and-activities\/\">Schulungen und Aktivit\u00e4ten<\/a><\/span> &gt; <span><a href=\"https:\/\/srfb.be\/en\/trainings-and-activities\/our-projects\/\">Unsere Projekte<\/a><\/span> &gt; <span class=\"breadcrumb_last\" aria-current=\"page\"><strong>MigForest<\/strong><\/span><\/span><\/div>\n\n\n<div style=\"height:35px\" aria-hidden=\"true\" class=\"wp-block-spacer\"><\/div>\n\n\n\n<h3 class=\"wp-block-heading has-text-align-center has-vert-fonce-color-color has-text-color has-link-color wp-elements-591a5fcc1a16d42154dd92f43470393d\">Einf\u00fchrung der unterst\u00fctzten Migration von Holzarten in Nordwesteuropa<\/h3>\n\n\n\n<div class=\"wp-block-columns is-layout-flex wp-container-core-columns-is-layout-28f84493 wp-block-columns-is-layout-flex\">\n<div class=\"wp-block-column is-layout-flow wp-block-column-is-layout-flow\" style=\"flex-basis:33.33%\">\n<figure class=\"wp-block-image size-full is-resized\"><img decoding=\"async\" src=\"https:\/\/srfb.be\/wp-content\/uploads\/2024\/03\/Logo-MigFoRest-RGB.svg\" alt=\"\" class=\"wp-image-35811\" style=\"width:313px;height:auto\"\/><\/figure>\n<\/div>\n\n\n\n<div class=\"wp-block-column is-layout-flow wp-block-column-is-layout-flow\" style=\"flex-basis:66.66%\">\n<p>Die Soci\u00e9t\u00e9 Royale Foresti\u00e8re de Belgique ist federf\u00fchrend bei einem neuen europ\u00e4ischen Interreg-Projekt in Nordwesteuropa mit dem Namen MigFoRest f\u00fcr \"Assisted Migration to increase Forest Resilience in NWE\" (Unterst\u00fctzte Migration zur Erh\u00f6hung der Waldresilienz in NWE). Das Projekt hat sechs Partner, darunter zwei franz\u00f6sische (Office National des For\u00eats und NeoSylva), ein deutscher (FVA : Forstliche Versuchs- und Forschungsanstalt Baden-W\u00fcrttemberg) und drei aus Belgien (Soci\u00e9t\u00e9 Royale Foresti\u00e8re de Belgique, Centre wallon de recherches agronomiques und Instituut voor Natuur- en Bosondorzoek), die gemeinsam an der Einf\u00fchrung der unterst\u00fctzten Migration von Baumarten und Herk\u00fcnften als eine der L\u00f6sungen zur Erh\u00f6hung der Widerstandsf\u00e4higkeit der W\u00e4lder in Nordwesteuropa gegen\u00fcber dem Klimawandel arbeiten werden. Mit einem Gesamtbudget von 7,1 Mio. \u20ac wird das Projekt viereinhalb Jahre dauern.<\/p>\n\n\n\n<div class=\"wp-block-buttons is-layout-flex wp-block-buttons-is-layout-flex\">\n<div class=\"wp-block-button\"><a class=\"wp-block-button__link has-small-font-size has-custom-font-size wp-element-button\" href=\"https:\/\/migforest.nweurope.eu\/\" target=\"_blank\" rel=\"noreferrer noopener\">Projekt-Website<\/a><\/div>\n<\/div>\n<\/div>\n<\/div>\n\n\n\n<hr class=\"wp-block-separator has-text-color has-grey-color-color has-alpha-channel-opacity has-grey-color-background-color has-background is-style-wide\"\/>\n\n\n\n<figure class=\"wp-block-image size-large\"><img loading=\"lazy\" decoding=\"async\" width=\"1024\" height=\"153\" src=\"https:\/\/srfb.be\/wp-content\/uploads\/2024\/03\/Partenaires-1-1024x153.png\" alt=\"\" class=\"wp-image-35813\" srcset=\"https:\/\/srfb.be\/wp-content\/uploads\/2024\/03\/Partenaires-1-1024x153.png 1024w, https:\/\/srfb.be\/wp-content\/uploads\/2024\/03\/Partenaires-1-300x45.png 300w, https:\/\/srfb.be\/wp-content\/uploads\/2024\/03\/Partenaires-1-18x3.png 18w, https:\/\/srfb.be\/wp-content\/uploads\/2024\/03\/Partenaires-1-600x90.png 600w, https:\/\/srfb.be\/wp-content\/uploads\/2024\/03\/Partenaires-1.png 1324w\" sizes=\"auto, (max-width: 1024px) 100vw, 1024px\" \/><\/figure>\n\n\n\n<hr class=\"wp-block-separator has-text-color has-grey-color-color has-alpha-channel-opacity has-grey-color-background-color has-background is-style-wide\"\/>\n\n\n\n<p>Neben der Anpflanzung von insgesamt 100.000 B\u00e4umen in sieben Pilotgebieten, davon 25.000 in Wallonien, soll das Projekt die genetische Vielfalt, die die neuen Baumarten und Herk\u00fcnfte mit sich bringen, ihr Invasionsrisiko und ihr Potenzial f\u00fcr die lokale Biodiversit\u00e4t bewerten. Dar\u00fcber hinaus werden drei Samenplantagen angelegt, um eine qualitative und nachhaltige Versorgung unserer Forstwirtschaft zu gew\u00e4hrleisten.  F\u00fcr Wallonien ist mit dieser Aufgabe das CRA-W betraut.\u00a0<\/p>\n\n\n\n<p>Von Herbst 2025 bis Fr\u00fchjahr 2026 hat MigFoRest zwei Pflanzsaisonen in Wallonien hinter sich, so dass insgesamt mehr als 6.500 B\u00e4ume gepflanzt werden. Nachfolgend finden Sie eine detaillierte Aufstellung der Baumarten und Herk\u00fcnfte.<\/p>\n\n\n\n<h3 class=\"wp-block-heading\"><strong>In Wallonien angepflanzte Baumarten und Herk\u00fcnfte (Stand Anfang 2026)<\/strong><\/h3>\n\n\n\n<figure class=\"wp-block-table\"><table class=\"has-fixed-layout\"><thead><tr><th class=\"has-text-align-left\" data-align=\"left\"><strong>Benzin<\/strong><\/th><th class=\"has-text-align-left\" data-align=\"left\"><strong>Herkunft<\/strong><\/th><\/tr><\/thead><tbody><tr><td class=\"has-text-align-left\" data-align=\"left\">Flaumige Eiche&nbsp;<\/td><td class=\"has-text-align-left\" data-align=\"left\">Italien&nbsp;<\/td><\/tr><tr><td class=\"has-text-align-left\" data-align=\"left\">Sessile Eiche&nbsp;<\/td><td class=\"has-text-align-left\" data-align=\"left\">Slowakei&nbsp;<\/td><\/tr><tr><td class=\"has-text-align-left\" data-align=\"left\">Eiche aus Ungarn&nbsp;<\/td><td class=\"has-text-align-left\" data-align=\"left\">Bulgarien&nbsp;<\/td><\/tr><tr><td class=\"has-text-align-left\" data-align=\"left\">Stieleiche&nbsp;<\/td><td class=\"has-text-align-left\" data-align=\"left\">Polen&nbsp;<\/td><\/tr><tr><td class=\"has-text-align-left\" data-align=\"left\">Gemeine Buche&nbsp;<\/td><td class=\"has-text-align-left\" data-align=\"left\">Frankreich&nbsp;<\/td><\/tr><tr><td class=\"has-text-align-left\" data-align=\"left\">Eiche zeen&nbsp;<\/td><td class=\"has-text-align-left\" data-align=\"left\">Spanien<\/td><\/tr><tr><td class=\"has-text-align-left\" data-align=\"left\">Tauzin-Eiche&nbsp;<\/td><td class=\"has-text-align-left\" data-align=\"left\">Frankreich&nbsp;<\/td><\/tr><\/tbody><\/table><\/figure>\n\n\n\n<p>Es wurden Vereinbarungen mit etwa 30 privaten Eigent\u00fcmern und Gemeinden in den beiden betroffenen Pilotregionen geschlossen: im Herzen des Condroz (Assesse, Ciney, Gesves, Hamois, Havelange, Ohey und Yvoir) und in den s\u00fcdlichen Ardennen (Bertrix, Bi\u00e8vre, Daverdisse, Gedinne, Paliseul).&nbsp;<\/p>\n\n\n\n<p>Die Pflanzorte werden zu etwa 50% auf \u00f6ffentlichem Grund und 50% bei privaten Eigent\u00fcmern verteilt. &nbsp;<\/p>\n\n\n\n<p>F\u00fcr die kommenden Winter geh\u00f6ren die Linde (klein- und gro\u00dfbl\u00e4ttrig), die Elsbeere, der Speierling, die Mehlbeere und die Gemeine Buche zu den bevorzugten Baumarten f\u00fcr die Wallonie. &nbsp;&nbsp;<\/p>\n\n\n\n<h3 class=\"wp-block-heading\"><strong>Hybridisierung<\/strong><\/h3>\n\n\n\n<p>Die B\u00e4ume werden \u00fcberwiegend in Anreicherungszellen gepflanzt (oder&nbsp;<em>klumps<\/em>) von 16 bis 25 Einheiten, auf Lichtungen oder in L\u00fccken. Bei der Auswahl der Pflanzstandorte bevorzugt MigFoRest Gebiete, die idealerweise drei Merkmale vereinen: geringe Artenvielfalt, geschw\u00e4chte Best\u00e4nde (Wasserstress, Chalarose im Condroz, Fichtenborkenk\u00e4fer in den Ardennen usw.) und gute Vernetzung.&nbsp;<\/p>\n\n\n\n<p>Denn das Ziel der unterst\u00fctzten Migration ist es nicht nur, Baumarten oder Herk\u00fcnfte zu importieren, die resistenter gegen den Klimawandel sind, sondern auch auf die Hybridisierung zwischen den eingef\u00fchrten B\u00e4umen und den lokalen Individuen zu setzen, um Individuen mit resistenteren Genen hervorzubringen.&nbsp;<\/p>\n\n\n\n<h3 class=\"wp-block-heading\"><strong>Bildung und Sensibilisierung<\/strong><\/h3>\n\n\n\n<p>MigFoRest umfasst eine wichtige Komponente der Sensibilisierung, Kommunikation und Schulung von F\u00f6rstern, politischen Entscheidungstr\u00e4gern und der breiten \u00d6ffentlichkeit. Im Jahr 2025 wurde eine erste Studienreise (1. und 2. April in der Provence) organisiert, um den Erfahrungsaustausch zwischen F\u00f6rstern und Baumschulbesitzern aus Nord- und S\u00fcdeuropa zu f\u00f6rdern. Ende August 2025 organisierte die SRFB eine Feldschulung in den Ardennen (Daverdisse und Paliseul) zum Thema \u00abGest\u00fctzte Migration\u00bb mit rund 40 Teilnehmern. Im Dezember betreuten wir rund 20 Sch\u00fcler des Coll\u00e8ge de Godinne bei der Anpflanzung von B\u00e4umen im Schulwald. Weitere Sensibilisierungs- und Schulungsma\u00dfnahmen werden organisiert, insbesondere an \"Demo-Standorten\", die in jedem Pilotgebiet eingerichtet werden.&nbsp;<\/p>\n\n\n\n<h4 class=\"wp-block-heading has-text-align-center has-vert-fonce-color-color has-text-color has-link-color wp-elements-6b85ced0739de35fb8b3f4846985e75d\">Verfolgen Sie die Neuigkeiten \u00fcber das Projekt<\/h4>\n\n\n\n<ul class=\"wp-block-social-links is-content-justification-center is-layout-flex wp-container-core-social-links-is-layout-a89b3969 wp-block-social-links-is-layout-flex\"><li class=\"wp-social-link wp-social-link-facebook  wp-block-social-link\"><a rel=\"noopener nofollow\" target=\"_blank\" href=\"https:\/\/www.facebook.com\/profile.php?id=61558659923117\" class=\"wp-block-social-link-anchor\"><svg width=\"24\" height=\"24\" viewbox=\"0 0 24 24\" version=\"1.1\" xmlns=\"http:\/\/www.w3.org\/2000\/svg\" aria-hidden=\"true\" focusable=\"false\"><path d=\"M12 2C6.5 2 2 6.5 2 12c0 5 3.7 9.1 8.4 9.9v-7H7.9V12h2.5V9.8c0-2.5 1.5-3.9 3.8-3.9 1.1 0 2.2.2 2.2.2v2.5h-1.3c-1.2 0-1.6.8-1.6 1.6V12h2.8l-.4 2.9h-2.3v7C18.3 21.1 22 17 22 12c0-5.5-4.5-10-10-10z\"><\/path><\/svg><span class=\"wp-block-social-link-label screen-reader-text\">Facebook<\/span><\/a><\/li>\n\n<li class=\"wp-social-link wp-social-link-linkedin  wp-block-social-link\"><a rel=\"noopener nofollow\" target=\"_blank\" href=\"https:\/\/www.linkedin.com\/in\/migforest-interreg-project-9426412ba\/\" class=\"wp-block-social-link-anchor\"><svg width=\"24\" height=\"24\" viewbox=\"0 0 24 24\" version=\"1.1\" xmlns=\"http:\/\/www.w3.org\/2000\/svg\" aria-hidden=\"true\" focusable=\"false\"><path d=\"M19.7,3H4.3C3.582,3,3,3.582,3,4.3v15.4C3,20.418,3.582,21,4.3,21h15.4c0.718,0,1.3-0.582,1.3-1.3V4.3 C21,3.582,20.418,3,19.7,3z M8.339,18.338H5.667v-8.59h2.672V18.338z M7.004,8.574c-0.857,0-1.549-0.694-1.549-1.548 c0-0.855,0.691-1.548,1.549-1.548c0.854,0,1.547,0.694,1.547,1.548C8.551,7.881,7.858,8.574,7.004,8.574z M18.339,18.338h-2.669 v-4.177c0-0.996-0.017-2.278-1.387-2.278c-1.389,0-1.601,1.086-1.601,2.206v4.249h-2.667v-8.59h2.559v1.174h0.037 c0.356-0.675,1.227-1.387,2.526-1.387c2.703,0,3.203,1.779,3.203,4.092V18.338z\"><\/path><\/svg><span class=\"wp-block-social-link-label screen-reader-text\">LinkedIn<\/span><\/a><\/li>\n\n<li class=\"wp-social-link wp-social-link-chain  wp-block-social-link\"><a rel=\"noopener nofollow\" target=\"_blank\" href=\"https:\/\/migforest.nweurope.eu\/\" class=\"wp-block-social-link-anchor\"><svg width=\"24\" height=\"24\" viewbox=\"0 0 24 24\" version=\"1.1\" xmlns=\"http:\/\/www.w3.org\/2000\/svg\" aria-hidden=\"true\" focusable=\"false\"><path d=\"M15.6,7.2H14v1.5h1.6c2,0,3.7,1.7,3.7,3.7s-1.7,3.7-3.7,3.7H14v1.5h1.6c2.8,0,5.2-2.3,5.2-5.2,0-2.9-2.3-5.2-5.2-5.2zM4.7,12.4c0-2,1.7-3.7,3.7-3.7H10V7.2H8.4c-2.9,0-5.2,2.3-5.2,5.2,0,2.9,2.3,5.2,5.2,5.2H10v-1.5H8.4c-2,0-3.7-1.7-3.7-3.7zm4.6.9h5.3v-1.5H9.3v1.5z\"><\/path><\/svg><span class=\"wp-block-social-link-label screen-reader-text\">Link<\/span><\/a><\/li><\/ul>\n\n\n\n<div class=\"wp-block-group is-layout-constrained wp-container-core-group-is-layout-05afb7f8 wp-block-group-is-layout-constrained\" style=\"margin-top:var(--wp--preset--spacing--70);margin-bottom:var(--wp--preset--spacing--70)\">\n<h3 class=\"wp-block-heading has-text-align-center\">Artikel<\/h3>\n\n\n\n<section data-wp-context=\"{}\" data-wp-interactive=\"core\/query\" data-wp-key=\"0\" data-wp-router-region=\"query-0\" class=\"wp-block-query is-layout-flow wp-block-query-is-layout-flow\"><ul class=\"wp-block-post-template is-layout-flow wp-container-core-post-template-is-layout-7f1ce2c0 wp-block-post-template-is-layout-flow\"><li data-wp-key=\"post-template-item-38018\" class=\"wp-block-post post-38018 post type-post status-publish format-standard has-post-thumbnail hentry category-actualite tag-foret tag-migforest tag-migration tag-plantation\">\n\n<div class=\"wp-block-group has-grey-color-background-color has-background is-layout-constrained wp-container-core-group-is-layout-b3cb40ef wp-block-group-is-layout-constrained\" style=\"padding-top:var(--wp--preset--spacing--40);padding-right:var(--wp--preset--spacing--40);padding-bottom:var(--wp--preset--spacing--40);padding-left:var(--wp--preset--spacing--40)\"><h4 style=\"margin-top:0;margin-bottom:0;\" class=\"wp-block-post-title\"><a href=\"https:\/\/srfb.be\/de\/2025\/01\/30\/migforest-planter-des-cellules-de-16-a-25-arbres\/\" target=\"_self\" >Tragen Sie zum MigFoRest-Projekt bei: Begr\u00fc\u00dfen Sie neue Baumarten in Ihrem Wald<\/a><\/h4>\n\n<div style=\"font-style:italic;font-weight:400;\" class=\"wp-block-post-date has-small-font-size\"><time datetime=\"2025-01-30T15:26:12+01:00\">2025 Januar 30<\/time><\/div><\/div>\n\n<\/li><li data-wp-key=\"post-template-item-37570\" class=\"wp-block-post post-37570 post type-post status-publish format-standard has-post-thumbnail hentry category-actualite tag-changements-climatiques tag-foret tag-futur tag-gestion tag-klump tag-migforest tag-plantation tag-reboisement\">\n\n<div class=\"wp-block-group has-grey-color-background-color has-background is-layout-constrained wp-container-core-group-is-layout-b3cb40ef wp-block-group-is-layout-constrained\" style=\"padding-top:var(--wp--preset--spacing--40);padding-right:var(--wp--preset--spacing--40);padding-bottom:var(--wp--preset--spacing--40);padding-left:var(--wp--preset--spacing--40)\"><h4 style=\"margin-top:0;margin-bottom:0;\" class=\"wp-block-post-title\"><a href=\"https:\/\/srfb.be\/de\/2024\/11\/12\/les-premiers-arbres-migforest-ont-ete-plantes\/\" target=\"_self\" >Die ersten MigFoRest-B\u00e4ume wurden gepflanzt<\/a><\/h4>\n\n<div style=\"font-style:italic;font-weight:400;\" class=\"wp-block-post-date has-small-font-size\"><time datetime=\"2024-11-12T11:01:58+01:00\">2024 November 12<\/time><\/div><\/div>\n\n<\/li><\/ul>\n\n\n\n<\/section>\n<\/div>","protected":false},"excerpt":{"rendered":"<p>Einsatz der unterst\u00fctzten Migration<\/p>","protected":false},"author":21,"featured_media":35784,"parent":35658,"menu_order":6,"comment_status":"closed","ping_status":"closed","template":"","meta":{"iawp_total_views":367,"footnotes":""},"class_list":["post-35810","page","type-page","status-publish","has-post-thumbnail","hentry"],"yoast_head":"<!-- This site is optimized with the Yoast SEO plugin v27.4 - https:\/\/yoast.com\/product\/yoast-seo-wordpress\/ -->\n<title>MigForest - Soci\u00e9t\u00e9 Royale Foresti\u00e8re de Belgique<\/title>\n<meta name=\"robots\" content=\"index, follow, max-snippet:-1, max-image-preview:large, max-video-preview:-1\" \/>\n<link rel=\"canonical\" href=\"https:\/\/srfb.be\/de\/schulungen-und-aktivitaten\/unsere-projekte\/migforest\/\" \/>\n<meta property=\"og:locale\" content=\"de_DE\" \/>\n<meta property=\"og:type\" content=\"article\" \/>\n<meta property=\"og:title\" content=\"MigForest - Soci\u00e9t\u00e9 Royale Foresti\u00e8re de Belgique\" \/>\n<meta property=\"og:description\" content=\"D\u00e9ployer la migration assist\u00e9e\" \/>\n<meta property=\"og:url\" content=\"https:\/\/srfb.be\/de\/schulungen-und-aktivitaten\/unsere-projekte\/migforest\/\" \/>\n<meta property=\"og:site_name\" content=\"Soci\u00e9t\u00e9 Royale Foresti\u00e8re de Belgique\" \/>\n<meta property=\"article:publisher\" content=\"https:\/\/www.facebook.com\/srfb.be\" \/>\n<meta property=\"article:modified_time\" content=\"2026-01-08T15:42:33+00:00\" \/>\n<meta property=\"og:image\" content=\"https:\/\/srfb.be\/wp-content\/uploads\/2024\/03\/MigForest.png\" \/>\n\t<meta property=\"og:image:width\" content=\"1280\" \/>\n\t<meta property=\"og:image:height\" content=\"768\" \/>\n\t<meta property=\"og:image:type\" content=\"image\/png\" \/>\n<script type=\"application\/ld+json\" class=\"yoast-schema-graph\">{\"@context\":\"https:\\\/\\\/schema.org\",\"@graph\":[{\"@type\":\"WebPage\",\"@id\":\"https:\\\/\\\/srfb.be\\\/de\\\/schulungen-und-aktivitaten\\\/unsere-projekte\\\/migforest\\\/\",\"url\":\"https:\\\/\\\/srfb.be\\\/de\\\/schulungen-und-aktivitaten\\\/unsere-projekte\\\/migforest\\\/\",\"name\":\"MigForest - Soci\u00e9t\u00e9 Royale Foresti\u00e8re de Belgique\",\"isPartOf\":{\"@id\":\"https:\\\/\\\/srfb.be\\\/#website\"},\"primaryImageOfPage\":{\"@id\":\"https:\\\/\\\/srfb.be\\\/de\\\/schulungen-und-aktivitaten\\\/unsere-projekte\\\/migforest\\\/#primaryimage\"},\"image\":{\"@id\":\"https:\\\/\\\/srfb.be\\\/de\\\/schulungen-und-aktivitaten\\\/unsere-projekte\\\/migforest\\\/#primaryimage\"},\"thumbnailUrl\":\"https:\\\/\\\/srfb.be\\\/wp-content\\\/uploads\\\/2024\\\/03\\\/MigForest.png\",\"datePublished\":\"2024-04-03T13:28:37+00:00\",\"dateModified\":\"2026-01-08T15:42:33+00:00\",\"breadcrumb\":{\"@id\":\"https:\\\/\\\/srfb.be\\\/de\\\/schulungen-und-aktivitaten\\\/unsere-projekte\\\/migforest\\\/#breadcrumb\"},\"inLanguage\":\"de\",\"potentialAction\":[{\"@type\":\"ReadAction\",\"target\":[\"https:\\\/\\\/srfb.be\\\/de\\\/schulungen-und-aktivitaten\\\/unsere-projekte\\\/migforest\\\/\"]}]},{\"@type\":\"ImageObject\",\"inLanguage\":\"de\",\"@id\":\"https:\\\/\\\/srfb.be\\\/de\\\/schulungen-und-aktivitaten\\\/unsere-projekte\\\/migforest\\\/#primaryimage\",\"url\":\"https:\\\/\\\/srfb.be\\\/wp-content\\\/uploads\\\/2024\\\/03\\\/MigForest.png\",\"contentUrl\":\"https:\\\/\\\/srfb.be\\\/wp-content\\\/uploads\\\/2024\\\/03\\\/MigForest.png\",\"width\":1280,\"height\":768,\"caption\":\"MigFoRest\"},{\"@type\":\"BreadcrumbList\",\"@id\":\"https:\\\/\\\/srfb.be\\\/de\\\/schulungen-und-aktivitaten\\\/unsere-projekte\\\/migforest\\\/#breadcrumb\",\"itemListElement\":[{\"@type\":\"ListItem\",\"position\":1,\"name\":\"Accueil\",\"item\":\"https:\\\/\\\/srfb.be\\\/en\\\/\"},{\"@type\":\"ListItem\",\"position\":2,\"name\":\"Formations et activit\u00e9s\",\"item\":\"https:\\\/\\\/srfb.be\\\/en\\\/trainings-and-activities\\\/\"},{\"@type\":\"ListItem\",\"position\":3,\"name\":\"Nos projets\",\"item\":\"https:\\\/\\\/srfb.be\\\/en\\\/trainings-and-activities\\\/our-projects\\\/\"},{\"@type\":\"ListItem\",\"position\":4,\"name\":\"MigForest\"}]},{\"@type\":\"WebSite\",\"@id\":\"https:\\\/\\\/srfb.be\\\/#website\",\"url\":\"https:\\\/\\\/srfb.be\\\/\",\"name\":\"Soci\u00e9t\u00e9 Royale Foresti\u00e8re de Belgique\",\"description\":\"Au service de la for\u00eat et des forestiers\",\"publisher\":{\"@id\":\"https:\\\/\\\/srfb.be\\\/#organization\"},\"alternateName\":\"SRFB-KBBM\",\"potentialAction\":[{\"@type\":\"SearchAction\",\"target\":{\"@type\":\"EntryPoint\",\"urlTemplate\":\"https:\\\/\\\/srfb.be\\\/?s={search_term_string}\"},\"query-input\":{\"@type\":\"PropertyValueSpecification\",\"valueRequired\":true,\"valueName\":\"search_term_string\"}}],\"inLanguage\":\"de\"},{\"@type\":\"Organization\",\"@id\":\"https:\\\/\\\/srfb.be\\\/#organization\",\"name\":\"Soci\u00e9t\u00e9 Royale Foresti\u00e8re De Belgique - Koninklijke Belgische Bosbouwmaatschappij\",\"alternateName\":\"SRFB-KBBM\",\"url\":\"https:\\\/\\\/srfb.be\\\/\",\"logo\":{\"@type\":\"ImageObject\",\"inLanguage\":\"de\",\"@id\":\"https:\\\/\\\/srfb.be\\\/#\\\/schema\\\/logo\\\/image\\\/\",\"url\":\"https:\\\/\\\/srfb.be\\\/wp-content\\\/uploads\\\/2019\\\/06\\\/android-chrome-256x256.png\",\"contentUrl\":\"https:\\\/\\\/srfb.be\\\/wp-content\\\/uploads\\\/2019\\\/06\\\/android-chrome-256x256.png\",\"width\":1200,\"height\":1232,\"caption\":\"Soci\u00e9t\u00e9 Royale Foresti\u00e8re De Belgique - Koninklijke Belgische Bosbouwmaatschappij\"},\"image\":{\"@id\":\"https:\\\/\\\/srfb.be\\\/#\\\/schema\\\/logo\\\/image\\\/\"},\"sameAs\":[\"https:\\\/\\\/www.facebook.com\\\/srfb.be\",\"https:\\\/\\\/www.instagram.com\\\/srfb_kbbm\\\/\",\"https:\\\/\\\/www.linkedin.com\\\/company\\\/srfb-kbbm\\\/\",\"https:\\\/\\\/www.youtube.com\\\/user\\\/srfbkbbm\"]}]}<\/script>\n<!-- \/ Yoast SEO plugin. -->","yoast_head_json":{"title":"MigForest - K\u00f6nigliche Forstgesellschaft von Belgien","robots":{"index":"index","follow":"follow","max-snippet":"max-snippet:-1","max-image-preview":"max-image-preview:large","max-video-preview":"max-video-preview:-1"},"canonical":"https:\/\/srfb.be\/de\/schulungen-und-aktivitaten\/unsere-projekte\/migforest\/","og_locale":"de_DE","og_type":"article","og_title":"MigForest - Soci\u00e9t\u00e9 Royale Foresti\u00e8re de Belgique","og_description":"D\u00e9ployer la migration assist\u00e9e","og_url":"https:\/\/srfb.be\/de\/schulungen-und-aktivitaten\/unsere-projekte\/migforest\/","og_site_name":"Soci\u00e9t\u00e9 Royale Foresti\u00e8re de Belgique","article_publisher":"https:\/\/www.facebook.com\/srfb.be","article_modified_time":"2026-01-08T15:42:33+00:00","og_image":[{"width":1280,"height":768,"url":"https:\/\/srfb.be\/wp-content\/uploads\/2024\/03\/MigForest.png","type":"image\/png"}],"schema":{"@context":"https:\/\/schema.org","@graph":[{"@type":"WebPage","@id":"https:\/\/srfb.be\/de\/schulungen-und-aktivitaten\/unsere-projekte\/migforest\/","url":"https:\/\/srfb.be\/de\/schulungen-und-aktivitaten\/unsere-projekte\/migforest\/","name":"MigForest - K\u00f6nigliche Forstgesellschaft von Belgien","isPartOf":{"@id":"https:\/\/srfb.be\/#website"},"primaryImageOfPage":{"@id":"https:\/\/srfb.be\/de\/schulungen-und-aktivitaten\/unsere-projekte\/migforest\/#primaryimage"},"image":{"@id":"https:\/\/srfb.be\/de\/schulungen-und-aktivitaten\/unsere-projekte\/migforest\/#primaryimage"},"thumbnailUrl":"https:\/\/srfb.be\/wp-content\/uploads\/2024\/03\/MigForest.png","datePublished":"2024-04-03T13:28:37+00:00","dateModified":"2026-01-08T15:42:33+00:00","breadcrumb":{"@id":"https:\/\/srfb.be\/de\/schulungen-und-aktivitaten\/unsere-projekte\/migforest\/#breadcrumb"},"inLanguage":"de","potentialAction":[{"@type":"ReadAction","target":["https:\/\/srfb.be\/de\/schulungen-und-aktivitaten\/unsere-projekte\/migforest\/"]}]},{"@type":"ImageObject","inLanguage":"de","@id":"https:\/\/srfb.be\/de\/schulungen-und-aktivitaten\/unsere-projekte\/migforest\/#primaryimage","url":"https:\/\/srfb.be\/wp-content\/uploads\/2024\/03\/MigForest.png","contentUrl":"https:\/\/srfb.be\/wp-content\/uploads\/2024\/03\/MigForest.png","width":1280,"height":768,"caption":"MigFoRest"},{"@type":"BreadcrumbList","@id":"https:\/\/srfb.be\/de\/schulungen-und-aktivitaten\/unsere-projekte\/migforest\/#breadcrumb","itemListElement":[{"@type":"ListItem","position":1,"name":"Accueil","item":"https:\/\/srfb.be\/en\/"},{"@type":"ListItem","position":2,"name":"Formations et activit\u00e9s","item":"https:\/\/srfb.be\/en\/trainings-and-activities\/"},{"@type":"ListItem","position":3,"name":"Nos projets","item":"https:\/\/srfb.be\/en\/trainings-and-activities\/our-projects\/"},{"@type":"ListItem","position":4,"name":"MigForest"}]},{"@type":"WebSite","@id":"https:\/\/srfb.be\/#website","url":"https:\/\/srfb.be\/","name":"K\u00f6nigliche Forstverein Belgiens","description":"Im Dienste des Waldes und der F\u00f6rster","publisher":{"@id":"https:\/\/srfb.be\/#organization"},"alternateName":"SRFB-KBBM","potentialAction":[{"@type":"SearchAction","target":{"@type":"EntryPoint","urlTemplate":"https:\/\/srfb.be\/?s={search_term_string}"},"query-input":{"@type":"PropertyValueSpecification","valueRequired":true,"valueName":"search_term_string"}}],"inLanguage":"de"},{"@type":"Organization","@id":"https:\/\/srfb.be\/#organization","name":"Soci\u00e9t\u00e9 Royale Foresti\u00e8re De Belgique - Koninklijke Belgische Bosbouwmaatschappij","alternateName":"SRFB-KBBM","url":"https:\/\/srfb.be\/","logo":{"@type":"ImageObject","inLanguage":"de","@id":"https:\/\/srfb.be\/#\/schema\/logo\/image\/","url":"https:\/\/srfb.be\/wp-content\/uploads\/2019\/06\/android-chrome-256x256.png","contentUrl":"https:\/\/srfb.be\/wp-content\/uploads\/2019\/06\/android-chrome-256x256.png","width":1200,"height":1232,"caption":"Soci\u00e9t\u00e9 Royale Foresti\u00e8re De Belgique - Koninklijke Belgische Bosbouwmaatschappij"},"image":{"@id":"https:\/\/srfb.be\/#\/schema\/logo\/image\/"},"sameAs":["https:\/\/www.facebook.com\/srfb.be","https:\/\/www.instagram.com\/srfb_kbbm\/","https:\/\/www.linkedin.com\/company\/srfb-kbbm\/","https:\/\/www.youtube.com\/user\/srfbkbbm"]}]}},"_links":{"self":[{"href":"https:\/\/srfb.be\/de\/wp-json\/wp\/v2\/pages\/35810","targetHints":{"allow":["GET"]}}],"collection":[{"href":"https:\/\/srfb.be\/de\/wp-json\/wp\/v2\/pages"}],"about":[{"href":"https:\/\/srfb.be\/de\/wp-json\/wp\/v2\/types\/page"}],"author":[{"embeddable":true,"href":"https:\/\/srfb.be\/de\/wp-json\/wp\/v2\/users\/21"}],"replies":[{"embeddable":true,"href":"https:\/\/srfb.be\/de\/wp-json\/wp\/v2\/comments?post=35810"}],"version-history":[{"count":0,"href":"https:\/\/srfb.be\/de\/wp-json\/wp\/v2\/pages\/35810\/revisions"}],"up":[{"embeddable":true,"href":"https:\/\/srfb.be\/de\/wp-json\/wp\/v2\/pages\/35658"}],"wp:featuredmedia":[{"embeddable":true,"href":"https:\/\/srfb.be\/de\/wp-json\/wp\/v2\/media\/35784"}],"wp:attachment":[{"href":"https:\/\/srfb.be\/de\/wp-json\/wp\/v2\/media?parent=35810"}],"curies":[{"name":"wp","href":"https:\/\/api.w.org\/{rel}","templated":true}]}}