{"id":31958,"date":"2023-06-28T15:00:41","date_gmt":"2023-06-28T13:00:41","guid":{"rendered":"https:\/\/srfb.be\/?page_id=31958"},"modified":"2025-05-13T11:39:51","modified_gmt":"2025-05-13T09:39:51","slug":"wer-bin-ich","status":"publish","type":"page","link":"https:\/\/srfb.be\/de\/forest-friends\/ressources-pedagogiques\/fiches-dactivites\/qui-suis-je\/","title":{"rendered":"Wer bin ich?"},"content":{"rendered":"<div class=\"yoast-breadcrumbs\"><span><span><a href=\"https:\/\/srfb.be\/de\/\">Startseite<\/a><\/span> &gt; <span><a href=\"https:\/\/srfb.be\/en\/forest-friends\/\">Entdecken Sie Forest Friends<\/a><\/span> &gt; <span><a href=\"https:\/\/kbbm.be\/forest-friends\/ressources-pedagogiques\/\">P\u00e4dagogische Ressourcen<\/a><\/span> &gt; <span><a href=\"https:\/\/kbbm.be\/forest-friends\/ressources-pedagogiques\/fiches-dactivites\/\">Arbeitsbl\u00e4tter<\/a><\/span> &gt; <span class=\"breadcrumb_last\" aria-current=\"page\"><strong>Wer bin ich?<\/strong><\/span><\/span><\/div>\n\n\n<div class=\"wp-block-group is-layout-constrained wp-block-group-is-layout-constrained\" style=\"margin-top:var(--wp--preset--spacing--80);margin-bottom:var(--wp--preset--spacing--80)\">\n<p class=\"has-text-align-center has-small-font-size\"><em><em><\/em><\/em><\/p>\n\n\n\n<div class=\"wp-block-columns is-layout-flex wp-container-core-columns-is-layout-45c10ec9 wp-block-columns-is-layout-flex\" style=\"margin-top:var(--wp--preset--spacing--60);margin-bottom:var(--wp--preset--spacing--60)\">\n<div class=\"wp-block-column is-vertically-aligned-center is-layout-flow wp-block-column-is-layout-flow\">\n<div class=\"wp-block-group has-border-color has-vert-claire-color-border-color is-layout-constrained wp-container-core-group-is-layout-52009084 wp-block-group-is-layout-constrained\" style=\"border-radius:5px;padding-top:var(--wp--preset--spacing--40);padding-right:var(--wp--preset--spacing--40);padding-bottom:var(--wp--preset--spacing--40);padding-left:var(--wp--preset--spacing--40)\">\n<h4 class=\"wp-block-heading has-text-align-center has-vert-claire-color-color has-text-color has-link-color wp-elements-21c4c00bb71893695c3f3c4d8c50c153\" style=\"margin-top:0;margin-bottom:0\">Thema<\/h4>\n\n\n\n<p class=\"has-text-align-center\" style=\"margin-top:var(--wp--preset--spacing--40);margin-bottom:0\"><strong><strong>Forstwirtschaft, multifunktionaler Wald, Berufe, Holzwirtschaft<\/strong><\/strong><\/p>\n<\/div>\n<\/div>\n\n\n\n<div class=\"wp-block-column is-vertically-aligned-center is-layout-flow wp-block-column-is-layout-flow\">\n<div class=\"wp-block-group has-border-color has-vert-claire-color-border-color is-layout-constrained wp-container-core-group-is-layout-52009084 wp-block-group-is-layout-constrained\" style=\"border-radius:5px;padding-top:var(--wp--preset--spacing--40);padding-right:var(--wp--preset--spacing--40);padding-bottom:var(--wp--preset--spacing--40);padding-left:var(--wp--preset--spacing--40)\">\n<h4 class=\"wp-block-heading has-text-align-center has-vert-claire-color-color has-text-color has-link-color wp-elements-aa45490ffe424d098764d11963e62a17\">Ebene<\/h4>\n\n\n\n<p class=\"has-text-align-center\" style=\"margin-top:var(--wp--preset--spacing--40);margin-bottom:0\"><strong><strong>10 bis 12 Jahre<\/strong><\/strong><\/p>\n<\/div>\n<\/div>\n<\/div>\n\n\n\n<div class=\"wp-block-columns is-layout-flex wp-container-core-columns-is-layout-eae17e81 wp-block-columns-is-layout-flex\" style=\"margin-top:var(--wp--preset--spacing--70);margin-bottom:var(--wp--preset--spacing--70)\">\n<div class=\"wp-block-column is-vertically-aligned-top is-layout-flow wp-block-column-is-layout-flow\" style=\"padding-right:0;padding-left:0\">\n<h2 class=\"wp-block-heading\">Ziele<\/h2>\n\n\n\n<ul class=\"wp-block-list\">\n<li>Kennenlernen der verschiedenen Berufe, die mit der Bewirtschaftung eines Waldes verbunden sind, und der damit zusammenh\u00e4ngenden Aktivit\u00e4ten.<\/li>\n<\/ul>\n<\/div>\n\n\n\n<div class=\"wp-block-column is-vertically-aligned-top is-layout-flow wp-block-column-is-layout-flow\" style=\"border-right-color:var(--wp--preset--color--grey-color);border-right-width:3px;border-left-color:var(--wp--preset--color--grey-color);border-left-width:3px;padding-right:var(--wp--preset--spacing--40);padding-left:var(--wp--preset--spacing--40)\">\n<h2 class=\"wp-block-heading\">Umsetzung<\/h2>\n\n\n\n<p>CARAH asbl (Cellule For\u00eat Nature Environnement), Hout Info Bois asbl, K\u00f6nigliche Forstverein Belgiens, mit der p\u00e4dagogischen Unterst\u00fctzung und Mitgestaltung von Empreintes asbl und mit der Unterst\u00fctzung des Europ\u00e4ischen Fonds f\u00fcr Regionale Entwicklung (Interreg Va - For\u00eat Pro Bos).<\/p>\n<\/div>\n\n\n\n<div class=\"wp-block-column is-vertically-aligned-top is-layout-flow wp-block-column-is-layout-flow\">\n<h2 class=\"wp-block-heading\">Beschreibung<\/h2>\n\n\n\n<p>Mithilfe von Pantomime sollen die Teilnehmer Handlungen oder Berufe entdecken, die mit dem Wald in Verbindung stehen. Die Aktivit\u00e4t zeigt eine breite Palette von Berufen: F\u00f6rster, Wissenschaftler, Tischler, Holzf\u00e4ller, ... Aber auch Handlungen, die mit Aktivit\u00e4ten im Wald verbunden sind: Joggen, einen Baum pflanzen, Wild z\u00e4hlen, einen Baum messen, ... So k\u00f6nnen Sie die Multifunktionalit\u00e4t unserer W\u00e4lder besser begreifen!<\/p>\n<\/div>\n<\/div>\n\n\n\n<div class=\"wp-block-buttons is-content-justification-center is-layout-flex wp-container-core-buttons-is-layout-c3d5205c wp-block-buttons-is-layout-flex\" style=\"margin-top:0;margin-bottom:0\">\n<div class=\"wp-block-button\"><a class=\"wp-block-button__link has-small-font-size has-custom-font-size wp-element-button\" href=\"https:\/\/srfb.be\/wp-content\/uploads\/2023\/06\/animation-l-homme-et-la-foret_Activite-Annexe-11.pdf\" target=\"_blank\" rel=\"noreferrer noopener\"><i class=\"fas fa-download\"><\/i> Herunterladen eines Aktivit\u00e4tsblattes<\/a><\/div>\n<\/div>\n\n\n\n<p class=\"has-text-align-center has-small-font-size\" style=\"margin-top:0;margin-bottom:0\">oder <strong>P\u00e4dagogisches Kit :<\/strong>\u00a0<a href=\"\/de\/forest-friends\/lernressourcen\/kits-pedagogiques\/#homme-et-foret\">Der Mensch und der Wald<\/a><\/p>\n<\/div>","protected":false},"excerpt":{"rendered":"<p>Th\u00e8me Gestion foresti\u00e8re, for\u00eat multifonctionnelle, m\u00e9tiers, fili\u00e8re bois Niveau 10 \u00e0 12 ans Objectifs R\u00e9alisation CARAH asbl (Cellule For\u00eat Nature Environnement), Hout Info Bois asbl, Soci\u00e9t\u00e9 Royale Foresti\u00e8re de Belgique, avec le soutien p\u00e9dagogique et co-concepteur de Empreintes asbl et avec le soutien du Fond Europ\u00e9en de D\u00e9veloppement R\u00e9gional (Interreg Va \u2013 For\u00eat Pro Bos)&#8230;. <\/p>\n<div class=\"clear\"><\/div>\n<p><a href=\"https:\/\/srfb.be\/de\/forest-friends\/ressources-pedagogiques\/fiches-dactivites\/qui-suis-je\/\" class=\"excerpt-read-more\">Read More<\/a><\/p>","protected":false},"author":18,"featured_media":11762,"parent":11336,"menu_order":0,"comment_status":"closed","ping_status":"closed","template":"","meta":{"iawp_total_views":23,"footnotes":""},"class_list":["post-31958","page","type-page","status-publish","has-post-thumbnail","hentry"],"yoast_head":"<!-- This site is optimized with the Yoast SEO plugin v27.3 - https:\/\/yoast.com\/product\/yoast-seo-wordpress\/ -->\n<title>Fiche d&#039;activit\u00e9 : Qui suis-je ? - SRFB<\/title>\n<meta name=\"description\" content=\"Au travers de mimes, les participants doivent d\u00e9couvrir des actions ou des m\u00e9tiers li\u00e9s \u00e0 la for\u00eat. L\u2019activit\u00e9 brosse une large palette de m\u00e9tiers : garde-forestier, scientifique, menuisier, b\u00fbcheron,\u2026\" \/>\n<meta name=\"robots\" content=\"index, follow, max-snippet:-1, max-image-preview:large, max-video-preview:-1\" \/>\n<link rel=\"canonical\" href=\"https:\/\/srfb.be\/de\/forest-friends\/lernressourcen\/aktivitatskarten\/wer-bin-ich\/\" \/>\n<meta property=\"og:locale\" content=\"de_DE\" \/>\n<meta property=\"og:type\" content=\"article\" \/>\n<meta property=\"og:title\" content=\"Fiche d&#039;activit\u00e9 : Qui suis-je ? - SRFB\" \/>\n<meta property=\"og:description\" content=\"Au travers de mimes, les participants doivent d\u00e9couvrir des actions ou des m\u00e9tiers li\u00e9s \u00e0 la for\u00eat. L\u2019activit\u00e9 brosse une large palette de m\u00e9tiers : garde-forestier, scientifique, menuisier, b\u00fbcheron,\u2026\" \/>\n<meta property=\"og:url\" content=\"https:\/\/srfb.be\/de\/forest-friends\/lernressourcen\/aktivitatskarten\/wer-bin-ich\/\" \/>\n<meta property=\"og:site_name\" content=\"Soci\u00e9t\u00e9 Royale Foresti\u00e8re de Belgique\" \/>\n<meta property=\"article:publisher\" content=\"https:\/\/www.facebook.com\/srfb.be\" \/>\n<meta property=\"article:modified_time\" content=\"2025-05-13T09:39:51+00:00\" \/>\n<meta property=\"og:image\" content=\"https:\/\/srfb.be\/wp-content\/uploads\/2020\/04\/A.12-1-scaled.jpg\" \/>\n\t<meta property=\"og:image:width\" content=\"1700\" \/>\n\t<meta property=\"og:image:height\" content=\"1275\" \/>\n\t<meta property=\"og:image:type\" content=\"image\/jpeg\" \/>\n<script type=\"application\/ld+json\" class=\"yoast-schema-graph\">{\"@context\":\"https:\\\/\\\/schema.org\",\"@graph\":[{\"@type\":\"WebPage\",\"@id\":\"https:\\\/\\\/srfb.be\\\/en\\\/forest-friends\\\/ressources-pedagogiques\\\/fiches-dactivites\\\/qui-suis-je\\\/\",\"url\":\"https:\\\/\\\/srfb.be\\\/en\\\/forest-friends\\\/ressources-pedagogiques\\\/fiches-dactivites\\\/qui-suis-je\\\/\",\"name\":\"Fiche d'activit\u00e9 : Qui suis-je ? - SRFB\",\"isPartOf\":{\"@id\":\"https:\\\/\\\/srfb.be\\\/de\\\/#website\"},\"primaryImageOfPage\":{\"@id\":\"https:\\\/\\\/srfb.be\\\/en\\\/forest-friends\\\/ressources-pedagogiques\\\/fiches-dactivites\\\/qui-suis-je\\\/#primaryimage\"},\"image\":{\"@id\":\"https:\\\/\\\/srfb.be\\\/en\\\/forest-friends\\\/ressources-pedagogiques\\\/fiches-dactivites\\\/qui-suis-je\\\/#primaryimage\"},\"thumbnailUrl\":\"https:\\\/\\\/srfb.be\\\/wp-content\\\/uploads\\\/2020\\\/04\\\/A.12-1-scaled.jpg\",\"datePublished\":\"2023-06-28T13:00:41+00:00\",\"dateModified\":\"2025-05-13T09:39:51+00:00\",\"description\":\"Au travers de mimes, les participants doivent d\u00e9couvrir des actions ou des m\u00e9tiers li\u00e9s \u00e0 la for\u00eat. L\u2019activit\u00e9 brosse une large palette de m\u00e9tiers : garde-forestier, scientifique, menuisier, b\u00fbcheron,\u2026\",\"breadcrumb\":{\"@id\":\"https:\\\/\\\/srfb.be\\\/en\\\/forest-friends\\\/ressources-pedagogiques\\\/fiches-dactivites\\\/qui-suis-je\\\/#breadcrumb\"},\"inLanguage\":\"de\",\"potentialAction\":[{\"@type\":\"ReadAction\",\"target\":[\"https:\\\/\\\/srfb.be\\\/en\\\/forest-friends\\\/ressources-pedagogiques\\\/fiches-dactivites\\\/qui-suis-je\\\/\"]}]},{\"@type\":\"ImageObject\",\"inLanguage\":\"de\",\"@id\":\"https:\\\/\\\/srfb.be\\\/en\\\/forest-friends\\\/ressources-pedagogiques\\\/fiches-dactivites\\\/qui-suis-je\\\/#primaryimage\",\"url\":\"https:\\\/\\\/srfb.be\\\/wp-content\\\/uploads\\\/2020\\\/04\\\/A.12-1-scaled.jpg\",\"contentUrl\":\"https:\\\/\\\/srfb.be\\\/wp-content\\\/uploads\\\/2020\\\/04\\\/A.12-1-scaled.jpg\",\"width\":1700,\"height\":1275,\"caption\":\"Qui suis-je ?\"},{\"@type\":\"BreadcrumbList\",\"@id\":\"https:\\\/\\\/srfb.be\\\/en\\\/forest-friends\\\/ressources-pedagogiques\\\/fiches-dactivites\\\/qui-suis-je\\\/#breadcrumb\",\"itemListElement\":[{\"@type\":\"ListItem\",\"position\":1,\"name\":\"Accueil\",\"item\":\"https:\\\/\\\/srfb.be\\\/de\\\/\"},{\"@type\":\"ListItem\",\"position\":2,\"name\":\"D\u00e9couvrez Forest Friends\",\"item\":\"https:\\\/\\\/srfb.be\\\/en\\\/forest-friends\\\/\"},{\"@type\":\"ListItem\",\"position\":3,\"name\":\"Ressources p\u00e9dagogiques\",\"item\":\"https:\\\/\\\/kbbm.be\\\/forest-friends\\\/ressources-pedagogiques\\\/\"},{\"@type\":\"ListItem\",\"position\":4,\"name\":\"Fiches d&rsquo;activit\u00e9s\",\"item\":\"https:\\\/\\\/kbbm.be\\\/forest-friends\\\/ressources-pedagogiques\\\/fiches-dactivites\\\/\"},{\"@type\":\"ListItem\",\"position\":5,\"name\":\"Qui suis-je ?\"}]},{\"@type\":\"WebSite\",\"@id\":\"https:\\\/\\\/srfb.be\\\/de\\\/#website\",\"url\":\"https:\\\/\\\/srfb.be\\\/de\\\/\",\"name\":\"Soci\u00e9t\u00e9 Royale Foresti\u00e8re de Belgique\",\"description\":\"Au service de la for\u00eat et des forestiers\",\"publisher\":{\"@id\":\"https:\\\/\\\/srfb.be\\\/de\\\/#organization\"},\"alternateName\":\"SRFB-KBBM\",\"potentialAction\":[{\"@type\":\"SearchAction\",\"target\":{\"@type\":\"EntryPoint\",\"urlTemplate\":\"https:\\\/\\\/srfb.be\\\/de\\\/?s={search_term_string}\"},\"query-input\":{\"@type\":\"PropertyValueSpecification\",\"valueRequired\":true,\"valueName\":\"search_term_string\"}}],\"inLanguage\":\"de\"},{\"@type\":\"Organization\",\"@id\":\"https:\\\/\\\/srfb.be\\\/de\\\/#organization\",\"name\":\"Soci\u00e9t\u00e9 Royale Foresti\u00e8re De Belgique - Koninklijke Belgische Bosbouwmaatschappij\",\"alternateName\":\"SRFB-KBBM\",\"url\":\"https:\\\/\\\/srfb.be\\\/de\\\/\",\"logo\":{\"@type\":\"ImageObject\",\"inLanguage\":\"de\",\"@id\":\"https:\\\/\\\/srfb.be\\\/de\\\/#\\\/schema\\\/logo\\\/image\\\/\",\"url\":\"https:\\\/\\\/srfb.be\\\/wp-content\\\/uploads\\\/2019\\\/06\\\/android-chrome-256x256.png\",\"contentUrl\":\"https:\\\/\\\/srfb.be\\\/wp-content\\\/uploads\\\/2019\\\/06\\\/android-chrome-256x256.png\",\"width\":1200,\"height\":1232,\"caption\":\"Soci\u00e9t\u00e9 Royale Foresti\u00e8re De Belgique - Koninklijke Belgische Bosbouwmaatschappij\"},\"image\":{\"@id\":\"https:\\\/\\\/srfb.be\\\/de\\\/#\\\/schema\\\/logo\\\/image\\\/\"},\"sameAs\":[\"https:\\\/\\\/www.facebook.com\\\/srfb.be\",\"https:\\\/\\\/www.instagram.com\\\/srfb_kbbm\\\/\",\"https:\\\/\\\/www.linkedin.com\\\/company\\\/srfb-kbbm\\\/\",\"https:\\\/\\\/www.youtube.com\\\/user\\\/srfbkbbm\"]}]}<\/script>\n<!-- \/ Yoast SEO plugin. -->","yoast_head_json":{"title":"Arbeitsblatt: Wer bin ich? - SRFB","description":"Anhand von Pantomime sollen die Teilnehmer Handlungen oder Berufe entdecken, die mit dem Wald zu tun haben. Die Aktivit\u00e4t umrei\u00dft eine breite Palette von Berufen: F\u00f6rster, Wissenschaftler, Tischler, Holzf\u00e4ller,...","robots":{"index":"index","follow":"follow","max-snippet":"max-snippet:-1","max-image-preview":"max-image-preview:large","max-video-preview":"max-video-preview:-1"},"canonical":"https:\/\/srfb.be\/de\/forest-friends\/lernressourcen\/aktivitatskarten\/wer-bin-ich\/","og_locale":"de_DE","og_type":"article","og_title":"Fiche d'activit\u00e9 : Qui suis-je ? - SRFB","og_description":"Au travers de mimes, les participants doivent d\u00e9couvrir des actions ou des m\u00e9tiers li\u00e9s \u00e0 la for\u00eat. L\u2019activit\u00e9 brosse une large palette de m\u00e9tiers : garde-forestier, scientifique, menuisier, b\u00fbcheron,\u2026","og_url":"https:\/\/srfb.be\/de\/forest-friends\/lernressourcen\/aktivitatskarten\/wer-bin-ich\/","og_site_name":"Soci\u00e9t\u00e9 Royale Foresti\u00e8re de Belgique","article_publisher":"https:\/\/www.facebook.com\/srfb.be","article_modified_time":"2025-05-13T09:39:51+00:00","og_image":[{"width":1700,"height":1275,"url":"https:\/\/srfb.be\/wp-content\/uploads\/2020\/04\/A.12-1-scaled.jpg","type":"image\/jpeg"}],"schema":{"@context":"https:\/\/schema.org","@graph":[{"@type":"WebPage","@id":"https:\/\/srfb.be\/en\/forest-friends\/ressources-pedagogiques\/fiches-dactivites\/qui-suis-je\/","url":"https:\/\/srfb.be\/en\/forest-friends\/ressources-pedagogiques\/fiches-dactivites\/qui-suis-je\/","name":"Arbeitsblatt: Wer bin ich? - SRFB","isPartOf":{"@id":"https:\/\/srfb.be\/de\/#website"},"primaryImageOfPage":{"@id":"https:\/\/srfb.be\/en\/forest-friends\/ressources-pedagogiques\/fiches-dactivites\/qui-suis-je\/#primaryimage"},"image":{"@id":"https:\/\/srfb.be\/en\/forest-friends\/ressources-pedagogiques\/fiches-dactivites\/qui-suis-je\/#primaryimage"},"thumbnailUrl":"https:\/\/srfb.be\/wp-content\/uploads\/2020\/04\/A.12-1-scaled.jpg","datePublished":"2023-06-28T13:00:41+00:00","dateModified":"2025-05-13T09:39:51+00:00","description":"Anhand von Pantomime sollen die Teilnehmer Handlungen oder Berufe entdecken, die mit dem Wald zu tun haben. Die Aktivit\u00e4t umrei\u00dft eine breite Palette von Berufen: F\u00f6rster, Wissenschaftler, Tischler, Holzf\u00e4ller,...","breadcrumb":{"@id":"https:\/\/srfb.be\/en\/forest-friends\/ressources-pedagogiques\/fiches-dactivites\/qui-suis-je\/#breadcrumb"},"inLanguage":"de","potentialAction":[{"@type":"ReadAction","target":["https:\/\/srfb.be\/en\/forest-friends\/ressources-pedagogiques\/fiches-dactivites\/qui-suis-je\/"]}]},{"@type":"ImageObject","inLanguage":"de","@id":"https:\/\/srfb.be\/en\/forest-friends\/ressources-pedagogiques\/fiches-dactivites\/qui-suis-je\/#primaryimage","url":"https:\/\/srfb.be\/wp-content\/uploads\/2020\/04\/A.12-1-scaled.jpg","contentUrl":"https:\/\/srfb.be\/wp-content\/uploads\/2020\/04\/A.12-1-scaled.jpg","width":1700,"height":1275,"caption":"Qui suis-je ?"},{"@type":"BreadcrumbList","@id":"https:\/\/srfb.be\/en\/forest-friends\/ressources-pedagogiques\/fiches-dactivites\/qui-suis-je\/#breadcrumb","itemListElement":[{"@type":"ListItem","position":1,"name":"Accueil","item":"https:\/\/srfb.be\/de\/"},{"@type":"ListItem","position":2,"name":"D\u00e9couvrez Forest Friends","item":"https:\/\/srfb.be\/en\/forest-friends\/"},{"@type":"ListItem","position":3,"name":"Ressources p\u00e9dagogiques","item":"https:\/\/kbbm.be\/forest-friends\/ressources-pedagogiques\/"},{"@type":"ListItem","position":4,"name":"Fiches d&rsquo;activit\u00e9s","item":"https:\/\/kbbm.be\/forest-friends\/ressources-pedagogiques\/fiches-dactivites\/"},{"@type":"ListItem","position":5,"name":"Qui suis-je ?"}]},{"@type":"WebSite","@id":"https:\/\/srfb.be\/de\/#website","url":"https:\/\/srfb.be\/de\/","name":"K\u00f6nigliche Forstverein Belgiens","description":"Im Dienste des Waldes und der F\u00f6rster","publisher":{"@id":"https:\/\/srfb.be\/de\/#organization"},"alternateName":"SRFB-KBBM","potentialAction":[{"@type":"SearchAction","target":{"@type":"EntryPoint","urlTemplate":"https:\/\/srfb.be\/de\/?s={search_term_string}"},"query-input":{"@type":"PropertyValueSpecification","valueRequired":true,"valueName":"search_term_string"}}],"inLanguage":"de"},{"@type":"Organization","@id":"https:\/\/srfb.be\/de\/#organization","name":"Soci\u00e9t\u00e9 Royale Foresti\u00e8re De Belgique - Koninklijke Belgische Bosbouwmaatschappij","alternateName":"SRFB-KBBM","url":"https:\/\/srfb.be\/de\/","logo":{"@type":"ImageObject","inLanguage":"de","@id":"https:\/\/srfb.be\/de\/#\/schema\/logo\/image\/","url":"https:\/\/srfb.be\/wp-content\/uploads\/2019\/06\/android-chrome-256x256.png","contentUrl":"https:\/\/srfb.be\/wp-content\/uploads\/2019\/06\/android-chrome-256x256.png","width":1200,"height":1232,"caption":"Soci\u00e9t\u00e9 Royale Foresti\u00e8re De Belgique - Koninklijke Belgische Bosbouwmaatschappij"},"image":{"@id":"https:\/\/srfb.be\/de\/#\/schema\/logo\/image\/"},"sameAs":["https:\/\/www.facebook.com\/srfb.be","https:\/\/www.instagram.com\/srfb_kbbm\/","https:\/\/www.linkedin.com\/company\/srfb-kbbm\/","https:\/\/www.youtube.com\/user\/srfbkbbm"]}]}},"_links":{"self":[{"href":"https:\/\/srfb.be\/de\/wp-json\/wp\/v2\/pages\/31958","targetHints":{"allow":["GET"]}}],"collection":[{"href":"https:\/\/srfb.be\/de\/wp-json\/wp\/v2\/pages"}],"about":[{"href":"https:\/\/srfb.be\/de\/wp-json\/wp\/v2\/types\/page"}],"author":[{"embeddable":true,"href":"https:\/\/srfb.be\/de\/wp-json\/wp\/v2\/users\/18"}],"replies":[{"embeddable":true,"href":"https:\/\/srfb.be\/de\/wp-json\/wp\/v2\/comments?post=31958"}],"version-history":[{"count":0,"href":"https:\/\/srfb.be\/de\/wp-json\/wp\/v2\/pages\/31958\/revisions"}],"up":[{"embeddable":true,"href":"https:\/\/srfb.be\/de\/wp-json\/wp\/v2\/pages\/11336"}],"wp:featuredmedia":[{"embeddable":true,"href":"https:\/\/srfb.be\/de\/wp-json\/wp\/v2\/media\/11762"}],"wp:attachment":[{"href":"https:\/\/srfb.be\/de\/wp-json\/wp\/v2\/media?parent=31958"}],"curies":[{"name":"wp","href":"https:\/\/api.w.org\/{rel}","templated":true}]}}