{"id":11336,"date":"2020-04-03T11:14:00","date_gmt":"2020-04-03T09:14:00","guid":{"rendered":"https:\/\/new.srfb.be\/?page_id=11336"},"modified":"2024-10-29T15:12:44","modified_gmt":"2024-10-29T14:12:44","slug":"aktivitatskarten","status":"publish","type":"page","link":"https:\/\/srfb.be\/de\/forest-friends\/ressources-pedagogiques\/fiches-dactivites\/","title":{"rendered":"Arbeitsbl\u00e4tter"},"content":{"rendered":"<div class=\"yoast-breadcrumbs\"><span><span><a href=\"https:\/\/srfb.be\/de\/\">Startseite<\/a><\/span> &gt; <span><a href=\"https:\/\/srfb.be\/en\/forest-friends\/\">Entdecken Sie Forest Friends<\/a><\/span> &gt; <span><a href=\"https:\/\/kbbm.be\/forest-friends\/ressources-pedagogiques\/\">P\u00e4dagogische Ressourcen<\/a><\/span> &gt; <span class=\"breadcrumb_last\" aria-current=\"page\"><strong>Arbeitsbl\u00e4tter<\/strong><\/span><\/span><\/div>\n\n\n<div class=\"wp-block-group is-layout-constrained wp-block-group-is-layout-constrained\" style=\"margin-top:var(--wp--preset--spacing--80);margin-bottom:var(--wp--preset--spacing--80)\">\n<h4 class=\"wp-block-heading\">Hier finden Sie alle unsere Aktivit\u00e4tenbl\u00e4tter!<\/h4>\n\n\n\n<p>Forest Friends bietet Ihnen spielerische Aktivit\u00e4ten an, um den Wald und die B\u00e4ume zu entdecken. Die Aktivit\u00e4ten richten sich an verschiedene Altersgruppen. Sie behandeln eine breite Palette an Themen: B\u00e4ume, Holzwirtschaft, Waldbewohner, Landart,... Verschiedene Ans\u00e4tze werden Ihnen angeboten: spielerisch, wissenschaftlich, k\u00fcnstlerisch, kin\u00e4sthetisch,...<\/p>\n\n\n\n<p>Alle Aktivit\u00e4ten stammen aus p\u00e4dagogischen Dossiers, die kostenlos im Internet heruntergeladen werden k\u00f6nnen.<\/p>\n\n\n\n<div class=\"wp-block-buttons is-content-justification-center is-layout-flex wp-container-core-buttons-is-layout-a89b3969 wp-block-buttons-is-layout-flex\">\n<div class=\"wp-block-button\"><a class=\"wp-block-button__link wp-element-button\" href=\"https:\/\/srfb.be\/de\/forest-friends\/lernressourcen\/kits-pedagogiques\/\"><i class=\"fas fa-book-open-reader\"><\/i> P\u00e4dagogische Kits<\/a><\/div>\n\n\n\n<div class=\"wp-block-button\"><a class=\"wp-block-button__link wp-element-button\" href=\"https:\/\/srfb.be\/de\/forest-friends\/dienstleistungen-und-tatigkeiten\/lehren-fuhrer-und-animatoren\/\"><i class=\"fas fa-graduation-cap\"><\/i> Ausbildung Lehrmittel<\/a><\/div>\n<\/div>\n\n\n\n<h5 class=\"wp-block-heading has-text-align-center\">Alle Aktivit\u00e4ten stammen aus p\u00e4dagogischen Dossiers, die kostenlos im Internet heruntergeladen werden k\u00f6nnen :<\/h5>\n\n\n\n<p class=\"has-text-align-center\"><em>Die neuen Unterrichtsbl\u00e4tter werden gerade erstellt<\/em><\/p>\n\n\n\n<div class=\"wp-block-query is-layout-flow wp-block-query-is-layout-flow\"><ul class=\"columns-2 wp-block-post-template is-layout-grid wp-container-core-post-template-is-layout-02493678 wp-block-post-template-is-layout-grid\"><li class=\"wp-block-post post-31958 page type-page status-publish has-post-thumbnail hentry\">\n<a href=\"https:\/\/srfb.be\/de\/forest-friends\/ressources-pedagogiques\/fiches-dactivites\/qui-suis-je\/\"    class=\"wp-block-tiptip-hyperlink-group-block\" >\n<div class=\"wp-block-cover has-custom-content-position is-position-bottom-center\" style=\"padding-top:0;padding-right:0;padding-bottom:0;padding-left:0;min-height:300px;aspect-ratio:unset;\"><span aria-hidden=\"true\" class=\"wp-block-cover__background has-background-dim-0 has-background-dim\" style=\"background-color:#786d63\"><\/span><img loading=\"lazy\" decoding=\"async\" width=\"1700\" height=\"1275\" src=\"https:\/\/srfb.be\/wp-content\/uploads\/2020\/04\/A.12-1-scaled.jpg\" class=\"wp-block-cover__image-background wp-post-image\" alt=\"Wer bin ich?\" data-object-fit=\"cover\" srcset=\"https:\/\/srfb.be\/wp-content\/uploads\/2020\/04\/A.12-1-scaled.jpg 1700w, https:\/\/srfb.be\/wp-content\/uploads\/2020\/04\/A.12-1-scaled-600x450.jpg 600w, https:\/\/srfb.be\/wp-content\/uploads\/2020\/04\/A.12-1-scaled-300x225.jpg 300w, https:\/\/srfb.be\/wp-content\/uploads\/2020\/04\/A.12-1-scaled-1024x768.jpg 1024w, https:\/\/srfb.be\/wp-content\/uploads\/2020\/04\/A.12-1-scaled-16x12.jpg 16w\" sizes=\"auto, (max-width: 1700px) 100vw, 1700px\" \/><div class=\"wp-block-cover__inner-container is-layout-flow wp-block-cover-is-layout-flow\">\n<div class=\"wp-block-group has-white-color has-text-color has-background has-link-color wp-elements-274e85926aa9bb56a7545f2fd04cd187 is-vertical is-content-justification-center is-layout-flex wp-container-core-group-is-layout-cf15fc7f wp-block-group-is-layout-flex\" style=\"background-color:#006341e8;padding-top:var(--wp--preset--spacing--60);padding-right:var(--wp--preset--spacing--60);padding-bottom:var(--wp--preset--spacing--60);padding-left:var(--wp--preset--spacing--60)\"><h2 style=\"text-decoration:none;\" class=\"has-text-align-center wp-block-post-title\">Wer bin ich?<\/h2><\/div>\n<\/div><\/div>\n<\/a>\n<\/li><li class=\"wp-block-post post-31956 page type-page status-publish has-post-thumbnail hentry\">\n<a href=\"https:\/\/srfb.be\/de\/forest-friends\/ressources-pedagogiques\/fiches-dactivites\/vivants-a-tous-les-etages\/\"    class=\"wp-block-tiptip-hyperlink-group-block\" >\n<div class=\"wp-block-cover has-custom-content-position is-position-bottom-center\" style=\"padding-top:0;padding-right:0;padding-bottom:0;padding-left:0;min-height:300px;aspect-ratio:unset;\"><span aria-hidden=\"true\" class=\"wp-block-cover__background has-background-dim-0 has-background-dim\" style=\"background-color:#786d63\"><\/span><img loading=\"lazy\" decoding=\"async\" width=\"1700\" height=\"1275\" src=\"https:\/\/srfb.be\/wp-content\/uploads\/2020\/04\/A.1.-scaled.jpg\" class=\"wp-block-cover__image-background wp-post-image\" alt=\"Lebendiges auf allen Etagen\" data-object-fit=\"cover\" srcset=\"https:\/\/srfb.be\/wp-content\/uploads\/2020\/04\/A.1.-scaled.jpg 1700w, https:\/\/srfb.be\/wp-content\/uploads\/2020\/04\/A.1.-scaled-600x450.jpg 600w, https:\/\/srfb.be\/wp-content\/uploads\/2020\/04\/A.1.-scaled-300x225.jpg 300w, https:\/\/srfb.be\/wp-content\/uploads\/2020\/04\/A.1.-scaled-1024x768.jpg 1024w, https:\/\/srfb.be\/wp-content\/uploads\/2020\/04\/A.1.-scaled-16x12.jpg 16w\" sizes=\"auto, (max-width: 1700px) 100vw, 1700px\" \/><div class=\"wp-block-cover__inner-container is-layout-flow wp-block-cover-is-layout-flow\">\n<div class=\"wp-block-group has-white-color has-text-color has-background has-link-color wp-elements-274e85926aa9bb56a7545f2fd04cd187 is-vertical is-content-justification-center is-layout-flex wp-container-core-group-is-layout-cf15fc7f wp-block-group-is-layout-flex\" style=\"background-color:#006341e8;padding-top:var(--wp--preset--spacing--60);padding-right:var(--wp--preset--spacing--60);padding-bottom:var(--wp--preset--spacing--60);padding-left:var(--wp--preset--spacing--60)\"><h2 style=\"text-decoration:none;\" class=\"has-text-align-center wp-block-post-title\">Lebendiges auf allen Etagen<\/h2><\/div>\n<\/div><\/div>\n<\/a>\n<\/li><li class=\"wp-block-post post-31954 page type-page status-publish has-post-thumbnail hentry\">\n<a href=\"https:\/\/srfb.be\/de\/forest-friends\/ressources-pedagogiques\/fiches-dactivites\/le-jeu-de-la-photosynthese\/\"    class=\"wp-block-tiptip-hyperlink-group-block\" >\n<div class=\"wp-block-cover has-custom-content-position is-position-bottom-center\" style=\"padding-top:0;padding-right:0;padding-bottom:0;padding-left:0;min-height:300px;aspect-ratio:unset;\"><span aria-hidden=\"true\" class=\"wp-block-cover__background has-background-dim-0 has-background-dim\" style=\"background-color:#786d63\"><\/span><img loading=\"lazy\" decoding=\"async\" width=\"1700\" height=\"1275\" src=\"https:\/\/srfb.be\/wp-content\/uploads\/2020\/04\/A.5-2-scaled.jpg\" class=\"wp-block-cover__image-background wp-post-image\" alt=\"Photosynthese-Spiel\" data-object-fit=\"cover\" srcset=\"https:\/\/srfb.be\/wp-content\/uploads\/2020\/04\/A.5-2-scaled.jpg 1700w, https:\/\/srfb.be\/wp-content\/uploads\/2020\/04\/A.5-2-scaled-600x450.jpg 600w, https:\/\/srfb.be\/wp-content\/uploads\/2020\/04\/A.5-2-scaled-300x225.jpg 300w, https:\/\/srfb.be\/wp-content\/uploads\/2020\/04\/A.5-2-scaled-1024x768.jpg 1024w, https:\/\/srfb.be\/wp-content\/uploads\/2020\/04\/A.5-2-scaled-16x12.jpg 16w\" sizes=\"auto, (max-width: 1700px) 100vw, 1700px\" \/><div class=\"wp-block-cover__inner-container is-layout-flow wp-block-cover-is-layout-flow\">\n<div class=\"wp-block-group has-white-color has-text-color has-background has-link-color wp-elements-274e85926aa9bb56a7545f2fd04cd187 is-vertical is-content-justification-center is-layout-flex wp-container-core-group-is-layout-cf15fc7f wp-block-group-is-layout-flex\" style=\"background-color:#006341e8;padding-top:var(--wp--preset--spacing--60);padding-right:var(--wp--preset--spacing--60);padding-bottom:var(--wp--preset--spacing--60);padding-left:var(--wp--preset--spacing--60)\"><h2 style=\"text-decoration:none;\" class=\"has-text-align-center wp-block-post-title\">Das Spiel der Photosynthese<\/h2><\/div>\n<\/div><\/div>\n<\/a>\n<\/li><li class=\"wp-block-post post-31938 page type-page status-publish has-post-thumbnail hentry\">\n<a href=\"https:\/\/srfb.be\/de\/forest-friends\/ressources-pedagogiques\/fiches-dactivites\/avis-de-recherche\/\"    class=\"wp-block-tiptip-hyperlink-group-block\" >\n<div class=\"wp-block-cover has-custom-content-position is-position-bottom-center\" style=\"padding-top:0;padding-right:0;padding-bottom:0;padding-left:0;min-height:300px;aspect-ratio:unset;\"><span aria-hidden=\"true\" class=\"wp-block-cover__background has-background-dim-0 has-background-dim\" style=\"background-color:#786d63\"><\/span><img loading=\"lazy\" decoding=\"async\" width=\"1700\" height=\"1275\" src=\"https:\/\/srfb.be\/wp-content\/uploads\/2020\/04\/A.8-1-1-scaled.jpg\" class=\"wp-block-cover__image-background wp-post-image\" alt=\"Suchmeldung\" data-object-fit=\"cover\" srcset=\"https:\/\/srfb.be\/wp-content\/uploads\/2020\/04\/A.8-1-1-scaled.jpg 1700w, https:\/\/srfb.be\/wp-content\/uploads\/2020\/04\/A.8-1-1-scaled-600x450.jpg 600w, https:\/\/srfb.be\/wp-content\/uploads\/2020\/04\/A.8-1-1-scaled-300x225.jpg 300w, https:\/\/srfb.be\/wp-content\/uploads\/2020\/04\/A.8-1-1-scaled-1024x768.jpg 1024w, https:\/\/srfb.be\/wp-content\/uploads\/2020\/04\/A.8-1-1-scaled-16x12.jpg 16w\" sizes=\"auto, (max-width: 1700px) 100vw, 1700px\" \/><div class=\"wp-block-cover__inner-container is-layout-flow wp-block-cover-is-layout-flow\">\n<div class=\"wp-block-group has-white-color has-text-color has-background has-link-color wp-elements-274e85926aa9bb56a7545f2fd04cd187 is-vertical is-content-justification-center is-layout-flex wp-container-core-group-is-layout-cf15fc7f wp-block-group-is-layout-flex\" style=\"background-color:#006341e8;padding-top:var(--wp--preset--spacing--60);padding-right:var(--wp--preset--spacing--60);padding-bottom:var(--wp--preset--spacing--60);padding-left:var(--wp--preset--spacing--60)\"><h2 style=\"text-decoration:none;\" class=\"has-text-align-center wp-block-post-title\">Suchmeldung<\/h2><\/div>\n<\/div><\/div>\n<\/a>\n<\/li><li class=\"wp-block-post post-31914 page type-page status-publish has-post-thumbnail hentry\">\n<a href=\"https:\/\/srfb.be\/de\/forest-friends\/ressources-pedagogiques\/fiches-dactivites\/arbragym\/\"    class=\"wp-block-tiptip-hyperlink-group-block\" >\n<div class=\"wp-block-cover has-custom-content-position is-position-bottom-center\" style=\"padding-top:0;padding-right:0;padding-bottom:0;padding-left:0;min-height:300px;aspect-ratio:unset;\"><span aria-hidden=\"true\" class=\"wp-block-cover__background has-background-dim-0 has-background-dim\" style=\"background-color:#786d63\"><\/span><img loading=\"lazy\" decoding=\"async\" width=\"1700\" height=\"1415\" src=\"https:\/\/srfb.be\/wp-content\/uploads\/2020\/04\/C.4-2-scaled.jpg\" class=\"wp-block-cover__image-background wp-post-image\" alt=\"Abragym\" data-object-fit=\"cover\" srcset=\"https:\/\/srfb.be\/wp-content\/uploads\/2020\/04\/C.4-2-scaled.jpg 1700w, https:\/\/srfb.be\/wp-content\/uploads\/2020\/04\/C.4-2-scaled-600x499.jpg 600w, https:\/\/srfb.be\/wp-content\/uploads\/2020\/04\/C.4-2-scaled-300x250.jpg 300w, https:\/\/srfb.be\/wp-content\/uploads\/2020\/04\/C.4-2-scaled-1024x852.jpg 1024w, https:\/\/srfb.be\/wp-content\/uploads\/2020\/04\/C.4-2-scaled-14x12.jpg 14w\" sizes=\"auto, (max-width: 1700px) 100vw, 1700px\" \/><div class=\"wp-block-cover__inner-container is-layout-flow wp-block-cover-is-layout-flow\">\n<div class=\"wp-block-group has-white-color has-text-color has-background has-link-color wp-elements-274e85926aa9bb56a7545f2fd04cd187 is-vertical is-content-justification-center is-layout-flex wp-container-core-group-is-layout-cf15fc7f wp-block-group-is-layout-flex\" style=\"background-color:#006341e8;padding-top:var(--wp--preset--spacing--60);padding-right:var(--wp--preset--spacing--60);padding-bottom:var(--wp--preset--spacing--60);padding-left:var(--wp--preset--spacing--60)\"><h2 style=\"text-decoration:none;\" class=\"has-text-align-center wp-block-post-title\">Arbragym<\/h2><\/div>\n<\/div><\/div>\n<\/a>\n<\/li><\/ul>\n\n\n\n<\/div>\n<\/div>","protected":false},"excerpt":{"rendered":"<p>Retrouvez ici toutes nos fiches activit\u00e9s ! Forest Friends vous propose des activit\u00e9s ludiques pour d\u00e9couvrir la for\u00eat et les arbres. Les activit\u00e9s s\u2019adressent \u00e0 diff\u00e9rentes tranches d\u2019\u00e2ge. Elles abordent une large palette de th\u00e9matique : arbre, fili\u00e8re bois, habitants de la for\u00eat, landart,\u2026Diff\u00e9rentes approches vous sont propos\u00e9es : ludique, scientifique, artistique, kinesth\u00e9sique,\u2026 Toutes les&#8230; <\/p>\n<div class=\"clear\"><\/div>\n<p><a href=\"https:\/\/srfb.be\/de\/forest-friends\/ressources-pedagogiques\/fiches-dactivites\/\" class=\"excerpt-read-more\">Read More<\/a><\/p>","protected":false},"author":18,"featured_media":11347,"parent":31277,"menu_order":0,"comment_status":"closed","ping_status":"closed","template":"","meta":{"iawp_total_views":112,"footnotes":""},"class_list":["post-11336","page","type-page","status-publish","has-post-thumbnail","hentry"],"yoast_head":"<!-- This site is optimized with the Yoast SEO plugin v27.3 - https:\/\/yoast.com\/product\/yoast-seo-wordpress\/ -->\n<title>Fiches d&#039;activit\u00e9s | Forest Friends - SRFB<\/title>\n<meta name=\"description\" content=\"Forest Friends vous propose des activit\u00e9s ludiques pour d\u00e9couvrir la for\u00eat et les arbres via ces activit\u00e9s s\u2019adressent aux enfants et adultes.\" \/>\n<meta name=\"robots\" content=\"index, follow, max-snippet:-1, max-image-preview:large, max-video-preview:-1\" \/>\n<link rel=\"canonical\" href=\"https:\/\/kbbm.be\/forest-friends\/ressources-pedagogiques\/fiches-dactivites\/\" \/>\n<meta property=\"og:locale\" content=\"de_DE\" \/>\n<meta property=\"og:type\" content=\"article\" \/>\n<meta property=\"og:title\" content=\"Fiches d&#039;activit\u00e9s | Forest Friends - SRFB\" \/>\n<meta property=\"og:description\" content=\"Forest Friends vous propose des activit\u00e9s ludiques pour d\u00e9couvrir la for\u00eat et les arbres via ces activit\u00e9s s\u2019adressent aux enfants et adultes.\" \/>\n<meta property=\"og:url\" content=\"https:\/\/kbbm.be\/forest-friends\/ressources-pedagogiques\/fiches-dactivites\/\" \/>\n<meta property=\"og:site_name\" content=\"Soci\u00e9t\u00e9 Royale Foresti\u00e8re de Belgique\" \/>\n<meta property=\"article:publisher\" content=\"https:\/\/www.facebook.com\/srfb.be\" \/>\n<meta property=\"article:modified_time\" content=\"2024-10-29T14:12:44+00:00\" \/>\n<meta property=\"og:image\" content=\"https:\/\/kbbm.be\/wp-content\/uploads\/2020\/04\/books-2863724_1920.jpg\" \/>\n\t<meta property=\"og:image:width\" content=\"1700\" \/>\n\t<meta property=\"og:image:height\" content=\"1133\" \/>\n\t<meta property=\"og:image:type\" content=\"image\/jpeg\" \/>\n<script type=\"application\/ld+json\" class=\"yoast-schema-graph\">{\"@context\":\"https:\\\/\\\/schema.org\",\"@graph\":[{\"@type\":\"WebPage\",\"@id\":\"https:\\\/\\\/kbbm.be\\\/forest-friends\\\/ressources-pedagogiques\\\/fiches-dactivites\\\/\",\"url\":\"https:\\\/\\\/kbbm.be\\\/forest-friends\\\/ressources-pedagogiques\\\/fiches-dactivites\\\/\",\"name\":\"Fiches d'activit\u00e9s | Forest Friends - SRFB\",\"isPartOf\":{\"@id\":\"https:\\\/\\\/srfb.be\\\/de\\\/#website\"},\"primaryImageOfPage\":{\"@id\":\"https:\\\/\\\/kbbm.be\\\/forest-friends\\\/ressources-pedagogiques\\\/fiches-dactivites\\\/#primaryimage\"},\"image\":{\"@id\":\"https:\\\/\\\/kbbm.be\\\/forest-friends\\\/ressources-pedagogiques\\\/fiches-dactivites\\\/#primaryimage\"},\"thumbnailUrl\":\"https:\\\/\\\/srfb.be\\\/wp-content\\\/uploads\\\/2020\\\/04\\\/books-2863724_1920.jpg\",\"datePublished\":\"2020-04-03T09:14:00+00:00\",\"dateModified\":\"2024-10-29T14:12:44+00:00\",\"description\":\"Forest Friends vous propose des activit\u00e9s ludiques pour d\u00e9couvrir la for\u00eat et les arbres via ces activit\u00e9s s\u2019adressent aux enfants et adultes.\",\"breadcrumb\":{\"@id\":\"https:\\\/\\\/kbbm.be\\\/forest-friends\\\/ressources-pedagogiques\\\/fiches-dactivites\\\/#breadcrumb\"},\"inLanguage\":\"de\",\"potentialAction\":[{\"@type\":\"ReadAction\",\"target\":[\"https:\\\/\\\/kbbm.be\\\/forest-friends\\\/ressources-pedagogiques\\\/fiches-dactivites\\\/\"]}]},{\"@type\":\"ImageObject\",\"inLanguage\":\"de\",\"@id\":\"https:\\\/\\\/kbbm.be\\\/forest-friends\\\/ressources-pedagogiques\\\/fiches-dactivites\\\/#primaryimage\",\"url\":\"https:\\\/\\\/srfb.be\\\/wp-content\\\/uploads\\\/2020\\\/04\\\/books-2863724_1920.jpg\",\"contentUrl\":\"https:\\\/\\\/srfb.be\\\/wp-content\\\/uploads\\\/2020\\\/04\\\/books-2863724_1920.jpg\",\"width\":1700,\"height\":1133,\"caption\":\"Image by \u0412\u0438\u043a\u0442\u043e\u0440\u0438\u044f \u0411\u043e\u0440\u043e\u0434\u0438\u043d\u043e\u0432\u0430 from Pixabay\"},{\"@type\":\"BreadcrumbList\",\"@id\":\"https:\\\/\\\/kbbm.be\\\/forest-friends\\\/ressources-pedagogiques\\\/fiches-dactivites\\\/#breadcrumb\",\"itemListElement\":[{\"@type\":\"ListItem\",\"position\":1,\"name\":\"Accueil\",\"item\":\"https:\\\/\\\/srfb.be\\\/de\\\/\"},{\"@type\":\"ListItem\",\"position\":2,\"name\":\"D\u00e9couvrez Forest Friends\",\"item\":\"https:\\\/\\\/srfb.be\\\/en\\\/forest-friends\\\/\"},{\"@type\":\"ListItem\",\"position\":3,\"name\":\"Ressources p\u00e9dagogiques\",\"item\":\"https:\\\/\\\/kbbm.be\\\/forest-friends\\\/ressources-pedagogiques\\\/\"},{\"@type\":\"ListItem\",\"position\":4,\"name\":\"Fiches d&rsquo;activit\u00e9s\"}]},{\"@type\":\"WebSite\",\"@id\":\"https:\\\/\\\/srfb.be\\\/de\\\/#website\",\"url\":\"https:\\\/\\\/srfb.be\\\/de\\\/\",\"name\":\"Soci\u00e9t\u00e9 Royale Foresti\u00e8re de Belgique\",\"description\":\"Au service de la for\u00eat et des forestiers\",\"publisher\":{\"@id\":\"https:\\\/\\\/srfb.be\\\/de\\\/#organization\"},\"alternateName\":\"SRFB-KBBM\",\"potentialAction\":[{\"@type\":\"SearchAction\",\"target\":{\"@type\":\"EntryPoint\",\"urlTemplate\":\"https:\\\/\\\/srfb.be\\\/de\\\/?s={search_term_string}\"},\"query-input\":{\"@type\":\"PropertyValueSpecification\",\"valueRequired\":true,\"valueName\":\"search_term_string\"}}],\"inLanguage\":\"de\"},{\"@type\":\"Organization\",\"@id\":\"https:\\\/\\\/srfb.be\\\/de\\\/#organization\",\"name\":\"Soci\u00e9t\u00e9 Royale Foresti\u00e8re De Belgique - Koninklijke Belgische Bosbouwmaatschappij\",\"alternateName\":\"SRFB-KBBM\",\"url\":\"https:\\\/\\\/srfb.be\\\/de\\\/\",\"logo\":{\"@type\":\"ImageObject\",\"inLanguage\":\"de\",\"@id\":\"https:\\\/\\\/srfb.be\\\/de\\\/#\\\/schema\\\/logo\\\/image\\\/\",\"url\":\"https:\\\/\\\/srfb.be\\\/wp-content\\\/uploads\\\/2019\\\/06\\\/android-chrome-256x256.png\",\"contentUrl\":\"https:\\\/\\\/srfb.be\\\/wp-content\\\/uploads\\\/2019\\\/06\\\/android-chrome-256x256.png\",\"width\":1200,\"height\":1232,\"caption\":\"Soci\u00e9t\u00e9 Royale Foresti\u00e8re De Belgique - Koninklijke Belgische Bosbouwmaatschappij\"},\"image\":{\"@id\":\"https:\\\/\\\/srfb.be\\\/de\\\/#\\\/schema\\\/logo\\\/image\\\/\"},\"sameAs\":[\"https:\\\/\\\/www.facebook.com\\\/srfb.be\",\"https:\\\/\\\/www.instagram.com\\\/srfb_kbbm\\\/\",\"https:\\\/\\\/www.linkedin.com\\\/company\\\/srfb-kbbm\\\/\",\"https:\\\/\\\/www.youtube.com\\\/user\\\/srfbkbbm\"]}]}<\/script>\n<!-- \/ Yoast SEO plugin. -->","yoast_head_json":{"title":"Arbeitsbl\u00e4tter | Forest Friends - SRFB","description":"Forest Friends bietet Ihnen spielerische Aktivit\u00e4ten, um den Wald und die B\u00e4ume \u00fcber diese Aktivit\u00e4ten zu entdecken, die sich an Kinder und Erwachsene richten.","robots":{"index":"index","follow":"follow","max-snippet":"max-snippet:-1","max-image-preview":"max-image-preview:large","max-video-preview":"max-video-preview:-1"},"canonical":"https:\/\/kbbm.be\/forest-friends\/ressources-pedagogiques\/fiches-dactivites\/","og_locale":"de_DE","og_type":"article","og_title":"Fiches d'activit\u00e9s | Forest Friends - SRFB","og_description":"Forest Friends vous propose des activit\u00e9s ludiques pour d\u00e9couvrir la for\u00eat et les arbres via ces activit\u00e9s s\u2019adressent aux enfants et adultes.","og_url":"https:\/\/kbbm.be\/forest-friends\/ressources-pedagogiques\/fiches-dactivites\/","og_site_name":"Soci\u00e9t\u00e9 Royale Foresti\u00e8re de Belgique","article_publisher":"https:\/\/www.facebook.com\/srfb.be","article_modified_time":"2024-10-29T14:12:44+00:00","og_image":[{"width":1700,"height":1133,"url":"https:\/\/kbbm.be\/wp-content\/uploads\/2020\/04\/books-2863724_1920.jpg","type":"image\/jpeg"}],"schema":{"@context":"https:\/\/schema.org","@graph":[{"@type":"WebPage","@id":"https:\/\/kbbm.be\/forest-friends\/ressources-pedagogiques\/fiches-dactivites\/","url":"https:\/\/kbbm.be\/forest-friends\/ressources-pedagogiques\/fiches-dactivites\/","name":"Arbeitsbl\u00e4tter | Forest Friends - SRFB","isPartOf":{"@id":"https:\/\/srfb.be\/de\/#website"},"primaryImageOfPage":{"@id":"https:\/\/kbbm.be\/forest-friends\/ressources-pedagogiques\/fiches-dactivites\/#primaryimage"},"image":{"@id":"https:\/\/kbbm.be\/forest-friends\/ressources-pedagogiques\/fiches-dactivites\/#primaryimage"},"thumbnailUrl":"https:\/\/srfb.be\/wp-content\/uploads\/2020\/04\/books-2863724_1920.jpg","datePublished":"2020-04-03T09:14:00+00:00","dateModified":"2024-10-29T14:12:44+00:00","description":"Forest Friends bietet Ihnen spielerische Aktivit\u00e4ten, um den Wald und die B\u00e4ume \u00fcber diese Aktivit\u00e4ten zu entdecken, die sich an Kinder und Erwachsene richten.","breadcrumb":{"@id":"https:\/\/kbbm.be\/forest-friends\/ressources-pedagogiques\/fiches-dactivites\/#breadcrumb"},"inLanguage":"de","potentialAction":[{"@type":"ReadAction","target":["https:\/\/kbbm.be\/forest-friends\/ressources-pedagogiques\/fiches-dactivites\/"]}]},{"@type":"ImageObject","inLanguage":"de","@id":"https:\/\/kbbm.be\/forest-friends\/ressources-pedagogiques\/fiches-dactivites\/#primaryimage","url":"https:\/\/srfb.be\/wp-content\/uploads\/2020\/04\/books-2863724_1920.jpg","contentUrl":"https:\/\/srfb.be\/wp-content\/uploads\/2020\/04\/books-2863724_1920.jpg","width":1700,"height":1133,"caption":"Image by \u0412\u0438\u043a\u0442\u043e\u0440\u0438\u044f \u0411\u043e\u0440\u043e\u0434\u0438\u043d\u043e\u0432\u0430 from Pixabay"},{"@type":"BreadcrumbList","@id":"https:\/\/kbbm.be\/forest-friends\/ressources-pedagogiques\/fiches-dactivites\/#breadcrumb","itemListElement":[{"@type":"ListItem","position":1,"name":"Accueil","item":"https:\/\/srfb.be\/de\/"},{"@type":"ListItem","position":2,"name":"D\u00e9couvrez Forest Friends","item":"https:\/\/srfb.be\/en\/forest-friends\/"},{"@type":"ListItem","position":3,"name":"Ressources p\u00e9dagogiques","item":"https:\/\/kbbm.be\/forest-friends\/ressources-pedagogiques\/"},{"@type":"ListItem","position":4,"name":"Fiches d&rsquo;activit\u00e9s"}]},{"@type":"WebSite","@id":"https:\/\/srfb.be\/de\/#website","url":"https:\/\/srfb.be\/de\/","name":"K\u00f6nigliche Forstverein Belgiens","description":"Im Dienste des Waldes und der F\u00f6rster","publisher":{"@id":"https:\/\/srfb.be\/de\/#organization"},"alternateName":"SRFB-KBBM","potentialAction":[{"@type":"SearchAction","target":{"@type":"EntryPoint","urlTemplate":"https:\/\/srfb.be\/de\/?s={search_term_string}"},"query-input":{"@type":"PropertyValueSpecification","valueRequired":true,"valueName":"search_term_string"}}],"inLanguage":"de"},{"@type":"Organization","@id":"https:\/\/srfb.be\/de\/#organization","name":"Soci\u00e9t\u00e9 Royale Foresti\u00e8re De Belgique - Koninklijke Belgische Bosbouwmaatschappij","alternateName":"SRFB-KBBM","url":"https:\/\/srfb.be\/de\/","logo":{"@type":"ImageObject","inLanguage":"de","@id":"https:\/\/srfb.be\/de\/#\/schema\/logo\/image\/","url":"https:\/\/srfb.be\/wp-content\/uploads\/2019\/06\/android-chrome-256x256.png","contentUrl":"https:\/\/srfb.be\/wp-content\/uploads\/2019\/06\/android-chrome-256x256.png","width":1200,"height":1232,"caption":"Soci\u00e9t\u00e9 Royale Foresti\u00e8re De Belgique - Koninklijke Belgische Bosbouwmaatschappij"},"image":{"@id":"https:\/\/srfb.be\/de\/#\/schema\/logo\/image\/"},"sameAs":["https:\/\/www.facebook.com\/srfb.be","https:\/\/www.instagram.com\/srfb_kbbm\/","https:\/\/www.linkedin.com\/company\/srfb-kbbm\/","https:\/\/www.youtube.com\/user\/srfbkbbm"]}]}},"_links":{"self":[{"href":"https:\/\/srfb.be\/de\/wp-json\/wp\/v2\/pages\/11336","targetHints":{"allow":["GET"]}}],"collection":[{"href":"https:\/\/srfb.be\/de\/wp-json\/wp\/v2\/pages"}],"about":[{"href":"https:\/\/srfb.be\/de\/wp-json\/wp\/v2\/types\/page"}],"author":[{"embeddable":true,"href":"https:\/\/srfb.be\/de\/wp-json\/wp\/v2\/users\/18"}],"replies":[{"embeddable":true,"href":"https:\/\/srfb.be\/de\/wp-json\/wp\/v2\/comments?post=11336"}],"version-history":[{"count":0,"href":"https:\/\/srfb.be\/de\/wp-json\/wp\/v2\/pages\/11336\/revisions"}],"up":[{"embeddable":true,"href":"https:\/\/srfb.be\/de\/wp-json\/wp\/v2\/pages\/31277"}],"wp:featuredmedia":[{"embeddable":true,"href":"https:\/\/srfb.be\/de\/wp-json\/wp\/v2\/media\/11347"}],"wp:attachment":[{"href":"https:\/\/srfb.be\/de\/wp-json\/wp\/v2\/media?parent=11336"}],"curies":[{"name":"wp","href":"https:\/\/api.w.org\/{rel}","templated":true}]}}