{"id":10975,"date":"2020-03-20T16:31:22","date_gmt":"2020-03-20T16:31:22","guid":{"rendered":"https:\/\/new.srfb.be\/?page_id=10975"},"modified":"2024-03-20T14:19:25","modified_gmt":"2024-03-20T13:19:25","slug":"ressources-educatives-eforown","status":"publish","type":"page","link":"https:\/\/srfb.be\/de\/formations-et-activites\/je-me-forme-pour-ma-foret\/ressources-educatives-eforown\/","title":{"rendered":"eforown Bildungsressourcen"},"content":{"rendered":"<div class=\"yoast-breadcrumbs\"><span><span><a href=\"https:\/\/srfb.be\/de\/\">Startseite<\/a><\/span> &gt; <span><a href=\"https:\/\/kbbm.be\/de\/schulungen-und-aktivitaten\/\">Schulungen und Aktivit\u00e4ten<\/a><\/span> &gt; <span><a href=\"https:\/\/kbbm.be\/de\/schulungen-und-aktivitaten\/trainiere-fur-meinen-wald\/\">Ich bilde mich f\u00fcr meinen Wald weiter<\/a><\/span> &gt; <span class=\"breadcrumb_last\" aria-current=\"page\"><strong>eforown Bildungsressourcen<\/strong><\/span><\/span><\/div>\n\n\n<div class=\"wp-block-media-text is-stacked-on-mobile is-vertically-aligned-top\" style=\"margin-top:var(--wp--preset--spacing--80);margin-bottom:var(--wp--preset--spacing--60);grid-template-columns:25% auto\"><figure class=\"wp-block-media-text__media\"><img loading=\"lazy\" decoding=\"async\" width=\"324\" height=\"708\" src=\"https:\/\/srfb.be\/wp-content\/uploads\/2020\/04\/ND_eforown.jpg\" alt=\"eForOwn\" class=\"wp-image-11828 size-full\" srcset=\"https:\/\/srfb.be\/wp-content\/uploads\/2020\/04\/ND_eforown.jpg 324w, https:\/\/srfb.be\/wp-content\/uploads\/2020\/04\/ND_eforown-137x300.jpg 137w, https:\/\/srfb.be\/wp-content\/uploads\/2020\/04\/ND_eforown-5x12.jpg 5w\" sizes=\"auto, (max-width: 324px) 100vw, 324px\" \/><\/figure><div class=\"wp-block-media-text__content\">\n<h2 class=\"wp-block-heading has-text-align-left\" style=\"margin-top:0;margin-bottom:var(--wp--preset--spacing--60)\">Verschiedene online verf\u00fcgbare Lernmaterialien<\/h2>\n\n\n\n<p>Von 2012 bis 2014 engagierte sich der KFVN in einem Projekt, das aus dem EU-Programm \"Leonardo: Strategische Partnerschaft\" hervorgegangen war. Ziel dieses Projekts mit dem Namen eforOwn war es, eine Bestandsaufnahme des Ausbildungsbedarfs von (neuen) Waldbesitzern zu erstellen. Parallel dazu wurde im Rahmen dieses Projekts die Einf\u00fchrung von Fernunterrichtswerkzeugen ausgearbeitet, um die Kenntnisse und F\u00e4higkeiten der Forstwirte zu verbessern und die Anzahl der ausgebildeten Forstwirte zu erh\u00f6hen.<\/p>\n\n\n\n<p>So entstand eine wunderbare Zusammenarbeit zwischen der SRFB, dem Centre National de la Propri\u00e9t\u00e9 Foresti\u00e8re in Frankreich (CNPF) und dem Centre de Recherche Foresti\u00e8re de Catalunya (CTFC), den Partnern des Projekts.&nbsp;<em>In fine<\/em>Es wurde eine Bildungsstrategie entwickelt.&nbsp;<em>(siehe: eForOwn. La fin d'un projet... le d\u00e9but d'une r\u00e9volution en mati\u00e8re d'une (in)formation, Silva Belgica 6\/2014).<\/em>&nbsp;Aus diesem Grund haben wir gemeinsam mit unseren franz\u00f6sischen und spanischen Partnern bei der Europ\u00e4ischen Kommission einen Antrag f\u00fcr ein neues Projekt eingereicht, das in das EU-Programm \"Erasmus +: Zusammenarbeit im Bereich Innovation und Austausch von Praktiken\" integriert werden soll.<\/p>\n\n\n\n<p>Neue Partner haben sich diesem Abenteuer angeschlossen, d. h. f\u00fcr jedes vertretene Land eine landwirtschaftliche Ausbildungsst\u00e4tte, die eine Ausbildung mit der Option \"Wald - Natur\" anbietet. Was Belgien betrifft, so arbeiten wir mit der Haute \u00c9cole agronomique Condorcet de Ath - HEPHC zusammen.<br>Das Eduter-Institut, das zu AgroSup Dijon geh\u00f6rt und in Frankreich dem Ministerium f\u00fcr Landwirtschaft, Ern\u00e4hrung und Forstwirtschaft sowie dem Ministerium f\u00fcr Hochschulbildung und Forschung untersteht, erg\u00e4nzt diese Partnerschaft ebenfalls.<\/p>\n\n\n\n<p>Verschiedene Schulungsmaterialien sind online verf\u00fcgbar - PDF-Karten, illustrierte Diashows, Videos -, die den Erwartungen von Waldbesitzern und Lehrern im Forstsektor entsprechen.<\/p>\n<\/div><\/div>\n\n\n\n<h2 class=\"wp-block-heading has-text-align-center\">Ich bilde mich f\u00fcr meinen Wald weiter<\/h2>\n\n\n\n<div class=\"wp-block-columns is-layout-flex wp-container-core-columns-is-layout-28f84493 wp-block-columns-is-layout-flex\">\n<div class=\"wp-block-column is-layout-flow wp-block-column-is-layout-flow\">\n<div class=\"wp-block-group has-grey-color-background-color has-background is-layout-constrained wp-container-core-group-is-layout-72855403 wp-block-group-is-layout-constrained\" style=\"margin-top:var(--wp--preset--spacing--40);margin-bottom:var(--wp--preset--spacing--40);padding-top:var(--wp--preset--spacing--60);padding-right:var(--wp--preset--spacing--60);padding-bottom:var(--wp--preset--spacing--60);padding-left:var(--wp--preset--spacing--60)\">\n<h3 class=\"wp-block-heading has-text-align-center has-vert-fonce-color-color has-text-color has-link-color has-x-large-font-size wp-elements-30e7cafb449225cd3aea81a58f821dc0\"><i class=\"fas fa-glasses\"><\/i><\/h3>\n\n\n\n<h3 class=\"wp-block-heading has-text-align-center has-vert-fonce-color-color has-text-color has-link-color wp-elements-a8739ec7b625f560b9d4c1c4e000f451\">Das Produktionspotenzial meines Waldes beurteilen<\/h3>\n\n\n\n<div class=\"wp-block-buttons is-content-justification-center is-layout-flex wp-container-core-buttons-is-layout-a89b3969 wp-block-buttons-is-layout-flex\">\n<div class=\"wp-block-button has-custom-font-size has-small-font-size\"><a class=\"wp-block-button__link wp-element-button\" href=\"https:\/\/srfb.be\/de\/schulungen-und-aktivitaten\/trainiere-fur-meinen-wald\/ressources-educatives-eforown\/potenzial_der_forellenproduktion\/\">Zugang zu Ressourcen<\/a><\/div>\n<\/div>\n<\/div>\n<\/div>\n\n\n\n<div class=\"wp-block-column is-layout-flow wp-block-column-is-layout-flow\">\n<div class=\"wp-block-group has-grey-color-background-color has-background is-layout-constrained wp-container-core-group-is-layout-72855403 wp-block-group-is-layout-constrained\" style=\"margin-top:var(--wp--preset--spacing--40);margin-bottom:var(--wp--preset--spacing--40);padding-top:var(--wp--preset--spacing--60);padding-right:var(--wp--preset--spacing--60);padding-bottom:var(--wp--preset--spacing--60);padding-left:var(--wp--preset--spacing--60)\">\n<h3 class=\"wp-block-heading has-text-align-center has-vert-fonce-color-color has-text-color has-link-color has-x-large-font-size wp-elements-4a91cb18fdd367f2d8cb1bd36c3fea8b\"><i class=\"fa fa-seedling\"><\/i><\/h3>\n\n\n\n<h3 class=\"wp-block-heading has-text-align-center has-vert-fonce-color-color has-text-color has-link-color wp-elements-6b29da8c6e6edbbb39335bc80cc93dde\">Andere Waren und Dienstleistungen als Holz produzieren<\/h3>\n\n\n\n<div class=\"wp-block-buttons is-content-justification-center is-layout-flex wp-container-core-buttons-is-layout-a89b3969 wp-block-buttons-is-layout-flex\">\n<div class=\"wp-block-button has-custom-font-size has-small-font-size\"><a class=\"wp-block-button__link wp-element-button\" href=\"https:\/\/srfb.be\/de\/schulungen-und-aktivitaten\/trainiere-fur-meinen-wald\/ressources-educatives-eforown\/herstellen_von_anderen_dienstleistungen_als_holz\/\">Zugang zu Ressourcen<\/a><\/div>\n<\/div>\n<\/div>\n<\/div>\n<\/div>\n\n\n\n<div class=\"wp-block-columns is-layout-flex wp-container-core-columns-is-layout-28f84493 wp-block-columns-is-layout-flex\">\n<div class=\"wp-block-column is-layout-flow wp-block-column-is-layout-flow\">\n<div class=\"wp-block-group has-grey-color-background-color has-background is-layout-constrained wp-container-core-group-is-layout-72855403 wp-block-group-is-layout-constrained\" style=\"margin-top:var(--wp--preset--spacing--40);margin-bottom:var(--wp--preset--spacing--40);padding-top:var(--wp--preset--spacing--60);padding-right:var(--wp--preset--spacing--60);padding-bottom:var(--wp--preset--spacing--60);padding-left:var(--wp--preset--spacing--60)\">\n<h3 class=\"wp-block-heading has-text-align-center has-vert-fonce-color-color has-text-color has-link-color has-x-large-font-size wp-elements-4bb10e498fd2f17a3afca2a7e3c86932\"><i class=\"fa fa-hand-scissors\"><\/i><\/h3>\n\n\n\n<h3 class=\"wp-block-heading has-text-align-center has-vert-fonce-color-color has-text-color has-link-color wp-elements-b0d5316e0415a79e11a2bbb057f2b2d6\">Meinen Wald pflegen<\/h3>\n\n\n\n<div class=\"wp-block-buttons is-content-justification-center is-layout-flex wp-container-core-buttons-is-layout-a89b3969 wp-block-buttons-is-layout-flex\">\n<div class=\"wp-block-button has-custom-font-size has-small-font-size\"><a class=\"wp-block-button__link wp-element-button\" href=\"https:\/\/srfb.be\/de\/schulungen-und-aktivitaten\/trainiere-fur-meinen-wald\/ressources-educatives-eforown\/pflegen_mein_forest\/\">Zugang zu Ressourcen<\/a><\/div>\n<\/div>\n<\/div>\n<\/div>\n\n\n\n<div class=\"wp-block-column is-layout-flow wp-block-column-is-layout-flow\">\n<div class=\"wp-block-group has-grey-color-background-color has-background is-layout-constrained wp-container-core-group-is-layout-72855403 wp-block-group-is-layout-constrained\" style=\"margin-top:var(--wp--preset--spacing--40);margin-bottom:var(--wp--preset--spacing--40);padding-top:var(--wp--preset--spacing--60);padding-right:var(--wp--preset--spacing--60);padding-bottom:var(--wp--preset--spacing--60);padding-left:var(--wp--preset--spacing--60)\">\n<h3 class=\"wp-block-heading has-text-align-center has-vert-fonce-color-color has-text-color has-link-color has-x-large-font-size wp-elements-5958db1a167bfc319bf1e84ebef0b7b0\"><i class=\"fa fa-euro-sign\"><\/i><\/h3>\n\n\n\n<h3 class=\"wp-block-heading has-text-align-center has-vert-fonce-color-color has-text-color has-link-color wp-elements-b3ccaf0b43afdbd77b2f8d3124041282\">Holz verkaufen<\/h3>\n\n\n\n<div class=\"wp-block-buttons is-content-justification-center is-layout-flex wp-container-core-buttons-is-layout-a89b3969 wp-block-buttons-is-layout-flex\">\n<div class=\"wp-block-button has-custom-font-size has-small-font-size\"><a class=\"wp-block-button__link wp-element-button\" href=\"https:\/\/srfb.be\/de\/schulungen-und-aktivitaten\/trainiere-fur-meinen-wald\/ressources-educatives-eforown\/verkaufen_von_holz\/\">Zugang zu Ressourcen<\/a><\/div>\n<\/div>\n<\/div>\n<\/div>\n<\/div>\n\n\n\n<div class=\"wp-block-columns is-layout-flex wp-container-core-columns-is-layout-28f84493 wp-block-columns-is-layout-flex\">\n<div class=\"wp-block-column is-layout-flow wp-block-column-is-layout-flow\">\n<div class=\"wp-block-group has-grey-color-background-color has-background is-layout-constrained wp-container-core-group-is-layout-72855403 wp-block-group-is-layout-constrained\" style=\"margin-top:var(--wp--preset--spacing--40);margin-bottom:var(--wp--preset--spacing--40);padding-top:var(--wp--preset--spacing--60);padding-right:var(--wp--preset--spacing--60);padding-bottom:var(--wp--preset--spacing--60);padding-left:var(--wp--preset--spacing--60)\">\n<h3 class=\"wp-block-heading has-text-align-center has-vert-fonce-color-color has-text-color has-link-color has-x-large-font-size wp-elements-86b5c0f3c4df388c0869a8de30a1e64f\"><i class=\"fa fa-pen\"><\/i><\/h3>\n\n\n\n<h3 class=\"wp-block-heading has-text-align-center has-vert-fonce-color-color has-text-color has-link-color wp-elements-4005b89a9db7d5d5e5fcfd6572dcd094\">Administrative Schritte sicherstellen<\/h3>\n\n\n\n<div class=\"wp-block-buttons is-content-justification-center is-layout-flex wp-container-core-buttons-is-layout-a89b3969 wp-block-buttons-is-layout-flex\">\n<div class=\"wp-block-button has-custom-font-size has-small-font-size\"><a class=\"wp-block-button__link wp-element-button\" href=\"https:\/\/srfb.be\/de\/schulungen-und-aktivitaten\/trainiere-fur-meinen-wald\/ressources-educatives-eforown\/administrative_angelegenheiten_versichern\/\">Zugang zu Ressourcen<\/a><\/div>\n<\/div>\n<\/div>\n<\/div>\n\n\n\n<div class=\"wp-block-column is-layout-flow wp-block-column-is-layout-flow\"><\/div>\n<\/div>","protected":false},"excerpt":{"rendered":"<p>Divers supports de formation disponibles en ligne De 2012 \u00e0 2014, la SRFB s\u2019est engag\u00e9e dans un projet issu du programme europ\u00e9en \u00ab Leonardo : partenariat strat\u00e9gique \u00bb. Ce projet, nomm\u00e9 eforOwn, avait pour objectif d\u2019\u00e9tablir un bilan des besoins en formation des (nouveaux) propri\u00e9taires forestiers. En parall\u00e8le, ce projet a \u00e9chafaud\u00e9 la mise en&#8230; <\/p>\n<div class=\"clear\"><\/div>\n<p><a href=\"https:\/\/srfb.be\/de\/formations-et-activites\/je-me-forme-pour-ma-foret\/ressources-educatives-eforown\/\" class=\"excerpt-read-more\">Read More<\/a><\/p>","protected":false},"author":18,"featured_media":0,"parent":12071,"menu_order":0,"comment_status":"closed","ping_status":"closed","template":"","meta":{"iawp_total_views":145,"footnotes":""},"class_list":["post-10975","page","type-page","status-publish","hentry"],"yoast_head":"<!-- This site is optimized with the Yoast SEO plugin v27.3 - https:\/\/yoast.com\/product\/yoast-seo-wordpress\/ -->\n<title>Ressources \u00e9ducatives eforown - Soci\u00e9t\u00e9 Royale Foresti\u00e8re de Belgique<\/title>\n<meta name=\"description\" content=\"Divers supports de formation disponibles en ligne (fiches, diaporamas, vid\u00e9os) qui r\u00e9pondent aux attentes des propri\u00e9taires et des enseignants du secteur forestier.\" \/>\n<meta name=\"robots\" content=\"index, follow, max-snippet:-1, max-image-preview:large, max-video-preview:-1\" \/>\n<link rel=\"canonical\" href=\"https:\/\/srfb.be\/de\/schulungen-und-aktivitaten\/trainiere-fur-meinen-wald\/ressources-educatives-eforown\/\" \/>\n<meta property=\"og:locale\" content=\"de_DE\" \/>\n<meta property=\"og:type\" content=\"article\" \/>\n<meta property=\"og:title\" content=\"Ressources \u00e9ducatives eforown - Soci\u00e9t\u00e9 Royale Foresti\u00e8re de Belgique\" \/>\n<meta property=\"og:description\" content=\"Divers supports de formation disponibles en ligne (fiches, diaporamas, vid\u00e9os) qui r\u00e9pondent aux attentes des propri\u00e9taires et des enseignants du secteur forestier.\" \/>\n<meta property=\"og:url\" content=\"https:\/\/srfb.be\/de\/schulungen-und-aktivitaten\/trainiere-fur-meinen-wald\/ressources-educatives-eforown\/\" \/>\n<meta property=\"og:site_name\" content=\"Soci\u00e9t\u00e9 Royale Foresti\u00e8re de Belgique\" \/>\n<meta property=\"article:publisher\" content=\"https:\/\/www.facebook.com\/srfb.be\" \/>\n<meta property=\"article:modified_time\" content=\"2024-03-20T13:19:25+00:00\" \/>\n<meta property=\"og:image\" content=\"https:\/\/srfb.be\/wp-content\/uploads\/2020\/04\/ND_eforown.jpg\" \/>\n<script type=\"application\/ld+json\" class=\"yoast-schema-graph\">{\"@context\":\"https:\\\/\\\/schema.org\",\"@graph\":[{\"@type\":\"WebPage\",\"@id\":\"https:\\\/\\\/srfb.be\\\/de\\\/schulungen-und-aktivitaten\\\/trainiere-fur-meinen-wald\\\/ressources-educatives-eforown\\\/\",\"url\":\"https:\\\/\\\/srfb.be\\\/de\\\/schulungen-und-aktivitaten\\\/trainiere-fur-meinen-wald\\\/ressources-educatives-eforown\\\/\",\"name\":\"Ressources \u00e9ducatives eforown - Soci\u00e9t\u00e9 Royale Foresti\u00e8re de Belgique\",\"isPartOf\":{\"@id\":\"https:\\\/\\\/srfb.be\\\/de\\\/#website\"},\"primaryImageOfPage\":{\"@id\":\"https:\\\/\\\/srfb.be\\\/de\\\/schulungen-und-aktivitaten\\\/trainiere-fur-meinen-wald\\\/ressources-educatives-eforown\\\/#primaryimage\"},\"image\":{\"@id\":\"https:\\\/\\\/srfb.be\\\/de\\\/schulungen-und-aktivitaten\\\/trainiere-fur-meinen-wald\\\/ressources-educatives-eforown\\\/#primaryimage\"},\"thumbnailUrl\":\"https:\\\/\\\/srfb.be\\\/wp-content\\\/uploads\\\/2020\\\/04\\\/ND_eforown.jpg\",\"datePublished\":\"2020-03-20T16:31:22+00:00\",\"dateModified\":\"2024-03-20T13:19:25+00:00\",\"description\":\"Divers supports de formation disponibles en ligne (fiches, diaporamas, vid\u00e9os) qui r\u00e9pondent aux attentes des propri\u00e9taires et des enseignants du secteur forestier.\",\"breadcrumb\":{\"@id\":\"https:\\\/\\\/srfb.be\\\/de\\\/schulungen-und-aktivitaten\\\/trainiere-fur-meinen-wald\\\/ressources-educatives-eforown\\\/#breadcrumb\"},\"inLanguage\":\"de\",\"potentialAction\":[{\"@type\":\"ReadAction\",\"target\":[\"https:\\\/\\\/srfb.be\\\/de\\\/schulungen-und-aktivitaten\\\/trainiere-fur-meinen-wald\\\/ressources-educatives-eforown\\\/\"]}]},{\"@type\":\"ImageObject\",\"inLanguage\":\"de\",\"@id\":\"https:\\\/\\\/srfb.be\\\/de\\\/schulungen-und-aktivitaten\\\/trainiere-fur-meinen-wald\\\/ressources-educatives-eforown\\\/#primaryimage\",\"url\":\"https:\\\/\\\/srfb.be\\\/wp-content\\\/uploads\\\/2020\\\/04\\\/ND_eforown.jpg\",\"contentUrl\":\"https:\\\/\\\/srfb.be\\\/wp-content\\\/uploads\\\/2020\\\/04\\\/ND_eforown.jpg\"},{\"@type\":\"BreadcrumbList\",\"@id\":\"https:\\\/\\\/srfb.be\\\/de\\\/schulungen-und-aktivitaten\\\/trainiere-fur-meinen-wald\\\/ressources-educatives-eforown\\\/#breadcrumb\",\"itemListElement\":[{\"@type\":\"ListItem\",\"position\":1,\"name\":\"Accueil\",\"item\":\"https:\\\/\\\/srfb.be\\\/de\\\/\"},{\"@type\":\"ListItem\",\"position\":2,\"name\":\"Formations et activit\u00e9s\",\"item\":\"https:\\\/\\\/kbbm.be\\\/de\\\/schulungen-und-aktivitaten\\\/\"},{\"@type\":\"ListItem\",\"position\":3,\"name\":\"Je me forme pour ma for\u00eat\",\"item\":\"https:\\\/\\\/kbbm.be\\\/de\\\/schulungen-und-aktivitaten\\\/trainiere-fur-meinen-wald\\\/\"},{\"@type\":\"ListItem\",\"position\":4,\"name\":\"Ressources \u00e9ducatives eforown\"}]},{\"@type\":\"WebSite\",\"@id\":\"https:\\\/\\\/srfb.be\\\/de\\\/#website\",\"url\":\"https:\\\/\\\/srfb.be\\\/de\\\/\",\"name\":\"Soci\u00e9t\u00e9 Royale Foresti\u00e8re de Belgique\",\"description\":\"Au service de la for\u00eat et des forestiers\",\"publisher\":{\"@id\":\"https:\\\/\\\/srfb.be\\\/de\\\/#organization\"},\"alternateName\":\"SRFB-KBBM\",\"potentialAction\":[{\"@type\":\"SearchAction\",\"target\":{\"@type\":\"EntryPoint\",\"urlTemplate\":\"https:\\\/\\\/srfb.be\\\/de\\\/?s={search_term_string}\"},\"query-input\":{\"@type\":\"PropertyValueSpecification\",\"valueRequired\":true,\"valueName\":\"search_term_string\"}}],\"inLanguage\":\"de\"},{\"@type\":\"Organization\",\"@id\":\"https:\\\/\\\/srfb.be\\\/de\\\/#organization\",\"name\":\"Soci\u00e9t\u00e9 Royale Foresti\u00e8re De Belgique - Koninklijke Belgische Bosbouwmaatschappij\",\"alternateName\":\"SRFB-KBBM\",\"url\":\"https:\\\/\\\/srfb.be\\\/de\\\/\",\"logo\":{\"@type\":\"ImageObject\",\"inLanguage\":\"de\",\"@id\":\"https:\\\/\\\/srfb.be\\\/de\\\/#\\\/schema\\\/logo\\\/image\\\/\",\"url\":\"https:\\\/\\\/srfb.be\\\/wp-content\\\/uploads\\\/2019\\\/06\\\/android-chrome-256x256.png\",\"contentUrl\":\"https:\\\/\\\/srfb.be\\\/wp-content\\\/uploads\\\/2019\\\/06\\\/android-chrome-256x256.png\",\"width\":1200,\"height\":1232,\"caption\":\"Soci\u00e9t\u00e9 Royale Foresti\u00e8re De Belgique - Koninklijke Belgische Bosbouwmaatschappij\"},\"image\":{\"@id\":\"https:\\\/\\\/srfb.be\\\/de\\\/#\\\/schema\\\/logo\\\/image\\\/\"},\"sameAs\":[\"https:\\\/\\\/www.facebook.com\\\/srfb.be\",\"https:\\\/\\\/www.instagram.com\\\/srfb_kbbm\\\/\",\"https:\\\/\\\/www.linkedin.com\\\/company\\\/srfb-kbbm\\\/\",\"https:\\\/\\\/www.youtube.com\\\/user\\\/srfbkbbm\"]}]}<\/script>\n<!-- \/ Yoast SEO plugin. -->","yoast_head_json":{"title":"eforown Bildungsressourcen - K\u00f6niglich Belgische Forstgesellschaft","description":"Verschiedene online verf\u00fcgbare Schulungsmaterialien (Arbeitsbl\u00e4tter, Diashows, Videos), die den Erwartungen von Waldbesitzern und Lehrern im Forstsektor entsprechen.","robots":{"index":"index","follow":"follow","max-snippet":"max-snippet:-1","max-image-preview":"max-image-preview:large","max-video-preview":"max-video-preview:-1"},"canonical":"https:\/\/srfb.be\/de\/schulungen-und-aktivitaten\/trainiere-fur-meinen-wald\/ressources-educatives-eforown\/","og_locale":"de_DE","og_type":"article","og_title":"Ressources \u00e9ducatives eforown - Soci\u00e9t\u00e9 Royale Foresti\u00e8re de Belgique","og_description":"Divers supports de formation disponibles en ligne (fiches, diaporamas, vid\u00e9os) qui r\u00e9pondent aux attentes des propri\u00e9taires et des enseignants du secteur forestier.","og_url":"https:\/\/srfb.be\/de\/schulungen-und-aktivitaten\/trainiere-fur-meinen-wald\/ressources-educatives-eforown\/","og_site_name":"Soci\u00e9t\u00e9 Royale Foresti\u00e8re de Belgique","article_publisher":"https:\/\/www.facebook.com\/srfb.be","article_modified_time":"2024-03-20T13:19:25+00:00","og_image":[{"url":"https:\/\/srfb.be\/wp-content\/uploads\/2020\/04\/ND_eforown.jpg","type":"","width":"","height":""}],"schema":{"@context":"https:\/\/schema.org","@graph":[{"@type":"WebPage","@id":"https:\/\/srfb.be\/de\/schulungen-und-aktivitaten\/trainiere-fur-meinen-wald\/ressources-educatives-eforown\/","url":"https:\/\/srfb.be\/de\/schulungen-und-aktivitaten\/trainiere-fur-meinen-wald\/ressources-educatives-eforown\/","name":"eforown Bildungsressourcen - K\u00f6niglich Belgische Forstgesellschaft","isPartOf":{"@id":"https:\/\/srfb.be\/de\/#website"},"primaryImageOfPage":{"@id":"https:\/\/srfb.be\/de\/schulungen-und-aktivitaten\/trainiere-fur-meinen-wald\/ressources-educatives-eforown\/#primaryimage"},"image":{"@id":"https:\/\/srfb.be\/de\/schulungen-und-aktivitaten\/trainiere-fur-meinen-wald\/ressources-educatives-eforown\/#primaryimage"},"thumbnailUrl":"https:\/\/srfb.be\/wp-content\/uploads\/2020\/04\/ND_eforown.jpg","datePublished":"2020-03-20T16:31:22+00:00","dateModified":"2024-03-20T13:19:25+00:00","description":"Verschiedene online verf\u00fcgbare Schulungsmaterialien (Arbeitsbl\u00e4tter, Diashows, Videos), die den Erwartungen von Waldbesitzern und Lehrern im Forstsektor entsprechen.","breadcrumb":{"@id":"https:\/\/srfb.be\/de\/schulungen-und-aktivitaten\/trainiere-fur-meinen-wald\/ressources-educatives-eforown\/#breadcrumb"},"inLanguage":"de","potentialAction":[{"@type":"ReadAction","target":["https:\/\/srfb.be\/de\/schulungen-und-aktivitaten\/trainiere-fur-meinen-wald\/ressources-educatives-eforown\/"]}]},{"@type":"ImageObject","inLanguage":"de","@id":"https:\/\/srfb.be\/de\/schulungen-und-aktivitaten\/trainiere-fur-meinen-wald\/ressources-educatives-eforown\/#primaryimage","url":"https:\/\/srfb.be\/wp-content\/uploads\/2020\/04\/ND_eforown.jpg","contentUrl":"https:\/\/srfb.be\/wp-content\/uploads\/2020\/04\/ND_eforown.jpg"},{"@type":"BreadcrumbList","@id":"https:\/\/srfb.be\/de\/schulungen-und-aktivitaten\/trainiere-fur-meinen-wald\/ressources-educatives-eforown\/#breadcrumb","itemListElement":[{"@type":"ListItem","position":1,"name":"Accueil","item":"https:\/\/srfb.be\/de\/"},{"@type":"ListItem","position":2,"name":"Formations et activit\u00e9s","item":"https:\/\/kbbm.be\/de\/schulungen-und-aktivitaten\/"},{"@type":"ListItem","position":3,"name":"Je me forme pour ma for\u00eat","item":"https:\/\/kbbm.be\/de\/schulungen-und-aktivitaten\/trainiere-fur-meinen-wald\/"},{"@type":"ListItem","position":4,"name":"Ressources \u00e9ducatives eforown"}]},{"@type":"WebSite","@id":"https:\/\/srfb.be\/de\/#website","url":"https:\/\/srfb.be\/de\/","name":"K\u00f6nigliche Forstverein Belgiens","description":"Im Dienste des Waldes und der F\u00f6rster","publisher":{"@id":"https:\/\/srfb.be\/de\/#organization"},"alternateName":"SRFB-KBBM","potentialAction":[{"@type":"SearchAction","target":{"@type":"EntryPoint","urlTemplate":"https:\/\/srfb.be\/de\/?s={search_term_string}"},"query-input":{"@type":"PropertyValueSpecification","valueRequired":true,"valueName":"search_term_string"}}],"inLanguage":"de"},{"@type":"Organization","@id":"https:\/\/srfb.be\/de\/#organization","name":"Soci\u00e9t\u00e9 Royale Foresti\u00e8re De Belgique - Koninklijke Belgische Bosbouwmaatschappij","alternateName":"SRFB-KBBM","url":"https:\/\/srfb.be\/de\/","logo":{"@type":"ImageObject","inLanguage":"de","@id":"https:\/\/srfb.be\/de\/#\/schema\/logo\/image\/","url":"https:\/\/srfb.be\/wp-content\/uploads\/2019\/06\/android-chrome-256x256.png","contentUrl":"https:\/\/srfb.be\/wp-content\/uploads\/2019\/06\/android-chrome-256x256.png","width":1200,"height":1232,"caption":"Soci\u00e9t\u00e9 Royale Foresti\u00e8re De Belgique - Koninklijke Belgische Bosbouwmaatschappij"},"image":{"@id":"https:\/\/srfb.be\/de\/#\/schema\/logo\/image\/"},"sameAs":["https:\/\/www.facebook.com\/srfb.be","https:\/\/www.instagram.com\/srfb_kbbm\/","https:\/\/www.linkedin.com\/company\/srfb-kbbm\/","https:\/\/www.youtube.com\/user\/srfbkbbm"]}]}},"_links":{"self":[{"href":"https:\/\/srfb.be\/de\/wp-json\/wp\/v2\/pages\/10975","targetHints":{"allow":["GET"]}}],"collection":[{"href":"https:\/\/srfb.be\/de\/wp-json\/wp\/v2\/pages"}],"about":[{"href":"https:\/\/srfb.be\/de\/wp-json\/wp\/v2\/types\/page"}],"author":[{"embeddable":true,"href":"https:\/\/srfb.be\/de\/wp-json\/wp\/v2\/users\/18"}],"replies":[{"embeddable":true,"href":"https:\/\/srfb.be\/de\/wp-json\/wp\/v2\/comments?post=10975"}],"version-history":[{"count":0,"href":"https:\/\/srfb.be\/de\/wp-json\/wp\/v2\/pages\/10975\/revisions"}],"up":[{"embeddable":true,"href":"https:\/\/srfb.be\/de\/wp-json\/wp\/v2\/pages\/12071"}],"wp:attachment":[{"href":"https:\/\/srfb.be\/de\/wp-json\/wp\/v2\/media?parent=10975"}],"curies":[{"name":"wp","href":"https:\/\/api.w.org\/{rel}","templated":true}]}}